{"id":967,"date":"2016-09-18T11:40:10","date_gmt":"2016-09-18T09:40:10","guid":{"rendered":"https:\/\/dcv-books.com\/produkt\/967\/"},"modified":"2021-02-08T11:21:04","modified_gmt":"2021-02-08T10:21:04","slug":"wo-der-buchstabe-das-wort-fuehrt","status":"publish","type":"product","link":"https:\/\/dcv-books.com\/en\/produkt\/wo-der-buchstabe-das-wort-fuehrt\/","title":{"rendered":"Kurt Weidemann <br>Wo der Buchstabe das Wort f\u00fchrt"},"content":{"rendered":"","protected":false},"excerpt":{"rendered":"<p class=\"introzeile-buecher\">Signierte Sonderauflage<\/p>\n<p>Kurt Weidemanns <em>Ansichten \u00fcber Schrift und Typografie<\/em> ist das beeindruckende Ergebnis eines \u00fcber Jahrzehnte erlebten und reflektierten Berufslebens als Schriftsetzer, Typograf, Autor, Lehrer und Berater. Das Buch schildert die pers\u00f6nlichen, philosophischen und fachlichen Ansichten seines Metiers.<\/p>\n","protected":false},"featured_media":12206,"template":"","meta":{"_acf_changed":false},"product_brand":[],"product_cat":[2208,2218],"product_tag":[],"class_list":{"0":"post-967","1":"product","2":"type-product","3":"status-publish","4":"has-post-thumbnail","6":"product_cat-all-books","7":"product_cat-on-art","9":"first","10":"outofstock","11":"sold-individually","12":"taxable","13":"shipping-taxable","14":"purchasable","15":"product-type-simple"},"acf":[],"yoast_head":"<!-- This site is optimized with the Yoast SEO plugin v27.1.1 - https:\/\/yoast.com\/product\/yoast-seo-wordpress\/ -->\n<title>Kurt Weidemann Wo der Buchstabe das Wort f\u00fchrt - DCV<\/title>\n<meta name=\"robots\" content=\"index, follow, max-snippet:-1, max-image-preview:large, max-video-preview:-1\" \/>\n<link rel=\"canonical\" href=\"https:\/\/dcv-books.com\/en\/produkt\/wo-der-buchstabe-das-wort-fuehrt\/\" \/>\n<meta property=\"og:locale\" content=\"en_US\" \/>\n<meta property=\"og:type\" content=\"article\" \/>\n<meta property=\"og:title\" content=\"Kurt Weidemann Wo der Buchstabe das Wort f\u00fchrt - DCV\" \/>\n<meta property=\"og:description\" content=\"Signierte Sonderauflage Kurt Weidemanns Ansichten \u00fcber Schrift und Typografie ist das beeindruckende Ergebnis eines \u00fcber Jahrzehnte erlebten und reflektierten Berufslebens als Schriftsetzer, Typograf, Autor, Lehrer und Berater. Das Buch schildert die pers\u00f6nlichen, philosophischen und fachlichen Ansichten seines Metiers.\" \/>\n<meta property=\"og:url\" content=\"https:\/\/dcv-books.com\/en\/produkt\/wo-der-buchstabe-das-wort-fuehrt\/\" \/>\n<meta property=\"og:site_name\" content=\"DCV\" \/>\n<meta property=\"article:modified_time\" content=\"2021-02-08T10:21:04+00:00\" \/>\n<meta property=\"og:image\" content=\"https:\/\/dcv-books.com\/wp-content\/uploads\/2016\/09\/Weidemann-scaled.jpg\" \/>\n\t<meta property=\"og:image:width\" content=\"1804\" \/>\n\t<meta property=\"og:image:height\" content=\"2560\" \/>\n\t<meta property=\"og:image:type\" content=\"image\/jpeg\" \/>\n<meta name=\"twitter:card\" content=\"summary_large_image\" \/>\n<script type=\"application\/ld+json\" class=\"yoast-schema-graph\">{\"@context\":\"https:\/\/schema.org\",\"@graph\":[{\"@type\":\"WebPage\",\"@id\":\"https:\/\/dcv-books.com\/en\/produkt\/wo-der-buchstabe-das-wort-fuehrt\/\",\"url\":\"https:\/\/dcv-books.com\/en\/produkt\/wo-der-buchstabe-das-wort-fuehrt\/\",\"name\":\"Kurt Weidemann Wo der Buchstabe das Wort f\u00fchrt - DCV\",\"isPartOf\":{\"@id\":\"https:\/\/dcv-books.com\/#website\"},\"primaryImageOfPage\":{\"@id\":\"https:\/\/dcv-books.com\/en\/produkt\/wo-der-buchstabe-das-wort-fuehrt\/#primaryimage\"},\"image\":{\"@id\":\"https:\/\/dcv-books.com\/en\/produkt\/wo-der-buchstabe-das-wort-fuehrt\/#primaryimage\"},\"thumbnailUrl\":\"https:\/\/dcv-books.com\/wp-content\/uploads\/2016\/09\/Weidemann-scaled.jpg\",\"datePublished\":\"2016-09-18T09:40:10+00:00\",\"dateModified\":\"2021-02-08T10:21:04+00:00\",\"breadcrumb\":{\"@id\":\"https:\/\/dcv-books.com\/en\/produkt\/wo-der-buchstabe-das-wort-fuehrt\/#breadcrumb\"},\"inLanguage\":\"en-US\",\"potentialAction\":[{\"@type\":\"ReadAction\",\"target\":[\"https:\/\/dcv-books.com\/en\/produkt\/wo-der-buchstabe-das-wort-fuehrt\/\"]}]},{\"@type\":\"ImageObject\",\"inLanguage\":\"en-US\",\"@id\":\"https:\/\/dcv-books.com\/en\/produkt\/wo-der-buchstabe-das-wort-fuehrt\/#primaryimage\",\"url\":\"https:\/\/dcv-books.com\/wp-content\/uploads\/2016\/09\/Weidemann-scaled.jpg\",\"contentUrl\":\"https:\/\/dcv-books.com\/wp-content\/uploads\/2016\/09\/Weidemann-scaled.jpg\",\"width\":1804,\"height\":2560},{\"@type\":\"BreadcrumbList\",\"@id\":\"https:\/\/dcv-books.com\/en\/produkt\/wo-der-buchstabe-das-wort-fuehrt\/#breadcrumb\",\"itemListElement\":[{\"@type\":\"ListItem\",\"position\":1,\"name\":\"Startseite\",\"item\":\"https:\/\/dcv-books.com\/en\/\"},{\"@type\":\"ListItem\",\"position\":2,\"name\":\"Kurt Weidemann Wo der Buchstabe das Wort f\u00fchrt\"}]},{\"@type\":\"WebSite\",\"@id\":\"https:\/\/dcv-books.com\/#website\",\"url\":\"https:\/\/dcv-books.com\/\",\"name\":\"DCV\",\"description\":\"Dr. Cantz&#039;sche Verlagsgesellschaft mbH &amp; Co. KG\",\"potentialAction\":[{\"@type\":\"SearchAction\",\"target\":{\"@type\":\"EntryPoint\",\"urlTemplate\":\"https:\/\/dcv-books.com\/?s={search_term_string}\"},\"query-input\":{\"@type\":\"PropertyValueSpecification\",\"valueRequired\":true,\"valueName\":\"search_term_string\"}}],\"inLanguage\":\"en-US\"}]}<\/script>\n<!-- \/ Yoast SEO plugin. -->","yoast_head_json":{"title":"Kurt Weidemann Wo der Buchstabe das Wort f\u00fchrt - DCV","robots":{"index":"index","follow":"follow","max-snippet":"max-snippet:-1","max-image-preview":"max-image-preview:large","max-video-preview":"max-video-preview:-1"},"canonical":"https:\/\/dcv-books.com\/en\/produkt\/wo-der-buchstabe-das-wort-fuehrt\/","og_locale":"en_US","og_type":"article","og_title":"Kurt Weidemann Wo der Buchstabe das Wort f\u00fchrt - DCV","og_description":"Signierte Sonderauflage Kurt Weidemanns Ansichten \u00fcber Schrift und Typografie ist das beeindruckende Ergebnis eines \u00fcber Jahrzehnte erlebten und reflektierten Berufslebens als Schriftsetzer, Typograf, Autor, Lehrer und Berater. Das Buch schildert die pers\u00f6nlichen, philosophischen und fachlichen Ansichten seines Metiers.","og_url":"https:\/\/dcv-books.com\/en\/produkt\/wo-der-buchstabe-das-wort-fuehrt\/","og_site_name":"DCV","article_modified_time":"2021-02-08T10:21:04+00:00","og_image":[{"width":1804,"height":2560,"url":"https:\/\/dcv-books.com\/wp-content\/uploads\/2016\/09\/Weidemann-scaled.jpg","type":"image\/jpeg"}],"twitter_card":"summary_large_image","schema":{"@context":"https:\/\/schema.org","@graph":[{"@type":"WebPage","@id":"https:\/\/dcv-books.com\/en\/produkt\/wo-der-buchstabe-das-wort-fuehrt\/","url":"https:\/\/dcv-books.com\/en\/produkt\/wo-der-buchstabe-das-wort-fuehrt\/","name":"Kurt Weidemann Wo der Buchstabe das Wort f\u00fchrt - DCV","isPartOf":{"@id":"https:\/\/dcv-books.com\/#website"},"primaryImageOfPage":{"@id":"https:\/\/dcv-books.com\/en\/produkt\/wo-der-buchstabe-das-wort-fuehrt\/#primaryimage"},"image":{"@id":"https:\/\/dcv-books.com\/en\/produkt\/wo-der-buchstabe-das-wort-fuehrt\/#primaryimage"},"thumbnailUrl":"https:\/\/dcv-books.com\/wp-content\/uploads\/2016\/09\/Weidemann-scaled.jpg","datePublished":"2016-09-18T09:40:10+00:00","dateModified":"2021-02-08T10:21:04+00:00","breadcrumb":{"@id":"https:\/\/dcv-books.com\/en\/produkt\/wo-der-buchstabe-das-wort-fuehrt\/#breadcrumb"},"inLanguage":"en-US","potentialAction":[{"@type":"ReadAction","target":["https:\/\/dcv-books.com\/en\/produkt\/wo-der-buchstabe-das-wort-fuehrt\/"]}]},{"@type":"ImageObject","inLanguage":"en-US","@id":"https:\/\/dcv-books.com\/en\/produkt\/wo-der-buchstabe-das-wort-fuehrt\/#primaryimage","url":"https:\/\/dcv-books.com\/wp-content\/uploads\/2016\/09\/Weidemann-scaled.jpg","contentUrl":"https:\/\/dcv-books.com\/wp-content\/uploads\/2016\/09\/Weidemann-scaled.jpg","width":1804,"height":2560},{"@type":"BreadcrumbList","@id":"https:\/\/dcv-books.com\/en\/produkt\/wo-der-buchstabe-das-wort-fuehrt\/#breadcrumb","itemListElement":[{"@type":"ListItem","position":1,"name":"Startseite","item":"https:\/\/dcv-books.com\/en\/"},{"@type":"ListItem","position":2,"name":"Kurt Weidemann Wo der Buchstabe das Wort f\u00fchrt"}]},{"@type":"WebSite","@id":"https:\/\/dcv-books.com\/#website","url":"https:\/\/dcv-books.com\/","name":"DCV","description":"Dr. Cantz&#039;sche Verlagsgesellschaft mbH &amp; Co. KG","potentialAction":[{"@type":"SearchAction","target":{"@type":"EntryPoint","urlTemplate":"https:\/\/dcv-books.com\/?s={search_term_string}"},"query-input":{"@type":"PropertyValueSpecification","valueRequired":true,"valueName":"search_term_string"}}],"inLanguage":"en-US"}]}},"_links":{"self":[{"href":"https:\/\/dcv-books.com\/en\/wp-json\/wp\/v2\/product\/967","targetHints":{"allow":["GET"]}}],"collection":[{"href":"https:\/\/dcv-books.com\/en\/wp-json\/wp\/v2\/product"}],"about":[{"href":"https:\/\/dcv-books.com\/en\/wp-json\/wp\/v2\/types\/product"}],"wp:featuredmedia":[{"embeddable":true,"href":"https:\/\/dcv-books.com\/en\/wp-json\/wp\/v2\/media\/12206"}],"wp:attachment":[{"href":"https:\/\/dcv-books.com\/en\/wp-json\/wp\/v2\/media?parent=967"}],"wp:term":[{"taxonomy":"product_brand","embeddable":true,"href":"https:\/\/dcv-books.com\/en\/wp-json\/wp\/v2\/product_brand?post=967"},{"taxonomy":"product_cat","embeddable":true,"href":"https:\/\/dcv-books.com\/en\/wp-json\/wp\/v2\/product_cat?post=967"},{"taxonomy":"product_tag","embeddable":true,"href":"https:\/\/dcv-books.com\/en\/wp-json\/wp\/v2\/product_tag?post=967"}],"curies":[{"name":"wp","href":"https:\/\/api.w.org\/{rel}","templated":true}]}}