{"id":966,"date":"2018-05-19T13:03:57","date_gmt":"2018-05-19T11:03:57","guid":{"rendered":"https:\/\/dcv-books.com\/produkt\/queen-elizabeth-ii\/"},"modified":"2022-09-26T10:47:03","modified_gmt":"2022-09-26T08:47:03","slug":"queen-elizabeth-ii","status":"publish","type":"product","link":"https:\/\/dcv-books.com\/en\/produkt\/queen-elizabeth-ii\/","title":{"rendered":"Queen Elizabeth II <br>Sammlung Luciano Pelizzari"},"content":{"rendered":"<p>Im Leben von Elisabeth II. (geb. 21. April 1926 in London) spiegelt sich eine ganze Epoche. Die britische K\u00f6nigin hat alle deutschen Bundeskanzler und s\u00e4mtliche englischen Premierminister von Winston Churchill bis Boris Johnson erlebt. Sie ist die am h\u00e4ufigsten abgebildete Person des 20. und 21. Jahrhunderts. Das Buch pr\u00e4sentiert Fotos, Gem\u00e4lde, Briefmarken und M\u00fcnzen aus der Kollektion von Luciano Pelizzari, einer der gr\u00f6\u00dften Sammlungen dieser Art weltweit. Es zeigt die Queen als Mensch und Monarchin, dokumentiert ihr Zusammentreffen mit bedeutenden Pers\u00f6nlichkeiten und Ereignissen ihrer Regierungszeit und pr\u00e4sentiert sie in zahlreichen Darstellungen aus Kunst und Kultur.<\/p>\n","protected":false},"excerpt":{"rendered":"<p class=\"introzeile-buecher\">Erinnerungsst\u00fccke einer Legende<\/p>\n<p>Im Leben von Elisabeth II. (geb. 21. April 1926 in London) spiegelt sich eine ganze Epoche. Die britische K\u00f6nigin hat alle deutschen Bundeskanzler und s\u00e4mtliche englischen Premierminister von Winston Churchill bis Boris Johnson erlebt. Sie ist die am h\u00e4ufigsten abgebildete Person des 20. und 21. Jahrhunderts. Das Buch pr\u00e4sentiert Fotos, Gem\u00e4lde, Briefmarken und M\u00fcnzen aus der Kollektion von Luciano Pelizzari, einer der gr\u00f6\u00dften Sammlungen dieser Art weltweit. Es zeigt die Queen als Mensch und Monarchin, dokumentiert ihr Zusammentreffen mit bedeutenden Pers\u00f6nlichkeiten und Ereignissen ihrer Regierungszeit und pr\u00e4sentiert sie in zahlreichen Darstellungen aus Kunst und Kultur.<\/p>\n","protected":false},"featured_media":373,"template":"","meta":{"_acf_changed":false},"product_brand":[],"product_cat":[2208,2218],"product_tag":[],"class_list":{"0":"post-966","1":"product","2":"type-product","3":"status-publish","4":"has-post-thumbnail","6":"product_cat-all-books","7":"product_cat-on-art","9":"first","10":"outofstock","11":"taxable","12":"shipping-taxable","13":"purchasable","14":"product-type-simple"},"acf":[],"yoast_head":"<!-- This site is optimized with the Yoast SEO plugin v27.1.1 - https:\/\/yoast.com\/product\/yoast-seo-wordpress\/ -->\n<title>Queen Elizabeth II Sammlung Luciano Pelizzari - DCV<\/title>\n<meta name=\"description\" content=\"Queen Elizabeth II \u2013 Das Buch pr\u00e4sentiert Fotos, Gem\u00e4lde, Briefmarken und M\u00fcnzen aus der Kollektion von Luciano Pelizzari.\" \/>\n<meta name=\"robots\" content=\"index, follow, max-snippet:-1, max-image-preview:large, max-video-preview:-1\" \/>\n<link rel=\"canonical\" href=\"https:\/\/dcv-books.com\/en\/produkt\/queen-elizabeth-ii\/\" \/>\n<meta property=\"og:locale\" content=\"en_US\" \/>\n<meta property=\"og:type\" content=\"article\" \/>\n<meta property=\"og:title\" content=\"Queen Elizabeth II Sammlung Luciano Pelizzari - DCV\" \/>\n<meta property=\"og:description\" content=\"Queen Elizabeth II \u2013 Das Buch pr\u00e4sentiert Fotos, Gem\u00e4lde, Briefmarken und M\u00fcnzen aus der Kollektion von Luciano Pelizzari.\" \/>\n<meta property=\"og:url\" content=\"https:\/\/dcv-books.com\/en\/produkt\/queen-elizabeth-ii\/\" \/>\n<meta property=\"og:site_name\" content=\"DCV\" \/>\n<meta property=\"article:modified_time\" content=\"2022-09-26T08:47:03+00:00\" \/>\n<meta property=\"og:image\" content=\"https:\/\/dcv-books.com\/wp-content\/uploads\/2019\/03\/queen-elisabeth-ii-1.png\" \/>\n\t<meta property=\"og:image:width\" content=\"800\" \/>\n\t<meta property=\"og:image:height\" content=\"800\" \/>\n\t<meta property=\"og:image:type\" content=\"image\/png\" \/>\n<meta name=\"twitter:card\" content=\"summary_large_image\" \/>\n<meta name=\"twitter:label1\" content=\"Est. reading time\" \/>\n\t<meta name=\"twitter:data1\" content=\"1 minute\" \/>\n<script type=\"application\/ld+json\" class=\"yoast-schema-graph\">{\"@context\":\"https:\/\/schema.org\",\"@graph\":[{\"@type\":\"WebPage\",\"@id\":\"https:\/\/dcv-books.com\/en\/produkt\/queen-elizabeth-ii\/\",\"url\":\"https:\/\/dcv-books.com\/en\/produkt\/queen-elizabeth-ii\/\",\"name\":\"Queen Elizabeth II Sammlung Luciano Pelizzari - DCV\",\"isPartOf\":{\"@id\":\"https:\/\/dcv-books.com\/#website\"},\"primaryImageOfPage\":{\"@id\":\"https:\/\/dcv-books.com\/en\/produkt\/queen-elizabeth-ii\/#primaryimage\"},\"image\":{\"@id\":\"https:\/\/dcv-books.com\/en\/produkt\/queen-elizabeth-ii\/#primaryimage\"},\"thumbnailUrl\":\"https:\/\/dcv-books.com\/wp-content\/uploads\/2019\/03\/queen-elisabeth-ii-1.png\",\"datePublished\":\"2018-05-19T11:03:57+00:00\",\"dateModified\":\"2022-09-26T08:47:03+00:00\",\"description\":\"Queen Elizabeth II \u2013 Das Buch pr\u00e4sentiert Fotos, Gem\u00e4lde, Briefmarken und M\u00fcnzen aus der Kollektion von Luciano Pelizzari.\",\"breadcrumb\":{\"@id\":\"https:\/\/dcv-books.com\/en\/produkt\/queen-elizabeth-ii\/#breadcrumb\"},\"inLanguage\":\"en-US\",\"potentialAction\":[{\"@type\":\"ReadAction\",\"target\":[\"https:\/\/dcv-books.com\/en\/produkt\/queen-elizabeth-ii\/\"]}]},{\"@type\":\"ImageObject\",\"inLanguage\":\"en-US\",\"@id\":\"https:\/\/dcv-books.com\/en\/produkt\/queen-elizabeth-ii\/#primaryimage\",\"url\":\"https:\/\/dcv-books.com\/wp-content\/uploads\/2019\/03\/queen-elisabeth-ii-1.png\",\"contentUrl\":\"https:\/\/dcv-books.com\/wp-content\/uploads\/2019\/03\/queen-elisabeth-ii-1.png\",\"width\":800,\"height\":800,\"caption\":\"Queen Elizabeth II\"},{\"@type\":\"BreadcrumbList\",\"@id\":\"https:\/\/dcv-books.com\/en\/produkt\/queen-elizabeth-ii\/#breadcrumb\",\"itemListElement\":[{\"@type\":\"ListItem\",\"position\":1,\"name\":\"Startseite\",\"item\":\"https:\/\/dcv-books.com\/en\/\"},{\"@type\":\"ListItem\",\"position\":2,\"name\":\"Queen Elizabeth II Sammlung Luciano Pelizzari\"}]},{\"@type\":\"WebSite\",\"@id\":\"https:\/\/dcv-books.com\/#website\",\"url\":\"https:\/\/dcv-books.com\/\",\"name\":\"DCV\",\"description\":\"Dr. Cantz&#039;sche Verlagsgesellschaft mbH &amp; Co. KG\",\"potentialAction\":[{\"@type\":\"SearchAction\",\"target\":{\"@type\":\"EntryPoint\",\"urlTemplate\":\"https:\/\/dcv-books.com\/?s={search_term_string}\"},\"query-input\":{\"@type\":\"PropertyValueSpecification\",\"valueRequired\":true,\"valueName\":\"search_term_string\"}}],\"inLanguage\":\"en-US\"}]}<\/script>\n<!-- \/ Yoast SEO plugin. -->","yoast_head_json":{"title":"Queen Elizabeth II Sammlung Luciano Pelizzari - DCV","description":"Queen Elizabeth II \u2013 Das Buch pr\u00e4sentiert Fotos, Gem\u00e4lde, Briefmarken und M\u00fcnzen aus der Kollektion von Luciano Pelizzari.","robots":{"index":"index","follow":"follow","max-snippet":"max-snippet:-1","max-image-preview":"max-image-preview:large","max-video-preview":"max-video-preview:-1"},"canonical":"https:\/\/dcv-books.com\/en\/produkt\/queen-elizabeth-ii\/","og_locale":"en_US","og_type":"article","og_title":"Queen Elizabeth II Sammlung Luciano Pelizzari - DCV","og_description":"Queen Elizabeth II \u2013 Das Buch pr\u00e4sentiert Fotos, Gem\u00e4lde, Briefmarken und M\u00fcnzen aus der Kollektion von Luciano Pelizzari.","og_url":"https:\/\/dcv-books.com\/en\/produkt\/queen-elizabeth-ii\/","og_site_name":"DCV","article_modified_time":"2022-09-26T08:47:03+00:00","og_image":[{"width":800,"height":800,"url":"https:\/\/dcv-books.com\/wp-content\/uploads\/2019\/03\/queen-elisabeth-ii-1.png","type":"image\/png"}],"twitter_card":"summary_large_image","twitter_misc":{"Est. reading time":"1 minute"},"schema":{"@context":"https:\/\/schema.org","@graph":[{"@type":"WebPage","@id":"https:\/\/dcv-books.com\/en\/produkt\/queen-elizabeth-ii\/","url":"https:\/\/dcv-books.com\/en\/produkt\/queen-elizabeth-ii\/","name":"Queen Elizabeth II Sammlung Luciano Pelizzari - DCV","isPartOf":{"@id":"https:\/\/dcv-books.com\/#website"},"primaryImageOfPage":{"@id":"https:\/\/dcv-books.com\/en\/produkt\/queen-elizabeth-ii\/#primaryimage"},"image":{"@id":"https:\/\/dcv-books.com\/en\/produkt\/queen-elizabeth-ii\/#primaryimage"},"thumbnailUrl":"https:\/\/dcv-books.com\/wp-content\/uploads\/2019\/03\/queen-elisabeth-ii-1.png","datePublished":"2018-05-19T11:03:57+00:00","dateModified":"2022-09-26T08:47:03+00:00","description":"Queen Elizabeth II \u2013 Das Buch pr\u00e4sentiert Fotos, Gem\u00e4lde, Briefmarken und M\u00fcnzen aus der Kollektion von Luciano Pelizzari.","breadcrumb":{"@id":"https:\/\/dcv-books.com\/en\/produkt\/queen-elizabeth-ii\/#breadcrumb"},"inLanguage":"en-US","potentialAction":[{"@type":"ReadAction","target":["https:\/\/dcv-books.com\/en\/produkt\/queen-elizabeth-ii\/"]}]},{"@type":"ImageObject","inLanguage":"en-US","@id":"https:\/\/dcv-books.com\/en\/produkt\/queen-elizabeth-ii\/#primaryimage","url":"https:\/\/dcv-books.com\/wp-content\/uploads\/2019\/03\/queen-elisabeth-ii-1.png","contentUrl":"https:\/\/dcv-books.com\/wp-content\/uploads\/2019\/03\/queen-elisabeth-ii-1.png","width":800,"height":800,"caption":"Queen Elizabeth II"},{"@type":"BreadcrumbList","@id":"https:\/\/dcv-books.com\/en\/produkt\/queen-elizabeth-ii\/#breadcrumb","itemListElement":[{"@type":"ListItem","position":1,"name":"Startseite","item":"https:\/\/dcv-books.com\/en\/"},{"@type":"ListItem","position":2,"name":"Queen Elizabeth II Sammlung Luciano Pelizzari"}]},{"@type":"WebSite","@id":"https:\/\/dcv-books.com\/#website","url":"https:\/\/dcv-books.com\/","name":"DCV","description":"Dr. Cantz&#039;sche Verlagsgesellschaft mbH &amp; Co. KG","potentialAction":[{"@type":"SearchAction","target":{"@type":"EntryPoint","urlTemplate":"https:\/\/dcv-books.com\/?s={search_term_string}"},"query-input":{"@type":"PropertyValueSpecification","valueRequired":true,"valueName":"search_term_string"}}],"inLanguage":"en-US"}]}},"_links":{"self":[{"href":"https:\/\/dcv-books.com\/en\/wp-json\/wp\/v2\/product\/966","targetHints":{"allow":["GET"]}}],"collection":[{"href":"https:\/\/dcv-books.com\/en\/wp-json\/wp\/v2\/product"}],"about":[{"href":"https:\/\/dcv-books.com\/en\/wp-json\/wp\/v2\/types\/product"}],"wp:featuredmedia":[{"embeddable":true,"href":"https:\/\/dcv-books.com\/en\/wp-json\/wp\/v2\/media\/373"}],"wp:attachment":[{"href":"https:\/\/dcv-books.com\/en\/wp-json\/wp\/v2\/media?parent=966"}],"wp:term":[{"taxonomy":"product_brand","embeddable":true,"href":"https:\/\/dcv-books.com\/en\/wp-json\/wp\/v2\/product_brand?post=966"},{"taxonomy":"product_cat","embeddable":true,"href":"https:\/\/dcv-books.com\/en\/wp-json\/wp\/v2\/product_cat?post=966"},{"taxonomy":"product_tag","embeddable":true,"href":"https:\/\/dcv-books.com\/en\/wp-json\/wp\/v2\/product_tag?post=966"}],"curies":[{"name":"wp","href":"https:\/\/api.w.org\/{rel}","templated":true}]}}