{"id":964,"date":"2018-11-01T15:03:33","date_gmt":"2018-11-01T14:03:33","guid":{"rendered":"https:\/\/dcv-books.com\/produkt\/964\/"},"modified":"2022-08-25T13:48:20","modified_gmt":"2022-08-25T11:48:20","slug":"die-zwangsarbeiter","status":"publish","type":"product","link":"https:\/\/dcv-books.com\/en\/produkt\/die-zwangsarbeiter\/","title":{"rendered":"Christian Boltanski <br>Die Zwangsarbeiter \u2013 Erinnerung in der V\u00f6lklinger H\u00fctte"},"content":{"rendered":"<p>Christian Boltanski (b. 1944, Paris; lives and works in Paris) combines industrial architecture with relics of the working culture in his impressive installation for the V\u00f6lklingen ironworks \u2013 a highly emotional approach to the subject of forced labor.<\/p>\n","protected":false},"excerpt":{"rendered":"<p class=\"introzeile-buecher\">Erinnerungen | Souvenirs | Memoirs<\/p>\n<p>Christian Boltanski (b. 1944, Paris; lives and works in Paris) combines industrial architecture with relics of the working culture in his impressive installation for the V\u00f6lklingen ironworks \u2013 a highly emotional approach to the subject of forced labor.<\/p>\n","protected":false},"featured_media":14089,"template":"","meta":{"_acf_changed":false},"product_brand":[],"product_cat":[2208,2212],"product_tag":[],"class_list":{"0":"post-964","1":"product","2":"type-product","3":"status-publish","4":"has-post-thumbnail","6":"product_cat-all-books","7":"product_cat-installation-art","9":"first","10":"instock","11":"taxable","12":"shipping-taxable","13":"purchasable","14":"product-type-simple"},"acf":[],"yoast_head":"<!-- This site is optimized with the Yoast SEO plugin v27.1.1 - https:\/\/yoast.com\/product\/yoast-seo-wordpress\/ -->\n<title>Christian Boltanski Die Zwangsarbeiter \u2013 Erinnerung in der V\u00f6lklinger H\u00fctte - DCV<\/title>\n<meta name=\"description\" content=\"Christian Boltanski &#039;s impressive installation for the V\u00f6lklingen ironworks \u2013 a highly emotional approach to the subject of forced labor.\" \/>\n<meta name=\"robots\" content=\"index, follow, max-snippet:-1, max-image-preview:large, max-video-preview:-1\" \/>\n<link rel=\"canonical\" href=\"https:\/\/dcv-books.com\/en\/produkt\/die-zwangsarbeiter\/\" \/>\n<meta property=\"og:locale\" content=\"en_US\" \/>\n<meta property=\"og:type\" content=\"article\" \/>\n<meta property=\"og:title\" content=\"Christian Boltanski Die Zwangsarbeiter \u2013 Erinnerung in der V\u00f6lklinger H\u00fctte - DCV\" \/>\n<meta property=\"og:description\" content=\"Christian Boltanski &#039;s impressive installation for the V\u00f6lklingen ironworks \u2013 a highly emotional approach to the subject of forced labor.\" \/>\n<meta property=\"og:url\" content=\"https:\/\/dcv-books.com\/en\/produkt\/die-zwangsarbeiter\/\" \/>\n<meta property=\"og:site_name\" content=\"DCV\" \/>\n<meta property=\"article:modified_time\" content=\"2022-08-25T11:48:20+00:00\" \/>\n<meta property=\"og:image\" content=\"https:\/\/dcv-books.com\/wp-content\/uploads\/2018\/11\/c-boltanski-titel-e1589727090895-1.jpg\" \/>\n\t<meta property=\"og:image:width\" content=\"644\" \/>\n\t<meta property=\"og:image:height\" content=\"774\" \/>\n\t<meta property=\"og:image:type\" content=\"image\/jpeg\" \/>\n<meta name=\"twitter:card\" content=\"summary_large_image\" \/>\n<meta name=\"twitter:label1\" content=\"Est. reading time\" \/>\n\t<meta name=\"twitter:data1\" content=\"1 minute\" \/>\n<script type=\"application\/ld+json\" class=\"yoast-schema-graph\">{\"@context\":\"https:\/\/schema.org\",\"@graph\":[{\"@type\":\"WebPage\",\"@id\":\"https:\/\/dcv-books.com\/en\/produkt\/die-zwangsarbeiter\/\",\"url\":\"https:\/\/dcv-books.com\/en\/produkt\/die-zwangsarbeiter\/\",\"name\":\"Christian Boltanski Die Zwangsarbeiter \u2013 Erinnerung in der V\u00f6lklinger H\u00fctte - DCV\",\"isPartOf\":{\"@id\":\"https:\/\/dcv-books.com\/#website\"},\"primaryImageOfPage\":{\"@id\":\"https:\/\/dcv-books.com\/en\/produkt\/die-zwangsarbeiter\/#primaryimage\"},\"image\":{\"@id\":\"https:\/\/dcv-books.com\/en\/produkt\/die-zwangsarbeiter\/#primaryimage\"},\"thumbnailUrl\":\"https:\/\/dcv-books.com\/wp-content\/uploads\/2018\/11\/c-boltanski-titel-e1589727090895-1.jpg\",\"datePublished\":\"2018-11-01T14:03:33+00:00\",\"dateModified\":\"2022-08-25T11:48:20+00:00\",\"description\":\"Christian Boltanski 's impressive installation for the V\u00f6lklingen ironworks \u2013 a highly emotional approach to the subject of forced labor.\",\"breadcrumb\":{\"@id\":\"https:\/\/dcv-books.com\/en\/produkt\/die-zwangsarbeiter\/#breadcrumb\"},\"inLanguage\":\"en-US\",\"potentialAction\":[{\"@type\":\"ReadAction\",\"target\":[\"https:\/\/dcv-books.com\/en\/produkt\/die-zwangsarbeiter\/\"]}]},{\"@type\":\"ImageObject\",\"inLanguage\":\"en-US\",\"@id\":\"https:\/\/dcv-books.com\/en\/produkt\/die-zwangsarbeiter\/#primaryimage\",\"url\":\"https:\/\/dcv-books.com\/wp-content\/uploads\/2018\/11\/c-boltanski-titel-e1589727090895-1.jpg\",\"contentUrl\":\"https:\/\/dcv-books.com\/wp-content\/uploads\/2018\/11\/c-boltanski-titel-e1589727090895-1.jpg\",\"width\":644,\"height\":774,\"caption\":\"Christian Boltanski\"},{\"@type\":\"BreadcrumbList\",\"@id\":\"https:\/\/dcv-books.com\/en\/produkt\/die-zwangsarbeiter\/#breadcrumb\",\"itemListElement\":[{\"@type\":\"ListItem\",\"position\":1,\"name\":\"Startseite\",\"item\":\"https:\/\/dcv-books.com\/en\/\"},{\"@type\":\"ListItem\",\"position\":2,\"name\":\"Christian Boltanski Die Zwangsarbeiter \u2013 Erinnerung in der V\u00f6lklinger H\u00fctte\"}]},{\"@type\":\"WebSite\",\"@id\":\"https:\/\/dcv-books.com\/#website\",\"url\":\"https:\/\/dcv-books.com\/\",\"name\":\"DCV\",\"description\":\"Dr. Cantz&#039;sche Verlagsgesellschaft mbH &amp; Co. KG\",\"potentialAction\":[{\"@type\":\"SearchAction\",\"target\":{\"@type\":\"EntryPoint\",\"urlTemplate\":\"https:\/\/dcv-books.com\/?s={search_term_string}\"},\"query-input\":{\"@type\":\"PropertyValueSpecification\",\"valueRequired\":true,\"valueName\":\"search_term_string\"}}],\"inLanguage\":\"en-US\"}]}<\/script>\n<!-- \/ Yoast SEO plugin. -->","yoast_head_json":{"title":"Christian Boltanski Die Zwangsarbeiter \u2013 Erinnerung in der V\u00f6lklinger H\u00fctte - DCV","description":"Christian Boltanski 's impressive installation for the V\u00f6lklingen ironworks \u2013 a highly emotional approach to the subject of forced labor.","robots":{"index":"index","follow":"follow","max-snippet":"max-snippet:-1","max-image-preview":"max-image-preview:large","max-video-preview":"max-video-preview:-1"},"canonical":"https:\/\/dcv-books.com\/en\/produkt\/die-zwangsarbeiter\/","og_locale":"en_US","og_type":"article","og_title":"Christian Boltanski Die Zwangsarbeiter \u2013 Erinnerung in der V\u00f6lklinger H\u00fctte - DCV","og_description":"Christian Boltanski 's impressive installation for the V\u00f6lklingen ironworks \u2013 a highly emotional approach to the subject of forced labor.","og_url":"https:\/\/dcv-books.com\/en\/produkt\/die-zwangsarbeiter\/","og_site_name":"DCV","article_modified_time":"2022-08-25T11:48:20+00:00","og_image":[{"width":644,"height":774,"url":"https:\/\/dcv-books.com\/wp-content\/uploads\/2018\/11\/c-boltanski-titel-e1589727090895-1.jpg","type":"image\/jpeg"}],"twitter_card":"summary_large_image","twitter_misc":{"Est. reading time":"1 minute"},"schema":{"@context":"https:\/\/schema.org","@graph":[{"@type":"WebPage","@id":"https:\/\/dcv-books.com\/en\/produkt\/die-zwangsarbeiter\/","url":"https:\/\/dcv-books.com\/en\/produkt\/die-zwangsarbeiter\/","name":"Christian Boltanski Die Zwangsarbeiter \u2013 Erinnerung in der V\u00f6lklinger H\u00fctte - DCV","isPartOf":{"@id":"https:\/\/dcv-books.com\/#website"},"primaryImageOfPage":{"@id":"https:\/\/dcv-books.com\/en\/produkt\/die-zwangsarbeiter\/#primaryimage"},"image":{"@id":"https:\/\/dcv-books.com\/en\/produkt\/die-zwangsarbeiter\/#primaryimage"},"thumbnailUrl":"https:\/\/dcv-books.com\/wp-content\/uploads\/2018\/11\/c-boltanski-titel-e1589727090895-1.jpg","datePublished":"2018-11-01T14:03:33+00:00","dateModified":"2022-08-25T11:48:20+00:00","description":"Christian Boltanski 's impressive installation for the V\u00f6lklingen ironworks \u2013 a highly emotional approach to the subject of forced labor.","breadcrumb":{"@id":"https:\/\/dcv-books.com\/en\/produkt\/die-zwangsarbeiter\/#breadcrumb"},"inLanguage":"en-US","potentialAction":[{"@type":"ReadAction","target":["https:\/\/dcv-books.com\/en\/produkt\/die-zwangsarbeiter\/"]}]},{"@type":"ImageObject","inLanguage":"en-US","@id":"https:\/\/dcv-books.com\/en\/produkt\/die-zwangsarbeiter\/#primaryimage","url":"https:\/\/dcv-books.com\/wp-content\/uploads\/2018\/11\/c-boltanski-titel-e1589727090895-1.jpg","contentUrl":"https:\/\/dcv-books.com\/wp-content\/uploads\/2018\/11\/c-boltanski-titel-e1589727090895-1.jpg","width":644,"height":774,"caption":"Christian Boltanski"},{"@type":"BreadcrumbList","@id":"https:\/\/dcv-books.com\/en\/produkt\/die-zwangsarbeiter\/#breadcrumb","itemListElement":[{"@type":"ListItem","position":1,"name":"Startseite","item":"https:\/\/dcv-books.com\/en\/"},{"@type":"ListItem","position":2,"name":"Christian Boltanski Die Zwangsarbeiter \u2013 Erinnerung in der V\u00f6lklinger H\u00fctte"}]},{"@type":"WebSite","@id":"https:\/\/dcv-books.com\/#website","url":"https:\/\/dcv-books.com\/","name":"DCV","description":"Dr. Cantz&#039;sche Verlagsgesellschaft mbH &amp; Co. KG","potentialAction":[{"@type":"SearchAction","target":{"@type":"EntryPoint","urlTemplate":"https:\/\/dcv-books.com\/?s={search_term_string}"},"query-input":{"@type":"PropertyValueSpecification","valueRequired":true,"valueName":"search_term_string"}}],"inLanguage":"en-US"}]}},"_links":{"self":[{"href":"https:\/\/dcv-books.com\/en\/wp-json\/wp\/v2\/product\/964","targetHints":{"allow":["GET"]}}],"collection":[{"href":"https:\/\/dcv-books.com\/en\/wp-json\/wp\/v2\/product"}],"about":[{"href":"https:\/\/dcv-books.com\/en\/wp-json\/wp\/v2\/types\/product"}],"wp:featuredmedia":[{"embeddable":true,"href":"https:\/\/dcv-books.com\/en\/wp-json\/wp\/v2\/media\/14089"}],"wp:attachment":[{"href":"https:\/\/dcv-books.com\/en\/wp-json\/wp\/v2\/media?parent=964"}],"wp:term":[{"taxonomy":"product_brand","embeddable":true,"href":"https:\/\/dcv-books.com\/en\/wp-json\/wp\/v2\/product_brand?post=964"},{"taxonomy":"product_cat","embeddable":true,"href":"https:\/\/dcv-books.com\/en\/wp-json\/wp\/v2\/product_cat?post=964"},{"taxonomy":"product_tag","embeddable":true,"href":"https:\/\/dcv-books.com\/en\/wp-json\/wp\/v2\/product_tag?post=964"}],"curies":[{"name":"wp","href":"https:\/\/api.w.org\/{rel}","templated":true}]}}