{"id":962,"date":"2018-01-26T16:50:03","date_gmt":"2018-01-26T15:50:03","guid":{"rendered":"https:\/\/dcv-books.com\/produkt\/962\/"},"modified":"2022-08-25T15:25:32","modified_gmt":"2022-08-25T13:25:32","slug":"digital-sculpture-follow-the-unknown","status":"publish","type":"product","link":"https:\/\/dcv-books.com\/en\/produkt\/digital-sculpture-follow-the-unknown\/","title":{"rendered":"Digitale Skulptur <br>Follow the unknown"},"content":{"rendered":"<p>For the first time in art history a competition for the Digital Sculpture Award was announced. What is a digital sculpture anyway? Where are the boundaries between real and virtual worlds? With the advent of digitally generated images, the conditions for our perception and the parameters of our viewing habits are changed. Through the interactive involvement of the viewer, software-controlled image phenomena such as virtual environments lead to an exploring vision. The book presents and documents innovative works, which were conceived for the international competition, initiated by the Museum Ulm.<\/p>\n<p>With works by Morehshin Allahyari, Giulia Bowinkel &amp; Friedemann Banz, J\u00f6rg Brinkmann, George Cr\u00eenga\u015fu, Nieves de la Fuente Guti\u00e9rrez, Marcel Karnapke, Leonard Kern, Nicol\u00f2 Kr\u00e4ttli + Jann Erhard, Martina Menegona and Marjan Moghaddam.<\/p>\n","protected":false},"excerpt":{"rendered":"<p class=\"introzeile-buecher\">Crossing the BNorders of the Tangible<\/p>\n<p>For the first time in art history a competition for the Digital Sculpture Award was announced. What is a digital sculpture anyway? Where are the boundaries between real and virtual worlds? With the advent of digitally generated images, the conditions for our perception and the parameters of our viewing habits are changed. Through the interactive involvement of the viewer, software-controlled image phenomena such as virtual environments lead to an exploring vision. The book presents and documents innovative works, which were conceived for the international competition, initiated by the Museum Ulm.<\/p>\n<p>With works by Morehshin Allahyari, Giulia Bowinkel &amp; Friedemann Banz, J\u00f6rg Brinkmann, George Cr\u00eenga\u015fu, Nieves de la Fuente Guti\u00e9rrez, Marcel Karnapke, Leonard Kern, Nicol\u00f2 Kr\u00e4ttli + Jann Erhard, Martina Menegona and Marjan Moghaddam.<\/p>\n","protected":false},"featured_media":141,"template":"","meta":{"_acf_changed":false},"product_brand":[],"product_cat":[2208,2217],"product_tag":[],"class_list":{"0":"post-962","1":"product","2":"type-product","3":"status-publish","4":"has-post-thumbnail","6":"product_cat-all-books","7":"product_cat-sculpture","9":"first","10":"instock","11":"taxable","12":"shipping-taxable","13":"purchasable","14":"product-type-simple"},"acf":[],"yoast_head":"<!-- This site is optimized with the Yoast SEO plugin v27.1.1 - https:\/\/yoast.com\/product\/yoast-seo-wordpress\/ -->\n<title>Digitale Skulptur Follow the unknown - DCV<\/title>\n<meta name=\"description\" content=\"Digitale Skulptur \u2013 Follow the unknown: The book documents works, which were conceived for the international competition, initiated by the Museum Ulm.\" \/>\n<meta name=\"robots\" content=\"index, follow, max-snippet:-1, max-image-preview:large, max-video-preview:-1\" \/>\n<link rel=\"canonical\" href=\"https:\/\/dcv-books.com\/en\/produkt\/digital-sculpture-follow-the-unknown\/\" \/>\n<meta property=\"og:locale\" content=\"en_US\" \/>\n<meta property=\"og:type\" content=\"article\" \/>\n<meta property=\"og:title\" content=\"Digitale Skulptur Follow the unknown - DCV\" \/>\n<meta property=\"og:description\" content=\"Digitale Skulptur \u2013 Follow the unknown: The book documents works, which were conceived for the international competition, initiated by the Museum Ulm.\" \/>\n<meta property=\"og:url\" content=\"https:\/\/dcv-books.com\/en\/produkt\/digital-sculpture-follow-the-unknown\/\" \/>\n<meta property=\"og:site_name\" content=\"DCV\" \/>\n<meta property=\"article:modified_time\" content=\"2022-08-25T13:25:32+00:00\" \/>\n<meta name=\"twitter:card\" content=\"summary_large_image\" \/>\n<meta name=\"twitter:label1\" content=\"Est. reading time\" \/>\n\t<meta name=\"twitter:data1\" content=\"1 minute\" \/>\n<script type=\"application\/ld+json\" class=\"yoast-schema-graph\">{\"@context\":\"https:\/\/schema.org\",\"@graph\":[{\"@type\":\"WebPage\",\"@id\":\"https:\/\/dcv-books.com\/en\/produkt\/digital-sculpture-follow-the-unknown\/\",\"url\":\"https:\/\/dcv-books.com\/en\/produkt\/digital-sculpture-follow-the-unknown\/\",\"name\":\"Digitale Skulptur Follow the unknown - DCV\",\"isPartOf\":{\"@id\":\"https:\/\/dcv-books.com\/#website\"},\"primaryImageOfPage\":{\"@id\":\"https:\/\/dcv-books.com\/en\/produkt\/digital-sculpture-follow-the-unknown\/#primaryimage\"},\"image\":{\"@id\":\"https:\/\/dcv-books.com\/en\/produkt\/digital-sculpture-follow-the-unknown\/#primaryimage\"},\"thumbnailUrl\":\"https:\/\/dcv-books.com\/wp-content\/uploads\/2019\/03\/digitale-skulptur-e1589720748118.png\",\"datePublished\":\"2018-01-26T15:50:03+00:00\",\"dateModified\":\"2022-08-25T13:25:32+00:00\",\"description\":\"Digitale Skulptur \u2013 Follow the unknown: The book documents works, which were conceived for the international competition, initiated by the Museum Ulm.\",\"breadcrumb\":{\"@id\":\"https:\/\/dcv-books.com\/en\/produkt\/digital-sculpture-follow-the-unknown\/#breadcrumb\"},\"inLanguage\":\"en-US\",\"potentialAction\":[{\"@type\":\"ReadAction\",\"target\":[\"https:\/\/dcv-books.com\/en\/produkt\/digital-sculpture-follow-the-unknown\/\"]}]},{\"@type\":\"ImageObject\",\"inLanguage\":\"en-US\",\"@id\":\"https:\/\/dcv-books.com\/en\/produkt\/digital-sculpture-follow-the-unknown\/#primaryimage\",\"url\":\"https:\/\/dcv-books.com\/wp-content\/uploads\/2019\/03\/digitale-skulptur-e1589720748118.png\",\"contentUrl\":\"https:\/\/dcv-books.com\/wp-content\/uploads\/2019\/03\/digitale-skulptur-e1589720748118.png\",\"width\":554,\"height\":788,\"caption\":\"Digitale Skulptur\"},{\"@type\":\"BreadcrumbList\",\"@id\":\"https:\/\/dcv-books.com\/en\/produkt\/digital-sculpture-follow-the-unknown\/#breadcrumb\",\"itemListElement\":[{\"@type\":\"ListItem\",\"position\":1,\"name\":\"Startseite\",\"item\":\"https:\/\/dcv-books.com\/en\/\"},{\"@type\":\"ListItem\",\"position\":2,\"name\":\"Digitale Skulptur Follow the unknown\"}]},{\"@type\":\"WebSite\",\"@id\":\"https:\/\/dcv-books.com\/#website\",\"url\":\"https:\/\/dcv-books.com\/\",\"name\":\"DCV\",\"description\":\"Dr. Cantz&#039;sche Verlagsgesellschaft mbH &amp; Co. KG\",\"potentialAction\":[{\"@type\":\"SearchAction\",\"target\":{\"@type\":\"EntryPoint\",\"urlTemplate\":\"https:\/\/dcv-books.com\/?s={search_term_string}\"},\"query-input\":{\"@type\":\"PropertyValueSpecification\",\"valueRequired\":true,\"valueName\":\"search_term_string\"}}],\"inLanguage\":\"en-US\"}]}<\/script>\n<!-- \/ Yoast SEO plugin. -->","yoast_head_json":{"title":"Digitale Skulptur Follow the unknown - DCV","description":"Digitale Skulptur \u2013 Follow the unknown: The book documents works, which were conceived for the international competition, initiated by the Museum Ulm.","robots":{"index":"index","follow":"follow","max-snippet":"max-snippet:-1","max-image-preview":"max-image-preview:large","max-video-preview":"max-video-preview:-1"},"canonical":"https:\/\/dcv-books.com\/en\/produkt\/digital-sculpture-follow-the-unknown\/","og_locale":"en_US","og_type":"article","og_title":"Digitale Skulptur Follow the unknown - DCV","og_description":"Digitale Skulptur \u2013 Follow the unknown: The book documents works, which were conceived for the international competition, initiated by the Museum Ulm.","og_url":"https:\/\/dcv-books.com\/en\/produkt\/digital-sculpture-follow-the-unknown\/","og_site_name":"DCV","article_modified_time":"2022-08-25T13:25:32+00:00","twitter_card":"summary_large_image","twitter_misc":{"Est. reading time":"1 minute"},"schema":{"@context":"https:\/\/schema.org","@graph":[{"@type":"WebPage","@id":"https:\/\/dcv-books.com\/en\/produkt\/digital-sculpture-follow-the-unknown\/","url":"https:\/\/dcv-books.com\/en\/produkt\/digital-sculpture-follow-the-unknown\/","name":"Digitale Skulptur Follow the unknown - DCV","isPartOf":{"@id":"https:\/\/dcv-books.com\/#website"},"primaryImageOfPage":{"@id":"https:\/\/dcv-books.com\/en\/produkt\/digital-sculpture-follow-the-unknown\/#primaryimage"},"image":{"@id":"https:\/\/dcv-books.com\/en\/produkt\/digital-sculpture-follow-the-unknown\/#primaryimage"},"thumbnailUrl":"https:\/\/dcv-books.com\/wp-content\/uploads\/2019\/03\/digitale-skulptur-e1589720748118.png","datePublished":"2018-01-26T15:50:03+00:00","dateModified":"2022-08-25T13:25:32+00:00","description":"Digitale Skulptur \u2013 Follow the unknown: The book documents works, which were conceived for the international competition, initiated by the Museum Ulm.","breadcrumb":{"@id":"https:\/\/dcv-books.com\/en\/produkt\/digital-sculpture-follow-the-unknown\/#breadcrumb"},"inLanguage":"en-US","potentialAction":[{"@type":"ReadAction","target":["https:\/\/dcv-books.com\/en\/produkt\/digital-sculpture-follow-the-unknown\/"]}]},{"@type":"ImageObject","inLanguage":"en-US","@id":"https:\/\/dcv-books.com\/en\/produkt\/digital-sculpture-follow-the-unknown\/#primaryimage","url":"https:\/\/dcv-books.com\/wp-content\/uploads\/2019\/03\/digitale-skulptur-e1589720748118.png","contentUrl":"https:\/\/dcv-books.com\/wp-content\/uploads\/2019\/03\/digitale-skulptur-e1589720748118.png","width":554,"height":788,"caption":"Digitale Skulptur"},{"@type":"BreadcrumbList","@id":"https:\/\/dcv-books.com\/en\/produkt\/digital-sculpture-follow-the-unknown\/#breadcrumb","itemListElement":[{"@type":"ListItem","position":1,"name":"Startseite","item":"https:\/\/dcv-books.com\/en\/"},{"@type":"ListItem","position":2,"name":"Digitale Skulptur Follow the unknown"}]},{"@type":"WebSite","@id":"https:\/\/dcv-books.com\/#website","url":"https:\/\/dcv-books.com\/","name":"DCV","description":"Dr. Cantz&#039;sche Verlagsgesellschaft mbH &amp; Co. KG","potentialAction":[{"@type":"SearchAction","target":{"@type":"EntryPoint","urlTemplate":"https:\/\/dcv-books.com\/?s={search_term_string}"},"query-input":{"@type":"PropertyValueSpecification","valueRequired":true,"valueName":"search_term_string"}}],"inLanguage":"en-US"}]}},"_links":{"self":[{"href":"https:\/\/dcv-books.com\/en\/wp-json\/wp\/v2\/product\/962","targetHints":{"allow":["GET"]}}],"collection":[{"href":"https:\/\/dcv-books.com\/en\/wp-json\/wp\/v2\/product"}],"about":[{"href":"https:\/\/dcv-books.com\/en\/wp-json\/wp\/v2\/types\/product"}],"wp:featuredmedia":[{"embeddable":true,"href":"https:\/\/dcv-books.com\/en\/wp-json\/wp\/v2\/media\/141"}],"wp:attachment":[{"href":"https:\/\/dcv-books.com\/en\/wp-json\/wp\/v2\/media?parent=962"}],"wp:term":[{"taxonomy":"product_brand","embeddable":true,"href":"https:\/\/dcv-books.com\/en\/wp-json\/wp\/v2\/product_brand?post=962"},{"taxonomy":"product_cat","embeddable":true,"href":"https:\/\/dcv-books.com\/en\/wp-json\/wp\/v2\/product_cat?post=962"},{"taxonomy":"product_tag","embeddable":true,"href":"https:\/\/dcv-books.com\/en\/wp-json\/wp\/v2\/product_tag?post=962"}],"curies":[{"name":"wp","href":"https:\/\/api.w.org\/{rel}","templated":true}]}}