{"id":931,"date":"2019-06-28T13:50:30","date_gmt":"2019-06-28T11:50:30","guid":{"rendered":"https:\/\/dcv-books.com\/produkt\/sammlung-marx-40-werke-englische-version\/"},"modified":"2020-05-17T00:53:36","modified_gmt":"2020-05-16T22:53:36","slug":"marx-collection-40-works","status":"publish","type":"product","link":"https:\/\/dcv-books.com\/en\/produkt\/marx-collection-40-works\/","title":{"rendered":"Marx Collection <br>40 Works"},"content":{"rendered":"","protected":false},"excerpt":{"rendered":"<p class=\"introzeile-buecher\">Selected works from one of the most renowned collections of modern and contemporary art in Germany<\/p>\n<p>Marx Collection \u2013 40 Works is the first publication on this collection that focuses on important individual works. The selection ranges from the early 1960s to the present, encompassing one of the most exciting periods in recent art history. An illustrated chronicle provides background information on the historical context of the Marx Collection and its exhibition at the Nationalgalerie in Berlin. With work by Matthew Barney, Georg Baselitz, Joseph Beuys, Ross Bleckner, Francesco Clemente, Martin Disler, Rainer Fetting, Dan Flavin, G\u00fcnther F\u00f6rg, Peter Halley, Keith Haring, Candida H\u00f6fer, Donald Judd, Anish Kapoor, William Kentridge, Anselm Kiefer, Jeff Koons, Roy Lichtenstein, Richard Long, Gerhard Merz, Robert Rauschenberg, Ugo Rondinone, Thomas Ruff, Julian Schnabel, Cindy Sherman, Thomas Struth, Sam Taylor-Johnson, Cy Twombly, Andy Warhol, Rachel Whiterea<\/p>\n<p>Dies ist die englische Ausgabe, <a href=\"https:\/\/dcv-books.com\/produkt\/sammlung-marx-40-werke\/\">hier geht&#8217;s zur deutschen Ausgabe<\/a><\/p>\n","protected":false},"featured_media":816,"template":"","meta":{"_acf_changed":false},"product_brand":[],"product_cat":[2208,2218],"product_tag":[],"class_list":{"0":"post-931","1":"product","2":"type-product","3":"status-publish","4":"has-post-thumbnail","6":"product_cat-all-books","7":"product_cat-on-art","9":"first","10":"instock","11":"taxable","12":"shipping-taxable","13":"purchasable","14":"product-type-simple"},"acf":[],"yoast_head":"<!-- This site is optimized with the Yoast SEO plugin v27.1.1 - https:\/\/yoast.com\/product\/yoast-seo-wordpress\/ -->\n<title>Marx Collection 40 Works - DCV<\/title>\n<meta name=\"robots\" content=\"index, follow, max-snippet:-1, max-image-preview:large, max-video-preview:-1\" \/>\n<link rel=\"canonical\" href=\"https:\/\/dcv-books.com\/en\/produkt\/marx-collection-40-works\/\" \/>\n<meta property=\"og:locale\" content=\"en_US\" \/>\n<meta property=\"og:type\" content=\"article\" \/>\n<meta property=\"og:title\" content=\"Marx Collection 40 Works - DCV\" \/>\n<meta property=\"og:description\" content=\"Selected works from one of the most renowned collections of modern and contemporary art in Germany Marx Collection \u2013 40 Works is the first publication on this collection that focuses on important individual works. The selection ranges from the early 1960s to the present, encompassing one of the most exciting periods in recent art history. An illustrated chronicle provides background information on the historical context of the Marx Collection and its exhibition at the Nationalgalerie in Berlin. With work by Matthew Barney, Georg Baselitz, Joseph Beuys, Ross Bleckner, Francesco Clemente, Martin Disler, Rainer Fetting, Dan Flavin, G\u00fcnther F\u00f6rg, Peter Halley, Keith Haring, Candida H\u00f6fer, Donald Judd, Anish Kapoor, William Kentridge, Anselm Kiefer, Jeff Koons, Roy Lichtenstein, Richard Long, Gerhard Merz, Robert Rauschenberg, Ugo Rondinone, Thomas Ruff, Julian Schnabel, Cindy Sherman, Thomas Struth, Sam Taylor-Johnson, Cy Twombly, Andy Warhol, Rachel Whiterea  Dies ist die englische Ausgabe, hier geht&#039;s zur deutschen Ausgabe\" \/>\n<meta property=\"og:url\" content=\"https:\/\/dcv-books.com\/en\/produkt\/marx-collection-40-works\/\" \/>\n<meta property=\"og:site_name\" content=\"DCV\" \/>\n<meta property=\"article:modified_time\" content=\"2020-05-16T22:53:36+00:00\" \/>\n<meta property=\"og:image\" content=\"https:\/\/dcv-books.com\/wp-content\/uploads\/2019\/05\/cover-marx-englisch-1024x1024.png\" \/>\n\t<meta property=\"og:image:width\" content=\"1024\" \/>\n\t<meta property=\"og:image:height\" content=\"1024\" \/>\n\t<meta property=\"og:image:type\" content=\"image\/png\" \/>\n<meta name=\"twitter:card\" content=\"summary_large_image\" \/>\n<script type=\"application\/ld+json\" class=\"yoast-schema-graph\">{\"@context\":\"https:\/\/schema.org\",\"@graph\":[{\"@type\":\"WebPage\",\"@id\":\"https:\/\/dcv-books.com\/en\/produkt\/marx-collection-40-works\/\",\"url\":\"https:\/\/dcv-books.com\/en\/produkt\/marx-collection-40-works\/\",\"name\":\"Marx Collection 40 Works - DCV\",\"isPartOf\":{\"@id\":\"https:\/\/dcv-books.com\/#website\"},\"primaryImageOfPage\":{\"@id\":\"https:\/\/dcv-books.com\/en\/produkt\/marx-collection-40-works\/#primaryimage\"},\"image\":{\"@id\":\"https:\/\/dcv-books.com\/en\/produkt\/marx-collection-40-works\/#primaryimage\"},\"thumbnailUrl\":\"https:\/\/dcv-books.com\/wp-content\/uploads\/2019\/05\/cover-marx-englisch.png\",\"datePublished\":\"2019-06-28T11:50:30+00:00\",\"dateModified\":\"2020-05-16T22:53:36+00:00\",\"breadcrumb\":{\"@id\":\"https:\/\/dcv-books.com\/en\/produkt\/marx-collection-40-works\/#breadcrumb\"},\"inLanguage\":\"en-US\",\"potentialAction\":[{\"@type\":\"ReadAction\",\"target\":[\"https:\/\/dcv-books.com\/en\/produkt\/marx-collection-40-works\/\"]}]},{\"@type\":\"ImageObject\",\"inLanguage\":\"en-US\",\"@id\":\"https:\/\/dcv-books.com\/en\/produkt\/marx-collection-40-works\/#primaryimage\",\"url\":\"https:\/\/dcv-books.com\/wp-content\/uploads\/2019\/05\/cover-marx-englisch.png\",\"contentUrl\":\"https:\/\/dcv-books.com\/wp-content\/uploads\/2019\/05\/cover-marx-englisch.png\",\"width\":1300,\"height\":1300,\"caption\":\"Marx Collection\"},{\"@type\":\"BreadcrumbList\",\"@id\":\"https:\/\/dcv-books.com\/en\/produkt\/marx-collection-40-works\/#breadcrumb\",\"itemListElement\":[{\"@type\":\"ListItem\",\"position\":1,\"name\":\"Startseite\",\"item\":\"https:\/\/dcv-books.com\/en\/\"},{\"@type\":\"ListItem\",\"position\":2,\"name\":\"Marx Collection 40 Works\"}]},{\"@type\":\"WebSite\",\"@id\":\"https:\/\/dcv-books.com\/#website\",\"url\":\"https:\/\/dcv-books.com\/\",\"name\":\"DCV\",\"description\":\"Dr. Cantz&#039;sche Verlagsgesellschaft mbH &amp; Co. KG\",\"potentialAction\":[{\"@type\":\"SearchAction\",\"target\":{\"@type\":\"EntryPoint\",\"urlTemplate\":\"https:\/\/dcv-books.com\/?s={search_term_string}\"},\"query-input\":{\"@type\":\"PropertyValueSpecification\",\"valueRequired\":true,\"valueName\":\"search_term_string\"}}],\"inLanguage\":\"en-US\"}]}<\/script>\n<!-- \/ Yoast SEO plugin. -->","yoast_head_json":{"title":"Marx Collection 40 Works - DCV","robots":{"index":"index","follow":"follow","max-snippet":"max-snippet:-1","max-image-preview":"max-image-preview:large","max-video-preview":"max-video-preview:-1"},"canonical":"https:\/\/dcv-books.com\/en\/produkt\/marx-collection-40-works\/","og_locale":"en_US","og_type":"article","og_title":"Marx Collection 40 Works - DCV","og_description":"Selected works from one of the most renowned collections of modern and contemporary art in Germany Marx Collection \u2013 40 Works is the first publication on this collection that focuses on important individual works. The selection ranges from the early 1960s to the present, encompassing one of the most exciting periods in recent art history. An illustrated chronicle provides background information on the historical context of the Marx Collection and its exhibition at the Nationalgalerie in Berlin. With work by Matthew Barney, Georg Baselitz, Joseph Beuys, Ross Bleckner, Francesco Clemente, Martin Disler, Rainer Fetting, Dan Flavin, G\u00fcnther F\u00f6rg, Peter Halley, Keith Haring, Candida H\u00f6fer, Donald Judd, Anish Kapoor, William Kentridge, Anselm Kiefer, Jeff Koons, Roy Lichtenstein, Richard Long, Gerhard Merz, Robert Rauschenberg, Ugo Rondinone, Thomas Ruff, Julian Schnabel, Cindy Sherman, Thomas Struth, Sam Taylor-Johnson, Cy Twombly, Andy Warhol, Rachel Whiterea  Dies ist die englische Ausgabe, hier geht's zur deutschen Ausgabe","og_url":"https:\/\/dcv-books.com\/en\/produkt\/marx-collection-40-works\/","og_site_name":"DCV","article_modified_time":"2020-05-16T22:53:36+00:00","og_image":[{"width":1024,"height":1024,"url":"https:\/\/dcv-books.com\/wp-content\/uploads\/2019\/05\/cover-marx-englisch-1024x1024.png","type":"image\/png"}],"twitter_card":"summary_large_image","schema":{"@context":"https:\/\/schema.org","@graph":[{"@type":"WebPage","@id":"https:\/\/dcv-books.com\/en\/produkt\/marx-collection-40-works\/","url":"https:\/\/dcv-books.com\/en\/produkt\/marx-collection-40-works\/","name":"Marx Collection 40 Works - DCV","isPartOf":{"@id":"https:\/\/dcv-books.com\/#website"},"primaryImageOfPage":{"@id":"https:\/\/dcv-books.com\/en\/produkt\/marx-collection-40-works\/#primaryimage"},"image":{"@id":"https:\/\/dcv-books.com\/en\/produkt\/marx-collection-40-works\/#primaryimage"},"thumbnailUrl":"https:\/\/dcv-books.com\/wp-content\/uploads\/2019\/05\/cover-marx-englisch.png","datePublished":"2019-06-28T11:50:30+00:00","dateModified":"2020-05-16T22:53:36+00:00","breadcrumb":{"@id":"https:\/\/dcv-books.com\/en\/produkt\/marx-collection-40-works\/#breadcrumb"},"inLanguage":"en-US","potentialAction":[{"@type":"ReadAction","target":["https:\/\/dcv-books.com\/en\/produkt\/marx-collection-40-works\/"]}]},{"@type":"ImageObject","inLanguage":"en-US","@id":"https:\/\/dcv-books.com\/en\/produkt\/marx-collection-40-works\/#primaryimage","url":"https:\/\/dcv-books.com\/wp-content\/uploads\/2019\/05\/cover-marx-englisch.png","contentUrl":"https:\/\/dcv-books.com\/wp-content\/uploads\/2019\/05\/cover-marx-englisch.png","width":1300,"height":1300,"caption":"Marx Collection"},{"@type":"BreadcrumbList","@id":"https:\/\/dcv-books.com\/en\/produkt\/marx-collection-40-works\/#breadcrumb","itemListElement":[{"@type":"ListItem","position":1,"name":"Startseite","item":"https:\/\/dcv-books.com\/en\/"},{"@type":"ListItem","position":2,"name":"Marx Collection 40 Works"}]},{"@type":"WebSite","@id":"https:\/\/dcv-books.com\/#website","url":"https:\/\/dcv-books.com\/","name":"DCV","description":"Dr. Cantz&#039;sche Verlagsgesellschaft mbH &amp; Co. KG","potentialAction":[{"@type":"SearchAction","target":{"@type":"EntryPoint","urlTemplate":"https:\/\/dcv-books.com\/?s={search_term_string}"},"query-input":{"@type":"PropertyValueSpecification","valueRequired":true,"valueName":"search_term_string"}}],"inLanguage":"en-US"}]}},"_links":{"self":[{"href":"https:\/\/dcv-books.com\/en\/wp-json\/wp\/v2\/product\/931","targetHints":{"allow":["GET"]}}],"collection":[{"href":"https:\/\/dcv-books.com\/en\/wp-json\/wp\/v2\/product"}],"about":[{"href":"https:\/\/dcv-books.com\/en\/wp-json\/wp\/v2\/types\/product"}],"wp:featuredmedia":[{"embeddable":true,"href":"https:\/\/dcv-books.com\/en\/wp-json\/wp\/v2\/media\/816"}],"wp:attachment":[{"href":"https:\/\/dcv-books.com\/en\/wp-json\/wp\/v2\/media?parent=931"}],"wp:term":[{"taxonomy":"product_brand","embeddable":true,"href":"https:\/\/dcv-books.com\/en\/wp-json\/wp\/v2\/product_brand?post=931"},{"taxonomy":"product_cat","embeddable":true,"href":"https:\/\/dcv-books.com\/en\/wp-json\/wp\/v2\/product_cat?post=931"},{"taxonomy":"product_tag","embeddable":true,"href":"https:\/\/dcv-books.com\/en\/wp-json\/wp\/v2\/product_tag?post=931"}],"curies":[{"name":"wp","href":"https:\/\/api.w.org\/{rel}","templated":true}]}}