{"id":25937,"date":"2026-04-13T15:00:47","date_gmt":"2026-04-13T13:00:47","guid":{"rendered":"https:\/\/dcv-books.com\/produkt\/boom-7-jahre-nova-space\/"},"modified":"2026-04-13T15:02:01","modified_gmt":"2026-04-13T13:02:01","slug":"boom-7-jahre-nova-space","status":"publish","type":"product","link":"https:\/\/dcv-books.com\/en\/produkt\/boom-7-jahre-nova-space\/","title":{"rendered":"BOOM! &#8211;<br> 7 years of nova space"},"content":{"rendered":"<p>From 2019 to 2025, nova space, Bauhaus-Universit\u00e4t Weimar\u2019s university gallery put up 21 projects, which this volume documents in image and text.\u00a0As both an experimentation field and meeting place, nova connected international artists, students, faculty, and the public under the enthusiastic direction of curator Katharina Wendler. Her essay provides insight into the unique history of this mobile and interdisciplinary gallery, its program as well as the continuous development of new curatorial formats. The final act of nova is an exhibition in book form, for which artists, architects, designers, typographers, and filmmakers were invited to create work that freely associates around the theme of <em>BOOM!<\/em>\u2014inspired by the image of the supernova.<\/p>\n<p>ARTISTS: A.O. LAURA ABERHAM, MARGR\u00c9T H. BL\u00d6NDAL, ZUZANNA CZEBATUL, BJ\u00d6RN DAHLEM, DAVID DIAO, HANNAH SOPHIE DUNKELBERG, NADINE FECHT, LIAM GILLICK, JANA GUNSTHEIMER, NSCHOTSCHI HASLINGER, STEF HEIDHUES, JUDITH HOPF, VERENA ISSEL, CHRISTIN KAISER, IAN KIAER, RAGNAR KJARTANSSON, VERA KOX, SCHIRIN KRETSCHMANN, YUTAKA MAKINO, STEFAN MARX, ERIC MEIER, AD MINOLITI, BRUCE NAUMAN, PRINZ GHOLAM, HANNAH RATH, KARIN SANDER, FETTE SANS, KATRIN STEIGER, JAN TICHY, WOLFGANG TILLMANS, IGNACIO URIARTE, ROBIN WAART, YOUNG BOY DANCING GROUP, FRANCIS ZEISCHEGG, KARLA ZIPFEL AND MANY MORE<\/p>\n","protected":false},"excerpt":{"rendered":"<p>From 2019 to 2025, nova space, Bauhaus-Universit\u00e4t Weimar\u2019s university gallery put up 21 projects, which this volume documents in image and text.\u00a0As both an experimentation field and meeting place, nova connected international artists, students, faculty, and the public under the enthusiastic direction of curator Katharina Wendler. Her essay provides insight into the unique history of this mobile and interdisciplinary gallery, its program as well as the continuous development of new curatorial formats. The final act of nova is an exhibition in book form, for which artists, architects, designers, typographers, and filmmakers were invited to create work that freely associates around the theme of <em>BOOM!<\/em>\u2014inspired by the image of the supernova.<\/p>\n<p>ARTISTS: A.O. LAURA ABERHAM, MARGR\u00c9T H. BL\u00d6NDAL, ZUZANNA CZEBATUL, BJ\u00d6RN DAHLEM, DAVID DIAO, HANNAH SOPHIE DUNKELBERG, NADINE FECHT, LIAM GILLICK, JANA GUNSTHEIMER, NSCHOTSCHI HASLINGER, STEF HEIDHUES, JUDITH HOPF, VERENA ISSEL, CHRISTIN KAISER, IAN KIAER, RAGNAR KJARTANSSON, VERA KOX, SCHIRIN KRETSCHMANN, YUTAKA MAKINO, STEFAN MARX, ERIC MEIER, AD MINOLITI, BRUCE NAUMAN, PRINZ GHOLAM, HANNAH RATH, KARIN SANDER, FETTE SANS, KATRIN STEIGER, JAN TICHY, WOLFGANG TILLMANS, IGNACIO URIARTE, ROBIN WAART, YOUNG BOY DANCING GROUP, FRANCIS ZEISCHEGG, KARLA ZIPFEL AND MANY MORE<\/p>\n","protected":false},"featured_media":26412,"template":"","meta":{"_acf_changed":false},"product_brand":[],"product_cat":[2208,3667,2210,2212,2215,2218,2213,2216,2211,2217,3514],"product_tag":[5520,5522,5521,5523],"class_list":{"0":"post-25937","1":"product","2":"type-product","3":"status-publish","4":"has-post-thumbnail","6":"product_cat-all-books","7":"product_cat-drawing","8":"product_cat-film-and-video","9":"product_cat-installation-art","10":"product_cat-new-arrivals","11":"product_cat-on-art","12":"product_cat-painting","13":"product_cat-performance-art","14":"product_cat-photography","15":"product_cat-sculpture","16":"product_cat-works-on-paper-en","17":"product_tag-7-jahre-nova-space-en","18":"product_tag-bauhaus-universitaet-weimar-en","19":"product_tag-boom-en","20":"product_tag-nova-space-en","22":"first","23":"instock","24":"taxable","25":"shipping-taxable","26":"purchasable","27":"product-type-simple"},"acf":[],"yoast_head":"<!-- This site is optimized with the Yoast SEO plugin v27.1.1 - https:\/\/yoast.com\/product\/yoast-seo-wordpress\/ -->\n<title>BOOM! - 7 years of nova space - DCV<\/title>\n<meta name=\"robots\" content=\"index, follow, max-snippet:-1, max-image-preview:large, max-video-preview:-1\" \/>\n<link rel=\"canonical\" href=\"https:\/\/dcv-books.com\/en\/produkt\/boom-7-jahre-nova-space\/\" \/>\n<meta property=\"og:locale\" content=\"en_US\" \/>\n<meta property=\"og:type\" content=\"article\" \/>\n<meta property=\"og:title\" content=\"BOOM! - 7 years of nova space - DCV\" \/>\n<meta property=\"og:description\" content=\"From 2019 to 2025, nova space, Bauhaus-Universit\u00e4t Weimar\u2019s university gallery put up 21 projects, which this volume documents in image and text.\u00a0As both an experimentation field and meeting place, nova connected international artists, students, faculty, and the public under the enthusiastic direction of curator Katharina Wendler. Her essay provides insight into the unique history of this mobile and interdisciplinary gallery, its program as well as the continuous development of new curatorial formats. The final act of nova is an exhibition in book form, for which artists, architects, designers, typographers, and filmmakers were invited to create work that freely associates around the theme of BOOM!\u2014inspired by the image of the supernova.  ARTISTS: A.O. LAURA ABERHAM, MARGR\u00c9T H. BL\u00d6NDAL, ZUZANNA CZEBATUL, BJ\u00d6RN DAHLEM, DAVID DIAO, HANNAH SOPHIE DUNKELBERG, NADINE FECHT, LIAM GILLICK, JANA GUNSTHEIMER, NSCHOTSCHI HASLINGER, STEF HEIDHUES, JUDITH HOPF, VERENA ISSEL, CHRISTIN KAISER, IAN KIAER, RAGNAR KJARTANSSON, VERA KOX, SCHIRIN KRETSCHMANN, YUTAKA MAKINO, STEFAN MARX, ERIC MEIER, AD MINOLITI, BRUCE NAUMAN, PRINZ GHOLAM, HANNAH RATH, KARIN SANDER, FETTE SANS, KATRIN STEIGER, JAN TICHY, WOLFGANG TILLMANS, IGNACIO URIARTE, ROBIN WAART, YOUNG BOY DANCING GROUP, FRANCIS ZEISCHEGG, KARLA ZIPFEL AND MANY MORE\" \/>\n<meta property=\"og:url\" content=\"https:\/\/dcv-books.com\/en\/produkt\/boom-7-jahre-nova-space\/\" \/>\n<meta property=\"og:site_name\" content=\"DCV\" \/>\n<meta property=\"article:modified_time\" content=\"2026-04-13T13:02:01+00:00\" \/>\n<meta property=\"og:image\" content=\"https:\/\/dcv-books.com\/wp-content\/uploads\/2025\/06\/NOVA-BOOM-Cover-Ansicht_crop_web.jpg\" \/>\n\t<meta property=\"og:image:width\" content=\"1775\" \/>\n\t<meta property=\"og:image:height\" content=\"2500\" \/>\n\t<meta property=\"og:image:type\" content=\"image\/jpeg\" \/>\n<meta name=\"twitter:card\" content=\"summary_large_image\" \/>\n<meta name=\"twitter:label1\" content=\"Est. reading time\" \/>\n\t<meta name=\"twitter:data1\" content=\"2 minutes\" \/>\n<script type=\"application\/ld+json\" class=\"yoast-schema-graph\">{\"@context\":\"https:\/\/schema.org\",\"@graph\":[{\"@type\":\"WebPage\",\"@id\":\"https:\/\/dcv-books.com\/en\/produkt\/boom-7-jahre-nova-space\/\",\"url\":\"https:\/\/dcv-books.com\/en\/produkt\/boom-7-jahre-nova-space\/\",\"name\":\"BOOM! - 7 years of nova space - DCV\",\"isPartOf\":{\"@id\":\"https:\/\/dcv-books.com\/#website\"},\"primaryImageOfPage\":{\"@id\":\"https:\/\/dcv-books.com\/en\/produkt\/boom-7-jahre-nova-space\/#primaryimage\"},\"image\":{\"@id\":\"https:\/\/dcv-books.com\/en\/produkt\/boom-7-jahre-nova-space\/#primaryimage\"},\"thumbnailUrl\":\"https:\/\/dcv-books.com\/wp-content\/uploads\/2025\/06\/NOVA-BOOM-Cover-Ansicht_crop_web.jpg\",\"datePublished\":\"2026-04-13T13:00:47+00:00\",\"dateModified\":\"2026-04-13T13:02:01+00:00\",\"breadcrumb\":{\"@id\":\"https:\/\/dcv-books.com\/en\/produkt\/boom-7-jahre-nova-space\/#breadcrumb\"},\"inLanguage\":\"en-US\",\"potentialAction\":[{\"@type\":\"ReadAction\",\"target\":[\"https:\/\/dcv-books.com\/en\/produkt\/boom-7-jahre-nova-space\/\"]}]},{\"@type\":\"ImageObject\",\"inLanguage\":\"en-US\",\"@id\":\"https:\/\/dcv-books.com\/en\/produkt\/boom-7-jahre-nova-space\/#primaryimage\",\"url\":\"https:\/\/dcv-books.com\/wp-content\/uploads\/2025\/06\/NOVA-BOOM-Cover-Ansicht_crop_web.jpg\",\"contentUrl\":\"https:\/\/dcv-books.com\/wp-content\/uploads\/2025\/06\/NOVA-BOOM-Cover-Ansicht_crop_web.jpg\",\"width\":1775,\"height\":2500},{\"@type\":\"BreadcrumbList\",\"@id\":\"https:\/\/dcv-books.com\/en\/produkt\/boom-7-jahre-nova-space\/#breadcrumb\",\"itemListElement\":[{\"@type\":\"ListItem\",\"position\":1,\"name\":\"Startseite\",\"item\":\"https:\/\/dcv-books.com\/en\/\"},{\"@type\":\"ListItem\",\"position\":2,\"name\":\"BOOM! &#8211; 7 years of nova space\"}]},{\"@type\":\"WebSite\",\"@id\":\"https:\/\/dcv-books.com\/#website\",\"url\":\"https:\/\/dcv-books.com\/\",\"name\":\"DCV\",\"description\":\"Dr. Cantz&#039;sche Verlagsgesellschaft mbH &amp; Co. KG\",\"potentialAction\":[{\"@type\":\"SearchAction\",\"target\":{\"@type\":\"EntryPoint\",\"urlTemplate\":\"https:\/\/dcv-books.com\/?s={search_term_string}\"},\"query-input\":{\"@type\":\"PropertyValueSpecification\",\"valueRequired\":true,\"valueName\":\"search_term_string\"}}],\"inLanguage\":\"en-US\"}]}<\/script>\n<!-- \/ Yoast SEO plugin. -->","yoast_head_json":{"title":"BOOM! - 7 years of nova space - DCV","robots":{"index":"index","follow":"follow","max-snippet":"max-snippet:-1","max-image-preview":"max-image-preview:large","max-video-preview":"max-video-preview:-1"},"canonical":"https:\/\/dcv-books.com\/en\/produkt\/boom-7-jahre-nova-space\/","og_locale":"en_US","og_type":"article","og_title":"BOOM! - 7 years of nova space - DCV","og_description":"From 2019 to 2025, nova space, Bauhaus-Universit\u00e4t Weimar\u2019s university gallery put up 21 projects, which this volume documents in image and text.\u00a0As both an experimentation field and meeting place, nova connected international artists, students, faculty, and the public under the enthusiastic direction of curator Katharina Wendler. Her essay provides insight into the unique history of this mobile and interdisciplinary gallery, its program as well as the continuous development of new curatorial formats. The final act of nova is an exhibition in book form, for which artists, architects, designers, typographers, and filmmakers were invited to create work that freely associates around the theme of BOOM!\u2014inspired by the image of the supernova.  ARTISTS: A.O. LAURA ABERHAM, MARGR\u00c9T H. BL\u00d6NDAL, ZUZANNA CZEBATUL, BJ\u00d6RN DAHLEM, DAVID DIAO, HANNAH SOPHIE DUNKELBERG, NADINE FECHT, LIAM GILLICK, JANA GUNSTHEIMER, NSCHOTSCHI HASLINGER, STEF HEIDHUES, JUDITH HOPF, VERENA ISSEL, CHRISTIN KAISER, IAN KIAER, RAGNAR KJARTANSSON, VERA KOX, SCHIRIN KRETSCHMANN, YUTAKA MAKINO, STEFAN MARX, ERIC MEIER, AD MINOLITI, BRUCE NAUMAN, PRINZ GHOLAM, HANNAH RATH, KARIN SANDER, FETTE SANS, KATRIN STEIGER, JAN TICHY, WOLFGANG TILLMANS, IGNACIO URIARTE, ROBIN WAART, YOUNG BOY DANCING GROUP, FRANCIS ZEISCHEGG, KARLA ZIPFEL AND MANY MORE","og_url":"https:\/\/dcv-books.com\/en\/produkt\/boom-7-jahre-nova-space\/","og_site_name":"DCV","article_modified_time":"2026-04-13T13:02:01+00:00","og_image":[{"width":1775,"height":2500,"url":"https:\/\/dcv-books.com\/wp-content\/uploads\/2025\/06\/NOVA-BOOM-Cover-Ansicht_crop_web.jpg","type":"image\/jpeg"}],"twitter_card":"summary_large_image","twitter_misc":{"Est. reading time":"2 minutes"},"schema":{"@context":"https:\/\/schema.org","@graph":[{"@type":"WebPage","@id":"https:\/\/dcv-books.com\/en\/produkt\/boom-7-jahre-nova-space\/","url":"https:\/\/dcv-books.com\/en\/produkt\/boom-7-jahre-nova-space\/","name":"BOOM! - 7 years of nova space - DCV","isPartOf":{"@id":"https:\/\/dcv-books.com\/#website"},"primaryImageOfPage":{"@id":"https:\/\/dcv-books.com\/en\/produkt\/boom-7-jahre-nova-space\/#primaryimage"},"image":{"@id":"https:\/\/dcv-books.com\/en\/produkt\/boom-7-jahre-nova-space\/#primaryimage"},"thumbnailUrl":"https:\/\/dcv-books.com\/wp-content\/uploads\/2025\/06\/NOVA-BOOM-Cover-Ansicht_crop_web.jpg","datePublished":"2026-04-13T13:00:47+00:00","dateModified":"2026-04-13T13:02:01+00:00","breadcrumb":{"@id":"https:\/\/dcv-books.com\/en\/produkt\/boom-7-jahre-nova-space\/#breadcrumb"},"inLanguage":"en-US","potentialAction":[{"@type":"ReadAction","target":["https:\/\/dcv-books.com\/en\/produkt\/boom-7-jahre-nova-space\/"]}]},{"@type":"ImageObject","inLanguage":"en-US","@id":"https:\/\/dcv-books.com\/en\/produkt\/boom-7-jahre-nova-space\/#primaryimage","url":"https:\/\/dcv-books.com\/wp-content\/uploads\/2025\/06\/NOVA-BOOM-Cover-Ansicht_crop_web.jpg","contentUrl":"https:\/\/dcv-books.com\/wp-content\/uploads\/2025\/06\/NOVA-BOOM-Cover-Ansicht_crop_web.jpg","width":1775,"height":2500},{"@type":"BreadcrumbList","@id":"https:\/\/dcv-books.com\/en\/produkt\/boom-7-jahre-nova-space\/#breadcrumb","itemListElement":[{"@type":"ListItem","position":1,"name":"Startseite","item":"https:\/\/dcv-books.com\/en\/"},{"@type":"ListItem","position":2,"name":"BOOM! &#8211; 7 years of nova space"}]},{"@type":"WebSite","@id":"https:\/\/dcv-books.com\/#website","url":"https:\/\/dcv-books.com\/","name":"DCV","description":"Dr. Cantz&#039;sche Verlagsgesellschaft mbH &amp; Co. KG","potentialAction":[{"@type":"SearchAction","target":{"@type":"EntryPoint","urlTemplate":"https:\/\/dcv-books.com\/?s={search_term_string}"},"query-input":{"@type":"PropertyValueSpecification","valueRequired":true,"valueName":"search_term_string"}}],"inLanguage":"en-US"}]}},"_links":{"self":[{"href":"https:\/\/dcv-books.com\/en\/wp-json\/wp\/v2\/product\/25937","targetHints":{"allow":["GET"]}}],"collection":[{"href":"https:\/\/dcv-books.com\/en\/wp-json\/wp\/v2\/product"}],"about":[{"href":"https:\/\/dcv-books.com\/en\/wp-json\/wp\/v2\/types\/product"}],"wp:featuredmedia":[{"embeddable":true,"href":"https:\/\/dcv-books.com\/en\/wp-json\/wp\/v2\/media\/26412"}],"wp:attachment":[{"href":"https:\/\/dcv-books.com\/en\/wp-json\/wp\/v2\/media?parent=25937"}],"wp:term":[{"taxonomy":"product_brand","embeddable":true,"href":"https:\/\/dcv-books.com\/en\/wp-json\/wp\/v2\/product_brand?post=25937"},{"taxonomy":"product_cat","embeddable":true,"href":"https:\/\/dcv-books.com\/en\/wp-json\/wp\/v2\/product_cat?post=25937"},{"taxonomy":"product_tag","embeddable":true,"href":"https:\/\/dcv-books.com\/en\/wp-json\/wp\/v2\/product_tag?post=25937"}],"curies":[{"name":"wp","href":"https:\/\/api.w.org\/{rel}","templated":true}]}}