{"id":25489,"date":"2025-07-28T13:10:17","date_gmt":"2025-08-25T14:02:17","guid":{"rendered":"https:\/\/dcv-books.com\/produkt\/sibylle-springer-ferne-spiegel-distant-mirrors\/"},"modified":"2025-10-08T18:03:19","modified_gmt":"2025-10-08T16:03:19","slug":"sibylle-springer-ferne-spiegel-distant-mirrors","status":"publish","type":"product","link":"https:\/\/dcv-books.com\/en\/produkt\/sibylle-springer-ferne-spiegel-distant-mirrors\/","title":{"rendered":"Sibylle Springer &#8211;<br> Ferne Spiegel \/ Distant Mirrors"},"content":{"rendered":"<p><span style=\"font-weight: 400;\">The paintings of Sibylle Springer (born 1975, lives in Bremen) focus on the role of women in the art world of the digital age. For her portrait series <em>Feed<\/em>, she has painted 40 female artists to date, based on staged photographs from their Instagram feeds. &#8220;Is social media an instrument of emancipation, or does it even lead to new forms of objectification?&#8221; (Kohout) In <em>Wait for It<\/em>, Springer copied pop stars from the internet, but used a silver paint that oxidizes the canvases, thus aging the eternally youthful icons before our eyes\u2014precisely what digital image control seeks to prevent. In her more recent textile objects, Springer interweaves female artists of the past and present. This informative book accompanies her exhibition at the Kunstverein Bremen.<\/span><\/p>\n<p>&nbsp;<\/p>\n<p><span style=\"font-weight: 400;\">Die Malerei von Sibylle Springer (geb. 1975, lebt in Bremen) widmet sich der Rolle von Frauen in der Kunstwelt des digitalen Zeitalters. F\u00fcr ihre Portraitserie <em>Feed<\/em> malte sie bisher 40 K\u00fcnstlerinnen, basierend auf fotografischen Selbstinszenierungen aus deren Instagram-Feeds. \u201cSind Soziale Medien Instrumente der Emanzipation oder f\u00fchren sie gar zu neuen\u00a0 Formen der Objektifizierung?\u201d (Kohout) F\u00fcr <em>Wait for It<\/em> kopierte Springer Popstars aus dem Netz, aber benutzte ein die Leinw\u00e4nde oxidierendes Silber, das die ewig-jungen Ikonen vor unseren Augen altern l\u00e4sst, gerade das, was digitale Imagekontrolle zu verhindern sucht. In neueren, textilen Objekten verkn\u00fcpft Springer K\u00fcnstlerinnen der Vergangenheit und Gegenwart. Dieses informative Buch begleitet ihre Ausstellung im Kunstverein Bremen.<\/span><\/p>\n<p>&nbsp;<\/p>\n<p><strong>FERNE SPIEGEL \/ DISTANT MIRRORS<\/strong><br \/>\nKUNSTHALLE BREMEN<br \/>\nUNTIL JANUARY 11, 2026<\/p>\n<p><a href=\"https:\/\/www.kunsthalle-bremen.de\/en\">more info here<\/a><\/p>\n","protected":false},"excerpt":{"rendered":"<p><span style=\"font-weight: 400;\">The paintings of Sibylle Springer (born 1975, lives in Bremen) focus on the role of women in the art world of the digital age. For her portrait series <em>Feed<\/em>, she has painted 40 female artists to date, based on staged photographs from their Instagram feeds. &#8220;Is social media an instrument of emancipation, or does it even lead to new forms of objectification?&#8221; (Kohout) In <em>Wait for It<\/em>, Springer copied pop stars from the internet, but used a silver paint that oxidizes the canvases, thus aging the eternally youthful icons before our eyes\u2014precisely what digital image control seeks to prevent. In her more recent textile objects, Springer interweaves female artists of the past and present. This informative book accompanies her exhibition at the Kunstverein Bremen.<\/span><\/p>\n<p>&nbsp;<\/p>\n<p><span style=\"font-weight: 400;\">Die Malerei von Sibylle Springer (geb. 1975, lebt in Bremen) widmet sich der Rolle von Frauen in der Kunstwelt des digitalen Zeitalters. F\u00fcr ihre Portraitserie <em>Feed<\/em> malte sie bisher 40 K\u00fcnstlerinnen, basierend auf fotografischen Selbstinszenierungen aus deren Instagram-Feeds. \u201cSind Soziale Medien Instrumente der Emanzipation oder f\u00fchren sie gar zu neuen\u00a0 Formen der Objektifizierung?\u201d (Kohout) F\u00fcr <em>Wait for It<\/em> kopierte Springer Popstars aus dem Netz, aber benutzte ein die Leinw\u00e4nde oxidierendes Silber, das die ewig-jungen Ikonen vor unseren Augen altern l\u00e4sst, gerade das, was digitale Imagekontrolle zu verhindern sucht. In neueren, textilen Objekten verkn\u00fcpft Springer K\u00fcnstlerinnen der Vergangenheit und Gegenwart. Dieses informative Buch begleitet ihre Ausstellung im Kunstverein Bremen.<\/span><\/p>\n<p>&nbsp;<\/p>\n<p><strong>FERNE SPIEGEL \/ DISTANT MIRRORS<\/strong><br \/>\nKUNSTHALLE BREMEN<br \/>\nUNTIL JANUARY 11, 2026<\/p>\n<p><a href=\"https:\/\/www.kunsthalle-bremen.de\/en\">more info here<\/a><\/p>\n","protected":false},"featured_media":25751,"template":"","meta":{"_acf_changed":false},"product_brand":[],"product_cat":[2208,2215,2213],"product_tag":[5326,5325,5324,5323],"class_list":{"0":"post-25489","1":"product","2":"type-product","3":"status-publish","4":"has-post-thumbnail","6":"product_cat-all-books","7":"product_cat-new-arrivals","8":"product_cat-painting","9":"product_tag-distant-mirrors-en","10":"product_tag-ferne-spiegel-en","11":"product_tag-ferne-spiegel-distant-mirrors-en","12":"product_tag-sibylle-springer-en","14":"first","15":"instock","16":"taxable","17":"shipping-taxable","18":"purchasable","19":"product-type-simple"},"acf":[],"yoast_head":"<!-- This site is optimized with the Yoast SEO plugin v27.1.1 - https:\/\/yoast.com\/product\/yoast-seo-wordpress\/ -->\n<title>Sibylle Springer - Ferne Spiegel \/ Distant Mirrors - DCV<\/title>\n<meta name=\"robots\" content=\"index, follow, max-snippet:-1, max-image-preview:large, max-video-preview:-1\" \/>\n<link rel=\"canonical\" href=\"https:\/\/dcv-books.com\/en\/produkt\/sibylle-springer-ferne-spiegel-distant-mirrors\/\" \/>\n<meta property=\"og:locale\" content=\"en_US\" \/>\n<meta property=\"og:type\" content=\"article\" \/>\n<meta property=\"og:title\" content=\"Sibylle Springer - Ferne Spiegel \/ Distant Mirrors - DCV\" \/>\n<meta property=\"og:description\" content=\"The paintings of Sibylle Springer (born 1975, lives in Bremen) focus on the role of women in the art world of the digital age. For her portrait series Feed, she has painted 40 female artists to date, based on staged photographs from their Instagram feeds. &quot;Is social media an instrument of emancipation, or does it even lead to new forms of objectification?&quot; (Kohout) In Wait for It, Springer copied pop stars from the internet, but used a silver paint that oxidizes the canvases, thus aging the eternally youthful icons before our eyes\u2014precisely what digital image control seeks to prevent. In her more recent textile objects, Springer interweaves female artists of the past and present. This informative book accompanies her exhibition at the Kunstverein Bremen.  &nbsp;  Die Malerei von Sibylle Springer (geb. 1975, lebt in Bremen) widmet sich der Rolle von Frauen in der Kunstwelt des digitalen Zeitalters. F\u00fcr ihre Portraitserie Feed malte sie bisher 40 K\u00fcnstlerinnen, basierend auf fotografischen Selbstinszenierungen aus deren Instagram-Feeds. \u201cSind Soziale Medien Instrumente der Emanzipation oder f\u00fchren sie gar zu neuen\u00a0 Formen der Objektifizierung?\u201d (Kohout) F\u00fcr Wait for It kopierte Springer Popstars aus dem Netz, aber benutzte ein die Leinw\u00e4nde oxidierendes Silber, das die ewig-jungen Ikonen vor unseren Augen altern l\u00e4sst, gerade das, was digitale Imagekontrolle zu verhindern sucht. In neueren, textilen Objekten verkn\u00fcpft Springer K\u00fcnstlerinnen der Vergangenheit und Gegenwart. Dieses informative Buch begleitet ihre Ausstellung im Kunstverein Bremen.  &nbsp;  FERNE SPIEGEL \/ DISTANT MIRRORS KUNSTHALLE BREMEN UNTIL JANUARY 11, 2026  more info here\" \/>\n<meta property=\"og:url\" content=\"https:\/\/dcv-books.com\/en\/produkt\/sibylle-springer-ferne-spiegel-distant-mirrors\/\" \/>\n<meta property=\"og:site_name\" content=\"DCV\" \/>\n<meta property=\"article:modified_time\" content=\"2025-10-08T16:03:19+00:00\" \/>\n<meta property=\"og:image\" content=\"https:\/\/dcv-books.com\/wp-content\/uploads\/2025\/08\/Springer_Sibylle_PreviewCover_web.jpg\" \/>\n\t<meta property=\"og:image:width\" content=\"2000\" \/>\n\t<meta property=\"og:image:height\" content=\"2500\" \/>\n\t<meta property=\"og:image:type\" content=\"image\/jpeg\" \/>\n<meta name=\"twitter:card\" content=\"summary_large_image\" \/>\n<meta name=\"twitter:label1\" content=\"Est. reading time\" \/>\n\t<meta name=\"twitter:data1\" content=\"1 minute\" \/>\n<script type=\"application\/ld+json\" class=\"yoast-schema-graph\">{\"@context\":\"https:\/\/schema.org\",\"@graph\":[{\"@type\":\"WebPage\",\"@id\":\"https:\/\/dcv-books.com\/en\/produkt\/sibylle-springer-ferne-spiegel-distant-mirrors\/\",\"url\":\"https:\/\/dcv-books.com\/en\/produkt\/sibylle-springer-ferne-spiegel-distant-mirrors\/\",\"name\":\"Sibylle Springer - Ferne Spiegel \/ Distant Mirrors - DCV\",\"isPartOf\":{\"@id\":\"https:\/\/dcv-books.com\/#website\"},\"primaryImageOfPage\":{\"@id\":\"https:\/\/dcv-books.com\/en\/produkt\/sibylle-springer-ferne-spiegel-distant-mirrors\/#primaryimage\"},\"image\":{\"@id\":\"https:\/\/dcv-books.com\/en\/produkt\/sibylle-springer-ferne-spiegel-distant-mirrors\/#primaryimage\"},\"thumbnailUrl\":\"https:\/\/dcv-books.com\/wp-content\/uploads\/2025\/07\/Sibylle_Springer_01_frontansicht_web-2.jpg\",\"datePublished\":\"2025-08-25T14:02:17+00:00\",\"dateModified\":\"2025-10-08T16:03:19+00:00\",\"breadcrumb\":{\"@id\":\"https:\/\/dcv-books.com\/en\/produkt\/sibylle-springer-ferne-spiegel-distant-mirrors\/#breadcrumb\"},\"inLanguage\":\"en-US\",\"potentialAction\":[{\"@type\":\"ReadAction\",\"target\":[\"https:\/\/dcv-books.com\/en\/produkt\/sibylle-springer-ferne-spiegel-distant-mirrors\/\"]}]},{\"@type\":\"ImageObject\",\"inLanguage\":\"en-US\",\"@id\":\"https:\/\/dcv-books.com\/en\/produkt\/sibylle-springer-ferne-spiegel-distant-mirrors\/#primaryimage\",\"url\":\"https:\/\/dcv-books.com\/wp-content\/uploads\/2025\/07\/Sibylle_Springer_01_frontansicht_web-2.jpg\",\"contentUrl\":\"https:\/\/dcv-books.com\/wp-content\/uploads\/2025\/07\/Sibylle_Springer_01_frontansicht_web-2.jpg\",\"width\":1519,\"height\":1899},{\"@type\":\"BreadcrumbList\",\"@id\":\"https:\/\/dcv-books.com\/en\/produkt\/sibylle-springer-ferne-spiegel-distant-mirrors\/#breadcrumb\",\"itemListElement\":[{\"@type\":\"ListItem\",\"position\":1,\"name\":\"Startseite\",\"item\":\"https:\/\/dcv-books.com\/en\/\"},{\"@type\":\"ListItem\",\"position\":2,\"name\":\"Sibylle Springer &#8211; Ferne Spiegel \/ Distant Mirrors\"}]},{\"@type\":\"WebSite\",\"@id\":\"https:\/\/dcv-books.com\/#website\",\"url\":\"https:\/\/dcv-books.com\/\",\"name\":\"DCV\",\"description\":\"Dr. Cantz&#039;sche Verlagsgesellschaft mbH &amp; Co. KG\",\"potentialAction\":[{\"@type\":\"SearchAction\",\"target\":{\"@type\":\"EntryPoint\",\"urlTemplate\":\"https:\/\/dcv-books.com\/?s={search_term_string}\"},\"query-input\":{\"@type\":\"PropertyValueSpecification\",\"valueRequired\":true,\"valueName\":\"search_term_string\"}}],\"inLanguage\":\"en-US\"}]}<\/script>\n<!-- \/ Yoast SEO plugin. -->","yoast_head_json":{"title":"Sibylle Springer - Ferne Spiegel \/ Distant Mirrors - DCV","robots":{"index":"index","follow":"follow","max-snippet":"max-snippet:-1","max-image-preview":"max-image-preview:large","max-video-preview":"max-video-preview:-1"},"canonical":"https:\/\/dcv-books.com\/en\/produkt\/sibylle-springer-ferne-spiegel-distant-mirrors\/","og_locale":"en_US","og_type":"article","og_title":"Sibylle Springer - Ferne Spiegel \/ Distant Mirrors - DCV","og_description":"The paintings of Sibylle Springer (born 1975, lives in Bremen) focus on the role of women in the art world of the digital age. For her portrait series Feed, she has painted 40 female artists to date, based on staged photographs from their Instagram feeds. \"Is social media an instrument of emancipation, or does it even lead to new forms of objectification?\" (Kohout) In Wait for It, Springer copied pop stars from the internet, but used a silver paint that oxidizes the canvases, thus aging the eternally youthful icons before our eyes\u2014precisely what digital image control seeks to prevent. In her more recent textile objects, Springer interweaves female artists of the past and present. This informative book accompanies her exhibition at the Kunstverein Bremen.  &nbsp;  Die Malerei von Sibylle Springer (geb. 1975, lebt in Bremen) widmet sich der Rolle von Frauen in der Kunstwelt des digitalen Zeitalters. F\u00fcr ihre Portraitserie Feed malte sie bisher 40 K\u00fcnstlerinnen, basierend auf fotografischen Selbstinszenierungen aus deren Instagram-Feeds. \u201cSind Soziale Medien Instrumente der Emanzipation oder f\u00fchren sie gar zu neuen\u00a0 Formen der Objektifizierung?\u201d (Kohout) F\u00fcr Wait for It kopierte Springer Popstars aus dem Netz, aber benutzte ein die Leinw\u00e4nde oxidierendes Silber, das die ewig-jungen Ikonen vor unseren Augen altern l\u00e4sst, gerade das, was digitale Imagekontrolle zu verhindern sucht. In neueren, textilen Objekten verkn\u00fcpft Springer K\u00fcnstlerinnen der Vergangenheit und Gegenwart. Dieses informative Buch begleitet ihre Ausstellung im Kunstverein Bremen.  &nbsp;  FERNE SPIEGEL \/ DISTANT MIRRORS KUNSTHALLE BREMEN UNTIL JANUARY 11, 2026  more info here","og_url":"https:\/\/dcv-books.com\/en\/produkt\/sibylle-springer-ferne-spiegel-distant-mirrors\/","og_site_name":"DCV","article_modified_time":"2025-10-08T16:03:19+00:00","og_image":[{"width":2000,"height":2500,"url":"https:\/\/dcv-books.com\/wp-content\/uploads\/2025\/08\/Springer_Sibylle_PreviewCover_web.jpg","type":"image\/jpeg"}],"twitter_card":"summary_large_image","twitter_misc":{"Est. reading time":"1 minute"},"schema":{"@context":"https:\/\/schema.org","@graph":[{"@type":"WebPage","@id":"https:\/\/dcv-books.com\/en\/produkt\/sibylle-springer-ferne-spiegel-distant-mirrors\/","url":"https:\/\/dcv-books.com\/en\/produkt\/sibylle-springer-ferne-spiegel-distant-mirrors\/","name":"Sibylle Springer - Ferne Spiegel \/ Distant Mirrors - DCV","isPartOf":{"@id":"https:\/\/dcv-books.com\/#website"},"primaryImageOfPage":{"@id":"https:\/\/dcv-books.com\/en\/produkt\/sibylle-springer-ferne-spiegel-distant-mirrors\/#primaryimage"},"image":{"@id":"https:\/\/dcv-books.com\/en\/produkt\/sibylle-springer-ferne-spiegel-distant-mirrors\/#primaryimage"},"thumbnailUrl":"https:\/\/dcv-books.com\/wp-content\/uploads\/2025\/07\/Sibylle_Springer_01_frontansicht_web-2.jpg","datePublished":"2025-08-25T14:02:17+00:00","dateModified":"2025-10-08T16:03:19+00:00","breadcrumb":{"@id":"https:\/\/dcv-books.com\/en\/produkt\/sibylle-springer-ferne-spiegel-distant-mirrors\/#breadcrumb"},"inLanguage":"en-US","potentialAction":[{"@type":"ReadAction","target":["https:\/\/dcv-books.com\/en\/produkt\/sibylle-springer-ferne-spiegel-distant-mirrors\/"]}]},{"@type":"ImageObject","inLanguage":"en-US","@id":"https:\/\/dcv-books.com\/en\/produkt\/sibylle-springer-ferne-spiegel-distant-mirrors\/#primaryimage","url":"https:\/\/dcv-books.com\/wp-content\/uploads\/2025\/07\/Sibylle_Springer_01_frontansicht_web-2.jpg","contentUrl":"https:\/\/dcv-books.com\/wp-content\/uploads\/2025\/07\/Sibylle_Springer_01_frontansicht_web-2.jpg","width":1519,"height":1899},{"@type":"BreadcrumbList","@id":"https:\/\/dcv-books.com\/en\/produkt\/sibylle-springer-ferne-spiegel-distant-mirrors\/#breadcrumb","itemListElement":[{"@type":"ListItem","position":1,"name":"Startseite","item":"https:\/\/dcv-books.com\/en\/"},{"@type":"ListItem","position":2,"name":"Sibylle Springer &#8211; Ferne Spiegel \/ Distant Mirrors"}]},{"@type":"WebSite","@id":"https:\/\/dcv-books.com\/#website","url":"https:\/\/dcv-books.com\/","name":"DCV","description":"Dr. Cantz&#039;sche Verlagsgesellschaft mbH &amp; Co. KG","potentialAction":[{"@type":"SearchAction","target":{"@type":"EntryPoint","urlTemplate":"https:\/\/dcv-books.com\/?s={search_term_string}"},"query-input":{"@type":"PropertyValueSpecification","valueRequired":true,"valueName":"search_term_string"}}],"inLanguage":"en-US"}]}},"_links":{"self":[{"href":"https:\/\/dcv-books.com\/en\/wp-json\/wp\/v2\/product\/25489","targetHints":{"allow":["GET"]}}],"collection":[{"href":"https:\/\/dcv-books.com\/en\/wp-json\/wp\/v2\/product"}],"about":[{"href":"https:\/\/dcv-books.com\/en\/wp-json\/wp\/v2\/types\/product"}],"wp:featuredmedia":[{"embeddable":true,"href":"https:\/\/dcv-books.com\/en\/wp-json\/wp\/v2\/media\/25751"}],"wp:attachment":[{"href":"https:\/\/dcv-books.com\/en\/wp-json\/wp\/v2\/media?parent=25489"}],"wp:term":[{"taxonomy":"product_brand","embeddable":true,"href":"https:\/\/dcv-books.com\/en\/wp-json\/wp\/v2\/product_brand?post=25489"},{"taxonomy":"product_cat","embeddable":true,"href":"https:\/\/dcv-books.com\/en\/wp-json\/wp\/v2\/product_cat?post=25489"},{"taxonomy":"product_tag","embeddable":true,"href":"https:\/\/dcv-books.com\/en\/wp-json\/wp\/v2\/product_tag?post=25489"}],"curies":[{"name":"wp","href":"https:\/\/api.w.org\/{rel}","templated":true}]}}