{"id":25041,"date":"2025-06-10T17:00:45","date_gmt":"2025-05-16T15:55:45","guid":{"rendered":"https:\/\/dcv-books.com\/produkt\/werner-schmidt-james-joyce-und-die-farben-des-ulysses\/"},"modified":"2025-07-22T17:42:12","modified_gmt":"2025-07-22T15:42:12","slug":"werner-schmidt-james-joyce-und-die-farben-des-ulysses","status":"publish","type":"product","link":"https:\/\/dcv-books.com\/en\/produkt\/werner-schmidt-james-joyce-und-die-farben-des-ulysses\/","title":{"rendered":"Werner Schmidt &#8211;<br> James Joyce und die Farben des Ulysses"},"content":{"rendered":"<p><span style=\"font-weight: 400;\">This imposing volume is the fruit of the artist Werner Schmidt\u2019s decades-long immersion in the preeminent literary monument of the twentieth century: James Joyce\u2019s <\/span><i><span style=\"font-weight: 400;\">Ulysses<\/span><\/i><span style=\"font-weight: 400;\">.<\/span><\/p>\n<p><span style=\"font-weight: 400;\">What began as a personal reader\u2019s voyage now attains definite form in an eloquently colorful, interdisciplinary and polyphonic tribute\u2014a work between literary study, theory of color, visual art, and reflection on language.<\/span><\/p>\n<p><span style=\"font-weight: 400;\">In the book\u2019s first part, Schmidt analyzes and visualizes the use of colors in <\/span><i><span style=\"font-weight: 400;\">Ulysses<\/span><\/i><span style=\"font-weight: 400;\"> in unique chromatic diagrams and coded color stripes that were literally painted on the walls in exhibitions. They are complemented by a series of photographs taken in Dublin, the novel\u2019s setting, and accompanied by probing meditations on literary and linguistic facets and aspects of politics and the history of religion in the Joycean universe.<\/span><\/p>\n<p><span style=\"font-weight: 400;\">The second part gathers the voices of twenty renowned Joyce scholars, who, in five thematically organized chapters, share their perspectives on the color, texture, structure, and effect of <\/span><i><span style=\"font-weight: 400;\">Ulysses<\/span><\/i><span style=\"font-weight: 400;\">.<\/span><\/p>\n<p><span style=\"font-weight: 400;\">A feast for all who revere Joyce\u2014and a gift of anyone who would not just read but truly wrap their mind around literature in its boldest and most luminous incarnation.<\/span><\/p>\n<p><strong>With texts by Florian Arnold, Doroth\u00e9e Bauerle-Willert, Erik Bindervoet, Heinz Br\u00fcggemann, Jakob Br\u00fcssermann, Michael Deckard, Toni Hildebrandt, Otto J\u00e4gersberg, Christa-Maria Lerm Hayes, J\u016brat\u0117 Levina, Susanne Peters, Christoph Poetsch, Saskia C. Quen\u00e9, Dieter Ronte, Werner Schmidt, Fritz Senn, Dirk Teuber, Vega Tescari, Shane Walshe, Andreas Weigel, Keith Williams, Ursula Zeller<\/strong><\/p>\n<p>&nbsp;<\/p>\n","protected":false},"excerpt":{"rendered":"<p><span style=\"font-weight: 400;\">This imposing volume is the fruit of the artist Werner Schmidt\u2019s decades-long immersion in the preeminent literary monument of the twentieth century: James Joyce\u2019s <\/span><i><span style=\"font-weight: 400;\">Ulysses<\/span><\/i><span style=\"font-weight: 400;\">.<\/span><\/p>\n<p><span style=\"font-weight: 400;\">What began as a personal reader\u2019s voyage now attains definite form in an eloquently colorful, interdisciplinary and polyphonic tribute\u2014a work between literary study, theory of color, visual art, and reflection on language.<\/span><\/p>\n<p><span style=\"font-weight: 400;\">In the book\u2019s first part, Schmidt analyzes and visualizes the use of colors in <\/span><i><span style=\"font-weight: 400;\">Ulysses<\/span><\/i><span style=\"font-weight: 400;\"> in unique chromatic diagrams and coded color stripes that were literally painted on the walls in exhibitions. They are complemented by a series of photographs taken in Dublin, the novel\u2019s setting, and accompanied by probing meditations on literary and linguistic facets and aspects of politics and the history of religion in the Joycean universe.<\/span><\/p>\n<p><span style=\"font-weight: 400;\">The second part gathers the voices of twenty renowned Joyce scholars, who, in five thematically organized chapters, share their perspectives on the color, texture, structure, and effect of <\/span><i><span style=\"font-weight: 400;\">Ulysses<\/span><\/i><span style=\"font-weight: 400;\">.<\/span><\/p>\n<p><span style=\"font-weight: 400;\">A feast for all who revere Joyce\u2014and a gift of anyone who would not just read but truly wrap their mind around literature in its boldest and most luminous incarnation.<\/span><\/p>\n<p><strong>With texts by Florian Arnold, Doroth\u00e9e Bauerle-Willert, Erik Bindervoet, Heinz Br\u00fcggemann, Jakob Br\u00fcssermann, Michael Deckard, Toni Hildebrandt, Otto J\u00e4gersberg, Christa-Maria Lerm Hayes, J\u016brat\u0117 Levina, Susanne Peters, Christoph Poetsch, Saskia C. Quen\u00e9, Dieter Ronte, Werner Schmidt, Fritz Senn, Dirk Teuber, Vega Tescari, Shane Walshe, Andreas Weigel, Keith Williams, Ursula Zeller<\/strong><\/p>\n","protected":false},"featured_media":25026,"template":"","meta":{"_acf_changed":false},"product_brand":[],"product_cat":[2215,2218,2213],"product_tag":[5159,5160,5158],"class_list":{"0":"post-25041","1":"product","2":"type-product","3":"status-publish","4":"has-post-thumbnail","6":"product_cat-new-arrivals","7":"product_cat-on-art","8":"product_cat-painting","9":"product_tag-james-joyce-en","10":"product_tag-ulysses-en","11":"product_tag-werner-schmidt-en","13":"first","14":"instock","15":"taxable","16":"shipping-taxable","17":"purchasable","18":"product-type-simple"},"acf":[],"yoast_head":"<!-- This site is optimized with the Yoast SEO plugin v27.1.1 - https:\/\/yoast.com\/product\/yoast-seo-wordpress\/ -->\n<title>Werner Schmidt - James Joyce und die Farben des Ulysses - DCV<\/title>\n<meta name=\"robots\" content=\"index, follow, max-snippet:-1, max-image-preview:large, max-video-preview:-1\" \/>\n<link rel=\"canonical\" href=\"https:\/\/dcv-books.com\/en\/produkt\/werner-schmidt-james-joyce-und-die-farben-des-ulysses\/\" \/>\n<meta property=\"og:locale\" content=\"en_US\" \/>\n<meta property=\"og:type\" content=\"article\" \/>\n<meta property=\"og:title\" content=\"Werner Schmidt - James Joyce und die Farben des Ulysses - DCV\" \/>\n<meta property=\"og:description\" content=\"This imposing volume is the fruit of the artist Werner Schmidt\u2019s decades-long immersion in the preeminent literary monument of the twentieth century: James Joyce\u2019s Ulysses.  What began as a personal reader\u2019s voyage now attains definite form in an eloquently colorful, interdisciplinary and polyphonic tribute\u2014a work between literary study, theory of color, visual art, and reflection on language.  In the book\u2019s first part, Schmidt analyzes and visualizes the use of colors in Ulysses in unique chromatic diagrams and coded color stripes that were literally painted on the walls in exhibitions. They are complemented by a series of photographs taken in Dublin, the novel\u2019s setting, and accompanied by probing meditations on literary and linguistic facets and aspects of politics and the history of religion in the Joycean universe.  The second part gathers the voices of twenty renowned Joyce scholars, who, in five thematically organized chapters, share their perspectives on the color, texture, structure, and effect of Ulysses.  A feast for all who revere Joyce\u2014and a gift of anyone who would not just read but truly wrap their mind around literature in its boldest and most luminous incarnation.  With texts by Florian Arnold, Doroth\u00e9e Bauerle-Willert, Erik Bindervoet, Heinz Br\u00fcggemann, Jakob Br\u00fcssermann, Michael Deckard, Toni Hildebrandt, Otto J\u00e4gersberg, Christa-Maria Lerm Hayes, J\u016brat\u0117 Levina, Susanne Peters, Christoph Poetsch, Saskia C. Quen\u00e9, Dieter Ronte, Werner Schmidt, Fritz Senn, Dirk Teuber, Vega Tescari, Shane Walshe, Andreas Weigel, Keith Williams, Ursula Zeller\" \/>\n<meta property=\"og:url\" content=\"https:\/\/dcv-books.com\/en\/produkt\/werner-schmidt-james-joyce-und-die-farben-des-ulysses\/\" \/>\n<meta property=\"og:site_name\" content=\"DCV\" \/>\n<meta property=\"article:modified_time\" content=\"2025-07-22T15:42:12+00:00\" \/>\n<meta property=\"og:image\" content=\"https:\/\/dcv-books.com\/wp-content\/uploads\/2025\/05\/Schmidt_Ulysses_Cover_web.jpg\" \/>\n\t<meta property=\"og:image:width\" content=\"1848\" \/>\n\t<meta property=\"og:image:height\" content=\"2500\" \/>\n\t<meta property=\"og:image:type\" content=\"image\/jpeg\" \/>\n<meta name=\"twitter:card\" content=\"summary_large_image\" \/>\n<meta name=\"twitter:label1\" content=\"Est. reading time\" \/>\n\t<meta name=\"twitter:data1\" content=\"2 minutes\" \/>\n<script type=\"application\/ld+json\" class=\"yoast-schema-graph\">{\"@context\":\"https:\/\/schema.org\",\"@graph\":[{\"@type\":\"WebPage\",\"@id\":\"https:\/\/dcv-books.com\/en\/produkt\/werner-schmidt-james-joyce-und-die-farben-des-ulysses\/\",\"url\":\"https:\/\/dcv-books.com\/en\/produkt\/werner-schmidt-james-joyce-und-die-farben-des-ulysses\/\",\"name\":\"Werner Schmidt - James Joyce und die Farben des Ulysses - DCV\",\"isPartOf\":{\"@id\":\"https:\/\/dcv-books.com\/#website\"},\"primaryImageOfPage\":{\"@id\":\"https:\/\/dcv-books.com\/en\/produkt\/werner-schmidt-james-joyce-und-die-farben-des-ulysses\/#primaryimage\"},\"image\":{\"@id\":\"https:\/\/dcv-books.com\/en\/produkt\/werner-schmidt-james-joyce-und-die-farben-des-ulysses\/#primaryimage\"},\"thumbnailUrl\":\"https:\/\/dcv-books.com\/wp-content\/uploads\/2025\/05\/Schmidt_Ulysses_Cover_web.jpg\",\"datePublished\":\"2025-05-16T15:55:45+00:00\",\"dateModified\":\"2025-07-22T15:42:12+00:00\",\"breadcrumb\":{\"@id\":\"https:\/\/dcv-books.com\/en\/produkt\/werner-schmidt-james-joyce-und-die-farben-des-ulysses\/#breadcrumb\"},\"inLanguage\":\"en-US\",\"potentialAction\":[{\"@type\":\"ReadAction\",\"target\":[\"https:\/\/dcv-books.com\/en\/produkt\/werner-schmidt-james-joyce-und-die-farben-des-ulysses\/\"]}]},{\"@type\":\"ImageObject\",\"inLanguage\":\"en-US\",\"@id\":\"https:\/\/dcv-books.com\/en\/produkt\/werner-schmidt-james-joyce-und-die-farben-des-ulysses\/#primaryimage\",\"url\":\"https:\/\/dcv-books.com\/wp-content\/uploads\/2025\/05\/Schmidt_Ulysses_Cover_web.jpg\",\"contentUrl\":\"https:\/\/dcv-books.com\/wp-content\/uploads\/2025\/05\/Schmidt_Ulysses_Cover_web.jpg\",\"width\":1848,\"height\":2500},{\"@type\":\"BreadcrumbList\",\"@id\":\"https:\/\/dcv-books.com\/en\/produkt\/werner-schmidt-james-joyce-und-die-farben-des-ulysses\/#breadcrumb\",\"itemListElement\":[{\"@type\":\"ListItem\",\"position\":1,\"name\":\"Startseite\",\"item\":\"https:\/\/dcv-books.com\/en\/\"},{\"@type\":\"ListItem\",\"position\":2,\"name\":\"Werner Schmidt &#8211; James Joyce und die Farben des Ulysses\"}]},{\"@type\":\"WebSite\",\"@id\":\"https:\/\/dcv-books.com\/#website\",\"url\":\"https:\/\/dcv-books.com\/\",\"name\":\"DCV\",\"description\":\"Dr. Cantz&#039;sche Verlagsgesellschaft mbH &amp; Co. KG\",\"potentialAction\":[{\"@type\":\"SearchAction\",\"target\":{\"@type\":\"EntryPoint\",\"urlTemplate\":\"https:\/\/dcv-books.com\/?s={search_term_string}\"},\"query-input\":{\"@type\":\"PropertyValueSpecification\",\"valueRequired\":true,\"valueName\":\"search_term_string\"}}],\"inLanguage\":\"en-US\"}]}<\/script>\n<!-- \/ Yoast SEO plugin. -->","yoast_head_json":{"title":"Werner Schmidt - James Joyce und die Farben des Ulysses - DCV","robots":{"index":"index","follow":"follow","max-snippet":"max-snippet:-1","max-image-preview":"max-image-preview:large","max-video-preview":"max-video-preview:-1"},"canonical":"https:\/\/dcv-books.com\/en\/produkt\/werner-schmidt-james-joyce-und-die-farben-des-ulysses\/","og_locale":"en_US","og_type":"article","og_title":"Werner Schmidt - James Joyce und die Farben des Ulysses - DCV","og_description":"This imposing volume is the fruit of the artist Werner Schmidt\u2019s decades-long immersion in the preeminent literary monument of the twentieth century: James Joyce\u2019s Ulysses.  What began as a personal reader\u2019s voyage now attains definite form in an eloquently colorful, interdisciplinary and polyphonic tribute\u2014a work between literary study, theory of color, visual art, and reflection on language.  In the book\u2019s first part, Schmidt analyzes and visualizes the use of colors in Ulysses in unique chromatic diagrams and coded color stripes that were literally painted on the walls in exhibitions. They are complemented by a series of photographs taken in Dublin, the novel\u2019s setting, and accompanied by probing meditations on literary and linguistic facets and aspects of politics and the history of religion in the Joycean universe.  The second part gathers the voices of twenty renowned Joyce scholars, who, in five thematically organized chapters, share their perspectives on the color, texture, structure, and effect of Ulysses.  A feast for all who revere Joyce\u2014and a gift of anyone who would not just read but truly wrap their mind around literature in its boldest and most luminous incarnation.  With texts by Florian Arnold, Doroth\u00e9e Bauerle-Willert, Erik Bindervoet, Heinz Br\u00fcggemann, Jakob Br\u00fcssermann, Michael Deckard, Toni Hildebrandt, Otto J\u00e4gersberg, Christa-Maria Lerm Hayes, J\u016brat\u0117 Levina, Susanne Peters, Christoph Poetsch, Saskia C. Quen\u00e9, Dieter Ronte, Werner Schmidt, Fritz Senn, Dirk Teuber, Vega Tescari, Shane Walshe, Andreas Weigel, Keith Williams, Ursula Zeller","og_url":"https:\/\/dcv-books.com\/en\/produkt\/werner-schmidt-james-joyce-und-die-farben-des-ulysses\/","og_site_name":"DCV","article_modified_time":"2025-07-22T15:42:12+00:00","og_image":[{"width":1848,"height":2500,"url":"https:\/\/dcv-books.com\/wp-content\/uploads\/2025\/05\/Schmidt_Ulysses_Cover_web.jpg","type":"image\/jpeg"}],"twitter_card":"summary_large_image","twitter_misc":{"Est. reading time":"2 minutes"},"schema":{"@context":"https:\/\/schema.org","@graph":[{"@type":"WebPage","@id":"https:\/\/dcv-books.com\/en\/produkt\/werner-schmidt-james-joyce-und-die-farben-des-ulysses\/","url":"https:\/\/dcv-books.com\/en\/produkt\/werner-schmidt-james-joyce-und-die-farben-des-ulysses\/","name":"Werner Schmidt - James Joyce und die Farben des Ulysses - DCV","isPartOf":{"@id":"https:\/\/dcv-books.com\/#website"},"primaryImageOfPage":{"@id":"https:\/\/dcv-books.com\/en\/produkt\/werner-schmidt-james-joyce-und-die-farben-des-ulysses\/#primaryimage"},"image":{"@id":"https:\/\/dcv-books.com\/en\/produkt\/werner-schmidt-james-joyce-und-die-farben-des-ulysses\/#primaryimage"},"thumbnailUrl":"https:\/\/dcv-books.com\/wp-content\/uploads\/2025\/05\/Schmidt_Ulysses_Cover_web.jpg","datePublished":"2025-05-16T15:55:45+00:00","dateModified":"2025-07-22T15:42:12+00:00","breadcrumb":{"@id":"https:\/\/dcv-books.com\/en\/produkt\/werner-schmidt-james-joyce-und-die-farben-des-ulysses\/#breadcrumb"},"inLanguage":"en-US","potentialAction":[{"@type":"ReadAction","target":["https:\/\/dcv-books.com\/en\/produkt\/werner-schmidt-james-joyce-und-die-farben-des-ulysses\/"]}]},{"@type":"ImageObject","inLanguage":"en-US","@id":"https:\/\/dcv-books.com\/en\/produkt\/werner-schmidt-james-joyce-und-die-farben-des-ulysses\/#primaryimage","url":"https:\/\/dcv-books.com\/wp-content\/uploads\/2025\/05\/Schmidt_Ulysses_Cover_web.jpg","contentUrl":"https:\/\/dcv-books.com\/wp-content\/uploads\/2025\/05\/Schmidt_Ulysses_Cover_web.jpg","width":1848,"height":2500},{"@type":"BreadcrumbList","@id":"https:\/\/dcv-books.com\/en\/produkt\/werner-schmidt-james-joyce-und-die-farben-des-ulysses\/#breadcrumb","itemListElement":[{"@type":"ListItem","position":1,"name":"Startseite","item":"https:\/\/dcv-books.com\/en\/"},{"@type":"ListItem","position":2,"name":"Werner Schmidt &#8211; James Joyce und die Farben des Ulysses"}]},{"@type":"WebSite","@id":"https:\/\/dcv-books.com\/#website","url":"https:\/\/dcv-books.com\/","name":"DCV","description":"Dr. Cantz&#039;sche Verlagsgesellschaft mbH &amp; Co. KG","potentialAction":[{"@type":"SearchAction","target":{"@type":"EntryPoint","urlTemplate":"https:\/\/dcv-books.com\/?s={search_term_string}"},"query-input":{"@type":"PropertyValueSpecification","valueRequired":true,"valueName":"search_term_string"}}],"inLanguage":"en-US"}]}},"_links":{"self":[{"href":"https:\/\/dcv-books.com\/en\/wp-json\/wp\/v2\/product\/25041","targetHints":{"allow":["GET"]}}],"collection":[{"href":"https:\/\/dcv-books.com\/en\/wp-json\/wp\/v2\/product"}],"about":[{"href":"https:\/\/dcv-books.com\/en\/wp-json\/wp\/v2\/types\/product"}],"wp:featuredmedia":[{"embeddable":true,"href":"https:\/\/dcv-books.com\/en\/wp-json\/wp\/v2\/media\/25026"}],"wp:attachment":[{"href":"https:\/\/dcv-books.com\/en\/wp-json\/wp\/v2\/media?parent=25041"}],"wp:term":[{"taxonomy":"product_brand","embeddable":true,"href":"https:\/\/dcv-books.com\/en\/wp-json\/wp\/v2\/product_brand?post=25041"},{"taxonomy":"product_cat","embeddable":true,"href":"https:\/\/dcv-books.com\/en\/wp-json\/wp\/v2\/product_cat?post=25041"},{"taxonomy":"product_tag","embeddable":true,"href":"https:\/\/dcv-books.com\/en\/wp-json\/wp\/v2\/product_tag?post=25041"}],"curies":[{"name":"wp","href":"https:\/\/api.w.org\/{rel}","templated":true}]}}