{"id":22550,"date":"2023-06-14T13:05:31","date_gmt":"2023-06-14T11:05:31","guid":{"rendered":"https:\/\/dcv-books.com\/produkt\/barthelemy-toguo\/"},"modified":"2025-02-24T16:57:55","modified_gmt":"2025-02-24T15:57:55","slug":"barthelemy-toguo","status":"publish","type":"product","link":"https:\/\/dcv-books.com\/en\/produkt\/barthelemy-toguo\/","title":{"rendered":"Barth\u00e9l\u00e9my Toguo"},"content":{"rendered":"<p><span style=\"font-weight: 400;\">Barth\u00e9l\u00e9my Toguo\u2019s art is a call for community and love, but there is nothing na\u00efve about it. His paintings, graphic art, sculptures, performances, and installations explicitly grapple with colonialism, migration, and inequality; he directs our attention to the devastations wrought by humans, to the slow deaths of nature and cultures. But he does not dwell in this abyss. He aspires to something greater: to create work that establishes non-hierarchical connections; to build, as he puts it, a \u201cworld of solidarity and generosity\u201d that knows neither ego nor identity, a community of all forms of life that flourish and pass away so that new living beings can sprout from their remains\u2014Endless Blossoms. His choice of words and the aesthetic of the works gathered in this catalogue suggest that he is not alone in this undertaking. He stands with Ellen Gallagher, Wangechi Mutu, Louise Bourgeois, Marlene Dumas, and Kiki Smith. With them and with all of us, Toguo envisions a colorful future, a universe of exuberant energy and joie de vivre.<\/span><\/p>\n","protected":false},"excerpt":{"rendered":"<p><span style=\"font-weight: 400;\">Barth\u00e9l\u00e9my Toguo\u2019s art is a call for community and love, but there is nothing na\u00efve about it. His paintings, graphic art, sculptures, performances, and installations explicitly grapple with colonialism, migration, and inequality; he directs our attention to the devastations wrought by humans, to the slow deaths of nature and cultures. But he does not dwell in this abyss. He aspires to something greater: to create work that establishes non-hierarchical connections; to build, as he puts it, a \u201cworld of solidarity and generosity\u201d that knows neither ego nor identity, a community of all forms of life that flourish and pass away so that new living beings can sprout from their remains\u2014Endless Blossoms. His choice of words and the aesthetic of the works gathered in this catalogue suggest that he is not alone in this undertaking. He stands with Ellen Gallagher, Wangechi Mutu, Louise Bourgeois, Marlene Dumas, and Kiki Smith. With them and with all of us, Toguo envisions a colorful future, a universe of exuberant energy and joie de vivre.<\/span><\/p>\n","protected":false},"featured_media":22543,"template":"","meta":{"_acf_changed":false},"product_brand":[],"product_cat":[2208,2212,2215,2213,2217],"product_tag":[4576,4449],"class_list":{"0":"post-22550","1":"product","2":"type-product","3":"status-publish","4":"has-post-thumbnail","6":"product_cat-all-books","7":"product_cat-installation-art","8":"product_cat-new-arrivals","9":"product_cat-painting","10":"product_cat-sculpture","11":"product_tag-barthelemy-toguo-en","12":"product_tag-robert-grunenberg-en","14":"first","15":"instock","16":"taxable","17":"shipping-taxable","18":"purchasable","19":"product-type-simple"},"acf":[],"yoast_head":"<!-- This site is optimized with the Yoast SEO plugin v27.1.1 - https:\/\/yoast.com\/product\/yoast-seo-wordpress\/ -->\n<title>Barth\u00e9l\u00e9my Toguo - DCV<\/title>\n<meta name=\"robots\" content=\"index, follow, max-snippet:-1, max-image-preview:large, max-video-preview:-1\" \/>\n<link rel=\"canonical\" href=\"https:\/\/dcv-books.com\/en\/produkt\/barthelemy-toguo\/\" \/>\n<meta property=\"og:locale\" content=\"en_US\" \/>\n<meta property=\"og:type\" content=\"article\" \/>\n<meta property=\"og:title\" content=\"Barth\u00e9l\u00e9my Toguo - DCV\" \/>\n<meta property=\"og:description\" content=\"Barth\u00e9l\u00e9my Toguo\u2019s art is a call for community and love, but there is nothing na\u00efve about it. His paintings, graphic art, sculptures, performances, and installations explicitly grapple with colonialism, migration, and inequality; he directs our attention to the devastations wrought by humans, to the slow deaths of nature and cultures. But he does not dwell in this abyss. He aspires to something greater: to create work that establishes non-hierarchical connections; to build, as he puts it, a \u201cworld of solidarity and generosity\u201d that knows neither ego nor identity, a community of all forms of life that flourish and pass away so that new living beings can sprout from their remains\u2014Endless Blossoms. His choice of words and the aesthetic of the works gathered in this catalogue suggest that he is not alone in this undertaking. He stands with Ellen Gallagher, Wangechi Mutu, Louise Bourgeois, Marlene Dumas, and Kiki Smith. With them and with all of us, Toguo envisions a colorful future, a universe of exuberant energy and joie de vivre.\" \/>\n<meta property=\"og:url\" content=\"https:\/\/dcv-books.com\/en\/produkt\/barthelemy-toguo\/\" \/>\n<meta property=\"og:site_name\" content=\"DCV\" \/>\n<meta property=\"article:modified_time\" content=\"2025-02-24T15:57:55+00:00\" \/>\n<meta property=\"og:image\" content=\"https:\/\/dcv-books.com\/wp-content\/uploads\/2024\/06\/BarthelemyToguo_Cover_web.jpg\" \/>\n\t<meta property=\"og:image:width\" content=\"1749\" \/>\n\t<meta property=\"og:image:height\" content=\"2492\" \/>\n\t<meta property=\"og:image:type\" content=\"image\/jpeg\" \/>\n<meta name=\"twitter:card\" content=\"summary_large_image\" \/>\n<meta name=\"twitter:label1\" content=\"Est. reading time\" \/>\n\t<meta name=\"twitter:data1\" content=\"2 minutes\" \/>\n<script type=\"application\/ld+json\" class=\"yoast-schema-graph\">{\"@context\":\"https:\/\/schema.org\",\"@graph\":[{\"@type\":\"WebPage\",\"@id\":\"https:\/\/dcv-books.com\/en\/produkt\/barthelemy-toguo\/\",\"url\":\"https:\/\/dcv-books.com\/en\/produkt\/barthelemy-toguo\/\",\"name\":\"Barth\u00e9l\u00e9my Toguo - DCV\",\"isPartOf\":{\"@id\":\"https:\/\/dcv-books.com\/#website\"},\"primaryImageOfPage\":{\"@id\":\"https:\/\/dcv-books.com\/en\/produkt\/barthelemy-toguo\/#primaryimage\"},\"image\":{\"@id\":\"https:\/\/dcv-books.com\/en\/produkt\/barthelemy-toguo\/#primaryimage\"},\"thumbnailUrl\":\"https:\/\/dcv-books.com\/wp-content\/uploads\/2024\/06\/BarthelemyToguo_Cover_web.jpg\",\"datePublished\":\"2023-06-14T11:05:31+00:00\",\"dateModified\":\"2025-02-24T15:57:55+00:00\",\"breadcrumb\":{\"@id\":\"https:\/\/dcv-books.com\/en\/produkt\/barthelemy-toguo\/#breadcrumb\"},\"inLanguage\":\"en-US\",\"potentialAction\":[{\"@type\":\"ReadAction\",\"target\":[\"https:\/\/dcv-books.com\/en\/produkt\/barthelemy-toguo\/\"]}]},{\"@type\":\"ImageObject\",\"inLanguage\":\"en-US\",\"@id\":\"https:\/\/dcv-books.com\/en\/produkt\/barthelemy-toguo\/#primaryimage\",\"url\":\"https:\/\/dcv-books.com\/wp-content\/uploads\/2024\/06\/BarthelemyToguo_Cover_web.jpg\",\"contentUrl\":\"https:\/\/dcv-books.com\/wp-content\/uploads\/2024\/06\/BarthelemyToguo_Cover_web.jpg\",\"width\":1749,\"height\":2492},{\"@type\":\"BreadcrumbList\",\"@id\":\"https:\/\/dcv-books.com\/en\/produkt\/barthelemy-toguo\/#breadcrumb\",\"itemListElement\":[{\"@type\":\"ListItem\",\"position\":1,\"name\":\"Startseite\",\"item\":\"https:\/\/dcv-books.com\/en\/\"},{\"@type\":\"ListItem\",\"position\":2,\"name\":\"Barth\u00e9l\u00e9my Toguo\"}]},{\"@type\":\"WebSite\",\"@id\":\"https:\/\/dcv-books.com\/#website\",\"url\":\"https:\/\/dcv-books.com\/\",\"name\":\"DCV\",\"description\":\"Dr. Cantz&#039;sche Verlagsgesellschaft mbH &amp; Co. KG\",\"potentialAction\":[{\"@type\":\"SearchAction\",\"target\":{\"@type\":\"EntryPoint\",\"urlTemplate\":\"https:\/\/dcv-books.com\/?s={search_term_string}\"},\"query-input\":{\"@type\":\"PropertyValueSpecification\",\"valueRequired\":true,\"valueName\":\"search_term_string\"}}],\"inLanguage\":\"en-US\"}]}<\/script>\n<!-- \/ Yoast SEO plugin. -->","yoast_head_json":{"title":"Barth\u00e9l\u00e9my Toguo - DCV","robots":{"index":"index","follow":"follow","max-snippet":"max-snippet:-1","max-image-preview":"max-image-preview:large","max-video-preview":"max-video-preview:-1"},"canonical":"https:\/\/dcv-books.com\/en\/produkt\/barthelemy-toguo\/","og_locale":"en_US","og_type":"article","og_title":"Barth\u00e9l\u00e9my Toguo - DCV","og_description":"Barth\u00e9l\u00e9my Toguo\u2019s art is a call for community and love, but there is nothing na\u00efve about it. His paintings, graphic art, sculptures, performances, and installations explicitly grapple with colonialism, migration, and inequality; he directs our attention to the devastations wrought by humans, to the slow deaths of nature and cultures. But he does not dwell in this abyss. He aspires to something greater: to create work that establishes non-hierarchical connections; to build, as he puts it, a \u201cworld of solidarity and generosity\u201d that knows neither ego nor identity, a community of all forms of life that flourish and pass away so that new living beings can sprout from their remains\u2014Endless Blossoms. His choice of words and the aesthetic of the works gathered in this catalogue suggest that he is not alone in this undertaking. He stands with Ellen Gallagher, Wangechi Mutu, Louise Bourgeois, Marlene Dumas, and Kiki Smith. With them and with all of us, Toguo envisions a colorful future, a universe of exuberant energy and joie de vivre.","og_url":"https:\/\/dcv-books.com\/en\/produkt\/barthelemy-toguo\/","og_site_name":"DCV","article_modified_time":"2025-02-24T15:57:55+00:00","og_image":[{"width":1749,"height":2492,"url":"https:\/\/dcv-books.com\/wp-content\/uploads\/2024\/06\/BarthelemyToguo_Cover_web.jpg","type":"image\/jpeg"}],"twitter_card":"summary_large_image","twitter_misc":{"Est. reading time":"2 minutes"},"schema":{"@context":"https:\/\/schema.org","@graph":[{"@type":"WebPage","@id":"https:\/\/dcv-books.com\/en\/produkt\/barthelemy-toguo\/","url":"https:\/\/dcv-books.com\/en\/produkt\/barthelemy-toguo\/","name":"Barth\u00e9l\u00e9my Toguo - DCV","isPartOf":{"@id":"https:\/\/dcv-books.com\/#website"},"primaryImageOfPage":{"@id":"https:\/\/dcv-books.com\/en\/produkt\/barthelemy-toguo\/#primaryimage"},"image":{"@id":"https:\/\/dcv-books.com\/en\/produkt\/barthelemy-toguo\/#primaryimage"},"thumbnailUrl":"https:\/\/dcv-books.com\/wp-content\/uploads\/2024\/06\/BarthelemyToguo_Cover_web.jpg","datePublished":"2023-06-14T11:05:31+00:00","dateModified":"2025-02-24T15:57:55+00:00","breadcrumb":{"@id":"https:\/\/dcv-books.com\/en\/produkt\/barthelemy-toguo\/#breadcrumb"},"inLanguage":"en-US","potentialAction":[{"@type":"ReadAction","target":["https:\/\/dcv-books.com\/en\/produkt\/barthelemy-toguo\/"]}]},{"@type":"ImageObject","inLanguage":"en-US","@id":"https:\/\/dcv-books.com\/en\/produkt\/barthelemy-toguo\/#primaryimage","url":"https:\/\/dcv-books.com\/wp-content\/uploads\/2024\/06\/BarthelemyToguo_Cover_web.jpg","contentUrl":"https:\/\/dcv-books.com\/wp-content\/uploads\/2024\/06\/BarthelemyToguo_Cover_web.jpg","width":1749,"height":2492},{"@type":"BreadcrumbList","@id":"https:\/\/dcv-books.com\/en\/produkt\/barthelemy-toguo\/#breadcrumb","itemListElement":[{"@type":"ListItem","position":1,"name":"Startseite","item":"https:\/\/dcv-books.com\/en\/"},{"@type":"ListItem","position":2,"name":"Barth\u00e9l\u00e9my Toguo"}]},{"@type":"WebSite","@id":"https:\/\/dcv-books.com\/#website","url":"https:\/\/dcv-books.com\/","name":"DCV","description":"Dr. Cantz&#039;sche Verlagsgesellschaft mbH &amp; Co. KG","potentialAction":[{"@type":"SearchAction","target":{"@type":"EntryPoint","urlTemplate":"https:\/\/dcv-books.com\/?s={search_term_string}"},"query-input":{"@type":"PropertyValueSpecification","valueRequired":true,"valueName":"search_term_string"}}],"inLanguage":"en-US"}]}},"_links":{"self":[{"href":"https:\/\/dcv-books.com\/en\/wp-json\/wp\/v2\/product\/22550","targetHints":{"allow":["GET"]}}],"collection":[{"href":"https:\/\/dcv-books.com\/en\/wp-json\/wp\/v2\/product"}],"about":[{"href":"https:\/\/dcv-books.com\/en\/wp-json\/wp\/v2\/types\/product"}],"wp:featuredmedia":[{"embeddable":true,"href":"https:\/\/dcv-books.com\/en\/wp-json\/wp\/v2\/media\/22543"}],"wp:attachment":[{"href":"https:\/\/dcv-books.com\/en\/wp-json\/wp\/v2\/media?parent=22550"}],"wp:term":[{"taxonomy":"product_brand","embeddable":true,"href":"https:\/\/dcv-books.com\/en\/wp-json\/wp\/v2\/product_brand?post=22550"},{"taxonomy":"product_cat","embeddable":true,"href":"https:\/\/dcv-books.com\/en\/wp-json\/wp\/v2\/product_cat?post=22550"},{"taxonomy":"product_tag","embeddable":true,"href":"https:\/\/dcv-books.com\/en\/wp-json\/wp\/v2\/product_tag?post=22550"}],"curies":[{"name":"wp","href":"https:\/\/api.w.org\/{rel}","templated":true}]}}