{"id":21506,"date":"2023-06-14T13:45:23","date_gmt":"2023-12-13T11:38:23","guid":{"rendered":"https:\/\/dcv-books.com\/produkt\/philip-loersch-pow-portraitist-of-writing\/"},"modified":"2025-02-24T17:19:45","modified_gmt":"2025-02-24T16:19:45","slug":"philip-loersch-pow-portraitist-of-writing","status":"publish","type":"product","link":"https:\/\/dcv-books.com\/en\/produkt\/philip-loersch-pow-portraitist-of-writing\/","title":{"rendered":"Philip Loersch &#8211;<br> POW &#8211; PORTRAITIST OF WRITING"},"content":{"rendered":"<p>Philip Loersch (b. Aachen, 1980; lives and works near Munich) combines painstaking imitations of printed writing with hyperrealist colored-pencil drawings; for instance, he transfers pages from encyclopedias not only onto paper, but also onto three-dimensional objects such as soapstone. His works reveal the fragility of truth and authenticity while commenting with subversive irony on the postmodern disintegration of the idea of originality. His art has been exhibited at renowned institutions like Kunsthaus Z\u00fcrich, Museum Kunstpalast D\u00fcsseldorf, and Hamburger Kunsthalle. He has won numerous fellowships and awards, including the Kunstpreis Berlin f\u00fcr Bildende Kunst. This monograph gathers his works created between 2016 and today.<\/p>\n<p><a href=\"https:\/\/dcv-books.com\/en\/philip-loersch-2\/\">Limited art edition available<\/a><\/p>\n","protected":false},"excerpt":{"rendered":"<p>Philip Loersch (b. Aachen, 1980; lives and works near Munich) combines painstaking imitations of printed writing with hyperrealist colored-pencil drawings; for instance, he transfers pages from encyclopedias not only onto paper, but also onto three-dimensional objects such as soapstone. His works reveal the fragility of truth and authenticity while commenting with subversive irony on the postmodern disintegration of the idea of originality. His art has been exhibited at renowned institutions like Kunsthaus Z\u00fcrich, Museum Kunstpalast D\u00fcsseldorf, and Hamburger Kunsthalle. He has won numerous fellowships and awards, including the Kunstpreis Berlin f\u00fcr Bildende Kunst. This monograph gathers his works created between 2016 and today.<\/p>\n<p><a href=\"https:\/\/dcv-books.com\/en\/philip-loersch-2\/\">Limited art edition available<\/a><\/p>\n","protected":false},"featured_media":21495,"template":"","meta":{"_acf_changed":false},"product_brand":[],"product_cat":[2208,3667,2215,2217,3514],"product_tag":[4006,4230,4231],"class_list":{"0":"post-21506","1":"product","2":"type-product","3":"status-publish","4":"has-post-thumbnail","6":"product_cat-all-books","7":"product_cat-drawing","8":"product_cat-new-arrivals","9":"product_cat-sculpture","10":"product_cat-works-on-paper-en","11":"product_tag-philip-loersch-en","12":"product_tag-portraitist-of-writing-en","13":"product_tag-pow-en","15":"first","16":"instock","17":"taxable","18":"shipping-taxable","19":"purchasable","20":"product-type-simple"},"acf":[],"yoast_head":"<!-- This site is optimized with the Yoast SEO plugin v27.1.1 - https:\/\/yoast.com\/product\/yoast-seo-wordpress\/ -->\n<title>Philip Loersch - POW - PORTRAITIST OF WRITING - DCV<\/title>\n<meta name=\"robots\" content=\"index, follow, max-snippet:-1, max-image-preview:large, max-video-preview:-1\" \/>\n<link rel=\"canonical\" href=\"https:\/\/dcv-books.com\/en\/produkt\/philip-loersch-pow-portraitist-of-writing\/\" \/>\n<meta property=\"og:locale\" content=\"en_US\" \/>\n<meta property=\"og:type\" content=\"article\" \/>\n<meta property=\"og:title\" content=\"Philip Loersch - POW - PORTRAITIST OF WRITING - DCV\" \/>\n<meta property=\"og:description\" content=\"Philip Loersch (b. Aachen, 1980; lives and works near Munich) combines painstaking imitations of printed writing with hyperrealist colored-pencil drawings; for instance, he transfers pages from encyclopedias not only onto paper, but also onto three-dimensional objects such as soapstone. His works reveal the fragility of truth and authenticity while commenting with subversive irony on the postmodern disintegration of the idea of originality. His art has been exhibited at renowned institutions like Kunsthaus Z\u00fcrich, Museum Kunstpalast D\u00fcsseldorf, and Hamburger Kunsthalle. He has won numerous fellowships and awards, including the Kunstpreis Berlin f\u00fcr Bildende Kunst. This monograph gathers his works created between 2016 and today.  Limited art edition available\" \/>\n<meta property=\"og:url\" content=\"https:\/\/dcv-books.com\/en\/produkt\/philip-loersch-pow-portraitist-of-writing\/\" \/>\n<meta property=\"og:site_name\" content=\"DCV\" \/>\n<meta property=\"article:modified_time\" content=\"2025-02-24T16:19:45+00:00\" \/>\n<meta property=\"og:image\" content=\"https:\/\/dcv-books.com\/wp-content\/uploads\/2023\/12\/POW_Titel_web.jpg\" \/>\n\t<meta property=\"og:image:width\" content=\"1852\" \/>\n\t<meta property=\"og:image:height\" content=\"2500\" \/>\n\t<meta property=\"og:image:type\" content=\"image\/jpeg\" \/>\n<meta name=\"twitter:card\" content=\"summary_large_image\" \/>\n<meta name=\"twitter:label1\" content=\"Est. reading time\" \/>\n\t<meta name=\"twitter:data1\" content=\"1 minute\" \/>\n<script type=\"application\/ld+json\" class=\"yoast-schema-graph\">{\"@context\":\"https:\/\/schema.org\",\"@graph\":[{\"@type\":\"WebPage\",\"@id\":\"https:\/\/dcv-books.com\/en\/produkt\/philip-loersch-pow-portraitist-of-writing\/\",\"url\":\"https:\/\/dcv-books.com\/en\/produkt\/philip-loersch-pow-portraitist-of-writing\/\",\"name\":\"Philip Loersch - POW - PORTRAITIST OF WRITING - DCV\",\"isPartOf\":{\"@id\":\"https:\/\/dcv-books.com\/#website\"},\"primaryImageOfPage\":{\"@id\":\"https:\/\/dcv-books.com\/en\/produkt\/philip-loersch-pow-portraitist-of-writing\/#primaryimage\"},\"image\":{\"@id\":\"https:\/\/dcv-books.com\/en\/produkt\/philip-loersch-pow-portraitist-of-writing\/#primaryimage\"},\"thumbnailUrl\":\"https:\/\/dcv-books.com\/wp-content\/uploads\/2023\/12\/POW_Titel_web.jpg\",\"datePublished\":\"2023-12-13T11:38:23+00:00\",\"dateModified\":\"2025-02-24T16:19:45+00:00\",\"breadcrumb\":{\"@id\":\"https:\/\/dcv-books.com\/en\/produkt\/philip-loersch-pow-portraitist-of-writing\/#breadcrumb\"},\"inLanguage\":\"en-US\",\"potentialAction\":[{\"@type\":\"ReadAction\",\"target\":[\"https:\/\/dcv-books.com\/en\/produkt\/philip-loersch-pow-portraitist-of-writing\/\"]}]},{\"@type\":\"ImageObject\",\"inLanguage\":\"en-US\",\"@id\":\"https:\/\/dcv-books.com\/en\/produkt\/philip-loersch-pow-portraitist-of-writing\/#primaryimage\",\"url\":\"https:\/\/dcv-books.com\/wp-content\/uploads\/2023\/12\/POW_Titel_web.jpg\",\"contentUrl\":\"https:\/\/dcv-books.com\/wp-content\/uploads\/2023\/12\/POW_Titel_web.jpg\",\"width\":1852,\"height\":2500},{\"@type\":\"BreadcrumbList\",\"@id\":\"https:\/\/dcv-books.com\/en\/produkt\/philip-loersch-pow-portraitist-of-writing\/#breadcrumb\",\"itemListElement\":[{\"@type\":\"ListItem\",\"position\":1,\"name\":\"Startseite\",\"item\":\"https:\/\/dcv-books.com\/en\/\"},{\"@type\":\"ListItem\",\"position\":2,\"name\":\"Philip Loersch &#8211; POW &#8211; PORTRAITIST OF WRITING\"}]},{\"@type\":\"WebSite\",\"@id\":\"https:\/\/dcv-books.com\/#website\",\"url\":\"https:\/\/dcv-books.com\/\",\"name\":\"DCV\",\"description\":\"Dr. Cantz&#039;sche Verlagsgesellschaft mbH &amp; Co. KG\",\"potentialAction\":[{\"@type\":\"SearchAction\",\"target\":{\"@type\":\"EntryPoint\",\"urlTemplate\":\"https:\/\/dcv-books.com\/?s={search_term_string}\"},\"query-input\":{\"@type\":\"PropertyValueSpecification\",\"valueRequired\":true,\"valueName\":\"search_term_string\"}}],\"inLanguage\":\"en-US\"}]}<\/script>\n<!-- \/ Yoast SEO plugin. -->","yoast_head_json":{"title":"Philip Loersch - POW - PORTRAITIST OF WRITING - DCV","robots":{"index":"index","follow":"follow","max-snippet":"max-snippet:-1","max-image-preview":"max-image-preview:large","max-video-preview":"max-video-preview:-1"},"canonical":"https:\/\/dcv-books.com\/en\/produkt\/philip-loersch-pow-portraitist-of-writing\/","og_locale":"en_US","og_type":"article","og_title":"Philip Loersch - POW - PORTRAITIST OF WRITING - DCV","og_description":"Philip Loersch (b. Aachen, 1980; lives and works near Munich) combines painstaking imitations of printed writing with hyperrealist colored-pencil drawings; for instance, he transfers pages from encyclopedias not only onto paper, but also onto three-dimensional objects such as soapstone. His works reveal the fragility of truth and authenticity while commenting with subversive irony on the postmodern disintegration of the idea of originality. His art has been exhibited at renowned institutions like Kunsthaus Z\u00fcrich, Museum Kunstpalast D\u00fcsseldorf, and Hamburger Kunsthalle. He has won numerous fellowships and awards, including the Kunstpreis Berlin f\u00fcr Bildende Kunst. This monograph gathers his works created between 2016 and today.  Limited art edition available","og_url":"https:\/\/dcv-books.com\/en\/produkt\/philip-loersch-pow-portraitist-of-writing\/","og_site_name":"DCV","article_modified_time":"2025-02-24T16:19:45+00:00","og_image":[{"width":1852,"height":2500,"url":"https:\/\/dcv-books.com\/wp-content\/uploads\/2023\/12\/POW_Titel_web.jpg","type":"image\/jpeg"}],"twitter_card":"summary_large_image","twitter_misc":{"Est. reading time":"1 minute"},"schema":{"@context":"https:\/\/schema.org","@graph":[{"@type":"WebPage","@id":"https:\/\/dcv-books.com\/en\/produkt\/philip-loersch-pow-portraitist-of-writing\/","url":"https:\/\/dcv-books.com\/en\/produkt\/philip-loersch-pow-portraitist-of-writing\/","name":"Philip Loersch - POW - PORTRAITIST OF WRITING - DCV","isPartOf":{"@id":"https:\/\/dcv-books.com\/#website"},"primaryImageOfPage":{"@id":"https:\/\/dcv-books.com\/en\/produkt\/philip-loersch-pow-portraitist-of-writing\/#primaryimage"},"image":{"@id":"https:\/\/dcv-books.com\/en\/produkt\/philip-loersch-pow-portraitist-of-writing\/#primaryimage"},"thumbnailUrl":"https:\/\/dcv-books.com\/wp-content\/uploads\/2023\/12\/POW_Titel_web.jpg","datePublished":"2023-12-13T11:38:23+00:00","dateModified":"2025-02-24T16:19:45+00:00","breadcrumb":{"@id":"https:\/\/dcv-books.com\/en\/produkt\/philip-loersch-pow-portraitist-of-writing\/#breadcrumb"},"inLanguage":"en-US","potentialAction":[{"@type":"ReadAction","target":["https:\/\/dcv-books.com\/en\/produkt\/philip-loersch-pow-portraitist-of-writing\/"]}]},{"@type":"ImageObject","inLanguage":"en-US","@id":"https:\/\/dcv-books.com\/en\/produkt\/philip-loersch-pow-portraitist-of-writing\/#primaryimage","url":"https:\/\/dcv-books.com\/wp-content\/uploads\/2023\/12\/POW_Titel_web.jpg","contentUrl":"https:\/\/dcv-books.com\/wp-content\/uploads\/2023\/12\/POW_Titel_web.jpg","width":1852,"height":2500},{"@type":"BreadcrumbList","@id":"https:\/\/dcv-books.com\/en\/produkt\/philip-loersch-pow-portraitist-of-writing\/#breadcrumb","itemListElement":[{"@type":"ListItem","position":1,"name":"Startseite","item":"https:\/\/dcv-books.com\/en\/"},{"@type":"ListItem","position":2,"name":"Philip Loersch &#8211; POW &#8211; PORTRAITIST OF WRITING"}]},{"@type":"WebSite","@id":"https:\/\/dcv-books.com\/#website","url":"https:\/\/dcv-books.com\/","name":"DCV","description":"Dr. Cantz&#039;sche Verlagsgesellschaft mbH &amp; Co. KG","potentialAction":[{"@type":"SearchAction","target":{"@type":"EntryPoint","urlTemplate":"https:\/\/dcv-books.com\/?s={search_term_string}"},"query-input":{"@type":"PropertyValueSpecification","valueRequired":true,"valueName":"search_term_string"}}],"inLanguage":"en-US"}]}},"_links":{"self":[{"href":"https:\/\/dcv-books.com\/en\/wp-json\/wp\/v2\/product\/21506","targetHints":{"allow":["GET"]}}],"collection":[{"href":"https:\/\/dcv-books.com\/en\/wp-json\/wp\/v2\/product"}],"about":[{"href":"https:\/\/dcv-books.com\/en\/wp-json\/wp\/v2\/types\/product"}],"wp:featuredmedia":[{"embeddable":true,"href":"https:\/\/dcv-books.com\/en\/wp-json\/wp\/v2\/media\/21495"}],"wp:attachment":[{"href":"https:\/\/dcv-books.com\/en\/wp-json\/wp\/v2\/media?parent=21506"}],"wp:term":[{"taxonomy":"product_brand","embeddable":true,"href":"https:\/\/dcv-books.com\/en\/wp-json\/wp\/v2\/product_brand?post=21506"},{"taxonomy":"product_cat","embeddable":true,"href":"https:\/\/dcv-books.com\/en\/wp-json\/wp\/v2\/product_cat?post=21506"},{"taxonomy":"product_tag","embeddable":true,"href":"https:\/\/dcv-books.com\/en\/wp-json\/wp\/v2\/product_tag?post=21506"}],"curies":[{"name":"wp","href":"https:\/\/api.w.org\/{rel}","templated":true}]}}