{"id":21361,"date":"2023-06-01T12:35:35","date_gmt":"2023-12-04T15:50:35","guid":{"rendered":"https:\/\/dcv-books.com\/produkt\/can-yasar-koklu-cyk\/"},"modified":"2025-10-20T17:13:16","modified_gmt":"2025-10-20T15:13:16","slug":"can-yasar-koklu-cyk","status":"publish","type":"product","link":"https:\/\/dcv-books.com\/en\/produkt\/can-yasar-koklu-cyk\/","title":{"rendered":"Can Yasar K\u00f6kl\u00fc &#8211;<br> CYK"},"content":{"rendered":"<p>The young photographer, graphic designer, and filmmaker Can Yasar K\u00f6kl\u00fc (b. Schwelm, 2003; lives and works in Brooklyn) grew up between Cologne and Istanbul and currently studies at New York\u2019s renowned Pratt Institute. In his first publication<em> CYK<\/em>\u2014an artist\u2019s book featuring breathtakingly beautiful photographs and personal writings\u2014he explores his experiences growing up, the traditions that inform his art, and his feelings in three different cultures: \u201cHeimat\u201d charts his native Germany, where he spent most of his life; \u201cMemleket\u201d is dedicated to Turkey, where his roots are; and \u201cHome\u201d presents the impressions K\u00f6kl\u00fc gathered during a year in high school in Los Angeles and now in New York, where he continues his education. Driven by a passion for storytelling, he captures singular\u2014fascinating and deeply moving\u2014moments in time.<\/p>\n","protected":false},"excerpt":{"rendered":"<p>The young photographer, graphic designer, and filmmaker Can Yasar K\u00f6kl\u00fc (b. Schwelm, 2003; lives and works in Brooklyn) grew up between Cologne and Istanbul and currently studies at New York\u2019s renowned Pratt Institute. In his first publication<em> CYK<\/em>\u2014an artist\u2019s book featuring breathtakingly beautiful photographs and personal writings\u2014he explores his experiences growing up, the traditions that inform his art, and his feelings in three different cultures: \u201cHeimat\u201d charts his native Germany, where he spent most of his life; \u201cMemleket\u201d is dedicated to Turkey, where his roots are; and \u201cHome\u201d presents the impressions K\u00f6kl\u00fc gathered during a year in high school in Los Angeles and now in New York, where he continues his education. Driven by a passion for storytelling, he captures singular\u2014fascinating and deeply moving\u2014moments in time.<\/p>\n","protected":false},"featured_media":22849,"template":"","meta":{"_acf_changed":false},"product_brand":[],"product_cat":[2208,3667,2215,2211],"product_tag":[4096,4097],"class_list":{"0":"post-21361","1":"product","2":"type-product","3":"status-publish","4":"has-post-thumbnail","6":"product_cat-all-books","7":"product_cat-drawing","8":"product_cat-new-arrivals","9":"product_cat-photography","10":"product_tag-can-yasar-koeklue-en","11":"product_tag-cyk-en","13":"first","14":"instock","15":"taxable","16":"shipping-taxable","17":"purchasable","18":"product-type-simple"},"acf":[],"yoast_head":"<!-- This site is optimized with the Yoast SEO plugin v27.1.1 - https:\/\/yoast.com\/product\/yoast-seo-wordpress\/ -->\n<title>Can Yasar K\u00f6kl\u00fc - CYK - DCV<\/title>\n<meta name=\"robots\" content=\"index, follow, max-snippet:-1, max-image-preview:large, max-video-preview:-1\" \/>\n<link rel=\"canonical\" href=\"https:\/\/dcv-books.com\/en\/produkt\/can-yasar-koklu-cyk\/\" \/>\n<meta property=\"og:locale\" content=\"en_US\" \/>\n<meta property=\"og:type\" content=\"article\" \/>\n<meta property=\"og:title\" content=\"Can Yasar K\u00f6kl\u00fc - CYK - DCV\" \/>\n<meta property=\"og:description\" content=\"The young photographer, graphic designer, and filmmaker Can Yasar K\u00f6kl\u00fc (b. Schwelm, 2003; lives and works in Brooklyn) grew up between Cologne and Istanbul and currently studies at New York\u2019s renowned Pratt Institute. In his first publication CYK\u2014an artist\u2019s book featuring breathtakingly beautiful photographs and personal writings\u2014he explores his experiences growing up, the traditions that inform his art, and his feelings in three different cultures: \u201cHeimat\u201d charts his native Germany, where he spent most of his life; \u201cMemleket\u201d is dedicated to Turkey, where his roots are; and \u201cHome\u201d presents the impressions K\u00f6kl\u00fc gathered during a year in high school in Los Angeles and now in New York, where he continues his education. Driven by a passion for storytelling, he captures singular\u2014fascinating and deeply moving\u2014moments in time.\" \/>\n<meta property=\"og:url\" content=\"https:\/\/dcv-books.com\/en\/produkt\/can-yasar-koklu-cyk\/\" \/>\n<meta property=\"og:site_name\" content=\"DCV\" \/>\n<meta property=\"article:modified_time\" content=\"2025-10-20T15:13:16+00:00\" \/>\n<meta property=\"og:image\" content=\"https:\/\/dcv-books.com\/wp-content\/uploads\/2023\/12\/CYK_Cover_NEU_web-scaled.jpg\" \/>\n\t<meta property=\"og:image:width\" content=\"2049\" \/>\n\t<meta property=\"og:image:height\" content=\"2560\" \/>\n\t<meta property=\"og:image:type\" content=\"image\/jpeg\" \/>\n<meta name=\"twitter:card\" content=\"summary_large_image\" \/>\n<meta name=\"twitter:label1\" content=\"Est. reading time\" \/>\n\t<meta name=\"twitter:data1\" content=\"1 minute\" \/>\n<script type=\"application\/ld+json\" class=\"yoast-schema-graph\">{\"@context\":\"https:\/\/schema.org\",\"@graph\":[{\"@type\":\"WebPage\",\"@id\":\"https:\/\/dcv-books.com\/en\/produkt\/can-yasar-koklu-cyk\/\",\"url\":\"https:\/\/dcv-books.com\/en\/produkt\/can-yasar-koklu-cyk\/\",\"name\":\"Can Yasar K\u00f6kl\u00fc - CYK - DCV\",\"isPartOf\":{\"@id\":\"https:\/\/dcv-books.com\/#website\"},\"primaryImageOfPage\":{\"@id\":\"https:\/\/dcv-books.com\/en\/produkt\/can-yasar-koklu-cyk\/#primaryimage\"},\"image\":{\"@id\":\"https:\/\/dcv-books.com\/en\/produkt\/can-yasar-koklu-cyk\/#primaryimage\"},\"thumbnailUrl\":\"https:\/\/dcv-books.com\/wp-content\/uploads\/2023\/12\/CYK_Cover_NEU_web-scaled.jpg\",\"datePublished\":\"2023-12-04T15:50:35+00:00\",\"dateModified\":\"2025-10-20T15:13:16+00:00\",\"breadcrumb\":{\"@id\":\"https:\/\/dcv-books.com\/en\/produkt\/can-yasar-koklu-cyk\/#breadcrumb\"},\"inLanguage\":\"en-US\",\"potentialAction\":[{\"@type\":\"ReadAction\",\"target\":[\"https:\/\/dcv-books.com\/en\/produkt\/can-yasar-koklu-cyk\/\"]}]},{\"@type\":\"ImageObject\",\"inLanguage\":\"en-US\",\"@id\":\"https:\/\/dcv-books.com\/en\/produkt\/can-yasar-koklu-cyk\/#primaryimage\",\"url\":\"https:\/\/dcv-books.com\/wp-content\/uploads\/2023\/12\/CYK_Cover_NEU_web-scaled.jpg\",\"contentUrl\":\"https:\/\/dcv-books.com\/wp-content\/uploads\/2023\/12\/CYK_Cover_NEU_web-scaled.jpg\",\"width\":2049,\"height\":2560},{\"@type\":\"BreadcrumbList\",\"@id\":\"https:\/\/dcv-books.com\/en\/produkt\/can-yasar-koklu-cyk\/#breadcrumb\",\"itemListElement\":[{\"@type\":\"ListItem\",\"position\":1,\"name\":\"Startseite\",\"item\":\"https:\/\/dcv-books.com\/en\/\"},{\"@type\":\"ListItem\",\"position\":2,\"name\":\"Can Yasar K\u00f6kl\u00fc &#8211; CYK\"}]},{\"@type\":\"WebSite\",\"@id\":\"https:\/\/dcv-books.com\/#website\",\"url\":\"https:\/\/dcv-books.com\/\",\"name\":\"DCV\",\"description\":\"Dr. Cantz&#039;sche Verlagsgesellschaft mbH &amp; Co. KG\",\"potentialAction\":[{\"@type\":\"SearchAction\",\"target\":{\"@type\":\"EntryPoint\",\"urlTemplate\":\"https:\/\/dcv-books.com\/?s={search_term_string}\"},\"query-input\":{\"@type\":\"PropertyValueSpecification\",\"valueRequired\":true,\"valueName\":\"search_term_string\"}}],\"inLanguage\":\"en-US\"}]}<\/script>\n<!-- \/ Yoast SEO plugin. -->","yoast_head_json":{"title":"Can Yasar K\u00f6kl\u00fc - CYK - DCV","robots":{"index":"index","follow":"follow","max-snippet":"max-snippet:-1","max-image-preview":"max-image-preview:large","max-video-preview":"max-video-preview:-1"},"canonical":"https:\/\/dcv-books.com\/en\/produkt\/can-yasar-koklu-cyk\/","og_locale":"en_US","og_type":"article","og_title":"Can Yasar K\u00f6kl\u00fc - CYK - DCV","og_description":"The young photographer, graphic designer, and filmmaker Can Yasar K\u00f6kl\u00fc (b. Schwelm, 2003; lives and works in Brooklyn) grew up between Cologne and Istanbul and currently studies at New York\u2019s renowned Pratt Institute. In his first publication CYK\u2014an artist\u2019s book featuring breathtakingly beautiful photographs and personal writings\u2014he explores his experiences growing up, the traditions that inform his art, and his feelings in three different cultures: \u201cHeimat\u201d charts his native Germany, where he spent most of his life; \u201cMemleket\u201d is dedicated to Turkey, where his roots are; and \u201cHome\u201d presents the impressions K\u00f6kl\u00fc gathered during a year in high school in Los Angeles and now in New York, where he continues his education. Driven by a passion for storytelling, he captures singular\u2014fascinating and deeply moving\u2014moments in time.","og_url":"https:\/\/dcv-books.com\/en\/produkt\/can-yasar-koklu-cyk\/","og_site_name":"DCV","article_modified_time":"2025-10-20T15:13:16+00:00","og_image":[{"width":2049,"height":2560,"url":"https:\/\/dcv-books.com\/wp-content\/uploads\/2023\/12\/CYK_Cover_NEU_web-scaled.jpg","type":"image\/jpeg"}],"twitter_card":"summary_large_image","twitter_misc":{"Est. reading time":"1 minute"},"schema":{"@context":"https:\/\/schema.org","@graph":[{"@type":"WebPage","@id":"https:\/\/dcv-books.com\/en\/produkt\/can-yasar-koklu-cyk\/","url":"https:\/\/dcv-books.com\/en\/produkt\/can-yasar-koklu-cyk\/","name":"Can Yasar K\u00f6kl\u00fc - CYK - DCV","isPartOf":{"@id":"https:\/\/dcv-books.com\/#website"},"primaryImageOfPage":{"@id":"https:\/\/dcv-books.com\/en\/produkt\/can-yasar-koklu-cyk\/#primaryimage"},"image":{"@id":"https:\/\/dcv-books.com\/en\/produkt\/can-yasar-koklu-cyk\/#primaryimage"},"thumbnailUrl":"https:\/\/dcv-books.com\/wp-content\/uploads\/2023\/12\/CYK_Cover_NEU_web-scaled.jpg","datePublished":"2023-12-04T15:50:35+00:00","dateModified":"2025-10-20T15:13:16+00:00","breadcrumb":{"@id":"https:\/\/dcv-books.com\/en\/produkt\/can-yasar-koklu-cyk\/#breadcrumb"},"inLanguage":"en-US","potentialAction":[{"@type":"ReadAction","target":["https:\/\/dcv-books.com\/en\/produkt\/can-yasar-koklu-cyk\/"]}]},{"@type":"ImageObject","inLanguage":"en-US","@id":"https:\/\/dcv-books.com\/en\/produkt\/can-yasar-koklu-cyk\/#primaryimage","url":"https:\/\/dcv-books.com\/wp-content\/uploads\/2023\/12\/CYK_Cover_NEU_web-scaled.jpg","contentUrl":"https:\/\/dcv-books.com\/wp-content\/uploads\/2023\/12\/CYK_Cover_NEU_web-scaled.jpg","width":2049,"height":2560},{"@type":"BreadcrumbList","@id":"https:\/\/dcv-books.com\/en\/produkt\/can-yasar-koklu-cyk\/#breadcrumb","itemListElement":[{"@type":"ListItem","position":1,"name":"Startseite","item":"https:\/\/dcv-books.com\/en\/"},{"@type":"ListItem","position":2,"name":"Can Yasar K\u00f6kl\u00fc &#8211; CYK"}]},{"@type":"WebSite","@id":"https:\/\/dcv-books.com\/#website","url":"https:\/\/dcv-books.com\/","name":"DCV","description":"Dr. Cantz&#039;sche Verlagsgesellschaft mbH &amp; Co. KG","potentialAction":[{"@type":"SearchAction","target":{"@type":"EntryPoint","urlTemplate":"https:\/\/dcv-books.com\/?s={search_term_string}"},"query-input":{"@type":"PropertyValueSpecification","valueRequired":true,"valueName":"search_term_string"}}],"inLanguage":"en-US"}]}},"_links":{"self":[{"href":"https:\/\/dcv-books.com\/en\/wp-json\/wp\/v2\/product\/21361","targetHints":{"allow":["GET"]}}],"collection":[{"href":"https:\/\/dcv-books.com\/en\/wp-json\/wp\/v2\/product"}],"about":[{"href":"https:\/\/dcv-books.com\/en\/wp-json\/wp\/v2\/types\/product"}],"wp:featuredmedia":[{"embeddable":true,"href":"https:\/\/dcv-books.com\/en\/wp-json\/wp\/v2\/media\/22849"}],"wp:attachment":[{"href":"https:\/\/dcv-books.com\/en\/wp-json\/wp\/v2\/media?parent=21361"}],"wp:term":[{"taxonomy":"product_brand","embeddable":true,"href":"https:\/\/dcv-books.com\/en\/wp-json\/wp\/v2\/product_brand?post=21361"},{"taxonomy":"product_cat","embeddable":true,"href":"https:\/\/dcv-books.com\/en\/wp-json\/wp\/v2\/product_cat?post=21361"},{"taxonomy":"product_tag","embeddable":true,"href":"https:\/\/dcv-books.com\/en\/wp-json\/wp\/v2\/product_tag?post=21361"}],"curies":[{"name":"wp","href":"https:\/\/api.w.org\/{rel}","templated":true}]}}