{"id":20627,"date":"2021-02-18T14:46:59","date_gmt":"2021-02-18T13:46:59","guid":{"rendered":"https:\/\/dcv-books.com\/produkt\/meuser-werke-2012-2023-german\/"},"modified":"2023-12-05T17:52:12","modified_gmt":"2023-12-05T16:52:12","slug":"meuser-werke-2012-2023-deutsch","status":"publish","type":"product","link":"https:\/\/dcv-books.com\/en\/produkt\/meuser-werke-2012-2023-deutsch\/","title":{"rendered":"MEUSER &#8211;<br> Werke 2012\u20132023 (GERMAN)"},"content":{"rendered":"<p>Ever since his studies with Joseph Beuys and Erwin Heerich, since his first exhibitions \u2013 for instance at \u2018Kippenberger\u2019s Office\u2019 in 1979 \u2013 Meuser (b. Essen 1947, lives and works in Karlsruhe) has been a solitaire. His sculptures are unyielding and unruly, just as much as they are vulnerable and tender. They are witty and heart-touchingly charming.<\/p>\n<p>Meuser finds his material in the scrapyard. Confidently and empathically, he reinstates form and dignity to the remnants and vestiges of industrial society. As a romantic, he grants things a life of their own and turns them into self-reliant protagonists, once more. Unwaveringly, he works to re-poetize a standardized and maltreated world.<\/p>\n<p>The lavishly designed monograph is published on the occasion of Meuser\u2019s 75th birthday, presenting works and exhibitions from the past ten years. Eight international authors and scholars create a dazzling mosaic and reveal how Meuser boldly holds his own in face of Duchamp, Minimalism, and Social Sculpture. An open-ended outlook.<\/p>\n<p>Meuser studied 1968\u20131976 at Art Academy, D\u00fcsseldorf with Joseph Beuys and Erwin Heerich. 1991 he received the ars viva award. 1992-2015 professorship at Academy of Fine Art, Karlsruhe.<\/p>\n<p>Since 1976, numerous institutional solo and group exhibitions and works in international collections: Bundeskunsthalle, Bonn; Deichtorhallen, Hamburg; documenta IX \/ Fridericianum, Kassel; Fundaci\u00f3 Joan Mir\u00f3, Barcelona; Joanneum, Graz; Kunsthalle D\u00fcsseldorf; Museum of Contemporary Art, Monterrey; Martin-Gropius-Bau, Berlin; Museum Abteiberg, M\u00f6nchengladbach; Museum Folkwang, Essen; Museum moderner Kunst Stiftung Ludwig, Vienna; Museum Morsbroich, Leverkusen; Rijksmuseum Twenthe, Enschede; Sakip Sabanci Museum, Istanbul; St\u00e4dtische Galerie, Karlsruhe; Vanhaerents Art Collection, Brussels; ZKM | Museum f\u00fcr Neue Kunst, Karlsruhe.<\/p>\n","protected":false},"excerpt":{"rendered":"<p>Ever since his studies with Joseph Beuys and Erwin Heerich, since his first exhibitions \u2013 for instance at \u2018Kippenberger\u2019s Office\u2019 in 1979 \u2013 Meuser (b. Essen 1947, lives and works in Karlsruhe) has been a solitaire. His sculptures are unyielding and unruly, just as much as they are vulnerable and tender. They are witty and heart-touchingly charming.<\/p>\n<p>Meuser finds his material in the scrapyard. Confidently and empathically, he reinstates form and dignity to the remnants and vestiges of industrial society. As a romantic, he grants things a life of their own and turns them into self-reliant protagonists, once more. Unwaveringly, he works to re-poetize a standardized and maltreated world.<\/p>\n<p>The lavishly designed monograph is published on the occasion of Meuser\u2019s 75th birthday, presenting works and exhibitions from the past ten years. Eight international authors and scholars create a dazzling mosaic and reveal how Meuser boldly holds his own in face of Duchamp, Minimalism, and Social Sculpture. An open-ended outlook.<\/p>\n<p>Meuser studied 1968\u20131976 at Art Academy, D\u00fcsseldorf with Joseph Beuys and Erwin Heerich. 1991 he received the ars viva award. 1992-2015 professorship at Academy of Fine Art, Karlsruhe.<\/p>\n<p>Since 1976, numerous institutional solo and group exhibitions and works in international collections: Bundeskunsthalle, Bonn; Deichtorhallen, Hamburg; documenta IX \/ Fridericianum, Kassel; Fundaci\u00f3 Joan Mir\u00f3, Barcelona; Joanneum, Graz; Kunsthalle D\u00fcsseldorf; Museum of Contemporary Art, Monterrey; Martin-Gropius-Bau, Berlin; Museum Abteiberg, M\u00f6nchengladbach; Museum Folkwang, Essen; Museum moderner Kunst Stiftung Ludwig, Vienna; Museum Morsbroich, Leverkusen; Rijksmuseum Twenthe, Enschede; Sakip Sabanci Museum, Istanbul; St\u00e4dtische Galerie, Karlsruhe; Vanhaerents Art Collection, Brussels; ZKM | Museum f\u00fcr Neue Kunst, Karlsruhe.<\/p>\n","protected":false},"featured_media":19297,"template":"","meta":{"_acf_changed":false},"product_brand":[],"product_cat":[2208,2217],"product_tag":[3886],"class_list":{"0":"post-20627","1":"product","2":"type-product","3":"status-publish","4":"has-post-thumbnail","6":"product_cat-all-books","7":"product_cat-sculpture","8":"product_tag-meuser-en","10":"first","11":"instock","12":"taxable","13":"shipping-taxable","14":"purchasable","15":"product-type-simple"},"acf":[],"yoast_head":"<!-- This site is optimized with the Yoast SEO plugin v27.1.1 - https:\/\/yoast.com\/product\/yoast-seo-wordpress\/ -->\n<title>MEUSER - Werke 2012\u20132023 (GERMAN) - DCV<\/title>\n<meta name=\"robots\" content=\"index, follow, max-snippet:-1, max-image-preview:large, max-video-preview:-1\" \/>\n<link rel=\"canonical\" href=\"https:\/\/dcv-books.com\/en\/produkt\/meuser-werke-2012-2023-deutsch\/\" \/>\n<meta property=\"og:locale\" content=\"en_US\" \/>\n<meta property=\"og:type\" content=\"article\" \/>\n<meta property=\"og:title\" content=\"MEUSER - Werke 2012\u20132023 (GERMAN) - DCV\" \/>\n<meta property=\"og:description\" content=\"Ever since his studies with Joseph Beuys and Erwin Heerich, since his first exhibitions \u2013 for instance at \u2018Kippenberger\u2019s Office\u2019 in 1979 \u2013 Meuser (b. Essen 1947, lives and works in Karlsruhe) has been a solitaire. His sculptures are unyielding and unruly, just as much as they are vulnerable and tender. They are witty and heart-touchingly charming.  Meuser finds his material in the scrapyard. Confidently and empathically, he reinstates form and dignity to the remnants and vestiges of industrial society. As a romantic, he grants things a life of their own and turns them into self-reliant protagonists, once more. Unwaveringly, he works to re-poetize a standardized and maltreated world.  The lavishly designed monograph is published on the occasion of Meuser\u2019s 75th birthday, presenting works and exhibitions from the past ten years. Eight international authors and scholars create a dazzling mosaic and reveal how Meuser boldly holds his own in face of Duchamp, Minimalism, and Social Sculpture. An open-ended outlook.  Meuser studied 1968\u20131976 at Art Academy, D\u00fcsseldorf with Joseph Beuys and Erwin Heerich. 1991 he received the ars viva award. 1992-2015 professorship at Academy of Fine Art, Karlsruhe.  Since 1976, numerous institutional solo and group exhibitions and works in international collections: Bundeskunsthalle, Bonn; Deichtorhallen, Hamburg; documenta IX \/ Fridericianum, Kassel; Fundaci\u00f3 Joan Mir\u00f3, Barcelona; Joanneum, Graz; Kunsthalle D\u00fcsseldorf; Museum of Contemporary Art, Monterrey; Martin-Gropius-Bau, Berlin; Museum Abteiberg, M\u00f6nchengladbach; Museum Folkwang, Essen; Museum moderner Kunst Stiftung Ludwig, Vienna; Museum Morsbroich, Leverkusen; Rijksmuseum Twenthe, Enschede; Sakip Sabanci Museum, Istanbul; St\u00e4dtische Galerie, Karlsruhe; Vanhaerents Art Collection, Brussels; ZKM | Museum f\u00fcr Neue Kunst, Karlsruhe.\" \/>\n<meta property=\"og:url\" content=\"https:\/\/dcv-books.com\/en\/produkt\/meuser-werke-2012-2023-deutsch\/\" \/>\n<meta property=\"og:site_name\" content=\"DCV\" \/>\n<meta property=\"article:modified_time\" content=\"2023-12-05T16:52:12+00:00\" \/>\n<meta property=\"og:image\" content=\"https:\/\/dcv-books.com\/wp-content\/uploads\/2023\/04\/MEUSER_Cover_Deutsch-scaled.jpg\" \/>\n\t<meta property=\"og:image:width\" content=\"2048\" \/>\n\t<meta property=\"og:image:height\" content=\"2560\" \/>\n\t<meta property=\"og:image:type\" content=\"image\/jpeg\" \/>\n<meta name=\"twitter:card\" content=\"summary_large_image\" \/>\n<meta name=\"twitter:label1\" content=\"Est. reading time\" \/>\n\t<meta name=\"twitter:data1\" content=\"2 minutes\" \/>\n<script type=\"application\/ld+json\" class=\"yoast-schema-graph\">{\"@context\":\"https:\/\/schema.org\",\"@graph\":[{\"@type\":\"WebPage\",\"@id\":\"https:\/\/dcv-books.com\/en\/produkt\/meuser-werke-2012-2023-deutsch\/\",\"url\":\"https:\/\/dcv-books.com\/en\/produkt\/meuser-werke-2012-2023-deutsch\/\",\"name\":\"MEUSER - Werke 2012\u20132023 (GERMAN) - DCV\",\"isPartOf\":{\"@id\":\"https:\/\/dcv-books.com\/#website\"},\"primaryImageOfPage\":{\"@id\":\"https:\/\/dcv-books.com\/en\/produkt\/meuser-werke-2012-2023-deutsch\/#primaryimage\"},\"image\":{\"@id\":\"https:\/\/dcv-books.com\/en\/produkt\/meuser-werke-2012-2023-deutsch\/#primaryimage\"},\"thumbnailUrl\":\"https:\/\/dcv-books.com\/wp-content\/uploads\/2023\/04\/MEUSER_Cover_Deutsch-scaled.jpg\",\"datePublished\":\"2021-02-18T13:46:59+00:00\",\"dateModified\":\"2023-12-05T16:52:12+00:00\",\"breadcrumb\":{\"@id\":\"https:\/\/dcv-books.com\/en\/produkt\/meuser-werke-2012-2023-deutsch\/#breadcrumb\"},\"inLanguage\":\"en-US\",\"potentialAction\":[{\"@type\":\"ReadAction\",\"target\":[\"https:\/\/dcv-books.com\/en\/produkt\/meuser-werke-2012-2023-deutsch\/\"]}]},{\"@type\":\"ImageObject\",\"inLanguage\":\"en-US\",\"@id\":\"https:\/\/dcv-books.com\/en\/produkt\/meuser-werke-2012-2023-deutsch\/#primaryimage\",\"url\":\"https:\/\/dcv-books.com\/wp-content\/uploads\/2023\/04\/MEUSER_Cover_Deutsch-scaled.jpg\",\"contentUrl\":\"https:\/\/dcv-books.com\/wp-content\/uploads\/2023\/04\/MEUSER_Cover_Deutsch-scaled.jpg\",\"width\":2048,\"height\":2560},{\"@type\":\"BreadcrumbList\",\"@id\":\"https:\/\/dcv-books.com\/en\/produkt\/meuser-werke-2012-2023-deutsch\/#breadcrumb\",\"itemListElement\":[{\"@type\":\"ListItem\",\"position\":1,\"name\":\"Startseite\",\"item\":\"https:\/\/dcv-books.com\/en\/\"},{\"@type\":\"ListItem\",\"position\":2,\"name\":\"MEUSER &#8211; Werke 2012\u20132023 (GERMAN)\"}]},{\"@type\":\"WebSite\",\"@id\":\"https:\/\/dcv-books.com\/#website\",\"url\":\"https:\/\/dcv-books.com\/\",\"name\":\"DCV\",\"description\":\"Dr. Cantz&#039;sche Verlagsgesellschaft mbH &amp; Co. KG\",\"potentialAction\":[{\"@type\":\"SearchAction\",\"target\":{\"@type\":\"EntryPoint\",\"urlTemplate\":\"https:\/\/dcv-books.com\/?s={search_term_string}\"},\"query-input\":{\"@type\":\"PropertyValueSpecification\",\"valueRequired\":true,\"valueName\":\"search_term_string\"}}],\"inLanguage\":\"en-US\"}]}<\/script>\n<!-- \/ Yoast SEO plugin. -->","yoast_head_json":{"title":"MEUSER - Werke 2012\u20132023 (GERMAN) - DCV","robots":{"index":"index","follow":"follow","max-snippet":"max-snippet:-1","max-image-preview":"max-image-preview:large","max-video-preview":"max-video-preview:-1"},"canonical":"https:\/\/dcv-books.com\/en\/produkt\/meuser-werke-2012-2023-deutsch\/","og_locale":"en_US","og_type":"article","og_title":"MEUSER - Werke 2012\u20132023 (GERMAN) - DCV","og_description":"Ever since his studies with Joseph Beuys and Erwin Heerich, since his first exhibitions \u2013 for instance at \u2018Kippenberger\u2019s Office\u2019 in 1979 \u2013 Meuser (b. Essen 1947, lives and works in Karlsruhe) has been a solitaire. His sculptures are unyielding and unruly, just as much as they are vulnerable and tender. They are witty and heart-touchingly charming.  Meuser finds his material in the scrapyard. Confidently and empathically, he reinstates form and dignity to the remnants and vestiges of industrial society. As a romantic, he grants things a life of their own and turns them into self-reliant protagonists, once more. Unwaveringly, he works to re-poetize a standardized and maltreated world.  The lavishly designed monograph is published on the occasion of Meuser\u2019s 75th birthday, presenting works and exhibitions from the past ten years. Eight international authors and scholars create a dazzling mosaic and reveal how Meuser boldly holds his own in face of Duchamp, Minimalism, and Social Sculpture. An open-ended outlook.  Meuser studied 1968\u20131976 at Art Academy, D\u00fcsseldorf with Joseph Beuys and Erwin Heerich. 1991 he received the ars viva award. 1992-2015 professorship at Academy of Fine Art, Karlsruhe.  Since 1976, numerous institutional solo and group exhibitions and works in international collections: Bundeskunsthalle, Bonn; Deichtorhallen, Hamburg; documenta IX \/ Fridericianum, Kassel; Fundaci\u00f3 Joan Mir\u00f3, Barcelona; Joanneum, Graz; Kunsthalle D\u00fcsseldorf; Museum of Contemporary Art, Monterrey; Martin-Gropius-Bau, Berlin; Museum Abteiberg, M\u00f6nchengladbach; Museum Folkwang, Essen; Museum moderner Kunst Stiftung Ludwig, Vienna; Museum Morsbroich, Leverkusen; Rijksmuseum Twenthe, Enschede; Sakip Sabanci Museum, Istanbul; St\u00e4dtische Galerie, Karlsruhe; Vanhaerents Art Collection, Brussels; ZKM | Museum f\u00fcr Neue Kunst, Karlsruhe.","og_url":"https:\/\/dcv-books.com\/en\/produkt\/meuser-werke-2012-2023-deutsch\/","og_site_name":"DCV","article_modified_time":"2023-12-05T16:52:12+00:00","og_image":[{"width":2048,"height":2560,"url":"https:\/\/dcv-books.com\/wp-content\/uploads\/2023\/04\/MEUSER_Cover_Deutsch-scaled.jpg","type":"image\/jpeg"}],"twitter_card":"summary_large_image","twitter_misc":{"Est. reading time":"2 minutes"},"schema":{"@context":"https:\/\/schema.org","@graph":[{"@type":"WebPage","@id":"https:\/\/dcv-books.com\/en\/produkt\/meuser-werke-2012-2023-deutsch\/","url":"https:\/\/dcv-books.com\/en\/produkt\/meuser-werke-2012-2023-deutsch\/","name":"MEUSER - Werke 2012\u20132023 (GERMAN) - DCV","isPartOf":{"@id":"https:\/\/dcv-books.com\/#website"},"primaryImageOfPage":{"@id":"https:\/\/dcv-books.com\/en\/produkt\/meuser-werke-2012-2023-deutsch\/#primaryimage"},"image":{"@id":"https:\/\/dcv-books.com\/en\/produkt\/meuser-werke-2012-2023-deutsch\/#primaryimage"},"thumbnailUrl":"https:\/\/dcv-books.com\/wp-content\/uploads\/2023\/04\/MEUSER_Cover_Deutsch-scaled.jpg","datePublished":"2021-02-18T13:46:59+00:00","dateModified":"2023-12-05T16:52:12+00:00","breadcrumb":{"@id":"https:\/\/dcv-books.com\/en\/produkt\/meuser-werke-2012-2023-deutsch\/#breadcrumb"},"inLanguage":"en-US","potentialAction":[{"@type":"ReadAction","target":["https:\/\/dcv-books.com\/en\/produkt\/meuser-werke-2012-2023-deutsch\/"]}]},{"@type":"ImageObject","inLanguage":"en-US","@id":"https:\/\/dcv-books.com\/en\/produkt\/meuser-werke-2012-2023-deutsch\/#primaryimage","url":"https:\/\/dcv-books.com\/wp-content\/uploads\/2023\/04\/MEUSER_Cover_Deutsch-scaled.jpg","contentUrl":"https:\/\/dcv-books.com\/wp-content\/uploads\/2023\/04\/MEUSER_Cover_Deutsch-scaled.jpg","width":2048,"height":2560},{"@type":"BreadcrumbList","@id":"https:\/\/dcv-books.com\/en\/produkt\/meuser-werke-2012-2023-deutsch\/#breadcrumb","itemListElement":[{"@type":"ListItem","position":1,"name":"Startseite","item":"https:\/\/dcv-books.com\/en\/"},{"@type":"ListItem","position":2,"name":"MEUSER &#8211; Werke 2012\u20132023 (GERMAN)"}]},{"@type":"WebSite","@id":"https:\/\/dcv-books.com\/#website","url":"https:\/\/dcv-books.com\/","name":"DCV","description":"Dr. Cantz&#039;sche Verlagsgesellschaft mbH &amp; Co. KG","potentialAction":[{"@type":"SearchAction","target":{"@type":"EntryPoint","urlTemplate":"https:\/\/dcv-books.com\/?s={search_term_string}"},"query-input":{"@type":"PropertyValueSpecification","valueRequired":true,"valueName":"search_term_string"}}],"inLanguage":"en-US"}]}},"_links":{"self":[{"href":"https:\/\/dcv-books.com\/en\/wp-json\/wp\/v2\/product\/20627","targetHints":{"allow":["GET"]}}],"collection":[{"href":"https:\/\/dcv-books.com\/en\/wp-json\/wp\/v2\/product"}],"about":[{"href":"https:\/\/dcv-books.com\/en\/wp-json\/wp\/v2\/types\/product"}],"wp:featuredmedia":[{"embeddable":true,"href":"https:\/\/dcv-books.com\/en\/wp-json\/wp\/v2\/media\/19297"}],"wp:attachment":[{"href":"https:\/\/dcv-books.com\/en\/wp-json\/wp\/v2\/media?parent=20627"}],"wp:term":[{"taxonomy":"product_brand","embeddable":true,"href":"https:\/\/dcv-books.com\/en\/wp-json\/wp\/v2\/product_brand?post=20627"},{"taxonomy":"product_cat","embeddable":true,"href":"https:\/\/dcv-books.com\/en\/wp-json\/wp\/v2\/product_cat?post=20627"},{"taxonomy":"product_tag","embeddable":true,"href":"https:\/\/dcv-books.com\/en\/wp-json\/wp\/v2\/product_tag?post=20627"}],"curies":[{"name":"wp","href":"https:\/\/api.w.org\/{rel}","templated":true}]}}