{"id":20417,"date":"2023-06-15T13:10:30","date_gmt":"2023-07-28T08:56:30","guid":{"rendered":"https:\/\/dcv-books.com\/produkt\/jenny-brosinski-things-ive-never-said-2\/"},"modified":"2025-10-27T13:20:26","modified_gmt":"2025-10-27T12:20:26","slug":"jenny-brosinski-things-ive-never-said-2","status":"publish","type":"product","link":"https:\/\/dcv-books.com\/en\/produkt\/jenny-brosinski-things-ive-never-said-2\/","title":{"rendered":"Jenny Brosinski &#8211;<br> Things I\u2019ve Never Said"},"content":{"rendered":"<p>Jenny Brosinski\u2019s (b. Celle, 1984; lives and works in Berlin) paintings in large formats look like uncoordinated abstract compositions with traces of wear deliberately left in place. This brings their materiality to the fore and reveals the creative process. Expressive oil paint on unprimed canvas, spray-painted lines, typographic elements, shoeprints, or pieces of masking tape on the canvas: on the one hand, these are experiments and statements; on the other hand, they are engagements with painting as such. The artist added sculpture to her repertoire in 2019, making figurative and sometimes colorfully painted imaginary beasts in bronze or stone\u2014more evidence of her subtle sense of humor, which also manifests itself in her pictures and especially in their titles. The extensive monograph offers profound and comprehensive insight into Brosinski\u2019s oeuvre.<\/p>\n<p>Jenny Brosinski studied illustration and animation at the Wei\u00dfensee Kunsthochschule, Berlin, the \u00c9cole sup\u00e9rieure des arts d\u00e9coratifs, Strasbourg, and the Hamburg University of Applied Sciences. She completed her education with a master class in Berlin in 2010.<\/p>\n<p><a href=\"https:\/\/dcv-books.com\/en\/jenny-brosinski\/\">Limited artist edition available<\/a><\/p>\n","protected":false},"excerpt":{"rendered":"<p>Jenny Brosinski\u2019s (b. Celle, 1984; lives and works in Berlin) paintings in large formats look like uncoordinated abstract compositions with traces of wear deliberately left in place. This brings their materiality to the fore and reveals the creative process. Expressive oil paint on unprimed canvas, spray-painted lines, typographic elements, shoeprints, or pieces of masking tape on the canvas: on the one hand, these are experiments and statements; on the other hand, they are engagements with painting as such. The artist added sculpture to her repertoire in 2019, making figurative and sometimes colorfully painted imaginary beasts in bronze or stone\u2014more evidence of her subtle sense of humor, which also manifests itself in her pictures and especially in their titles. The extensive monograph offers profound and comprehensive insight into Brosinski\u2019s oeuvre.<\/p>\n<p>Jenny Brosinski studied illustration and animation at the Wei\u00dfensee Kunsthochschule, Berlin, the \u00c9cole sup\u00e9rieure des arts d\u00e9coratifs, Strasbourg, and the Hamburg University of Applied Sciences. She completed her education with a master class in Berlin in 2010.<\/p>\n<p><a href=\"https:\/\/dcv-books.com\/en\/jenny-brosinski\/\">Limited artist edition available<\/a><\/p>\n","protected":false},"featured_media":22557,"template":"","meta":{"_acf_changed":false},"product_brand":[],"product_cat":[2208,2215,2213,2217],"product_tag":[4370,4371],"class_list":{"0":"post-20417","1":"product","2":"type-product","3":"status-publish","4":"has-post-thumbnail","6":"product_cat-all-books","7":"product_cat-new-arrivals","8":"product_cat-painting","9":"product_cat-sculpture","10":"product_tag-jenny-brosinski-en","11":"product_tag-things-ive-never-said-en","13":"first","14":"instock","15":"taxable","16":"shipping-taxable","17":"purchasable","18":"product-type-simple"},"acf":[],"yoast_head":"<!-- This site is optimized with the Yoast SEO plugin v27.1.1 - https:\/\/yoast.com\/product\/yoast-seo-wordpress\/ -->\n<title>Jenny Brosinski - Things I\u2019ve Never Said - DCV<\/title>\n<meta name=\"robots\" content=\"index, follow, max-snippet:-1, max-image-preview:large, max-video-preview:-1\" \/>\n<link rel=\"canonical\" href=\"https:\/\/dcv-books.com\/en\/produkt\/jenny-brosinski-things-ive-never-said-2\/\" \/>\n<meta property=\"og:locale\" content=\"en_US\" \/>\n<meta property=\"og:type\" content=\"article\" \/>\n<meta property=\"og:title\" content=\"Jenny Brosinski - Things I\u2019ve Never Said - DCV\" \/>\n<meta property=\"og:description\" content=\"Jenny Brosinski\u2019s (b. Celle, 1984; lives and works in Berlin) paintings in large formats look like uncoordinated abstract compositions with traces of wear deliberately left in place. This brings their materiality to the fore and reveals the creative process. Expressive oil paint on unprimed canvas, spray-painted lines, typographic elements, shoeprints, or pieces of masking tape on the canvas: on the one hand, these are experiments and statements; on the other hand, they are engagements with painting as such. The artist added sculpture to her repertoire in 2019, making figurative and sometimes colorfully painted imaginary beasts in bronze or stone\u2014more evidence of her subtle sense of humor, which also manifests itself in her pictures and especially in their titles. The extensive monograph offers profound and comprehensive insight into Brosinski\u2019s oeuvre.  Jenny Brosinski studied illustration and animation at the Wei\u00dfensee Kunsthochschule, Berlin, the \u00c9cole sup\u00e9rieure des arts d\u00e9coratifs, Strasbourg, and the Hamburg University of Applied Sciences. She completed her education with a master class in Berlin in 2010.  Limited artist edition available\" \/>\n<meta property=\"og:url\" content=\"https:\/\/dcv-books.com\/en\/produkt\/jenny-brosinski-things-ive-never-said-2\/\" \/>\n<meta property=\"og:site_name\" content=\"DCV\" \/>\n<meta property=\"article:modified_time\" content=\"2025-10-27T12:20:26+00:00\" \/>\n<meta property=\"og:image\" content=\"https:\/\/dcv-books.com\/wp-content\/uploads\/2024\/05\/JennyBrosinski_cover_web-scaled.jpg\" \/>\n\t<meta property=\"og:image:width\" content=\"2168\" \/>\n\t<meta property=\"og:image:height\" content=\"2560\" \/>\n\t<meta property=\"og:image:type\" content=\"image\/jpeg\" \/>\n<meta name=\"twitter:card\" content=\"summary_large_image\" \/>\n<meta name=\"twitter:label1\" content=\"Est. reading time\" \/>\n\t<meta name=\"twitter:data1\" content=\"2 minutes\" \/>\n<script type=\"application\/ld+json\" class=\"yoast-schema-graph\">{\"@context\":\"https:\/\/schema.org\",\"@graph\":[{\"@type\":\"WebPage\",\"@id\":\"https:\/\/dcv-books.com\/en\/produkt\/jenny-brosinski-things-ive-never-said-2\/\",\"url\":\"https:\/\/dcv-books.com\/en\/produkt\/jenny-brosinski-things-ive-never-said-2\/\",\"name\":\"Jenny Brosinski - Things I\u2019ve Never Said - DCV\",\"isPartOf\":{\"@id\":\"https:\/\/dcv-books.com\/#website\"},\"primaryImageOfPage\":{\"@id\":\"https:\/\/dcv-books.com\/en\/produkt\/jenny-brosinski-things-ive-never-said-2\/#primaryimage\"},\"image\":{\"@id\":\"https:\/\/dcv-books.com\/en\/produkt\/jenny-brosinski-things-ive-never-said-2\/#primaryimage\"},\"thumbnailUrl\":\"https:\/\/dcv-books.com\/wp-content\/uploads\/2024\/05\/JennyBrosinski_cover_web-scaled.jpg\",\"datePublished\":\"2023-07-28T08:56:30+00:00\",\"dateModified\":\"2025-10-27T12:20:26+00:00\",\"breadcrumb\":{\"@id\":\"https:\/\/dcv-books.com\/en\/produkt\/jenny-brosinski-things-ive-never-said-2\/#breadcrumb\"},\"inLanguage\":\"en-US\",\"potentialAction\":[{\"@type\":\"ReadAction\",\"target\":[\"https:\/\/dcv-books.com\/en\/produkt\/jenny-brosinski-things-ive-never-said-2\/\"]}]},{\"@type\":\"ImageObject\",\"inLanguage\":\"en-US\",\"@id\":\"https:\/\/dcv-books.com\/en\/produkt\/jenny-brosinski-things-ive-never-said-2\/#primaryimage\",\"url\":\"https:\/\/dcv-books.com\/wp-content\/uploads\/2024\/05\/JennyBrosinski_cover_web-scaled.jpg\",\"contentUrl\":\"https:\/\/dcv-books.com\/wp-content\/uploads\/2024\/05\/JennyBrosinski_cover_web-scaled.jpg\",\"width\":2168,\"height\":2560},{\"@type\":\"BreadcrumbList\",\"@id\":\"https:\/\/dcv-books.com\/en\/produkt\/jenny-brosinski-things-ive-never-said-2\/#breadcrumb\",\"itemListElement\":[{\"@type\":\"ListItem\",\"position\":1,\"name\":\"Startseite\",\"item\":\"https:\/\/dcv-books.com\/en\/\"},{\"@type\":\"ListItem\",\"position\":2,\"name\":\"Jenny Brosinski &#8211; Things I\u2019ve Never Said\"}]},{\"@type\":\"WebSite\",\"@id\":\"https:\/\/dcv-books.com\/#website\",\"url\":\"https:\/\/dcv-books.com\/\",\"name\":\"DCV\",\"description\":\"Dr. Cantz&#039;sche Verlagsgesellschaft mbH &amp; Co. KG\",\"potentialAction\":[{\"@type\":\"SearchAction\",\"target\":{\"@type\":\"EntryPoint\",\"urlTemplate\":\"https:\/\/dcv-books.com\/?s={search_term_string}\"},\"query-input\":{\"@type\":\"PropertyValueSpecification\",\"valueRequired\":true,\"valueName\":\"search_term_string\"}}],\"inLanguage\":\"en-US\"}]}<\/script>\n<!-- \/ Yoast SEO plugin. -->","yoast_head_json":{"title":"Jenny Brosinski - Things I\u2019ve Never Said - DCV","robots":{"index":"index","follow":"follow","max-snippet":"max-snippet:-1","max-image-preview":"max-image-preview:large","max-video-preview":"max-video-preview:-1"},"canonical":"https:\/\/dcv-books.com\/en\/produkt\/jenny-brosinski-things-ive-never-said-2\/","og_locale":"en_US","og_type":"article","og_title":"Jenny Brosinski - Things I\u2019ve Never Said - DCV","og_description":"Jenny Brosinski\u2019s (b. Celle, 1984; lives and works in Berlin) paintings in large formats look like uncoordinated abstract compositions with traces of wear deliberately left in place. This brings their materiality to the fore and reveals the creative process. Expressive oil paint on unprimed canvas, spray-painted lines, typographic elements, shoeprints, or pieces of masking tape on the canvas: on the one hand, these are experiments and statements; on the other hand, they are engagements with painting as such. The artist added sculpture to her repertoire in 2019, making figurative and sometimes colorfully painted imaginary beasts in bronze or stone\u2014more evidence of her subtle sense of humor, which also manifests itself in her pictures and especially in their titles. The extensive monograph offers profound and comprehensive insight into Brosinski\u2019s oeuvre.  Jenny Brosinski studied illustration and animation at the Wei\u00dfensee Kunsthochschule, Berlin, the \u00c9cole sup\u00e9rieure des arts d\u00e9coratifs, Strasbourg, and the Hamburg University of Applied Sciences. She completed her education with a master class in Berlin in 2010.  Limited artist edition available","og_url":"https:\/\/dcv-books.com\/en\/produkt\/jenny-brosinski-things-ive-never-said-2\/","og_site_name":"DCV","article_modified_time":"2025-10-27T12:20:26+00:00","og_image":[{"width":2168,"height":2560,"url":"https:\/\/dcv-books.com\/wp-content\/uploads\/2024\/05\/JennyBrosinski_cover_web-scaled.jpg","type":"image\/jpeg"}],"twitter_card":"summary_large_image","twitter_misc":{"Est. reading time":"2 minutes"},"schema":{"@context":"https:\/\/schema.org","@graph":[{"@type":"WebPage","@id":"https:\/\/dcv-books.com\/en\/produkt\/jenny-brosinski-things-ive-never-said-2\/","url":"https:\/\/dcv-books.com\/en\/produkt\/jenny-brosinski-things-ive-never-said-2\/","name":"Jenny Brosinski - Things I\u2019ve Never Said - DCV","isPartOf":{"@id":"https:\/\/dcv-books.com\/#website"},"primaryImageOfPage":{"@id":"https:\/\/dcv-books.com\/en\/produkt\/jenny-brosinski-things-ive-never-said-2\/#primaryimage"},"image":{"@id":"https:\/\/dcv-books.com\/en\/produkt\/jenny-brosinski-things-ive-never-said-2\/#primaryimage"},"thumbnailUrl":"https:\/\/dcv-books.com\/wp-content\/uploads\/2024\/05\/JennyBrosinski_cover_web-scaled.jpg","datePublished":"2023-07-28T08:56:30+00:00","dateModified":"2025-10-27T12:20:26+00:00","breadcrumb":{"@id":"https:\/\/dcv-books.com\/en\/produkt\/jenny-brosinski-things-ive-never-said-2\/#breadcrumb"},"inLanguage":"en-US","potentialAction":[{"@type":"ReadAction","target":["https:\/\/dcv-books.com\/en\/produkt\/jenny-brosinski-things-ive-never-said-2\/"]}]},{"@type":"ImageObject","inLanguage":"en-US","@id":"https:\/\/dcv-books.com\/en\/produkt\/jenny-brosinski-things-ive-never-said-2\/#primaryimage","url":"https:\/\/dcv-books.com\/wp-content\/uploads\/2024\/05\/JennyBrosinski_cover_web-scaled.jpg","contentUrl":"https:\/\/dcv-books.com\/wp-content\/uploads\/2024\/05\/JennyBrosinski_cover_web-scaled.jpg","width":2168,"height":2560},{"@type":"BreadcrumbList","@id":"https:\/\/dcv-books.com\/en\/produkt\/jenny-brosinski-things-ive-never-said-2\/#breadcrumb","itemListElement":[{"@type":"ListItem","position":1,"name":"Startseite","item":"https:\/\/dcv-books.com\/en\/"},{"@type":"ListItem","position":2,"name":"Jenny Brosinski &#8211; Things I\u2019ve Never Said"}]},{"@type":"WebSite","@id":"https:\/\/dcv-books.com\/#website","url":"https:\/\/dcv-books.com\/","name":"DCV","description":"Dr. Cantz&#039;sche Verlagsgesellschaft mbH &amp; Co. KG","potentialAction":[{"@type":"SearchAction","target":{"@type":"EntryPoint","urlTemplate":"https:\/\/dcv-books.com\/?s={search_term_string}"},"query-input":{"@type":"PropertyValueSpecification","valueRequired":true,"valueName":"search_term_string"}}],"inLanguage":"en-US"}]}},"_links":{"self":[{"href":"https:\/\/dcv-books.com\/en\/wp-json\/wp\/v2\/product\/20417","targetHints":{"allow":["GET"]}}],"collection":[{"href":"https:\/\/dcv-books.com\/en\/wp-json\/wp\/v2\/product"}],"about":[{"href":"https:\/\/dcv-books.com\/en\/wp-json\/wp\/v2\/types\/product"}],"wp:featuredmedia":[{"embeddable":true,"href":"https:\/\/dcv-books.com\/en\/wp-json\/wp\/v2\/media\/22557"}],"wp:attachment":[{"href":"https:\/\/dcv-books.com\/en\/wp-json\/wp\/v2\/media?parent=20417"}],"wp:term":[{"taxonomy":"product_brand","embeddable":true,"href":"https:\/\/dcv-books.com\/en\/wp-json\/wp\/v2\/product_brand?post=20417"},{"taxonomy":"product_cat","embeddable":true,"href":"https:\/\/dcv-books.com\/en\/wp-json\/wp\/v2\/product_cat?post=20417"},{"taxonomy":"product_tag","embeddable":true,"href":"https:\/\/dcv-books.com\/en\/wp-json\/wp\/v2\/product_tag?post=20417"}],"curies":[{"name":"wp","href":"https:\/\/api.w.org\/{rel}","templated":true}]}}