{"id":19764,"date":"2021-04-01T18:45:30","date_gmt":"2023-06-22T10:15:30","guid":{"rendered":"https:\/\/dcv-books.com\/produkt\/jan-zoller-ritual-believer\/"},"modified":"2024-05-10T15:01:51","modified_gmt":"2024-05-10T13:01:51","slug":"jan-zoller-ritual-believer","status":"publish","type":"product","link":"https:\/\/dcv-books.com\/en\/produkt\/jan-zoller-ritual-believer\/","title":{"rendered":"Jan Z\u00f6ller &#8211;<br> Ritual Believer"},"content":{"rendered":"<p>Jan Z\u00f6ller\u2019s (b. Haslach, 1992; lives and works in Karlsruhe) paintings, sculptures, and installations probe the discrepancy between economic production and the spiritual and magical dimension of art. The artist\u2019s book <em>Ritual Believer<\/em> surveys the so-called <em>charcoal paintings <\/em>series, created between 2019 and 2023. For these works, the artist paints directly in charcoal on the unprimed canvas, making it impossible to correct \u201cblunders.\u201d Another distinguishing feature is the virtual absence of color; the austerity of the compositions contrasts with Z\u00f6ller\u2019s other, often intensely colorful paintings. The motifs that are the hallmark of his oeuvre\u2014birds, running legs\u2014are complemented by writing and text. Another aspect of this shift is that the works\u2019 titles play a central part and almost figure as a creative element in their own right. For the text in the book, the artist sent the titles of the works shown to his brother, who wove them into a story. An appendix presents scanned archival materials. Notebooks and zines Z\u00f6ller produced between 2015 and 2017 provide interesting insight into how he finds his motifs and his compositional process.<\/p>\n<p>Jan Z\u00f6ller studied with Marijke van Warmerdam and Leni Hoffmann at the Akademie der Bildenden K\u00fcnste Karlsruhe from 2012 until 2017 and with Jean-Marc Bustamante and G\u00f6tz Arndt at the \u00c9cole Nationale Sup\u00e9rieure des Beaux-Arts de Paris in 2016.<\/p>\n<p><a href=\"https:\/\/dcv-books.com\/en\/jan-zoller-2\/\">Limited art edition available<\/a><\/p>\n","protected":false},"excerpt":{"rendered":"<p>Jan Z\u00f6ller\u2019s (b. Haslach, 1992; lives and works in Karlsruhe) paintings, sculptures, and installations probe the discrepancy between economic production and the spiritual and magical dimension of art. The artist\u2019s book <em>Ritual Believer<\/em> surveys the so-called <em>charcoal paintings <\/em>series, created between 2019 and 2023. For these works, the artist paints directly in charcoal on the unprimed canvas, making it impossible to correct \u201cblunders.\u201d Another distinguishing feature is the virtual absence of color; the austerity of the compositions contrasts with Z\u00f6ller\u2019s other, often intensely colorful paintings. The motifs that are the hallmark of his oeuvre\u2014birds, running legs\u2014are complemented by writing and text. Another aspect of this shift is that the works\u2019 titles play a central part and almost figure as a creative element in their own right. For the text in the book, the artist sent the titles of the works shown to his brother, who wove them into a story. An appendix presents scanned archival materials. Notebooks and zines Z\u00f6ller produced between 2015 and 2017 provide interesting insight into how he finds his motifs and his compositional process.<\/p>\n<p>Jan Z\u00f6ller studied with Marijke van Warmerdam and Leni Hoffmann at the Akademie der Bildenden K\u00fcnste Karlsruhe from 2012 until 2017 and with Jean-Marc Bustamante and G\u00f6tz Arndt at the \u00c9cole Nationale Sup\u00e9rieure des Beaux-Arts de Paris in 2016.<\/p>\n<p><a href=\"https:\/\/dcv-books.com\/en\/jan-zoller-2\/\">Limited art edition available<\/a><\/p>\n","protected":false},"featured_media":20818,"template":"","meta":{"_acf_changed":false},"product_brand":[],"product_cat":[2208,3667,2212,2213,2217,3514],"product_tag":[3012],"class_list":{"0":"post-19764","1":"product","2":"type-product","3":"status-publish","4":"has-post-thumbnail","6":"product_cat-all-books","7":"product_cat-drawing","8":"product_cat-installation-art","9":"product_cat-painting","10":"product_cat-sculpture","11":"product_cat-works-on-paper-en","12":"product_tag-jan-zoeller-en","14":"first","15":"instock","16":"taxable","17":"shipping-taxable","18":"purchasable","19":"product-type-simple"},"acf":[],"yoast_head":"<!-- This site is optimized with the Yoast SEO plugin v27.1.1 - https:\/\/yoast.com\/product\/yoast-seo-wordpress\/ -->\n<title>Jan Z\u00f6ller - Ritual Believer - DCV<\/title>\n<meta name=\"robots\" content=\"index, follow, max-snippet:-1, max-image-preview:large, max-video-preview:-1\" \/>\n<link rel=\"canonical\" href=\"https:\/\/dcv-books.com\/en\/produkt\/jan-zoller-ritual-believer\/\" \/>\n<meta property=\"og:locale\" content=\"en_US\" \/>\n<meta property=\"og:type\" content=\"article\" \/>\n<meta property=\"og:title\" content=\"Jan Z\u00f6ller - Ritual Believer - DCV\" \/>\n<meta property=\"og:description\" content=\"Jan Z\u00f6ller\u2019s (b. Haslach, 1992; lives and works in Karlsruhe) paintings, sculptures, and installations probe the discrepancy between economic production and the spiritual and magical dimension of art. The artist\u2019s book Ritual Believer surveys the so-called charcoal paintings series, created between 2019 and 2023. For these works, the artist paints directly in charcoal on the unprimed canvas, making it impossible to correct \u201cblunders.\u201d Another distinguishing feature is the virtual absence of color; the austerity of the compositions contrasts with Z\u00f6ller\u2019s other, often intensely colorful paintings. The motifs that are the hallmark of his oeuvre\u2014birds, running legs\u2014are complemented by writing and text. Another aspect of this shift is that the works\u2019 titles play a central part and almost figure as a creative element in their own right. For the text in the book, the artist sent the titles of the works shown to his brother, who wove them into a story. An appendix presents scanned archival materials. Notebooks and zines Z\u00f6ller produced between 2015 and 2017 provide interesting insight into how he finds his motifs and his compositional process.  Jan Z\u00f6ller studied with Marijke van Warmerdam and Leni Hoffmann at the Akademie der Bildenden K\u00fcnste Karlsruhe from 2012 until 2017 and with Jean-Marc Bustamante and G\u00f6tz Arndt at the \u00c9cole Nationale Sup\u00e9rieure des Beaux-Arts de Paris in 2016.  Limited art edition available\" \/>\n<meta property=\"og:url\" content=\"https:\/\/dcv-books.com\/en\/produkt\/jan-zoller-ritual-believer\/\" \/>\n<meta property=\"og:site_name\" content=\"DCV\" \/>\n<meta property=\"article:modified_time\" content=\"2024-05-10T13:01:51+00:00\" \/>\n<meta property=\"og:image\" content=\"https:\/\/dcv-books.com\/wp-content\/uploads\/2023\/06\/JZ_Preview_Cover.jpeg\" \/>\n\t<meta property=\"og:image:width\" content=\"848\" \/>\n\t<meta property=\"og:image:height\" content=\"1280\" \/>\n\t<meta property=\"og:image:type\" content=\"image\/jpeg\" \/>\n<meta name=\"twitter:card\" content=\"summary_large_image\" \/>\n<meta name=\"twitter:label1\" content=\"Est. reading time\" \/>\n\t<meta name=\"twitter:data1\" content=\"2 minutes\" \/>\n<script type=\"application\/ld+json\" class=\"yoast-schema-graph\">{\"@context\":\"https:\/\/schema.org\",\"@graph\":[{\"@type\":\"WebPage\",\"@id\":\"https:\/\/dcv-books.com\/en\/produkt\/jan-zoller-ritual-believer\/\",\"url\":\"https:\/\/dcv-books.com\/en\/produkt\/jan-zoller-ritual-believer\/\",\"name\":\"Jan Z\u00f6ller - Ritual Believer - DCV\",\"isPartOf\":{\"@id\":\"https:\/\/dcv-books.com\/#website\"},\"primaryImageOfPage\":{\"@id\":\"https:\/\/dcv-books.com\/en\/produkt\/jan-zoller-ritual-believer\/#primaryimage\"},\"image\":{\"@id\":\"https:\/\/dcv-books.com\/en\/produkt\/jan-zoller-ritual-believer\/#primaryimage\"},\"thumbnailUrl\":\"https:\/\/dcv-books.com\/wp-content\/uploads\/2023\/06\/JZ_Preview_Cover.jpeg\",\"datePublished\":\"2023-06-22T10:15:30+00:00\",\"dateModified\":\"2024-05-10T13:01:51+00:00\",\"breadcrumb\":{\"@id\":\"https:\/\/dcv-books.com\/en\/produkt\/jan-zoller-ritual-believer\/#breadcrumb\"},\"inLanguage\":\"en-US\",\"potentialAction\":[{\"@type\":\"ReadAction\",\"target\":[\"https:\/\/dcv-books.com\/en\/produkt\/jan-zoller-ritual-believer\/\"]}]},{\"@type\":\"ImageObject\",\"inLanguage\":\"en-US\",\"@id\":\"https:\/\/dcv-books.com\/en\/produkt\/jan-zoller-ritual-believer\/#primaryimage\",\"url\":\"https:\/\/dcv-books.com\/wp-content\/uploads\/2023\/06\/JZ_Preview_Cover.jpeg\",\"contentUrl\":\"https:\/\/dcv-books.com\/wp-content\/uploads\/2023\/06\/JZ_Preview_Cover.jpeg\",\"width\":848,\"height\":1280},{\"@type\":\"BreadcrumbList\",\"@id\":\"https:\/\/dcv-books.com\/en\/produkt\/jan-zoller-ritual-believer\/#breadcrumb\",\"itemListElement\":[{\"@type\":\"ListItem\",\"position\":1,\"name\":\"Startseite\",\"item\":\"https:\/\/dcv-books.com\/en\/\"},{\"@type\":\"ListItem\",\"position\":2,\"name\":\"Jan Z\u00f6ller &#8211; Ritual Believer\"}]},{\"@type\":\"WebSite\",\"@id\":\"https:\/\/dcv-books.com\/#website\",\"url\":\"https:\/\/dcv-books.com\/\",\"name\":\"DCV\",\"description\":\"Dr. Cantz&#039;sche Verlagsgesellschaft mbH &amp; Co. KG\",\"potentialAction\":[{\"@type\":\"SearchAction\",\"target\":{\"@type\":\"EntryPoint\",\"urlTemplate\":\"https:\/\/dcv-books.com\/?s={search_term_string}\"},\"query-input\":{\"@type\":\"PropertyValueSpecification\",\"valueRequired\":true,\"valueName\":\"search_term_string\"}}],\"inLanguage\":\"en-US\"}]}<\/script>\n<!-- \/ Yoast SEO plugin. -->","yoast_head_json":{"title":"Jan Z\u00f6ller - Ritual Believer - DCV","robots":{"index":"index","follow":"follow","max-snippet":"max-snippet:-1","max-image-preview":"max-image-preview:large","max-video-preview":"max-video-preview:-1"},"canonical":"https:\/\/dcv-books.com\/en\/produkt\/jan-zoller-ritual-believer\/","og_locale":"en_US","og_type":"article","og_title":"Jan Z\u00f6ller - Ritual Believer - DCV","og_description":"Jan Z\u00f6ller\u2019s (b. Haslach, 1992; lives and works in Karlsruhe) paintings, sculptures, and installations probe the discrepancy between economic production and the spiritual and magical dimension of art. The artist\u2019s book Ritual Believer surveys the so-called charcoal paintings series, created between 2019 and 2023. For these works, the artist paints directly in charcoal on the unprimed canvas, making it impossible to correct \u201cblunders.\u201d Another distinguishing feature is the virtual absence of color; the austerity of the compositions contrasts with Z\u00f6ller\u2019s other, often intensely colorful paintings. The motifs that are the hallmark of his oeuvre\u2014birds, running legs\u2014are complemented by writing and text. Another aspect of this shift is that the works\u2019 titles play a central part and almost figure as a creative element in their own right. For the text in the book, the artist sent the titles of the works shown to his brother, who wove them into a story. An appendix presents scanned archival materials. Notebooks and zines Z\u00f6ller produced between 2015 and 2017 provide interesting insight into how he finds his motifs and his compositional process.  Jan Z\u00f6ller studied with Marijke van Warmerdam and Leni Hoffmann at the Akademie der Bildenden K\u00fcnste Karlsruhe from 2012 until 2017 and with Jean-Marc Bustamante and G\u00f6tz Arndt at the \u00c9cole Nationale Sup\u00e9rieure des Beaux-Arts de Paris in 2016.  Limited art edition available","og_url":"https:\/\/dcv-books.com\/en\/produkt\/jan-zoller-ritual-believer\/","og_site_name":"DCV","article_modified_time":"2024-05-10T13:01:51+00:00","og_image":[{"width":848,"height":1280,"url":"https:\/\/dcv-books.com\/wp-content\/uploads\/2023\/06\/JZ_Preview_Cover.jpeg","type":"image\/jpeg"}],"twitter_card":"summary_large_image","twitter_misc":{"Est. reading time":"2 minutes"},"schema":{"@context":"https:\/\/schema.org","@graph":[{"@type":"WebPage","@id":"https:\/\/dcv-books.com\/en\/produkt\/jan-zoller-ritual-believer\/","url":"https:\/\/dcv-books.com\/en\/produkt\/jan-zoller-ritual-believer\/","name":"Jan Z\u00f6ller - Ritual Believer - DCV","isPartOf":{"@id":"https:\/\/dcv-books.com\/#website"},"primaryImageOfPage":{"@id":"https:\/\/dcv-books.com\/en\/produkt\/jan-zoller-ritual-believer\/#primaryimage"},"image":{"@id":"https:\/\/dcv-books.com\/en\/produkt\/jan-zoller-ritual-believer\/#primaryimage"},"thumbnailUrl":"https:\/\/dcv-books.com\/wp-content\/uploads\/2023\/06\/JZ_Preview_Cover.jpeg","datePublished":"2023-06-22T10:15:30+00:00","dateModified":"2024-05-10T13:01:51+00:00","breadcrumb":{"@id":"https:\/\/dcv-books.com\/en\/produkt\/jan-zoller-ritual-believer\/#breadcrumb"},"inLanguage":"en-US","potentialAction":[{"@type":"ReadAction","target":["https:\/\/dcv-books.com\/en\/produkt\/jan-zoller-ritual-believer\/"]}]},{"@type":"ImageObject","inLanguage":"en-US","@id":"https:\/\/dcv-books.com\/en\/produkt\/jan-zoller-ritual-believer\/#primaryimage","url":"https:\/\/dcv-books.com\/wp-content\/uploads\/2023\/06\/JZ_Preview_Cover.jpeg","contentUrl":"https:\/\/dcv-books.com\/wp-content\/uploads\/2023\/06\/JZ_Preview_Cover.jpeg","width":848,"height":1280},{"@type":"BreadcrumbList","@id":"https:\/\/dcv-books.com\/en\/produkt\/jan-zoller-ritual-believer\/#breadcrumb","itemListElement":[{"@type":"ListItem","position":1,"name":"Startseite","item":"https:\/\/dcv-books.com\/en\/"},{"@type":"ListItem","position":2,"name":"Jan Z\u00f6ller &#8211; Ritual Believer"}]},{"@type":"WebSite","@id":"https:\/\/dcv-books.com\/#website","url":"https:\/\/dcv-books.com\/","name":"DCV","description":"Dr. Cantz&#039;sche Verlagsgesellschaft mbH &amp; Co. KG","potentialAction":[{"@type":"SearchAction","target":{"@type":"EntryPoint","urlTemplate":"https:\/\/dcv-books.com\/?s={search_term_string}"},"query-input":{"@type":"PropertyValueSpecification","valueRequired":true,"valueName":"search_term_string"}}],"inLanguage":"en-US"}]}},"_links":{"self":[{"href":"https:\/\/dcv-books.com\/en\/wp-json\/wp\/v2\/product\/19764","targetHints":{"allow":["GET"]}}],"collection":[{"href":"https:\/\/dcv-books.com\/en\/wp-json\/wp\/v2\/product"}],"about":[{"href":"https:\/\/dcv-books.com\/en\/wp-json\/wp\/v2\/types\/product"}],"wp:featuredmedia":[{"embeddable":true,"href":"https:\/\/dcv-books.com\/en\/wp-json\/wp\/v2\/media\/20818"}],"wp:attachment":[{"href":"https:\/\/dcv-books.com\/en\/wp-json\/wp\/v2\/media?parent=19764"}],"wp:term":[{"taxonomy":"product_brand","embeddable":true,"href":"https:\/\/dcv-books.com\/en\/wp-json\/wp\/v2\/product_brand?post=19764"},{"taxonomy":"product_cat","embeddable":true,"href":"https:\/\/dcv-books.com\/en\/wp-json\/wp\/v2\/product_cat?post=19764"},{"taxonomy":"product_tag","embeddable":true,"href":"https:\/\/dcv-books.com\/en\/wp-json\/wp\/v2\/product_tag?post=19764"}],"curies":[{"name":"wp","href":"https:\/\/api.w.org\/{rel}","templated":true}]}}