{"id":19669,"date":"2021-04-01T18:45:21","date_gmt":"2023-06-09T13:16:21","guid":{"rendered":"https:\/\/dcv-books.com\/produkt\/harte-zeiten-ciezkie-czasy\/"},"modified":"2024-05-10T15:00:32","modified_gmt":"2024-05-10T13:00:32","slug":"harte-zeiten-ciezkie-czasy","status":"publish","type":"product","link":"https:\/\/dcv-books.com\/en\/produkt\/harte-zeiten-ciezkie-czasy\/","title":{"rendered":"Harte Zeiten &#8211;<br> Ci\u0119\u017ckie Czasy"},"content":{"rendered":"<p>Increasingly pressing global political and societal challenges are always also rewarding subjects of creative engagement, and sometimes artists devise anticipative approaches to real-world problems.<\/p>\n<p><em>Harte Zeiten\u2014Ci\u0119\u017ckie Czasy<\/em> is a cooperative venture launched by K\u00fcnstlerbund Baden-W\u00fcrttemberg; Port25\u2014Raum f\u00fcr Gegenwartskunst, Mannheim; and Galeria Miejska bwa, Bydgoszcz, Poland. It showcases works by altogether ten Polish and ten German contemporary artists. Putting the principle that art knows no boundaries into practice, the publication, with statements from Wolfgang Ullrich, Joanna Kiliszek, Schamma Schahadat, and others as well as documentation of the symposium held in September 2021, inspires forward-looking reflections on the conditions in which cultures thrive and similarities and differences between the two countries and beyond.<\/p>\n","protected":false},"excerpt":{"rendered":"<p>Increasingly pressing global political and societal challenges are always also rewarding subjects of creative engagement, and sometimes artists devise anticipative approaches to real-world problems.<\/p>\n<p><em>Harte Zeiten\u2014Ci\u0119\u017ckie Czasy<\/em> is a cooperative venture launched by K\u00fcnstlerbund Baden-W\u00fcrttemberg; Port25\u2014Raum f\u00fcr Gegenwartskunst, Mannheim; and Galeria Miejska bwa, Bydgoszcz, Poland. It showcases works by altogether ten Polish and ten German contemporary artists. Putting the principle that art knows no boundaries into practice, the publication, with statements from Wolfgang Ullrich, Joanna Kiliszek, Schamma Schahadat, and others as well as documentation of the symposium held in September 2021, inspires forward-looking reflections on the conditions in which cultures thrive and similarities and differences between the two countries and beyond.<\/p>\n","protected":false},"featured_media":20977,"template":"","meta":{"_acf_changed":false},"product_brand":[],"product_cat":[2208,3667,2210,2212,2213,2216,2211,2217,3514],"product_tag":[],"class_list":{"0":"post-19669","1":"product","2":"type-product","3":"status-publish","4":"has-post-thumbnail","6":"product_cat-all-books","7":"product_cat-drawing","8":"product_cat-film-and-video","9":"product_cat-installation-art","10":"product_cat-painting","11":"product_cat-performance-art","12":"product_cat-photography","13":"product_cat-sculpture","14":"product_cat-works-on-paper-en","16":"first","17":"instock","18":"taxable","19":"shipping-taxable","20":"purchasable","21":"product-type-simple"},"acf":[],"yoast_head":"<!-- This site is optimized with the Yoast SEO plugin v27.1.1 - https:\/\/yoast.com\/product\/yoast-seo-wordpress\/ -->\n<title>Harte Zeiten - Ci\u0119\u017ckie Czasy - DCV<\/title>\n<meta name=\"robots\" content=\"index, follow, max-snippet:-1, max-image-preview:large, max-video-preview:-1\" \/>\n<link rel=\"canonical\" href=\"https:\/\/dcv-books.com\/en\/produkt\/harte-zeiten-ciezkie-czasy\/\" \/>\n<meta property=\"og:locale\" content=\"en_US\" \/>\n<meta property=\"og:type\" content=\"article\" \/>\n<meta property=\"og:title\" content=\"Harte Zeiten - Ci\u0119\u017ckie Czasy - DCV\" \/>\n<meta property=\"og:description\" content=\"Increasingly pressing global political and societal challenges are always also rewarding subjects of creative engagement, and sometimes artists devise anticipative approaches to real-world problems.  Harte Zeiten\u2014Ci\u0119\u017ckie Czasy is a cooperative venture launched by K\u00fcnstlerbund Baden-W\u00fcrttemberg; Port25\u2014Raum f\u00fcr Gegenwartskunst, Mannheim; and Galeria Miejska bwa, Bydgoszcz, Poland. It showcases works by altogether ten Polish and ten German contemporary artists. Putting the principle that art knows no boundaries into practice, the publication, with statements from Wolfgang Ullrich, Joanna Kiliszek, Schamma Schahadat, and others as well as documentation of the symposium held in September 2021, inspires forward-looking reflections on the conditions in which cultures thrive and similarities and differences between the two countries and beyond.\" \/>\n<meta property=\"og:url\" content=\"https:\/\/dcv-books.com\/en\/produkt\/harte-zeiten-ciezkie-czasy\/\" \/>\n<meta property=\"og:site_name\" content=\"DCV\" \/>\n<meta property=\"article:modified_time\" content=\"2024-05-10T13:00:32+00:00\" \/>\n<meta property=\"og:image\" content=\"https:\/\/dcv-books.com\/wp-content\/uploads\/2021\/04\/HARTEZEITEN_Cover.jpg\" \/>\n\t<meta property=\"og:image:width\" content=\"609\" \/>\n\t<meta property=\"og:image:height\" content=\"836\" \/>\n\t<meta property=\"og:image:type\" content=\"image\/jpeg\" \/>\n<meta name=\"twitter:card\" content=\"summary_large_image\" \/>\n<meta name=\"twitter:label1\" content=\"Est. reading time\" \/>\n\t<meta name=\"twitter:data1\" content=\"1 minute\" \/>\n<script type=\"application\/ld+json\" class=\"yoast-schema-graph\">{\"@context\":\"https:\/\/schema.org\",\"@graph\":[{\"@type\":\"WebPage\",\"@id\":\"https:\/\/dcv-books.com\/en\/produkt\/harte-zeiten-ciezkie-czasy\/\",\"url\":\"https:\/\/dcv-books.com\/en\/produkt\/harte-zeiten-ciezkie-czasy\/\",\"name\":\"Harte Zeiten - Ci\u0119\u017ckie Czasy - DCV\",\"isPartOf\":{\"@id\":\"https:\/\/dcv-books.com\/#website\"},\"primaryImageOfPage\":{\"@id\":\"https:\/\/dcv-books.com\/en\/produkt\/harte-zeiten-ciezkie-czasy\/#primaryimage\"},\"image\":{\"@id\":\"https:\/\/dcv-books.com\/en\/produkt\/harte-zeiten-ciezkie-czasy\/#primaryimage\"},\"thumbnailUrl\":\"https:\/\/dcv-books.com\/wp-content\/uploads\/2021\/04\/HARTEZEITEN_Cover.jpg\",\"datePublished\":\"2023-06-09T13:16:21+00:00\",\"dateModified\":\"2024-05-10T13:00:32+00:00\",\"breadcrumb\":{\"@id\":\"https:\/\/dcv-books.com\/en\/produkt\/harte-zeiten-ciezkie-czasy\/#breadcrumb\"},\"inLanguage\":\"en-US\",\"potentialAction\":[{\"@type\":\"ReadAction\",\"target\":[\"https:\/\/dcv-books.com\/en\/produkt\/harte-zeiten-ciezkie-czasy\/\"]}]},{\"@type\":\"ImageObject\",\"inLanguage\":\"en-US\",\"@id\":\"https:\/\/dcv-books.com\/en\/produkt\/harte-zeiten-ciezkie-czasy\/#primaryimage\",\"url\":\"https:\/\/dcv-books.com\/wp-content\/uploads\/2021\/04\/HARTEZEITEN_Cover.jpg\",\"contentUrl\":\"https:\/\/dcv-books.com\/wp-content\/uploads\/2021\/04\/HARTEZEITEN_Cover.jpg\",\"width\":609,\"height\":836},{\"@type\":\"BreadcrumbList\",\"@id\":\"https:\/\/dcv-books.com\/en\/produkt\/harte-zeiten-ciezkie-czasy\/#breadcrumb\",\"itemListElement\":[{\"@type\":\"ListItem\",\"position\":1,\"name\":\"Startseite\",\"item\":\"https:\/\/dcv-books.com\/en\/\"},{\"@type\":\"ListItem\",\"position\":2,\"name\":\"Harte Zeiten &#8211; Ci\u0119\u017ckie Czasy\"}]},{\"@type\":\"WebSite\",\"@id\":\"https:\/\/dcv-books.com\/#website\",\"url\":\"https:\/\/dcv-books.com\/\",\"name\":\"DCV\",\"description\":\"Dr. Cantz&#039;sche Verlagsgesellschaft mbH &amp; Co. KG\",\"potentialAction\":[{\"@type\":\"SearchAction\",\"target\":{\"@type\":\"EntryPoint\",\"urlTemplate\":\"https:\/\/dcv-books.com\/?s={search_term_string}\"},\"query-input\":{\"@type\":\"PropertyValueSpecification\",\"valueRequired\":true,\"valueName\":\"search_term_string\"}}],\"inLanguage\":\"en-US\"}]}<\/script>\n<!-- \/ Yoast SEO plugin. -->","yoast_head_json":{"title":"Harte Zeiten - Ci\u0119\u017ckie Czasy - DCV","robots":{"index":"index","follow":"follow","max-snippet":"max-snippet:-1","max-image-preview":"max-image-preview:large","max-video-preview":"max-video-preview:-1"},"canonical":"https:\/\/dcv-books.com\/en\/produkt\/harte-zeiten-ciezkie-czasy\/","og_locale":"en_US","og_type":"article","og_title":"Harte Zeiten - Ci\u0119\u017ckie Czasy - DCV","og_description":"Increasingly pressing global political and societal challenges are always also rewarding subjects of creative engagement, and sometimes artists devise anticipative approaches to real-world problems.  Harte Zeiten\u2014Ci\u0119\u017ckie Czasy is a cooperative venture launched by K\u00fcnstlerbund Baden-W\u00fcrttemberg; Port25\u2014Raum f\u00fcr Gegenwartskunst, Mannheim; and Galeria Miejska bwa, Bydgoszcz, Poland. It showcases works by altogether ten Polish and ten German contemporary artists. Putting the principle that art knows no boundaries into practice, the publication, with statements from Wolfgang Ullrich, Joanna Kiliszek, Schamma Schahadat, and others as well as documentation of the symposium held in September 2021, inspires forward-looking reflections on the conditions in which cultures thrive and similarities and differences between the two countries and beyond.","og_url":"https:\/\/dcv-books.com\/en\/produkt\/harte-zeiten-ciezkie-czasy\/","og_site_name":"DCV","article_modified_time":"2024-05-10T13:00:32+00:00","og_image":[{"width":609,"height":836,"url":"https:\/\/dcv-books.com\/wp-content\/uploads\/2021\/04\/HARTEZEITEN_Cover.jpg","type":"image\/jpeg"}],"twitter_card":"summary_large_image","twitter_misc":{"Est. reading time":"1 minute"},"schema":{"@context":"https:\/\/schema.org","@graph":[{"@type":"WebPage","@id":"https:\/\/dcv-books.com\/en\/produkt\/harte-zeiten-ciezkie-czasy\/","url":"https:\/\/dcv-books.com\/en\/produkt\/harte-zeiten-ciezkie-czasy\/","name":"Harte Zeiten - Ci\u0119\u017ckie Czasy - DCV","isPartOf":{"@id":"https:\/\/dcv-books.com\/#website"},"primaryImageOfPage":{"@id":"https:\/\/dcv-books.com\/en\/produkt\/harte-zeiten-ciezkie-czasy\/#primaryimage"},"image":{"@id":"https:\/\/dcv-books.com\/en\/produkt\/harte-zeiten-ciezkie-czasy\/#primaryimage"},"thumbnailUrl":"https:\/\/dcv-books.com\/wp-content\/uploads\/2021\/04\/HARTEZEITEN_Cover.jpg","datePublished":"2023-06-09T13:16:21+00:00","dateModified":"2024-05-10T13:00:32+00:00","breadcrumb":{"@id":"https:\/\/dcv-books.com\/en\/produkt\/harte-zeiten-ciezkie-czasy\/#breadcrumb"},"inLanguage":"en-US","potentialAction":[{"@type":"ReadAction","target":["https:\/\/dcv-books.com\/en\/produkt\/harte-zeiten-ciezkie-czasy\/"]}]},{"@type":"ImageObject","inLanguage":"en-US","@id":"https:\/\/dcv-books.com\/en\/produkt\/harte-zeiten-ciezkie-czasy\/#primaryimage","url":"https:\/\/dcv-books.com\/wp-content\/uploads\/2021\/04\/HARTEZEITEN_Cover.jpg","contentUrl":"https:\/\/dcv-books.com\/wp-content\/uploads\/2021\/04\/HARTEZEITEN_Cover.jpg","width":609,"height":836},{"@type":"BreadcrumbList","@id":"https:\/\/dcv-books.com\/en\/produkt\/harte-zeiten-ciezkie-czasy\/#breadcrumb","itemListElement":[{"@type":"ListItem","position":1,"name":"Startseite","item":"https:\/\/dcv-books.com\/en\/"},{"@type":"ListItem","position":2,"name":"Harte Zeiten &#8211; Ci\u0119\u017ckie Czasy"}]},{"@type":"WebSite","@id":"https:\/\/dcv-books.com\/#website","url":"https:\/\/dcv-books.com\/","name":"DCV","description":"Dr. Cantz&#039;sche Verlagsgesellschaft mbH &amp; Co. KG","potentialAction":[{"@type":"SearchAction","target":{"@type":"EntryPoint","urlTemplate":"https:\/\/dcv-books.com\/?s={search_term_string}"},"query-input":{"@type":"PropertyValueSpecification","valueRequired":true,"valueName":"search_term_string"}}],"inLanguage":"en-US"}]}},"_links":{"self":[{"href":"https:\/\/dcv-books.com\/en\/wp-json\/wp\/v2\/product\/19669","targetHints":{"allow":["GET"]}}],"collection":[{"href":"https:\/\/dcv-books.com\/en\/wp-json\/wp\/v2\/product"}],"about":[{"href":"https:\/\/dcv-books.com\/en\/wp-json\/wp\/v2\/types\/product"}],"wp:featuredmedia":[{"embeddable":true,"href":"https:\/\/dcv-books.com\/en\/wp-json\/wp\/v2\/media\/20977"}],"wp:attachment":[{"href":"https:\/\/dcv-books.com\/en\/wp-json\/wp\/v2\/media?parent=19669"}],"wp:term":[{"taxonomy":"product_brand","embeddable":true,"href":"https:\/\/dcv-books.com\/en\/wp-json\/wp\/v2\/product_brand?post=19669"},{"taxonomy":"product_cat","embeddable":true,"href":"https:\/\/dcv-books.com\/en\/wp-json\/wp\/v2\/product_cat?post=19669"},{"taxonomy":"product_tag","embeddable":true,"href":"https:\/\/dcv-books.com\/en\/wp-json\/wp\/v2\/product_tag?post=19669"}],"curies":[{"name":"wp","href":"https:\/\/api.w.org\/{rel}","templated":true}]}}