{"id":19589,"date":"2021-02-18T15:00:49","date_gmt":"2023-06-08T10:01:49","guid":{"rendered":"https:\/\/dcv-books.com\/produkt\/judit-reigl-kraftfelder-centers-of-dominance\/"},"modified":"2023-12-05T18:00:21","modified_gmt":"2023-12-05T17:00:21","slug":"judit-reigl-kraftfelder-centers-of-dominance","status":"publish","type":"product","link":"https:\/\/dcv-books.com\/en\/produkt\/judit-reigl-kraftfelder-centers-of-dominance\/","title":{"rendered":"Judit Reigl &#8211;<br> Kraftfelder \/ Centers of Dominance"},"content":{"rendered":"<p>Beginning in the 1950s, Judit Reigl (b. Kapuv\u00e1r, Hungary, 1923; d. Marcoussis, France, 2020) builds a singular creative oeuvre between abstraction and figuration, between Surrealism and gestural painting. After studying art in Budapest, Reigl flees Hungary in 1950; arriving in Paris, she is introduced to Andr\u00e9 Breton, who organizes her first exhibition in 1954. Under the influence of the \u00c9cole de Paris, she branches out into \u00e9criture automatique, then shifts toward free expression. Like her contemporaries Jackson Pollock and Helen Frankenthaler in New York, she lays out ever larger unprimed canvases on the floor and works them with a brush, her fingers, or other instruments. After 1966, bodily shapes emerge from her abstractions, and figures reappear in the pictures.<\/p>\n<p>On occasion of Reigl\u2019s centenary and the gift of three major works, the Neue Nationalgalerie mounts the artist\u2019s first solo exhibition at a museum in Germany. The book surveys the oeuvre of one of the most important protagonists of European art in the second half of the twentieth century.<\/p>\n<p>Judit Reigl studied painting at the Academy of Fine Arts in Budapest from 1942 until 1945 and was a fellow at the Hungarian Academy in Rome in 1947\u201348. From 1950 onwards, she lived and worked in France.<\/p>\n","protected":false},"excerpt":{"rendered":"<p>Beginning in the 1950s, Judit Reigl (b. Kapuv\u00e1r, Hungary, 1923; d. Marcoussis, France, 2020) builds a singular creative oeuvre between abstraction and figuration, between Surrealism and gestural painting. After studying art in Budapest, Reigl flees Hungary in 1950; arriving in Paris, she is introduced to Andr\u00e9 Breton, who organizes her first exhibition in 1954. Under the influence of the \u00c9cole de Paris, she branches out into \u00e9criture automatique, then shifts toward free expression. Like her contemporaries Jackson Pollock and Helen Frankenthaler in New York, she lays out ever larger unprimed canvases on the floor and works them with a brush, her fingers, or other instruments. After 1966, bodily shapes emerge from her abstractions, and figures reappear in the pictures.<\/p>\n<p>On occasion of Reigl\u2019s centenary and the gift of three major works, the Neue Nationalgalerie mounts the artist\u2019s first solo exhibition at a museum in Germany. The book surveys the oeuvre of one of the most important protagonists of European art in the second half of the twentieth century.<\/p>\n<p>Judit Reigl studied painting at the Academy of Fine Arts in Budapest from 1942 until 1945 and was a fellow at the Hungarian Academy in Rome in 1947\u201348. From 1950 onwards, she lived and worked in France.<\/p>\n","protected":false},"featured_media":19580,"template":"","meta":{"_acf_changed":false},"product_brand":[],"product_cat":[2208,2213],"product_tag":[],"class_list":{"0":"post-19589","1":"product","2":"type-product","3":"status-publish","4":"has-post-thumbnail","6":"product_cat-all-books","7":"product_cat-painting","9":"first","10":"instock","11":"taxable","12":"shipping-taxable","13":"purchasable","14":"product-type-simple"},"acf":[],"yoast_head":"<!-- This site is optimized with the Yoast SEO plugin v27.1.1 - https:\/\/yoast.com\/product\/yoast-seo-wordpress\/ -->\n<title>Judit Reigl - Kraftfelder \/ Centers of Dominance - DCV<\/title>\n<meta name=\"robots\" content=\"index, follow, max-snippet:-1, max-image-preview:large, max-video-preview:-1\" \/>\n<link rel=\"canonical\" href=\"https:\/\/dcv-books.com\/en\/produkt\/judit-reigl-kraftfelder-centers-of-dominance\/\" \/>\n<meta property=\"og:locale\" content=\"en_US\" \/>\n<meta property=\"og:type\" content=\"article\" \/>\n<meta property=\"og:title\" content=\"Judit Reigl - Kraftfelder \/ Centers of Dominance - DCV\" \/>\n<meta property=\"og:description\" content=\"Beginning in the 1950s, Judit Reigl (b. Kapuv\u00e1r, Hungary, 1923; d. Marcoussis, France, 2020) builds a singular creative oeuvre between abstraction and figuration, between Surrealism and gestural painting. After studying art in Budapest, Reigl flees Hungary in 1950; arriving in Paris, she is introduced to Andr\u00e9 Breton, who organizes her first exhibition in 1954. Under the influence of the \u00c9cole de Paris, she branches out into \u00e9criture automatique, then shifts toward free expression. Like her contemporaries Jackson Pollock and Helen Frankenthaler in New York, she lays out ever larger unprimed canvases on the floor and works them with a brush, her fingers, or other instruments. After 1966, bodily shapes emerge from her abstractions, and figures reappear in the pictures.  On occasion of Reigl\u2019s centenary and the gift of three major works, the Neue Nationalgalerie mounts the artist\u2019s first solo exhibition at a museum in Germany. The book surveys the oeuvre of one of the most important protagonists of European art in the second half of the twentieth century.  Judit Reigl studied painting at the Academy of Fine Arts in Budapest from 1942 until 1945 and was a fellow at the Hungarian Academy in Rome in 1947\u201348. From 1950 onwards, she lived and worked in France.\" \/>\n<meta property=\"og:url\" content=\"https:\/\/dcv-books.com\/en\/produkt\/judit-reigl-kraftfelder-centers-of-dominance\/\" \/>\n<meta property=\"og:site_name\" content=\"DCV\" \/>\n<meta property=\"article:modified_time\" content=\"2023-12-05T17:00:21+00:00\" \/>\n<meta property=\"og:image\" content=\"https:\/\/dcv-books.com\/wp-content\/uploads\/2023\/06\/REIGL_Cover.jpg\" \/>\n\t<meta property=\"og:image:width\" content=\"651\" \/>\n\t<meta property=\"og:image:height\" content=\"765\" \/>\n\t<meta property=\"og:image:type\" content=\"image\/jpeg\" \/>\n<meta name=\"twitter:card\" content=\"summary_large_image\" \/>\n<meta name=\"twitter:label1\" content=\"Est. reading time\" \/>\n\t<meta name=\"twitter:data1\" content=\"2 minutes\" \/>\n<script type=\"application\/ld+json\" class=\"yoast-schema-graph\">{\"@context\":\"https:\/\/schema.org\",\"@graph\":[{\"@type\":\"WebPage\",\"@id\":\"https:\/\/dcv-books.com\/en\/produkt\/judit-reigl-kraftfelder-centers-of-dominance\/\",\"url\":\"https:\/\/dcv-books.com\/en\/produkt\/judit-reigl-kraftfelder-centers-of-dominance\/\",\"name\":\"Judit Reigl - Kraftfelder \/ Centers of Dominance - DCV\",\"isPartOf\":{\"@id\":\"https:\/\/dcv-books.com\/#website\"},\"primaryImageOfPage\":{\"@id\":\"https:\/\/dcv-books.com\/en\/produkt\/judit-reigl-kraftfelder-centers-of-dominance\/#primaryimage\"},\"image\":{\"@id\":\"https:\/\/dcv-books.com\/en\/produkt\/judit-reigl-kraftfelder-centers-of-dominance\/#primaryimage\"},\"thumbnailUrl\":\"https:\/\/dcv-books.com\/wp-content\/uploads\/2023\/06\/REIGL_Cover.jpg\",\"datePublished\":\"2023-06-08T10:01:49+00:00\",\"dateModified\":\"2023-12-05T17:00:21+00:00\",\"breadcrumb\":{\"@id\":\"https:\/\/dcv-books.com\/en\/produkt\/judit-reigl-kraftfelder-centers-of-dominance\/#breadcrumb\"},\"inLanguage\":\"en-US\",\"potentialAction\":[{\"@type\":\"ReadAction\",\"target\":[\"https:\/\/dcv-books.com\/en\/produkt\/judit-reigl-kraftfelder-centers-of-dominance\/\"]}]},{\"@type\":\"ImageObject\",\"inLanguage\":\"en-US\",\"@id\":\"https:\/\/dcv-books.com\/en\/produkt\/judit-reigl-kraftfelder-centers-of-dominance\/#primaryimage\",\"url\":\"https:\/\/dcv-books.com\/wp-content\/uploads\/2023\/06\/REIGL_Cover.jpg\",\"contentUrl\":\"https:\/\/dcv-books.com\/wp-content\/uploads\/2023\/06\/REIGL_Cover.jpg\",\"width\":651,\"height\":765},{\"@type\":\"BreadcrumbList\",\"@id\":\"https:\/\/dcv-books.com\/en\/produkt\/judit-reigl-kraftfelder-centers-of-dominance\/#breadcrumb\",\"itemListElement\":[{\"@type\":\"ListItem\",\"position\":1,\"name\":\"Startseite\",\"item\":\"https:\/\/dcv-books.com\/en\/\"},{\"@type\":\"ListItem\",\"position\":2,\"name\":\"Judit Reigl &#8211; Kraftfelder \/ Centers of Dominance\"}]},{\"@type\":\"WebSite\",\"@id\":\"https:\/\/dcv-books.com\/#website\",\"url\":\"https:\/\/dcv-books.com\/\",\"name\":\"DCV\",\"description\":\"Dr. Cantz&#039;sche Verlagsgesellschaft mbH &amp; Co. KG\",\"potentialAction\":[{\"@type\":\"SearchAction\",\"target\":{\"@type\":\"EntryPoint\",\"urlTemplate\":\"https:\/\/dcv-books.com\/?s={search_term_string}\"},\"query-input\":{\"@type\":\"PropertyValueSpecification\",\"valueRequired\":true,\"valueName\":\"search_term_string\"}}],\"inLanguage\":\"en-US\"}]}<\/script>\n<!-- \/ Yoast SEO plugin. -->","yoast_head_json":{"title":"Judit Reigl - Kraftfelder \/ Centers of Dominance - DCV","robots":{"index":"index","follow":"follow","max-snippet":"max-snippet:-1","max-image-preview":"max-image-preview:large","max-video-preview":"max-video-preview:-1"},"canonical":"https:\/\/dcv-books.com\/en\/produkt\/judit-reigl-kraftfelder-centers-of-dominance\/","og_locale":"en_US","og_type":"article","og_title":"Judit Reigl - Kraftfelder \/ Centers of Dominance - DCV","og_description":"Beginning in the 1950s, Judit Reigl (b. Kapuv\u00e1r, Hungary, 1923; d. Marcoussis, France, 2020) builds a singular creative oeuvre between abstraction and figuration, between Surrealism and gestural painting. After studying art in Budapest, Reigl flees Hungary in 1950; arriving in Paris, she is introduced to Andr\u00e9 Breton, who organizes her first exhibition in 1954. Under the influence of the \u00c9cole de Paris, she branches out into \u00e9criture automatique, then shifts toward free expression. Like her contemporaries Jackson Pollock and Helen Frankenthaler in New York, she lays out ever larger unprimed canvases on the floor and works them with a brush, her fingers, or other instruments. After 1966, bodily shapes emerge from her abstractions, and figures reappear in the pictures.  On occasion of Reigl\u2019s centenary and the gift of three major works, the Neue Nationalgalerie mounts the artist\u2019s first solo exhibition at a museum in Germany. The book surveys the oeuvre of one of the most important protagonists of European art in the second half of the twentieth century.  Judit Reigl studied painting at the Academy of Fine Arts in Budapest from 1942 until 1945 and was a fellow at the Hungarian Academy in Rome in 1947\u201348. From 1950 onwards, she lived and worked in France.","og_url":"https:\/\/dcv-books.com\/en\/produkt\/judit-reigl-kraftfelder-centers-of-dominance\/","og_site_name":"DCV","article_modified_time":"2023-12-05T17:00:21+00:00","og_image":[{"width":651,"height":765,"url":"https:\/\/dcv-books.com\/wp-content\/uploads\/2023\/06\/REIGL_Cover.jpg","type":"image\/jpeg"}],"twitter_card":"summary_large_image","twitter_misc":{"Est. reading time":"2 minutes"},"schema":{"@context":"https:\/\/schema.org","@graph":[{"@type":"WebPage","@id":"https:\/\/dcv-books.com\/en\/produkt\/judit-reigl-kraftfelder-centers-of-dominance\/","url":"https:\/\/dcv-books.com\/en\/produkt\/judit-reigl-kraftfelder-centers-of-dominance\/","name":"Judit Reigl - Kraftfelder \/ Centers of Dominance - DCV","isPartOf":{"@id":"https:\/\/dcv-books.com\/#website"},"primaryImageOfPage":{"@id":"https:\/\/dcv-books.com\/en\/produkt\/judit-reigl-kraftfelder-centers-of-dominance\/#primaryimage"},"image":{"@id":"https:\/\/dcv-books.com\/en\/produkt\/judit-reigl-kraftfelder-centers-of-dominance\/#primaryimage"},"thumbnailUrl":"https:\/\/dcv-books.com\/wp-content\/uploads\/2023\/06\/REIGL_Cover.jpg","datePublished":"2023-06-08T10:01:49+00:00","dateModified":"2023-12-05T17:00:21+00:00","breadcrumb":{"@id":"https:\/\/dcv-books.com\/en\/produkt\/judit-reigl-kraftfelder-centers-of-dominance\/#breadcrumb"},"inLanguage":"en-US","potentialAction":[{"@type":"ReadAction","target":["https:\/\/dcv-books.com\/en\/produkt\/judit-reigl-kraftfelder-centers-of-dominance\/"]}]},{"@type":"ImageObject","inLanguage":"en-US","@id":"https:\/\/dcv-books.com\/en\/produkt\/judit-reigl-kraftfelder-centers-of-dominance\/#primaryimage","url":"https:\/\/dcv-books.com\/wp-content\/uploads\/2023\/06\/REIGL_Cover.jpg","contentUrl":"https:\/\/dcv-books.com\/wp-content\/uploads\/2023\/06\/REIGL_Cover.jpg","width":651,"height":765},{"@type":"BreadcrumbList","@id":"https:\/\/dcv-books.com\/en\/produkt\/judit-reigl-kraftfelder-centers-of-dominance\/#breadcrumb","itemListElement":[{"@type":"ListItem","position":1,"name":"Startseite","item":"https:\/\/dcv-books.com\/en\/"},{"@type":"ListItem","position":2,"name":"Judit Reigl &#8211; Kraftfelder \/ Centers of Dominance"}]},{"@type":"WebSite","@id":"https:\/\/dcv-books.com\/#website","url":"https:\/\/dcv-books.com\/","name":"DCV","description":"Dr. Cantz&#039;sche Verlagsgesellschaft mbH &amp; Co. KG","potentialAction":[{"@type":"SearchAction","target":{"@type":"EntryPoint","urlTemplate":"https:\/\/dcv-books.com\/?s={search_term_string}"},"query-input":{"@type":"PropertyValueSpecification","valueRequired":true,"valueName":"search_term_string"}}],"inLanguage":"en-US"}]}},"_links":{"self":[{"href":"https:\/\/dcv-books.com\/en\/wp-json\/wp\/v2\/product\/19589","targetHints":{"allow":["GET"]}}],"collection":[{"href":"https:\/\/dcv-books.com\/en\/wp-json\/wp\/v2\/product"}],"about":[{"href":"https:\/\/dcv-books.com\/en\/wp-json\/wp\/v2\/types\/product"}],"wp:featuredmedia":[{"embeddable":true,"href":"https:\/\/dcv-books.com\/en\/wp-json\/wp\/v2\/media\/19580"}],"wp:attachment":[{"href":"https:\/\/dcv-books.com\/en\/wp-json\/wp\/v2\/media?parent=19589"}],"wp:term":[{"taxonomy":"product_brand","embeddable":true,"href":"https:\/\/dcv-books.com\/en\/wp-json\/wp\/v2\/product_brand?post=19589"},{"taxonomy":"product_cat","embeddable":true,"href":"https:\/\/dcv-books.com\/en\/wp-json\/wp\/v2\/product_cat?post=19589"},{"taxonomy":"product_tag","embeddable":true,"href":"https:\/\/dcv-books.com\/en\/wp-json\/wp\/v2\/product_tag?post=19589"}],"curies":[{"name":"wp","href":"https:\/\/api.w.org\/{rel}","templated":true}]}}