{"id":18590,"date":"2021-02-17T19:55:34","date_gmt":"2022-10-18T12:29:34","guid":{"rendered":"https:\/\/dcv-books.com\/produkt\/x-x-x-semjon-contemporary\/"},"modified":"2024-02-26T18:09:26","modified_gmt":"2024-02-26T17:09:26","slug":"x-x-x-semjon-contemporary","status":"publish","type":"product","link":"https:\/\/dcv-books.com\/en\/produkt\/x-x-x-semjon-contemporary\/","title":{"rendered":"X x X \u2013<br> Semjon Contemporary"},"content":{"rendered":"<p style=\"font-weight: 400;\">Founded by Semjon H. N. Semjon in 2011, the gallery Semjon Contemporary has built a distinctive and singular profile that has earned it an unrivaled position in the art world. It represents international positions in contemporary art that, their divergences notwithstanding, are united by the extraordinary intelligence of their engagement with the material. The result is an unmistakable visual language that permits of no modification of established choices. Despite the considerable differences of material, technique, and expression, the artists\u2019 works enter into dialogue with one another, as parallel solo presentations and special exhibitions showcasing numerous visiting artists have demonstrated.<\/p>\n<p style=\"font-weight: 400;\">The book features Colin Ardley, Edward L. Buchanan, Takayuki Daikoku, Dittmar Danner aka Kr\u00fcger, Ute Essig, Experimental Setup (Kata Hinterlechner and Bosko Gastager\u2019s collective moniker), Katja Flint, Andreas Fux, Dave Grossmann, Renate Hampke, Marc von der Hocht, Nataly Hocke, Michael Kutschbach, Henrik U. M\u00fcller, Cornelia Nagel, Susanne Knaack, Katja Kollowa, Susanne Pomrehn, Thomas Prochnow, Dirk Rathke, Ursula Sax, Gerda Sch\u00fctte, Gil Shachar, Li Silberberg, Karina Spechter, Klaus Steinmann, Stefan Thiel, Hitomi Uchikura, Royden Watson, and Bettina Wei\u00df in dedicated chapters. It is rounded out by statements from collectors including Thomas Lenhart, Gabriele Quandt, Roland Schnell, Nobert Fuhr and Klaus Werner, Roswitha and J\u00fcrgen K\u00f6nig, and Helmut Lie\u00df. Remarks by art critics and scholars and an interview with Semjon by Jan Maruhn provide additional insight into the gallery\u2019s work.<\/p>\n","protected":false},"excerpt":{"rendered":"<p style=\"font-weight: 400;\">Founded by Semjon H. N. Semjon in 2011, the gallery Semjon Contemporary has built a distinctive and singular profile that has earned it an unrivaled position in the art world. It represents international positions in contemporary art that, their divergences notwithstanding, are united by the extraordinary intelligence of their engagement with the material. The result is an unmistakable visual language that permits of no modification of established choices. Despite the considerable differences of material, technique, and expression, the artists\u2019 works enter into dialogue with one another, as parallel solo presentations and special exhibitions showcasing numerous visiting artists have demonstrated.<\/p>\n<p style=\"font-weight: 400;\">The book features Colin Ardley, Edward L. Buchanan, Takayuki Daikoku, Dittmar Danner aka Kr\u00fcger, Ute Essig, Experimental Setup (Kata Hinterlechner and Bosko Gastager\u2019s collective moniker), Katja Flint, Andreas Fux, Dave Grossmann, Renate Hampke, Marc von der Hocht, Nataly Hocke, Michael Kutschbach, Henrik U. M\u00fcller, Cornelia Nagel, Susanne Knaack, Katja Kollowa, Susanne Pomrehn, Thomas Prochnow, Dirk Rathke, Ursula Sax, Gerda Sch\u00fctte, Gil Shachar, Li Silberberg, Karina Spechter, Klaus Steinmann, Stefan Thiel, Hitomi Uchikura, Royden Watson, and Bettina Wei\u00df in dedicated chapters. It is rounded out by statements from collectors including Thomas Lenhart, Cornelie Kunkat, Gabriele Quandt, Roland Schnell, Nobert Fuhr and Klaus Werner, Roswitha and J\u00fcrgen K\u00f6nig, and Helmut Lie\u00df. Remarks by art critics and scholars and an interview with Semjon by Jan Maruhn provide additional insight into the gallery\u2019s work.<\/p>\n","protected":false},"featured_media":18582,"template":"","meta":{"_acf_changed":false},"product_brand":[],"product_cat":[2208,2212,2213,2211],"product_tag":[4323],"class_list":{"0":"post-18590","1":"product","2":"type-product","3":"status-publish","4":"has-post-thumbnail","6":"product_cat-all-books","7":"product_cat-installation-art","8":"product_cat-painting","9":"product_cat-photography","10":"product_tag-semjon-contemporary-en","12":"first","13":"instock","14":"taxable","15":"shipping-taxable","16":"purchasable","17":"product-type-simple"},"acf":[],"yoast_head":"<!-- This site is optimized with the Yoast SEO plugin v27.1.1 - https:\/\/yoast.com\/product\/yoast-seo-wordpress\/ -->\n<title>X x X \u2013 Semjon Contemporary - DCV<\/title>\n<meta name=\"description\" content=\"810\" \/>\n<meta name=\"robots\" content=\"index, follow, max-snippet:-1, max-image-preview:large, max-video-preview:-1\" \/>\n<link rel=\"canonical\" href=\"https:\/\/dcv-books.com\/en\/produkt\/x-x-x-semjon-contemporary\/\" \/>\n<meta property=\"og:locale\" content=\"en_US\" \/>\n<meta property=\"og:type\" content=\"article\" \/>\n<meta property=\"og:title\" content=\"X x X \u2013 Semjon Contemporary - DCV\" \/>\n<meta property=\"og:description\" content=\"810\" \/>\n<meta property=\"og:url\" content=\"https:\/\/dcv-books.com\/en\/produkt\/x-x-x-semjon-contemporary\/\" \/>\n<meta property=\"og:site_name\" content=\"DCV\" \/>\n<meta property=\"article:modified_time\" content=\"2024-02-26T17:09:26+00:00\" \/>\n<meta property=\"og:image\" content=\"https:\/\/dcv-books.com\/wp-content\/uploads\/2022\/10\/9783969121122.jpg\" \/>\n\t<meta property=\"og:image:width\" content=\"1359\" \/>\n\t<meta property=\"og:image:height\" content=\"1772\" \/>\n\t<meta property=\"og:image:type\" content=\"image\/jpeg\" \/>\n<meta name=\"twitter:card\" content=\"summary_large_image\" \/>\n<meta name=\"twitter:label1\" content=\"Est. reading time\" \/>\n\t<meta name=\"twitter:data1\" content=\"2 minutes\" \/>\n<script type=\"application\/ld+json\" class=\"yoast-schema-graph\">{\"@context\":\"https:\/\/schema.org\",\"@graph\":[{\"@type\":\"WebPage\",\"@id\":\"https:\/\/dcv-books.com\/en\/produkt\/x-x-x-semjon-contemporary\/\",\"url\":\"https:\/\/dcv-books.com\/en\/produkt\/x-x-x-semjon-contemporary\/\",\"name\":\"X x X \u2013 Semjon Contemporary - DCV\",\"isPartOf\":{\"@id\":\"https:\/\/dcv-books.com\/#website\"},\"primaryImageOfPage\":{\"@id\":\"https:\/\/dcv-books.com\/en\/produkt\/x-x-x-semjon-contemporary\/#primaryimage\"},\"image\":{\"@id\":\"https:\/\/dcv-books.com\/en\/produkt\/x-x-x-semjon-contemporary\/#primaryimage\"},\"thumbnailUrl\":\"https:\/\/dcv-books.com\/wp-content\/uploads\/2022\/10\/9783969121122.jpg\",\"datePublished\":\"2022-10-18T12:29:34+00:00\",\"dateModified\":\"2024-02-26T17:09:26+00:00\",\"description\":\"810\",\"breadcrumb\":{\"@id\":\"https:\/\/dcv-books.com\/en\/produkt\/x-x-x-semjon-contemporary\/#breadcrumb\"},\"inLanguage\":\"en-US\",\"potentialAction\":[{\"@type\":\"ReadAction\",\"target\":[\"https:\/\/dcv-books.com\/en\/produkt\/x-x-x-semjon-contemporary\/\"]}]},{\"@type\":\"ImageObject\",\"inLanguage\":\"en-US\",\"@id\":\"https:\/\/dcv-books.com\/en\/produkt\/x-x-x-semjon-contemporary\/#primaryimage\",\"url\":\"https:\/\/dcv-books.com\/wp-content\/uploads\/2022\/10\/9783969121122.jpg\",\"contentUrl\":\"https:\/\/dcv-books.com\/wp-content\/uploads\/2022\/10\/9783969121122.jpg\",\"width\":1359,\"height\":1772,\"caption\":\"semjon contemporary\"},{\"@type\":\"BreadcrumbList\",\"@id\":\"https:\/\/dcv-books.com\/en\/produkt\/x-x-x-semjon-contemporary\/#breadcrumb\",\"itemListElement\":[{\"@type\":\"ListItem\",\"position\":1,\"name\":\"Startseite\",\"item\":\"https:\/\/dcv-books.com\/en\/\"},{\"@type\":\"ListItem\",\"position\":2,\"name\":\"X x X \u2013 Semjon Contemporary\"}]},{\"@type\":\"WebSite\",\"@id\":\"https:\/\/dcv-books.com\/#website\",\"url\":\"https:\/\/dcv-books.com\/\",\"name\":\"DCV\",\"description\":\"Dr. Cantz&#039;sche Verlagsgesellschaft mbH &amp; Co. KG\",\"potentialAction\":[{\"@type\":\"SearchAction\",\"target\":{\"@type\":\"EntryPoint\",\"urlTemplate\":\"https:\/\/dcv-books.com\/?s={search_term_string}\"},\"query-input\":{\"@type\":\"PropertyValueSpecification\",\"valueRequired\":true,\"valueName\":\"search_term_string\"}}],\"inLanguage\":\"en-US\"}]}<\/script>\n<!-- \/ Yoast SEO plugin. -->","yoast_head_json":{"title":"X x X \u2013 Semjon Contemporary - DCV","description":"810","robots":{"index":"index","follow":"follow","max-snippet":"max-snippet:-1","max-image-preview":"max-image-preview:large","max-video-preview":"max-video-preview:-1"},"canonical":"https:\/\/dcv-books.com\/en\/produkt\/x-x-x-semjon-contemporary\/","og_locale":"en_US","og_type":"article","og_title":"X x X \u2013 Semjon Contemporary - DCV","og_description":"810","og_url":"https:\/\/dcv-books.com\/en\/produkt\/x-x-x-semjon-contemporary\/","og_site_name":"DCV","article_modified_time":"2024-02-26T17:09:26+00:00","og_image":[{"width":1359,"height":1772,"url":"https:\/\/dcv-books.com\/wp-content\/uploads\/2022\/10\/9783969121122.jpg","type":"image\/jpeg"}],"twitter_card":"summary_large_image","twitter_misc":{"Est. reading time":"2 minutes"},"schema":{"@context":"https:\/\/schema.org","@graph":[{"@type":"WebPage","@id":"https:\/\/dcv-books.com\/en\/produkt\/x-x-x-semjon-contemporary\/","url":"https:\/\/dcv-books.com\/en\/produkt\/x-x-x-semjon-contemporary\/","name":"X x X \u2013 Semjon Contemporary - DCV","isPartOf":{"@id":"https:\/\/dcv-books.com\/#website"},"primaryImageOfPage":{"@id":"https:\/\/dcv-books.com\/en\/produkt\/x-x-x-semjon-contemporary\/#primaryimage"},"image":{"@id":"https:\/\/dcv-books.com\/en\/produkt\/x-x-x-semjon-contemporary\/#primaryimage"},"thumbnailUrl":"https:\/\/dcv-books.com\/wp-content\/uploads\/2022\/10\/9783969121122.jpg","datePublished":"2022-10-18T12:29:34+00:00","dateModified":"2024-02-26T17:09:26+00:00","description":"810","breadcrumb":{"@id":"https:\/\/dcv-books.com\/en\/produkt\/x-x-x-semjon-contemporary\/#breadcrumb"},"inLanguage":"en-US","potentialAction":[{"@type":"ReadAction","target":["https:\/\/dcv-books.com\/en\/produkt\/x-x-x-semjon-contemporary\/"]}]},{"@type":"ImageObject","inLanguage":"en-US","@id":"https:\/\/dcv-books.com\/en\/produkt\/x-x-x-semjon-contemporary\/#primaryimage","url":"https:\/\/dcv-books.com\/wp-content\/uploads\/2022\/10\/9783969121122.jpg","contentUrl":"https:\/\/dcv-books.com\/wp-content\/uploads\/2022\/10\/9783969121122.jpg","width":1359,"height":1772,"caption":"semjon contemporary"},{"@type":"BreadcrumbList","@id":"https:\/\/dcv-books.com\/en\/produkt\/x-x-x-semjon-contemporary\/#breadcrumb","itemListElement":[{"@type":"ListItem","position":1,"name":"Startseite","item":"https:\/\/dcv-books.com\/en\/"},{"@type":"ListItem","position":2,"name":"X x X \u2013 Semjon Contemporary"}]},{"@type":"WebSite","@id":"https:\/\/dcv-books.com\/#website","url":"https:\/\/dcv-books.com\/","name":"DCV","description":"Dr. Cantz&#039;sche Verlagsgesellschaft mbH &amp; Co. KG","potentialAction":[{"@type":"SearchAction","target":{"@type":"EntryPoint","urlTemplate":"https:\/\/dcv-books.com\/?s={search_term_string}"},"query-input":{"@type":"PropertyValueSpecification","valueRequired":true,"valueName":"search_term_string"}}],"inLanguage":"en-US"}]}},"_links":{"self":[{"href":"https:\/\/dcv-books.com\/en\/wp-json\/wp\/v2\/product\/18590","targetHints":{"allow":["GET"]}}],"collection":[{"href":"https:\/\/dcv-books.com\/en\/wp-json\/wp\/v2\/product"}],"about":[{"href":"https:\/\/dcv-books.com\/en\/wp-json\/wp\/v2\/types\/product"}],"wp:featuredmedia":[{"embeddable":true,"href":"https:\/\/dcv-books.com\/en\/wp-json\/wp\/v2\/media\/18582"}],"wp:attachment":[{"href":"https:\/\/dcv-books.com\/en\/wp-json\/wp\/v2\/media?parent=18590"}],"wp:term":[{"taxonomy":"product_brand","embeddable":true,"href":"https:\/\/dcv-books.com\/en\/wp-json\/wp\/v2\/product_brand?post=18590"},{"taxonomy":"product_cat","embeddable":true,"href":"https:\/\/dcv-books.com\/en\/wp-json\/wp\/v2\/product_cat?post=18590"},{"taxonomy":"product_tag","embeddable":true,"href":"https:\/\/dcv-books.com\/en\/wp-json\/wp\/v2\/product_tag?post=18590"}],"curies":[{"name":"wp","href":"https:\/\/api.w.org\/{rel}","templated":true}]}}