{"id":17804,"date":"2021-02-17T18:00:29","date_gmt":"2022-07-20T11:29:30","guid":{"rendered":"https:\/\/dcv-books.com\/?post_type=product&#038;p=17804"},"modified":"2023-03-30T14:15:38","modified_gmt":"2023-03-30T12:15:38","slug":"shara-hughes-time-lapsed","status":"publish","type":"product","link":"https:\/\/dcv-books.com\/en\/produkt\/shara-hughes-time-lapsed\/","title":{"rendered":"Shara Hughes \u2013<br> Time Lapsed"},"content":{"rendered":"<p style=\"font-weight: 400;\">Shara Hughes (b. Atlanta, 1981; lives and works in New York) describes her pictures and drawings as psychological or invented landscapes. Her cliff coasts, river valleys, sunsets, and lush gardens, often framed by abstract patterns, might be the settings of fairy tales or scenes from paradise. As the <em>New Yorker<\/em> put it, the paintings \u201cuse every trick in the book to seduce, but still manage to come off as guileless visions of not-so-far-away worlds.\u201d Wielding oil paint, brushes, spatulas, and spray cans, the artist celebrates painting itself, not infrequently quoting the masters of past eras.<\/p>\n<p style=\"font-weight: 400;\">Shara Hughes studied at the Rhode Island School of Design and later attended the Skowhegan School of Painting and Sculpture. Her most recent solo exhibitions are currently on view at the FLAG Art Foundation, New York, and the Kunstmuseum Luzern, Switzerland. In 2021, she had shows at the Yuz Museum, Shanghai; the Contemporary Art Museum St. Louis; the Garden Museum, London; the Aspen Museum of Art, Colorado; and at Le Consortium, Dijon.<\/p>\n<p>und radikal\u201c bezeichnen. An allen gro\u00dfen Schauspiel- und Opernh\u00e4usern im deutschsprachigen Raum, aber auch im Ausland sind die Arbeiten von Sch\u00fctz zu sehen. Er lernte bei Wilfried Minks und machte 1971 sein erstes B\u00fchnenbild f\u00fcr Luc Bondy. Am Berliner Schillertheater und den M\u00fcnchner Kammerspielen ging seine Laufbahn als B\u00fchnenbildner weiter, danach war er Ausstattungsleiter am Bremer Theater und am Schauspielhaus Bochum. Von 1992 bis 1998 lehrte Sch\u00fctz Szenografie am ZKM in Karlsruhe und seit 2010 ist er Professor f\u00fcr B\u00fchnenbild an der Kunstakademie D\u00fcsseldorf.<\/p>\n<p>In seinem Buch <em>Die<\/em> <em>Unterbrechung<\/em> spricht er mit Annette Storr \u00fcber seine neuen B\u00fchneninszenierungen, die mit Modellen und Fotografien, aber am h\u00e4ufigsten mit Stills aus den Auff\u00fchrungen dokumentiert werden. Darunter sind die St\u00fccke <em>Penthesilea<\/em> von Heinrich von Kleist, Landestheater Salzburg, 2018; <em>Hamlet<\/em> von William Shakespeare, Schauspielhaus Bochum, 2019; <em>Reich des Todes<\/em> von Rainald Goetz, Deutsches Schauspielhaus Hamburg, 2020; <em>Richard II<\/em> von William Shakespear<\/p>\n<p>Hier geht&#8217;s zu der anderen <a href=\"https:\/\/dcv-books.com\/produkt\/shara-hughes\/\" target=\"_blank\" rel=\"noopener\">Monografie<\/a>. Hier geht&#8217;s zu der <a href=\"http:\/\/sharahughesart.blogspot.com\">Website der K\u00fcnstlerin.<\/a><\/p>\n<p>Hier geht&#8217;s zu der anderen <a href=\"https:\/\/dcv-books.com\/produkt\/shara-hughes\/\" target=\"_blank\" rel=\"noopener\">Monografie<\/a>. Hier geht&#8217;s zu der <a href=\"http:\/\/sharahughesart.blogspot.com\">Website der K\u00fcnstlerin.<\/a><\/p>\n","protected":false},"excerpt":{"rendered":"<p style=\"font-weight: 400;\">Shara Hughes (b. Atlanta, 1981; lives and works in New York) describes her pictures and drawings as psychological or invented landscapes. Her cliff coasts, river valleys, sunsets, and lush gardens, often framed by abstract patterns, might be the settings of fairy tales or scenes from paradise. As the <em>New Yorker<\/em> put it, the paintings \u201cuse every trick in the book to seduce, but still manage to come off as guileless visions of not-so-far-away worlds.\u201d Wielding oil paint, brushes, spatulas, and spray cans, the artist celebrates painting itself, not infrequently quoting the masters of past eras.<\/p>\n<p style=\"font-weight: 400;\">Shara Hughes studied at the Rhode Island School of Design and later attended the Skowhegan School of Painting and Sculpture. Her most recent solo exhibitions are currently on view at the FLAG Art Foundation, New York, and the Kunstmuseum Luzern, Switzerland. In 2021, she had shows at the Yuz Museum, Shanghai; the Contemporary Art Museum St. Louis; the Garden Museum, London; the Aspen Museum of Art, Colorado; and at Le Consortium, Dijon.<\/p>\n","protected":false},"featured_media":17826,"template":"","meta":{"_acf_changed":false},"product_brand":[],"product_cat":[2208,2213],"product_tag":[],"class_list":{"0":"post-17804","1":"product","2":"type-product","3":"status-publish","4":"has-post-thumbnail","6":"product_cat-all-books","7":"product_cat-painting","9":"first","10":"instock","11":"taxable","12":"shipping-taxable","13":"purchasable","14":"product-type-simple"},"acf":[],"yoast_head":"<!-- This site is optimized with the Yoast SEO plugin v27.1.1 - https:\/\/yoast.com\/product\/yoast-seo-wordpress\/ -->\n<title>Shara Hughes \u2013 Time Lapsed - DCV<\/title>\n<meta name=\"description\" content=\"Shara Hughes (b. Atlanta, 1981; lives and works in New York) describes her pictures and drawings as psychological or invented landscapes.\" \/>\n<meta name=\"robots\" content=\"index, follow, max-snippet:-1, max-image-preview:large, max-video-preview:-1\" \/>\n<link rel=\"canonical\" href=\"https:\/\/dcv-books.com\/en\/produkt\/shara-hughes-time-lapsed\/\" \/>\n<meta property=\"og:locale\" content=\"en_US\" \/>\n<meta property=\"og:type\" content=\"article\" \/>\n<meta property=\"og:title\" content=\"Shara Hughes \u2013 Time Lapsed - DCV\" \/>\n<meta property=\"og:description\" content=\"Shara Hughes (b. Atlanta, 1981; lives and works in New York) describes her pictures and drawings as psychological or invented landscapes.\" \/>\n<meta property=\"og:url\" content=\"https:\/\/dcv-books.com\/en\/produkt\/shara-hughes-time-lapsed\/\" \/>\n<meta property=\"og:site_name\" content=\"DCV\" \/>\n<meta property=\"article:modified_time\" content=\"2023-03-30T12:15:38+00:00\" \/>\n<meta property=\"og:image\" content=\"https:\/\/dcv-books.com\/wp-content\/uploads\/2022\/07\/Shara_TimeLapsed_cover-scaled.jpg\" \/>\n\t<meta property=\"og:image:width\" content=\"1862\" \/>\n\t<meta property=\"og:image:height\" content=\"2560\" \/>\n\t<meta property=\"og:image:type\" content=\"image\/jpeg\" \/>\n<meta name=\"twitter:card\" content=\"summary_large_image\" \/>\n<meta name=\"twitter:label1\" content=\"Est. reading time\" \/>\n\t<meta name=\"twitter:data1\" content=\"2 minutes\" \/>\n<script type=\"application\/ld+json\" class=\"yoast-schema-graph\">{\"@context\":\"https:\/\/schema.org\",\"@graph\":[{\"@type\":\"WebPage\",\"@id\":\"https:\/\/dcv-books.com\/en\/produkt\/shara-hughes-time-lapsed\/\",\"url\":\"https:\/\/dcv-books.com\/en\/produkt\/shara-hughes-time-lapsed\/\",\"name\":\"Shara Hughes \u2013 Time Lapsed - DCV\",\"isPartOf\":{\"@id\":\"https:\/\/dcv-books.com\/#website\"},\"primaryImageOfPage\":{\"@id\":\"https:\/\/dcv-books.com\/en\/produkt\/shara-hughes-time-lapsed\/#primaryimage\"},\"image\":{\"@id\":\"https:\/\/dcv-books.com\/en\/produkt\/shara-hughes-time-lapsed\/#primaryimage\"},\"thumbnailUrl\":\"https:\/\/dcv-books.com\/wp-content\/uploads\/2022\/07\/Shara_TimeLapsed_cover-scaled.jpg\",\"datePublished\":\"2022-07-20T11:29:30+00:00\",\"dateModified\":\"2023-03-30T12:15:38+00:00\",\"description\":\"Shara Hughes (b. Atlanta, 1981; lives and works in New York) describes her pictures and drawings as psychological or invented landscapes.\",\"breadcrumb\":{\"@id\":\"https:\/\/dcv-books.com\/en\/produkt\/shara-hughes-time-lapsed\/#breadcrumb\"},\"inLanguage\":\"en-US\",\"potentialAction\":[{\"@type\":\"ReadAction\",\"target\":[\"https:\/\/dcv-books.com\/en\/produkt\/shara-hughes-time-lapsed\/\"]}]},{\"@type\":\"ImageObject\",\"inLanguage\":\"en-US\",\"@id\":\"https:\/\/dcv-books.com\/en\/produkt\/shara-hughes-time-lapsed\/#primaryimage\",\"url\":\"https:\/\/dcv-books.com\/wp-content\/uploads\/2022\/07\/Shara_TimeLapsed_cover-scaled.jpg\",\"contentUrl\":\"https:\/\/dcv-books.com\/wp-content\/uploads\/2022\/07\/Shara_TimeLapsed_cover-scaled.jpg\",\"width\":1862,\"height\":2560,\"caption\":\"shara Hughes\"},{\"@type\":\"BreadcrumbList\",\"@id\":\"https:\/\/dcv-books.com\/en\/produkt\/shara-hughes-time-lapsed\/#breadcrumb\",\"itemListElement\":[{\"@type\":\"ListItem\",\"position\":1,\"name\":\"Startseite\",\"item\":\"https:\/\/dcv-books.com\/en\/\"},{\"@type\":\"ListItem\",\"position\":2,\"name\":\"Shara Hughes \u2013 Time Lapsed\"}]},{\"@type\":\"WebSite\",\"@id\":\"https:\/\/dcv-books.com\/#website\",\"url\":\"https:\/\/dcv-books.com\/\",\"name\":\"DCV\",\"description\":\"Dr. Cantz&#039;sche Verlagsgesellschaft mbH &amp; Co. KG\",\"potentialAction\":[{\"@type\":\"SearchAction\",\"target\":{\"@type\":\"EntryPoint\",\"urlTemplate\":\"https:\/\/dcv-books.com\/?s={search_term_string}\"},\"query-input\":{\"@type\":\"PropertyValueSpecification\",\"valueRequired\":true,\"valueName\":\"search_term_string\"}}],\"inLanguage\":\"en-US\"}]}<\/script>\n<!-- \/ Yoast SEO plugin. -->","yoast_head_json":{"title":"Shara Hughes \u2013 Time Lapsed - DCV","description":"Shara Hughes (b. Atlanta, 1981; lives and works in New York) describes her pictures and drawings as psychological or invented landscapes.","robots":{"index":"index","follow":"follow","max-snippet":"max-snippet:-1","max-image-preview":"max-image-preview:large","max-video-preview":"max-video-preview:-1"},"canonical":"https:\/\/dcv-books.com\/en\/produkt\/shara-hughes-time-lapsed\/","og_locale":"en_US","og_type":"article","og_title":"Shara Hughes \u2013 Time Lapsed - DCV","og_description":"Shara Hughes (b. Atlanta, 1981; lives and works in New York) describes her pictures and drawings as psychological or invented landscapes.","og_url":"https:\/\/dcv-books.com\/en\/produkt\/shara-hughes-time-lapsed\/","og_site_name":"DCV","article_modified_time":"2023-03-30T12:15:38+00:00","og_image":[{"width":1862,"height":2560,"url":"https:\/\/dcv-books.com\/wp-content\/uploads\/2022\/07\/Shara_TimeLapsed_cover-scaled.jpg","type":"image\/jpeg"}],"twitter_card":"summary_large_image","twitter_misc":{"Est. reading time":"2 minutes"},"schema":{"@context":"https:\/\/schema.org","@graph":[{"@type":"WebPage","@id":"https:\/\/dcv-books.com\/en\/produkt\/shara-hughes-time-lapsed\/","url":"https:\/\/dcv-books.com\/en\/produkt\/shara-hughes-time-lapsed\/","name":"Shara Hughes \u2013 Time Lapsed - DCV","isPartOf":{"@id":"https:\/\/dcv-books.com\/#website"},"primaryImageOfPage":{"@id":"https:\/\/dcv-books.com\/en\/produkt\/shara-hughes-time-lapsed\/#primaryimage"},"image":{"@id":"https:\/\/dcv-books.com\/en\/produkt\/shara-hughes-time-lapsed\/#primaryimage"},"thumbnailUrl":"https:\/\/dcv-books.com\/wp-content\/uploads\/2022\/07\/Shara_TimeLapsed_cover-scaled.jpg","datePublished":"2022-07-20T11:29:30+00:00","dateModified":"2023-03-30T12:15:38+00:00","description":"Shara Hughes (b. Atlanta, 1981; lives and works in New York) describes her pictures and drawings as psychological or invented landscapes.","breadcrumb":{"@id":"https:\/\/dcv-books.com\/en\/produkt\/shara-hughes-time-lapsed\/#breadcrumb"},"inLanguage":"en-US","potentialAction":[{"@type":"ReadAction","target":["https:\/\/dcv-books.com\/en\/produkt\/shara-hughes-time-lapsed\/"]}]},{"@type":"ImageObject","inLanguage":"en-US","@id":"https:\/\/dcv-books.com\/en\/produkt\/shara-hughes-time-lapsed\/#primaryimage","url":"https:\/\/dcv-books.com\/wp-content\/uploads\/2022\/07\/Shara_TimeLapsed_cover-scaled.jpg","contentUrl":"https:\/\/dcv-books.com\/wp-content\/uploads\/2022\/07\/Shara_TimeLapsed_cover-scaled.jpg","width":1862,"height":2560,"caption":"shara Hughes"},{"@type":"BreadcrumbList","@id":"https:\/\/dcv-books.com\/en\/produkt\/shara-hughes-time-lapsed\/#breadcrumb","itemListElement":[{"@type":"ListItem","position":1,"name":"Startseite","item":"https:\/\/dcv-books.com\/en\/"},{"@type":"ListItem","position":2,"name":"Shara Hughes \u2013 Time Lapsed"}]},{"@type":"WebSite","@id":"https:\/\/dcv-books.com\/#website","url":"https:\/\/dcv-books.com\/","name":"DCV","description":"Dr. Cantz&#039;sche Verlagsgesellschaft mbH &amp; Co. KG","potentialAction":[{"@type":"SearchAction","target":{"@type":"EntryPoint","urlTemplate":"https:\/\/dcv-books.com\/?s={search_term_string}"},"query-input":{"@type":"PropertyValueSpecification","valueRequired":true,"valueName":"search_term_string"}}],"inLanguage":"en-US"}]}},"_links":{"self":[{"href":"https:\/\/dcv-books.com\/en\/wp-json\/wp\/v2\/product\/17804","targetHints":{"allow":["GET"]}}],"collection":[{"href":"https:\/\/dcv-books.com\/en\/wp-json\/wp\/v2\/product"}],"about":[{"href":"https:\/\/dcv-books.com\/en\/wp-json\/wp\/v2\/types\/product"}],"wp:featuredmedia":[{"embeddable":true,"href":"https:\/\/dcv-books.com\/en\/wp-json\/wp\/v2\/media\/17826"}],"wp:attachment":[{"href":"https:\/\/dcv-books.com\/en\/wp-json\/wp\/v2\/media?parent=17804"}],"wp:term":[{"taxonomy":"product_brand","embeddable":true,"href":"https:\/\/dcv-books.com\/en\/wp-json\/wp\/v2\/product_brand?post=17804"},{"taxonomy":"product_cat","embeddable":true,"href":"https:\/\/dcv-books.com\/en\/wp-json\/wp\/v2\/product_cat?post=17804"},{"taxonomy":"product_tag","embeddable":true,"href":"https:\/\/dcv-books.com\/en\/wp-json\/wp\/v2\/product_tag?post=17804"}],"curies":[{"name":"wp","href":"https:\/\/api.w.org\/{rel}","templated":true}]}}