{"id":17713,"date":"2021-02-18T14:30:28","date_gmt":"2021-02-18T13:30:28","guid":{"rendered":"https:\/\/dcv-books.com\/produkt\/steven-shearer-working-from-life\/"},"modified":"2023-12-05T17:48:10","modified_gmt":"2023-12-05T16:48:10","slug":"steven-shearer-working-from-life","status":"publish","type":"product","link":"https:\/\/dcv-books.com\/en\/produkt\/steven-shearer-working-from-life\/","title":{"rendered":"Steven Shearer \u2013<br> Working from Life"},"content":{"rendered":"<p style=\"font-weight: 400;\">Steven Shearer (b. New Westminster, BC, 1968; lives and works in Vancouver) works in a range of media including printmaking, sculpture, painting, drawing, and collages of found photographs. His portraits of individuals in decorated settings earned Shearer international acclaim. They show heroes from the past\u2014protagonists of musical subcultures or the history of art. The archetypal creative minds in their studios appear together with their works; the interiors surrounding them reflect their psychological constitution. Shearer paints them in the style of Symbolism, the German Romantics, or the Fauves. Imitating the perspective painting of the Renaissance, he virtually pulls the beholder into his pictures.<\/p>\n<p style=\"font-weight: 400;\">Steven Shearer participated in the Nova Scotia College of Art and Design New York Summer Studio Programme in 1992 and studied at the Emily Carr College of Art, Vancouver, in 1992. In 2011, he represented Canada at the 54th Venice Biennale.<\/p>\n<p>&nbsp;<\/p>\n<p style=\"font-weight: 400;\">Steven Shearer youtube studierte 1991 am Nova Scotia College of Art and Design New York Summer Studio Programme und 1992 am Emily Carr College of Art in Vancouver. 2011 vertrat er Kanada auf der der 54. Biennale von Venedig.<\/p>\n<p>In den 1970er-Jahren legte sie eine lange kreative Pause ein, in der sie sich nach dem Umzug nach Omaha, Nebraska, intensiv um die Gr\u00fcndung verschiedener Restaurants und die Entwicklung eines ganzen Altstadtquartiers k\u00fcmmerte. Doch seit Beginn des neuen Jahrhunderts h\u00e4lt sie atemberaubende neo-barocke Stillleben, bestehend aus Blumen, Fr\u00fcchten, frisch erlegten Tieren, antiken Gl\u00e4sern und illuminierenden Kerzen in gro\u00dfen Bildformaten fest.<\/p>\n<p><a href=\"https:\/\/www.hockney.com\/home\" target=\"_blank\" rel=\"noopener\">Hier ist seine Website und<\/a>. link zu einem <a href=\"https:\/\/dcv-books.com\/produkt\/vore-stueckwerk-mensch\/\">anderen buch\u00a0<\/a> Das Markenzeichen von Jeff Wall (geb. 1946 in Vancouver, lebt und arbeitet in Vancouver) sind gro\u00dfformatige Dialeuchtk\u00e4sten, auf denen er sorgf\u00e4ltig komponierte Szenen wie Film-Stills pr\u00e4sentiert. Der studierte Kunsthistoriker knu\u0308pft mit seinen Werken vielseitige Verbindungen zur Kunstgeschichte und wird aufgrund seiner aufwendigen Inszenierungen immer wieder mit den Meistern der Moderne verglichen. Mit einem besonderen Fokus auf Konstellationen, die das fotografische Medium in Form einer Spurensuche pr\u00e4sentieren, erm\u00f6glicht das Buch einen neuen Blick auf Arbeiten des Ku\u0308nstlers, die bisher selten in Ausstellungen gezeigt wurden. Jeff Wall studierte Kunstgeschichte an der University of British Columbia, Vancouver, sowie am Courtauld Institute of Art, London. Seine Arbeiten wurden unter anderem im Museum of Modern Art, New York, in der Tate Modern, London, und im Art Institute of Chicago ausgestellt. 2008 erhielt er den Audain-Preis fu\u0308r sein Lebenswerk.<\/p>\n","protected":false},"excerpt":{"rendered":"<p style=\"font-weight: 400;\"><strong>\u201cToday\u2019s images are echoes of how people have always been depicted.\u201d<\/strong><\/p>\n<p style=\"font-weight: 400;\">Steven Shearer (b. New Westminster, BC, 1968; lives and works in Vancouver) works in a range of media including printmaking, sculpture, painting, drawing, and collages of found photographs. His portraits of individuals in decorated settings earned Shearer international acclaim. They show heroes from the past\u2014protagonists of musical subcultures or the history of art. The archetypal creative minds in their studios appear together with their works; the interiors surrounding them reflect their psychological constitution. Shearer paints them in the style of Symbolism, the German Romantics, or the Fauves. Imitating the perspective painting of the Renaissance, he virtually pulls the beholder into his pictures.<\/p>\n<p style=\"font-weight: 400;\">Steven Shearer participated in the Nova Scotia College of Art and Design New York Summer Studio Programme in 1992 and studied at the Emily Carr College of Art, Vancouver, in 1992. In 2011, he represented Canada at the 54th Venice Biennale.<\/p>\n","protected":false},"featured_media":17708,"template":"","meta":{"_acf_changed":false},"product_brand":[],"product_cat":[2208,2213],"product_tag":[],"class_list":{"0":"post-17713","1":"product","2":"type-product","3":"status-publish","4":"has-post-thumbnail","6":"product_cat-all-books","7":"product_cat-painting","9":"first","10":"instock","11":"taxable","12":"shipping-taxable","13":"purchasable","14":"product-type-simple"},"acf":[],"yoast_head":"<!-- This site is optimized with the Yoast SEO plugin v27.1.1 - https:\/\/yoast.com\/product\/yoast-seo-wordpress\/ -->\n<title>Steven Shearer \u2013 Working from Life - DCV<\/title>\n<meta name=\"description\" content=\"Steven Shearer (b. New Westminster, BC, 1968; lives and works in Vancouver) works in a range of media including printmaking, sculpture, and painting.\" \/>\n<meta name=\"robots\" content=\"index, follow, max-snippet:-1, max-image-preview:large, max-video-preview:-1\" \/>\n<link rel=\"canonical\" href=\"https:\/\/dcv-books.com\/en\/produkt\/steven-shearer-working-from-life\/\" \/>\n<meta property=\"og:locale\" content=\"en_US\" \/>\n<meta property=\"og:type\" content=\"article\" \/>\n<meta property=\"og:title\" content=\"Steven Shearer \u2013 Working from Life - DCV\" \/>\n<meta property=\"og:description\" content=\"Steven Shearer (b. New Westminster, BC, 1968; lives and works in Vancouver) works in a range of media including printmaking, sculpture, and painting.\" \/>\n<meta property=\"og:url\" content=\"https:\/\/dcv-books.com\/en\/produkt\/steven-shearer-working-from-life\/\" \/>\n<meta property=\"og:site_name\" content=\"DCV\" \/>\n<meta property=\"article:modified_time\" content=\"2023-12-05T16:48:10+00:00\" \/>\n<meta property=\"og:image\" content=\"https:\/\/dcv-books.com\/wp-content\/uploads\/2022\/06\/210413_DCV_Steven_Shearer_cover_Vorschau-scaled.jpg\" \/>\n\t<meta property=\"og:image:width\" content=\"1862\" \/>\n\t<meta property=\"og:image:height\" content=\"2560\" \/>\n\t<meta property=\"og:image:type\" content=\"image\/jpeg\" \/>\n<meta name=\"twitter:card\" content=\"summary_large_image\" \/>\n<meta name=\"twitter:label1\" content=\"Est. reading time\" \/>\n\t<meta name=\"twitter:data1\" content=\"3 minutes\" \/>\n<script type=\"application\/ld+json\" class=\"yoast-schema-graph\">{\"@context\":\"https:\/\/schema.org\",\"@graph\":[{\"@type\":\"WebPage\",\"@id\":\"https:\/\/dcv-books.com\/en\/produkt\/steven-shearer-working-from-life\/\",\"url\":\"https:\/\/dcv-books.com\/en\/produkt\/steven-shearer-working-from-life\/\",\"name\":\"Steven Shearer \u2013 Working from Life - DCV\",\"isPartOf\":{\"@id\":\"https:\/\/dcv-books.com\/#website\"},\"primaryImageOfPage\":{\"@id\":\"https:\/\/dcv-books.com\/en\/produkt\/steven-shearer-working-from-life\/#primaryimage\"},\"image\":{\"@id\":\"https:\/\/dcv-books.com\/en\/produkt\/steven-shearer-working-from-life\/#primaryimage\"},\"thumbnailUrl\":\"https:\/\/dcv-books.com\/wp-content\/uploads\/2022\/06\/210413_DCV_Steven_Shearer_cover_Vorschau-scaled.jpg\",\"datePublished\":\"2021-02-18T13:30:28+00:00\",\"dateModified\":\"2023-12-05T16:48:10+00:00\",\"description\":\"Steven Shearer (b. New Westminster, BC, 1968; lives and works in Vancouver) works in a range of media including printmaking, sculpture, and painting.\",\"breadcrumb\":{\"@id\":\"https:\/\/dcv-books.com\/en\/produkt\/steven-shearer-working-from-life\/#breadcrumb\"},\"inLanguage\":\"en-US\",\"potentialAction\":[{\"@type\":\"ReadAction\",\"target\":[\"https:\/\/dcv-books.com\/en\/produkt\/steven-shearer-working-from-life\/\"]}]},{\"@type\":\"ImageObject\",\"inLanguage\":\"en-US\",\"@id\":\"https:\/\/dcv-books.com\/en\/produkt\/steven-shearer-working-from-life\/#primaryimage\",\"url\":\"https:\/\/dcv-books.com\/wp-content\/uploads\/2022\/06\/210413_DCV_Steven_Shearer_cover_Vorschau-scaled.jpg\",\"contentUrl\":\"https:\/\/dcv-books.com\/wp-content\/uploads\/2022\/06\/210413_DCV_Steven_Shearer_cover_Vorschau-scaled.jpg\",\"width\":1862,\"height\":2560,\"caption\":\"steven shearer\"},{\"@type\":\"BreadcrumbList\",\"@id\":\"https:\/\/dcv-books.com\/en\/produkt\/steven-shearer-working-from-life\/#breadcrumb\",\"itemListElement\":[{\"@type\":\"ListItem\",\"position\":1,\"name\":\"Startseite\",\"item\":\"https:\/\/dcv-books.com\/en\/\"},{\"@type\":\"ListItem\",\"position\":2,\"name\":\"Steven Shearer \u2013 Working from Life\"}]},{\"@type\":\"WebSite\",\"@id\":\"https:\/\/dcv-books.com\/#website\",\"url\":\"https:\/\/dcv-books.com\/\",\"name\":\"DCV\",\"description\":\"Dr. Cantz&#039;sche Verlagsgesellschaft mbH &amp; Co. KG\",\"potentialAction\":[{\"@type\":\"SearchAction\",\"target\":{\"@type\":\"EntryPoint\",\"urlTemplate\":\"https:\/\/dcv-books.com\/?s={search_term_string}\"},\"query-input\":{\"@type\":\"PropertyValueSpecification\",\"valueRequired\":true,\"valueName\":\"search_term_string\"}}],\"inLanguage\":\"en-US\"}]}<\/script>\n<!-- \/ Yoast SEO plugin. -->","yoast_head_json":{"title":"Steven Shearer \u2013 Working from Life - DCV","description":"Steven Shearer (b. New Westminster, BC, 1968; lives and works in Vancouver) works in a range of media including printmaking, sculpture, and painting.","robots":{"index":"index","follow":"follow","max-snippet":"max-snippet:-1","max-image-preview":"max-image-preview:large","max-video-preview":"max-video-preview:-1"},"canonical":"https:\/\/dcv-books.com\/en\/produkt\/steven-shearer-working-from-life\/","og_locale":"en_US","og_type":"article","og_title":"Steven Shearer \u2013 Working from Life - DCV","og_description":"Steven Shearer (b. New Westminster, BC, 1968; lives and works in Vancouver) works in a range of media including printmaking, sculpture, and painting.","og_url":"https:\/\/dcv-books.com\/en\/produkt\/steven-shearer-working-from-life\/","og_site_name":"DCV","article_modified_time":"2023-12-05T16:48:10+00:00","og_image":[{"width":1862,"height":2560,"url":"https:\/\/dcv-books.com\/wp-content\/uploads\/2022\/06\/210413_DCV_Steven_Shearer_cover_Vorschau-scaled.jpg","type":"image\/jpeg"}],"twitter_card":"summary_large_image","twitter_misc":{"Est. reading time":"3 minutes"},"schema":{"@context":"https:\/\/schema.org","@graph":[{"@type":"WebPage","@id":"https:\/\/dcv-books.com\/en\/produkt\/steven-shearer-working-from-life\/","url":"https:\/\/dcv-books.com\/en\/produkt\/steven-shearer-working-from-life\/","name":"Steven Shearer \u2013 Working from Life - DCV","isPartOf":{"@id":"https:\/\/dcv-books.com\/#website"},"primaryImageOfPage":{"@id":"https:\/\/dcv-books.com\/en\/produkt\/steven-shearer-working-from-life\/#primaryimage"},"image":{"@id":"https:\/\/dcv-books.com\/en\/produkt\/steven-shearer-working-from-life\/#primaryimage"},"thumbnailUrl":"https:\/\/dcv-books.com\/wp-content\/uploads\/2022\/06\/210413_DCV_Steven_Shearer_cover_Vorschau-scaled.jpg","datePublished":"2021-02-18T13:30:28+00:00","dateModified":"2023-12-05T16:48:10+00:00","description":"Steven Shearer (b. New Westminster, BC, 1968; lives and works in Vancouver) works in a range of media including printmaking, sculpture, and painting.","breadcrumb":{"@id":"https:\/\/dcv-books.com\/en\/produkt\/steven-shearer-working-from-life\/#breadcrumb"},"inLanguage":"en-US","potentialAction":[{"@type":"ReadAction","target":["https:\/\/dcv-books.com\/en\/produkt\/steven-shearer-working-from-life\/"]}]},{"@type":"ImageObject","inLanguage":"en-US","@id":"https:\/\/dcv-books.com\/en\/produkt\/steven-shearer-working-from-life\/#primaryimage","url":"https:\/\/dcv-books.com\/wp-content\/uploads\/2022\/06\/210413_DCV_Steven_Shearer_cover_Vorschau-scaled.jpg","contentUrl":"https:\/\/dcv-books.com\/wp-content\/uploads\/2022\/06\/210413_DCV_Steven_Shearer_cover_Vorschau-scaled.jpg","width":1862,"height":2560,"caption":"steven shearer"},{"@type":"BreadcrumbList","@id":"https:\/\/dcv-books.com\/en\/produkt\/steven-shearer-working-from-life\/#breadcrumb","itemListElement":[{"@type":"ListItem","position":1,"name":"Startseite","item":"https:\/\/dcv-books.com\/en\/"},{"@type":"ListItem","position":2,"name":"Steven Shearer \u2013 Working from Life"}]},{"@type":"WebSite","@id":"https:\/\/dcv-books.com\/#website","url":"https:\/\/dcv-books.com\/","name":"DCV","description":"Dr. Cantz&#039;sche Verlagsgesellschaft mbH &amp; Co. KG","potentialAction":[{"@type":"SearchAction","target":{"@type":"EntryPoint","urlTemplate":"https:\/\/dcv-books.com\/?s={search_term_string}"},"query-input":{"@type":"PropertyValueSpecification","valueRequired":true,"valueName":"search_term_string"}}],"inLanguage":"en-US"}]}},"_links":{"self":[{"href":"https:\/\/dcv-books.com\/en\/wp-json\/wp\/v2\/product\/17713","targetHints":{"allow":["GET"]}}],"collection":[{"href":"https:\/\/dcv-books.com\/en\/wp-json\/wp\/v2\/product"}],"about":[{"href":"https:\/\/dcv-books.com\/en\/wp-json\/wp\/v2\/types\/product"}],"wp:featuredmedia":[{"embeddable":true,"href":"https:\/\/dcv-books.com\/en\/wp-json\/wp\/v2\/media\/17708"}],"wp:attachment":[{"href":"https:\/\/dcv-books.com\/en\/wp-json\/wp\/v2\/media?parent=17713"}],"wp:term":[{"taxonomy":"product_brand","embeddable":true,"href":"https:\/\/dcv-books.com\/en\/wp-json\/wp\/v2\/product_brand?post=17713"},{"taxonomy":"product_cat","embeddable":true,"href":"https:\/\/dcv-books.com\/en\/wp-json\/wp\/v2\/product_cat?post=17713"},{"taxonomy":"product_tag","embeddable":true,"href":"https:\/\/dcv-books.com\/en\/wp-json\/wp\/v2\/product_tag?post=17713"}],"curies":[{"name":"wp","href":"https:\/\/api.w.org\/{rel}","templated":true}]}}