{"id":17705,"date":"2021-02-17T18:40:57","date_gmt":"2022-06-23T13:04:57","guid":{"rendered":"https:\/\/dcv-books.com\/produkt\/silke-eva-kaestner-pantha-rhei\/"},"modified":"2024-02-26T16:14:52","modified_gmt":"2024-02-26T15:14:52","slug":"silke-eva-kaestner-panta-rhei","status":"publish","type":"product","link":"https:\/\/dcv-books.com\/en\/produkt\/silke-eva-kaestner-panta-rhei\/","title":{"rendered":"Silke Eva K\u00e4stner \u2013<br> Panta Rhei"},"content":{"rendered":"<p style=\"font-weight: 400;\">Silke Eva K\u00e4stner (lives and works in Berlin and Uckermark) developed her creative approach while traveling in India, New York, and Japan. She creates temporary on-site paintings as well as conceptual pieces in which the viewer comes upon prepared materials and becomes part of\u2014or even alters\u2014the picture. K\u00e4stner documents these encounters in photographs or filmic traces out of which she compiles films in the editing suite. Probing the potentials of painting as communication, she foregrounds the active intervention and process. In the gallery no less than the urban scene, K\u00e4stner places painting in relation to architecture in order to frame it in varying perspectives.<\/p>\n<p style=\"font-weight: 400;\">The monograph offers insight into the foci of K\u00e4stner\u2019s art; the works are grouped in chapters rather than arranged in chronological sequence. This structure makes the book a space of experience that gives the reader a vivid sense of her ephemeral creations.<\/p>\n<p style=\"font-weight: 400;\">After studying with Katharina Grosse at the Wei\u00dfensee School of Art and Design Berlin, Silke Eva K\u00e4stner won the Mart Stam Prize; she honed her craft in India on a NaF\u00f6G fellowship and in New York on a yearlong DAAD fellowship. Funding support from the Institut f\u00fcr Auslandsbeziehungen (ifa) enabled her to initiate an ongoing exchange project between Kashmir and Berlin. Her work has been on view at numerous institutions including the Schirn Kunsthalle Frankfurt; the Devi Art Foundation, Delhi; Berlinische Galerie, Berlin; the Queens Museum of Art, New York; K\u00fcnstlerhaus Bethanien, Berlin; and the Haus der Kulturen der Welt, Berlin.<\/p>\n","protected":false},"excerpt":{"rendered":"<p style=\"font-weight: 400;\">Silke Eva K\u00e4stner (lives and works in Berlin and Uckermark) developed her creative approach while traveling in India, New York, and Japan. She creates temporary on-site paintings as well as conceptual pieces in which the viewer comes upon prepared materials and becomes part of\u2014or even alters\u2014the picture. K\u00e4stner documents these encounters in photographs or filmic traces out of which she compiles films in the editing suite. Probing the potentials of painting as communication, she foregrounds the active intervention and process. In the gallery no less than the urban scene, K\u00e4stner places painting in relation to architecture in order to frame it in varying perspectives.<\/p>\n<p style=\"font-weight: 400;\">The monograph offers insight into the foci of K\u00e4stner\u2019s art; the works are grouped in chapters rather than arranged in chronological sequence. This structure makes the book a space of experience that gives the reader a vivid sense of her ephemeral creations.<\/p>\n<p style=\"font-weight: 400;\">After studying with Katharina Grosse at the Wei\u00dfensee School of Art and Design Berlin, Silke Eva K\u00e4stner won the Mart Stam Prize; she honed her craft in India on a NaF\u00f6G fellowship and in New York on a yearlong DAAD fellowship. Funding support from the Institut f\u00fcr Auslandsbeziehungen (ifa) enabled her to initiate an ongoing exchange project between Kashmir and Berlin. Her work has been on view at numerous institutions including the Schirn Kunsthalle Frankfurt; the Devi Art Foundation, Delhi; Berlinische Galerie, Berlin; the Queens Museum of Art, New York; K\u00fcnstlerhaus Bethanien, Berlin; and the Haus der Kulturen der Welt, Berlin.<\/p>\n","protected":false},"featured_media":17698,"template":"","meta":{"_acf_changed":false},"product_brand":[],"product_cat":[2208,2210,2213,2216,2211],"product_tag":[],"class_list":{"0":"post-17705","1":"product","2":"type-product","3":"status-publish","4":"has-post-thumbnail","6":"product_cat-all-books","7":"product_cat-film-and-video","8":"product_cat-painting","9":"product_cat-performance-art","10":"product_cat-photography","12":"first","13":"instock","14":"taxable","15":"shipping-taxable","16":"purchasable","17":"product-type-simple"},"acf":[],"yoast_head":"<!-- This site is optimized with the Yoast SEO plugin v27.1.1 - https:\/\/yoast.com\/product\/yoast-seo-wordpress\/ -->\n<title>Silke Eva K\u00e4stner \u2013 Panta Rhei - DCV<\/title>\n<meta name=\"description\" content=\"Silke Eva K\u00e4stner (lives and works in Berlin and Uckermark) developed her creative approach while traveling in India, New York, and Japan.\" \/>\n<meta name=\"robots\" content=\"index, follow, max-snippet:-1, max-image-preview:large, max-video-preview:-1\" \/>\n<link rel=\"canonical\" href=\"https:\/\/dcv-books.com\/en\/produkt\/silke-eva-kaestner-panta-rhei\/\" \/>\n<meta property=\"og:locale\" content=\"en_US\" \/>\n<meta property=\"og:type\" content=\"article\" \/>\n<meta property=\"og:title\" content=\"Silke Eva K\u00e4stner \u2013 Panta Rhei - DCV\" \/>\n<meta property=\"og:description\" content=\"Silke Eva K\u00e4stner (lives and works in Berlin and Uckermark) developed her creative approach while traveling in India, New York, and Japan.\" \/>\n<meta property=\"og:url\" content=\"https:\/\/dcv-books.com\/en\/produkt\/silke-eva-kaestner-panta-rhei\/\" \/>\n<meta property=\"og:site_name\" content=\"DCV\" \/>\n<meta property=\"article:modified_time\" content=\"2024-02-26T15:14:52+00:00\" \/>\n<meta property=\"og:image\" content=\"https:\/\/dcv-books.com\/wp-content\/uploads\/2022\/06\/SK_Cover.jpg\" \/>\n\t<meta property=\"og:image:width\" content=\"1552\" \/>\n\t<meta property=\"og:image:height\" content=\"2211\" \/>\n\t<meta property=\"og:image:type\" content=\"image\/jpeg\" \/>\n<meta name=\"twitter:card\" content=\"summary_large_image\" \/>\n<meta name=\"twitter:label1\" content=\"Est. reading time\" \/>\n\t<meta name=\"twitter:data1\" content=\"2 minutes\" \/>\n<script type=\"application\/ld+json\" class=\"yoast-schema-graph\">{\"@context\":\"https:\/\/schema.org\",\"@graph\":[{\"@type\":\"WebPage\",\"@id\":\"https:\/\/dcv-books.com\/en\/produkt\/silke-eva-kaestner-panta-rhei\/\",\"url\":\"https:\/\/dcv-books.com\/en\/produkt\/silke-eva-kaestner-panta-rhei\/\",\"name\":\"Silke Eva K\u00e4stner \u2013 Panta Rhei - DCV\",\"isPartOf\":{\"@id\":\"https:\/\/dcv-books.com\/#website\"},\"primaryImageOfPage\":{\"@id\":\"https:\/\/dcv-books.com\/en\/produkt\/silke-eva-kaestner-panta-rhei\/#primaryimage\"},\"image\":{\"@id\":\"https:\/\/dcv-books.com\/en\/produkt\/silke-eva-kaestner-panta-rhei\/#primaryimage\"},\"thumbnailUrl\":\"https:\/\/dcv-books.com\/wp-content\/uploads\/2022\/06\/SK_Cover.jpg\",\"datePublished\":\"2022-06-23T13:04:57+00:00\",\"dateModified\":\"2024-02-26T15:14:52+00:00\",\"description\":\"Silke Eva K\u00e4stner (lives and works in Berlin and Uckermark) developed her creative approach while traveling in India, New York, and Japan.\",\"breadcrumb\":{\"@id\":\"https:\/\/dcv-books.com\/en\/produkt\/silke-eva-kaestner-panta-rhei\/#breadcrumb\"},\"inLanguage\":\"en-US\",\"potentialAction\":[{\"@type\":\"ReadAction\",\"target\":[\"https:\/\/dcv-books.com\/en\/produkt\/silke-eva-kaestner-panta-rhei\/\"]}]},{\"@type\":\"ImageObject\",\"inLanguage\":\"en-US\",\"@id\":\"https:\/\/dcv-books.com\/en\/produkt\/silke-eva-kaestner-panta-rhei\/#primaryimage\",\"url\":\"https:\/\/dcv-books.com\/wp-content\/uploads\/2022\/06\/SK_Cover.jpg\",\"contentUrl\":\"https:\/\/dcv-books.com\/wp-content\/uploads\/2022\/06\/SK_Cover.jpg\",\"width\":1552,\"height\":2211,\"caption\":\"Silke Eva K\u00e4stner\"},{\"@type\":\"BreadcrumbList\",\"@id\":\"https:\/\/dcv-books.com\/en\/produkt\/silke-eva-kaestner-panta-rhei\/#breadcrumb\",\"itemListElement\":[{\"@type\":\"ListItem\",\"position\":1,\"name\":\"Startseite\",\"item\":\"https:\/\/dcv-books.com\/en\/\"},{\"@type\":\"ListItem\",\"position\":2,\"name\":\"Silke Eva K\u00e4stner \u2013 Panta Rhei\"}]},{\"@type\":\"WebSite\",\"@id\":\"https:\/\/dcv-books.com\/#website\",\"url\":\"https:\/\/dcv-books.com\/\",\"name\":\"DCV\",\"description\":\"Dr. Cantz&#039;sche Verlagsgesellschaft mbH &amp; Co. KG\",\"potentialAction\":[{\"@type\":\"SearchAction\",\"target\":{\"@type\":\"EntryPoint\",\"urlTemplate\":\"https:\/\/dcv-books.com\/?s={search_term_string}\"},\"query-input\":{\"@type\":\"PropertyValueSpecification\",\"valueRequired\":true,\"valueName\":\"search_term_string\"}}],\"inLanguage\":\"en-US\"}]}<\/script>\n<!-- \/ Yoast SEO plugin. -->","yoast_head_json":{"title":"Silke Eva K\u00e4stner \u2013 Panta Rhei - DCV","description":"Silke Eva K\u00e4stner (lives and works in Berlin and Uckermark) developed her creative approach while traveling in India, New York, and Japan.","robots":{"index":"index","follow":"follow","max-snippet":"max-snippet:-1","max-image-preview":"max-image-preview:large","max-video-preview":"max-video-preview:-1"},"canonical":"https:\/\/dcv-books.com\/en\/produkt\/silke-eva-kaestner-panta-rhei\/","og_locale":"en_US","og_type":"article","og_title":"Silke Eva K\u00e4stner \u2013 Panta Rhei - DCV","og_description":"Silke Eva K\u00e4stner (lives and works in Berlin and Uckermark) developed her creative approach while traveling in India, New York, and Japan.","og_url":"https:\/\/dcv-books.com\/en\/produkt\/silke-eva-kaestner-panta-rhei\/","og_site_name":"DCV","article_modified_time":"2024-02-26T15:14:52+00:00","og_image":[{"width":1552,"height":2211,"url":"https:\/\/dcv-books.com\/wp-content\/uploads\/2022\/06\/SK_Cover.jpg","type":"image\/jpeg"}],"twitter_card":"summary_large_image","twitter_misc":{"Est. reading time":"2 minutes"},"schema":{"@context":"https:\/\/schema.org","@graph":[{"@type":"WebPage","@id":"https:\/\/dcv-books.com\/en\/produkt\/silke-eva-kaestner-panta-rhei\/","url":"https:\/\/dcv-books.com\/en\/produkt\/silke-eva-kaestner-panta-rhei\/","name":"Silke Eva K\u00e4stner \u2013 Panta Rhei - DCV","isPartOf":{"@id":"https:\/\/dcv-books.com\/#website"},"primaryImageOfPage":{"@id":"https:\/\/dcv-books.com\/en\/produkt\/silke-eva-kaestner-panta-rhei\/#primaryimage"},"image":{"@id":"https:\/\/dcv-books.com\/en\/produkt\/silke-eva-kaestner-panta-rhei\/#primaryimage"},"thumbnailUrl":"https:\/\/dcv-books.com\/wp-content\/uploads\/2022\/06\/SK_Cover.jpg","datePublished":"2022-06-23T13:04:57+00:00","dateModified":"2024-02-26T15:14:52+00:00","description":"Silke Eva K\u00e4stner (lives and works in Berlin and Uckermark) developed her creative approach while traveling in India, New York, and Japan.","breadcrumb":{"@id":"https:\/\/dcv-books.com\/en\/produkt\/silke-eva-kaestner-panta-rhei\/#breadcrumb"},"inLanguage":"en-US","potentialAction":[{"@type":"ReadAction","target":["https:\/\/dcv-books.com\/en\/produkt\/silke-eva-kaestner-panta-rhei\/"]}]},{"@type":"ImageObject","inLanguage":"en-US","@id":"https:\/\/dcv-books.com\/en\/produkt\/silke-eva-kaestner-panta-rhei\/#primaryimage","url":"https:\/\/dcv-books.com\/wp-content\/uploads\/2022\/06\/SK_Cover.jpg","contentUrl":"https:\/\/dcv-books.com\/wp-content\/uploads\/2022\/06\/SK_Cover.jpg","width":1552,"height":2211,"caption":"Silke Eva K\u00e4stner"},{"@type":"BreadcrumbList","@id":"https:\/\/dcv-books.com\/en\/produkt\/silke-eva-kaestner-panta-rhei\/#breadcrumb","itemListElement":[{"@type":"ListItem","position":1,"name":"Startseite","item":"https:\/\/dcv-books.com\/en\/"},{"@type":"ListItem","position":2,"name":"Silke Eva K\u00e4stner \u2013 Panta Rhei"}]},{"@type":"WebSite","@id":"https:\/\/dcv-books.com\/#website","url":"https:\/\/dcv-books.com\/","name":"DCV","description":"Dr. Cantz&#039;sche Verlagsgesellschaft mbH &amp; Co. KG","potentialAction":[{"@type":"SearchAction","target":{"@type":"EntryPoint","urlTemplate":"https:\/\/dcv-books.com\/?s={search_term_string}"},"query-input":{"@type":"PropertyValueSpecification","valueRequired":true,"valueName":"search_term_string"}}],"inLanguage":"en-US"}]}},"_links":{"self":[{"href":"https:\/\/dcv-books.com\/en\/wp-json\/wp\/v2\/product\/17705","targetHints":{"allow":["GET"]}}],"collection":[{"href":"https:\/\/dcv-books.com\/en\/wp-json\/wp\/v2\/product"}],"about":[{"href":"https:\/\/dcv-books.com\/en\/wp-json\/wp\/v2\/types\/product"}],"wp:featuredmedia":[{"embeddable":true,"href":"https:\/\/dcv-books.com\/en\/wp-json\/wp\/v2\/media\/17698"}],"wp:attachment":[{"href":"https:\/\/dcv-books.com\/en\/wp-json\/wp\/v2\/media?parent=17705"}],"wp:term":[{"taxonomy":"product_brand","embeddable":true,"href":"https:\/\/dcv-books.com\/en\/wp-json\/wp\/v2\/product_brand?post=17705"},{"taxonomy":"product_cat","embeddable":true,"href":"https:\/\/dcv-books.com\/en\/wp-json\/wp\/v2\/product_cat?post=17705"},{"taxonomy":"product_tag","embeddable":true,"href":"https:\/\/dcv-books.com\/en\/wp-json\/wp\/v2\/product_tag?post=17705"}],"curies":[{"name":"wp","href":"https:\/\/api.w.org\/{rel}","templated":true}]}}