{"id":17496,"date":"2021-02-16T16:50:20","date_gmt":"2022-05-18T14:10:20","guid":{"rendered":"https:\/\/dcv-books.com\/produkt\/justine-otto-new-traditionalists\/"},"modified":"2023-03-30T15:10:45","modified_gmt":"2023-03-30T13:10:45","slug":"justine-otto-new-traditionalists","status":"publish","type":"product","link":"https:\/\/dcv-books.com\/en\/produkt\/justine-otto-new-traditionalists\/","title":{"rendered":"Justine Otto &#8211;<br> New Traditionalists"},"content":{"rendered":"<p>Justine Otto (b. Zabrze, Poland, 1974; lives and works in Hamburg and Berlin) is one of the most promising artists on the contemporary painting scene. An aficionado of the absurd, she unfolds a metaphysical-psychedelic and often gaudily lustrous cosmos in pictures in which representation clashes with abstraction. In her early work, girls, women, and animals were here preferred subjects; more recently, she has painted heroes\u2014the protagonists in myths of masculinity. After generals, officers, and strategists, she has now turned her attention to cowboys, who appear on horseback or resting under a tree, musical instrument in hand.<\/p>\n<p>Justine Otto studied fine art and painting with Peter Angermann and Michael Krebber at the State Academy of Fine Arts (St\u00e4delschule) in Frankfurt am Main and obtained an MFA in 2003. She also worked as a scene designer at St\u00e4dtische B\u00fchnen Frankfurt, the city\u2019s municipal theater company. Her paintings are held by collections including the Hessisches Landesmuseum, Darmstadt; Museum Franz Gertsch, Burgdorf, Switzerland; and the Phillips Collection, Washington, D.C.<\/p>\n<p><a href=\"https:\/\/dcv-books.com\/en\/justine-otto\/\">Limited art edition available<\/a><\/p>\n","protected":false},"excerpt":{"rendered":"<p>Justine Otto (b. Zabrze, Poland, 1974; lives and works in Hamburg and Berlin) is one of the most promising artists on the contemporary painting scene. An aficionado of the absurd, she unfolds a metaphysical-psychedelic and often gaudily lustrous cosmos in pictures in which representation clashes with abstraction. In her early work, girls, women, and animals were here preferred subjects; more recently, she has painted heroes\u2014the protagonists in myths of masculinity. After generals, officers, and strategists, she has now turned her attention to cowboys, who appear on horseback or resting under a tree, musical instrument in hand.<\/p>\n<p>Justine Otto studied fine art and painting with Peter Angermann and Michael Krebber at the State Academy of Fine Arts (St\u00e4delschule) in Frankfurt am Main and obtained an MFA in 2003. She also worked as a scene designer at St\u00e4dtische B\u00fchnen Frankfurt, the city\u2019s municipal theater company. Her paintings are held by collections including the Hessisches Landesmuseum, Darmstadt; Museum Franz Gertsch, Burgdorf, Switzerland; and the Phillips Collection, Washington, D.C.<\/p>\n<p><a href=\"https:\/\/dcv-books.com\/en\/justine-otto\/\">Limited art edition available<\/a><\/p>\n","protected":false},"featured_media":17488,"template":"","meta":{"_acf_changed":false},"product_brand":[],"product_cat":[2208,2213],"product_tag":[3014],"class_list":{"0":"post-17496","1":"product","2":"type-product","3":"status-publish","4":"has-post-thumbnail","6":"product_cat-all-books","7":"product_cat-painting","8":"product_tag-justine-otto-en","10":"first","11":"instock","12":"taxable","13":"shipping-taxable","14":"purchasable","15":"product-type-simple"},"acf":[],"yoast_head":"<!-- This site is optimized with the Yoast SEO plugin v27.5 - https:\/\/yoast.com\/product\/yoast-seo-wordpress\/ -->\n<title>Justine Otto - New Traditionalists - DCV<\/title>\n<meta name=\"description\" content=\"Justine Otto (b. Zabrze, Poland, 1974; lives and works in Hamburg and Berlin) is one of the most promising artists on the contemporary painting scene.\" \/>\n<meta name=\"robots\" content=\"index, follow, max-snippet:-1, max-image-preview:large, max-video-preview:-1\" \/>\n<link rel=\"canonical\" href=\"https:\/\/dcv-books.com\/en\/produkt\/justine-otto-new-traditionalists\/\" \/>\n<meta property=\"og:locale\" content=\"en_US\" \/>\n<meta property=\"og:type\" content=\"article\" \/>\n<meta property=\"og:title\" content=\"Justine Otto - New Traditionalists - DCV\" \/>\n<meta property=\"og:description\" content=\"Justine Otto (b. Zabrze, Poland, 1974; lives and works in Hamburg and Berlin) is one of the most promising artists on the contemporary painting scene.\" \/>\n<meta property=\"og:url\" content=\"https:\/\/dcv-books.com\/en\/produkt\/justine-otto-new-traditionalists\/\" \/>\n<meta property=\"og:site_name\" content=\"DCV\" \/>\n<meta property=\"article:modified_time\" content=\"2023-03-30T13:10:45+00:00\" \/>\n<meta property=\"og:image\" content=\"https:\/\/dcv-books.com\/wp-content\/uploads\/2022\/05\/KAT-NewTrad-UMS-245x305-VAR_MOJ3-6-9-2.jpg\" \/>\n\t<meta property=\"og:image:width\" content=\"440\" \/>\n\t<meta property=\"og:image:height\" content=\"579\" \/>\n\t<meta property=\"og:image:type\" content=\"image\/jpeg\" \/>\n<meta name=\"twitter:card\" content=\"summary_large_image\" \/>\n<meta name=\"twitter:label1\" content=\"Est. reading time\" \/>\n\t<meta name=\"twitter:data1\" content=\"1 minute\" \/>\n<script type=\"application\/ld+json\" class=\"yoast-schema-graph\">{\"@context\":\"https:\\\/\\\/schema.org\",\"@graph\":[{\"@type\":\"WebPage\",\"@id\":\"https:\\\/\\\/dcv-books.com\\\/en\\\/produkt\\\/justine-otto-new-traditionalists\\\/\",\"url\":\"https:\\\/\\\/dcv-books.com\\\/en\\\/produkt\\\/justine-otto-new-traditionalists\\\/\",\"name\":\"Justine Otto - New Traditionalists - DCV\",\"isPartOf\":{\"@id\":\"https:\\\/\\\/dcv-books.com\\\/#website\"},\"primaryImageOfPage\":{\"@id\":\"https:\\\/\\\/dcv-books.com\\\/en\\\/produkt\\\/justine-otto-new-traditionalists\\\/#primaryimage\"},\"image\":{\"@id\":\"https:\\\/\\\/dcv-books.com\\\/en\\\/produkt\\\/justine-otto-new-traditionalists\\\/#primaryimage\"},\"thumbnailUrl\":\"https:\\\/\\\/dcv-books.com\\\/wp-content\\\/uploads\\\/2022\\\/05\\\/KAT-NewTrad-UMS-245x305-VAR_MOJ3-6-9-2.jpg\",\"datePublished\":\"2022-05-18T14:10:20+00:00\",\"dateModified\":\"2023-03-30T13:10:45+00:00\",\"description\":\"Justine Otto (b. Zabrze, Poland, 1974; lives and works in Hamburg and Berlin) is one of the most promising artists on the contemporary painting scene.\",\"breadcrumb\":{\"@id\":\"https:\\\/\\\/dcv-books.com\\\/en\\\/produkt\\\/justine-otto-new-traditionalists\\\/#breadcrumb\"},\"inLanguage\":\"en-US\",\"potentialAction\":[{\"@type\":\"ReadAction\",\"target\":[\"https:\\\/\\\/dcv-books.com\\\/en\\\/produkt\\\/justine-otto-new-traditionalists\\\/\"]}]},{\"@type\":\"ImageObject\",\"inLanguage\":\"en-US\",\"@id\":\"https:\\\/\\\/dcv-books.com\\\/en\\\/produkt\\\/justine-otto-new-traditionalists\\\/#primaryimage\",\"url\":\"https:\\\/\\\/dcv-books.com\\\/wp-content\\\/uploads\\\/2022\\\/05\\\/KAT-NewTrad-UMS-245x305-VAR_MOJ3-6-9-2.jpg\",\"contentUrl\":\"https:\\\/\\\/dcv-books.com\\\/wp-content\\\/uploads\\\/2022\\\/05\\\/KAT-NewTrad-UMS-245x305-VAR_MOJ3-6-9-2.jpg\",\"width\":440,\"height\":579,\"caption\":\"Justine Otto\"},{\"@type\":\"BreadcrumbList\",\"@id\":\"https:\\\/\\\/dcv-books.com\\\/en\\\/produkt\\\/justine-otto-new-traditionalists\\\/#breadcrumb\",\"itemListElement\":[{\"@type\":\"ListItem\",\"position\":1,\"name\":\"Startseite\",\"item\":\"https:\\\/\\\/dcv-books.com\\\/en\\\/\"},{\"@type\":\"ListItem\",\"position\":2,\"name\":\"Justine Otto &#8211; New Traditionalists\"}]},{\"@type\":\"WebSite\",\"@id\":\"https:\\\/\\\/dcv-books.com\\\/#website\",\"url\":\"https:\\\/\\\/dcv-books.com\\\/\",\"name\":\"DCV\",\"description\":\"Dr. Cantz&#039;sche Verlagsgesellschaft mbH &amp; Co. KG\",\"potentialAction\":[{\"@type\":\"SearchAction\",\"target\":{\"@type\":\"EntryPoint\",\"urlTemplate\":\"https:\\\/\\\/dcv-books.com\\\/?s={search_term_string}\"},\"query-input\":{\"@type\":\"PropertyValueSpecification\",\"valueRequired\":true,\"valueName\":\"search_term_string\"}}],\"inLanguage\":\"en-US\"}]}<\/script>\n<!-- \/ Yoast SEO plugin. -->","yoast_head_json":{"title":"Justine Otto - New Traditionalists - DCV","description":"Justine Otto (b. Zabrze, Poland, 1974; lives and works in Hamburg and Berlin) is one of the most promising artists on the contemporary painting scene.","robots":{"index":"index","follow":"follow","max-snippet":"max-snippet:-1","max-image-preview":"max-image-preview:large","max-video-preview":"max-video-preview:-1"},"canonical":"https:\/\/dcv-books.com\/en\/produkt\/justine-otto-new-traditionalists\/","og_locale":"en_US","og_type":"article","og_title":"Justine Otto - New Traditionalists - DCV","og_description":"Justine Otto (b. Zabrze, Poland, 1974; lives and works in Hamburg and Berlin) is one of the most promising artists on the contemporary painting scene.","og_url":"https:\/\/dcv-books.com\/en\/produkt\/justine-otto-new-traditionalists\/","og_site_name":"DCV","article_modified_time":"2023-03-30T13:10:45+00:00","og_image":[{"width":440,"height":579,"url":"https:\/\/dcv-books.com\/wp-content\/uploads\/2022\/05\/KAT-NewTrad-UMS-245x305-VAR_MOJ3-6-9-2.jpg","type":"image\/jpeg"}],"twitter_card":"summary_large_image","twitter_misc":{"Est. reading time":"1 minute"},"schema":{"@context":"https:\/\/schema.org","@graph":[{"@type":"WebPage","@id":"https:\/\/dcv-books.com\/en\/produkt\/justine-otto-new-traditionalists\/","url":"https:\/\/dcv-books.com\/en\/produkt\/justine-otto-new-traditionalists\/","name":"Justine Otto - New Traditionalists - DCV","isPartOf":{"@id":"https:\/\/dcv-books.com\/#website"},"primaryImageOfPage":{"@id":"https:\/\/dcv-books.com\/en\/produkt\/justine-otto-new-traditionalists\/#primaryimage"},"image":{"@id":"https:\/\/dcv-books.com\/en\/produkt\/justine-otto-new-traditionalists\/#primaryimage"},"thumbnailUrl":"https:\/\/dcv-books.com\/wp-content\/uploads\/2022\/05\/KAT-NewTrad-UMS-245x305-VAR_MOJ3-6-9-2.jpg","datePublished":"2022-05-18T14:10:20+00:00","dateModified":"2023-03-30T13:10:45+00:00","description":"Justine Otto (b. Zabrze, Poland, 1974; lives and works in Hamburg and Berlin) is one of the most promising artists on the contemporary painting scene.","breadcrumb":{"@id":"https:\/\/dcv-books.com\/en\/produkt\/justine-otto-new-traditionalists\/#breadcrumb"},"inLanguage":"en-US","potentialAction":[{"@type":"ReadAction","target":["https:\/\/dcv-books.com\/en\/produkt\/justine-otto-new-traditionalists\/"]}]},{"@type":"ImageObject","inLanguage":"en-US","@id":"https:\/\/dcv-books.com\/en\/produkt\/justine-otto-new-traditionalists\/#primaryimage","url":"https:\/\/dcv-books.com\/wp-content\/uploads\/2022\/05\/KAT-NewTrad-UMS-245x305-VAR_MOJ3-6-9-2.jpg","contentUrl":"https:\/\/dcv-books.com\/wp-content\/uploads\/2022\/05\/KAT-NewTrad-UMS-245x305-VAR_MOJ3-6-9-2.jpg","width":440,"height":579,"caption":"Justine Otto"},{"@type":"BreadcrumbList","@id":"https:\/\/dcv-books.com\/en\/produkt\/justine-otto-new-traditionalists\/#breadcrumb","itemListElement":[{"@type":"ListItem","position":1,"name":"Startseite","item":"https:\/\/dcv-books.com\/en\/"},{"@type":"ListItem","position":2,"name":"Justine Otto &#8211; New Traditionalists"}]},{"@type":"WebSite","@id":"https:\/\/dcv-books.com\/#website","url":"https:\/\/dcv-books.com\/","name":"DCV","description":"Dr. Cantz&#039;sche Verlagsgesellschaft mbH &amp; Co. KG","potentialAction":[{"@type":"SearchAction","target":{"@type":"EntryPoint","urlTemplate":"https:\/\/dcv-books.com\/?s={search_term_string}"},"query-input":{"@type":"PropertyValueSpecification","valueRequired":true,"valueName":"search_term_string"}}],"inLanguage":"en-US"}]}},"_links":{"self":[{"href":"https:\/\/dcv-books.com\/en\/wp-json\/wp\/v2\/product\/17496","targetHints":{"allow":["GET"]}}],"collection":[{"href":"https:\/\/dcv-books.com\/en\/wp-json\/wp\/v2\/product"}],"about":[{"href":"https:\/\/dcv-books.com\/en\/wp-json\/wp\/v2\/types\/product"}],"wp:featuredmedia":[{"embeddable":true,"href":"https:\/\/dcv-books.com\/en\/wp-json\/wp\/v2\/media\/17488"}],"wp:attachment":[{"href":"https:\/\/dcv-books.com\/en\/wp-json\/wp\/v2\/media?parent=17496"}],"wp:term":[{"taxonomy":"product_brand","embeddable":true,"href":"https:\/\/dcv-books.com\/en\/wp-json\/wp\/v2\/product_brand?post=17496"},{"taxonomy":"product_cat","embeddable":true,"href":"https:\/\/dcv-books.com\/en\/wp-json\/wp\/v2\/product_cat?post=17496"},{"taxonomy":"product_tag","embeddable":true,"href":"https:\/\/dcv-books.com\/en\/wp-json\/wp\/v2\/product_tag?post=17496"}],"curies":[{"name":"wp","href":"https:\/\/api.w.org\/{rel}","templated":true}]}}