{"id":17401,"date":"2021-02-17T19:45:15","date_gmt":"2022-05-05T14:57:15","guid":{"rendered":"https:\/\/dcv-books.com\/produkt\/nolde-kritik-documenta-english\/"},"modified":"2023-08-10T17:49:04","modified_gmt":"2023-08-10T15:49:04","slug":"nolde-kritik-documenta-english","status":"publish","type":"product","link":"https:\/\/dcv-books.com\/en\/produkt\/nolde-kritik-documenta-english\/","title":{"rendered":"nolde\/kritik\/documenta (English)"},"content":{"rendered":"<p>Mischa Kuball (b. 1959, D\u00fcsseldorf; lives and works in D\u00fcsseldorf) investigates public and institutional spaces and the social and political discourses that shape them. At the invitation of the Draiflessen Collection and with support from the Nolde Stiftung, the conceptual artist grappled with the life and oeuvre of the painter Emil Nolde (1867\u20131956) and created a body of work titled Nolde\/critique\/Kuball. In piece after piece, Kuball drains Nolde\u2019s works of the colors that made the Expressionist famous, challenging the beholder\u2019s preconceptions and examining perception and its constituent processes. Laid out in black and white, the book accordingly directs our attention not only to what a picture shows, but also to how structures and organizing principles emerge into view.<\/p>\n<p>Mischa Kuball has been professor of public art at the Kunsthochschule f\u00fcr Medien K\u00f6ln, and associate professor of media art at the Staatliche Hochschule f\u00fcr Gestaltung\/ZKM Karlsruhe since 2007.<\/p>\n","protected":false},"excerpt":{"rendered":"<p style=\"font-weight: 400;\">Emil Nolde (1867\u20131956) ranks among the best-known classic modernists. Contemporary perceptions of the artist and his oeuvre are informed by mythmaking as well as its deconstruction. After the Second World War, Nolde himself and art historians of the time portrayed him as a victim of Nazi persecution. More recent critics have drawn attention to his anti-Semitic views and his opportunism in his dealings with the Nazi authorities.<\/p>\n<p style=\"font-weight: 400;\">With support from the Nolde Foundation, Seeb\u00fcll, the D\u00fcsseldorf-based conceptual artist Mischa Kuball (b. 1959) delved into the documentary record to shed light on this profoundly ambivalent figure and frame a critical perspective on Emil Nolde\u2019s output and actions. The first fruits of his endeavors were shown at the Draiflessen Collection, Mettingen, in the winter of 2020\u20132021.<\/p>\n<p style=\"font-weight: 400;\">Kuball continued his research at the invitation of the documenta archive, Kassel. Based on his findings, the exhibition project \u201cnolde \/ kritik \/ documenta\u201d illuminates the ways in which life and oeuvre are interwoven and inquires into the contradictions of modernism, which Emil Nolde as a man and artist may be said to have embodied. The focus of the new project is on the staging of Nolde\u2019s works at the first three editions of the documenta exhibition series (1955, 1959, 1964), which were instrumental to establishing the \u201cNolde myth.\u201d<\/p>\n<p style=\"font-weight: 400;\">An enlarged and revised edition of the catalogue \u201cnolde \/ kritik \/ documenta\u201d is released in conjunction with the exhibition at the Fridericianum, Kassel (December 9, 2022\u2013February 19, 2023).<\/p>\n<p style=\"font-weight: 400;\">Mischa Kuball has been professor of public art at the Academy of Media Arts Cologne and associate professor of media art at the Karlsruhe University of Arts and Design\/ZKM since 2007.<\/p>\n","protected":false},"featured_media":17400,"template":"","meta":{"_acf_changed":false},"product_brand":[],"product_cat":[2208,2212],"product_tag":[],"class_list":{"0":"post-17401","1":"product","2":"type-product","3":"status-publish","4":"has-post-thumbnail","6":"product_cat-all-books","7":"product_cat-installation-art","9":"first","10":"instock","11":"taxable","12":"shipping-taxable","13":"purchasable","14":"product-type-simple"},"acf":[],"yoast_head":"<!-- This site is optimized with the Yoast SEO plugin v27.1.1 - https:\/\/yoast.com\/product\/yoast-seo-wordpress\/ -->\n<title>nolde\/kritik\/documenta (English) - DCV<\/title>\n<meta name=\"description\" content=\"Mischa Kuball in his book nolde\/kritik\/documenta grapples with the life and oeuvre of the painter Emil Nolde (1867\u20131956).\" \/>\n<meta name=\"robots\" content=\"index, follow, max-snippet:-1, max-image-preview:large, max-video-preview:-1\" \/>\n<link rel=\"canonical\" href=\"https:\/\/dcv-books.com\/en\/produkt\/nolde-kritik-documenta-english\/\" \/>\n<meta property=\"og:locale\" content=\"en_US\" \/>\n<meta property=\"og:type\" content=\"article\" \/>\n<meta property=\"og:title\" content=\"nolde\/kritik\/documenta (English) - DCV\" \/>\n<meta property=\"og:description\" content=\"Mischa Kuball in his book nolde\/kritik\/documenta grapples with the life and oeuvre of the painter Emil Nolde (1867\u20131956).\" \/>\n<meta property=\"og:url\" content=\"https:\/\/dcv-books.com\/en\/produkt\/nolde-kritik-documenta-english\/\" \/>\n<meta property=\"og:site_name\" content=\"DCV\" \/>\n<meta property=\"article:modified_time\" content=\"2023-08-10T15:49:04+00:00\" \/>\n<meta property=\"og:image\" content=\"https:\/\/dcv-books.com\/wp-content\/uploads\/2022\/05\/20211110_Publikation-Cover-2-klein.jpg\" \/>\n\t<meta property=\"og:image:width\" content=\"450\" \/>\n\t<meta property=\"og:image:height\" content=\"531\" \/>\n\t<meta property=\"og:image:type\" content=\"image\/jpeg\" \/>\n<meta name=\"twitter:card\" content=\"summary_large_image\" \/>\n<meta name=\"twitter:label1\" content=\"Est. reading time\" \/>\n\t<meta name=\"twitter:data1\" content=\"1 minute\" \/>\n<script type=\"application\/ld+json\" class=\"yoast-schema-graph\">{\"@context\":\"https:\/\/schema.org\",\"@graph\":[{\"@type\":\"WebPage\",\"@id\":\"https:\/\/dcv-books.com\/en\/produkt\/nolde-kritik-documenta-english\/\",\"url\":\"https:\/\/dcv-books.com\/en\/produkt\/nolde-kritik-documenta-english\/\",\"name\":\"nolde\/kritik\/documenta (English) - DCV\",\"isPartOf\":{\"@id\":\"https:\/\/dcv-books.com\/#website\"},\"primaryImageOfPage\":{\"@id\":\"https:\/\/dcv-books.com\/en\/produkt\/nolde-kritik-documenta-english\/#primaryimage\"},\"image\":{\"@id\":\"https:\/\/dcv-books.com\/en\/produkt\/nolde-kritik-documenta-english\/#primaryimage\"},\"thumbnailUrl\":\"https:\/\/dcv-books.com\/wp-content\/uploads\/2022\/05\/20211110_Publikation-Cover-2-klein.jpg\",\"datePublished\":\"2022-05-05T14:57:15+00:00\",\"dateModified\":\"2023-08-10T15:49:04+00:00\",\"description\":\"Mischa Kuball in his book nolde\/kritik\/documenta grapples with the life and oeuvre of the painter Emil Nolde (1867\u20131956).\",\"breadcrumb\":{\"@id\":\"https:\/\/dcv-books.com\/en\/produkt\/nolde-kritik-documenta-english\/#breadcrumb\"},\"inLanguage\":\"en-US\",\"potentialAction\":[{\"@type\":\"ReadAction\",\"target\":[\"https:\/\/dcv-books.com\/en\/produkt\/nolde-kritik-documenta-english\/\"]}]},{\"@type\":\"ImageObject\",\"inLanguage\":\"en-US\",\"@id\":\"https:\/\/dcv-books.com\/en\/produkt\/nolde-kritik-documenta-english\/#primaryimage\",\"url\":\"https:\/\/dcv-books.com\/wp-content\/uploads\/2022\/05\/20211110_Publikation-Cover-2-klein.jpg\",\"contentUrl\":\"https:\/\/dcv-books.com\/wp-content\/uploads\/2022\/05\/20211110_Publikation-Cover-2-klein.jpg\",\"width\":450,\"height\":531,\"caption\":\"Mischa Kuball\"},{\"@type\":\"BreadcrumbList\",\"@id\":\"https:\/\/dcv-books.com\/en\/produkt\/nolde-kritik-documenta-english\/#breadcrumb\",\"itemListElement\":[{\"@type\":\"ListItem\",\"position\":1,\"name\":\"Startseite\",\"item\":\"https:\/\/dcv-books.com\/en\/\"},{\"@type\":\"ListItem\",\"position\":2,\"name\":\"nolde\/kritik\/documenta (English)\"}]},{\"@type\":\"WebSite\",\"@id\":\"https:\/\/dcv-books.com\/#website\",\"url\":\"https:\/\/dcv-books.com\/\",\"name\":\"DCV\",\"description\":\"Dr. Cantz&#039;sche Verlagsgesellschaft mbH &amp; Co. KG\",\"potentialAction\":[{\"@type\":\"SearchAction\",\"target\":{\"@type\":\"EntryPoint\",\"urlTemplate\":\"https:\/\/dcv-books.com\/?s={search_term_string}\"},\"query-input\":{\"@type\":\"PropertyValueSpecification\",\"valueRequired\":true,\"valueName\":\"search_term_string\"}}],\"inLanguage\":\"en-US\"}]}<\/script>\n<!-- \/ Yoast SEO plugin. -->","yoast_head_json":{"title":"nolde\/kritik\/documenta (English) - DCV","description":"Mischa Kuball in his book nolde\/kritik\/documenta grapples with the life and oeuvre of the painter Emil Nolde (1867\u20131956).","robots":{"index":"index","follow":"follow","max-snippet":"max-snippet:-1","max-image-preview":"max-image-preview:large","max-video-preview":"max-video-preview:-1"},"canonical":"https:\/\/dcv-books.com\/en\/produkt\/nolde-kritik-documenta-english\/","og_locale":"en_US","og_type":"article","og_title":"nolde\/kritik\/documenta (English) - DCV","og_description":"Mischa Kuball in his book nolde\/kritik\/documenta grapples with the life and oeuvre of the painter Emil Nolde (1867\u20131956).","og_url":"https:\/\/dcv-books.com\/en\/produkt\/nolde-kritik-documenta-english\/","og_site_name":"DCV","article_modified_time":"2023-08-10T15:49:04+00:00","og_image":[{"width":450,"height":531,"url":"https:\/\/dcv-books.com\/wp-content\/uploads\/2022\/05\/20211110_Publikation-Cover-2-klein.jpg","type":"image\/jpeg"}],"twitter_card":"summary_large_image","twitter_misc":{"Est. reading time":"1 minute"},"schema":{"@context":"https:\/\/schema.org","@graph":[{"@type":"WebPage","@id":"https:\/\/dcv-books.com\/en\/produkt\/nolde-kritik-documenta-english\/","url":"https:\/\/dcv-books.com\/en\/produkt\/nolde-kritik-documenta-english\/","name":"nolde\/kritik\/documenta (English) - DCV","isPartOf":{"@id":"https:\/\/dcv-books.com\/#website"},"primaryImageOfPage":{"@id":"https:\/\/dcv-books.com\/en\/produkt\/nolde-kritik-documenta-english\/#primaryimage"},"image":{"@id":"https:\/\/dcv-books.com\/en\/produkt\/nolde-kritik-documenta-english\/#primaryimage"},"thumbnailUrl":"https:\/\/dcv-books.com\/wp-content\/uploads\/2022\/05\/20211110_Publikation-Cover-2-klein.jpg","datePublished":"2022-05-05T14:57:15+00:00","dateModified":"2023-08-10T15:49:04+00:00","description":"Mischa Kuball in his book nolde\/kritik\/documenta grapples with the life and oeuvre of the painter Emil Nolde (1867\u20131956).","breadcrumb":{"@id":"https:\/\/dcv-books.com\/en\/produkt\/nolde-kritik-documenta-english\/#breadcrumb"},"inLanguage":"en-US","potentialAction":[{"@type":"ReadAction","target":["https:\/\/dcv-books.com\/en\/produkt\/nolde-kritik-documenta-english\/"]}]},{"@type":"ImageObject","inLanguage":"en-US","@id":"https:\/\/dcv-books.com\/en\/produkt\/nolde-kritik-documenta-english\/#primaryimage","url":"https:\/\/dcv-books.com\/wp-content\/uploads\/2022\/05\/20211110_Publikation-Cover-2-klein.jpg","contentUrl":"https:\/\/dcv-books.com\/wp-content\/uploads\/2022\/05\/20211110_Publikation-Cover-2-klein.jpg","width":450,"height":531,"caption":"Mischa Kuball"},{"@type":"BreadcrumbList","@id":"https:\/\/dcv-books.com\/en\/produkt\/nolde-kritik-documenta-english\/#breadcrumb","itemListElement":[{"@type":"ListItem","position":1,"name":"Startseite","item":"https:\/\/dcv-books.com\/en\/"},{"@type":"ListItem","position":2,"name":"nolde\/kritik\/documenta (English)"}]},{"@type":"WebSite","@id":"https:\/\/dcv-books.com\/#website","url":"https:\/\/dcv-books.com\/","name":"DCV","description":"Dr. Cantz&#039;sche Verlagsgesellschaft mbH &amp; Co. KG","potentialAction":[{"@type":"SearchAction","target":{"@type":"EntryPoint","urlTemplate":"https:\/\/dcv-books.com\/?s={search_term_string}"},"query-input":{"@type":"PropertyValueSpecification","valueRequired":true,"valueName":"search_term_string"}}],"inLanguage":"en-US"}]}},"_links":{"self":[{"href":"https:\/\/dcv-books.com\/en\/wp-json\/wp\/v2\/product\/17401","targetHints":{"allow":["GET"]}}],"collection":[{"href":"https:\/\/dcv-books.com\/en\/wp-json\/wp\/v2\/product"}],"about":[{"href":"https:\/\/dcv-books.com\/en\/wp-json\/wp\/v2\/types\/product"}],"wp:featuredmedia":[{"embeddable":true,"href":"https:\/\/dcv-books.com\/en\/wp-json\/wp\/v2\/media\/17400"}],"wp:attachment":[{"href":"https:\/\/dcv-books.com\/en\/wp-json\/wp\/v2\/media?parent=17401"}],"wp:term":[{"taxonomy":"product_brand","embeddable":true,"href":"https:\/\/dcv-books.com\/en\/wp-json\/wp\/v2\/product_brand?post=17401"},{"taxonomy":"product_cat","embeddable":true,"href":"https:\/\/dcv-books.com\/en\/wp-json\/wp\/v2\/product_cat?post=17401"},{"taxonomy":"product_tag","embeddable":true,"href":"https:\/\/dcv-books.com\/en\/wp-json\/wp\/v2\/product_tag?post=17401"}],"curies":[{"name":"wp","href":"https:\/\/api.w.org\/{rel}","templated":true}]}}