{"id":16551,"date":"2026-01-15T13:27:47","date_gmt":"2026-01-15T12:27:47","guid":{"rendered":"https:\/\/dcv-books.com\/?post_type=product&#038;p=16551"},"modified":"2026-01-15T13:23:47","modified_gmt":"2026-01-15T12:23:47","slug":"david-hockney-insights-reflecting-the-tate-collection","status":"publish","type":"product","link":"https:\/\/dcv-books.com\/en\/produkt\/david-hockney-insights-reflecting-the-tate-collection\/","title":{"rendered":"David Hockney: Insights &#8211;<br> Reflecting the Tate Collection"},"content":{"rendered":"<p>David Hockney (born 1937 in Bradford) is one of the most influential and technically versatile artists living today. This new publication gathers some of his most defining work from the 1960s to the present, including major works in the Tate collection. From early graphic cycles, double portraits and iconic pool paintings through to his photo collages, plein air landscapes, iPad drawings, and multimedia installations, the volume documents central themes and genres in Hockney\u2019s oeuvre, as well as his constant experimentation.<\/p>\n<p>Original essays by renowned critics and commentators illuminate the artist\u2019s search for new forms of expression, the topographical and biographical reference points of his work, the technical innovation of his painting and printmaking, as well as his approach to new media.<\/p>\n<p>is <span class=\"font-weight-normal\">david hockney<\/span> still alive. <a href=\"https:\/\/www.hockney.com\/home\" target=\"_blank\" rel=\"noopener\">Hier ist seine Website und<\/a>. link zu einem <a href=\"https:\/\/dcv-books.com\/en\/produkt\/vore-stueckwerk-mensch\/\">anderen buch\u00a0<\/a> Das Markenzeichen von Jeff Wall (geb. 1946 in Vancouver, lebt und arbeitet in Vancouver) sind gro\u00dfformatige Dialeuchtk\u00e4sten, auf denen er sorgf\u00e4ltig komponierte Szenen wie Film-Stills pr\u00e4sentiert. Der studierte Kunsthistoriker knu\u0308pft mit seinen Werken vielseitige Verbindungen zur Kunstgeschichte und wird aufgrund seiner aufwendigen Inszenierungen immer wieder mit den Meistern der Moderne verglichen. Mit einem besonderen Fokus auf Konstellationen, die das fotografische Medium in Form einer Spurensuche pr\u00e4sentieren, erm\u00f6glicht das Buch einen neuen Blick auf Arbeiten des Ku\u0308nstlers, die bisher selten in Ausstellungen gezeigt wurden. Jeff Wall studierte Kunstgeschichte an der University of British Columbia, Vancouver, sowie am Courtauld Institute of Art, London. Seine Arbeiten wurden unter anderem im Museum of Modern Art, New York, in der Tate Modern, London, und im Art Institute of Chicago ausgestellt. 2008 erhielt er den Audain-Preis fu\u0308r sein Lebenswerk.<\/p>\n<p>Das Markenzeichen von Jeff Wall (geb. 1946 in Vancouver, lebt und arbeitet in Vancouver) sind gro\u00dfformatige Dialeuchtk\u00e4sten, auf denen er sorgf\u00e4ltig komponierte Szenen wie Film-Stills pr\u00e4sentiert. Der studierte Kunsthistoriker knu\u0308pft mit seinen Werken vielseitige Verbindungen zur Kunstgeschichte und wird aufgrund seiner aufwendigen Inszenierungen immer wieder mit den Meistern der Moderne verglichen. Mit einem besonderen Fokus auf Konstellationen, die das fotografische Medium in Form einer Spurensuche pr\u00e4sentieren, erm\u00f6glicht das Buch einen neuen Blick auf Arbeiten des Ku\u0308nstlers, die bisher selten in Ausstellungen gezeigt wurden.<\/p>\n","protected":false},"excerpt":{"rendered":"<p>David Hockney (born 1937 in Bradford) is one of the most influential and technically versatile artists living today. This new publication gathers some of his most defining work from the 1960s to the present, including major works in the Tate collection. From early graphic cycles, double portraits and iconic pool paintings through to his photo collages, plein air landscapes, iPad drawings, and multimedia installations, the volume documents central themes and genres in Hockney\u2019s oeuvre, as well as his constant experimentation.<\/p>\n<p>Original essays by renowned critics and commentators illuminate the artist\u2019s search for new forms of expression, the topographical and biographical reference points of his work, the technical innovation of his painting and printmaking, as well as his approach to new media.<\/p>\n","protected":false},"featured_media":16565,"template":"","meta":{"_acf_changed":false},"product_brand":[],"product_cat":[2208,2218,2213,2211],"product_tag":[4414,4415,4416],"class_list":{"0":"post-16551","1":"product","2":"type-product","3":"status-publish","4":"has-post-thumbnail","6":"product_cat-all-books","7":"product_cat-on-art","8":"product_cat-painting","9":"product_cat-photography","10":"product_tag-david-hockney","11":"product_tag-insights","12":"product_tag-tate-collection","14":"first","15":"instock","16":"taxable","17":"shipping-taxable","18":"purchasable","19":"product-type-simple"},"acf":[],"yoast_head":"<!-- This site is optimized with the Yoast SEO plugin v27.1.1 - https:\/\/yoast.com\/product\/yoast-seo-wordpress\/ -->\n<title>David Hockney: Insights - Reflecting the Tate Collection - DCV<\/title>\n<meta name=\"description\" content=\"David Hockney \u2013 Insights: the volume documents central themes and genres in Hockney\u2019s oeuvre, as well as his constant experimentation.\" \/>\n<meta name=\"robots\" content=\"index, follow, max-snippet:-1, max-image-preview:large, max-video-preview:-1\" \/>\n<link rel=\"canonical\" href=\"https:\/\/dcv-books.com\/en\/produkt\/david-hockney-insights-reflecting-the-tate-collection\/\" \/>\n<meta property=\"og:locale\" content=\"en_US\" \/>\n<meta property=\"og:type\" content=\"article\" \/>\n<meta property=\"og:title\" content=\"David Hockney: Insights - Reflecting the Tate Collection - DCV\" \/>\n<meta property=\"og:description\" content=\"David Hockney \u2013 Insights: the volume documents central themes and genres in Hockney\u2019s oeuvre, as well as his constant experimentation.\" \/>\n<meta property=\"og:url\" content=\"https:\/\/dcv-books.com\/en\/produkt\/david-hockney-insights-reflecting-the-tate-collection\/\" \/>\n<meta property=\"og:site_name\" content=\"DCV\" \/>\n<meta property=\"og:image\" content=\"https:\/\/dcv-books.com\/wp-content\/uploads\/2022\/01\/9783969120675_web.jpg\" \/>\n\t<meta property=\"og:image:width\" content=\"500\" \/>\n\t<meta property=\"og:image:height\" content=\"631\" \/>\n\t<meta property=\"og:image:type\" content=\"image\/jpeg\" \/>\n<meta name=\"twitter:card\" content=\"summary_large_image\" \/>\n<meta name=\"twitter:label1\" content=\"Est. reading time\" \/>\n\t<meta name=\"twitter:data1\" content=\"3 minutes\" \/>\n<script type=\"application\/ld+json\" class=\"yoast-schema-graph\">{\"@context\":\"https:\/\/schema.org\",\"@graph\":[{\"@type\":\"WebPage\",\"@id\":\"https:\/\/dcv-books.com\/en\/produkt\/david-hockney-insights-reflecting-the-tate-collection\/\",\"url\":\"https:\/\/dcv-books.com\/en\/produkt\/david-hockney-insights-reflecting-the-tate-collection\/\",\"name\":\"David Hockney: Insights - Reflecting the Tate Collection - DCV\",\"isPartOf\":{\"@id\":\"https:\/\/dcv-books.com\/#website\"},\"primaryImageOfPage\":{\"@id\":\"https:\/\/dcv-books.com\/en\/produkt\/david-hockney-insights-reflecting-the-tate-collection\/#primaryimage\"},\"image\":{\"@id\":\"https:\/\/dcv-books.com\/en\/produkt\/david-hockney-insights-reflecting-the-tate-collection\/#primaryimage\"},\"thumbnailUrl\":\"https:\/\/dcv-books.com\/wp-content\/uploads\/2022\/01\/9783969120675_web.jpg\",\"datePublished\":\"2026-01-15T12:27:47+00:00\",\"description\":\"David Hockney \u2013 Insights: the volume documents central themes and genres in Hockney\u2019s oeuvre, as well as his constant experimentation.\",\"breadcrumb\":{\"@id\":\"https:\/\/dcv-books.com\/en\/produkt\/david-hockney-insights-reflecting-the-tate-collection\/#breadcrumb\"},\"inLanguage\":\"en-US\",\"potentialAction\":[{\"@type\":\"ReadAction\",\"target\":[\"https:\/\/dcv-books.com\/en\/produkt\/david-hockney-insights-reflecting-the-tate-collection\/\"]}]},{\"@type\":\"ImageObject\",\"inLanguage\":\"en-US\",\"@id\":\"https:\/\/dcv-books.com\/en\/produkt\/david-hockney-insights-reflecting-the-tate-collection\/#primaryimage\",\"url\":\"https:\/\/dcv-books.com\/wp-content\/uploads\/2022\/01\/9783969120675_web.jpg\",\"contentUrl\":\"https:\/\/dcv-books.com\/wp-content\/uploads\/2022\/01\/9783969120675_web.jpg\",\"width\":500,\"height\":631,\"caption\":\"David Hockney\"},{\"@type\":\"BreadcrumbList\",\"@id\":\"https:\/\/dcv-books.com\/en\/produkt\/david-hockney-insights-reflecting-the-tate-collection\/#breadcrumb\",\"itemListElement\":[{\"@type\":\"ListItem\",\"position\":1,\"name\":\"Startseite\",\"item\":\"https:\/\/dcv-books.com\/en\/\"},{\"@type\":\"ListItem\",\"position\":2,\"name\":\"David Hockney: Insights &#8211; Reflecting the Tate Collection\"}]},{\"@type\":\"WebSite\",\"@id\":\"https:\/\/dcv-books.com\/#website\",\"url\":\"https:\/\/dcv-books.com\/\",\"name\":\"DCV\",\"description\":\"Dr. Cantz&#039;sche Verlagsgesellschaft mbH &amp; Co. KG\",\"potentialAction\":[{\"@type\":\"SearchAction\",\"target\":{\"@type\":\"EntryPoint\",\"urlTemplate\":\"https:\/\/dcv-books.com\/?s={search_term_string}\"},\"query-input\":{\"@type\":\"PropertyValueSpecification\",\"valueRequired\":true,\"valueName\":\"search_term_string\"}}],\"inLanguage\":\"en-US\"}]}<\/script>\n<!-- \/ Yoast SEO plugin. -->","yoast_head_json":{"title":"David Hockney: Insights - Reflecting the Tate Collection - DCV","description":"David Hockney \u2013 Insights: the volume documents central themes and genres in Hockney\u2019s oeuvre, as well as his constant experimentation.","robots":{"index":"index","follow":"follow","max-snippet":"max-snippet:-1","max-image-preview":"max-image-preview:large","max-video-preview":"max-video-preview:-1"},"canonical":"https:\/\/dcv-books.com\/en\/produkt\/david-hockney-insights-reflecting-the-tate-collection\/","og_locale":"en_US","og_type":"article","og_title":"David Hockney: Insights - Reflecting the Tate Collection - DCV","og_description":"David Hockney \u2013 Insights: the volume documents central themes and genres in Hockney\u2019s oeuvre, as well as his constant experimentation.","og_url":"https:\/\/dcv-books.com\/en\/produkt\/david-hockney-insights-reflecting-the-tate-collection\/","og_site_name":"DCV","og_image":[{"width":500,"height":631,"url":"https:\/\/dcv-books.com\/wp-content\/uploads\/2022\/01\/9783969120675_web.jpg","type":"image\/jpeg"}],"twitter_card":"summary_large_image","twitter_misc":{"Est. reading time":"3 minutes"},"schema":{"@context":"https:\/\/schema.org","@graph":[{"@type":"WebPage","@id":"https:\/\/dcv-books.com\/en\/produkt\/david-hockney-insights-reflecting-the-tate-collection\/","url":"https:\/\/dcv-books.com\/en\/produkt\/david-hockney-insights-reflecting-the-tate-collection\/","name":"David Hockney: Insights - Reflecting the Tate Collection - DCV","isPartOf":{"@id":"https:\/\/dcv-books.com\/#website"},"primaryImageOfPage":{"@id":"https:\/\/dcv-books.com\/en\/produkt\/david-hockney-insights-reflecting-the-tate-collection\/#primaryimage"},"image":{"@id":"https:\/\/dcv-books.com\/en\/produkt\/david-hockney-insights-reflecting-the-tate-collection\/#primaryimage"},"thumbnailUrl":"https:\/\/dcv-books.com\/wp-content\/uploads\/2022\/01\/9783969120675_web.jpg","datePublished":"2026-01-15T12:27:47+00:00","description":"David Hockney \u2013 Insights: the volume documents central themes and genres in Hockney\u2019s oeuvre, as well as his constant experimentation.","breadcrumb":{"@id":"https:\/\/dcv-books.com\/en\/produkt\/david-hockney-insights-reflecting-the-tate-collection\/#breadcrumb"},"inLanguage":"en-US","potentialAction":[{"@type":"ReadAction","target":["https:\/\/dcv-books.com\/en\/produkt\/david-hockney-insights-reflecting-the-tate-collection\/"]}]},{"@type":"ImageObject","inLanguage":"en-US","@id":"https:\/\/dcv-books.com\/en\/produkt\/david-hockney-insights-reflecting-the-tate-collection\/#primaryimage","url":"https:\/\/dcv-books.com\/wp-content\/uploads\/2022\/01\/9783969120675_web.jpg","contentUrl":"https:\/\/dcv-books.com\/wp-content\/uploads\/2022\/01\/9783969120675_web.jpg","width":500,"height":631,"caption":"David Hockney"},{"@type":"BreadcrumbList","@id":"https:\/\/dcv-books.com\/en\/produkt\/david-hockney-insights-reflecting-the-tate-collection\/#breadcrumb","itemListElement":[{"@type":"ListItem","position":1,"name":"Startseite","item":"https:\/\/dcv-books.com\/en\/"},{"@type":"ListItem","position":2,"name":"David Hockney: Insights &#8211; Reflecting the Tate Collection"}]},{"@type":"WebSite","@id":"https:\/\/dcv-books.com\/#website","url":"https:\/\/dcv-books.com\/","name":"DCV","description":"Dr. Cantz&#039;sche Verlagsgesellschaft mbH &amp; Co. KG","potentialAction":[{"@type":"SearchAction","target":{"@type":"EntryPoint","urlTemplate":"https:\/\/dcv-books.com\/?s={search_term_string}"},"query-input":{"@type":"PropertyValueSpecification","valueRequired":true,"valueName":"search_term_string"}}],"inLanguage":"en-US"}]}},"_links":{"self":[{"href":"https:\/\/dcv-books.com\/en\/wp-json\/wp\/v2\/product\/16551","targetHints":{"allow":["GET"]}}],"collection":[{"href":"https:\/\/dcv-books.com\/en\/wp-json\/wp\/v2\/product"}],"about":[{"href":"https:\/\/dcv-books.com\/en\/wp-json\/wp\/v2\/types\/product"}],"wp:featuredmedia":[{"embeddable":true,"href":"https:\/\/dcv-books.com\/en\/wp-json\/wp\/v2\/media\/16565"}],"wp:attachment":[{"href":"https:\/\/dcv-books.com\/en\/wp-json\/wp\/v2\/media?parent=16551"}],"wp:term":[{"taxonomy":"product_brand","embeddable":true,"href":"https:\/\/dcv-books.com\/en\/wp-json\/wp\/v2\/product_brand?post=16551"},{"taxonomy":"product_cat","embeddable":true,"href":"https:\/\/dcv-books.com\/en\/wp-json\/wp\/v2\/product_cat?post=16551"},{"taxonomy":"product_tag","embeddable":true,"href":"https:\/\/dcv-books.com\/en\/wp-json\/wp\/v2\/product_tag?post=16551"}],"curies":[{"name":"wp","href":"https:\/\/api.w.org\/{rel}","templated":true}]}}