{"id":16496,"date":"2021-02-16T15:45:29","date_gmt":"2022-01-03T13:21:30","guid":{"rendered":"https:\/\/dcv-books.com\/?post_type=product&#038;p=16496"},"modified":"2024-12-16T13:57:04","modified_gmt":"2024-12-16T12:57:04","slug":"dissonance-platform-germany","status":"publish","type":"product","link":"https:\/\/dcv-books.com\/en\/produkt\/dissonance-platform-germany\/","title":{"rendered":"Dissonance &#8211;<br> Platform Germany"},"content":{"rendered":"<p><strong>Die Ver\u00e4nderung des Sehens \u2013 neue Malerei aus Deutschland<\/strong><\/p>\n<p>Deutschland ist seit der Wiedervereinigung zu einem bedeutenden Forum der internationalen Malerei geworden. Die Generation der in den 1970er und 1980er Jahren geborenen K\u00fcnstler:innen folgt keinen kollektiven Str\u00f6mungen und entzieht sich klar bestimmbaren Einfl\u00fcssen. Gleichwohl erfasst ihre Kunst die kulturellen und soziologischen Verschiebungen und Divergenzen seit dem Fall des Eisernen Vorhangs mit seismographischer Pr\u00e4zision.<\/p>\n<p>Die Herausgeber von <i>Dissonance \u2013 Platform Germany<\/i> pr\u00e4sentieren 81 der wichtigsten in Deutschland lebenden Maler:innen der letzten beiden Dekaden. Sie wagen ein Urteil, decken Unerwartetes auf und suchen den Mehrwert in \u00e4sthetisch mitrei\u00dfenden Leistungen programmatischer Pluralit\u00e4t. Ein wichtiges \u00dcberblickswerk zu einem der spannendsten Kapitel der j\u00fcngsten deutschen Kunstgeschichte. <i>Dissonance \u2013 Platform Germany<\/i><\/p>\n<p>Shara Hughes (geb. 1981 in Atlanta, lebt und arbeitet in New York) bezeichnet ihre Bilder und Zeichnungen als psychologische oder erfundene Landschaften. Die Gema\u0308lde nutzen, wie der New Yorker schrieb, \u201ealle mo\u0308glichen Tricks, um zu verfu\u0308hren, und schaffen es dennoch, als arglose Visionen von gar nicht so fernen Welten zu erscheinen\u201c. Mit O\u0308lfarbe, Pinsel, Spachtel und Spray zelebriert die Ku\u0308nstlerin die Malerei an sich und zitiert dabei nicht selten die Meister anderer Kunstepochen. Shara Hughes studierte an der Rhode Island School of Design und besuchte spa\u0308ter die Skowhegan School of Painting and Sculpture. Ihre neuesten Einzelausstellungen sind in der FLAG Art Foundation, New York, und im Kunstmuseum Luzern zu sehen.<\/p>\n<p>&nbsp;<\/p>\n<p>Der Entstehungsprozess bleibt ablesbar an den bruch-roh verbleibenden Teilen und den Spuren der verschiedenen Werkzeuge. Parallel und eng verwandt dazu entstehen Zeichnungen und Collagen als eigenst\u00e4ndige Werke oder als Bestandteile der Installationen. Formale Impulse des skulpturalen Konzepts werden dabei aufgegriffen, grafisch verarbeitet und zur\u00fcck projiziert in die plastische Arbeit. Das Buch zeigt mit zahlreichen Abbildungen Projekte aus sechs Jahrzehnten.<\/p>\n<p>Einige der gezeigten K\u00fcnstler:innen haben DCV eine Edition mit wenigen Unikaten zur Verf\u00fcgung gestellt, <a href=\"https:\/\/dcv-books.com\/editionen\/\">die Auswahl finden Sie hier<\/a>. <a href=\"https:\/\/oskagutheil.com\">Website K\u00fcnstler.<\/a><\/p>\n","protected":false},"excerpt":{"rendered":"<p><strong>A Changed Vision\u2014New Painting from Germany<\/strong><\/p>\n<p>Post-reunification Germany has emerged as an important forum for international painting. The generation of artists born in the 1970s and 1980s eschew alignment with collective tendencies and resist clearly definable influences. Meanwhile, their art has registered the cultural and sociological dislocations and divergences since the fall of the Iron Curtain with seismographic precision.<\/p>\n<p>The editors of <i>Dissonance \u2013 Platform Germany<\/i> present eighty-one of the most significant painters living and working in Germany in the past two decades. They have the courage of strong opinions, turn the spotlight on unsuspected treasures, and tease out the unexpected value in aesthetically thrilling achievements of programmatic pluralism. A vital survey of one of the most exciting chapters in the more recent history of art in Germany.<\/p>\n<p>Some of the presented artists have graciously agreed to allow DCV to release limited editions of their works, <a href=\"https:\/\/dcv-books.com\/en\/editions\/\">which you can find here<\/a>.<\/p>\n","protected":false},"featured_media":16498,"template":"","meta":{"_acf_changed":false},"product_brand":[],"product_cat":[2208,2212,2218,2213,2211],"product_tag":[3006,3061,2996,3007,3012,3014,3043,3003,3009,2963],"class_list":{"0":"post-16496","1":"product","2":"type-product","3":"status-publish","4":"has-post-thumbnail","6":"product_cat-all-books","7":"product_cat-installation-art","8":"product_cat-on-art","9":"product_cat-painting","10":"product_cat-photography","11":"product_tag-annedore-dietze-en","12":"product_tag-claudia-chaseling-en-2","13":"product_tag-emmanuel-bornstein-en","14":"product_tag-fritz-bornstueck-en","15":"product_tag-jan-zoeller-en","16":"product_tag-justine-otto-en","17":"product_tag-oska-gutheil-en","18":"product_tag-philip-groezinger-en","19":"product_tag-philipp-fuerhofer-en","20":"product_tag-slawomir-elsner-en","22":"first","23":"instock","24":"taxable","25":"shipping-taxable","26":"product-type-simple"},"acf":[],"yoast_head":"<!-- This site is optimized with the Yoast SEO plugin v27.1.1 - https:\/\/yoast.com\/product\/yoast-seo-wordpress\/ -->\n<title>Dissonance - Platform Germany - DCV<\/title>\n<meta name=\"description\" content=\"The editors of Dissonance \u2013 Platform Germany present eighty-one of the most significant painters living and working in Germany in the past two decades.\" \/>\n<meta name=\"robots\" content=\"index, follow, max-snippet:-1, max-image-preview:large, max-video-preview:-1\" \/>\n<link rel=\"canonical\" href=\"https:\/\/dcv-books.com\/en\/produkt\/dissonance-platform-germany\/\" \/>\n<meta property=\"og:locale\" content=\"en_US\" \/>\n<meta property=\"og:type\" content=\"article\" \/>\n<meta property=\"og:title\" content=\"Dissonance - Platform Germany - DCV\" \/>\n<meta property=\"og:description\" content=\"The editors of Dissonance \u2013 Platform Germany present eighty-one of the most significant painters living and working in Germany in the past two decades.\" \/>\n<meta property=\"og:url\" content=\"https:\/\/dcv-books.com\/en\/produkt\/dissonance-platform-germany\/\" \/>\n<meta property=\"og:site_name\" content=\"DCV\" \/>\n<meta property=\"article:modified_time\" content=\"2024-12-16T12:57:04+00:00\" \/>\n<meta property=\"og:image\" content=\"https:\/\/dcv-books.com\/wp-content\/uploads\/2022\/01\/cover-katalog.jpg\" \/>\n\t<meta property=\"og:image:width\" content=\"1625\" \/>\n\t<meta property=\"og:image:height\" content=\"2362\" \/>\n\t<meta property=\"og:image:type\" content=\"image\/jpeg\" \/>\n<meta name=\"twitter:card\" content=\"summary_large_image\" \/>\n<meta name=\"twitter:label1\" content=\"Est. reading time\" \/>\n\t<meta name=\"twitter:data1\" content=\"2 minutes\" \/>\n<script type=\"application\/ld+json\" class=\"yoast-schema-graph\">{\"@context\":\"https:\/\/schema.org\",\"@graph\":[{\"@type\":\"WebPage\",\"@id\":\"https:\/\/dcv-books.com\/en\/produkt\/dissonance-platform-germany\/\",\"url\":\"https:\/\/dcv-books.com\/en\/produkt\/dissonance-platform-germany\/\",\"name\":\"Dissonance - Platform Germany - DCV\",\"isPartOf\":{\"@id\":\"https:\/\/dcv-books.com\/#website\"},\"primaryImageOfPage\":{\"@id\":\"https:\/\/dcv-books.com\/en\/produkt\/dissonance-platform-germany\/#primaryimage\"},\"image\":{\"@id\":\"https:\/\/dcv-books.com\/en\/produkt\/dissonance-platform-germany\/#primaryimage\"},\"thumbnailUrl\":\"https:\/\/dcv-books.com\/wp-content\/uploads\/2022\/01\/cover-katalog.jpg\",\"datePublished\":\"2022-01-03T13:21:30+00:00\",\"dateModified\":\"2024-12-16T12:57:04+00:00\",\"description\":\"The editors of Dissonance \u2013 Platform Germany present eighty-one of the most significant painters living and working in Germany in the past two decades.\",\"breadcrumb\":{\"@id\":\"https:\/\/dcv-books.com\/en\/produkt\/dissonance-platform-germany\/#breadcrumb\"},\"inLanguage\":\"en-US\",\"potentialAction\":[{\"@type\":\"ReadAction\",\"target\":[\"https:\/\/dcv-books.com\/en\/produkt\/dissonance-platform-germany\/\"]}]},{\"@type\":\"ImageObject\",\"inLanguage\":\"en-US\",\"@id\":\"https:\/\/dcv-books.com\/en\/produkt\/dissonance-platform-germany\/#primaryimage\",\"url\":\"https:\/\/dcv-books.com\/wp-content\/uploads\/2022\/01\/cover-katalog.jpg\",\"contentUrl\":\"https:\/\/dcv-books.com\/wp-content\/uploads\/2022\/01\/cover-katalog.jpg\",\"width\":1625,\"height\":2362,\"caption\":\"Dissonance Platform Germany\"},{\"@type\":\"BreadcrumbList\",\"@id\":\"https:\/\/dcv-books.com\/en\/produkt\/dissonance-platform-germany\/#breadcrumb\",\"itemListElement\":[{\"@type\":\"ListItem\",\"position\":1,\"name\":\"Startseite\",\"item\":\"https:\/\/dcv-books.com\/en\/\"},{\"@type\":\"ListItem\",\"position\":2,\"name\":\"Dissonance &#8211; Platform Germany\"}]},{\"@type\":\"WebSite\",\"@id\":\"https:\/\/dcv-books.com\/#website\",\"url\":\"https:\/\/dcv-books.com\/\",\"name\":\"DCV\",\"description\":\"Dr. Cantz&#039;sche Verlagsgesellschaft mbH &amp; Co. KG\",\"potentialAction\":[{\"@type\":\"SearchAction\",\"target\":{\"@type\":\"EntryPoint\",\"urlTemplate\":\"https:\/\/dcv-books.com\/?s={search_term_string}\"},\"query-input\":{\"@type\":\"PropertyValueSpecification\",\"valueRequired\":true,\"valueName\":\"search_term_string\"}}],\"inLanguage\":\"en-US\"}]}<\/script>\n<!-- \/ Yoast SEO plugin. -->","yoast_head_json":{"title":"Dissonance - Platform Germany - DCV","description":"The editors of Dissonance \u2013 Platform Germany present eighty-one of the most significant painters living and working in Germany in the past two decades.","robots":{"index":"index","follow":"follow","max-snippet":"max-snippet:-1","max-image-preview":"max-image-preview:large","max-video-preview":"max-video-preview:-1"},"canonical":"https:\/\/dcv-books.com\/en\/produkt\/dissonance-platform-germany\/","og_locale":"en_US","og_type":"article","og_title":"Dissonance - Platform Germany - DCV","og_description":"The editors of Dissonance \u2013 Platform Germany present eighty-one of the most significant painters living and working in Germany in the past two decades.","og_url":"https:\/\/dcv-books.com\/en\/produkt\/dissonance-platform-germany\/","og_site_name":"DCV","article_modified_time":"2024-12-16T12:57:04+00:00","og_image":[{"width":1625,"height":2362,"url":"https:\/\/dcv-books.com\/wp-content\/uploads\/2022\/01\/cover-katalog.jpg","type":"image\/jpeg"}],"twitter_card":"summary_large_image","twitter_misc":{"Est. reading time":"2 minutes"},"schema":{"@context":"https:\/\/schema.org","@graph":[{"@type":"WebPage","@id":"https:\/\/dcv-books.com\/en\/produkt\/dissonance-platform-germany\/","url":"https:\/\/dcv-books.com\/en\/produkt\/dissonance-platform-germany\/","name":"Dissonance - Platform Germany - DCV","isPartOf":{"@id":"https:\/\/dcv-books.com\/#website"},"primaryImageOfPage":{"@id":"https:\/\/dcv-books.com\/en\/produkt\/dissonance-platform-germany\/#primaryimage"},"image":{"@id":"https:\/\/dcv-books.com\/en\/produkt\/dissonance-platform-germany\/#primaryimage"},"thumbnailUrl":"https:\/\/dcv-books.com\/wp-content\/uploads\/2022\/01\/cover-katalog.jpg","datePublished":"2022-01-03T13:21:30+00:00","dateModified":"2024-12-16T12:57:04+00:00","description":"The editors of Dissonance \u2013 Platform Germany present eighty-one of the most significant painters living and working in Germany in the past two decades.","breadcrumb":{"@id":"https:\/\/dcv-books.com\/en\/produkt\/dissonance-platform-germany\/#breadcrumb"},"inLanguage":"en-US","potentialAction":[{"@type":"ReadAction","target":["https:\/\/dcv-books.com\/en\/produkt\/dissonance-platform-germany\/"]}]},{"@type":"ImageObject","inLanguage":"en-US","@id":"https:\/\/dcv-books.com\/en\/produkt\/dissonance-platform-germany\/#primaryimage","url":"https:\/\/dcv-books.com\/wp-content\/uploads\/2022\/01\/cover-katalog.jpg","contentUrl":"https:\/\/dcv-books.com\/wp-content\/uploads\/2022\/01\/cover-katalog.jpg","width":1625,"height":2362,"caption":"Dissonance Platform Germany"},{"@type":"BreadcrumbList","@id":"https:\/\/dcv-books.com\/en\/produkt\/dissonance-platform-germany\/#breadcrumb","itemListElement":[{"@type":"ListItem","position":1,"name":"Startseite","item":"https:\/\/dcv-books.com\/en\/"},{"@type":"ListItem","position":2,"name":"Dissonance &#8211; Platform Germany"}]},{"@type":"WebSite","@id":"https:\/\/dcv-books.com\/#website","url":"https:\/\/dcv-books.com\/","name":"DCV","description":"Dr. Cantz&#039;sche Verlagsgesellschaft mbH &amp; Co. KG","potentialAction":[{"@type":"SearchAction","target":{"@type":"EntryPoint","urlTemplate":"https:\/\/dcv-books.com\/?s={search_term_string}"},"query-input":{"@type":"PropertyValueSpecification","valueRequired":true,"valueName":"search_term_string"}}],"inLanguage":"en-US"}]}},"_links":{"self":[{"href":"https:\/\/dcv-books.com\/en\/wp-json\/wp\/v2\/product\/16496","targetHints":{"allow":["GET"]}}],"collection":[{"href":"https:\/\/dcv-books.com\/en\/wp-json\/wp\/v2\/product"}],"about":[{"href":"https:\/\/dcv-books.com\/en\/wp-json\/wp\/v2\/types\/product"}],"wp:featuredmedia":[{"embeddable":true,"href":"https:\/\/dcv-books.com\/en\/wp-json\/wp\/v2\/media\/16498"}],"wp:attachment":[{"href":"https:\/\/dcv-books.com\/en\/wp-json\/wp\/v2\/media?parent=16496"}],"wp:term":[{"taxonomy":"product_brand","embeddable":true,"href":"https:\/\/dcv-books.com\/en\/wp-json\/wp\/v2\/product_brand?post=16496"},{"taxonomy":"product_cat","embeddable":true,"href":"https:\/\/dcv-books.com\/en\/wp-json\/wp\/v2\/product_cat?post=16496"},{"taxonomy":"product_tag","embeddable":true,"href":"https:\/\/dcv-books.com\/en\/wp-json\/wp\/v2\/product_tag?post=16496"}],"curies":[{"name":"wp","href":"https:\/\/api.w.org\/{rel}","templated":true}]}}