{"id":16356,"date":"2021-02-16T15:40:58","date_gmt":"2021-12-13T14:43:57","guid":{"rendered":"https:\/\/dcv-books.com\/?post_type=product&#038;p=16356"},"modified":"2023-03-30T15:20:28","modified_gmt":"2023-03-30T13:20:28","slug":"sabrina-fritsch-syntaxerror","status":"publish","type":"product","link":"https:\/\/dcv-books.com\/en\/produkt\/sabrina-fritsch-syntaxerror\/","title":{"rendered":"Sabrina Fritsch &#8211;<br> syntaxerror"},"content":{"rendered":"<p>Sabrina Fritsch\u2019s (b. Neunkirchen\/Saar, 1979; lives and works in Cologne) paintings explore the potentials of the compositional process and the mechanisms of perception. Many of them feature coarse structures, textile surfaces, and delicate superimpositions. In this publication, Fritsch, who was recently appointed professor at the D\u00fcsseldorf Academy of Fine Arts, presents a r\u00e9sum\u00e9 of the painterly oeuvre she has developed since her graduation from the same school in 2008. It encompasses two related books, each of which undertakes a structured study of a major strand in Fritsch\u2019s art. One offers a chronological survey of a representative selection of works created between 2008 and 2019 that illustrate her playful and experimental engagement with the constituents of the painted picture: the picture-as-object, the organization of pictorial space, and the phenomenology of physical color. In addition to works on canvas boasting a wide variety of applications of materials and paint, it also covers serial variations in prints. The other showcases three exhibitions and bodies of work dating from 2020 and 2021 that are dedicated to the three color systems RGB, black-and-white (BAW), and CMYK.<\/p>\n","protected":false},"excerpt":{"rendered":"<p>Sabrina Fritsch\u2019s (b. Neunkirchen\/Saar, 1979; lives and works in Cologne) paintings explore the potentials of the compositional process and the mechanisms of perception. Many of them feature coarse structures, textile surfaces, and delicate superimpositions. In this publication, Fritsch, who was recently appointed professor at the D\u00fcsseldorf Academy of Fine Arts, presents a r\u00e9sum\u00e9 of the painterly oeuvre she has developed since her graduation from the same school in 2008. It encompasses two related books, each of which undertakes a structured study of a major strand in Fritsch\u2019s art. One offers a chronological survey of a representative selection of works created between 2008 and 2019 that illustrate her playful and experimental engagement with the constituents of the painted picture: the picture-as-object, the organization of pictorial space, and the phenomenology of physical color. In addition to works on canvas boasting a wide variety of applications of materials and paint, it also covers serial variations in prints. The other showcases three exhibitions and bodies of work dating from 2020 and 2021 that are dedicated to the three color systems RGB, black-and-white (BAW), and CMYK.<\/p>\n","protected":false},"featured_media":16358,"template":"","meta":{"_acf_changed":false},"product_brand":[],"product_cat":[2208,2213],"product_tag":[],"class_list":{"0":"post-16356","1":"product","2":"type-product","3":"status-publish","4":"has-post-thumbnail","6":"product_cat-all-books","7":"product_cat-painting","9":"first","10":"instock","11":"taxable","12":"shipping-taxable","13":"purchasable","14":"product-type-simple"},"acf":[],"yoast_head":"<!-- This site is optimized with the Yoast SEO plugin v27.1.1 - https:\/\/yoast.com\/product\/yoast-seo-wordpress\/ -->\n<title>Sabrina Fritsch - syntaxerror - DCV<\/title>\n<meta name=\"description\" content=\"Sabrina Fritsch\u2019s (b. Neunkirchen\/Saar, 1979) paintings explore the potentials of the compositional process and the mechanisms of perception.\" \/>\n<meta name=\"robots\" content=\"index, follow, max-snippet:-1, max-image-preview:large, max-video-preview:-1\" \/>\n<link rel=\"canonical\" href=\"https:\/\/dcv-books.com\/en\/produkt\/sabrina-fritsch-syntaxerror\/\" \/>\n<meta property=\"og:locale\" content=\"en_US\" \/>\n<meta property=\"og:type\" content=\"article\" \/>\n<meta property=\"og:title\" content=\"Sabrina Fritsch - syntaxerror - DCV\" \/>\n<meta property=\"og:description\" content=\"Sabrina Fritsch\u2019s (b. Neunkirchen\/Saar, 1979) paintings explore the potentials of the compositional process and the mechanisms of perception.\" \/>\n<meta property=\"og:url\" content=\"https:\/\/dcv-books.com\/en\/produkt\/sabrina-fritsch-syntaxerror\/\" \/>\n<meta property=\"og:site_name\" content=\"DCV\" \/>\n<meta property=\"article:modified_time\" content=\"2023-03-30T13:20:28+00:00\" \/>\n<meta property=\"og:image\" content=\"https:\/\/dcv-books.com\/wp-content\/uploads\/2021\/12\/COVER_SYNTAXERROR-1-scaled.jpg\" \/>\n\t<meta property=\"og:image:width\" content=\"1761\" \/>\n\t<meta property=\"og:image:height\" content=\"2560\" \/>\n\t<meta property=\"og:image:type\" content=\"image\/jpeg\" \/>\n<meta name=\"twitter:card\" content=\"summary_large_image\" \/>\n<meta name=\"twitter:label1\" content=\"Est. reading time\" \/>\n\t<meta name=\"twitter:data1\" content=\"2 minutes\" \/>\n<script type=\"application\/ld+json\" class=\"yoast-schema-graph\">{\"@context\":\"https:\/\/schema.org\",\"@graph\":[{\"@type\":\"WebPage\",\"@id\":\"https:\/\/dcv-books.com\/en\/produkt\/sabrina-fritsch-syntaxerror\/\",\"url\":\"https:\/\/dcv-books.com\/en\/produkt\/sabrina-fritsch-syntaxerror\/\",\"name\":\"Sabrina Fritsch - syntaxerror - DCV\",\"isPartOf\":{\"@id\":\"https:\/\/dcv-books.com\/#website\"},\"primaryImageOfPage\":{\"@id\":\"https:\/\/dcv-books.com\/en\/produkt\/sabrina-fritsch-syntaxerror\/#primaryimage\"},\"image\":{\"@id\":\"https:\/\/dcv-books.com\/en\/produkt\/sabrina-fritsch-syntaxerror\/#primaryimage\"},\"thumbnailUrl\":\"https:\/\/dcv-books.com\/wp-content\/uploads\/2021\/12\/COVER_SYNTAXERROR-1-scaled.jpg\",\"datePublished\":\"2021-12-13T14:43:57+00:00\",\"dateModified\":\"2023-03-30T13:20:28+00:00\",\"description\":\"Sabrina Fritsch\u2019s (b. Neunkirchen\/Saar, 1979) paintings explore the potentials of the compositional process and the mechanisms of perception.\",\"breadcrumb\":{\"@id\":\"https:\/\/dcv-books.com\/en\/produkt\/sabrina-fritsch-syntaxerror\/#breadcrumb\"},\"inLanguage\":\"en-US\",\"potentialAction\":[{\"@type\":\"ReadAction\",\"target\":[\"https:\/\/dcv-books.com\/en\/produkt\/sabrina-fritsch-syntaxerror\/\"]}]},{\"@type\":\"ImageObject\",\"inLanguage\":\"en-US\",\"@id\":\"https:\/\/dcv-books.com\/en\/produkt\/sabrina-fritsch-syntaxerror\/#primaryimage\",\"url\":\"https:\/\/dcv-books.com\/wp-content\/uploads\/2021\/12\/COVER_SYNTAXERROR-1-scaled.jpg\",\"contentUrl\":\"https:\/\/dcv-books.com\/wp-content\/uploads\/2021\/12\/COVER_SYNTAXERROR-1-scaled.jpg\",\"width\":1761,\"height\":2560},{\"@type\":\"BreadcrumbList\",\"@id\":\"https:\/\/dcv-books.com\/en\/produkt\/sabrina-fritsch-syntaxerror\/#breadcrumb\",\"itemListElement\":[{\"@type\":\"ListItem\",\"position\":1,\"name\":\"Startseite\",\"item\":\"https:\/\/dcv-books.com\/en\/\"},{\"@type\":\"ListItem\",\"position\":2,\"name\":\"Sabrina Fritsch &#8211; syntaxerror\"}]},{\"@type\":\"WebSite\",\"@id\":\"https:\/\/dcv-books.com\/#website\",\"url\":\"https:\/\/dcv-books.com\/\",\"name\":\"DCV\",\"description\":\"Dr. Cantz&#039;sche Verlagsgesellschaft mbH &amp; Co. KG\",\"potentialAction\":[{\"@type\":\"SearchAction\",\"target\":{\"@type\":\"EntryPoint\",\"urlTemplate\":\"https:\/\/dcv-books.com\/?s={search_term_string}\"},\"query-input\":{\"@type\":\"PropertyValueSpecification\",\"valueRequired\":true,\"valueName\":\"search_term_string\"}}],\"inLanguage\":\"en-US\"}]}<\/script>\n<!-- \/ Yoast SEO plugin. -->","yoast_head_json":{"title":"Sabrina Fritsch - syntaxerror - DCV","description":"Sabrina Fritsch\u2019s (b. Neunkirchen\/Saar, 1979) paintings explore the potentials of the compositional process and the mechanisms of perception.","robots":{"index":"index","follow":"follow","max-snippet":"max-snippet:-1","max-image-preview":"max-image-preview:large","max-video-preview":"max-video-preview:-1"},"canonical":"https:\/\/dcv-books.com\/en\/produkt\/sabrina-fritsch-syntaxerror\/","og_locale":"en_US","og_type":"article","og_title":"Sabrina Fritsch - syntaxerror - DCV","og_description":"Sabrina Fritsch\u2019s (b. Neunkirchen\/Saar, 1979) paintings explore the potentials of the compositional process and the mechanisms of perception.","og_url":"https:\/\/dcv-books.com\/en\/produkt\/sabrina-fritsch-syntaxerror\/","og_site_name":"DCV","article_modified_time":"2023-03-30T13:20:28+00:00","og_image":[{"width":1761,"height":2560,"url":"https:\/\/dcv-books.com\/wp-content\/uploads\/2021\/12\/COVER_SYNTAXERROR-1-scaled.jpg","type":"image\/jpeg"}],"twitter_card":"summary_large_image","twitter_misc":{"Est. reading time":"2 minutes"},"schema":{"@context":"https:\/\/schema.org","@graph":[{"@type":"WebPage","@id":"https:\/\/dcv-books.com\/en\/produkt\/sabrina-fritsch-syntaxerror\/","url":"https:\/\/dcv-books.com\/en\/produkt\/sabrina-fritsch-syntaxerror\/","name":"Sabrina Fritsch - syntaxerror - DCV","isPartOf":{"@id":"https:\/\/dcv-books.com\/#website"},"primaryImageOfPage":{"@id":"https:\/\/dcv-books.com\/en\/produkt\/sabrina-fritsch-syntaxerror\/#primaryimage"},"image":{"@id":"https:\/\/dcv-books.com\/en\/produkt\/sabrina-fritsch-syntaxerror\/#primaryimage"},"thumbnailUrl":"https:\/\/dcv-books.com\/wp-content\/uploads\/2021\/12\/COVER_SYNTAXERROR-1-scaled.jpg","datePublished":"2021-12-13T14:43:57+00:00","dateModified":"2023-03-30T13:20:28+00:00","description":"Sabrina Fritsch\u2019s (b. Neunkirchen\/Saar, 1979) paintings explore the potentials of the compositional process and the mechanisms of perception.","breadcrumb":{"@id":"https:\/\/dcv-books.com\/en\/produkt\/sabrina-fritsch-syntaxerror\/#breadcrumb"},"inLanguage":"en-US","potentialAction":[{"@type":"ReadAction","target":["https:\/\/dcv-books.com\/en\/produkt\/sabrina-fritsch-syntaxerror\/"]}]},{"@type":"ImageObject","inLanguage":"en-US","@id":"https:\/\/dcv-books.com\/en\/produkt\/sabrina-fritsch-syntaxerror\/#primaryimage","url":"https:\/\/dcv-books.com\/wp-content\/uploads\/2021\/12\/COVER_SYNTAXERROR-1-scaled.jpg","contentUrl":"https:\/\/dcv-books.com\/wp-content\/uploads\/2021\/12\/COVER_SYNTAXERROR-1-scaled.jpg","width":1761,"height":2560},{"@type":"BreadcrumbList","@id":"https:\/\/dcv-books.com\/en\/produkt\/sabrina-fritsch-syntaxerror\/#breadcrumb","itemListElement":[{"@type":"ListItem","position":1,"name":"Startseite","item":"https:\/\/dcv-books.com\/en\/"},{"@type":"ListItem","position":2,"name":"Sabrina Fritsch &#8211; syntaxerror"}]},{"@type":"WebSite","@id":"https:\/\/dcv-books.com\/#website","url":"https:\/\/dcv-books.com\/","name":"DCV","description":"Dr. Cantz&#039;sche Verlagsgesellschaft mbH &amp; Co. KG","potentialAction":[{"@type":"SearchAction","target":{"@type":"EntryPoint","urlTemplate":"https:\/\/dcv-books.com\/?s={search_term_string}"},"query-input":{"@type":"PropertyValueSpecification","valueRequired":true,"valueName":"search_term_string"}}],"inLanguage":"en-US"}]}},"_links":{"self":[{"href":"https:\/\/dcv-books.com\/en\/wp-json\/wp\/v2\/product\/16356","targetHints":{"allow":["GET"]}}],"collection":[{"href":"https:\/\/dcv-books.com\/en\/wp-json\/wp\/v2\/product"}],"about":[{"href":"https:\/\/dcv-books.com\/en\/wp-json\/wp\/v2\/types\/product"}],"wp:featuredmedia":[{"embeddable":true,"href":"https:\/\/dcv-books.com\/en\/wp-json\/wp\/v2\/media\/16358"}],"wp:attachment":[{"href":"https:\/\/dcv-books.com\/en\/wp-json\/wp\/v2\/media?parent=16356"}],"wp:term":[{"taxonomy":"product_brand","embeddable":true,"href":"https:\/\/dcv-books.com\/en\/wp-json\/wp\/v2\/product_brand?post=16356"},{"taxonomy":"product_cat","embeddable":true,"href":"https:\/\/dcv-books.com\/en\/wp-json\/wp\/v2\/product_cat?post=16356"},{"taxonomy":"product_tag","embeddable":true,"href":"https:\/\/dcv-books.com\/en\/wp-json\/wp\/v2\/product_tag?post=16356"}],"curies":[{"name":"wp","href":"https:\/\/api.w.org\/{rel}","templated":true}]}}