{"id":16166,"date":"2021-02-16T15:15:30","date_gmt":"2021-12-01T15:06:31","guid":{"rendered":"https:\/\/dcv-books.com\/?post_type=product&#038;p=16166"},"modified":"2022-08-19T14:54:38","modified_gmt":"2022-08-19T12:54:38","slug":"on-trickling-away-zeitkonzepte-der-gegenwartskunst","status":"publish","type":"product","link":"https:\/\/dcv-books.com\/en\/produkt\/on-trickling-away-zeitkonzepte-der-gegenwartskunst\/","title":{"rendered":"On Trickling Away &#8211;<br> Concepts of Time in Contemporary Art"},"content":{"rendered":"<p>Time, like space, is one of the key coordinates of human existence. The great mysteries of our lives revolve around it, only to remain unresolved when death inevitably ends our days. What is time\u2019s role in art? The vanitas, a genre that was popular with painters in the seventeenth century, is hardly the earliest form that artists have devised to grapple with it. Holger Kube Ventura\u2019s book <em>On Trickling Away. Concepts of Time in Contemporary Art <\/em>presents the ideas of contemporary artists who approach time from diverse angles. In the twenty-first century, their interest appears to have shifted from visualizations of future raptures to visions of slowness, of the distension, repetition, and standstill of moments in time. Bernard Aubertin (FR), Inge Dick (AT), Rom Gaastra (NL), Gosbert Gottmann (DE), Tommi Gr\u00f6nlund &amp; Petteri Nisunen (FI), Manuela Kasemir (DE), Timo Klos (DE), Dimitry Orlac (FR), George Rickey (US), Patrik S\u00f6derlund &amp; Visa Suonp\u00e4\u00e4 (FI), and John Woodman (UK) hone our awareness of how subjective the passage of time is and convey vivid experiences of its trickling away.<\/p>\n","protected":false},"excerpt":{"rendered":"<p>Time, like space, is one of the key coordinates of human existence. The great mysteries of our lives revolve around it, only to remain unresolved when death inevitably ends our days. What is time\u2019s role in art? The vanitas, a genre that was popular with painters in the seventeenth century, is hardly the earliest form that artists have devised to grapple with it. Holger Kube Ventura\u2019s book <em>On Trickling Away. Concepts of Time in Contemporary Art <\/em>presents the ideas of contemporary artists who approach time from diverse angles. In the twenty-first century, their interest appears to have shifted from visualizations of future raptures to visions of slowness, of the distension, repetition, and standstill of moments in time. Bernard Aubertin (FR), Inge Dick (AT), Rom Gaastra (NL), Gosbert Gottmann (DE), Tommi Gr\u00f6nlund &amp; Petteri Nisunen (FI), Manuela Kasemir (DE), Timo Klos (DE), Dimitry Orlac (FR), George Rickey (US), Patrik S\u00f6derlund &amp; Visa Suonp\u00e4\u00e4 (FI), and John Woodman (UK) hone our awareness of how subjective the passage of time is and convey vivid experiences of its trickling away.<\/p>\n","protected":false},"featured_media":16181,"template":"","meta":{"_acf_changed":false},"product_brand":[],"product_cat":[2208,2218],"product_tag":[],"class_list":{"0":"post-16166","1":"product","2":"type-product","3":"status-publish","4":"has-post-thumbnail","6":"product_cat-all-books","7":"product_cat-on-art","9":"first","10":"instock","11":"taxable","12":"shipping-taxable","13":"purchasable","14":"product-type-simple"},"acf":[],"yoast_head":"<!-- This site is optimized with the Yoast SEO plugin v27.5 - https:\/\/yoast.com\/product\/yoast-seo-wordpress\/ -->\n<title>On Trickling Away - Concepts of Time in Contemporary Art - DCV<\/title>\n<meta name=\"description\" content=\"On Trickling Away. Concepts of Time in Contemporary Art presents the ideas of contemporary artists who approach time from diverse angles.\" \/>\n<meta name=\"robots\" content=\"index, follow, max-snippet:-1, max-image-preview:large, max-video-preview:-1\" \/>\n<link rel=\"canonical\" href=\"https:\/\/dcv-books.com\/en\/produkt\/on-trickling-away-zeitkonzepte-der-gegenwartskunst\/\" \/>\n<meta property=\"og:locale\" content=\"en_US\" \/>\n<meta property=\"og:type\" content=\"article\" \/>\n<meta property=\"og:title\" content=\"On Trickling Away - Concepts of Time in Contemporary Art - DCV\" \/>\n<meta property=\"og:description\" content=\"On Trickling Away. Concepts of Time in Contemporary Art presents the ideas of contemporary artists who approach time from diverse angles.\" \/>\n<meta property=\"og:url\" content=\"https:\/\/dcv-books.com\/en\/produkt\/on-trickling-away-zeitkonzepte-der-gegenwartskunst\/\" \/>\n<meta property=\"og:site_name\" content=\"DCV\" \/>\n<meta property=\"article:modified_time\" content=\"2022-08-19T12:54:38+00:00\" \/>\n<meta property=\"og:image\" content=\"https:\/\/dcv-books.com\/wp-content\/uploads\/2021\/12\/DCV_Vom_Verrinnen_Cover-scaled.jpg\" \/>\n\t<meta property=\"og:image:width\" content=\"1871\" \/>\n\t<meta property=\"og:image:height\" content=\"2560\" \/>\n\t<meta property=\"og:image:type\" content=\"image\/jpeg\" \/>\n<meta name=\"twitter:card\" content=\"summary_large_image\" \/>\n<meta name=\"twitter:label1\" content=\"Est. reading time\" \/>\n\t<meta name=\"twitter:data1\" content=\"1 minute\" \/>\n<script type=\"application\/ld+json\" class=\"yoast-schema-graph\">{\"@context\":\"https:\\\/\\\/schema.org\",\"@graph\":[{\"@type\":\"WebPage\",\"@id\":\"https:\\\/\\\/dcv-books.com\\\/en\\\/produkt\\\/on-trickling-away-zeitkonzepte-der-gegenwartskunst\\\/\",\"url\":\"https:\\\/\\\/dcv-books.com\\\/en\\\/produkt\\\/on-trickling-away-zeitkonzepte-der-gegenwartskunst\\\/\",\"name\":\"On Trickling Away - Concepts of Time in Contemporary Art - DCV\",\"isPartOf\":{\"@id\":\"https:\\\/\\\/dcv-books.com\\\/#website\"},\"primaryImageOfPage\":{\"@id\":\"https:\\\/\\\/dcv-books.com\\\/en\\\/produkt\\\/on-trickling-away-zeitkonzepte-der-gegenwartskunst\\\/#primaryimage\"},\"image\":{\"@id\":\"https:\\\/\\\/dcv-books.com\\\/en\\\/produkt\\\/on-trickling-away-zeitkonzepte-der-gegenwartskunst\\\/#primaryimage\"},\"thumbnailUrl\":\"https:\\\/\\\/dcv-books.com\\\/wp-content\\\/uploads\\\/2021\\\/12\\\/DCV_Vom_Verrinnen_Cover-scaled.jpg\",\"datePublished\":\"2021-12-01T15:06:31+00:00\",\"dateModified\":\"2022-08-19T12:54:38+00:00\",\"description\":\"On Trickling Away. Concepts of Time in Contemporary Art presents the ideas of contemporary artists who approach time from diverse angles.\",\"breadcrumb\":{\"@id\":\"https:\\\/\\\/dcv-books.com\\\/en\\\/produkt\\\/on-trickling-away-zeitkonzepte-der-gegenwartskunst\\\/#breadcrumb\"},\"inLanguage\":\"en-US\",\"potentialAction\":[{\"@type\":\"ReadAction\",\"target\":[\"https:\\\/\\\/dcv-books.com\\\/en\\\/produkt\\\/on-trickling-away-zeitkonzepte-der-gegenwartskunst\\\/\"]}]},{\"@type\":\"ImageObject\",\"inLanguage\":\"en-US\",\"@id\":\"https:\\\/\\\/dcv-books.com\\\/en\\\/produkt\\\/on-trickling-away-zeitkonzepte-der-gegenwartskunst\\\/#primaryimage\",\"url\":\"https:\\\/\\\/dcv-books.com\\\/wp-content\\\/uploads\\\/2021\\\/12\\\/DCV_Vom_Verrinnen_Cover-scaled.jpg\",\"contentUrl\":\"https:\\\/\\\/dcv-books.com\\\/wp-content\\\/uploads\\\/2021\\\/12\\\/DCV_Vom_Verrinnen_Cover-scaled.jpg\",\"width\":1871,\"height\":2560,\"caption\":\"Zeitkonzepte der Gegenwartskunst\"},{\"@type\":\"BreadcrumbList\",\"@id\":\"https:\\\/\\\/dcv-books.com\\\/en\\\/produkt\\\/on-trickling-away-zeitkonzepte-der-gegenwartskunst\\\/#breadcrumb\",\"itemListElement\":[{\"@type\":\"ListItem\",\"position\":1,\"name\":\"Startseite\",\"item\":\"https:\\\/\\\/dcv-books.com\\\/en\\\/\"},{\"@type\":\"ListItem\",\"position\":2,\"name\":\"On Trickling Away &#8211; Concepts of Time in Contemporary Art\"}]},{\"@type\":\"WebSite\",\"@id\":\"https:\\\/\\\/dcv-books.com\\\/#website\",\"url\":\"https:\\\/\\\/dcv-books.com\\\/\",\"name\":\"DCV\",\"description\":\"Dr. Cantz&#039;sche Verlagsgesellschaft mbH &amp; Co. KG\",\"potentialAction\":[{\"@type\":\"SearchAction\",\"target\":{\"@type\":\"EntryPoint\",\"urlTemplate\":\"https:\\\/\\\/dcv-books.com\\\/?s={search_term_string}\"},\"query-input\":{\"@type\":\"PropertyValueSpecification\",\"valueRequired\":true,\"valueName\":\"search_term_string\"}}],\"inLanguage\":\"en-US\"}]}<\/script>\n<!-- \/ Yoast SEO plugin. -->","yoast_head_json":{"title":"On Trickling Away - Concepts of Time in Contemporary Art - DCV","description":"On Trickling Away. Concepts of Time in Contemporary Art presents the ideas of contemporary artists who approach time from diverse angles.","robots":{"index":"index","follow":"follow","max-snippet":"max-snippet:-1","max-image-preview":"max-image-preview:large","max-video-preview":"max-video-preview:-1"},"canonical":"https:\/\/dcv-books.com\/en\/produkt\/on-trickling-away-zeitkonzepte-der-gegenwartskunst\/","og_locale":"en_US","og_type":"article","og_title":"On Trickling Away - Concepts of Time in Contemporary Art - DCV","og_description":"On Trickling Away. Concepts of Time in Contemporary Art presents the ideas of contemporary artists who approach time from diverse angles.","og_url":"https:\/\/dcv-books.com\/en\/produkt\/on-trickling-away-zeitkonzepte-der-gegenwartskunst\/","og_site_name":"DCV","article_modified_time":"2022-08-19T12:54:38+00:00","og_image":[{"width":1871,"height":2560,"url":"https:\/\/dcv-books.com\/wp-content\/uploads\/2021\/12\/DCV_Vom_Verrinnen_Cover-scaled.jpg","type":"image\/jpeg"}],"twitter_card":"summary_large_image","twitter_misc":{"Est. reading time":"1 minute"},"schema":{"@context":"https:\/\/schema.org","@graph":[{"@type":"WebPage","@id":"https:\/\/dcv-books.com\/en\/produkt\/on-trickling-away-zeitkonzepte-der-gegenwartskunst\/","url":"https:\/\/dcv-books.com\/en\/produkt\/on-trickling-away-zeitkonzepte-der-gegenwartskunst\/","name":"On Trickling Away - Concepts of Time in Contemporary Art - DCV","isPartOf":{"@id":"https:\/\/dcv-books.com\/#website"},"primaryImageOfPage":{"@id":"https:\/\/dcv-books.com\/en\/produkt\/on-trickling-away-zeitkonzepte-der-gegenwartskunst\/#primaryimage"},"image":{"@id":"https:\/\/dcv-books.com\/en\/produkt\/on-trickling-away-zeitkonzepte-der-gegenwartskunst\/#primaryimage"},"thumbnailUrl":"https:\/\/dcv-books.com\/wp-content\/uploads\/2021\/12\/DCV_Vom_Verrinnen_Cover-scaled.jpg","datePublished":"2021-12-01T15:06:31+00:00","dateModified":"2022-08-19T12:54:38+00:00","description":"On Trickling Away. Concepts of Time in Contemporary Art presents the ideas of contemporary artists who approach time from diverse angles.","breadcrumb":{"@id":"https:\/\/dcv-books.com\/en\/produkt\/on-trickling-away-zeitkonzepte-der-gegenwartskunst\/#breadcrumb"},"inLanguage":"en-US","potentialAction":[{"@type":"ReadAction","target":["https:\/\/dcv-books.com\/en\/produkt\/on-trickling-away-zeitkonzepte-der-gegenwartskunst\/"]}]},{"@type":"ImageObject","inLanguage":"en-US","@id":"https:\/\/dcv-books.com\/en\/produkt\/on-trickling-away-zeitkonzepte-der-gegenwartskunst\/#primaryimage","url":"https:\/\/dcv-books.com\/wp-content\/uploads\/2021\/12\/DCV_Vom_Verrinnen_Cover-scaled.jpg","contentUrl":"https:\/\/dcv-books.com\/wp-content\/uploads\/2021\/12\/DCV_Vom_Verrinnen_Cover-scaled.jpg","width":1871,"height":2560,"caption":"Zeitkonzepte der Gegenwartskunst"},{"@type":"BreadcrumbList","@id":"https:\/\/dcv-books.com\/en\/produkt\/on-trickling-away-zeitkonzepte-der-gegenwartskunst\/#breadcrumb","itemListElement":[{"@type":"ListItem","position":1,"name":"Startseite","item":"https:\/\/dcv-books.com\/en\/"},{"@type":"ListItem","position":2,"name":"On Trickling Away &#8211; Concepts of Time in Contemporary Art"}]},{"@type":"WebSite","@id":"https:\/\/dcv-books.com\/#website","url":"https:\/\/dcv-books.com\/","name":"DCV","description":"Dr. Cantz&#039;sche Verlagsgesellschaft mbH &amp; Co. KG","potentialAction":[{"@type":"SearchAction","target":{"@type":"EntryPoint","urlTemplate":"https:\/\/dcv-books.com\/?s={search_term_string}"},"query-input":{"@type":"PropertyValueSpecification","valueRequired":true,"valueName":"search_term_string"}}],"inLanguage":"en-US"}]}},"_links":{"self":[{"href":"https:\/\/dcv-books.com\/en\/wp-json\/wp\/v2\/product\/16166","targetHints":{"allow":["GET"]}}],"collection":[{"href":"https:\/\/dcv-books.com\/en\/wp-json\/wp\/v2\/product"}],"about":[{"href":"https:\/\/dcv-books.com\/en\/wp-json\/wp\/v2\/types\/product"}],"wp:featuredmedia":[{"embeddable":true,"href":"https:\/\/dcv-books.com\/en\/wp-json\/wp\/v2\/media\/16181"}],"wp:attachment":[{"href":"https:\/\/dcv-books.com\/en\/wp-json\/wp\/v2\/media?parent=16166"}],"wp:term":[{"taxonomy":"product_brand","embeddable":true,"href":"https:\/\/dcv-books.com\/en\/wp-json\/wp\/v2\/product_brand?post=16166"},{"taxonomy":"product_cat","embeddable":true,"href":"https:\/\/dcv-books.com\/en\/wp-json\/wp\/v2\/product_cat?post=16166"},{"taxonomy":"product_tag","embeddable":true,"href":"https:\/\/dcv-books.com\/en\/wp-json\/wp\/v2\/product_tag?post=16166"}],"curies":[{"name":"wp","href":"https:\/\/api.w.org\/{rel}","templated":true}]}}