{"id":15888,"date":"2021-02-14T14:40:42","date_gmt":"2021-02-14T13:39:42","guid":{"rendered":"https:\/\/dcv-books.com\/?post_type=product&#038;p=15888"},"modified":"2022-01-25T11:55:10","modified_gmt":"2022-01-25T10:55:10","slug":"slawomir-elsner-praezision-und-unschaerfe","status":"publish","type":"product","link":"https:\/\/dcv-books.com\/en\/produkt\/slawomir-elsner-praezision-und-unschaerfe\/","title":{"rendered":"Slawomir Elsner &#8211;<br> Precision and Chance"},"content":{"rendered":"","protected":false},"excerpt":{"rendered":"<p><strong>Complex Processes of Abstraction<\/strong><\/p>\n<p>International audiences know S\u0142awomir Elsner (b. Wodzis\u0142aw \u015al\u0105ski, Poland, 1976; lives and works in Berlin) for his naturalistic paintings and abstract watercolors, but it was his brilliantly executed colorful drawings that made him famous. The technique of his work in crayons is as formidable as it is singular and underlies his many adaptations of legendary works from the history of painting that seem blurry but are actually drawn in accurate lines.<\/p>\n<p>More generally, Elsner\u2019s art probes the effect of different media and the stories they tell. He interrogates the images they transport and challenges the consumers to subject their own visual experiences to a similar critical review. Do pictures represent reality or distort it? That is the question that guides his inquiries.<\/p>\n<p>Elsner works almost exclusively in series. What makes this book special is that it includes an index in which eleven of these bodies of work are reproduced in their entirety. The Old Masters series alone comprises 143 works made in the years after 2014. It is complemented by the series <i>Windows on the World<\/i> (2008\u20132010), <i>Feuerwerk- und Luftabwehr<\/i> (2004), <i>Unsere Sonnen<\/i> (2004\u20132005), the watercolors of <i>Tagst\u00fccke<\/i> and <i>Nachtst\u00fccke<\/i> (2014\u20132021), and others.<\/p>\n<p>Many of the works frame accidents, disasters, wars, nuclear tests, or other horrible events. By harnessing the means of art to detach their depiction from a documentary setting, S\u0142awomir Elsner achieves an unrivaled degree of aestheticization; his works are fascinating at first glance, only to fill the beholder with a creeping dread.<\/p>\n<p><a href=\"https:\/\/dcv-books.com\/en\/slawomir-elsner\/\">Limited art edition available<\/a><\/p>\n","protected":false},"featured_media":15892,"template":"","meta":{"_acf_changed":false},"product_brand":[],"product_cat":[2208,2212,2213],"product_tag":[2963],"class_list":{"0":"post-15888","1":"product","2":"type-product","3":"status-publish","4":"has-post-thumbnail","6":"product_cat-all-books","7":"product_cat-installation-art","8":"product_cat-painting","9":"product_tag-slawomir-elsner-en","11":"first","12":"instock","13":"taxable","14":"shipping-taxable","15":"purchasable","16":"product-type-simple"},"acf":[],"yoast_head":"<!-- This site is optimized with the Yoast SEO plugin v27.1.1 - https:\/\/yoast.com\/product\/yoast-seo-wordpress\/ -->\n<title>Slawomir Elsner - Precision and Chance - DCV<\/title>\n<meta name=\"robots\" content=\"index, follow, max-snippet:-1, max-image-preview:large, max-video-preview:-1\" \/>\n<link rel=\"canonical\" href=\"https:\/\/dcv-books.com\/en\/produkt\/slawomir-elsner-praezision-und-unschaerfe\/\" \/>\n<meta property=\"og:locale\" content=\"en_US\" \/>\n<meta property=\"og:type\" content=\"article\" \/>\n<meta property=\"og:title\" content=\"Slawomir Elsner - Precision and Chance - DCV\" \/>\n<meta property=\"og:description\" content=\"Complex Processes of Abstraction  International audiences know S\u0142awomir Elsner (b. Wodzis\u0142aw \u015al\u0105ski, Poland, 1976; lives and works in Berlin) for his naturalistic paintings and abstract watercolors, but it was his brilliantly executed colorful drawings that made him famous. The technique of his work in crayons is as formidable as it is singular and underlies his many adaptations of legendary works from the history of painting that seem blurry but are actually drawn in accurate lines.  More generally, Elsner\u2019s art probes the effect of different media and the stories they tell. He interrogates the images they transport and challenges the consumers to subject their own visual experiences to a similar critical review. Do pictures represent reality or distort it? That is the question that guides his inquiries.  Elsner works almost exclusively in series. What makes this book special is that it includes an index in which eleven of these bodies of work are reproduced in their entirety. The Old Masters series alone comprises 143 works made in the years after 2014. It is complemented by the series Windows on the World (2008\u20132010), Feuerwerk- und Luftabwehr (2004), Unsere Sonnen (2004\u20132005), the watercolors of Tagst\u00fccke and Nachtst\u00fccke (2014\u20132021), and others.  Many of the works frame accidents, disasters, wars, nuclear tests, or other horrible events. By harnessing the means of art to detach their depiction from a documentary setting, S\u0142awomir Elsner achieves an unrivaled degree of aestheticization; his works are fascinating at first glance, only to fill the beholder with a creeping dread.  Limited art edition available\" \/>\n<meta property=\"og:url\" content=\"https:\/\/dcv-books.com\/en\/produkt\/slawomir-elsner-praezision-und-unschaerfe\/\" \/>\n<meta property=\"og:site_name\" content=\"DCV\" \/>\n<meta property=\"article:modified_time\" content=\"2022-01-25T10:55:10+00:00\" \/>\n<meta property=\"og:image\" content=\"https:\/\/dcv-books.com\/wp-content\/uploads\/2021\/11\/Cover-07-vorschau.jpg\" \/>\n\t<meta property=\"og:image:width\" content=\"1835\" \/>\n\t<meta property=\"og:image:height\" content=\"2284\" \/>\n\t<meta property=\"og:image:type\" content=\"image\/jpeg\" \/>\n<meta name=\"twitter:card\" content=\"summary_large_image\" \/>\n<script type=\"application\/ld+json\" class=\"yoast-schema-graph\">{\"@context\":\"https:\/\/schema.org\",\"@graph\":[{\"@type\":\"WebPage\",\"@id\":\"https:\/\/dcv-books.com\/en\/produkt\/slawomir-elsner-praezision-und-unschaerfe\/\",\"url\":\"https:\/\/dcv-books.com\/en\/produkt\/slawomir-elsner-praezision-und-unschaerfe\/\",\"name\":\"Slawomir Elsner - Precision and Chance - DCV\",\"isPartOf\":{\"@id\":\"https:\/\/dcv-books.com\/#website\"},\"primaryImageOfPage\":{\"@id\":\"https:\/\/dcv-books.com\/en\/produkt\/slawomir-elsner-praezision-und-unschaerfe\/#primaryimage\"},\"image\":{\"@id\":\"https:\/\/dcv-books.com\/en\/produkt\/slawomir-elsner-praezision-und-unschaerfe\/#primaryimage\"},\"thumbnailUrl\":\"https:\/\/dcv-books.com\/wp-content\/uploads\/2021\/11\/Cover-07-vorschau.jpg\",\"datePublished\":\"2021-02-14T13:39:42+00:00\",\"dateModified\":\"2022-01-25T10:55:10+00:00\",\"breadcrumb\":{\"@id\":\"https:\/\/dcv-books.com\/en\/produkt\/slawomir-elsner-praezision-und-unschaerfe\/#breadcrumb\"},\"inLanguage\":\"en-US\",\"potentialAction\":[{\"@type\":\"ReadAction\",\"target\":[\"https:\/\/dcv-books.com\/en\/produkt\/slawomir-elsner-praezision-und-unschaerfe\/\"]}]},{\"@type\":\"ImageObject\",\"inLanguage\":\"en-US\",\"@id\":\"https:\/\/dcv-books.com\/en\/produkt\/slawomir-elsner-praezision-und-unschaerfe\/#primaryimage\",\"url\":\"https:\/\/dcv-books.com\/wp-content\/uploads\/2021\/11\/Cover-07-vorschau.jpg\",\"contentUrl\":\"https:\/\/dcv-books.com\/wp-content\/uploads\/2021\/11\/Cover-07-vorschau.jpg\",\"width\":1835,\"height\":2284},{\"@type\":\"BreadcrumbList\",\"@id\":\"https:\/\/dcv-books.com\/en\/produkt\/slawomir-elsner-praezision-und-unschaerfe\/#breadcrumb\",\"itemListElement\":[{\"@type\":\"ListItem\",\"position\":1,\"name\":\"Startseite\",\"item\":\"https:\/\/dcv-books.com\/en\/\"},{\"@type\":\"ListItem\",\"position\":2,\"name\":\"Slawomir Elsner &#8211; Precision and Chance\"}]},{\"@type\":\"WebSite\",\"@id\":\"https:\/\/dcv-books.com\/#website\",\"url\":\"https:\/\/dcv-books.com\/\",\"name\":\"DCV\",\"description\":\"Dr. Cantz&#039;sche Verlagsgesellschaft mbH &amp; Co. KG\",\"potentialAction\":[{\"@type\":\"SearchAction\",\"target\":{\"@type\":\"EntryPoint\",\"urlTemplate\":\"https:\/\/dcv-books.com\/?s={search_term_string}\"},\"query-input\":{\"@type\":\"PropertyValueSpecification\",\"valueRequired\":true,\"valueName\":\"search_term_string\"}}],\"inLanguage\":\"en-US\"}]}<\/script>\n<!-- \/ Yoast SEO plugin. -->","yoast_head_json":{"title":"Slawomir Elsner - Precision and Chance - DCV","robots":{"index":"index","follow":"follow","max-snippet":"max-snippet:-1","max-image-preview":"max-image-preview:large","max-video-preview":"max-video-preview:-1"},"canonical":"https:\/\/dcv-books.com\/en\/produkt\/slawomir-elsner-praezision-und-unschaerfe\/","og_locale":"en_US","og_type":"article","og_title":"Slawomir Elsner - Precision and Chance - DCV","og_description":"Complex Processes of Abstraction  International audiences know S\u0142awomir Elsner (b. Wodzis\u0142aw \u015al\u0105ski, Poland, 1976; lives and works in Berlin) for his naturalistic paintings and abstract watercolors, but it was his brilliantly executed colorful drawings that made him famous. The technique of his work in crayons is as formidable as it is singular and underlies his many adaptations of legendary works from the history of painting that seem blurry but are actually drawn in accurate lines.  More generally, Elsner\u2019s art probes the effect of different media and the stories they tell. He interrogates the images they transport and challenges the consumers to subject their own visual experiences to a similar critical review. Do pictures represent reality or distort it? That is the question that guides his inquiries.  Elsner works almost exclusively in series. What makes this book special is that it includes an index in which eleven of these bodies of work are reproduced in their entirety. The Old Masters series alone comprises 143 works made in the years after 2014. It is complemented by the series Windows on the World (2008\u20132010), Feuerwerk- und Luftabwehr (2004), Unsere Sonnen (2004\u20132005), the watercolors of Tagst\u00fccke and Nachtst\u00fccke (2014\u20132021), and others.  Many of the works frame accidents, disasters, wars, nuclear tests, or other horrible events. By harnessing the means of art to detach their depiction from a documentary setting, S\u0142awomir Elsner achieves an unrivaled degree of aestheticization; his works are fascinating at first glance, only to fill the beholder with a creeping dread.  Limited art edition available","og_url":"https:\/\/dcv-books.com\/en\/produkt\/slawomir-elsner-praezision-und-unschaerfe\/","og_site_name":"DCV","article_modified_time":"2022-01-25T10:55:10+00:00","og_image":[{"width":1835,"height":2284,"url":"https:\/\/dcv-books.com\/wp-content\/uploads\/2021\/11\/Cover-07-vorschau.jpg","type":"image\/jpeg"}],"twitter_card":"summary_large_image","schema":{"@context":"https:\/\/schema.org","@graph":[{"@type":"WebPage","@id":"https:\/\/dcv-books.com\/en\/produkt\/slawomir-elsner-praezision-und-unschaerfe\/","url":"https:\/\/dcv-books.com\/en\/produkt\/slawomir-elsner-praezision-und-unschaerfe\/","name":"Slawomir Elsner - Precision and Chance - DCV","isPartOf":{"@id":"https:\/\/dcv-books.com\/#website"},"primaryImageOfPage":{"@id":"https:\/\/dcv-books.com\/en\/produkt\/slawomir-elsner-praezision-und-unschaerfe\/#primaryimage"},"image":{"@id":"https:\/\/dcv-books.com\/en\/produkt\/slawomir-elsner-praezision-und-unschaerfe\/#primaryimage"},"thumbnailUrl":"https:\/\/dcv-books.com\/wp-content\/uploads\/2021\/11\/Cover-07-vorschau.jpg","datePublished":"2021-02-14T13:39:42+00:00","dateModified":"2022-01-25T10:55:10+00:00","breadcrumb":{"@id":"https:\/\/dcv-books.com\/en\/produkt\/slawomir-elsner-praezision-und-unschaerfe\/#breadcrumb"},"inLanguage":"en-US","potentialAction":[{"@type":"ReadAction","target":["https:\/\/dcv-books.com\/en\/produkt\/slawomir-elsner-praezision-und-unschaerfe\/"]}]},{"@type":"ImageObject","inLanguage":"en-US","@id":"https:\/\/dcv-books.com\/en\/produkt\/slawomir-elsner-praezision-und-unschaerfe\/#primaryimage","url":"https:\/\/dcv-books.com\/wp-content\/uploads\/2021\/11\/Cover-07-vorschau.jpg","contentUrl":"https:\/\/dcv-books.com\/wp-content\/uploads\/2021\/11\/Cover-07-vorschau.jpg","width":1835,"height":2284},{"@type":"BreadcrumbList","@id":"https:\/\/dcv-books.com\/en\/produkt\/slawomir-elsner-praezision-und-unschaerfe\/#breadcrumb","itemListElement":[{"@type":"ListItem","position":1,"name":"Startseite","item":"https:\/\/dcv-books.com\/en\/"},{"@type":"ListItem","position":2,"name":"Slawomir Elsner &#8211; Precision and Chance"}]},{"@type":"WebSite","@id":"https:\/\/dcv-books.com\/#website","url":"https:\/\/dcv-books.com\/","name":"DCV","description":"Dr. Cantz&#039;sche Verlagsgesellschaft mbH &amp; Co. KG","potentialAction":[{"@type":"SearchAction","target":{"@type":"EntryPoint","urlTemplate":"https:\/\/dcv-books.com\/?s={search_term_string}"},"query-input":{"@type":"PropertyValueSpecification","valueRequired":true,"valueName":"search_term_string"}}],"inLanguage":"en-US"}]}},"_links":{"self":[{"href":"https:\/\/dcv-books.com\/en\/wp-json\/wp\/v2\/product\/15888","targetHints":{"allow":["GET"]}}],"collection":[{"href":"https:\/\/dcv-books.com\/en\/wp-json\/wp\/v2\/product"}],"about":[{"href":"https:\/\/dcv-books.com\/en\/wp-json\/wp\/v2\/types\/product"}],"wp:featuredmedia":[{"embeddable":true,"href":"https:\/\/dcv-books.com\/en\/wp-json\/wp\/v2\/media\/15892"}],"wp:attachment":[{"href":"https:\/\/dcv-books.com\/en\/wp-json\/wp\/v2\/media?parent=15888"}],"wp:term":[{"taxonomy":"product_brand","embeddable":true,"href":"https:\/\/dcv-books.com\/en\/wp-json\/wp\/v2\/product_brand?post=15888"},{"taxonomy":"product_cat","embeddable":true,"href":"https:\/\/dcv-books.com\/en\/wp-json\/wp\/v2\/product_cat?post=15888"},{"taxonomy":"product_tag","embeddable":true,"href":"https:\/\/dcv-books.com\/en\/wp-json\/wp\/v2\/product_tag?post=15888"}],"curies":[{"name":"wp","href":"https:\/\/api.w.org\/{rel}","templated":true}]}}