{"id":14933,"date":"2021-01-16T14:30:43","date_gmt":"2021-06-08T12:30:43","guid":{"rendered":"https:\/\/dcv-books.com\/produkt\/shara-hughes\/"},"modified":"2025-07-24T13:02:03","modified_gmt":"2025-07-24T11:02:03","slug":"shara-hughes","status":"publish","type":"product","link":"https:\/\/dcv-books.com\/en\/produkt\/shara-hughes\/","title":{"rendered":"Shara Hughes"},"content":{"rendered":"<p>At first glance, Shara Hughes \u2019s (b. Atlanta, GA., 1981; lives and works in Brooklyn) colorful and extravagant landscapes are chock full of everything we love in famous paintings: the palette of Henri Matisse or David Hockney, the stylistic inventiveness of Edvard Munch or Paul C\u00e9zanne, the painterly gestures of Philip Guston or Josh Smith, perhaps even van Gogh\u2019s brushwork. She quotes this masculine tradition in landscape painting deliberately and unabashedly. This monograph is the first to present a comprehensive overview of Shara Hughes\u2019s work.<\/p>\n<p>Shara Hughes graduated from the Rhode Island School of Design \u00a0and later attended the Skowhegan School of Painting &amp; Sculpture in Madison, ME. She has had solo shows at the Arts Club, London, the Metropolitan Opera, New York, and the Museum of Contemporary Art of Georgia, Atlanta. In 2017, she participated in the Whitney Biennial, New York.<\/p>\n<p>und radikal\u201c bezeichnen. An allen gro\u00dfen Schauspiel- und Opernh\u00e4usern im deutschsprachigen Raum, aber auch im Ausland sind die Arbeiten von Sch\u00fctz zu sehen. Er lernte bei Wilfried Minks und machte 1971 sein erstes B\u00fchnenbild f\u00fcr Luc Bondy. Am Berliner Schillertheater und den M\u00fcnchner Kammerspielen ging seine Laufbahn als B\u00fchnenbildner weiter, danach war er Ausstattungsleiter am Bremer Theater und am Schauspielhaus Bochum. Von 1992 bis 1998 lehrte Sch\u00fctz Szenografie am ZKM in Karlsruhe und seit 2010 ist er Professor f\u00fcr B\u00fchnenbild an der Kunstakademie D\u00fcsseldorf.<\/p>\n<p>In seinem Buch <em>Die<\/em> <em>Unterbrechung<\/em> spricht er mit Annette Storr \u00fcber seine neuen B\u00fchneninszenierungen, die mit Modellen und Fotografien, aber am h\u00e4ufigsten mit Stills aus den Auff\u00fchrungen dokumentiert werden. Darunter sind die St\u00fccke <em>Penthesilea<\/em> von Heinrich von Kleist, Landestheater Salzburg, 2018; <em>Hamlet<\/em> von William Shakespeare, Schauspielhaus Bochum, 2019; <em>Reich des Todes<\/em> von Rainald Goetz, Deutsches Schauspielhaus Hamburg, 2020; <em>Richard II<\/em> von William Shakespeare, Burgtheater, Wien, 2021 und <em>Der Idiot<\/em> von Dostojewskij, Thalia Theater, Hamburg, 2021.<\/p>\n<p>Hier geht&#8217;s zu der anderen <a href=\"https:\/\/dcv-books.com\/produkt\/shara-hughes\/\" target=\"_blank\" rel=\"noopener\">Monografie<\/a>. Hier geht&#8217;s zu der <a href=\"http:\/\/sharahughesart.blogspot.com\">Website der K\u00fcnstlerin.<\/a><\/p>\n<p>Hier geht&#8217;s zu der anderen <a href=\"https:\/\/dcv-books.com\/produkt\/shara-hughes\/\" target=\"_blank\" rel=\"noopener\">Monografie<\/a>. Hier geht&#8217;s zu der <a href=\"http:\/\/sharahughesart.blogspot.com\">Website der K\u00fcnstlerin.<\/a><\/p>\n","protected":false},"excerpt":{"rendered":"<p><strong>Boisterous Compositions<\/strong><\/p>\n<p>At first glance, Shara Hughes\u2019s (b. Atlanta, GA., 1981; lives and works in Brooklyn) colorful and extravagant landscapes are chock full of everything we love in famous paintings: the palette of Henri Matisse or David Hockney, the stylistic inventiveness of Edvard Munch or Paul C\u00e9zanne, the painterly gestures of Philip Guston or Josh Smith, perhaps even van Gogh\u2019s brushwork. She quotes this masculine tradition in landscape painting deliberately and unabashedly. This monograph is the first to present a comprehensive overview of Shara Hughes\u2019s work.<\/p>\n<p>Shara Hughes graduated from the Rhode Island School of Design and later attended the Skowhegan School of Painting &amp; Sculpture in Madison, ME. She has had solo shows at the Arts Club, London, the Metropolitan Opera, New York, and the Museum of Contemporary Art of Georgia, Atlanta. In 2017, she participated in the Whitney Biennial, New York.<\/p>\n","protected":false},"featured_media":14932,"template":"","meta":{"_acf_changed":false},"product_brand":[],"product_cat":[2208,2213],"product_tag":[],"class_list":{"0":"post-14933","1":"product","2":"type-product","3":"status-publish","4":"has-post-thumbnail","6":"product_cat-all-books","7":"product_cat-painting","9":"first","10":"instock","11":"taxable","12":"shipping-taxable","13":"purchasable","14":"product-type-simple"},"acf":[],"yoast_head":"<!-- This site is optimized with the Yoast SEO plugin v27.1.1 - https:\/\/yoast.com\/product\/yoast-seo-wordpress\/ -->\n<title>Shara Hughes - DCV<\/title>\n<meta name=\"description\" content=\"Shara Hughes: This monograph is the first to present a comprehensive overview of the work by American painter Shara Hughes.\" \/>\n<meta name=\"robots\" content=\"index, follow, max-snippet:-1, max-image-preview:large, max-video-preview:-1\" \/>\n<link rel=\"canonical\" href=\"https:\/\/dcv-books.com\/en\/produkt\/shara-hughes\/\" \/>\n<meta property=\"og:locale\" content=\"en_US\" \/>\n<meta property=\"og:type\" content=\"article\" \/>\n<meta property=\"og:title\" content=\"Shara Hughes - DCV\" \/>\n<meta property=\"og:description\" content=\"Shara Hughes: This monograph is the first to present a comprehensive overview of the work by American painter Shara Hughes.\" \/>\n<meta property=\"og:url\" content=\"https:\/\/dcv-books.com\/en\/produkt\/shara-hughes\/\" \/>\n<meta property=\"og:site_name\" content=\"DCV\" \/>\n<meta property=\"article:modified_time\" content=\"2025-07-24T11:02:03+00:00\" \/>\n<meta property=\"og:image\" content=\"https:\/\/dcv-books.com\/wp-content\/uploads\/2021\/06\/DCV_Hughes_Pivot_Cover.jpg\" \/>\n\t<meta property=\"og:image:width\" content=\"400\" \/>\n\t<meta property=\"og:image:height\" content=\"546\" \/>\n\t<meta property=\"og:image:type\" content=\"image\/jpeg\" \/>\n<meta name=\"twitter:card\" content=\"summary_large_image\" \/>\n<meta name=\"twitter:label1\" content=\"Est. reading time\" \/>\n\t<meta name=\"twitter:data1\" content=\"3 minutes\" \/>\n<script type=\"application\/ld+json\" class=\"yoast-schema-graph\">{\"@context\":\"https:\/\/schema.org\",\"@graph\":[{\"@type\":\"WebPage\",\"@id\":\"https:\/\/dcv-books.com\/en\/produkt\/shara-hughes\/\",\"url\":\"https:\/\/dcv-books.com\/en\/produkt\/shara-hughes\/\",\"name\":\"Shara Hughes - DCV\",\"isPartOf\":{\"@id\":\"https:\/\/dcv-books.com\/#website\"},\"primaryImageOfPage\":{\"@id\":\"https:\/\/dcv-books.com\/en\/produkt\/shara-hughes\/#primaryimage\"},\"image\":{\"@id\":\"https:\/\/dcv-books.com\/en\/produkt\/shara-hughes\/#primaryimage\"},\"thumbnailUrl\":\"https:\/\/dcv-books.com\/wp-content\/uploads\/2021\/06\/DCV_Hughes_Pivot_Cover.jpg\",\"datePublished\":\"2021-06-08T12:30:43+00:00\",\"dateModified\":\"2025-07-24T11:02:03+00:00\",\"description\":\"Shara Hughes: This monograph is the first to present a comprehensive overview of the work by American painter Shara Hughes.\",\"breadcrumb\":{\"@id\":\"https:\/\/dcv-books.com\/en\/produkt\/shara-hughes\/#breadcrumb\"},\"inLanguage\":\"en-US\",\"potentialAction\":[{\"@type\":\"ReadAction\",\"target\":[\"https:\/\/dcv-books.com\/en\/produkt\/shara-hughes\/\"]}]},{\"@type\":\"ImageObject\",\"inLanguage\":\"en-US\",\"@id\":\"https:\/\/dcv-books.com\/en\/produkt\/shara-hughes\/#primaryimage\",\"url\":\"https:\/\/dcv-books.com\/wp-content\/uploads\/2021\/06\/DCV_Hughes_Pivot_Cover.jpg\",\"contentUrl\":\"https:\/\/dcv-books.com\/wp-content\/uploads\/2021\/06\/DCV_Hughes_Pivot_Cover.jpg\",\"width\":400,\"height\":546,\"caption\":\"Shara Hughes\"},{\"@type\":\"BreadcrumbList\",\"@id\":\"https:\/\/dcv-books.com\/en\/produkt\/shara-hughes\/#breadcrumb\",\"itemListElement\":[{\"@type\":\"ListItem\",\"position\":1,\"name\":\"Startseite\",\"item\":\"https:\/\/dcv-books.com\/en\/\"},{\"@type\":\"ListItem\",\"position\":2,\"name\":\"Shara Hughes\"}]},{\"@type\":\"WebSite\",\"@id\":\"https:\/\/dcv-books.com\/#website\",\"url\":\"https:\/\/dcv-books.com\/\",\"name\":\"DCV\",\"description\":\"Dr. Cantz&#039;sche Verlagsgesellschaft mbH &amp; Co. KG\",\"potentialAction\":[{\"@type\":\"SearchAction\",\"target\":{\"@type\":\"EntryPoint\",\"urlTemplate\":\"https:\/\/dcv-books.com\/?s={search_term_string}\"},\"query-input\":{\"@type\":\"PropertyValueSpecification\",\"valueRequired\":true,\"valueName\":\"search_term_string\"}}],\"inLanguage\":\"en-US\"}]}<\/script>\n<!-- \/ Yoast SEO plugin. -->","yoast_head_json":{"title":"Shara Hughes - DCV","description":"Shara Hughes: This monograph is the first to present a comprehensive overview of the work by American painter Shara Hughes.","robots":{"index":"index","follow":"follow","max-snippet":"max-snippet:-1","max-image-preview":"max-image-preview:large","max-video-preview":"max-video-preview:-1"},"canonical":"https:\/\/dcv-books.com\/en\/produkt\/shara-hughes\/","og_locale":"en_US","og_type":"article","og_title":"Shara Hughes - DCV","og_description":"Shara Hughes: This monograph is the first to present a comprehensive overview of the work by American painter Shara Hughes.","og_url":"https:\/\/dcv-books.com\/en\/produkt\/shara-hughes\/","og_site_name":"DCV","article_modified_time":"2025-07-24T11:02:03+00:00","og_image":[{"width":400,"height":546,"url":"https:\/\/dcv-books.com\/wp-content\/uploads\/2021\/06\/DCV_Hughes_Pivot_Cover.jpg","type":"image\/jpeg"}],"twitter_card":"summary_large_image","twitter_misc":{"Est. reading time":"3 minutes"},"schema":{"@context":"https:\/\/schema.org","@graph":[{"@type":"WebPage","@id":"https:\/\/dcv-books.com\/en\/produkt\/shara-hughes\/","url":"https:\/\/dcv-books.com\/en\/produkt\/shara-hughes\/","name":"Shara Hughes - DCV","isPartOf":{"@id":"https:\/\/dcv-books.com\/#website"},"primaryImageOfPage":{"@id":"https:\/\/dcv-books.com\/en\/produkt\/shara-hughes\/#primaryimage"},"image":{"@id":"https:\/\/dcv-books.com\/en\/produkt\/shara-hughes\/#primaryimage"},"thumbnailUrl":"https:\/\/dcv-books.com\/wp-content\/uploads\/2021\/06\/DCV_Hughes_Pivot_Cover.jpg","datePublished":"2021-06-08T12:30:43+00:00","dateModified":"2025-07-24T11:02:03+00:00","description":"Shara Hughes: This monograph is the first to present a comprehensive overview of the work by American painter Shara Hughes.","breadcrumb":{"@id":"https:\/\/dcv-books.com\/en\/produkt\/shara-hughes\/#breadcrumb"},"inLanguage":"en-US","potentialAction":[{"@type":"ReadAction","target":["https:\/\/dcv-books.com\/en\/produkt\/shara-hughes\/"]}]},{"@type":"ImageObject","inLanguage":"en-US","@id":"https:\/\/dcv-books.com\/en\/produkt\/shara-hughes\/#primaryimage","url":"https:\/\/dcv-books.com\/wp-content\/uploads\/2021\/06\/DCV_Hughes_Pivot_Cover.jpg","contentUrl":"https:\/\/dcv-books.com\/wp-content\/uploads\/2021\/06\/DCV_Hughes_Pivot_Cover.jpg","width":400,"height":546,"caption":"Shara Hughes"},{"@type":"BreadcrumbList","@id":"https:\/\/dcv-books.com\/en\/produkt\/shara-hughes\/#breadcrumb","itemListElement":[{"@type":"ListItem","position":1,"name":"Startseite","item":"https:\/\/dcv-books.com\/en\/"},{"@type":"ListItem","position":2,"name":"Shara Hughes"}]},{"@type":"WebSite","@id":"https:\/\/dcv-books.com\/#website","url":"https:\/\/dcv-books.com\/","name":"DCV","description":"Dr. Cantz&#039;sche Verlagsgesellschaft mbH &amp; Co. KG","potentialAction":[{"@type":"SearchAction","target":{"@type":"EntryPoint","urlTemplate":"https:\/\/dcv-books.com\/?s={search_term_string}"},"query-input":{"@type":"PropertyValueSpecification","valueRequired":true,"valueName":"search_term_string"}}],"inLanguage":"en-US"}]}},"_links":{"self":[{"href":"https:\/\/dcv-books.com\/en\/wp-json\/wp\/v2\/product\/14933","targetHints":{"allow":["GET"]}}],"collection":[{"href":"https:\/\/dcv-books.com\/en\/wp-json\/wp\/v2\/product"}],"about":[{"href":"https:\/\/dcv-books.com\/en\/wp-json\/wp\/v2\/types\/product"}],"wp:featuredmedia":[{"embeddable":true,"href":"https:\/\/dcv-books.com\/en\/wp-json\/wp\/v2\/media\/14932"}],"wp:attachment":[{"href":"https:\/\/dcv-books.com\/en\/wp-json\/wp\/v2\/media?parent=14933"}],"wp:term":[{"taxonomy":"product_brand","embeddable":true,"href":"https:\/\/dcv-books.com\/en\/wp-json\/wp\/v2\/product_brand?post=14933"},{"taxonomy":"product_cat","embeddable":true,"href":"https:\/\/dcv-books.com\/en\/wp-json\/wp\/v2\/product_cat?post=14933"},{"taxonomy":"product_tag","embeddable":true,"href":"https:\/\/dcv-books.com\/en\/wp-json\/wp\/v2\/product_tag?post=14933"}],"curies":[{"name":"wp","href":"https:\/\/api.w.org\/{rel}","templated":true}]}}