{"id":14498,"date":"2021-01-16T14:10:58","date_gmt":"2021-01-16T13:10:58","guid":{"rendered":"https:\/\/dcv-books.com\/?post_type=product&#038;p=14498"},"modified":"2022-08-18T16:37:51","modified_gmt":"2022-08-18T14:37:51","slug":"the-art-of-society-1900-1945","status":"publish","type":"product","link":"https:\/\/dcv-books.com\/en\/produkt\/the-art-of-society-1900-1945\/","title":{"rendered":"The Art of Society &#8211;<br> 1900\u20131945"},"content":{"rendered":"<div>\n<div>\n<p><span lang=\"EN-US\">The Neue Nationalgalerie in Berlin, the last building designed by Mies van der Rohe, has been closed a full six years for refurbishment. To mark its reopening the museum is presenting the highlights of its classical modernist collection under the title <i>The Art of Society, 1900\u20131945<\/i>. Visionary, critical, resigned or utopian, the paintings and sculptures bear witness to art\u2019s dialogue with prevailing social conditions \u2013 from the German Empire to the First World War, the Weimar Republic and ultimately National Socialism. The catalogue documenting all works in the exhibition traces the major artistic tendencies during the first half of the 20th century in thirteen chapters. <i>The Art of Society, 1900\u20131945<\/i> offers a renewed encounter with works<i> <\/i>by Edvard Munch, Ernst Ludwig Kirchner,<i> <\/i>Tamara de Lempicka, Lotte Laserstein, Otto<i> <\/i>Dix, George Grosz, Max Beckmann, and many<i> <\/i>others that is as captivating as it is illuminating.<i><\/i><\/span><\/p>\n<\/div>\n<p>Click <a href=\"https:\/\/dcv-books.com\/produkt\/die-kunst-der-gesellschaft-1900-1945\/\">here<\/a> for the German edition.<\/p>\n<p><strong>\u00a0<\/strong>Die Videok\u00fcnstlerin und Yael Bartana (geb. 1970 in Kfar Yehezkel, Israel; lebt und arbeitet in Amsterdam und Berlin) erkundet in ihren Arbeiten die. Bildsprache und von Identit\u00e4t und Gedenkpolitik. Zentral ist dabei das. Hinterfragen kollektiver politischer und religi\u00f6ser Heilserwartungen. Mit der aber Videoinstallation <em>Malka Germania<\/em> \u2013 hebr\u00e4isch f\u00fcr \u201eK\u00f6nigin Deutschland\u201c \u2013 schafft. Bartana alternative Realit\u00e4ten aus der deutsch-j\u00fcdischen. Vergangenheit und Gegenwart, die Szenen des kollektiven Unbewussten an die Oberfl\u00e4che bef\u00f6rdern. Diese Publikation begegnet. H der Epiphanie der weiblichen Heilsgestalt Malka Germania in f\u00fcnf Kapiteln, die dabei dem Layout des Talmuds folgen, der zentralen Schrift des rabbinischen Judentums. Es spiegelt die im. Kunstwerk verbildlichte vielstimmige Komplexit\u00e4t, Nuancierung und Ambivalenz und verdeutlicht: Eine einfache Antwort gibt es nicht. Das Buch enth\u00e4lt ein Interview mit der K\u00fcnstlerin sowie Texte von Sami Berdugo, Christina von Braun, Michael Brenner<em>, <\/em>Max Czollek und weiteren. Es erscheint und anl\u00e4sslich der Ausstellung <em>Yael Bartana \u2013 Redemption Now<\/em> im J\u00fcdischen Museum Berlin.<\/p>\n<p>Yael Bartanaund \u00a0studierte an der Bezalel Academy of Arts and Design, Jerusalem, an der School of Visual Arts, New York, und an der Rijksakademie. K van beeldende kunsten, Amsterdam. Ihre Arbeiten sind weltweit pr\u00e4sent. Und wurden unter anderem in Einzelausstellungen im Stedelijk Museum, Amsterdam, im P\u00e9rez Art Museum Miami und im Moderna Museet, Malm\u00f6, gezeigt. <span lang=\"EN-US\"><i>The Art of Society\u00a0<\/i><\/span><i>Berlin<\/i><\/p>\n<\/div>\n<p>Die englische aber Ausgabe finden Sie <a href=\"https:\/\/dcv-books.com\/en\/produkt\/the-art-of-society-1900-1945\/\">hier<\/a>.<\/p>\n<p>In den 1970er-Jahren legte sie eine lange und kreative Pause ein, in der sie sich nach dem Umzug nach Omaha, Nebraska. Intensiv um die Gr\u00fcndung verschiedener Restaurants und die Entwicklung eines ganzen Altstadtquartiers k\u00fcmmerte. Doch seit Beginn des neuen Jahrhunderts h\u00e4lt sie atemberaubende neo-barocke Stillleben, bestehend aus Blumen, Fr\u00fcchten, frisch erlegten Tieren, antiken Gl\u00e4sern und illuminierenden Kerzen in gro\u00dfen Bildformaten fest. <span class=\"font-weight-normal\">die kunst der gesellschaft<\/span> neue nationalgalerie<\/p>\n<p><a href=\"https:\/\/www.hockney.com\/home\" target=\"_blank\" rel=\"noopener\">Hier ist seine Website und<\/a>. link zu einem <a href=\"https:\/\/dcv-books.com\/produkt\/vore-stueckwerk-mensch\/\">anderen buch\u00a0<\/a> Das Markenzeichen. Von Jeff Wall (geb. 1946 in Vancouver, lebt und arbeitet in Vancouver) sind gro\u00dfformatige Dialeuchtk\u00e4sten, auf denen er sorgf\u00e4ltig komponierte Szenen wie Film-Stills pr\u00e4sentiert. Der studierte Kunsthistoriker knu\u0308pft mit seinen Werken vielseitige Verbindungen zur Kunstgeschichte. Wwird aufgrund seiner aufwendigen Inszenierungen immer wieder mit den Meistern der Moderne verglichen. Mit einem besonderen. Fokus und auf Konstellationen. die das fotografische Medium in Form einer und Spurensuche pr\u00e4sentieren, erm\u00f6glicht das Buch einen neuen Blick auf Arbeiten des Ku\u0308nstlers, die bisher selten in Ausstellungenund gezeigt wurden. Jeff Wall studierte. Kunstgeschichte an der University of British Columbia, Vancouver, sowie am Courtauld Institute of Art, London. Seine Arbeiten wurden unter anderem. I im Museum of Modern Art, New York, in der Tate Modern, London, und im Art Institute of Chicago ausgestellt. 2008 erhielt er den Audain-Preis fu\u0308r sein Lebenswerk.<\/p>\n","protected":false},"excerpt":{"rendered":"<p><strong>The Collection of the Nationalgalerie, Berlin<\/strong><\/p>\n<div>\n<p><span lang=\"EN-US\">The Neue Nationalgalerie in Berlin, the last building designed by Mies van der Rohe, has been closed a full six years for refurbishment. To mark its reopening the museum is presenting the highlights of its classical modernist collection under the title <i>The Art of Society, 1900\u20131945<\/i>. Visionary, critical, resigned or utopian, the paintings and sculptures bear witness to art\u2019s dialogue with prevailing social conditions \u2013 from the German Empire to the First World War, the Weimar Republic and ultimately National Socialism. The catalogue documenting all works in the exhibition traces the major artistic tendencies during the first half of the 20th century in thirteen chapters. <i>The Art of Society, 1900\u20131945<\/i> offers a renewed encounter with works<i> <\/i>by Edvard Munch, Ernst Ludwig Kirchner,<i> <\/i>Tamara de Lempicka, Lotte Laserstein, Otto<i> <\/i>Dix, George Grosz, Max Beckmann, and many<i> <\/i>others that is as captivating as it is illuminating.<i><\/i><\/span><\/p>\n<\/div>\n<p>Click <a href=\"https:\/\/dcv-books.com\/produkt\/die-kunst-der-gesellschaft-1900-1945\/\">here<\/a> for the German edition.<\/p>\n","protected":false},"featured_media":14945,"template":"","meta":{"_acf_changed":false},"product_brand":[],"product_cat":[2208,2212,2215,2218,2213,2217],"product_tag":[],"class_list":{"0":"post-14498","1":"product","2":"type-product","3":"status-publish","4":"has-post-thumbnail","6":"product_cat-all-books","7":"product_cat-installation-art","8":"product_cat-new-arrivals","9":"product_cat-on-art","10":"product_cat-painting","11":"product_cat-sculpture","13":"first","14":"instock","15":"taxable","16":"shipping-taxable","17":"purchasable","18":"product-type-simple"},"acf":[],"yoast_head":"<!-- This site is optimized with the Yoast SEO plugin v27.1.1 - https:\/\/yoast.com\/product\/yoast-seo-wordpress\/ -->\n<title>The Art of Society - 1900\u20131945 - DCV<\/title>\n<meta name=\"description\" content=\"The Art of Society, 1900\u20131945: The catalogue traces the major artistic tendencies during the first half of te 20th century in thirteen chapters.\" \/>\n<meta name=\"robots\" content=\"index, follow, max-snippet:-1, max-image-preview:large, max-video-preview:-1\" \/>\n<link rel=\"canonical\" href=\"https:\/\/dcv-books.com\/en\/produkt\/the-art-of-society-1900-1945\/\" \/>\n<meta property=\"og:locale\" content=\"en_US\" \/>\n<meta property=\"og:type\" content=\"article\" \/>\n<meta property=\"og:title\" content=\"The Art of Society - 1900\u20131945 - DCV\" \/>\n<meta property=\"og:description\" content=\"The Art of Society, 1900\u20131945: The catalogue traces the major artistic tendencies during the first half of te 20th century in thirteen chapters.\" \/>\n<meta property=\"og:url\" content=\"https:\/\/dcv-books.com\/en\/produkt\/the-art-of-society-1900-1945\/\" \/>\n<meta property=\"og:site_name\" content=\"DCV\" \/>\n<meta property=\"article:modified_time\" content=\"2022-08-18T14:37:51+00:00\" \/>\n<meta property=\"og:image\" content=\"https:\/\/dcv-books.com\/wp-content\/uploads\/2021\/01\/NNG-Art-of-Society-Cover.jpg\" \/>\n\t<meta property=\"og:image:width\" content=\"500\" \/>\n\t<meta property=\"og:image:height\" content=\"675\" \/>\n\t<meta property=\"og:image:type\" content=\"image\/jpeg\" \/>\n<meta name=\"twitter:card\" content=\"summary_large_image\" \/>\n<meta name=\"twitter:label1\" content=\"Est. reading time\" \/>\n\t<meta name=\"twitter:data1\" content=\"4 minutes\" \/>\n<script type=\"application\/ld+json\" class=\"yoast-schema-graph\">{\"@context\":\"https:\/\/schema.org\",\"@graph\":[{\"@type\":\"WebPage\",\"@id\":\"https:\/\/dcv-books.com\/en\/produkt\/the-art-of-society-1900-1945\/\",\"url\":\"https:\/\/dcv-books.com\/en\/produkt\/the-art-of-society-1900-1945\/\",\"name\":\"The Art of Society - 1900\u20131945 - DCV\",\"isPartOf\":{\"@id\":\"https:\/\/dcv-books.com\/#website\"},\"primaryImageOfPage\":{\"@id\":\"https:\/\/dcv-books.com\/en\/produkt\/the-art-of-society-1900-1945\/#primaryimage\"},\"image\":{\"@id\":\"https:\/\/dcv-books.com\/en\/produkt\/the-art-of-society-1900-1945\/#primaryimage\"},\"thumbnailUrl\":\"https:\/\/dcv-books.com\/wp-content\/uploads\/2021\/01\/NNG-Art-of-Society-Cover.jpg\",\"datePublished\":\"2021-01-16T13:10:58+00:00\",\"dateModified\":\"2022-08-18T14:37:51+00:00\",\"description\":\"The Art of Society, 1900\u20131945: The catalogue traces the major artistic tendencies during the first half of te 20th century in thirteen chapters.\",\"breadcrumb\":{\"@id\":\"https:\/\/dcv-books.com\/en\/produkt\/the-art-of-society-1900-1945\/#breadcrumb\"},\"inLanguage\":\"en-US\",\"potentialAction\":[{\"@type\":\"ReadAction\",\"target\":[\"https:\/\/dcv-books.com\/en\/produkt\/the-art-of-society-1900-1945\/\"]}]},{\"@type\":\"ImageObject\",\"inLanguage\":\"en-US\",\"@id\":\"https:\/\/dcv-books.com\/en\/produkt\/the-art-of-society-1900-1945\/#primaryimage\",\"url\":\"https:\/\/dcv-books.com\/wp-content\/uploads\/2021\/01\/NNG-Art-of-Society-Cover.jpg\",\"contentUrl\":\"https:\/\/dcv-books.com\/wp-content\/uploads\/2021\/01\/NNG-Art-of-Society-Cover.jpg\",\"width\":500,\"height\":675,\"caption\":\"Art of Society\"},{\"@type\":\"BreadcrumbList\",\"@id\":\"https:\/\/dcv-books.com\/en\/produkt\/the-art-of-society-1900-1945\/#breadcrumb\",\"itemListElement\":[{\"@type\":\"ListItem\",\"position\":1,\"name\":\"Startseite\",\"item\":\"https:\/\/dcv-books.com\/en\/\"},{\"@type\":\"ListItem\",\"position\":2,\"name\":\"The Art of Society &#8211; 1900\u20131945\"}]},{\"@type\":\"WebSite\",\"@id\":\"https:\/\/dcv-books.com\/#website\",\"url\":\"https:\/\/dcv-books.com\/\",\"name\":\"DCV\",\"description\":\"Dr. Cantz&#039;sche Verlagsgesellschaft mbH &amp; Co. KG\",\"potentialAction\":[{\"@type\":\"SearchAction\",\"target\":{\"@type\":\"EntryPoint\",\"urlTemplate\":\"https:\/\/dcv-books.com\/?s={search_term_string}\"},\"query-input\":{\"@type\":\"PropertyValueSpecification\",\"valueRequired\":true,\"valueName\":\"search_term_string\"}}],\"inLanguage\":\"en-US\"}]}<\/script>\n<!-- \/ Yoast SEO plugin. -->","yoast_head_json":{"title":"The Art of Society - 1900\u20131945 - DCV","description":"The Art of Society, 1900\u20131945: The catalogue traces the major artistic tendencies during the first half of te 20th century in thirteen chapters.","robots":{"index":"index","follow":"follow","max-snippet":"max-snippet:-1","max-image-preview":"max-image-preview:large","max-video-preview":"max-video-preview:-1"},"canonical":"https:\/\/dcv-books.com\/en\/produkt\/the-art-of-society-1900-1945\/","og_locale":"en_US","og_type":"article","og_title":"The Art of Society - 1900\u20131945 - DCV","og_description":"The Art of Society, 1900\u20131945: The catalogue traces the major artistic tendencies during the first half of te 20th century in thirteen chapters.","og_url":"https:\/\/dcv-books.com\/en\/produkt\/the-art-of-society-1900-1945\/","og_site_name":"DCV","article_modified_time":"2022-08-18T14:37:51+00:00","og_image":[{"width":500,"height":675,"url":"https:\/\/dcv-books.com\/wp-content\/uploads\/2021\/01\/NNG-Art-of-Society-Cover.jpg","type":"image\/jpeg"}],"twitter_card":"summary_large_image","twitter_misc":{"Est. reading time":"4 minutes"},"schema":{"@context":"https:\/\/schema.org","@graph":[{"@type":"WebPage","@id":"https:\/\/dcv-books.com\/en\/produkt\/the-art-of-society-1900-1945\/","url":"https:\/\/dcv-books.com\/en\/produkt\/the-art-of-society-1900-1945\/","name":"The Art of Society - 1900\u20131945 - DCV","isPartOf":{"@id":"https:\/\/dcv-books.com\/#website"},"primaryImageOfPage":{"@id":"https:\/\/dcv-books.com\/en\/produkt\/the-art-of-society-1900-1945\/#primaryimage"},"image":{"@id":"https:\/\/dcv-books.com\/en\/produkt\/the-art-of-society-1900-1945\/#primaryimage"},"thumbnailUrl":"https:\/\/dcv-books.com\/wp-content\/uploads\/2021\/01\/NNG-Art-of-Society-Cover.jpg","datePublished":"2021-01-16T13:10:58+00:00","dateModified":"2022-08-18T14:37:51+00:00","description":"The Art of Society, 1900\u20131945: The catalogue traces the major artistic tendencies during the first half of te 20th century in thirteen chapters.","breadcrumb":{"@id":"https:\/\/dcv-books.com\/en\/produkt\/the-art-of-society-1900-1945\/#breadcrumb"},"inLanguage":"en-US","potentialAction":[{"@type":"ReadAction","target":["https:\/\/dcv-books.com\/en\/produkt\/the-art-of-society-1900-1945\/"]}]},{"@type":"ImageObject","inLanguage":"en-US","@id":"https:\/\/dcv-books.com\/en\/produkt\/the-art-of-society-1900-1945\/#primaryimage","url":"https:\/\/dcv-books.com\/wp-content\/uploads\/2021\/01\/NNG-Art-of-Society-Cover.jpg","contentUrl":"https:\/\/dcv-books.com\/wp-content\/uploads\/2021\/01\/NNG-Art-of-Society-Cover.jpg","width":500,"height":675,"caption":"Art of Society"},{"@type":"BreadcrumbList","@id":"https:\/\/dcv-books.com\/en\/produkt\/the-art-of-society-1900-1945\/#breadcrumb","itemListElement":[{"@type":"ListItem","position":1,"name":"Startseite","item":"https:\/\/dcv-books.com\/en\/"},{"@type":"ListItem","position":2,"name":"The Art of Society &#8211; 1900\u20131945"}]},{"@type":"WebSite","@id":"https:\/\/dcv-books.com\/#website","url":"https:\/\/dcv-books.com\/","name":"DCV","description":"Dr. Cantz&#039;sche Verlagsgesellschaft mbH &amp; Co. KG","potentialAction":[{"@type":"SearchAction","target":{"@type":"EntryPoint","urlTemplate":"https:\/\/dcv-books.com\/?s={search_term_string}"},"query-input":{"@type":"PropertyValueSpecification","valueRequired":true,"valueName":"search_term_string"}}],"inLanguage":"en-US"}]}},"_links":{"self":[{"href":"https:\/\/dcv-books.com\/en\/wp-json\/wp\/v2\/product\/14498","targetHints":{"allow":["GET"]}}],"collection":[{"href":"https:\/\/dcv-books.com\/en\/wp-json\/wp\/v2\/product"}],"about":[{"href":"https:\/\/dcv-books.com\/en\/wp-json\/wp\/v2\/types\/product"}],"wp:featuredmedia":[{"embeddable":true,"href":"https:\/\/dcv-books.com\/en\/wp-json\/wp\/v2\/media\/14945"}],"wp:attachment":[{"href":"https:\/\/dcv-books.com\/en\/wp-json\/wp\/v2\/media?parent=14498"}],"wp:term":[{"taxonomy":"product_brand","embeddable":true,"href":"https:\/\/dcv-books.com\/en\/wp-json\/wp\/v2\/product_brand?post=14498"},{"taxonomy":"product_cat","embeddable":true,"href":"https:\/\/dcv-books.com\/en\/wp-json\/wp\/v2\/product_cat?post=14498"},{"taxonomy":"product_tag","embeddable":true,"href":"https:\/\/dcv-books.com\/en\/wp-json\/wp\/v2\/product_tag?post=14498"}],"curies":[{"name":"wp","href":"https:\/\/api.w.org\/{rel}","templated":true}]}}