{"id":1409,"date":"2018-11-19T12:16:29","date_gmt":"2018-11-19T11:16:29","guid":{"rendered":"https:\/\/dcv-books.com\/produkt\/ohne-schluessel-und-schloss\/"},"modified":"2022-08-25T13:47:29","modified_gmt":"2022-08-25T11:47:29","slug":"ohne-schluessel-und-schloss","status":"publish","type":"product","link":"https:\/\/dcv-books.com\/en\/produkt\/ohne-schluessel-und-schloss\/","title":{"rendered":"Ohne Schl\u00fcssel und Schloss <br>Chancen und Risiken von Big Data"},"content":{"rendered":"<p>An jeder Haust\u00fcr ziehen wir Grenzen, wir schlie\u00dfen auf und schlie\u00dfen ab. Und noch in j\u00fcngster Vergangenheit war eindeutig, was als Verschlusssache galt. Ganz anders stellt sich diese Frage im IT-Zeitalter. Ausgehend von der kunsthandwerklichen Sammlung des Museum Pfalzgalerie Kaiserslautern wird deutlich, wie in fr\u00fcheren Jahrhunderten \u00fcber mechanisch und symbolisch aufwendig gestaltete Schl\u00f6sser, Schr\u00e4nke oder auch Reliquienbeh\u00e4ltnisse Distanzen austariert wurden. Sie alle sind sichtbares Vehikel f\u00fcr die bewusste Wahrnehmung von innen und au\u00dfen, zugeh\u00f6rig und ausgegrenzt, wissend und unwissend oder \u00f6ffentlich und privat. F\u00fcr Big Data gilt dies in keiner Weise mehr. Beim Digitalen werden Serviceleistungen mit Datenerhebungen verbunden, deren weiteren Einsatzbereiche wir weder unmittelbar verstehen noch \u00fcberblicken k\u00f6nnen. Historische, technologische und philosophische \u00dcberlegungen bieten wichtige Betr\u00e4ge zur aktuellen Debatte und Einsch\u00e4tzung der Risiken und Chancen von Big Data.<\/p>\n","protected":false},"excerpt":{"rendered":"<p class=\"introzeile-buecher\">Von Kunsthandwerk zu digitaler Verschl\u00fcsselung<\/p>\n<p>An jeder Haust\u00fcr ziehen wir Grenzen, wir schlie\u00dfen auf und schlie\u00dfen ab. Und noch in j\u00fcngster Vergangenheit war eindeutig, was als Verschlusssache galt. Ganz anders stellt sich diese Frage im IT-Zeitalter. Ausgehend von der kunsthandwerklichen Sammlung des Museum Pfalzgalerie Kaiserslautern wird deutlich, wie in fr\u00fcheren Jahrhunderten \u00fcber mechanisch und symbolisch aufwendig gestaltete Schl\u00f6sser, Schr\u00e4nke oder auch Reliquienbeh\u00e4ltnisse Distanzen austariert wurden. Sie alle sind sichtbares Vehikel f\u00fcr die bewusste Wahrnehmung von innen und au\u00dfen, zugeh\u00f6rig und ausgegrenzt, wissend und unwissend oder \u00f6ffentlich und privat. F\u00fcr Big Data gilt dies in keiner Weise mehr. Beim Digitalen werden Serviceleistungen mit Datenerhebungen verbunden, deren weiteren Einsatzbereiche wir weder unmittelbar verstehen noch \u00fcberblicken k\u00f6nnen. Historische, technologische und philosophische \u00dcberlegungen bieten wichtige Betr\u00e4ge zur aktuellen Debatte und Einsch\u00e4tzung der Risiken und Chancen von Big Data.<\/p>\n","protected":false},"featured_media":392,"template":"","meta":{"_acf_changed":false},"product_brand":[],"product_cat":[2208,2218],"product_tag":[],"class_list":{"0":"post-1409","1":"product","2":"type-product","3":"status-publish","4":"has-post-thumbnail","6":"product_cat-all-books","7":"product_cat-on-art","9":"first","10":"instock","11":"taxable","12":"shipping-taxable","13":"purchasable","14":"product-type-simple"},"acf":[],"yoast_head":"<!-- This site is optimized with the Yoast SEO plugin v27.5 - https:\/\/yoast.com\/product\/yoast-seo-wordpress\/ -->\n<title>Ohne Schl\u00fcssel und Schloss Chancen und Risiken von Big Data - DCV<\/title>\n<meta name=\"description\" content=\"Ohne Schl\u00fcssel und Schloss \u2013 Chancen und Risiken von Big Data: technologische und philosophische \u00dcberlegungen bieten Betr\u00e4ge zur Debatte \u00fcber Big Data.\" \/>\n<meta name=\"robots\" content=\"index, follow, max-snippet:-1, max-image-preview:large, max-video-preview:-1\" \/>\n<link rel=\"canonical\" href=\"https:\/\/dcv-books.com\/en\/produkt\/ohne-schluessel-und-schloss\/\" \/>\n<meta property=\"og:locale\" content=\"en_US\" \/>\n<meta property=\"og:type\" content=\"article\" \/>\n<meta property=\"og:title\" content=\"Ohne Schl\u00fcssel und Schloss Chancen und Risiken von Big Data - DCV\" \/>\n<meta property=\"og:description\" content=\"Ohne Schl\u00fcssel und Schloss \u2013 Chancen und Risiken von Big Data: technologische und philosophische \u00dcberlegungen bieten Betr\u00e4ge zur Debatte \u00fcber Big Data.\" \/>\n<meta property=\"og:url\" content=\"https:\/\/dcv-books.com\/en\/produkt\/ohne-schluessel-und-schloss\/\" \/>\n<meta property=\"og:site_name\" content=\"DCV\" \/>\n<meta property=\"article:modified_time\" content=\"2022-08-25T11:47:29+00:00\" \/>\n<meta property=\"og:image\" content=\"https:\/\/dcv-books.com\/wp-content\/uploads\/2018\/11\/cover-osus-ohne-schluessel-und-schloss-e1589727050703.jpg\" \/>\n\t<meta property=\"og:image:width\" content=\"514\" \/>\n\t<meta property=\"og:image:height\" content=\"790\" \/>\n\t<meta property=\"og:image:type\" content=\"image\/jpeg\" \/>\n<meta name=\"twitter:card\" content=\"summary_large_image\" \/>\n<meta name=\"twitter:label1\" content=\"Est. reading time\" \/>\n\t<meta name=\"twitter:data1\" content=\"1 minute\" \/>\n<script type=\"application\/ld+json\" class=\"yoast-schema-graph\">{\"@context\":\"https:\\\/\\\/schema.org\",\"@graph\":[{\"@type\":\"WebPage\",\"@id\":\"https:\\\/\\\/dcv-books.com\\\/en\\\/produkt\\\/ohne-schluessel-und-schloss\\\/\",\"url\":\"https:\\\/\\\/dcv-books.com\\\/en\\\/produkt\\\/ohne-schluessel-und-schloss\\\/\",\"name\":\"Ohne Schl\u00fcssel und Schloss Chancen und Risiken von Big Data - DCV\",\"isPartOf\":{\"@id\":\"https:\\\/\\\/dcv-books.com\\\/#website\"},\"primaryImageOfPage\":{\"@id\":\"https:\\\/\\\/dcv-books.com\\\/en\\\/produkt\\\/ohne-schluessel-und-schloss\\\/#primaryimage\"},\"image\":{\"@id\":\"https:\\\/\\\/dcv-books.com\\\/en\\\/produkt\\\/ohne-schluessel-und-schloss\\\/#primaryimage\"},\"thumbnailUrl\":\"https:\\\/\\\/dcv-books.com\\\/wp-content\\\/uploads\\\/2018\\\/11\\\/cover-osus-ohne-schluessel-und-schloss-e1589727050703.jpg\",\"datePublished\":\"2018-11-19T11:16:29+00:00\",\"dateModified\":\"2022-08-25T11:47:29+00:00\",\"description\":\"Ohne Schl\u00fcssel und Schloss \u2013 Chancen und Risiken von Big Data: technologische und philosophische \u00dcberlegungen bieten Betr\u00e4ge zur Debatte \u00fcber Big Data.\",\"breadcrumb\":{\"@id\":\"https:\\\/\\\/dcv-books.com\\\/en\\\/produkt\\\/ohne-schluessel-und-schloss\\\/#breadcrumb\"},\"inLanguage\":\"en-US\",\"potentialAction\":[{\"@type\":\"ReadAction\",\"target\":[\"https:\\\/\\\/dcv-books.com\\\/en\\\/produkt\\\/ohne-schluessel-und-schloss\\\/\"]}]},{\"@type\":\"ImageObject\",\"inLanguage\":\"en-US\",\"@id\":\"https:\\\/\\\/dcv-books.com\\\/en\\\/produkt\\\/ohne-schluessel-und-schloss\\\/#primaryimage\",\"url\":\"https:\\\/\\\/dcv-books.com\\\/wp-content\\\/uploads\\\/2018\\\/11\\\/cover-osus-ohne-schluessel-und-schloss-e1589727050703.jpg\",\"contentUrl\":\"https:\\\/\\\/dcv-books.com\\\/wp-content\\\/uploads\\\/2018\\\/11\\\/cover-osus-ohne-schluessel-und-schloss-e1589727050703.jpg\",\"width\":514,\"height\":790,\"caption\":\"Ohne Schl\u00fcssel und Schloss\"},{\"@type\":\"BreadcrumbList\",\"@id\":\"https:\\\/\\\/dcv-books.com\\\/en\\\/produkt\\\/ohne-schluessel-und-schloss\\\/#breadcrumb\",\"itemListElement\":[{\"@type\":\"ListItem\",\"position\":1,\"name\":\"Startseite\",\"item\":\"https:\\\/\\\/dcv-books.com\\\/en\\\/\"},{\"@type\":\"ListItem\",\"position\":2,\"name\":\"Ohne Schl\u00fcssel und Schloss Chancen und Risiken von Big Data\"}]},{\"@type\":\"WebSite\",\"@id\":\"https:\\\/\\\/dcv-books.com\\\/#website\",\"url\":\"https:\\\/\\\/dcv-books.com\\\/\",\"name\":\"DCV\",\"description\":\"Dr. Cantz&#039;sche Verlagsgesellschaft mbH &amp; Co. KG\",\"potentialAction\":[{\"@type\":\"SearchAction\",\"target\":{\"@type\":\"EntryPoint\",\"urlTemplate\":\"https:\\\/\\\/dcv-books.com\\\/?s={search_term_string}\"},\"query-input\":{\"@type\":\"PropertyValueSpecification\",\"valueRequired\":true,\"valueName\":\"search_term_string\"}}],\"inLanguage\":\"en-US\"}]}<\/script>\n<!-- \/ Yoast SEO plugin. -->","yoast_head_json":{"title":"Ohne Schl\u00fcssel und Schloss Chancen und Risiken von Big Data - DCV","description":"Ohne Schl\u00fcssel und Schloss \u2013 Chancen und Risiken von Big Data: technologische und philosophische \u00dcberlegungen bieten Betr\u00e4ge zur Debatte \u00fcber Big Data.","robots":{"index":"index","follow":"follow","max-snippet":"max-snippet:-1","max-image-preview":"max-image-preview:large","max-video-preview":"max-video-preview:-1"},"canonical":"https:\/\/dcv-books.com\/en\/produkt\/ohne-schluessel-und-schloss\/","og_locale":"en_US","og_type":"article","og_title":"Ohne Schl\u00fcssel und Schloss Chancen und Risiken von Big Data - DCV","og_description":"Ohne Schl\u00fcssel und Schloss \u2013 Chancen und Risiken von Big Data: technologische und philosophische \u00dcberlegungen bieten Betr\u00e4ge zur Debatte \u00fcber Big Data.","og_url":"https:\/\/dcv-books.com\/en\/produkt\/ohne-schluessel-und-schloss\/","og_site_name":"DCV","article_modified_time":"2022-08-25T11:47:29+00:00","og_image":[{"width":514,"height":790,"url":"https:\/\/dcv-books.com\/wp-content\/uploads\/2018\/11\/cover-osus-ohne-schluessel-und-schloss-e1589727050703.jpg","type":"image\/jpeg"}],"twitter_card":"summary_large_image","twitter_misc":{"Est. reading time":"1 minute"},"schema":{"@context":"https:\/\/schema.org","@graph":[{"@type":"WebPage","@id":"https:\/\/dcv-books.com\/en\/produkt\/ohne-schluessel-und-schloss\/","url":"https:\/\/dcv-books.com\/en\/produkt\/ohne-schluessel-und-schloss\/","name":"Ohne Schl\u00fcssel und Schloss Chancen und Risiken von Big Data - DCV","isPartOf":{"@id":"https:\/\/dcv-books.com\/#website"},"primaryImageOfPage":{"@id":"https:\/\/dcv-books.com\/en\/produkt\/ohne-schluessel-und-schloss\/#primaryimage"},"image":{"@id":"https:\/\/dcv-books.com\/en\/produkt\/ohne-schluessel-und-schloss\/#primaryimage"},"thumbnailUrl":"https:\/\/dcv-books.com\/wp-content\/uploads\/2018\/11\/cover-osus-ohne-schluessel-und-schloss-e1589727050703.jpg","datePublished":"2018-11-19T11:16:29+00:00","dateModified":"2022-08-25T11:47:29+00:00","description":"Ohne Schl\u00fcssel und Schloss \u2013 Chancen und Risiken von Big Data: technologische und philosophische \u00dcberlegungen bieten Betr\u00e4ge zur Debatte \u00fcber Big Data.","breadcrumb":{"@id":"https:\/\/dcv-books.com\/en\/produkt\/ohne-schluessel-und-schloss\/#breadcrumb"},"inLanguage":"en-US","potentialAction":[{"@type":"ReadAction","target":["https:\/\/dcv-books.com\/en\/produkt\/ohne-schluessel-und-schloss\/"]}]},{"@type":"ImageObject","inLanguage":"en-US","@id":"https:\/\/dcv-books.com\/en\/produkt\/ohne-schluessel-und-schloss\/#primaryimage","url":"https:\/\/dcv-books.com\/wp-content\/uploads\/2018\/11\/cover-osus-ohne-schluessel-und-schloss-e1589727050703.jpg","contentUrl":"https:\/\/dcv-books.com\/wp-content\/uploads\/2018\/11\/cover-osus-ohne-schluessel-und-schloss-e1589727050703.jpg","width":514,"height":790,"caption":"Ohne Schl\u00fcssel und Schloss"},{"@type":"BreadcrumbList","@id":"https:\/\/dcv-books.com\/en\/produkt\/ohne-schluessel-und-schloss\/#breadcrumb","itemListElement":[{"@type":"ListItem","position":1,"name":"Startseite","item":"https:\/\/dcv-books.com\/en\/"},{"@type":"ListItem","position":2,"name":"Ohne Schl\u00fcssel und Schloss Chancen und Risiken von Big Data"}]},{"@type":"WebSite","@id":"https:\/\/dcv-books.com\/#website","url":"https:\/\/dcv-books.com\/","name":"DCV","description":"Dr. Cantz&#039;sche Verlagsgesellschaft mbH &amp; Co. KG","potentialAction":[{"@type":"SearchAction","target":{"@type":"EntryPoint","urlTemplate":"https:\/\/dcv-books.com\/?s={search_term_string}"},"query-input":{"@type":"PropertyValueSpecification","valueRequired":true,"valueName":"search_term_string"}}],"inLanguage":"en-US"}]}},"_links":{"self":[{"href":"https:\/\/dcv-books.com\/en\/wp-json\/wp\/v2\/product\/1409","targetHints":{"allow":["GET"]}}],"collection":[{"href":"https:\/\/dcv-books.com\/en\/wp-json\/wp\/v2\/product"}],"about":[{"href":"https:\/\/dcv-books.com\/en\/wp-json\/wp\/v2\/types\/product"}],"wp:featuredmedia":[{"embeddable":true,"href":"https:\/\/dcv-books.com\/en\/wp-json\/wp\/v2\/media\/392"}],"wp:attachment":[{"href":"https:\/\/dcv-books.com\/en\/wp-json\/wp\/v2\/media?parent=1409"}],"wp:term":[{"taxonomy":"product_brand","embeddable":true,"href":"https:\/\/dcv-books.com\/en\/wp-json\/wp\/v2\/product_brand?post=1409"},{"taxonomy":"product_cat","embeddable":true,"href":"https:\/\/dcv-books.com\/en\/wp-json\/wp\/v2\/product_cat?post=1409"},{"taxonomy":"product_tag","embeddable":true,"href":"https:\/\/dcv-books.com\/en\/wp-json\/wp\/v2\/product_tag?post=1409"}],"curies":[{"name":"wp","href":"https:\/\/api.w.org\/{rel}","templated":true}]}}