{"id":1393,"date":"2019-07-31T11:22:05","date_gmt":"2019-07-31T09:22:05","guid":{"rendered":"https:\/\/dcv-books.com\/produkt\/joerg-heieck-crux\/"},"modified":"2022-08-24T17:34:22","modified_gmt":"2022-08-24T15:34:22","slug":"joerg-heieck-crux","status":"publish","type":"product","link":"https:\/\/dcv-books.com\/en\/produkt\/joerg-heieck-crux\/","title":{"rendered":"J\u00f6rg Heieck <br>CRUX"},"content":{"rendered":"<p>Expertly wielding the vintage photographic technique of the cyanotype, J\u00f6rg Heieck (b. 1964, M\u00fcnster; lives and works in Kaiserslautern) transmutes nature into a fascinating play of shades of blue and defamiliarized shapes. Desolate sceneries, barren landscapes\u2014the first series gathered in the book was created in the Sahara, Iceland, and Spitsbergen. Humanity has reached a crossroads: can we avert the destruction of the planet? Contrasting this symbolic crux, the second section presents populated intersections replete with signage from China, Japan, Russia, Israel, India, Greece, and Georgia. With these panoramas of urban life standing as a counterpoint to the abstraction in the photographs in the first section, the book offers insight into the artist\u2019s extraordinary oeuvre.<\/p>\n<p>J\u00f6rg Heieck has a PhD in physics and worked for many years as a researcher at Agfa, Kodak, and the ITER nuclear fusion reactor project. His art has been shown in numerous countries, including at the Goethe-Institutes in Damascus and Beirut, the Aleppo International Photo Festival, the Wilhelm-Hack-Museum, Ludwigshafen, and Kunsthalle Mannheim.<\/p>\n","protected":false},"excerpt":{"rendered":"<p class=\"introzeile-buecher\">Two Fascinating Series of Works by the Photographer and Physicist<\/p>\n<p>Expertly wielding the vintage photographic technique of the cyanotype, J\u00f6rg Heieck (b. 1964, M\u00fcnster; lives and works in Kaiserslautern) transmutes nature into a fascinating play of shades of blue and defamiliarized shapes. Desolate sceneries, barren landscapes\u2014the first series gathered in the book was created in the Sahara, Iceland, and Spitsbergen. Humanity has reached a crossroads: can we avert the destruction of the planet? Contrasting this symbolic crux, the second section presents populated intersections replete with signage from China, Japan, Russia, Israel, India, Greece, and Georgia. With these panoramas of urban life standing as a counterpoint to the abstraction in the photographs in the first section, the book offers insight into the artist\u2019s extraordinary oeuvre.<\/p>\n<p>J\u00f6rg Heieck has a PhD in physics and worked for many years as a researcher at Agfa, Kodak, and the ITER nuclear fusion reactor project. His art has been shown in numerous countries, including at the Goethe-Institutes in Damascus and Beirut, the Aleppo International Photo Festival, the Wilhelm-Hack-Museum, Ludwigshafen, and Kunsthalle Mannheim.<\/p>\n","protected":false},"featured_media":1175,"template":"","meta":{"_acf_changed":false},"product_brand":[],"product_cat":[2208,2211],"product_tag":[],"class_list":{"0":"post-1393","1":"product","2":"type-product","3":"status-publish","4":"has-post-thumbnail","6":"product_cat-all-books","7":"product_cat-photography","9":"first","10":"instock","11":"taxable","12":"shipping-taxable","13":"purchasable","14":"product-type-simple"},"acf":[],"yoast_head":"<!-- This site is optimized with the Yoast SEO plugin v27.1.1 - https:\/\/yoast.com\/product\/yoast-seo-wordpress\/ -->\n<title>J\u00f6rg Heieck CRUX - DCV<\/title>\n<meta name=\"description\" content=\"J\u00f6rg Heieck (b. 1964, M\u00fcnster; lives and works in Kaiserslautern) transmutes nature into a fascinating play of shades of blue and defamiliarized shapes.\" \/>\n<meta name=\"robots\" content=\"index, follow, max-snippet:-1, max-image-preview:large, max-video-preview:-1\" \/>\n<link rel=\"canonical\" href=\"https:\/\/dcv-books.com\/en\/produkt\/joerg-heieck-crux\/\" \/>\n<meta property=\"og:locale\" content=\"en_US\" \/>\n<meta property=\"og:type\" content=\"article\" \/>\n<meta property=\"og:title\" content=\"J\u00f6rg Heieck CRUX - DCV\" \/>\n<meta property=\"og:description\" content=\"J\u00f6rg Heieck (b. 1964, M\u00fcnster; lives and works in Kaiserslautern) transmutes nature into a fascinating play of shades of blue and defamiliarized shapes.\" \/>\n<meta property=\"og:url\" content=\"https:\/\/dcv-books.com\/en\/produkt\/joerg-heieck-crux\/\" \/>\n<meta property=\"og:site_name\" content=\"DCV\" \/>\n<meta property=\"article:modified_time\" content=\"2022-08-24T15:34:22+00:00\" \/>\n<meta property=\"og:image\" content=\"https:\/\/dcv-books.com\/wp-content\/uploads\/2019\/07\/titel-crux-e1589725342886.jpg\" \/>\n\t<meta property=\"og:image:width\" content=\"1024\" \/>\n\t<meta property=\"og:image:height\" content=\"650\" \/>\n\t<meta property=\"og:image:type\" content=\"image\/jpeg\" \/>\n<meta name=\"twitter:card\" content=\"summary_large_image\" \/>\n<meta name=\"twitter:label1\" content=\"Est. reading time\" \/>\n\t<meta name=\"twitter:data1\" content=\"1 minute\" \/>\n<script type=\"application\/ld+json\" class=\"yoast-schema-graph\">{\"@context\":\"https:\/\/schema.org\",\"@graph\":[{\"@type\":\"WebPage\",\"@id\":\"https:\/\/dcv-books.com\/en\/produkt\/joerg-heieck-crux\/\",\"url\":\"https:\/\/dcv-books.com\/en\/produkt\/joerg-heieck-crux\/\",\"name\":\"J\u00f6rg Heieck CRUX - DCV\",\"isPartOf\":{\"@id\":\"https:\/\/dcv-books.com\/#website\"},\"primaryImageOfPage\":{\"@id\":\"https:\/\/dcv-books.com\/en\/produkt\/joerg-heieck-crux\/#primaryimage\"},\"image\":{\"@id\":\"https:\/\/dcv-books.com\/en\/produkt\/joerg-heieck-crux\/#primaryimage\"},\"thumbnailUrl\":\"https:\/\/dcv-books.com\/wp-content\/uploads\/2019\/07\/titel-crux-e1589725342886.jpg\",\"datePublished\":\"2019-07-31T09:22:05+00:00\",\"dateModified\":\"2022-08-24T15:34:22+00:00\",\"description\":\"J\u00f6rg Heieck (b. 1964, M\u00fcnster; lives and works in Kaiserslautern) transmutes nature into a fascinating play of shades of blue and defamiliarized shapes.\",\"breadcrumb\":{\"@id\":\"https:\/\/dcv-books.com\/en\/produkt\/joerg-heieck-crux\/#breadcrumb\"},\"inLanguage\":\"en-US\",\"potentialAction\":[{\"@type\":\"ReadAction\",\"target\":[\"https:\/\/dcv-books.com\/en\/produkt\/joerg-heieck-crux\/\"]}]},{\"@type\":\"ImageObject\",\"inLanguage\":\"en-US\",\"@id\":\"https:\/\/dcv-books.com\/en\/produkt\/joerg-heieck-crux\/#primaryimage\",\"url\":\"https:\/\/dcv-books.com\/wp-content\/uploads\/2019\/07\/titel-crux-e1589725342886.jpg\",\"contentUrl\":\"https:\/\/dcv-books.com\/wp-content\/uploads\/2019\/07\/titel-crux-e1589725342886.jpg\",\"width\":1024,\"height\":650,\"caption\":\"J\u00f6rg Heieck\"},{\"@type\":\"BreadcrumbList\",\"@id\":\"https:\/\/dcv-books.com\/en\/produkt\/joerg-heieck-crux\/#breadcrumb\",\"itemListElement\":[{\"@type\":\"ListItem\",\"position\":1,\"name\":\"Startseite\",\"item\":\"https:\/\/dcv-books.com\/en\/\"},{\"@type\":\"ListItem\",\"position\":2,\"name\":\"J\u00f6rg Heieck CRUX\"}]},{\"@type\":\"WebSite\",\"@id\":\"https:\/\/dcv-books.com\/#website\",\"url\":\"https:\/\/dcv-books.com\/\",\"name\":\"DCV\",\"description\":\"Dr. Cantz&#039;sche Verlagsgesellschaft mbH &amp; Co. KG\",\"potentialAction\":[{\"@type\":\"SearchAction\",\"target\":{\"@type\":\"EntryPoint\",\"urlTemplate\":\"https:\/\/dcv-books.com\/?s={search_term_string}\"},\"query-input\":{\"@type\":\"PropertyValueSpecification\",\"valueRequired\":true,\"valueName\":\"search_term_string\"}}],\"inLanguage\":\"en-US\"}]}<\/script>\n<!-- \/ Yoast SEO plugin. -->","yoast_head_json":{"title":"J\u00f6rg Heieck CRUX - DCV","description":"J\u00f6rg Heieck (b. 1964, M\u00fcnster; lives and works in Kaiserslautern) transmutes nature into a fascinating play of shades of blue and defamiliarized shapes.","robots":{"index":"index","follow":"follow","max-snippet":"max-snippet:-1","max-image-preview":"max-image-preview:large","max-video-preview":"max-video-preview:-1"},"canonical":"https:\/\/dcv-books.com\/en\/produkt\/joerg-heieck-crux\/","og_locale":"en_US","og_type":"article","og_title":"J\u00f6rg Heieck CRUX - DCV","og_description":"J\u00f6rg Heieck (b. 1964, M\u00fcnster; lives and works in Kaiserslautern) transmutes nature into a fascinating play of shades of blue and defamiliarized shapes.","og_url":"https:\/\/dcv-books.com\/en\/produkt\/joerg-heieck-crux\/","og_site_name":"DCV","article_modified_time":"2022-08-24T15:34:22+00:00","og_image":[{"width":1024,"height":650,"url":"https:\/\/dcv-books.com\/wp-content\/uploads\/2019\/07\/titel-crux-e1589725342886.jpg","type":"image\/jpeg"}],"twitter_card":"summary_large_image","twitter_misc":{"Est. reading time":"1 minute"},"schema":{"@context":"https:\/\/schema.org","@graph":[{"@type":"WebPage","@id":"https:\/\/dcv-books.com\/en\/produkt\/joerg-heieck-crux\/","url":"https:\/\/dcv-books.com\/en\/produkt\/joerg-heieck-crux\/","name":"J\u00f6rg Heieck CRUX - DCV","isPartOf":{"@id":"https:\/\/dcv-books.com\/#website"},"primaryImageOfPage":{"@id":"https:\/\/dcv-books.com\/en\/produkt\/joerg-heieck-crux\/#primaryimage"},"image":{"@id":"https:\/\/dcv-books.com\/en\/produkt\/joerg-heieck-crux\/#primaryimage"},"thumbnailUrl":"https:\/\/dcv-books.com\/wp-content\/uploads\/2019\/07\/titel-crux-e1589725342886.jpg","datePublished":"2019-07-31T09:22:05+00:00","dateModified":"2022-08-24T15:34:22+00:00","description":"J\u00f6rg Heieck (b. 1964, M\u00fcnster; lives and works in Kaiserslautern) transmutes nature into a fascinating play of shades of blue and defamiliarized shapes.","breadcrumb":{"@id":"https:\/\/dcv-books.com\/en\/produkt\/joerg-heieck-crux\/#breadcrumb"},"inLanguage":"en-US","potentialAction":[{"@type":"ReadAction","target":["https:\/\/dcv-books.com\/en\/produkt\/joerg-heieck-crux\/"]}]},{"@type":"ImageObject","inLanguage":"en-US","@id":"https:\/\/dcv-books.com\/en\/produkt\/joerg-heieck-crux\/#primaryimage","url":"https:\/\/dcv-books.com\/wp-content\/uploads\/2019\/07\/titel-crux-e1589725342886.jpg","contentUrl":"https:\/\/dcv-books.com\/wp-content\/uploads\/2019\/07\/titel-crux-e1589725342886.jpg","width":1024,"height":650,"caption":"J\u00f6rg Heieck"},{"@type":"BreadcrumbList","@id":"https:\/\/dcv-books.com\/en\/produkt\/joerg-heieck-crux\/#breadcrumb","itemListElement":[{"@type":"ListItem","position":1,"name":"Startseite","item":"https:\/\/dcv-books.com\/en\/"},{"@type":"ListItem","position":2,"name":"J\u00f6rg Heieck CRUX"}]},{"@type":"WebSite","@id":"https:\/\/dcv-books.com\/#website","url":"https:\/\/dcv-books.com\/","name":"DCV","description":"Dr. Cantz&#039;sche Verlagsgesellschaft mbH &amp; Co. KG","potentialAction":[{"@type":"SearchAction","target":{"@type":"EntryPoint","urlTemplate":"https:\/\/dcv-books.com\/?s={search_term_string}"},"query-input":{"@type":"PropertyValueSpecification","valueRequired":true,"valueName":"search_term_string"}}],"inLanguage":"en-US"}]}},"_links":{"self":[{"href":"https:\/\/dcv-books.com\/en\/wp-json\/wp\/v2\/product\/1393","targetHints":{"allow":["GET"]}}],"collection":[{"href":"https:\/\/dcv-books.com\/en\/wp-json\/wp\/v2\/product"}],"about":[{"href":"https:\/\/dcv-books.com\/en\/wp-json\/wp\/v2\/types\/product"}],"wp:featuredmedia":[{"embeddable":true,"href":"https:\/\/dcv-books.com\/en\/wp-json\/wp\/v2\/media\/1175"}],"wp:attachment":[{"href":"https:\/\/dcv-books.com\/en\/wp-json\/wp\/v2\/media?parent=1393"}],"wp:term":[{"taxonomy":"product_brand","embeddable":true,"href":"https:\/\/dcv-books.com\/en\/wp-json\/wp\/v2\/product_brand?post=1393"},{"taxonomy":"product_cat","embeddable":true,"href":"https:\/\/dcv-books.com\/en\/wp-json\/wp\/v2\/product_cat?post=1393"},{"taxonomy":"product_tag","embeddable":true,"href":"https:\/\/dcv-books.com\/en\/wp-json\/wp\/v2\/product_tag?post=1393"}],"curies":[{"name":"wp","href":"https:\/\/api.w.org\/{rel}","templated":true}]}}