{"id":13602,"date":"2020-05-18T11:36:33","date_gmt":"2020-09-01T13:36:33","guid":{"rendered":"https:\/\/dcv-books.com\/produkt\/supernatural-sculptural-visions-of-the-body\/"},"modified":"2023-04-11T16:42:31","modified_gmt":"2023-04-11T14:42:31","slug":"supernatural-sculptural-visions-of-the-body","status":"publish","type":"product","link":"https:\/\/dcv-books.com\/en\/produkt\/supernatural-sculptural-visions-of-the-body\/","title":{"rendered":"Supernatural &#8211;<br> Sculptural Visions of the Body"},"content":{"rendered":"<p>Given the technological development in biogenetics, humans will be able to make existential modifications to all living things, Nature, the animal world and human likenesses in future. What will bodies of the future look like? Who or what will we be? <em>Supernatural<\/em> offers us some answers in its hyperrealistic and realistic sculptures. These visionary works not only exemplify the impact of the digital revolution and genetic engineering on \u201cposthumans\u201d and the environment, but also illustrate, including in their own hybrid creations, how increasingly blurred the line between nature and culture is now becoming. Technological innovations are also having more and more effects on trends in the latest hyperrealistic sculptures. In using 3D printing to perfect their creation processes and pushing sculptural boundaries to encompass robotics and synthetic biology, artists are opening the door to new design possibilities in artefact, biology and technology for themselves as well.<\/p>\n<p>The book presents works by Anne Carnein, Isa Genzken, Glaser\/Kunz, Thomas Gr\u00fcnfeld, Sam Jinks, Josh Kline, Kri\u0161tof Kintera, Reiner Maria Matysik, Alex May and Anna Dumitriu, Fabien M\u00e9relle, Patricia Piccinini amongst others.<\/p>\n","protected":false},"excerpt":{"rendered":"<p><strong>The future of human corporeality in the Anthropocene era<\/strong><\/p>\n<p>Given the technological development in biogenetics, humans will be able to make existential modifications to all living things, Nature, the animal world and human likenesses in future. What will bodies of the future look like? Who or what will we be? <em>Supernatural<\/em> offers us some answers in its hyperrealistic and realistic sculptures. These visionary works not only exemplify the impact of the digital revolution and genetic engineering on \u201cposthumans\u201d and the environment, but also illustrate, including in their own hybrid creations, how increasingly blurred the line between nature and culture is now becoming. Technological innovations are also having more and more effects on trends in the latest hyperrealistic sculptures. In using 3D printing to perfect their creation processes and pushing sculptural boundaries to encompass robotics and synthetic biology, artists are opening the door to new design possibilities in artefact, biology and technology for themselves as well.<\/p>\n<p>The book presents works by Anne Carnein, Isa Genzken, Glaser\/Kunz, Thomas Gr\u00fcnfeld, Sam Jinks, Josh Kline, Kri\u0161tof Kintera, Reiner Maria Matysik, Alex May and Anna Dumitriu, Fabien M\u00e9relle, Patricia Piccinini amongst others.<\/p>\n","protected":false},"featured_media":13595,"template":"","meta":{"_acf_changed":false},"product_brand":[],"product_cat":[2208,2212,2217],"product_tag":[],"class_list":{"0":"post-13602","1":"product","2":"type-product","3":"status-publish","4":"has-post-thumbnail","6":"product_cat-all-books","7":"product_cat-installation-art","8":"product_cat-sculpture","10":"first","11":"instock","12":"taxable","13":"shipping-taxable","14":"product-type-simple"},"acf":[],"yoast_head":"<!-- This site is optimized with the Yoast SEO plugin v27.1.1 - https:\/\/yoast.com\/product\/yoast-seo-wordpress\/ -->\n<title>Supernatural - Sculptural Visions of the Body - DCV<\/title>\n<meta name=\"description\" content=\"Supernatural: What will bodies of the future look like? Supernatural offers us some answers in its hyperrealistic and realistic sculptures.\" \/>\n<meta name=\"robots\" content=\"index, follow, max-snippet:-1, max-image-preview:large, max-video-preview:-1\" \/>\n<link rel=\"canonical\" href=\"https:\/\/dcv-books.com\/en\/produkt\/supernatural-sculptural-visions-of-the-body\/\" \/>\n<meta property=\"og:locale\" content=\"en_US\" \/>\n<meta property=\"og:type\" content=\"article\" \/>\n<meta property=\"og:title\" content=\"Supernatural - Sculptural Visions of the Body - DCV\" \/>\n<meta property=\"og:description\" content=\"Supernatural: What will bodies of the future look like? Supernatural offers us some answers in its hyperrealistic and realistic sculptures.\" \/>\n<meta property=\"og:url\" content=\"https:\/\/dcv-books.com\/en\/produkt\/supernatural-sculptural-visions-of-the-body\/\" \/>\n<meta property=\"og:site_name\" content=\"DCV\" \/>\n<meta property=\"article:modified_time\" content=\"2023-04-11T14:42:31+00:00\" \/>\n<meta property=\"og:image\" content=\"https:\/\/dcv-books.com\/wp-content\/uploads\/2020\/09\/Supernatural_Cover.jpg\" \/>\n\t<meta property=\"og:image:width\" content=\"1530\" \/>\n\t<meta property=\"og:image:height\" content=\"1926\" \/>\n\t<meta property=\"og:image:type\" content=\"image\/jpeg\" \/>\n<meta name=\"twitter:card\" content=\"summary_large_image\" \/>\n<meta name=\"twitter:label1\" content=\"Est. reading time\" \/>\n\t<meta name=\"twitter:data1\" content=\"1 minute\" \/>\n<script type=\"application\/ld+json\" class=\"yoast-schema-graph\">{\"@context\":\"https:\/\/schema.org\",\"@graph\":[{\"@type\":\"WebPage\",\"@id\":\"https:\/\/dcv-books.com\/en\/produkt\/supernatural-sculptural-visions-of-the-body\/\",\"url\":\"https:\/\/dcv-books.com\/en\/produkt\/supernatural-sculptural-visions-of-the-body\/\",\"name\":\"Supernatural - Sculptural Visions of the Body - DCV\",\"isPartOf\":{\"@id\":\"https:\/\/dcv-books.com\/#website\"},\"primaryImageOfPage\":{\"@id\":\"https:\/\/dcv-books.com\/en\/produkt\/supernatural-sculptural-visions-of-the-body\/#primaryimage\"},\"image\":{\"@id\":\"https:\/\/dcv-books.com\/en\/produkt\/supernatural-sculptural-visions-of-the-body\/#primaryimage\"},\"thumbnailUrl\":\"https:\/\/dcv-books.com\/wp-content\/uploads\/2020\/09\/Supernatural_Cover.jpg\",\"datePublished\":\"2020-09-01T13:36:33+00:00\",\"dateModified\":\"2023-04-11T14:42:31+00:00\",\"description\":\"Supernatural: What will bodies of the future look like? Supernatural offers us some answers in its hyperrealistic and realistic sculptures.\",\"breadcrumb\":{\"@id\":\"https:\/\/dcv-books.com\/en\/produkt\/supernatural-sculptural-visions-of-the-body\/#breadcrumb\"},\"inLanguage\":\"en-US\",\"potentialAction\":[{\"@type\":\"ReadAction\",\"target\":[\"https:\/\/dcv-books.com\/en\/produkt\/supernatural-sculptural-visions-of-the-body\/\"]}]},{\"@type\":\"ImageObject\",\"inLanguage\":\"en-US\",\"@id\":\"https:\/\/dcv-books.com\/en\/produkt\/supernatural-sculptural-visions-of-the-body\/#primaryimage\",\"url\":\"https:\/\/dcv-books.com\/wp-content\/uploads\/2020\/09\/Supernatural_Cover.jpg\",\"contentUrl\":\"https:\/\/dcv-books.com\/wp-content\/uploads\/2020\/09\/Supernatural_Cover.jpg\",\"width\":1530,\"height\":1926,\"caption\":\"Supernatural\"},{\"@type\":\"BreadcrumbList\",\"@id\":\"https:\/\/dcv-books.com\/en\/produkt\/supernatural-sculptural-visions-of-the-body\/#breadcrumb\",\"itemListElement\":[{\"@type\":\"ListItem\",\"position\":1,\"name\":\"Startseite\",\"item\":\"https:\/\/dcv-books.com\/en\/\"},{\"@type\":\"ListItem\",\"position\":2,\"name\":\"Supernatural &#8211; Sculptural Visions of the Body\"}]},{\"@type\":\"WebSite\",\"@id\":\"https:\/\/dcv-books.com\/#website\",\"url\":\"https:\/\/dcv-books.com\/\",\"name\":\"DCV\",\"description\":\"Dr. Cantz&#039;sche Verlagsgesellschaft mbH &amp; Co. KG\",\"potentialAction\":[{\"@type\":\"SearchAction\",\"target\":{\"@type\":\"EntryPoint\",\"urlTemplate\":\"https:\/\/dcv-books.com\/?s={search_term_string}\"},\"query-input\":{\"@type\":\"PropertyValueSpecification\",\"valueRequired\":true,\"valueName\":\"search_term_string\"}}],\"inLanguage\":\"en-US\"}]}<\/script>\n<!-- \/ Yoast SEO plugin. -->","yoast_head_json":{"title":"Supernatural - Sculptural Visions of the Body - DCV","description":"Supernatural: What will bodies of the future look like? Supernatural offers us some answers in its hyperrealistic and realistic sculptures.","robots":{"index":"index","follow":"follow","max-snippet":"max-snippet:-1","max-image-preview":"max-image-preview:large","max-video-preview":"max-video-preview:-1"},"canonical":"https:\/\/dcv-books.com\/en\/produkt\/supernatural-sculptural-visions-of-the-body\/","og_locale":"en_US","og_type":"article","og_title":"Supernatural - Sculptural Visions of the Body - DCV","og_description":"Supernatural: What will bodies of the future look like? Supernatural offers us some answers in its hyperrealistic and realistic sculptures.","og_url":"https:\/\/dcv-books.com\/en\/produkt\/supernatural-sculptural-visions-of-the-body\/","og_site_name":"DCV","article_modified_time":"2023-04-11T14:42:31+00:00","og_image":[{"width":1530,"height":1926,"url":"https:\/\/dcv-books.com\/wp-content\/uploads\/2020\/09\/Supernatural_Cover.jpg","type":"image\/jpeg"}],"twitter_card":"summary_large_image","twitter_misc":{"Est. reading time":"1 minute"},"schema":{"@context":"https:\/\/schema.org","@graph":[{"@type":"WebPage","@id":"https:\/\/dcv-books.com\/en\/produkt\/supernatural-sculptural-visions-of-the-body\/","url":"https:\/\/dcv-books.com\/en\/produkt\/supernatural-sculptural-visions-of-the-body\/","name":"Supernatural - Sculptural Visions of the Body - DCV","isPartOf":{"@id":"https:\/\/dcv-books.com\/#website"},"primaryImageOfPage":{"@id":"https:\/\/dcv-books.com\/en\/produkt\/supernatural-sculptural-visions-of-the-body\/#primaryimage"},"image":{"@id":"https:\/\/dcv-books.com\/en\/produkt\/supernatural-sculptural-visions-of-the-body\/#primaryimage"},"thumbnailUrl":"https:\/\/dcv-books.com\/wp-content\/uploads\/2020\/09\/Supernatural_Cover.jpg","datePublished":"2020-09-01T13:36:33+00:00","dateModified":"2023-04-11T14:42:31+00:00","description":"Supernatural: What will bodies of the future look like? Supernatural offers us some answers in its hyperrealistic and realistic sculptures.","breadcrumb":{"@id":"https:\/\/dcv-books.com\/en\/produkt\/supernatural-sculptural-visions-of-the-body\/#breadcrumb"},"inLanguage":"en-US","potentialAction":[{"@type":"ReadAction","target":["https:\/\/dcv-books.com\/en\/produkt\/supernatural-sculptural-visions-of-the-body\/"]}]},{"@type":"ImageObject","inLanguage":"en-US","@id":"https:\/\/dcv-books.com\/en\/produkt\/supernatural-sculptural-visions-of-the-body\/#primaryimage","url":"https:\/\/dcv-books.com\/wp-content\/uploads\/2020\/09\/Supernatural_Cover.jpg","contentUrl":"https:\/\/dcv-books.com\/wp-content\/uploads\/2020\/09\/Supernatural_Cover.jpg","width":1530,"height":1926,"caption":"Supernatural"},{"@type":"BreadcrumbList","@id":"https:\/\/dcv-books.com\/en\/produkt\/supernatural-sculptural-visions-of-the-body\/#breadcrumb","itemListElement":[{"@type":"ListItem","position":1,"name":"Startseite","item":"https:\/\/dcv-books.com\/en\/"},{"@type":"ListItem","position":2,"name":"Supernatural &#8211; Sculptural Visions of the Body"}]},{"@type":"WebSite","@id":"https:\/\/dcv-books.com\/#website","url":"https:\/\/dcv-books.com\/","name":"DCV","description":"Dr. Cantz&#039;sche Verlagsgesellschaft mbH &amp; Co. KG","potentialAction":[{"@type":"SearchAction","target":{"@type":"EntryPoint","urlTemplate":"https:\/\/dcv-books.com\/?s={search_term_string}"},"query-input":{"@type":"PropertyValueSpecification","valueRequired":true,"valueName":"search_term_string"}}],"inLanguage":"en-US"}]}},"_links":{"self":[{"href":"https:\/\/dcv-books.com\/en\/wp-json\/wp\/v2\/product\/13602","targetHints":{"allow":["GET"]}}],"collection":[{"href":"https:\/\/dcv-books.com\/en\/wp-json\/wp\/v2\/product"}],"about":[{"href":"https:\/\/dcv-books.com\/en\/wp-json\/wp\/v2\/types\/product"}],"wp:featuredmedia":[{"embeddable":true,"href":"https:\/\/dcv-books.com\/en\/wp-json\/wp\/v2\/media\/13595"}],"wp:attachment":[{"href":"https:\/\/dcv-books.com\/en\/wp-json\/wp\/v2\/media?parent=13602"}],"wp:term":[{"taxonomy":"product_brand","embeddable":true,"href":"https:\/\/dcv-books.com\/en\/wp-json\/wp\/v2\/product_brand?post=13602"},{"taxonomy":"product_cat","embeddable":true,"href":"https:\/\/dcv-books.com\/en\/wp-json\/wp\/v2\/product_cat?post=13602"},{"taxonomy":"product_tag","embeddable":true,"href":"https:\/\/dcv-books.com\/en\/wp-json\/wp\/v2\/product_tag?post=13602"}],"curies":[{"name":"wp","href":"https:\/\/api.w.org\/{rel}","templated":true}]}}