{"id":13481,"date":"2020-05-18T10:00:34","date_gmt":"2020-07-23T09:36:34","guid":{"rendered":"https:\/\/dcv-books.com\/produkt\/me-family-portrait-of-a-young-planet\/"},"modified":"2022-08-24T11:05:00","modified_gmt":"2022-08-24T09:05:00","slug":"me-family-portrait-of-a-young-planet","status":"publish","type":"product","link":"https:\/\/dcv-books.com\/en\/produkt\/me-family-portrait-of-a-young-planet\/","title":{"rendered":"Me, Family &#8211;<br> Portrait of a Young Planet"},"content":{"rendered":"<p>In these times of great uncertainty, the themes that surface in the works of the thirty-six international artists gathered in <em>Me, Family<\/em> are more relevant than ever. Compiled by Francesco Bonami with a nod to Edward Steichen\u2019s historic exhibition <em>The Family of Man<\/em>, the volume paints a multifaceted portrait of humanity in the early decades of the twenty-first century. The original installation of photographs and excerpts from writers opened at the Museum of Modern Art in New York in 1955 and then went on a seven-year tour of one hundred and fifty museums all over the world. Matching the radicalism of Steichen\u2019s conception, <em>Me, Family<\/em> presents works by contemporary artists who harness a wide range of media and genres to explore the ways in which humans today engage with their manifold coexistent histories and the diverse challenges they confront. Including reproductions of contemporary art as well as representations of social networks, fashions, information technologies, advertising, sound, music, and performances, the book captures a reality that is beautiful, dramatic, and intoxicating by turns. With writings by Roland Barthes, Francesco Bonami, Edward Steichen, and others.<\/p>\n<p>With works by Lawrence Abu Hamdan, Doug Aitken, Sophia Al Maria, Yuri Ancarani, Darren Bader, Lara Baladi, Cao Fei, Cheng Ran, Cl\u00e9ment Cogitore, Istv\u00e1n Cs\u00e1k\u00e1ny, Christian Falsnaes, Harun Farocki, Simon Fujiwara, Rainer Ganahl, Theaster Gates, Jack Goldstein, Andreas Gursky, Thomas Hirschhorn, Hassan Khan, Ga Ram Kim, Olia Lialina, Li Ming, Cristina Lucas, Karolina Markiewicz &amp; Pascal Piron, Eva &amp; Franco Mattes, Shirin Neshat, Philippe Parreno, Mario Pfeifer, Jon Rafman, Cindy Sherman, Marianna Simnett, Rudolf Stingel, Thomas Struth, Wolfgang Tillmans, Jordan Wolfson, Wong Ping, and Akram Zaatari.<\/p>\n","protected":false},"excerpt":{"rendered":"<p><strong>A Journey Through Many Worlds<\/strong><\/p>\n<p>In these times of great uncertainty, the themes that surface in the works of the thirty-six international artists gathered in <em>Me, Family<\/em> are more relevant than ever. Compiled by Francesco Bonami with a nod to Edward Steichen\u2019s historic exhibition <em>The Family of Man<\/em>, the volume paints a multifaceted portrait of humanity in the early decades of the twenty-first century. The original installation of photographs and excerpts from writers opened at the Museum of Modern Art in New York in 1955 and then went on a seven-year tour of one hundred and fifty museums all over the world. Matching the radicalism of Steichen\u2019s conception, <em>Me, Family<\/em> presents works by contemporary artists who harness a wide range of media and genres to explore the ways in which humans today engage with their manifold coexistent histories and the diverse challenges they confront. Including reproductions of contemporary art as well as representations of social networks, fashions, information technologies, advertising, sound, music, and performances, the book captures a reality that is beautiful, dramatic, and intoxicating by turns. With writings by Roland Barthes, Francesco Bonami, Edward Steichen, and others.<\/p>\n<p>With works by Lawrence Abu Hamdan, Doug Aitken, Sophia Al Maria, Yuri Ancarani, Darren Bader, Lara Baladi, Cao Fei, Cheng Ran, Cl\u00e9ment Cogitore, Istv\u00e1n Cs\u00e1k\u00e1ny, Christian Falsnaes, Harun Farocki, Simon Fujiwara, Rainer Ganahl, Theaster Gates, Jack Goldstein, Andreas Gursky, Thomas Hirschhorn, Hassan Khan, Ga Ram Kim, Olia Lialina, Li Ming, Cristina Lucas, Karolina Markiewicz &amp; Pascal Piron, Eva &amp; Franco Mattes, Shirin Neshat, Philippe Parreno, Mario Pfeifer, Jon Rafman, Cindy Sherman, Marianna Simnett, Rudolf Stingel, Thomas Struth, Wolfgang Tillmans, Jordan Wolfson, Wong Ping, and Akram Zaatari.<\/p>\n","protected":false},"featured_media":13472,"template":"","meta":{"_acf_changed":false},"product_brand":[],"product_cat":[2208,2214,2210,2212,2218,2213,2216,2211,2217],"product_tag":[],"class_list":{"0":"post-13481","1":"product","2":"type-product","3":"status-publish","4":"has-post-thumbnail","6":"product_cat-all-books","7":"product_cat-fashion","8":"product_cat-film-and-video","9":"product_cat-installation-art","10":"product_cat-on-art","11":"product_cat-painting","12":"product_cat-performance-art","13":"product_cat-photography","14":"product_cat-sculpture","16":"first","17":"instock","18":"taxable","19":"shipping-taxable","20":"purchasable","21":"product-type-simple"},"acf":[],"yoast_head":"<!-- This site is optimized with the Yoast SEO plugin v27.5 - https:\/\/yoast.com\/product\/yoast-seo-wordpress\/ -->\n<title>Me, Family - Portrait of a Young Planet - DCV<\/title>\n<meta name=\"description\" content=\"Me, Family \u2013 Portrait of a Young Planet presents works by contemporary artists who explore the ways in which humans today confront various challenges.\" \/>\n<meta name=\"robots\" content=\"index, follow, max-snippet:-1, max-image-preview:large, max-video-preview:-1\" \/>\n<link rel=\"canonical\" href=\"https:\/\/dcv-books.com\/en\/produkt\/me-family-portrait-of-a-young-planet\/\" \/>\n<meta property=\"og:locale\" content=\"en_US\" \/>\n<meta property=\"og:type\" content=\"article\" \/>\n<meta property=\"og:title\" content=\"Me, Family - Portrait of a Young Planet - DCV\" \/>\n<meta property=\"og:description\" content=\"Me, Family \u2013 Portrait of a Young Planet presents works by contemporary artists who explore the ways in which humans today confront various challenges.\" \/>\n<meta property=\"og:url\" content=\"https:\/\/dcv-books.com\/en\/produkt\/me-family-portrait-of-a-young-planet\/\" \/>\n<meta property=\"og:site_name\" content=\"DCV\" \/>\n<meta property=\"article:modified_time\" content=\"2022-08-24T09:05:00+00:00\" \/>\n<meta property=\"og:image\" content=\"https:\/\/dcv-books.com\/wp-content\/uploads\/2020\/07\/Me_Family_Cover_small.jpg\" \/>\n\t<meta property=\"og:image:width\" content=\"1000\" \/>\n\t<meta property=\"og:image:height\" content=\"767\" \/>\n\t<meta property=\"og:image:type\" content=\"image\/jpeg\" \/>\n<meta name=\"twitter:card\" content=\"summary_large_image\" \/>\n<meta name=\"twitter:label1\" content=\"Est. reading time\" \/>\n\t<meta name=\"twitter:data1\" content=\"2 minutes\" \/>\n<script type=\"application\/ld+json\" class=\"yoast-schema-graph\">{\"@context\":\"https:\\\/\\\/schema.org\",\"@graph\":[{\"@type\":\"WebPage\",\"@id\":\"https:\\\/\\\/dcv-books.com\\\/en\\\/produkt\\\/me-family-portrait-of-a-young-planet\\\/\",\"url\":\"https:\\\/\\\/dcv-books.com\\\/en\\\/produkt\\\/me-family-portrait-of-a-young-planet\\\/\",\"name\":\"Me, Family - Portrait of a Young Planet - DCV\",\"isPartOf\":{\"@id\":\"https:\\\/\\\/dcv-books.com\\\/#website\"},\"primaryImageOfPage\":{\"@id\":\"https:\\\/\\\/dcv-books.com\\\/en\\\/produkt\\\/me-family-portrait-of-a-young-planet\\\/#primaryimage\"},\"image\":{\"@id\":\"https:\\\/\\\/dcv-books.com\\\/en\\\/produkt\\\/me-family-portrait-of-a-young-planet\\\/#primaryimage\"},\"thumbnailUrl\":\"https:\\\/\\\/dcv-books.com\\\/wp-content\\\/uploads\\\/2020\\\/07\\\/Me_Family_Cover_small.jpg\",\"datePublished\":\"2020-07-23T09:36:34+00:00\",\"dateModified\":\"2022-08-24T09:05:00+00:00\",\"description\":\"Me, Family \u2013 Portrait of a Young Planet presents works by contemporary artists who explore the ways in which humans today confront various challenges.\",\"breadcrumb\":{\"@id\":\"https:\\\/\\\/dcv-books.com\\\/en\\\/produkt\\\/me-family-portrait-of-a-young-planet\\\/#breadcrumb\"},\"inLanguage\":\"en-US\",\"potentialAction\":[{\"@type\":\"ReadAction\",\"target\":[\"https:\\\/\\\/dcv-books.com\\\/en\\\/produkt\\\/me-family-portrait-of-a-young-planet\\\/\"]}]},{\"@type\":\"ImageObject\",\"inLanguage\":\"en-US\",\"@id\":\"https:\\\/\\\/dcv-books.com\\\/en\\\/produkt\\\/me-family-portrait-of-a-young-planet\\\/#primaryimage\",\"url\":\"https:\\\/\\\/dcv-books.com\\\/wp-content\\\/uploads\\\/2020\\\/07\\\/Me_Family_Cover_small.jpg\",\"contentUrl\":\"https:\\\/\\\/dcv-books.com\\\/wp-content\\\/uploads\\\/2020\\\/07\\\/Me_Family_Cover_small.jpg\",\"width\":1000,\"height\":767,\"caption\":\"Portrait of a Young Planet\"},{\"@type\":\"BreadcrumbList\",\"@id\":\"https:\\\/\\\/dcv-books.com\\\/en\\\/produkt\\\/me-family-portrait-of-a-young-planet\\\/#breadcrumb\",\"itemListElement\":[{\"@type\":\"ListItem\",\"position\":1,\"name\":\"Startseite\",\"item\":\"https:\\\/\\\/dcv-books.com\\\/en\\\/\"},{\"@type\":\"ListItem\",\"position\":2,\"name\":\"Me, Family &#8211; Portrait of a Young Planet\"}]},{\"@type\":\"WebSite\",\"@id\":\"https:\\\/\\\/dcv-books.com\\\/#website\",\"url\":\"https:\\\/\\\/dcv-books.com\\\/\",\"name\":\"DCV\",\"description\":\"Dr. Cantz&#039;sche Verlagsgesellschaft mbH &amp; Co. KG\",\"potentialAction\":[{\"@type\":\"SearchAction\",\"target\":{\"@type\":\"EntryPoint\",\"urlTemplate\":\"https:\\\/\\\/dcv-books.com\\\/?s={search_term_string}\"},\"query-input\":{\"@type\":\"PropertyValueSpecification\",\"valueRequired\":true,\"valueName\":\"search_term_string\"}}],\"inLanguage\":\"en-US\"}]}<\/script>\n<!-- \/ Yoast SEO plugin. -->","yoast_head_json":{"title":"Me, Family - Portrait of a Young Planet - DCV","description":"Me, Family \u2013 Portrait of a Young Planet presents works by contemporary artists who explore the ways in which humans today confront various challenges.","robots":{"index":"index","follow":"follow","max-snippet":"max-snippet:-1","max-image-preview":"max-image-preview:large","max-video-preview":"max-video-preview:-1"},"canonical":"https:\/\/dcv-books.com\/en\/produkt\/me-family-portrait-of-a-young-planet\/","og_locale":"en_US","og_type":"article","og_title":"Me, Family - Portrait of a Young Planet - DCV","og_description":"Me, Family \u2013 Portrait of a Young Planet presents works by contemporary artists who explore the ways in which humans today confront various challenges.","og_url":"https:\/\/dcv-books.com\/en\/produkt\/me-family-portrait-of-a-young-planet\/","og_site_name":"DCV","article_modified_time":"2022-08-24T09:05:00+00:00","og_image":[{"width":1000,"height":767,"url":"https:\/\/dcv-books.com\/wp-content\/uploads\/2020\/07\/Me_Family_Cover_small.jpg","type":"image\/jpeg"}],"twitter_card":"summary_large_image","twitter_misc":{"Est. reading time":"2 minutes"},"schema":{"@context":"https:\/\/schema.org","@graph":[{"@type":"WebPage","@id":"https:\/\/dcv-books.com\/en\/produkt\/me-family-portrait-of-a-young-planet\/","url":"https:\/\/dcv-books.com\/en\/produkt\/me-family-portrait-of-a-young-planet\/","name":"Me, Family - Portrait of a Young Planet - DCV","isPartOf":{"@id":"https:\/\/dcv-books.com\/#website"},"primaryImageOfPage":{"@id":"https:\/\/dcv-books.com\/en\/produkt\/me-family-portrait-of-a-young-planet\/#primaryimage"},"image":{"@id":"https:\/\/dcv-books.com\/en\/produkt\/me-family-portrait-of-a-young-planet\/#primaryimage"},"thumbnailUrl":"https:\/\/dcv-books.com\/wp-content\/uploads\/2020\/07\/Me_Family_Cover_small.jpg","datePublished":"2020-07-23T09:36:34+00:00","dateModified":"2022-08-24T09:05:00+00:00","description":"Me, Family \u2013 Portrait of a Young Planet presents works by contemporary artists who explore the ways in which humans today confront various challenges.","breadcrumb":{"@id":"https:\/\/dcv-books.com\/en\/produkt\/me-family-portrait-of-a-young-planet\/#breadcrumb"},"inLanguage":"en-US","potentialAction":[{"@type":"ReadAction","target":["https:\/\/dcv-books.com\/en\/produkt\/me-family-portrait-of-a-young-planet\/"]}]},{"@type":"ImageObject","inLanguage":"en-US","@id":"https:\/\/dcv-books.com\/en\/produkt\/me-family-portrait-of-a-young-planet\/#primaryimage","url":"https:\/\/dcv-books.com\/wp-content\/uploads\/2020\/07\/Me_Family_Cover_small.jpg","contentUrl":"https:\/\/dcv-books.com\/wp-content\/uploads\/2020\/07\/Me_Family_Cover_small.jpg","width":1000,"height":767,"caption":"Portrait of a Young Planet"},{"@type":"BreadcrumbList","@id":"https:\/\/dcv-books.com\/en\/produkt\/me-family-portrait-of-a-young-planet\/#breadcrumb","itemListElement":[{"@type":"ListItem","position":1,"name":"Startseite","item":"https:\/\/dcv-books.com\/en\/"},{"@type":"ListItem","position":2,"name":"Me, Family &#8211; Portrait of a Young Planet"}]},{"@type":"WebSite","@id":"https:\/\/dcv-books.com\/#website","url":"https:\/\/dcv-books.com\/","name":"DCV","description":"Dr. Cantz&#039;sche Verlagsgesellschaft mbH &amp; Co. KG","potentialAction":[{"@type":"SearchAction","target":{"@type":"EntryPoint","urlTemplate":"https:\/\/dcv-books.com\/?s={search_term_string}"},"query-input":{"@type":"PropertyValueSpecification","valueRequired":true,"valueName":"search_term_string"}}],"inLanguage":"en-US"}]}},"_links":{"self":[{"href":"https:\/\/dcv-books.com\/en\/wp-json\/wp\/v2\/product\/13481","targetHints":{"allow":["GET"]}}],"collection":[{"href":"https:\/\/dcv-books.com\/en\/wp-json\/wp\/v2\/product"}],"about":[{"href":"https:\/\/dcv-books.com\/en\/wp-json\/wp\/v2\/types\/product"}],"wp:featuredmedia":[{"embeddable":true,"href":"https:\/\/dcv-books.com\/en\/wp-json\/wp\/v2\/media\/13472"}],"wp:attachment":[{"href":"https:\/\/dcv-books.com\/en\/wp-json\/wp\/v2\/media?parent=13481"}],"wp:term":[{"taxonomy":"product_brand","embeddable":true,"href":"https:\/\/dcv-books.com\/en\/wp-json\/wp\/v2\/product_brand?post=13481"},{"taxonomy":"product_cat","embeddable":true,"href":"https:\/\/dcv-books.com\/en\/wp-json\/wp\/v2\/product_cat?post=13481"},{"taxonomy":"product_tag","embeddable":true,"href":"https:\/\/dcv-books.com\/en\/wp-json\/wp\/v2\/product_tag?post=13481"}],"curies":[{"name":"wp","href":"https:\/\/api.w.org\/{rel}","templated":true}]}}