{"id":13422,"date":"2019-07-20T15:53:58","date_gmt":"2019-07-20T13:53:58","guid":{"rendered":"https:\/\/dcv-books.com\/produkt\/stephan-kaluza-mechanik-sehnsucht-kunsterzeugung-und-betrachtung\/"},"modified":"2022-08-24T17:31:31","modified_gmt":"2022-08-24T15:31:31","slug":"stephan-kaluza-mechanik-sehnsucht-kunsterzeugung-und-betrachtung","status":"publish","type":"product","link":"https:\/\/dcv-books.com\/en\/produkt\/stephan-kaluza-mechanik-sehnsucht-kunsterzeugung-und-betrachtung\/","title":{"rendered":"Stephan Kaluza &#8211;<br> Mechanik Sehnsucht. Kunsterzeugung und Betrachtung"},"content":{"rendered":"<p>Die Frage, was Kunst ist und wie sie entsteht, wird gerne von denen beantwortet, die sie selbst nicht erzeugen. Die Betrachtung und Interpretation steht im Vordergrund und damit eine wissenschaftliche Distanz zur Kunst. Es gibt aber durchaus die Eigen-Betrachtung derer, die Kunst aktiv herstellen und naturgem\u00e4\u00df einen inneren Blick auf die prozessualen Bedingungen haben, die \u00fcberhaupt erst das entstehen lassen, was anschlie\u00dfend betrachtet und beurteilt wird. Diese Sichtweise ist nicht zwangsl\u00e4ufig identisch mit der von au\u00dfen. Nicht die Interpretation oder eine deduktive Schl\u00fcssigkeit steht hier im Vordergrund, sondern ein ableitender und besonders ein sch\u00f6pferischer Sinn, der sich aus dem Prozess des Kunstherstellens von selbst ergibt.<\/p>\n<p>Die Arbeiten von Stephan Kaluza (geb. 1964 in Bad Iburg, lebt und arbeitet in D\u00fcsseldorf) wurden unter anderem im Ludwig Museum Koblenz, im State Contemporary Art Museum, Seoul, in der Kunsthalle Osnabr\u00fcck, im Palacete des Artes Rodin, Salvador, im Museum on the Seam, Jerusalem, sowie in der KAI 10 | Arthena Foundation, D\u00fcsseldorf, ausgestellt.<\/p>\n","protected":false},"excerpt":{"rendered":"<p><strong>Ungewohnte Antworten aus der Sicht des Kunsterzeugers<\/strong><\/p>\n<p>Die Frage, was Kunst ist und wie sie entsteht, wird gerne von denen beantwortet, die sie selbst nicht erzeugen. Die Betrachtung und Interpretation steht im Vordergrund und damit eine wissenschaftliche Distanz zur Kunst. Es gibt aber durchaus die Eigen-Betrachtung derer, die Kunst aktiv herstellen und naturgem\u00e4\u00df einen inneren Blick auf die prozessualen Bedingungen haben, die \u00fcberhaupt erst das entstehen lassen, was anschlie\u00dfend betrachtet und beurteilt wird. Diese Sichtweise ist nicht zwangsl\u00e4ufig identisch mit der von au\u00dfen. Nicht die Interpretation oder eine deduktive Schl\u00fcssigkeit steht hier im Vordergrund, sondern ein ableitender und besonders ein sch\u00f6pferischer Sinn, der sich aus dem Prozess des Kunstherstellens von selbst ergibt.<\/p>\n<p>Die Arbeiten von Stephan Kaluza (geb. 1964 in Bad Iburg, lebt und arbeitet in D\u00fcsseldorf) wurden unter anderem im Ludwig Museum Koblenz, im State Contemporary Art Museum, Seoul, in der Kunsthalle Osnabr\u00fcck, im Palacete des Artes Rodin, Salvador, im Museum on the Seam, Jerusalem, sowie in der KAI 10 | Arthena Foundation, D\u00fcsseldorf, ausgestellt.<\/p>\n","protected":false},"featured_media":13421,"template":"","meta":{"_acf_changed":false},"product_brand":[],"product_cat":[2208,2218],"product_tag":[2379],"class_list":{"0":"post-13422","1":"product","2":"type-product","3":"status-publish","4":"has-post-thumbnail","6":"product_cat-all-books","7":"product_cat-on-art","8":"product_tag-stephan-kaluza-en","10":"first","11":"instock","12":"taxable","13":"shipping-taxable","14":"purchasable","15":"product-type-simple"},"acf":[],"yoast_head":"<!-- This site is optimized with the Yoast SEO plugin v27.1.1 - https:\/\/yoast.com\/product\/yoast-seo-wordpress\/ -->\n<title>Stephan Kaluza - Mechanik Sehnsucht. Kunsterzeugung und Betrachtung - DCV<\/title>\n<meta name=\"description\" content=\"Stephan Kaluza \u2013 Mechanik Sehnsucht. Kunsterzeugung und Betrachtung: Ungewohnte Antworten aus der Sicht des Kunsterzeugers\" \/>\n<meta name=\"robots\" content=\"index, follow, max-snippet:-1, max-image-preview:large, max-video-preview:-1\" \/>\n<link rel=\"canonical\" href=\"https:\/\/dcv-books.com\/en\/produkt\/stephan-kaluza-mechanik-sehnsucht-kunsterzeugung-und-betrachtung\/\" \/>\n<meta property=\"og:locale\" content=\"en_US\" \/>\n<meta property=\"og:type\" content=\"article\" \/>\n<meta property=\"og:title\" content=\"Stephan Kaluza - Mechanik Sehnsucht. Kunsterzeugung und Betrachtung - DCV\" \/>\n<meta property=\"og:description\" content=\"Stephan Kaluza \u2013 Mechanik Sehnsucht. Kunsterzeugung und Betrachtung: Ungewohnte Antworten aus der Sicht des Kunsterzeugers\" \/>\n<meta property=\"og:url\" content=\"https:\/\/dcv-books.com\/en\/produkt\/stephan-kaluza-mechanik-sehnsucht-kunsterzeugung-und-betrachtung\/\" \/>\n<meta property=\"og:site_name\" content=\"DCV\" \/>\n<meta property=\"article:modified_time\" content=\"2022-08-24T15:31:31+00:00\" \/>\n<meta property=\"og:image\" content=\"https:\/\/dcv-books.com\/wp-content\/uploads\/2020\/07\/Cover_Kaluza_118x180_300dpi.jpg\" \/>\n\t<meta property=\"og:image:width\" content=\"1394\" \/>\n\t<meta property=\"og:image:height\" content=\"2126\" \/>\n\t<meta property=\"og:image:type\" content=\"image\/jpeg\" \/>\n<meta name=\"twitter:card\" content=\"summary_large_image\" \/>\n<script type=\"application\/ld+json\" class=\"yoast-schema-graph\">{\"@context\":\"https:\/\/schema.org\",\"@graph\":[{\"@type\":\"WebPage\",\"@id\":\"https:\/\/dcv-books.com\/en\/produkt\/stephan-kaluza-mechanik-sehnsucht-kunsterzeugung-und-betrachtung\/\",\"url\":\"https:\/\/dcv-books.com\/en\/produkt\/stephan-kaluza-mechanik-sehnsucht-kunsterzeugung-und-betrachtung\/\",\"name\":\"Stephan Kaluza - Mechanik Sehnsucht. Kunsterzeugung und Betrachtung - DCV\",\"isPartOf\":{\"@id\":\"https:\/\/dcv-books.com\/#website\"},\"primaryImageOfPage\":{\"@id\":\"https:\/\/dcv-books.com\/en\/produkt\/stephan-kaluza-mechanik-sehnsucht-kunsterzeugung-und-betrachtung\/#primaryimage\"},\"image\":{\"@id\":\"https:\/\/dcv-books.com\/en\/produkt\/stephan-kaluza-mechanik-sehnsucht-kunsterzeugung-und-betrachtung\/#primaryimage\"},\"thumbnailUrl\":\"https:\/\/dcv-books.com\/wp-content\/uploads\/2020\/07\/Cover_Kaluza_118x180_300dpi.jpg\",\"datePublished\":\"2019-07-20T13:53:58+00:00\",\"dateModified\":\"2022-08-24T15:31:31+00:00\",\"description\":\"Stephan Kaluza \u2013 Mechanik Sehnsucht. Kunsterzeugung und Betrachtung: Ungewohnte Antworten aus der Sicht des Kunsterzeugers\",\"breadcrumb\":{\"@id\":\"https:\/\/dcv-books.com\/en\/produkt\/stephan-kaluza-mechanik-sehnsucht-kunsterzeugung-und-betrachtung\/#breadcrumb\"},\"inLanguage\":\"en-US\",\"potentialAction\":[{\"@type\":\"ReadAction\",\"target\":[\"https:\/\/dcv-books.com\/en\/produkt\/stephan-kaluza-mechanik-sehnsucht-kunsterzeugung-und-betrachtung\/\"]}]},{\"@type\":\"ImageObject\",\"inLanguage\":\"en-US\",\"@id\":\"https:\/\/dcv-books.com\/en\/produkt\/stephan-kaluza-mechanik-sehnsucht-kunsterzeugung-und-betrachtung\/#primaryimage\",\"url\":\"https:\/\/dcv-books.com\/wp-content\/uploads\/2020\/07\/Cover_Kaluza_118x180_300dpi.jpg\",\"contentUrl\":\"https:\/\/dcv-books.com\/wp-content\/uploads\/2020\/07\/Cover_Kaluza_118x180_300dpi.jpg\",\"width\":1394,\"height\":2126,\"caption\":\"Stephan Kaluza\"},{\"@type\":\"BreadcrumbList\",\"@id\":\"https:\/\/dcv-books.com\/en\/produkt\/stephan-kaluza-mechanik-sehnsucht-kunsterzeugung-und-betrachtung\/#breadcrumb\",\"itemListElement\":[{\"@type\":\"ListItem\",\"position\":1,\"name\":\"Startseite\",\"item\":\"https:\/\/dcv-books.com\/en\/\"},{\"@type\":\"ListItem\",\"position\":2,\"name\":\"Stephan Kaluza &#8211; Mechanik Sehnsucht. Kunsterzeugung und Betrachtung\"}]},{\"@type\":\"WebSite\",\"@id\":\"https:\/\/dcv-books.com\/#website\",\"url\":\"https:\/\/dcv-books.com\/\",\"name\":\"DCV\",\"description\":\"Dr. Cantz&#039;sche Verlagsgesellschaft mbH &amp; Co. KG\",\"potentialAction\":[{\"@type\":\"SearchAction\",\"target\":{\"@type\":\"EntryPoint\",\"urlTemplate\":\"https:\/\/dcv-books.com\/?s={search_term_string}\"},\"query-input\":{\"@type\":\"PropertyValueSpecification\",\"valueRequired\":true,\"valueName\":\"search_term_string\"}}],\"inLanguage\":\"en-US\"}]}<\/script>\n<!-- \/ Yoast SEO plugin. -->","yoast_head_json":{"title":"Stephan Kaluza - Mechanik Sehnsucht. Kunsterzeugung und Betrachtung - DCV","description":"Stephan Kaluza \u2013 Mechanik Sehnsucht. Kunsterzeugung und Betrachtung: Ungewohnte Antworten aus der Sicht des Kunsterzeugers","robots":{"index":"index","follow":"follow","max-snippet":"max-snippet:-1","max-image-preview":"max-image-preview:large","max-video-preview":"max-video-preview:-1"},"canonical":"https:\/\/dcv-books.com\/en\/produkt\/stephan-kaluza-mechanik-sehnsucht-kunsterzeugung-und-betrachtung\/","og_locale":"en_US","og_type":"article","og_title":"Stephan Kaluza - Mechanik Sehnsucht. Kunsterzeugung und Betrachtung - DCV","og_description":"Stephan Kaluza \u2013 Mechanik Sehnsucht. Kunsterzeugung und Betrachtung: Ungewohnte Antworten aus der Sicht des Kunsterzeugers","og_url":"https:\/\/dcv-books.com\/en\/produkt\/stephan-kaluza-mechanik-sehnsucht-kunsterzeugung-und-betrachtung\/","og_site_name":"DCV","article_modified_time":"2022-08-24T15:31:31+00:00","og_image":[{"width":1394,"height":2126,"url":"https:\/\/dcv-books.com\/wp-content\/uploads\/2020\/07\/Cover_Kaluza_118x180_300dpi.jpg","type":"image\/jpeg"}],"twitter_card":"summary_large_image","schema":{"@context":"https:\/\/schema.org","@graph":[{"@type":"WebPage","@id":"https:\/\/dcv-books.com\/en\/produkt\/stephan-kaluza-mechanik-sehnsucht-kunsterzeugung-und-betrachtung\/","url":"https:\/\/dcv-books.com\/en\/produkt\/stephan-kaluza-mechanik-sehnsucht-kunsterzeugung-und-betrachtung\/","name":"Stephan Kaluza - Mechanik Sehnsucht. Kunsterzeugung und Betrachtung - DCV","isPartOf":{"@id":"https:\/\/dcv-books.com\/#website"},"primaryImageOfPage":{"@id":"https:\/\/dcv-books.com\/en\/produkt\/stephan-kaluza-mechanik-sehnsucht-kunsterzeugung-und-betrachtung\/#primaryimage"},"image":{"@id":"https:\/\/dcv-books.com\/en\/produkt\/stephan-kaluza-mechanik-sehnsucht-kunsterzeugung-und-betrachtung\/#primaryimage"},"thumbnailUrl":"https:\/\/dcv-books.com\/wp-content\/uploads\/2020\/07\/Cover_Kaluza_118x180_300dpi.jpg","datePublished":"2019-07-20T13:53:58+00:00","dateModified":"2022-08-24T15:31:31+00:00","description":"Stephan Kaluza \u2013 Mechanik Sehnsucht. Kunsterzeugung und Betrachtung: Ungewohnte Antworten aus der Sicht des Kunsterzeugers","breadcrumb":{"@id":"https:\/\/dcv-books.com\/en\/produkt\/stephan-kaluza-mechanik-sehnsucht-kunsterzeugung-und-betrachtung\/#breadcrumb"},"inLanguage":"en-US","potentialAction":[{"@type":"ReadAction","target":["https:\/\/dcv-books.com\/en\/produkt\/stephan-kaluza-mechanik-sehnsucht-kunsterzeugung-und-betrachtung\/"]}]},{"@type":"ImageObject","inLanguage":"en-US","@id":"https:\/\/dcv-books.com\/en\/produkt\/stephan-kaluza-mechanik-sehnsucht-kunsterzeugung-und-betrachtung\/#primaryimage","url":"https:\/\/dcv-books.com\/wp-content\/uploads\/2020\/07\/Cover_Kaluza_118x180_300dpi.jpg","contentUrl":"https:\/\/dcv-books.com\/wp-content\/uploads\/2020\/07\/Cover_Kaluza_118x180_300dpi.jpg","width":1394,"height":2126,"caption":"Stephan Kaluza"},{"@type":"BreadcrumbList","@id":"https:\/\/dcv-books.com\/en\/produkt\/stephan-kaluza-mechanik-sehnsucht-kunsterzeugung-und-betrachtung\/#breadcrumb","itemListElement":[{"@type":"ListItem","position":1,"name":"Startseite","item":"https:\/\/dcv-books.com\/en\/"},{"@type":"ListItem","position":2,"name":"Stephan Kaluza &#8211; Mechanik Sehnsucht. Kunsterzeugung und Betrachtung"}]},{"@type":"WebSite","@id":"https:\/\/dcv-books.com\/#website","url":"https:\/\/dcv-books.com\/","name":"DCV","description":"Dr. Cantz&#039;sche Verlagsgesellschaft mbH &amp; Co. KG","potentialAction":[{"@type":"SearchAction","target":{"@type":"EntryPoint","urlTemplate":"https:\/\/dcv-books.com\/?s={search_term_string}"},"query-input":{"@type":"PropertyValueSpecification","valueRequired":true,"valueName":"search_term_string"}}],"inLanguage":"en-US"}]}},"_links":{"self":[{"href":"https:\/\/dcv-books.com\/en\/wp-json\/wp\/v2\/product\/13422","targetHints":{"allow":["GET"]}}],"collection":[{"href":"https:\/\/dcv-books.com\/en\/wp-json\/wp\/v2\/product"}],"about":[{"href":"https:\/\/dcv-books.com\/en\/wp-json\/wp\/v2\/types\/product"}],"wp:featuredmedia":[{"embeddable":true,"href":"https:\/\/dcv-books.com\/en\/wp-json\/wp\/v2\/media\/13421"}],"wp:attachment":[{"href":"https:\/\/dcv-books.com\/en\/wp-json\/wp\/v2\/media?parent=13422"}],"wp:term":[{"taxonomy":"product_brand","embeddable":true,"href":"https:\/\/dcv-books.com\/en\/wp-json\/wp\/v2\/product_brand?post=13422"},{"taxonomy":"product_cat","embeddable":true,"href":"https:\/\/dcv-books.com\/en\/wp-json\/wp\/v2\/product_cat?post=13422"},{"taxonomy":"product_tag","embeddable":true,"href":"https:\/\/dcv-books.com\/en\/wp-json\/wp\/v2\/product_tag?post=13422"}],"curies":[{"name":"wp","href":"https:\/\/api.w.org\/{rel}","templated":true}]}}