{"id":12959,"date":"2020-05-17T23:40:17","date_gmt":"2020-06-09T11:51:17","guid":{"rendered":"https:\/\/dcv-books.com\/produkt\/shara-hughes-day-by-day-by-day\/"},"modified":"2024-03-07T12:15:44","modified_gmt":"2024-03-07T11:15:44","slug":"shara-hughes-day-by-day-by-day","status":"publish","type":"product","link":"https:\/\/dcv-books.com\/en\/produkt\/shara-hughes-day-by-day-by-day\/","title":{"rendered":"Shara Hughes &#8211;<br> Day by Day by Day"},"content":{"rendered":"<p>The painter Shara Hughes (b. Atlanta, GA, 1981; lives and works in Brooklyn, NY, USA) is one of the rising stars of the American arts scene. Her colorful imaginary landscapes, executed in a radiant palette and with an expressive gesture, pay homage to the Symbolists, the Fauves, and the Expressionists, whose artful handling of lighting and depth she deftly emulates. In an intuitive approach, Hughes applies paints to the canvas that match her present state of mind. She calls her pictures \u201cemotional landscapes\u201d and notes that she does not know what will happen next; her work on them touches on a vulnerable boundary. The lavish book presents numerous works on paper, most of them in large formats, and contains an essay by the New York-based art critic Andrew Russeth.<\/p>\n<p>Shara Hughes graduated from the Rhode Island School of Design and later attended the Skowhegan School of Painting &amp; Sculpture in Madison, ME. She has had solo shows at the Arts Club, London, the Newport Art Museum, the Metropolitan Opera, New York, and the Museum of Contemporary Art of Georgia, Atlanta. In 2017, her work was included in the Whitney Biennial at the Whitney Museum of American Art, New York.<\/p>\n<p>Die englische Ausgabe finden Sie <a href=\"https:\/\/dcv-books.com\/en\/produkt\/the-art-of-society-1900-1945\/\">hier<\/a>. Candida H\u00f6fer Bonn<\/p>\n<p>In den 1970er-Jahren und legte sie eine lange kreative Pause ein, in der sie sich nach dem Umzug nach Omaha, Nebraska, intensiv um die Gr\u00fcndung verschiedener Restaurants und die Entwicklung eines ganzen Altstadtquartiers k\u00fcmmerte. Doch seit Beginn des neuen. Jahrhunderts h\u00e4lt sie atemberaubende neo-barocke. Stillleben, bestehend aus Blumen, Fr\u00fcchten, frisch erlegten Tieren, antiken Gl\u00e4sern und illuminierenden Kerzen in gro\u00dfen Bildformaten fest. <span class=\"font-weight-normal\">die kunst der gesellschaft<\/span> neue nationalgalerie <span class=\"font-weight-normal\">candida h\u00f6fer<\/span> kaufen<\/p>\n<p><a href=\"https:\/\/www.hockney.com\/home\" target=\"_blank\" rel=\"noopener\">Hier ist seine Website und<\/a>. link zu einem <a href=\"https:\/\/dcv-books.com\/produkt\/vore-stueckwerk-mensch\/\">anderen buch\u00a0<\/a> Das Markenzeichen von. Jeff Wall (geb. 1946 in Vancouver, lebt und arbeitet in Vancouver) sind gro\u00dfformatige Dialeuchtk\u00e4sten, auf denen er sorgf\u00e4ltig komponierte Szenen wie Film-Stills pr\u00e4sentiert. Der studierte. Kunsthistoriker knu\u0308pft mit seinen Werken vielseitige Verbindungen zur. Kunstgeschichte und wird aufgrund seiner aufwendigen Inszenierungen immer wieder mit und den Meistern der Moderne verglichen. Mit einem besonderen Fokus auf Konstellationen, und die das fotografische Medium in. Form einer Spurensuche pr\u00e4sentieren, erm\u00f6glicht das Buch einen neuen Blick auf Arbeiten des Ku\u0308nstlers, die bisher selten in Ausstellungen gezeigt wurden. Jeff Wall studierte. Kunstgeschichte an der University of British Columbia, Vancouver, sowie am Courtauld. Institute of Art, London. Seine Arbeiten wurden unter anderem im Museum of Modern Art, New York, in der Tate Modern, London, und im Art Institute of. Chicago ausgestellt. 2008 erhielt er den Audain-Preis fu\u0308r sein Lebenswerk. Candida H\u00f6fer Bonn<\/p>\n","protected":false},"excerpt":{"rendered":"<p class=\"introzeile-buecher\">Graphic Manifestations of the Unconscious<\/p>\n<p>The painter Shara Hughes (b. Atlanta, GA, 1981; lives and works in Brooklyn, NY, USA) is one of the rising stars of the American arts scene. Her colorful imaginary landscapes, executed in a radiant palette and with an expressive gesture, pay homage to the Symbolists, the Fauves, and the Expressionists, whose artful handling of lighting and depth she deftly emulates. In an intuitive approach, Hughes applies paints to the canvas that match her present state of mind. She calls her pictures \u201cemotional landscapes\u201d and notes that she does not know what will happen next; her work on them touches on a vulnerable boundary. The lavish book presents numerous works on paper, most of them in large formats, and contains an essay by the New York-based art critic Andrew Russeth.<\/p>\n<p>Shara Hughes graduated from the Rhode Island School of Design and later attended the Skowhegan School of Painting &amp; Sculpture in Madison, ME. She has had solo shows at the Arts Club, London, the Newport Art Museum, the Metropolitan Opera, New York, and the Museum of Contemporary Art of Georgia, Atlanta. In 2017, her work was included in the Whitney Biennial at the Whitney Museum of American Art, New York.<\/p>\n","protected":false},"featured_media":12944,"template":"","meta":{"_acf_changed":false},"product_brand":[],"product_cat":[2208,2213],"product_tag":[],"class_list":{"0":"post-12959","1":"product","2":"type-product","3":"status-publish","4":"has-post-thumbnail","6":"product_cat-all-books","7":"product_cat-painting","9":"first","10":"instock","11":"taxable","12":"shipping-taxable","13":"product-type-simple"},"acf":[],"yoast_head":"<!-- This site is optimized with the Yoast SEO plugin v27.1.1 - https:\/\/yoast.com\/product\/yoast-seo-wordpress\/ -->\n<title>Shara Hughes - Day by Day by Day - DCV<\/title>\n<meta name=\"description\" content=\"Shara Hughes \u2013 Day by Day by Day: The lavish book presents numerous works on paper, most of them in large formats, and contains an essay by Andrew Russeth.\" \/>\n<meta name=\"robots\" content=\"index, follow, max-snippet:-1, max-image-preview:large, max-video-preview:-1\" \/>\n<link rel=\"canonical\" href=\"https:\/\/dcv-books.com\/en\/produkt\/shara-hughes-day-by-day-by-day\/\" \/>\n<meta property=\"og:locale\" content=\"en_US\" \/>\n<meta property=\"og:type\" content=\"article\" \/>\n<meta property=\"og:title\" content=\"Shara Hughes - Day by Day by Day - DCV\" \/>\n<meta property=\"og:description\" content=\"Shara Hughes \u2013 Day by Day by Day: The lavish book presents numerous works on paper, most of them in large formats, and contains an essay by Andrew Russeth.\" \/>\n<meta property=\"og:url\" content=\"https:\/\/dcv-books.com\/en\/produkt\/shara-hughes-day-by-day-by-day\/\" \/>\n<meta property=\"og:site_name\" content=\"DCV\" \/>\n<meta property=\"article:modified_time\" content=\"2024-03-07T11:15:44+00:00\" \/>\n<meta property=\"og:image\" content=\"https:\/\/dcv-books.com\/wp-content\/uploads\/2020\/06\/Cover-Shara-Hughes.jpg\" \/>\n\t<meta property=\"og:image:width\" content=\"1436\" \/>\n\t<meta property=\"og:image:height\" content=\"2342\" \/>\n\t<meta property=\"og:image:type\" content=\"image\/jpeg\" \/>\n<meta name=\"twitter:card\" content=\"summary_large_image\" \/>\n<meta name=\"twitter:label1\" content=\"Est. reading time\" \/>\n\t<meta name=\"twitter:data1\" content=\"3 minutes\" \/>\n<script type=\"application\/ld+json\" class=\"yoast-schema-graph\">{\"@context\":\"https:\/\/schema.org\",\"@graph\":[{\"@type\":\"WebPage\",\"@id\":\"https:\/\/dcv-books.com\/en\/produkt\/shara-hughes-day-by-day-by-day\/\",\"url\":\"https:\/\/dcv-books.com\/en\/produkt\/shara-hughes-day-by-day-by-day\/\",\"name\":\"Shara Hughes - Day by Day by Day - DCV\",\"isPartOf\":{\"@id\":\"https:\/\/dcv-books.com\/#website\"},\"primaryImageOfPage\":{\"@id\":\"https:\/\/dcv-books.com\/en\/produkt\/shara-hughes-day-by-day-by-day\/#primaryimage\"},\"image\":{\"@id\":\"https:\/\/dcv-books.com\/en\/produkt\/shara-hughes-day-by-day-by-day\/#primaryimage\"},\"thumbnailUrl\":\"https:\/\/dcv-books.com\/wp-content\/uploads\/2020\/06\/Cover-Shara-Hughes.jpg\",\"datePublished\":\"2020-06-09T11:51:17+00:00\",\"dateModified\":\"2024-03-07T11:15:44+00:00\",\"description\":\"Shara Hughes \u2013 Day by Day by Day: The lavish book presents numerous works on paper, most of them in large formats, and contains an essay by Andrew Russeth.\",\"breadcrumb\":{\"@id\":\"https:\/\/dcv-books.com\/en\/produkt\/shara-hughes-day-by-day-by-day\/#breadcrumb\"},\"inLanguage\":\"en-US\",\"potentialAction\":[{\"@type\":\"ReadAction\",\"target\":[\"https:\/\/dcv-books.com\/en\/produkt\/shara-hughes-day-by-day-by-day\/\"]}]},{\"@type\":\"ImageObject\",\"inLanguage\":\"en-US\",\"@id\":\"https:\/\/dcv-books.com\/en\/produkt\/shara-hughes-day-by-day-by-day\/#primaryimage\",\"url\":\"https:\/\/dcv-books.com\/wp-content\/uploads\/2020\/06\/Cover-Shara-Hughes.jpg\",\"contentUrl\":\"https:\/\/dcv-books.com\/wp-content\/uploads\/2020\/06\/Cover-Shara-Hughes.jpg\",\"width\":1436,\"height\":2342,\"caption\":\"Shara Hughes\"},{\"@type\":\"BreadcrumbList\",\"@id\":\"https:\/\/dcv-books.com\/en\/produkt\/shara-hughes-day-by-day-by-day\/#breadcrumb\",\"itemListElement\":[{\"@type\":\"ListItem\",\"position\":1,\"name\":\"Startseite\",\"item\":\"https:\/\/dcv-books.com\/en\/\"},{\"@type\":\"ListItem\",\"position\":2,\"name\":\"Shara Hughes &#8211; Day by Day by Day\"}]},{\"@type\":\"WebSite\",\"@id\":\"https:\/\/dcv-books.com\/#website\",\"url\":\"https:\/\/dcv-books.com\/\",\"name\":\"DCV\",\"description\":\"Dr. Cantz&#039;sche Verlagsgesellschaft mbH &amp; Co. KG\",\"potentialAction\":[{\"@type\":\"SearchAction\",\"target\":{\"@type\":\"EntryPoint\",\"urlTemplate\":\"https:\/\/dcv-books.com\/?s={search_term_string}\"},\"query-input\":{\"@type\":\"PropertyValueSpecification\",\"valueRequired\":true,\"valueName\":\"search_term_string\"}}],\"inLanguage\":\"en-US\"}]}<\/script>\n<!-- \/ Yoast SEO plugin. -->","yoast_head_json":{"title":"Shara Hughes - Day by Day by Day - DCV","description":"Shara Hughes \u2013 Day by Day by Day: The lavish book presents numerous works on paper, most of them in large formats, and contains an essay by Andrew Russeth.","robots":{"index":"index","follow":"follow","max-snippet":"max-snippet:-1","max-image-preview":"max-image-preview:large","max-video-preview":"max-video-preview:-1"},"canonical":"https:\/\/dcv-books.com\/en\/produkt\/shara-hughes-day-by-day-by-day\/","og_locale":"en_US","og_type":"article","og_title":"Shara Hughes - Day by Day by Day - DCV","og_description":"Shara Hughes \u2013 Day by Day by Day: The lavish book presents numerous works on paper, most of them in large formats, and contains an essay by Andrew Russeth.","og_url":"https:\/\/dcv-books.com\/en\/produkt\/shara-hughes-day-by-day-by-day\/","og_site_name":"DCV","article_modified_time":"2024-03-07T11:15:44+00:00","og_image":[{"width":1436,"height":2342,"url":"https:\/\/dcv-books.com\/wp-content\/uploads\/2020\/06\/Cover-Shara-Hughes.jpg","type":"image\/jpeg"}],"twitter_card":"summary_large_image","twitter_misc":{"Est. reading time":"3 minutes"},"schema":{"@context":"https:\/\/schema.org","@graph":[{"@type":"WebPage","@id":"https:\/\/dcv-books.com\/en\/produkt\/shara-hughes-day-by-day-by-day\/","url":"https:\/\/dcv-books.com\/en\/produkt\/shara-hughes-day-by-day-by-day\/","name":"Shara Hughes - Day by Day by Day - DCV","isPartOf":{"@id":"https:\/\/dcv-books.com\/#website"},"primaryImageOfPage":{"@id":"https:\/\/dcv-books.com\/en\/produkt\/shara-hughes-day-by-day-by-day\/#primaryimage"},"image":{"@id":"https:\/\/dcv-books.com\/en\/produkt\/shara-hughes-day-by-day-by-day\/#primaryimage"},"thumbnailUrl":"https:\/\/dcv-books.com\/wp-content\/uploads\/2020\/06\/Cover-Shara-Hughes.jpg","datePublished":"2020-06-09T11:51:17+00:00","dateModified":"2024-03-07T11:15:44+00:00","description":"Shara Hughes \u2013 Day by Day by Day: The lavish book presents numerous works on paper, most of them in large formats, and contains an essay by Andrew Russeth.","breadcrumb":{"@id":"https:\/\/dcv-books.com\/en\/produkt\/shara-hughes-day-by-day-by-day\/#breadcrumb"},"inLanguage":"en-US","potentialAction":[{"@type":"ReadAction","target":["https:\/\/dcv-books.com\/en\/produkt\/shara-hughes-day-by-day-by-day\/"]}]},{"@type":"ImageObject","inLanguage":"en-US","@id":"https:\/\/dcv-books.com\/en\/produkt\/shara-hughes-day-by-day-by-day\/#primaryimage","url":"https:\/\/dcv-books.com\/wp-content\/uploads\/2020\/06\/Cover-Shara-Hughes.jpg","contentUrl":"https:\/\/dcv-books.com\/wp-content\/uploads\/2020\/06\/Cover-Shara-Hughes.jpg","width":1436,"height":2342,"caption":"Shara Hughes"},{"@type":"BreadcrumbList","@id":"https:\/\/dcv-books.com\/en\/produkt\/shara-hughes-day-by-day-by-day\/#breadcrumb","itemListElement":[{"@type":"ListItem","position":1,"name":"Startseite","item":"https:\/\/dcv-books.com\/en\/"},{"@type":"ListItem","position":2,"name":"Shara Hughes &#8211; Day by Day by Day"}]},{"@type":"WebSite","@id":"https:\/\/dcv-books.com\/#website","url":"https:\/\/dcv-books.com\/","name":"DCV","description":"Dr. Cantz&#039;sche Verlagsgesellschaft mbH &amp; Co. KG","potentialAction":[{"@type":"SearchAction","target":{"@type":"EntryPoint","urlTemplate":"https:\/\/dcv-books.com\/?s={search_term_string}"},"query-input":{"@type":"PropertyValueSpecification","valueRequired":true,"valueName":"search_term_string"}}],"inLanguage":"en-US"}]}},"_links":{"self":[{"href":"https:\/\/dcv-books.com\/en\/wp-json\/wp\/v2\/product\/12959","targetHints":{"allow":["GET"]}}],"collection":[{"href":"https:\/\/dcv-books.com\/en\/wp-json\/wp\/v2\/product"}],"about":[{"href":"https:\/\/dcv-books.com\/en\/wp-json\/wp\/v2\/types\/product"}],"wp:featuredmedia":[{"embeddable":true,"href":"https:\/\/dcv-books.com\/en\/wp-json\/wp\/v2\/media\/12944"}],"wp:attachment":[{"href":"https:\/\/dcv-books.com\/en\/wp-json\/wp\/v2\/media?parent=12959"}],"wp:term":[{"taxonomy":"product_brand","embeddable":true,"href":"https:\/\/dcv-books.com\/en\/wp-json\/wp\/v2\/product_brand?post=12959"},{"taxonomy":"product_cat","embeddable":true,"href":"https:\/\/dcv-books.com\/en\/wp-json\/wp\/v2\/product_cat?post=12959"},{"taxonomy":"product_tag","embeddable":true,"href":"https:\/\/dcv-books.com\/en\/wp-json\/wp\/v2\/product_tag?post=12959"}],"curies":[{"name":"wp","href":"https:\/\/api.w.org\/{rel}","templated":true}]}}