{"id":12672,"date":"2020-05-20T23:23:31","date_gmt":"2020-05-20T21:23:31","guid":{"rendered":"https:\/\/dcv-books.com\/?post_type=product&#038;p=12672"},"modified":"2022-08-23T15:30:51","modified_gmt":"2022-08-23T13:30:51","slug":"en-emil-nolde-a-critical-approach-by-mischa-kuball","status":"publish","type":"product","link":"https:\/\/dcv-books.com\/en\/produkt\/en-emil-nolde-a-critical-approach-by-mischa-kuball\/","title":{"rendered":"Emil Nolde &#8211;<br> A Critical Approach by Mischa Kuball"},"content":{"rendered":"<p>Mischa Kuball (b. 1959, D\u00fcsseldorf; lives and works in D\u00fcsseldorf) investigates public and institutional spaces and the social and political discourses that shape them. At the invitation of the Draiflessen Collection and with support from the Nolde Stiftung, the conceptual artist grappled with the life and oeuvre of the painter Emil Nolde (1867\u20131956) and created a body of work titled Nolde\/critique\/Kuball. In piece after piece, Kuball drains Nolde\u2019s works of the colors that made the Expressionist famous, challenging the beholder\u2019s preconceptions and examining perception and its constituent processes. Laid out in black and white, the book accordingly directs our attention not only to what a picture shows, but also to how structures and organizing principles emerge into view.<\/p>\n<p>Mischa Kuball has been professor of public art at the Kunsthochschule f\u00fcr Medien K\u00f6ln, and associate professor of media art at the Staatliche Hochschule f\u00fcr Gestaltung\/ZKM Karlsruhe since 2007.<\/p>\n<p><strong>Note:<\/strong> This publication is released in German, English and Dutch. When ordering, please let us know which edition you would like to receive. Use the annotation box on the checkout page.<\/p>\n","protected":false},"excerpt":{"rendered":"<p class=\"introzeile-buecher\">What is Visible and What is Not<\/p>\n<p>Mischa Kuball (b. 1959, D\u00fcsseldorf; lives and works in D\u00fcsseldorf) investigates public and institutional spaces and the social and political discourses that shape them. At the invitation of the Draiflessen Collection and with support from the Nolde Stiftung, the conceptual artist grappled with the life and oeuvre of the painter Emil Nolde (1867\u20131956) and created a body of work titled Nolde\/critique\/Kuball. In piece after piece, Kuball drains Nolde\u2019s works of the colors that made the Expressionist famous, challenging the beholder\u2019s preconceptions and examining perception and its constituent processes. Laid out in black and white, the book accordingly directs our attention not only to what a picture shows, but also to how structures and organizing principles emerge into view.<\/p>\n<p>Mischa Kuball has been professor of public art at the Kunsthochschule f\u00fcr Medien K\u00f6ln, and associate professor of media art at the Staatliche Hochschule f\u00fcr Gestaltung\/ZKM Karlsruhe since 2007.<\/p>\n<p><strong>Note:<\/strong> This publication is released in German, English and Dutch. When ordering, please let us know which edition you would like to receive. Use the annotation box on the checkout page.<\/p>\n","protected":false},"featured_media":12676,"template":"","meta":{"_acf_changed":false},"product_brand":[],"product_cat":[2208,2212,2213,2211],"product_tag":[],"class_list":{"0":"post-12672","1":"product","2":"type-product","3":"status-publish","4":"has-post-thumbnail","6":"product_cat-all-books","7":"product_cat-installation-art","8":"product_cat-painting","9":"product_cat-photography","11":"first","12":"instock","13":"taxable","14":"shipping-taxable","15":"purchasable","16":"product-type-simple"},"acf":[],"yoast_head":"<!-- This site is optimized with the Yoast SEO plugin v27.5 - https:\/\/yoast.com\/product\/yoast-seo-wordpress\/ -->\n<title>Emil Nolde - A Critical Approach by Mischa Kuball - DCV<\/title>\n<meta name=\"description\" content=\"Emil Nolde \u2013 A Critical Approach is Mischa Kuball &#039;s critical examination of the oeuvre of the painter Emil Nolde (1867\u20131956).\" \/>\n<meta name=\"robots\" content=\"index, follow, max-snippet:-1, max-image-preview:large, max-video-preview:-1\" \/>\n<link rel=\"canonical\" href=\"https:\/\/dcv-books.com\/en\/produkt\/en-emil-nolde-a-critical-approach-by-mischa-kuball\/\" \/>\n<meta property=\"og:locale\" content=\"en_US\" \/>\n<meta property=\"og:type\" content=\"article\" \/>\n<meta property=\"og:title\" content=\"Emil Nolde - A Critical Approach by Mischa Kuball - DCV\" \/>\n<meta property=\"og:description\" content=\"Emil Nolde \u2013 A Critical Approach is Mischa Kuball &#039;s critical examination of the oeuvre of the painter Emil Nolde (1867\u20131956).\" \/>\n<meta property=\"og:url\" content=\"https:\/\/dcv-books.com\/en\/produkt\/en-emil-nolde-a-critical-approach-by-mischa-kuball\/\" \/>\n<meta property=\"og:site_name\" content=\"DCV\" \/>\n<meta property=\"article:modified_time\" content=\"2022-08-23T13:30:51+00:00\" \/>\n<meta property=\"og:image\" content=\"https:\/\/dcv-books.com\/wp-content\/uploads\/2020\/05\/KuballNolde_Cover.jpg\" \/>\n\t<meta property=\"og:image:width\" content=\"2126\" \/>\n\t<meta property=\"og:image:height\" content=\"2539\" \/>\n\t<meta property=\"og:image:type\" content=\"image\/jpeg\" \/>\n<meta name=\"twitter:card\" content=\"summary_large_image\" \/>\n<meta name=\"twitter:label1\" content=\"Est. reading time\" \/>\n\t<meta name=\"twitter:data1\" content=\"1 minute\" \/>\n<script type=\"application\/ld+json\" class=\"yoast-schema-graph\">{\"@context\":\"https:\\\/\\\/schema.org\",\"@graph\":[{\"@type\":\"WebPage\",\"@id\":\"https:\\\/\\\/dcv-books.com\\\/en\\\/produkt\\\/en-emil-nolde-a-critical-approach-by-mischa-kuball\\\/\",\"url\":\"https:\\\/\\\/dcv-books.com\\\/en\\\/produkt\\\/en-emil-nolde-a-critical-approach-by-mischa-kuball\\\/\",\"name\":\"Emil Nolde - A Critical Approach by Mischa Kuball - DCV\",\"isPartOf\":{\"@id\":\"https:\\\/\\\/dcv-books.com\\\/#website\"},\"primaryImageOfPage\":{\"@id\":\"https:\\\/\\\/dcv-books.com\\\/en\\\/produkt\\\/en-emil-nolde-a-critical-approach-by-mischa-kuball\\\/#primaryimage\"},\"image\":{\"@id\":\"https:\\\/\\\/dcv-books.com\\\/en\\\/produkt\\\/en-emil-nolde-a-critical-approach-by-mischa-kuball\\\/#primaryimage\"},\"thumbnailUrl\":\"https:\\\/\\\/dcv-books.com\\\/wp-content\\\/uploads\\\/2020\\\/05\\\/KuballNolde_Cover.jpg\",\"datePublished\":\"2020-05-20T21:23:31+00:00\",\"dateModified\":\"2022-08-23T13:30:51+00:00\",\"description\":\"Emil Nolde \u2013 A Critical Approach is Mischa Kuball 's critical examination of the oeuvre of the painter Emil Nolde (1867\u20131956).\",\"breadcrumb\":{\"@id\":\"https:\\\/\\\/dcv-books.com\\\/en\\\/produkt\\\/en-emil-nolde-a-critical-approach-by-mischa-kuball\\\/#breadcrumb\"},\"inLanguage\":\"en-US\",\"potentialAction\":[{\"@type\":\"ReadAction\",\"target\":[\"https:\\\/\\\/dcv-books.com\\\/en\\\/produkt\\\/en-emil-nolde-a-critical-approach-by-mischa-kuball\\\/\"]}]},{\"@type\":\"ImageObject\",\"inLanguage\":\"en-US\",\"@id\":\"https:\\\/\\\/dcv-books.com\\\/en\\\/produkt\\\/en-emil-nolde-a-critical-approach-by-mischa-kuball\\\/#primaryimage\",\"url\":\"https:\\\/\\\/dcv-books.com\\\/wp-content\\\/uploads\\\/2020\\\/05\\\/KuballNolde_Cover.jpg\",\"contentUrl\":\"https:\\\/\\\/dcv-books.com\\\/wp-content\\\/uploads\\\/2020\\\/05\\\/KuballNolde_Cover.jpg\",\"width\":2126,\"height\":2539,\"caption\":\"Emil Nolde\"},{\"@type\":\"BreadcrumbList\",\"@id\":\"https:\\\/\\\/dcv-books.com\\\/en\\\/produkt\\\/en-emil-nolde-a-critical-approach-by-mischa-kuball\\\/#breadcrumb\",\"itemListElement\":[{\"@type\":\"ListItem\",\"position\":1,\"name\":\"Startseite\",\"item\":\"https:\\\/\\\/dcv-books.com\\\/en\\\/\"},{\"@type\":\"ListItem\",\"position\":2,\"name\":\"Emil Nolde &#8211; A Critical Approach by Mischa Kuball\"}]},{\"@type\":\"WebSite\",\"@id\":\"https:\\\/\\\/dcv-books.com\\\/#website\",\"url\":\"https:\\\/\\\/dcv-books.com\\\/\",\"name\":\"DCV\",\"description\":\"Dr. Cantz&#039;sche Verlagsgesellschaft mbH &amp; Co. KG\",\"potentialAction\":[{\"@type\":\"SearchAction\",\"target\":{\"@type\":\"EntryPoint\",\"urlTemplate\":\"https:\\\/\\\/dcv-books.com\\\/?s={search_term_string}\"},\"query-input\":{\"@type\":\"PropertyValueSpecification\",\"valueRequired\":true,\"valueName\":\"search_term_string\"}}],\"inLanguage\":\"en-US\"}]}<\/script>\n<!-- \/ Yoast SEO plugin. -->","yoast_head_json":{"title":"Emil Nolde - A Critical Approach by Mischa Kuball - DCV","description":"Emil Nolde \u2013 A Critical Approach is Mischa Kuball 's critical examination of the oeuvre of the painter Emil Nolde (1867\u20131956).","robots":{"index":"index","follow":"follow","max-snippet":"max-snippet:-1","max-image-preview":"max-image-preview:large","max-video-preview":"max-video-preview:-1"},"canonical":"https:\/\/dcv-books.com\/en\/produkt\/en-emil-nolde-a-critical-approach-by-mischa-kuball\/","og_locale":"en_US","og_type":"article","og_title":"Emil Nolde - A Critical Approach by Mischa Kuball - DCV","og_description":"Emil Nolde \u2013 A Critical Approach is Mischa Kuball 's critical examination of the oeuvre of the painter Emil Nolde (1867\u20131956).","og_url":"https:\/\/dcv-books.com\/en\/produkt\/en-emil-nolde-a-critical-approach-by-mischa-kuball\/","og_site_name":"DCV","article_modified_time":"2022-08-23T13:30:51+00:00","og_image":[{"width":2126,"height":2539,"url":"https:\/\/dcv-books.com\/wp-content\/uploads\/2020\/05\/KuballNolde_Cover.jpg","type":"image\/jpeg"}],"twitter_card":"summary_large_image","twitter_misc":{"Est. reading time":"1 minute"},"schema":{"@context":"https:\/\/schema.org","@graph":[{"@type":"WebPage","@id":"https:\/\/dcv-books.com\/en\/produkt\/en-emil-nolde-a-critical-approach-by-mischa-kuball\/","url":"https:\/\/dcv-books.com\/en\/produkt\/en-emil-nolde-a-critical-approach-by-mischa-kuball\/","name":"Emil Nolde - A Critical Approach by Mischa Kuball - DCV","isPartOf":{"@id":"https:\/\/dcv-books.com\/#website"},"primaryImageOfPage":{"@id":"https:\/\/dcv-books.com\/en\/produkt\/en-emil-nolde-a-critical-approach-by-mischa-kuball\/#primaryimage"},"image":{"@id":"https:\/\/dcv-books.com\/en\/produkt\/en-emil-nolde-a-critical-approach-by-mischa-kuball\/#primaryimage"},"thumbnailUrl":"https:\/\/dcv-books.com\/wp-content\/uploads\/2020\/05\/KuballNolde_Cover.jpg","datePublished":"2020-05-20T21:23:31+00:00","dateModified":"2022-08-23T13:30:51+00:00","description":"Emil Nolde \u2013 A Critical Approach is Mischa Kuball 's critical examination of the oeuvre of the painter Emil Nolde (1867\u20131956).","breadcrumb":{"@id":"https:\/\/dcv-books.com\/en\/produkt\/en-emil-nolde-a-critical-approach-by-mischa-kuball\/#breadcrumb"},"inLanguage":"en-US","potentialAction":[{"@type":"ReadAction","target":["https:\/\/dcv-books.com\/en\/produkt\/en-emil-nolde-a-critical-approach-by-mischa-kuball\/"]}]},{"@type":"ImageObject","inLanguage":"en-US","@id":"https:\/\/dcv-books.com\/en\/produkt\/en-emil-nolde-a-critical-approach-by-mischa-kuball\/#primaryimage","url":"https:\/\/dcv-books.com\/wp-content\/uploads\/2020\/05\/KuballNolde_Cover.jpg","contentUrl":"https:\/\/dcv-books.com\/wp-content\/uploads\/2020\/05\/KuballNolde_Cover.jpg","width":2126,"height":2539,"caption":"Emil Nolde"},{"@type":"BreadcrumbList","@id":"https:\/\/dcv-books.com\/en\/produkt\/en-emil-nolde-a-critical-approach-by-mischa-kuball\/#breadcrumb","itemListElement":[{"@type":"ListItem","position":1,"name":"Startseite","item":"https:\/\/dcv-books.com\/en\/"},{"@type":"ListItem","position":2,"name":"Emil Nolde &#8211; A Critical Approach by Mischa Kuball"}]},{"@type":"WebSite","@id":"https:\/\/dcv-books.com\/#website","url":"https:\/\/dcv-books.com\/","name":"DCV","description":"Dr. Cantz&#039;sche Verlagsgesellschaft mbH &amp; Co. KG","potentialAction":[{"@type":"SearchAction","target":{"@type":"EntryPoint","urlTemplate":"https:\/\/dcv-books.com\/?s={search_term_string}"},"query-input":{"@type":"PropertyValueSpecification","valueRequired":true,"valueName":"search_term_string"}}],"inLanguage":"en-US"}]}},"_links":{"self":[{"href":"https:\/\/dcv-books.com\/en\/wp-json\/wp\/v2\/product\/12672","targetHints":{"allow":["GET"]}}],"collection":[{"href":"https:\/\/dcv-books.com\/en\/wp-json\/wp\/v2\/product"}],"about":[{"href":"https:\/\/dcv-books.com\/en\/wp-json\/wp\/v2\/types\/product"}],"wp:featuredmedia":[{"embeddable":true,"href":"https:\/\/dcv-books.com\/en\/wp-json\/wp\/v2\/media\/12676"}],"wp:attachment":[{"href":"https:\/\/dcv-books.com\/en\/wp-json\/wp\/v2\/media?parent=12672"}],"wp:term":[{"taxonomy":"product_brand","embeddable":true,"href":"https:\/\/dcv-books.com\/en\/wp-json\/wp\/v2\/product_brand?post=12672"},{"taxonomy":"product_cat","embeddable":true,"href":"https:\/\/dcv-books.com\/en\/wp-json\/wp\/v2\/product_cat?post=12672"},{"taxonomy":"product_tag","embeddable":true,"href":"https:\/\/dcv-books.com\/en\/wp-json\/wp\/v2\/product_tag?post=12672"}],"curies":[{"name":"wp","href":"https:\/\/api.w.org\/{rel}","templated":true}]}}