{"id":12666,"date":"2020-05-18T12:02:37","date_gmt":"2020-05-20T20:45:37","guid":{"rendered":"https:\/\/dcv-books.com\/?post_type=product&#038;p=12666"},"modified":"2022-08-18T16:46:27","modified_gmt":"2022-08-18T14:46:27","slug":"candida-hoefer-kunsthistorisches-institut-bonn","status":"publish","type":"product","link":"https:\/\/dcv-books.com\/en\/produkt\/candida-hoefer-kunsthistorisches-institut-bonn\/","title":{"rendered":"Candida H\u00f6fer &#8211;<br> Kunsthistorisches Institut Bonn"},"content":{"rendered":"<p>The imposing presence of architecture captured in the absence of humans: that is the defining characteristic of the photographs with which Candida H\u00f6fer (b. 1944, Eberswalde; lives and works in Cologne) has risen to international renown. In 1992, she captured the Kunsthistorisches Institut der Rheinischen Friedrich- Wilhelms-Universit\u00e4t Bonn in ten analogue black-and-white pictures that have not been on public display. In 2020, H\u00f6fer returned to the institute to take more pictures using a digital camera. The two series now make their public d\u00e9but in the institute\u2019s halls and are gathered in this book. Undertaking a historically and aesthetically captivating comparison, H\u00f6fer probes the ways in which university life has changed over almost three decades.<\/p>\n<p>Candida H\u00f6fer was a member of Bernd Becher\u2019s inaugural photography class at the Kunstakademie D\u00fcsseldorf. Her works were shown at documenta 11 in 2002, and in 2003, she and Martin Kippenberger represented Germany at the 50th Biennale di Venezia.<\/p>\n<p>Die englische Ausgabe finden Sie <a href=\"https:\/\/dcv-books.com\/en\/produkt\/the-art-of-society-1900-1945\/\">hier<\/a>. Candida H\u00f6fer Bonn<\/p>\n<p>In den 1970er-Jahren und legte sie eine lange kreative Pause ein, in der sie sich nach dem Umzug nach Omaha, Nebraska, intensiv um die Gr\u00fcndung verschiedener Restaurants und die Entwicklung eines ganzen Altstadtquartiers k\u00fcmmerte. Doch seit Beginn des neuen. Jahrhunderts h\u00e4lt sie atemberaubende neo-barocke. Stillleben, bestehend aus Blumen, Fr\u00fcchten, frisch erlegten Tieren, antiken Gl\u00e4sern und illuminierenden Kerzen in gro\u00dfen Bildformaten fest. <span class=\"font-weight-normal\">die kunst der gesellschaft<\/span> neue nationalgalerie <span class=\"font-weight-normal\">candida h\u00f6fer<\/span> kaufen<\/p>\n<p><a href=\"https:\/\/www.hockney.com\/home\" target=\"_blank\" rel=\"noopener\">Hier ist seine Website und<\/a>. link zu einem <a href=\"https:\/\/dcv-books.com\/produkt\/vore-stueckwerk-mensch\/\">anderen buch\u00a0<\/a> Das Markenzeichen von. Jeff Wall (geb. 1946 in Vancouver, lebt und arbeitet in Vancouver) sind gro\u00dfformatige Dialeuchtk\u00e4sten, auf denen er sorgf\u00e4ltig komponierte Szenen wie Film-Stills pr\u00e4sentiert. Der studierte. Kunsthistoriker knu\u0308pft mit seinen Werken vielseitige Verbindungen zur. Kunstgeschichte und wird aufgrund seiner aufwendigen Inszenierungen immer wieder mit und den Meistern der Moderne verglichen. Mit einem besonderen Fokus auf Konstellationen, und die das fotografische Medium in. Form einer Spurensuche pr\u00e4sentieren, erm\u00f6glicht das Buch einen neuen Blick auf Arbeiten des Ku\u0308nstlers, die bisher selten in Ausstellungen gezeigt wurden. Jeff Wall studierte. Kunstgeschichte an der University of British Columbia, Vancouver, sowie am Courtauld. Institute of Art, London. Seine Arbeiten wurden unter anderem im Museum of Modern Art, New York, in der Tate Modern, London, und im Art Institute of. Chicago ausgestellt. 2008 erhielt er den Audain-Preis fu\u0308r sein Lebenswerk. Candida H\u00f6fer Bonn<\/p>\n","protected":false},"excerpt":{"rendered":"<p class=\"introzeile-buecher\">The Kunsthistorisches Institut Bonn, Yesterday and Today<\/p>\n<p>The imposing presence of architecture captured in the absence of humans: that is the defining characteristic of the photographs with which Candida H\u00f6fer (b. 1944, Eberswalde; lives and works in Cologne) has risen to international renown. In 1992, she captured the Kunsthistorisches Institut der Rheinischen Friedrich- Wilhelms-Universit\u00e4t Bonn in ten analogue black-and-white pictures that have not been on public display. In 2020, H\u00f6fer returned to the institute to take more pictures using a digital camera. The two series now make their public d\u00e9but in the institute\u2019s halls and are gathered in this book. Undertaking a historically and aesthetically captivating comparison, H\u00f6fer probes the ways in which university life has changed over almost three decades.<\/p>\n<p>Candida H\u00f6fer was a member of Bernd Becher\u2019s inaugural photography class at the Kunstakademie D\u00fcsseldorf. Her works were shown at documenta 11 in 2002, and in 2003, she and Martin Kippenberger represented Germany at the 50th Biennale di Venezia.<\/p>\n","protected":false},"featured_media":13924,"template":"","meta":{"_acf_changed":false},"product_brand":[],"product_cat":[2208,2209,2211],"product_tag":[2069],"class_list":{"0":"post-12666","1":"product","2":"type-product","3":"status-publish","4":"has-post-thumbnail","6":"product_cat-all-books","7":"product_cat-architecture","8":"product_cat-photography","9":"product_tag-candida-hoefer-en","11":"first","12":"instock","13":"taxable","14":"shipping-taxable","15":"purchasable","16":"product-type-simple"},"acf":[],"yoast_head":"<!-- This site is optimized with the Yoast SEO plugin v27.5 - https:\/\/yoast.com\/product\/yoast-seo-wordpress\/ -->\n<title>Candida H\u00f6fer - Kunsthistorisches Institut Bonn - DCV<\/title>\n<meta name=\"description\" content=\"Candida H\u00f6fer \u2013 Kunsthistorisches Institut Bonn probes the ways in which university life has changed over almost three decades.\" \/>\n<meta name=\"robots\" content=\"index, follow, max-snippet:-1, max-image-preview:large, max-video-preview:-1\" \/>\n<link rel=\"canonical\" href=\"https:\/\/dcv-books.com\/en\/produkt\/candida-hoefer-kunsthistorisches-institut-bonn\/\" \/>\n<meta property=\"og:locale\" content=\"en_US\" \/>\n<meta property=\"og:type\" content=\"article\" \/>\n<meta property=\"og:title\" content=\"Candida H\u00f6fer - Kunsthistorisches Institut Bonn - DCV\" \/>\n<meta property=\"og:description\" content=\"Candida H\u00f6fer \u2013 Kunsthistorisches Institut Bonn probes the ways in which university life has changed over almost three decades.\" \/>\n<meta property=\"og:url\" content=\"https:\/\/dcv-books.com\/en\/produkt\/candida-hoefer-kunsthistorisches-institut-bonn\/\" \/>\n<meta property=\"og:site_name\" content=\"DCV\" \/>\n<meta property=\"article:modified_time\" content=\"2022-08-18T14:46:27+00:00\" \/>\n<meta property=\"og:image\" content=\"https:\/\/dcv-books.com\/wp-content\/uploads\/2020\/05\/Candida_Hoefer_Bonn_Cover.jpg\" \/>\n\t<meta property=\"og:image:width\" content=\"700\" \/>\n\t<meta property=\"og:image:height\" content=\"890\" \/>\n\t<meta property=\"og:image:type\" content=\"image\/jpeg\" \/>\n<meta name=\"twitter:card\" content=\"summary_large_image\" \/>\n<meta name=\"twitter:label1\" content=\"Est. reading time\" \/>\n\t<meta name=\"twitter:data1\" content=\"3 minutes\" \/>\n<script type=\"application\/ld+json\" class=\"yoast-schema-graph\">{\"@context\":\"https:\\\/\\\/schema.org\",\"@graph\":[{\"@type\":\"WebPage\",\"@id\":\"https:\\\/\\\/dcv-books.com\\\/en\\\/produkt\\\/candida-hoefer-kunsthistorisches-institut-bonn\\\/\",\"url\":\"https:\\\/\\\/dcv-books.com\\\/en\\\/produkt\\\/candida-hoefer-kunsthistorisches-institut-bonn\\\/\",\"name\":\"Candida H\u00f6fer - Kunsthistorisches Institut Bonn - DCV\",\"isPartOf\":{\"@id\":\"https:\\\/\\\/dcv-books.com\\\/#website\"},\"primaryImageOfPage\":{\"@id\":\"https:\\\/\\\/dcv-books.com\\\/en\\\/produkt\\\/candida-hoefer-kunsthistorisches-institut-bonn\\\/#primaryimage\"},\"image\":{\"@id\":\"https:\\\/\\\/dcv-books.com\\\/en\\\/produkt\\\/candida-hoefer-kunsthistorisches-institut-bonn\\\/#primaryimage\"},\"thumbnailUrl\":\"https:\\\/\\\/dcv-books.com\\\/wp-content\\\/uploads\\\/2020\\\/05\\\/Candida_Hoefer_Bonn_Cover.jpg\",\"datePublished\":\"2020-05-20T20:45:37+00:00\",\"dateModified\":\"2022-08-18T14:46:27+00:00\",\"description\":\"Candida H\u00f6fer \u2013 Kunsthistorisches Institut Bonn probes the ways in which university life has changed over almost three decades.\",\"breadcrumb\":{\"@id\":\"https:\\\/\\\/dcv-books.com\\\/en\\\/produkt\\\/candida-hoefer-kunsthistorisches-institut-bonn\\\/#breadcrumb\"},\"inLanguage\":\"en-US\",\"potentialAction\":[{\"@type\":\"ReadAction\",\"target\":[\"https:\\\/\\\/dcv-books.com\\\/en\\\/produkt\\\/candida-hoefer-kunsthistorisches-institut-bonn\\\/\"]}]},{\"@type\":\"ImageObject\",\"inLanguage\":\"en-US\",\"@id\":\"https:\\\/\\\/dcv-books.com\\\/en\\\/produkt\\\/candida-hoefer-kunsthistorisches-institut-bonn\\\/#primaryimage\",\"url\":\"https:\\\/\\\/dcv-books.com\\\/wp-content\\\/uploads\\\/2020\\\/05\\\/Candida_Hoefer_Bonn_Cover.jpg\",\"contentUrl\":\"https:\\\/\\\/dcv-books.com\\\/wp-content\\\/uploads\\\/2020\\\/05\\\/Candida_Hoefer_Bonn_Cover.jpg\",\"width\":700,\"height\":890,\"caption\":\"Candida H\u00f6fer\"},{\"@type\":\"BreadcrumbList\",\"@id\":\"https:\\\/\\\/dcv-books.com\\\/en\\\/produkt\\\/candida-hoefer-kunsthistorisches-institut-bonn\\\/#breadcrumb\",\"itemListElement\":[{\"@type\":\"ListItem\",\"position\":1,\"name\":\"Startseite\",\"item\":\"https:\\\/\\\/dcv-books.com\\\/en\\\/\"},{\"@type\":\"ListItem\",\"position\":2,\"name\":\"Candida H\u00f6fer &#8211; Kunsthistorisches Institut Bonn\"}]},{\"@type\":\"WebSite\",\"@id\":\"https:\\\/\\\/dcv-books.com\\\/#website\",\"url\":\"https:\\\/\\\/dcv-books.com\\\/\",\"name\":\"DCV\",\"description\":\"Dr. Cantz&#039;sche Verlagsgesellschaft mbH &amp; Co. KG\",\"potentialAction\":[{\"@type\":\"SearchAction\",\"target\":{\"@type\":\"EntryPoint\",\"urlTemplate\":\"https:\\\/\\\/dcv-books.com\\\/?s={search_term_string}\"},\"query-input\":{\"@type\":\"PropertyValueSpecification\",\"valueRequired\":true,\"valueName\":\"search_term_string\"}}],\"inLanguage\":\"en-US\"}]}<\/script>\n<!-- \/ Yoast SEO plugin. -->","yoast_head_json":{"title":"Candida H\u00f6fer - Kunsthistorisches Institut Bonn - DCV","description":"Candida H\u00f6fer \u2013 Kunsthistorisches Institut Bonn probes the ways in which university life has changed over almost three decades.","robots":{"index":"index","follow":"follow","max-snippet":"max-snippet:-1","max-image-preview":"max-image-preview:large","max-video-preview":"max-video-preview:-1"},"canonical":"https:\/\/dcv-books.com\/en\/produkt\/candida-hoefer-kunsthistorisches-institut-bonn\/","og_locale":"en_US","og_type":"article","og_title":"Candida H\u00f6fer - Kunsthistorisches Institut Bonn - DCV","og_description":"Candida H\u00f6fer \u2013 Kunsthistorisches Institut Bonn probes the ways in which university life has changed over almost three decades.","og_url":"https:\/\/dcv-books.com\/en\/produkt\/candida-hoefer-kunsthistorisches-institut-bonn\/","og_site_name":"DCV","article_modified_time":"2022-08-18T14:46:27+00:00","og_image":[{"width":700,"height":890,"url":"https:\/\/dcv-books.com\/wp-content\/uploads\/2020\/05\/Candida_Hoefer_Bonn_Cover.jpg","type":"image\/jpeg"}],"twitter_card":"summary_large_image","twitter_misc":{"Est. reading time":"3 minutes"},"schema":{"@context":"https:\/\/schema.org","@graph":[{"@type":"WebPage","@id":"https:\/\/dcv-books.com\/en\/produkt\/candida-hoefer-kunsthistorisches-institut-bonn\/","url":"https:\/\/dcv-books.com\/en\/produkt\/candida-hoefer-kunsthistorisches-institut-bonn\/","name":"Candida H\u00f6fer - Kunsthistorisches Institut Bonn - DCV","isPartOf":{"@id":"https:\/\/dcv-books.com\/#website"},"primaryImageOfPage":{"@id":"https:\/\/dcv-books.com\/en\/produkt\/candida-hoefer-kunsthistorisches-institut-bonn\/#primaryimage"},"image":{"@id":"https:\/\/dcv-books.com\/en\/produkt\/candida-hoefer-kunsthistorisches-institut-bonn\/#primaryimage"},"thumbnailUrl":"https:\/\/dcv-books.com\/wp-content\/uploads\/2020\/05\/Candida_Hoefer_Bonn_Cover.jpg","datePublished":"2020-05-20T20:45:37+00:00","dateModified":"2022-08-18T14:46:27+00:00","description":"Candida H\u00f6fer \u2013 Kunsthistorisches Institut Bonn probes the ways in which university life has changed over almost three decades.","breadcrumb":{"@id":"https:\/\/dcv-books.com\/en\/produkt\/candida-hoefer-kunsthistorisches-institut-bonn\/#breadcrumb"},"inLanguage":"en-US","potentialAction":[{"@type":"ReadAction","target":["https:\/\/dcv-books.com\/en\/produkt\/candida-hoefer-kunsthistorisches-institut-bonn\/"]}]},{"@type":"ImageObject","inLanguage":"en-US","@id":"https:\/\/dcv-books.com\/en\/produkt\/candida-hoefer-kunsthistorisches-institut-bonn\/#primaryimage","url":"https:\/\/dcv-books.com\/wp-content\/uploads\/2020\/05\/Candida_Hoefer_Bonn_Cover.jpg","contentUrl":"https:\/\/dcv-books.com\/wp-content\/uploads\/2020\/05\/Candida_Hoefer_Bonn_Cover.jpg","width":700,"height":890,"caption":"Candida H\u00f6fer"},{"@type":"BreadcrumbList","@id":"https:\/\/dcv-books.com\/en\/produkt\/candida-hoefer-kunsthistorisches-institut-bonn\/#breadcrumb","itemListElement":[{"@type":"ListItem","position":1,"name":"Startseite","item":"https:\/\/dcv-books.com\/en\/"},{"@type":"ListItem","position":2,"name":"Candida H\u00f6fer &#8211; Kunsthistorisches Institut Bonn"}]},{"@type":"WebSite","@id":"https:\/\/dcv-books.com\/#website","url":"https:\/\/dcv-books.com\/","name":"DCV","description":"Dr. Cantz&#039;sche Verlagsgesellschaft mbH &amp; Co. KG","potentialAction":[{"@type":"SearchAction","target":{"@type":"EntryPoint","urlTemplate":"https:\/\/dcv-books.com\/?s={search_term_string}"},"query-input":{"@type":"PropertyValueSpecification","valueRequired":true,"valueName":"search_term_string"}}],"inLanguage":"en-US"}]}},"_links":{"self":[{"href":"https:\/\/dcv-books.com\/en\/wp-json\/wp\/v2\/product\/12666","targetHints":{"allow":["GET"]}}],"collection":[{"href":"https:\/\/dcv-books.com\/en\/wp-json\/wp\/v2\/product"}],"about":[{"href":"https:\/\/dcv-books.com\/en\/wp-json\/wp\/v2\/types\/product"}],"wp:featuredmedia":[{"embeddable":true,"href":"https:\/\/dcv-books.com\/en\/wp-json\/wp\/v2\/media\/13924"}],"wp:attachment":[{"href":"https:\/\/dcv-books.com\/en\/wp-json\/wp\/v2\/media?parent=12666"}],"wp:term":[{"taxonomy":"product_brand","embeddable":true,"href":"https:\/\/dcv-books.com\/en\/wp-json\/wp\/v2\/product_brand?post=12666"},{"taxonomy":"product_cat","embeddable":true,"href":"https:\/\/dcv-books.com\/en\/wp-json\/wp\/v2\/product_cat?post=12666"},{"taxonomy":"product_tag","embeddable":true,"href":"https:\/\/dcv-books.com\/en\/wp-json\/wp\/v2\/product_tag?post=12666"}],"curies":[{"name":"wp","href":"https:\/\/api.w.org\/{rel}","templated":true}]}}