{"id":11524,"date":"2020-05-17T14:32:48","date_gmt":"2020-04-16T12:32:48","guid":{"rendered":"https:\/\/dcv-books.com\/produkt\/isabelle-grawin-einer-anderen-welt-notizen-2014-2017\/"},"modified":"2022-08-19T10:24:51","modified_gmt":"2022-08-19T08:24:51","slug":"isabelle-grawin-einer-anderen-welt-notizen-2014-2017","status":"publish","type":"product","link":"https:\/\/dcv-books.com\/en\/produkt\/isabelle-grawin-einer-anderen-welt-notizen-2014-2017\/","title":{"rendered":"Isabelle Graw &#8211;<br> In einer anderen Welt. Notizen 2014\u20132017"},"content":{"rendered":"<p>Isabelle Graw (b. 1962, Hamburg; lives in Berlin) is publisher of the magazine <em>Texte zur Kunst<\/em> and has been professor of art theory at the Staatliche Hochschule f\u00fcr bildende K\u00fcnste \u2013 St\u00e4delschule in Frankfurt am Main since 2002. In this book, she branches out from her work as an art historian and critic to offer reflections on a wide range of observations from her own life. Never before has Graw addressed her readers more frankly than in these 160 notes.<\/p>\n<p>\u201cShe is blindingly frank, addressing the questions that envelop her days: waxing salons, the arrival of Syrian refugees in Germany, exhibitions and grief, electoral and family politics. Subtly, Graw reveals how impressions and beliefs arise out of circumstance.\u201d<br \/>\n<strong>Chris Kraus<\/strong>, American filmmaker and author of <em>I Love Dick <\/em><\/p>\n<p>\u201cIn crisp and striking vignettes, this book shows how self-scrutiny and minute observation of the world intermesh and form the dense web of her analysis. This is a unique and original book, literary, psychological and sociological, all at once.\u201d<br \/>\n<strong>Eva Illouz<\/strong>, French-Israeli sociologist<\/p>\n<p>\u201eIn klaren, markanten Vignetten zeigt. Isabelle Graw, wie Selbstpr\u00fcfung und Beobachtungen ineinandergreifen und ein dichtes Netz der Analyse bilden. Dieses Buch. ist einzigartig und originell \u2013 literarisch, psychologisch und soziologisch zugleich.\u201c<\/p>\n<p><span class=\"font-weight-normal\">isabelle graw<\/span> vom nutzen der freundschaft <a href=\"https:\/\/www.hockney.com\/home\" target=\"_blank\" rel=\"noopener\">Hier ist seine Website und<\/a>. link zu einem <a href=\"https:\/\/dcv-books.com\/produkt\/vore-stueckwerk-mensch\/\">anderen buch\u00a0<\/a>\u00a0<span class=\"font-weight-normal\">\u00a0isabelle graw die liebe zur malerei<\/span><\/p>\n<p>Das zentrale Thema von. Heike Negenborn (geb. 1964 in Bad Neuenahr-Ahrweiler, lebt und arbeitet in Windesheim) ist der gesehene Lebensraum. In Anlehnung an die holl\u00e4ndische Landschaftsmalerei des 17. Jahrhunderts stehen ihre Arbeiten in einer spezifischen Tradition der Wirklichkeitserfassung. Mit ihrer neuen Werkgruppe <em>Net-Scape \u2013 Landschaft im Wandel<\/em>\u00fcberf\u00fchrt Negenborn kunsthistorische Referenzen in zeitgen\u00f6ssische Darstellungen. Das Interesse der. K\u00fcnstlerin gilt dabei fotomechanischen Transferm\u00f6glichkeiten, Medialit\u00e4t und der zunehmenden Vereinnahmung der analogen Wirklichkeit durch das digitale Bild.<\/p>\n<p>Heike Negenborn studierte Freie Kunst am Austin College, Texas, Kunsterziehung an der Johannes Gutenberg-Universit\u00e4t Mainz sowie Malerei und Druckgrafik an der Akademie f\u00fcr Bildende K\u00fcnste Mainz. Sebald ver\u00f6ffentlichte zwischen 1990 und 2001 vier fiktive. Geschichten, in denen er Schwarz-Wei\u00df-Fotografien ohne weitere Angaben zu Herkunft und. Inhalt einfu\u0308gte und die so den Text wie Erinnerungen begleiten. <em>Pensive Images<\/em> pr\u00e4sentiert 16. Ku\u0308nstlerinnen und Ku\u0308nstler, deren Arbeit im Stil von Sebald die Bereiche der Erinnerung und Geschichte durch Erfahrung und sich u\u0308berschneidende. Zeitlichkeiten erforsche<\/p>\n","protected":false},"excerpt":{"rendered":"<p class=\"introzeile-buecher\">Personal Observation as an Analytical Lens on Society<\/p>\n<p>Isabelle Graw (b. 1962, Hamburg; lives in Berlin) is publisher of the magazine <em>Texte zur Kunst<\/em> and has been professor of art theory at the Staatliche Hochschule f\u00fcr bildende K\u00fcnste \u2013 St\u00e4delschule in Frankfurt am Main since 2002. In this book, she branches out from her work as an art historian and critic to offer reflections on a wide range of observations from her own life. Never before has Graw addressed her readers more frankly than in these 160 notes.<\/p>\n<p>\u201cShe is blindingly frank, addressing the questions that envelop her days: waxing salons, the arrival of Syrian refugees in Germany, exhibitions and grief, electoral and family politics. Subtly, Graw reveals how impressions and beliefs arise out of circumstance.\u201d<br \/>\n<strong>Chris Kraus<\/strong>, American filmmaker and author of <em>I Love Dick <\/em><\/p>\n<p>\u201cIn crisp and striking vignettes, this book shows how self-scrutiny and minute observation of the world intermesh and form the dense web of her analysis. This is a unique and original book, literary, psychological and sociological, all at once.\u201d<br \/>\n<strong>Eva Illouz<\/strong>, French-Israeli sociologist<\/p>\n","protected":false},"featured_media":11386,"template":"","meta":{"_acf_changed":false},"product_brand":[],"product_cat":[2208,2218],"product_tag":[],"class_list":{"0":"post-11524","1":"product","2":"type-product","3":"status-publish","4":"has-post-thumbnail","6":"product_cat-all-books","7":"product_cat-on-art","9":"first","10":"instock","11":"taxable","12":"shipping-taxable","13":"purchasable","14":"product-type-simple"},"acf":[],"yoast_head":"<!-- This site is optimized with the Yoast SEO plugin v27.1.1 - https:\/\/yoast.com\/product\/yoast-seo-wordpress\/ -->\n<title>Isabelle Graw - In einer anderen Welt. Notizen 2014\u20132017 - DCV<\/title>\n<meta name=\"description\" content=\"Isabelle Graw \u2013 In einer anderen Welt: In this book, Graw offers reflections on a wide range of observations from her own life.\" \/>\n<meta name=\"robots\" content=\"index, follow, max-snippet:-1, max-image-preview:large, max-video-preview:-1\" \/>\n<link rel=\"canonical\" href=\"https:\/\/dcv-books.com\/en\/produkt\/isabelle-grawin-einer-anderen-welt-notizen-2014-2017\/\" \/>\n<meta property=\"og:locale\" content=\"en_US\" \/>\n<meta property=\"og:type\" content=\"article\" \/>\n<meta property=\"og:title\" content=\"Isabelle Graw - In einer anderen Welt. Notizen 2014\u20132017 - DCV\" \/>\n<meta property=\"og:description\" content=\"Isabelle Graw \u2013 In einer anderen Welt: In this book, Graw offers reflections on a wide range of observations from her own life.\" \/>\n<meta property=\"og:url\" content=\"https:\/\/dcv-books.com\/en\/produkt\/isabelle-grawin-einer-anderen-welt-notizen-2014-2017\/\" \/>\n<meta property=\"og:site_name\" content=\"DCV\" \/>\n<meta property=\"article:modified_time\" content=\"2022-08-19T08:24:51+00:00\" \/>\n<meta property=\"og:image\" content=\"https:\/\/dcv-books.com\/wp-content\/uploads\/2020\/04\/Graw_Cover.jpg\" \/>\n\t<meta property=\"og:image:width\" content=\"1329\" \/>\n\t<meta property=\"og:image:height\" content=\"2000\" \/>\n\t<meta property=\"og:image:type\" content=\"image\/jpeg\" \/>\n<meta name=\"twitter:card\" content=\"summary_large_image\" \/>\n<meta name=\"twitter:label1\" content=\"Est. reading time\" \/>\n\t<meta name=\"twitter:data1\" content=\"3 minutes\" \/>\n<script type=\"application\/ld+json\" class=\"yoast-schema-graph\">{\"@context\":\"https:\/\/schema.org\",\"@graph\":[{\"@type\":\"WebPage\",\"@id\":\"https:\/\/dcv-books.com\/en\/produkt\/isabelle-grawin-einer-anderen-welt-notizen-2014-2017\/\",\"url\":\"https:\/\/dcv-books.com\/en\/produkt\/isabelle-grawin-einer-anderen-welt-notizen-2014-2017\/\",\"name\":\"Isabelle Graw - In einer anderen Welt. Notizen 2014\u20132017 - DCV\",\"isPartOf\":{\"@id\":\"https:\/\/dcv-books.com\/#website\"},\"primaryImageOfPage\":{\"@id\":\"https:\/\/dcv-books.com\/en\/produkt\/isabelle-grawin-einer-anderen-welt-notizen-2014-2017\/#primaryimage\"},\"image\":{\"@id\":\"https:\/\/dcv-books.com\/en\/produkt\/isabelle-grawin-einer-anderen-welt-notizen-2014-2017\/#primaryimage\"},\"thumbnailUrl\":\"https:\/\/dcv-books.com\/wp-content\/uploads\/2020\/04\/Graw_Cover.jpg\",\"datePublished\":\"2020-04-16T12:32:48+00:00\",\"dateModified\":\"2022-08-19T08:24:51+00:00\",\"description\":\"Isabelle Graw \u2013 In einer anderen Welt: In this book, Graw offers reflections on a wide range of observations from her own life.\",\"breadcrumb\":{\"@id\":\"https:\/\/dcv-books.com\/en\/produkt\/isabelle-grawin-einer-anderen-welt-notizen-2014-2017\/#breadcrumb\"},\"inLanguage\":\"en-US\",\"potentialAction\":[{\"@type\":\"ReadAction\",\"target\":[\"https:\/\/dcv-books.com\/en\/produkt\/isabelle-grawin-einer-anderen-welt-notizen-2014-2017\/\"]}]},{\"@type\":\"ImageObject\",\"inLanguage\":\"en-US\",\"@id\":\"https:\/\/dcv-books.com\/en\/produkt\/isabelle-grawin-einer-anderen-welt-notizen-2014-2017\/#primaryimage\",\"url\":\"https:\/\/dcv-books.com\/wp-content\/uploads\/2020\/04\/Graw_Cover.jpg\",\"contentUrl\":\"https:\/\/dcv-books.com\/wp-content\/uploads\/2020\/04\/Graw_Cover.jpg\",\"width\":1329,\"height\":2000,\"caption\":\"Isabelle Graw\"},{\"@type\":\"BreadcrumbList\",\"@id\":\"https:\/\/dcv-books.com\/en\/produkt\/isabelle-grawin-einer-anderen-welt-notizen-2014-2017\/#breadcrumb\",\"itemListElement\":[{\"@type\":\"ListItem\",\"position\":1,\"name\":\"Startseite\",\"item\":\"https:\/\/dcv-books.com\/en\/\"},{\"@type\":\"ListItem\",\"position\":2,\"name\":\"Isabelle Graw &#8211; In einer anderen Welt. Notizen 2014\u20132017\"}]},{\"@type\":\"WebSite\",\"@id\":\"https:\/\/dcv-books.com\/#website\",\"url\":\"https:\/\/dcv-books.com\/\",\"name\":\"DCV\",\"description\":\"Dr. Cantz&#039;sche Verlagsgesellschaft mbH &amp; Co. KG\",\"potentialAction\":[{\"@type\":\"SearchAction\",\"target\":{\"@type\":\"EntryPoint\",\"urlTemplate\":\"https:\/\/dcv-books.com\/?s={search_term_string}\"},\"query-input\":{\"@type\":\"PropertyValueSpecification\",\"valueRequired\":true,\"valueName\":\"search_term_string\"}}],\"inLanguage\":\"en-US\"}]}<\/script>\n<!-- \/ Yoast SEO plugin. -->","yoast_head_json":{"title":"Isabelle Graw - In einer anderen Welt. Notizen 2014\u20132017 - DCV","description":"Isabelle Graw \u2013 In einer anderen Welt: In this book, Graw offers reflections on a wide range of observations from her own life.","robots":{"index":"index","follow":"follow","max-snippet":"max-snippet:-1","max-image-preview":"max-image-preview:large","max-video-preview":"max-video-preview:-1"},"canonical":"https:\/\/dcv-books.com\/en\/produkt\/isabelle-grawin-einer-anderen-welt-notizen-2014-2017\/","og_locale":"en_US","og_type":"article","og_title":"Isabelle Graw - In einer anderen Welt. Notizen 2014\u20132017 - DCV","og_description":"Isabelle Graw \u2013 In einer anderen Welt: In this book, Graw offers reflections on a wide range of observations from her own life.","og_url":"https:\/\/dcv-books.com\/en\/produkt\/isabelle-grawin-einer-anderen-welt-notizen-2014-2017\/","og_site_name":"DCV","article_modified_time":"2022-08-19T08:24:51+00:00","og_image":[{"width":1329,"height":2000,"url":"https:\/\/dcv-books.com\/wp-content\/uploads\/2020\/04\/Graw_Cover.jpg","type":"image\/jpeg"}],"twitter_card":"summary_large_image","twitter_misc":{"Est. reading time":"3 minutes"},"schema":{"@context":"https:\/\/schema.org","@graph":[{"@type":"WebPage","@id":"https:\/\/dcv-books.com\/en\/produkt\/isabelle-grawin-einer-anderen-welt-notizen-2014-2017\/","url":"https:\/\/dcv-books.com\/en\/produkt\/isabelle-grawin-einer-anderen-welt-notizen-2014-2017\/","name":"Isabelle Graw - In einer anderen Welt. Notizen 2014\u20132017 - DCV","isPartOf":{"@id":"https:\/\/dcv-books.com\/#website"},"primaryImageOfPage":{"@id":"https:\/\/dcv-books.com\/en\/produkt\/isabelle-grawin-einer-anderen-welt-notizen-2014-2017\/#primaryimage"},"image":{"@id":"https:\/\/dcv-books.com\/en\/produkt\/isabelle-grawin-einer-anderen-welt-notizen-2014-2017\/#primaryimage"},"thumbnailUrl":"https:\/\/dcv-books.com\/wp-content\/uploads\/2020\/04\/Graw_Cover.jpg","datePublished":"2020-04-16T12:32:48+00:00","dateModified":"2022-08-19T08:24:51+00:00","description":"Isabelle Graw \u2013 In einer anderen Welt: In this book, Graw offers reflections on a wide range of observations from her own life.","breadcrumb":{"@id":"https:\/\/dcv-books.com\/en\/produkt\/isabelle-grawin-einer-anderen-welt-notizen-2014-2017\/#breadcrumb"},"inLanguage":"en-US","potentialAction":[{"@type":"ReadAction","target":["https:\/\/dcv-books.com\/en\/produkt\/isabelle-grawin-einer-anderen-welt-notizen-2014-2017\/"]}]},{"@type":"ImageObject","inLanguage":"en-US","@id":"https:\/\/dcv-books.com\/en\/produkt\/isabelle-grawin-einer-anderen-welt-notizen-2014-2017\/#primaryimage","url":"https:\/\/dcv-books.com\/wp-content\/uploads\/2020\/04\/Graw_Cover.jpg","contentUrl":"https:\/\/dcv-books.com\/wp-content\/uploads\/2020\/04\/Graw_Cover.jpg","width":1329,"height":2000,"caption":"Isabelle Graw"},{"@type":"BreadcrumbList","@id":"https:\/\/dcv-books.com\/en\/produkt\/isabelle-grawin-einer-anderen-welt-notizen-2014-2017\/#breadcrumb","itemListElement":[{"@type":"ListItem","position":1,"name":"Startseite","item":"https:\/\/dcv-books.com\/en\/"},{"@type":"ListItem","position":2,"name":"Isabelle Graw &#8211; In einer anderen Welt. Notizen 2014\u20132017"}]},{"@type":"WebSite","@id":"https:\/\/dcv-books.com\/#website","url":"https:\/\/dcv-books.com\/","name":"DCV","description":"Dr. Cantz&#039;sche Verlagsgesellschaft mbH &amp; Co. KG","potentialAction":[{"@type":"SearchAction","target":{"@type":"EntryPoint","urlTemplate":"https:\/\/dcv-books.com\/?s={search_term_string}"},"query-input":{"@type":"PropertyValueSpecification","valueRequired":true,"valueName":"search_term_string"}}],"inLanguage":"en-US"}]}},"_links":{"self":[{"href":"https:\/\/dcv-books.com\/en\/wp-json\/wp\/v2\/product\/11524","targetHints":{"allow":["GET"]}}],"collection":[{"href":"https:\/\/dcv-books.com\/en\/wp-json\/wp\/v2\/product"}],"about":[{"href":"https:\/\/dcv-books.com\/en\/wp-json\/wp\/v2\/types\/product"}],"wp:featuredmedia":[{"embeddable":true,"href":"https:\/\/dcv-books.com\/en\/wp-json\/wp\/v2\/media\/11386"}],"wp:attachment":[{"href":"https:\/\/dcv-books.com\/en\/wp-json\/wp\/v2\/media?parent=11524"}],"wp:term":[{"taxonomy":"product_brand","embeddable":true,"href":"https:\/\/dcv-books.com\/en\/wp-json\/wp\/v2\/product_brand?post=11524"},{"taxonomy":"product_cat","embeddable":true,"href":"https:\/\/dcv-books.com\/en\/wp-json\/wp\/v2\/product_cat?post=11524"},{"taxonomy":"product_tag","embeddable":true,"href":"https:\/\/dcv-books.com\/en\/wp-json\/wp\/v2\/product_tag?post=11524"}],"curies":[{"name":"wp","href":"https:\/\/api.w.org\/{rel}","templated":true}]}}