{"id":11324,"date":"2020-05-17T20:51:23","date_gmt":"2020-04-29T10:51:23","guid":{"rendered":"https:\/\/dcv-books.com\/produkt\/juergen-claus-to-the-oceans-with-imagination\/"},"modified":"2022-08-24T14:46:25","modified_gmt":"2022-08-24T12:46:25","slug":"juergen-claus-to-the-oceans-with-imagination","status":"publish","type":"product","link":"https:\/\/dcv-books.com\/en\/produkt\/juergen-claus-to-the-oceans-with-imagination\/","title":{"rendered":"J\u00fcrgen Claus &#8211;<br> To the Oceans with Imagination"},"content":{"rendered":"<p>J\u00fcrgen Claus\u2019s (b. 1935, Berlin; lives and works in Aachen and Baelen, Belgium) oeuvre encompasses paintings, films, light and solar installations, and underwater art. He is also a prolific writer on art, with theoretical works that have sold over 100,000 copies. \u201cJ\u00fcrgen Claus is the first one to see the ocean through an artist\u2019s rather than a scientist\u2019s lens,\u201d Michel Ragon writes. In this book, Claus intertwines his experiences working on the fascinating underwater installations with a pressing contemporary concern: the global efforts to restore the seas to health. The publication combines visual art, architecture, poetry, and music for a multifaceted engagement with the world\u2019s oceans.<\/p>\n<p>J\u00fcrgen Claus majored in theater studies at the Universit\u00e4t M\u00fcnchen and was a research associate at the Massachusetts Institute of Technology (MIT) and professor of media art at the Kunsthochschule f\u00fcr Medien K\u00f6ln, Cologne.<\/p>\n","protected":false},"excerpt":{"rendered":"<p class=\"introzeile-buecher\">The Sea as a Space of Artistic Experience<\/p>\n<p>J\u00fcrgen Claus\u2019s (b. 1935, Berlin; lives and works in Aachen and Baelen, Belgium) oeuvre encompasses paintings, films, light and solar installations, and underwater art. He is also a prolific writer on art, with theoretical works that have sold over 100,000 copies. \u201cJ\u00fcrgen Claus is the first one to see the ocean through an artist\u2019s rather than a scientist\u2019s lens,\u201d Michel Ragon writes. In this book, Claus intertwines his experiences working on the fascinating underwater installations with a pressing contemporary concern: the global efforts to restore the seas to health. The publication combines visual art, architecture, poetry, and music for a multifaceted engagement with the world\u2019s oceans.<\/p>\n<p>J\u00fcrgen Claus majored in theater studies at the Universit\u00e4t M\u00fcnchen and was a research associate at the Massachusetts Institute of Technology (MIT) and professor of media art at the Kunsthochschule f\u00fcr Medien K\u00f6ln, Cologne.<\/p>\n","protected":false},"featured_media":11384,"template":"","meta":{"_acf_changed":false},"product_brand":[],"product_cat":[2208,2210,2212,2218,2216],"product_tag":[],"class_list":{"0":"post-11324","1":"product","2":"type-product","3":"status-publish","4":"has-post-thumbnail","6":"product_cat-all-books","7":"product_cat-film-and-video","8":"product_cat-installation-art","9":"product_cat-on-art","10":"product_cat-performance-art","12":"first","13":"instock","14":"taxable","15":"shipping-taxable","16":"purchasable","17":"product-type-simple"},"acf":[],"yoast_head":"<!-- This site is optimized with the Yoast SEO plugin v27.1.1 - https:\/\/yoast.com\/product\/yoast-seo-wordpress\/ -->\n<title>J\u00fcrgen Claus - To the Oceans with Imagination - DCV<\/title>\n<meta name=\"description\" content=\"J\u00fcrgen Claus \u2013 To the Oceans with Imagination: combines visual art, architecture, poetry, and music for a multifaceted engagement with the world\u2019s oceans.\" \/>\n<meta name=\"robots\" content=\"index, follow, max-snippet:-1, max-image-preview:large, max-video-preview:-1\" \/>\n<link rel=\"canonical\" href=\"https:\/\/dcv-books.com\/en\/produkt\/juergen-claus-to-the-oceans-with-imagination\/\" \/>\n<meta property=\"og:locale\" content=\"en_US\" \/>\n<meta property=\"og:type\" content=\"article\" \/>\n<meta property=\"og:title\" content=\"J\u00fcrgen Claus - To the Oceans with Imagination - DCV\" \/>\n<meta property=\"og:description\" content=\"J\u00fcrgen Claus \u2013 To the Oceans with Imagination: combines visual art, architecture, poetry, and music for a multifaceted engagement with the world\u2019s oceans.\" \/>\n<meta property=\"og:url\" content=\"https:\/\/dcv-books.com\/en\/produkt\/juergen-claus-to-the-oceans-with-imagination\/\" \/>\n<meta property=\"og:site_name\" content=\"DCV\" \/>\n<meta property=\"article:modified_time\" content=\"2022-08-24T12:46:25+00:00\" \/>\n<meta property=\"og:image\" content=\"https:\/\/dcv-books.com\/wp-content\/uploads\/2020\/04\/Claus_Cover-1.jpg\" \/>\n\t<meta property=\"og:image:width\" content=\"471\" \/>\n\t<meta property=\"og:image:height\" content=\"670\" \/>\n\t<meta property=\"og:image:type\" content=\"image\/jpeg\" \/>\n<meta name=\"twitter:card\" content=\"summary_large_image\" \/>\n<meta name=\"twitter:label1\" content=\"Est. reading time\" \/>\n\t<meta name=\"twitter:data1\" content=\"1 minute\" \/>\n<script type=\"application\/ld+json\" class=\"yoast-schema-graph\">{\"@context\":\"https:\/\/schema.org\",\"@graph\":[{\"@type\":\"WebPage\",\"@id\":\"https:\/\/dcv-books.com\/en\/produkt\/juergen-claus-to-the-oceans-with-imagination\/\",\"url\":\"https:\/\/dcv-books.com\/en\/produkt\/juergen-claus-to-the-oceans-with-imagination\/\",\"name\":\"J\u00fcrgen Claus - To the Oceans with Imagination - DCV\",\"isPartOf\":{\"@id\":\"https:\/\/dcv-books.com\/#website\"},\"primaryImageOfPage\":{\"@id\":\"https:\/\/dcv-books.com\/en\/produkt\/juergen-claus-to-the-oceans-with-imagination\/#primaryimage\"},\"image\":{\"@id\":\"https:\/\/dcv-books.com\/en\/produkt\/juergen-claus-to-the-oceans-with-imagination\/#primaryimage\"},\"thumbnailUrl\":\"https:\/\/dcv-books.com\/wp-content\/uploads\/2020\/04\/Claus_Cover-1.jpg\",\"datePublished\":\"2020-04-29T10:51:23+00:00\",\"dateModified\":\"2022-08-24T12:46:25+00:00\",\"description\":\"J\u00fcrgen Claus \u2013 To the Oceans with Imagination: combines visual art, architecture, poetry, and music for a multifaceted engagement with the world\u2019s oceans.\",\"breadcrumb\":{\"@id\":\"https:\/\/dcv-books.com\/en\/produkt\/juergen-claus-to-the-oceans-with-imagination\/#breadcrumb\"},\"inLanguage\":\"en-US\",\"potentialAction\":[{\"@type\":\"ReadAction\",\"target\":[\"https:\/\/dcv-books.com\/en\/produkt\/juergen-claus-to-the-oceans-with-imagination\/\"]}]},{\"@type\":\"ImageObject\",\"inLanguage\":\"en-US\",\"@id\":\"https:\/\/dcv-books.com\/en\/produkt\/juergen-claus-to-the-oceans-with-imagination\/#primaryimage\",\"url\":\"https:\/\/dcv-books.com\/wp-content\/uploads\/2020\/04\/Claus_Cover-1.jpg\",\"contentUrl\":\"https:\/\/dcv-books.com\/wp-content\/uploads\/2020\/04\/Claus_Cover-1.jpg\",\"width\":471,\"height\":670,\"caption\":\"J\u00fcrgen Claus\"},{\"@type\":\"BreadcrumbList\",\"@id\":\"https:\/\/dcv-books.com\/en\/produkt\/juergen-claus-to-the-oceans-with-imagination\/#breadcrumb\",\"itemListElement\":[{\"@type\":\"ListItem\",\"position\":1,\"name\":\"Startseite\",\"item\":\"https:\/\/dcv-books.com\/en\/\"},{\"@type\":\"ListItem\",\"position\":2,\"name\":\"J\u00fcrgen Claus &#8211; To the Oceans with Imagination\"}]},{\"@type\":\"WebSite\",\"@id\":\"https:\/\/dcv-books.com\/#website\",\"url\":\"https:\/\/dcv-books.com\/\",\"name\":\"DCV\",\"description\":\"Dr. Cantz&#039;sche Verlagsgesellschaft mbH &amp; Co. KG\",\"potentialAction\":[{\"@type\":\"SearchAction\",\"target\":{\"@type\":\"EntryPoint\",\"urlTemplate\":\"https:\/\/dcv-books.com\/?s={search_term_string}\"},\"query-input\":{\"@type\":\"PropertyValueSpecification\",\"valueRequired\":true,\"valueName\":\"search_term_string\"}}],\"inLanguage\":\"en-US\"}]}<\/script>\n<!-- \/ Yoast SEO plugin. -->","yoast_head_json":{"title":"J\u00fcrgen Claus - To the Oceans with Imagination - DCV","description":"J\u00fcrgen Claus \u2013 To the Oceans with Imagination: combines visual art, architecture, poetry, and music for a multifaceted engagement with the world\u2019s oceans.","robots":{"index":"index","follow":"follow","max-snippet":"max-snippet:-1","max-image-preview":"max-image-preview:large","max-video-preview":"max-video-preview:-1"},"canonical":"https:\/\/dcv-books.com\/en\/produkt\/juergen-claus-to-the-oceans-with-imagination\/","og_locale":"en_US","og_type":"article","og_title":"J\u00fcrgen Claus - To the Oceans with Imagination - DCV","og_description":"J\u00fcrgen Claus \u2013 To the Oceans with Imagination: combines visual art, architecture, poetry, and music for a multifaceted engagement with the world\u2019s oceans.","og_url":"https:\/\/dcv-books.com\/en\/produkt\/juergen-claus-to-the-oceans-with-imagination\/","og_site_name":"DCV","article_modified_time":"2022-08-24T12:46:25+00:00","og_image":[{"width":471,"height":670,"url":"https:\/\/dcv-books.com\/wp-content\/uploads\/2020\/04\/Claus_Cover-1.jpg","type":"image\/jpeg"}],"twitter_card":"summary_large_image","twitter_misc":{"Est. reading time":"1 minute"},"schema":{"@context":"https:\/\/schema.org","@graph":[{"@type":"WebPage","@id":"https:\/\/dcv-books.com\/en\/produkt\/juergen-claus-to-the-oceans-with-imagination\/","url":"https:\/\/dcv-books.com\/en\/produkt\/juergen-claus-to-the-oceans-with-imagination\/","name":"J\u00fcrgen Claus - To the Oceans with Imagination - DCV","isPartOf":{"@id":"https:\/\/dcv-books.com\/#website"},"primaryImageOfPage":{"@id":"https:\/\/dcv-books.com\/en\/produkt\/juergen-claus-to-the-oceans-with-imagination\/#primaryimage"},"image":{"@id":"https:\/\/dcv-books.com\/en\/produkt\/juergen-claus-to-the-oceans-with-imagination\/#primaryimage"},"thumbnailUrl":"https:\/\/dcv-books.com\/wp-content\/uploads\/2020\/04\/Claus_Cover-1.jpg","datePublished":"2020-04-29T10:51:23+00:00","dateModified":"2022-08-24T12:46:25+00:00","description":"J\u00fcrgen Claus \u2013 To the Oceans with Imagination: combines visual art, architecture, poetry, and music for a multifaceted engagement with the world\u2019s oceans.","breadcrumb":{"@id":"https:\/\/dcv-books.com\/en\/produkt\/juergen-claus-to-the-oceans-with-imagination\/#breadcrumb"},"inLanguage":"en-US","potentialAction":[{"@type":"ReadAction","target":["https:\/\/dcv-books.com\/en\/produkt\/juergen-claus-to-the-oceans-with-imagination\/"]}]},{"@type":"ImageObject","inLanguage":"en-US","@id":"https:\/\/dcv-books.com\/en\/produkt\/juergen-claus-to-the-oceans-with-imagination\/#primaryimage","url":"https:\/\/dcv-books.com\/wp-content\/uploads\/2020\/04\/Claus_Cover-1.jpg","contentUrl":"https:\/\/dcv-books.com\/wp-content\/uploads\/2020\/04\/Claus_Cover-1.jpg","width":471,"height":670,"caption":"J\u00fcrgen Claus"},{"@type":"BreadcrumbList","@id":"https:\/\/dcv-books.com\/en\/produkt\/juergen-claus-to-the-oceans-with-imagination\/#breadcrumb","itemListElement":[{"@type":"ListItem","position":1,"name":"Startseite","item":"https:\/\/dcv-books.com\/en\/"},{"@type":"ListItem","position":2,"name":"J\u00fcrgen Claus &#8211; To the Oceans with Imagination"}]},{"@type":"WebSite","@id":"https:\/\/dcv-books.com\/#website","url":"https:\/\/dcv-books.com\/","name":"DCV","description":"Dr. Cantz&#039;sche Verlagsgesellschaft mbH &amp; Co. KG","potentialAction":[{"@type":"SearchAction","target":{"@type":"EntryPoint","urlTemplate":"https:\/\/dcv-books.com\/?s={search_term_string}"},"query-input":{"@type":"PropertyValueSpecification","valueRequired":true,"valueName":"search_term_string"}}],"inLanguage":"en-US"}]}},"_links":{"self":[{"href":"https:\/\/dcv-books.com\/en\/wp-json\/wp\/v2\/product\/11324","targetHints":{"allow":["GET"]}}],"collection":[{"href":"https:\/\/dcv-books.com\/en\/wp-json\/wp\/v2\/product"}],"about":[{"href":"https:\/\/dcv-books.com\/en\/wp-json\/wp\/v2\/types\/product"}],"wp:featuredmedia":[{"embeddable":true,"href":"https:\/\/dcv-books.com\/en\/wp-json\/wp\/v2\/media\/11384"}],"wp:attachment":[{"href":"https:\/\/dcv-books.com\/en\/wp-json\/wp\/v2\/media?parent=11324"}],"wp:term":[{"taxonomy":"product_brand","embeddable":true,"href":"https:\/\/dcv-books.com\/en\/wp-json\/wp\/v2\/product_brand?post=11324"},{"taxonomy":"product_cat","embeddable":true,"href":"https:\/\/dcv-books.com\/en\/wp-json\/wp\/v2\/product_cat?post=11324"},{"taxonomy":"product_tag","embeddable":true,"href":"https:\/\/dcv-books.com\/en\/wp-json\/wp\/v2\/product_tag?post=11324"}],"curies":[{"name":"wp","href":"https:\/\/api.w.org\/{rel}","templated":true}]}}