{"id":23123,"date":"2024-07-08T16:07:46","date_gmt":"2024-07-08T14:07:46","guid":{"rendered":"https:\/\/dcv-books.com\/?page_id=23123"},"modified":"2025-08-19T18:21:01","modified_gmt":"2025-08-19T16:21:01","slug":"jenny-brosinski","status":"publish","type":"page","link":"https:\/\/dcv-books.com\/en\/jenny-brosinski\/","title":{"rendered":"Jenny Brosinski"},"content":{"rendered":"\n<figure class=\"wp-block-gallery has-nested-images columns-default is-cropped is-style-complete-img-caption-top wp-block-gallery-1 is-layout-flex wp-block-gallery-is-layout-flex\">\n<figure class=\"wp-block-image size-large\"><img decoding=\"async\" width=\"2107\" height=\"2500\" data-id=\"23124\" src=\"https:\/\/dcv-books.com\/wp-content\/uploads\/2024\/07\/JennyBrosinski_TINS_Edition_1_web-1.jpg\" alt=\"\" class=\"wp-image-23124\"\/><figcaption class=\"wp-element-caption\">Things I\u2019ve Never Said 1<\/figcaption><\/figure>\n\n\n\n<figure class=\"wp-block-image size-large\"><img decoding=\"async\" width=\"2107\" height=\"2500\" data-id=\"23126\" src=\"https:\/\/dcv-books.com\/wp-content\/uploads\/2024\/07\/JennyBrosinski_TINS_Edition_2_web-1.jpg\" alt=\"\" class=\"wp-image-23126\"\/><figcaption class=\"wp-element-caption\">Things I\u2019ve Never Said 2 \u2013 SOLD<\/figcaption><\/figure>\n\n\n\n<figure class=\"wp-block-image size-large\"><img decoding=\"async\" width=\"2107\" height=\"2500\" data-id=\"23128\" src=\"https:\/\/dcv-books.com\/wp-content\/uploads\/2024\/07\/JennyBrosinski_TINS_Edition_3_web-1.jpg\" alt=\"\" class=\"wp-image-23128\"\/><figcaption class=\"wp-element-caption\">Things I\u2019ve Never Said 3 <\/figcaption><\/figure>\n\n\n\n<figure class=\"wp-block-image size-large\"><img decoding=\"async\" width=\"2107\" height=\"2500\" data-id=\"23130\" src=\"https:\/\/dcv-books.com\/wp-content\/uploads\/2024\/07\/JennyBrosinski_TINS_Edition_4_web-1.jpg\" alt=\"\" class=\"wp-image-23130\"\/><figcaption class=\"wp-element-caption\">Things I\u2019ve Never Said 4 \u2013 SOLD<\/figcaption><\/figure>\n\n\n\n<figure class=\"wp-block-image size-large\"><img decoding=\"async\" width=\"2107\" height=\"2500\" data-id=\"23132\" src=\"https:\/\/dcv-books.com\/wp-content\/uploads\/2024\/07\/JennyBrosinski_TINS_Edition_5_web-1.jpg\" alt=\"\" class=\"wp-image-23132\"\/><figcaption class=\"wp-element-caption\">Things I\u2019ve Never Said 5<\/figcaption><\/figure>\n\n\n\n<figure class=\"wp-block-image size-large\"><img decoding=\"async\" width=\"2107\" height=\"2500\" data-id=\"23134\" src=\"https:\/\/dcv-books.com\/wp-content\/uploads\/2024\/07\/JennyBrosinski_TINS_Edition_6_web-1.jpg\" alt=\"\" class=\"wp-image-23134\"\/><figcaption class=\"wp-element-caption\">Things I\u2019ve Never Said 6<\/figcaption><\/figure>\n\n\n\n<figure class=\"wp-block-image size-large\"><img decoding=\"async\" width=\"2107\" height=\"2500\" data-id=\"23136\" src=\"https:\/\/dcv-books.com\/wp-content\/uploads\/2024\/07\/JennyBrosinski_TINS_Edition_7_web-1.jpg\" alt=\"\" class=\"wp-image-23136\"\/><figcaption class=\"wp-element-caption\">Things I\u2019ve Never Said 7<\/figcaption><\/figure>\n\n\n\n<figure class=\"wp-block-image size-large\"><img decoding=\"async\" width=\"2107\" height=\"2500\" data-id=\"23138\" src=\"https:\/\/dcv-books.com\/wp-content\/uploads\/2024\/07\/JennyBrosinski_TINS_Edition_8_web-1.jpg\" alt=\"\" class=\"wp-image-23138\"\/><figcaption class=\"wp-element-caption\">Things I\u2019ve Never Said 8<\/figcaption><\/figure>\n\n\n\n<figure class=\"wp-block-image size-large\"><img decoding=\"async\" width=\"2107\" height=\"2500\" data-id=\"23140\" src=\"https:\/\/dcv-books.com\/wp-content\/uploads\/2024\/07\/JennyBrosinski_TINS_Edition_9_web-1.jpg\" alt=\"\" class=\"wp-image-23140\"\/><figcaption class=\"wp-element-caption\">Things I\u2019ve Never Said 9<\/figcaption><\/figure>\n<\/figure>\n\n\n<div id=\"edition-detail-block_016ab47074ff1656624e0d45d4f7f202\" class=\"section-main section-main--edition\">\n      <a href=\"m&#97;&#x69;&#x6c;t&#111;&#58;&#x61;&#x2e;k&#111;&#119;&#x61;&#x6c;e&#119;&#x73;&#x6b;&#x79;&#64;&#100;&#x63;&#x76;-&#98;&#111;&#x6f;&#x6b;s&#46;&#99;&#x6f;&#x6d;\" class=\"btn--cta sticky-btn\">Place order<\/a>\n    <div class=\"section-main__heading\">\n    <h2 class=\"heading-1\">Things I\u2019ve Never Said<\/h2>\n    <h3><\/h3>\n  <\/div>\n  <article class=\"section-main__content\">\n    <div>\n      <div>\n        <table class=\"section-main__table\">\n          <tbody>\n                        <tr>\n              <th class=\"heading-4\">Contact<\/th>\n              <td class=\"small\"><a href=\"&#x6d;&#x61;&#105;l&#x74;&#x6f;&#x3a;&#97;&#46;&#x6b;&#x6f;&#x77;&#97;l&#x65;&#x77;&#x73;&#107;y&#x40;&#x64;&#x63;&#118;-&#x62;&#x6f;&#x6f;&#107;s&#x2e;&#x63;&#x6f;&#109;\">Aylin Kowalewsky<\/a><\/td>\n            <\/tr>\n                                    <tr>\n              <th class=\"heading-4\">Year<\/th>\n              <td class=\"small\">2024<\/td>\n            <\/tr>\n                                    <tr>\n              <th class=\"heading-4\">Edition<\/th>\n              <td class=\"small\">9 unique works<\/td>\n            <\/tr>\n                                    <tr>\n              <th class=\"heading-4\">Technique<\/th>\n              <td class=\"small\">Watercolor pencil, acrylic and oil on paper<\/td>\n            <\/tr>\n                                                <tr>\n              <th class=\"heading-4\">Image Size<\/th>\n              <td class=\"small\">each 24.8 \u00d7 21 cm<\/td>\n            <\/tr>\n                                    <tr>\n              <th class=\"heading-4\">Price<\/th>\n              <td class=\"small\">each \u20ac 1.800 (incl. 7% VAT)<\/td>\n            <\/tr>\n                                    <tr>\n              <th class=\"heading-4\">Details<\/th>\n              <td class=\"small\">signed &#038; dated on the front, titled &#038; numbered on the verso, including signed copy of the monograph &#8220;Things I\u2018ve Never Said&#8221;<\/td>\n            <\/tr>\n                      <\/tbody>\n        <\/table>\n      <\/div>\n      <div>\n        <p>Jenny Brosinski (b. 1984 in Celle, lives and works in Berlin) is one of the figureheads of new abstract painting. In addition to her large-format canvas works, she has always cultivated art in smaller formats. To mark the publication of her first monograph, she has created this series of nine unique mixed-media works on paper that virtuously oscillate between abstraction and figuration, varying motifs from her oeuvre in ways that are both humorous and enigmatic.<\/p>\n      <\/div>\n    <\/div>\n  <\/article>\n<\/div>\n\n<section id=\"products-block_4c6f4b4a94f13c7e5871efff2007eabb\" class=\"products\">\n  <h2 class=\"heading-2 divider\">Books on Jenny Brosinski<\/h2>  <article class=\"reel-grid scrollable\">\n    <div class=\"woocommerce columns-4 \"><ul class=\"products columns-4\">\n<li class=\"product type-product post-24429 status-publish first instock product_cat-all-books product_cat-new-arrivals product_cat-on-art product_cat-painting product_tag-larissa-kikol-en product_tag-neue-abstrakte-malerei-en has-post-thumbnail taxable shipping-taxable purchasable product-type-simple\">\n\t<a href=\"https:\/\/dcv-books.com\/en\/produkt\/24429\/\" class=\"woocommerce-LoopProduct-link woocommerce-loop-product__link\"><div class=\"image-wrapper\"><img decoding=\"async\" width=\"1770\" height=\"2500\" src=\"https:\/\/dcv-books.com\/wp-content\/uploads\/2025\/07\/Kikol_NAM_Cover_mitKontur_web.jpg\" class=\"attachment-woocommerce_thumbnail size-woocommerce_thumbnail\" alt=\"Larissa Kikol -&lt;br&gt; Neue abstrakte Malerei\" \/><\/div><div class=\"book-label book-label--new\"><\/div><h2 class=\"woocommerce-loop-product__title\">Larissa Kikol <br> Neue abstrakte Malerei<\/h2>  <div class=\"woocommerce-loop-product__description\" itemprop=\"description\">\n    <p>Abstract painting has reinvented itself: rid of political and ideological burdens, it now stands for pure creative autonomy. From the Abstract Expressionism of the postwar era to today\u2019s expansive ease\u2014in essays and conversations, Larissa Kikol sheds light on how this art form broke free of the narratives that attended its emergence and performed a \u201cgreat reset.\u201d From the seminal innovations of Katharina Grosse or Albert Oehlen and radically subjectivist approaches in Cecily Brown or Andr\u00e9 Butzer to cutting-edge tendencies like Dirty Minimalism and Post Vandalism, the book presents thrilling insights into a painting that puts emotion, color, and shapes center stage. An inspiring look at the renaissance of abstract art in the 21st century and a must-have reference work for all art lovers.<\/p>\n<p>Artists: Frederic Anderson, Karla Black, Frank Bowling, Andreas Breunig, Jenny Brosinski, Cecily Brown, Andr\u00e9 Butzer, Diamonds Crew, Willehad Eilers, Jad\u00e9 Fadojutimi, Helen Frankenthaler, Katharina Grosse, Antwan Horfee, Aneta Kajzer, Joan Mitchell, Michael M\u00fcller, Oscar Murillo, NEU, NUG, Albert Oehlen, David Ostrowski, Over, Daisy Parris, Marco Pariani, Jackson Pollock, Christopher Wool<\/p>\n  <\/div>\n\n\t<span class=\"price\"><span class=\"woocommerce-Price-amount amount\"><bdi>26<span class=\"woocommerce-Price-currencySymbol\">&euro;<\/span><\/bdi><\/span><\/span>\n<\/a><a href=\"\/en\/wp-json\/wp\/v2\/pages\/23123?add-to-cart=24429\" aria-describedby=\"woocommerce_loop_add_to_cart_link_describedby_24429\" data-quantity=\"1\" class=\"button product_type_simple add_to_cart_button ajax_add_to_cart\" data-product_id=\"24429\" data-product_sku=\"\" aria-label=\"Add to cart: &ldquo;Larissa Kikol - Neue abstrakte Malerei&rdquo;\" rel=\"nofollow\" data-success_message=\"&ldquo;Larissa Kikol -&lt;br&gt; Neue abstrakte Malerei&rdquo; has been added to your cart\" role=\"button\">Add to cart<\/a>\t<span id=\"woocommerce_loop_add_to_cart_link_describedby_24429\" class=\"screen-reader-text\">\n\t\t\t<\/span>\n<\/li>\n<li class=\"product type-product post-20417 status-publish instock product_cat-all-books product_cat-new-arrivals product_cat-painting product_cat-sculpture product_tag-jenny-brosinski-en product_tag-things-ive-never-said-en has-post-thumbnail taxable shipping-taxable purchasable product-type-simple\">\n\t<a href=\"https:\/\/dcv-books.com\/en\/produkt\/jenny-brosinski-things-ive-never-said-2\/\" class=\"woocommerce-LoopProduct-link woocommerce-loop-product__link\"><div class=\"image-wrapper\"><img decoding=\"async\" width=\"2048\" height=\"2418\" src=\"https:\/\/dcv-books.com\/wp-content\/uploads\/2024\/05\/JennyBrosinski_cover_web-2048x2418.jpg\" class=\"attachment-woocommerce_thumbnail size-woocommerce_thumbnail\" alt=\"Jenny Brosinski -&lt;br&gt; Things I\u2019ve Never Said\" \/><\/div><h2 class=\"woocommerce-loop-product__title\">Jenny Brosinski <br> Things I\u2019ve Never Said<\/h2>  <div class=\"woocommerce-loop-product__description\" itemprop=\"description\">\n    <p>Jenny Brosinski\u2019s (b. Celle, 1984; lives and works in Berlin) paintings in large formats look like uncoordinated abstract compositions with traces of wear deliberately left in place. This brings their materiality to the fore and reveals the creative process. Expressive oil paint on unprimed canvas, spray-painted lines, typographic elements, shoeprints, or pieces of masking tape on the canvas: on the one hand, these are experiments and statements; on the other hand, they are engagements with painting as such. The artist added sculpture to her repertoire in 2019, making figurative and sometimes colorfully painted imaginary beasts in bronze or stone\u2014more evidence of her subtle sense of humor, which also manifests itself in her pictures and especially in their titles. The extensive monograph offers profound and comprehensive insight into Brosinski\u2019s oeuvre.<\/p>\n<p>Jenny Brosinski studied illustration and animation at the Wei\u00dfensee Kunsthochschule, Berlin, the \u00c9cole sup\u00e9rieure des arts d\u00e9coratifs, Strasbourg, and the Hamburg University of Applied Sciences. She completed her education with a master class in Berlin in 2010.<\/p>\n<p><a href=\"https:\/\/dcv-books.com\/en\/jenny-brosinski\/\">Limited artist edition available<\/a><\/p>\n  <\/div>\n\n\t<span class=\"price\"><span class=\"woocommerce-Price-amount amount\"><bdi>58<span class=\"woocommerce-Price-currencySymbol\">&euro;<\/span><\/bdi><\/span><\/span>\n<\/a><a href=\"\/en\/wp-json\/wp\/v2\/pages\/23123?add-to-cart=20417\" aria-describedby=\"woocommerce_loop_add_to_cart_link_describedby_20417\" data-quantity=\"1\" class=\"button product_type_simple add_to_cart_button ajax_add_to_cart\" data-product_id=\"20417\" data-product_sku=\"\" aria-label=\"Add to cart: &ldquo;Jenny Brosinski - Things I\u2019ve Never Said&rdquo;\" rel=\"nofollow\" data-success_message=\"&ldquo;Jenny Brosinski -&lt;br&gt; Things I\u2019ve Never Said&rdquo; has been added to your cart\" role=\"button\">Add to cart<\/a>\t<span id=\"woocommerce_loop_add_to_cart_link_describedby_20417\" class=\"screen-reader-text\">\n\t\t\t<\/span>\n<\/li>\n<\/ul>\n<\/div>  <\/article>\n<\/section>","protected":false},"excerpt":{"rendered":"","protected":false},"author":3,"featured_media":0,"parent":0,"menu_order":0,"comment_status":"closed","ping_status":"closed","template":"page-dark.php","meta":{"_acf_changed":false,"footnotes":""},"class_list":["post-23123","page","type-page","status-publish","hentry"],"acf":[],"yoast_head":"<!-- This site is optimized with the Yoast SEO plugin v27.5 - https:\/\/yoast.com\/product\/yoast-seo-wordpress\/ -->\n<title>Jenny Brosinski - DCV<\/title>\n<meta name=\"robots\" content=\"index, follow, max-snippet:-1, max-image-preview:large, max-video-preview:-1\" \/>\n<link rel=\"canonical\" href=\"https:\/\/dcv-books.com\/en\/jenny-brosinski\/\" \/>\n<meta property=\"og:locale\" content=\"en_US\" \/>\n<meta property=\"og:type\" content=\"article\" \/>\n<meta property=\"og:title\" content=\"Jenny Brosinski - DCV\" \/>\n<meta property=\"og:url\" content=\"https:\/\/dcv-books.com\/en\/jenny-brosinski\/\" \/>\n<meta property=\"og:site_name\" content=\"DCV\" \/>\n<meta property=\"article:modified_time\" content=\"2025-08-19T16:21:01+00:00\" \/>\n<meta property=\"og:image\" content=\"https:\/\/dcv-books.com\/wp-content\/uploads\/2024\/07\/JennyBrosinski_TINS_Edition_1_web-1.jpg\" \/>\n\t<meta property=\"og:image:width\" content=\"2107\" \/>\n\t<meta property=\"og:image:height\" content=\"2500\" \/>\n\t<meta property=\"og:image:type\" content=\"image\/jpeg\" \/>\n<meta name=\"twitter:card\" content=\"summary_large_image\" \/>\n<meta name=\"twitter:label1\" content=\"Est. reading time\" \/>\n\t<meta name=\"twitter:data1\" content=\"3 minutes\" \/>\n<script type=\"application\/ld+json\" class=\"yoast-schema-graph\">{\"@context\":\"https:\\\/\\\/schema.org\",\"@graph\":[{\"@type\":\"WebPage\",\"@id\":\"https:\\\/\\\/dcv-books.com\\\/en\\\/jenny-brosinski\\\/\",\"url\":\"https:\\\/\\\/dcv-books.com\\\/en\\\/jenny-brosinski\\\/\",\"name\":\"Jenny Brosinski - DCV\",\"isPartOf\":{\"@id\":\"https:\\\/\\\/dcv-books.com\\\/#website\"},\"primaryImageOfPage\":{\"@id\":\"https:\\\/\\\/dcv-books.com\\\/en\\\/jenny-brosinski\\\/#primaryimage\"},\"image\":{\"@id\":\"https:\\\/\\\/dcv-books.com\\\/en\\\/jenny-brosinski\\\/#primaryimage\"},\"thumbnailUrl\":\"https:\\\/\\\/dcv-books.com\\\/wp-content\\\/uploads\\\/2024\\\/07\\\/JennyBrosinski_TINS_Edition_1_web-1.jpg\",\"datePublished\":\"2024-07-08T14:07:46+00:00\",\"dateModified\":\"2025-08-19T16:21:01+00:00\",\"breadcrumb\":{\"@id\":\"https:\\\/\\\/dcv-books.com\\\/en\\\/jenny-brosinski\\\/#breadcrumb\"},\"inLanguage\":\"en-US\",\"potentialAction\":[{\"@type\":\"ReadAction\",\"target\":[\"https:\\\/\\\/dcv-books.com\\\/en\\\/jenny-brosinski\\\/\"]}]},{\"@type\":\"ImageObject\",\"inLanguage\":\"en-US\",\"@id\":\"https:\\\/\\\/dcv-books.com\\\/en\\\/jenny-brosinski\\\/#primaryimage\",\"url\":\"https:\\\/\\\/dcv-books.com\\\/wp-content\\\/uploads\\\/2024\\\/07\\\/JennyBrosinski_TINS_Edition_1_web-1.jpg\",\"contentUrl\":\"https:\\\/\\\/dcv-books.com\\\/wp-content\\\/uploads\\\/2024\\\/07\\\/JennyBrosinski_TINS_Edition_1_web-1.jpg\"},{\"@type\":\"BreadcrumbList\",\"@id\":\"https:\\\/\\\/dcv-books.com\\\/en\\\/jenny-brosinski\\\/#breadcrumb\",\"itemListElement\":[{\"@type\":\"ListItem\",\"position\":1,\"name\":\"Startseite\",\"item\":\"https:\\\/\\\/dcv-books.com\\\/en\\\/\"},{\"@type\":\"ListItem\",\"position\":2,\"name\":\"Jenny Brosinski\"}]},{\"@type\":\"WebSite\",\"@id\":\"https:\\\/\\\/dcv-books.com\\\/#website\",\"url\":\"https:\\\/\\\/dcv-books.com\\\/\",\"name\":\"DCV\",\"description\":\"Dr. Cantz&#039;sche Verlagsgesellschaft mbH &amp; Co. KG\",\"potentialAction\":[{\"@type\":\"SearchAction\",\"target\":{\"@type\":\"EntryPoint\",\"urlTemplate\":\"https:\\\/\\\/dcv-books.com\\\/?s={search_term_string}\"},\"query-input\":{\"@type\":\"PropertyValueSpecification\",\"valueRequired\":true,\"valueName\":\"search_term_string\"}}],\"inLanguage\":\"en-US\"}]}<\/script>\n<!-- \/ Yoast SEO plugin. -->","yoast_head_json":{"title":"Jenny Brosinski - DCV","robots":{"index":"index","follow":"follow","max-snippet":"max-snippet:-1","max-image-preview":"max-image-preview:large","max-video-preview":"max-video-preview:-1"},"canonical":"https:\/\/dcv-books.com\/en\/jenny-brosinski\/","og_locale":"en_US","og_type":"article","og_title":"Jenny Brosinski - DCV","og_url":"https:\/\/dcv-books.com\/en\/jenny-brosinski\/","og_site_name":"DCV","article_modified_time":"2025-08-19T16:21:01+00:00","og_image":[{"width":2107,"height":2500,"url":"https:\/\/dcv-books.com\/wp-content\/uploads\/2024\/07\/JennyBrosinski_TINS_Edition_1_web-1.jpg","type":"image\/jpeg"}],"twitter_card":"summary_large_image","twitter_misc":{"Est. reading time":"3 minutes"},"schema":{"@context":"https:\/\/schema.org","@graph":[{"@type":"WebPage","@id":"https:\/\/dcv-books.com\/en\/jenny-brosinski\/","url":"https:\/\/dcv-books.com\/en\/jenny-brosinski\/","name":"Jenny Brosinski - DCV","isPartOf":{"@id":"https:\/\/dcv-books.com\/#website"},"primaryImageOfPage":{"@id":"https:\/\/dcv-books.com\/en\/jenny-brosinski\/#primaryimage"},"image":{"@id":"https:\/\/dcv-books.com\/en\/jenny-brosinski\/#primaryimage"},"thumbnailUrl":"https:\/\/dcv-books.com\/wp-content\/uploads\/2024\/07\/JennyBrosinski_TINS_Edition_1_web-1.jpg","datePublished":"2024-07-08T14:07:46+00:00","dateModified":"2025-08-19T16:21:01+00:00","breadcrumb":{"@id":"https:\/\/dcv-books.com\/en\/jenny-brosinski\/#breadcrumb"},"inLanguage":"en-US","potentialAction":[{"@type":"ReadAction","target":["https:\/\/dcv-books.com\/en\/jenny-brosinski\/"]}]},{"@type":"ImageObject","inLanguage":"en-US","@id":"https:\/\/dcv-books.com\/en\/jenny-brosinski\/#primaryimage","url":"https:\/\/dcv-books.com\/wp-content\/uploads\/2024\/07\/JennyBrosinski_TINS_Edition_1_web-1.jpg","contentUrl":"https:\/\/dcv-books.com\/wp-content\/uploads\/2024\/07\/JennyBrosinski_TINS_Edition_1_web-1.jpg"},{"@type":"BreadcrumbList","@id":"https:\/\/dcv-books.com\/en\/jenny-brosinski\/#breadcrumb","itemListElement":[{"@type":"ListItem","position":1,"name":"Startseite","item":"https:\/\/dcv-books.com\/en\/"},{"@type":"ListItem","position":2,"name":"Jenny Brosinski"}]},{"@type":"WebSite","@id":"https:\/\/dcv-books.com\/#website","url":"https:\/\/dcv-books.com\/","name":"DCV","description":"Dr. Cantz&#039;sche Verlagsgesellschaft mbH &amp; Co. KG","potentialAction":[{"@type":"SearchAction","target":{"@type":"EntryPoint","urlTemplate":"https:\/\/dcv-books.com\/?s={search_term_string}"},"query-input":{"@type":"PropertyValueSpecification","valueRequired":true,"valueName":"search_term_string"}}],"inLanguage":"en-US"}]}},"_links":{"self":[{"href":"https:\/\/dcv-books.com\/en\/wp-json\/wp\/v2\/pages\/23123","targetHints":{"allow":["GET"]}}],"collection":[{"href":"https:\/\/dcv-books.com\/en\/wp-json\/wp\/v2\/pages"}],"about":[{"href":"https:\/\/dcv-books.com\/en\/wp-json\/wp\/v2\/types\/page"}],"author":[{"embeddable":true,"href":"https:\/\/dcv-books.com\/en\/wp-json\/wp\/v2\/users\/3"}],"replies":[{"embeddable":true,"href":"https:\/\/dcv-books.com\/en\/wp-json\/wp\/v2\/comments?post=23123"}],"version-history":[{"count":5,"href":"https:\/\/dcv-books.com\/en\/wp-json\/wp\/v2\/pages\/23123\/revisions"}],"predecessor-version":[{"id":25471,"href":"https:\/\/dcv-books.com\/en\/wp-json\/wp\/v2\/pages\/23123\/revisions\/25471"}],"wp:attachment":[{"href":"https:\/\/dcv-books.com\/en\/wp-json\/wp\/v2\/media?parent=23123"}],"curies":[{"name":"wp","href":"https:\/\/api.w.org\/{rel}","templated":true}]}}