{"id":21591,"date":"2024-01-05T17:48:11","date_gmt":"2024-01-05T16:48:11","guid":{"rendered":"https:\/\/dcv-books.com\/?page_id=21591"},"modified":"2026-03-19T16:09:41","modified_gmt":"2026-03-19T15:09:41","slug":"philip-loersch-2","status":"publish","type":"page","link":"https:\/\/dcv-books.com\/en\/philip-loersch-2\/","title":{"rendered":"Philip Loersch"},"content":{"rendered":"\n<figure class=\"wp-block-gallery has-nested-images columns-default is-cropped is-style-complete-img-caption-top wp-block-gallery-1 is-layout-flex wp-block-gallery-is-layout-flex\">\n<figure class=\"wp-block-image size-large\"><img decoding=\"async\" width=\"1933\" height=\"2307\" data-id=\"22969\" src=\"https:\/\/dcv-books.com\/wp-content\/uploads\/2024\/06\/DCV_Loersch_Edition3.jpg\" alt=\"\" class=\"wp-image-22969\"\/><figcaption class=\"wp-element-caption\">BEWEGENDE INFORMATIONEN III<\/figcaption><\/figure>\n\n\n\n<figure class=\"wp-block-image size-large\"><img decoding=\"async\" width=\"1899\" height=\"1832\" data-id=\"22967\" src=\"https:\/\/dcv-books.com\/wp-content\/uploads\/2024\/06\/DCV_Loersch_Edition4.jpg\" alt=\"\" class=\"wp-image-22967\"\/><figcaption class=\"wp-element-caption\">BEWEGENDE INFORMATIONEN IV<\/figcaption><\/figure>\n\n\n\n<figure class=\"wp-block-image size-large\"><img decoding=\"async\" width=\"2267\" height=\"2091\" data-id=\"22965\" src=\"https:\/\/dcv-books.com\/wp-content\/uploads\/2024\/06\/DCV_Loersch_Edition5.jpg\" alt=\"\" class=\"wp-image-22965\"\/><figcaption class=\"wp-element-caption\">BEWEGENDE INFORMATIONEN V<\/figcaption><\/figure>\n\n\n\n<figure class=\"wp-block-image size-large\"><img decoding=\"async\" width=\"1065\" height=\"1849\" data-id=\"25144\" src=\"https:\/\/dcv-books.com\/wp-content\/uploads\/2025\/06\/PL_Edition_7_b_crop-1.jpg\" alt=\"\" class=\"wp-image-25144\"\/><figcaption class=\"wp-element-caption\">BEWEGENDE INFORMATIONEN VII<\/figcaption><\/figure>\n\n\n\n<figure class=\"wp-block-image size-large\"><img decoding=\"async\" width=\"1269\" height=\"1764\" data-id=\"25146\" src=\"https:\/\/dcv-books.com\/wp-content\/uploads\/2025\/06\/PL_Edition_8_b_crop-1.jpg\" alt=\"\" class=\"wp-image-25146\"\/><figcaption class=\"wp-element-caption\">BEWEGENDE INFORMATIONEN VIII<\/figcaption><\/figure>\n\n\n\n<figure class=\"wp-block-image size-large\"><img decoding=\"async\" width=\"2500\" height=\"1474\" data-id=\"21592\" src=\"https:\/\/dcv-books.com\/wp-content\/uploads\/2024\/01\/DSC7432_web-Kopie-1.jpg\" alt=\"\" class=\"wp-image-21592\"\/><figcaption class=\"wp-element-caption\">VINYL RECORD<\/figcaption><\/figure>\n<\/figure>\n\n\n<div id=\"edition-detail-block_0a4316bc8077d4522e6d785989b97497\" class=\"section-main section-main--edition\">\n      <a href=\"&#109;&#x61;i&#x6c;&#x74;&#111;&#x3a;a&#x2e;&#x6b;&#111;&#x77;a&#x6c;&#x65;&#119;&#x73;k&#x79;&#x40;&#100;&#x63;v&#x2d;&#x62;&#111;&#x6f;k&#x73;&#x2e;&#99;&#x6f;m\" class=\"btn--cta sticky-btn\">Place order<\/a>\n    <div class=\"section-main__heading\">\n    <h2 class=\"heading-1\">Philip Loersch<\/h2>\n    <h3><\/h3>\n  <\/div>\n  <article class=\"section-main__content\">\n    <div>\n      <div>\n        <table class=\"section-main__table\">\n          <tbody>\n                        <tr>\n              <th class=\"heading-4\">Contact<\/th>\n              <td class=\"small\"><a href=\"&#109;a&#x69;l&#x74;o&#x3a;&#97;&#x2e;&#107;&#x6f;&#119;a&#x6c;e&#x77;s&#x6b;&#121;&#x40;&#100;&#x63;&#118;&#x2d;&#98;o&#x6f;k&#x73;&#46;&#x63;&#111;&#x6d;\">Aylin Kowalewsky<\/a><\/td>\n            <\/tr>\n                                    <tr>\n              <th class=\"heading-4\">Year<\/th>\n              <td class=\"small\">2023\/2024<\/td>\n            <\/tr>\n                                    <tr>\n              <th class=\"heading-4\">Edition<\/th>\n              <td class=\"small\">9 drawings<\/td>\n            <\/tr>\n                                    <tr>\n              <th class=\"heading-4\">Technique<\/th>\n              <td class=\"small\">Ink, pencil and colored pencil on paper<\/td>\n            <\/tr>\n                                                <tr>\n              <th class=\"heading-4\">Image Size<\/th>\n              <td class=\"small\">ca. 29.7 x 21 cm<\/td>\n            <\/tr>\n                                    <tr>\n              <th class=\"heading-4\">Price<\/th>\n              <td class=\"small\">\u20ac 900 (incl. 7% VAT)<\/td>\n            <\/tr>\n                                    <tr>\n              <th class=\"heading-4\">Details<\/th>\n              <td class=\"small\">signed and dated + vinyl record and free download link<\/td>\n            <\/tr>\n                      <\/tbody>\n        <\/table>\n      <\/div>\n      <div>\n        <p><strong>Philip Loersch<\/strong> (b. Aachen, 1980) is a master of photorealistic drawing. His record <em>Renteninformation 2022<\/em> represents the acoustic culmination of a series of works the artist has pursued since 2016. Every year, he has produced a colored-pencil drawing of his Renteninformation, embedding it in idyllic scenes, delicately and accurately executed down to the tiniest letter.<em> Bewegende Informationen<\/em> is a series of nine unique drawings that vary the audio book\u2019s script.<\/p>\n      <\/div>\n    <\/div>\n  <\/article>\n<\/div>\n\n<section id=\"products-block_3f7cc4c37f244ec5740c8b0e20377808\" class=\"products\">\n  <h2 class=\"heading-2 divider\">Books on Philip Loersch<\/h2>  <article class=\"reel-grid scrollable\">\n    <div class=\"woocommerce columns-4 \"><ul class=\"products columns-4\">\n<li class=\"product type-product post-21090 status-publish first instock product_cat-all-books product_cat-audio-en product_cat-drawing product_cat-new-arrivals product_tag-philip-loersch-en product_tag-renteninformation-en product_tag-renteninformation-2022-en has-post-thumbnail taxable shipping-taxable purchasable product-type-simple\">\n\t<a href=\"https:\/\/dcv-books.com\/en\/produkt\/philip-loersch-renteninformation-2022\/\" class=\"woocommerce-LoopProduct-link woocommerce-loop-product__link\"><div class=\"image-wrapper\"><img decoding=\"async\" width=\"2048\" height=\"2028\" src=\"https:\/\/dcv-books.com\/wp-content\/uploads\/2024\/01\/Loersch_RI22_Cover_Sticker_web-2048x2028.jpg\" class=\"attachment-woocommerce_thumbnail size-woocommerce_thumbnail\" alt=\"Philip Loersch -&lt;br&gt; Renteninformation 2022\" \/><\/div><h2 class=\"woocommerce-loop-product__title\">Philip Loersch <br> Renteninformation 2022<\/h2>  <div class=\"woocommerce-loop-product__description\" itemprop=\"description\">\n    <p><strong>A satirical audiobook, read by Johannes Steck<\/strong><\/p>\n<p>with free download link on the inside<\/p>\n<p>You\u2019ve read right, and you\u2019re going to hear it: a bureaucratic document\u2014we\u2019re all familiar with it, for a new one arrives every year\u2014is the subject of this inspired collaboration between the graphic artist Philip Loersch and the virtuoso vocalist Johannes Steck.<\/p>\n<p>The \u201cRenteninformation\u201d\u2014an official letter on cheap paper informing the recipient about their expected future retirement benefits\u2014makes many cultural workers, and others, crack up or break out in tears: arriving unexpectedly, it launches us on an emotional roller coaster between excitement, fascination, resignation, and sheer madness.<\/p>\n<p>The manuscript for this audiobook is Loersch\u2019s actual Renteninformation for 2022. Its intonation is the culmination of a series of works the artist has pursued since 2016. Every year, he has produced a naturalist colored-pencil drawing of his Renteninformation, embedding it in idyllic scenes\u2014in the garden on a summer afternoon, amid autumn foliage, or on a frozen lake, delicately and accurately executed down to the smallest leaf of grass and the tiniest letter.<\/p>\n<p>\u201cRenteninformation 2022\u201d is the ideal gift for all vinyl lovers who need to close a \u201cpension gap\u201d in their collections and a stunning audio experience that redefines what the satire of reality itself and conceptual art can do.<\/p>\n<p>&nbsp;<\/p>\n<p><strong>Philip Loersch<\/strong> (b. Aachen, 1980) is best known for his unconventional drawings. His works combine painstaking imitations of printed writing with hyperrealist colored-pencil drawings; for instance, he transfers pages from encyclopedias not only onto paper, but also onto three-dimensional objects such as soapstone. His art has been exhibited at renowned institutions such as Kunsthaus Z\u00fcrich, Museum Kunstpalast D\u00fcsseldorf, and Hamburger Kunsthalle. He has won numerous fellowships and awards, including the Kunstpreis Berlin f\u00fcr Bildende Kunst, and helped initiate the exhibition series \u201cDrawing Wow.\u201d<\/p>\n<p><strong>Johannes Steck<\/strong> (b. W\u00fcrzburg, 1966) is one of Germany\u2019s best-known audiobook narrators, having sold over four million copies, including of books by Simon Beckett and Ken Follett, in a three-decade career. Television viewers also know his voice from trailers on Kabel 1 and DMAX and documentaries on ZDF, BR, and Sky. His work has garnered awards including the 2012 H\u00f6rKules.<\/p>\n<p><a href=\"https:\/\/dcv-books.com\/en\/philip-loersch-2\/\">Limited artist edition available<\/a><\/p>\n  <\/div>\n\n\t<span class=\"price\"><span class=\"woocommerce-Price-amount amount\"><bdi>30<span class=\"woocommerce-Price-currencySymbol\">&euro;<\/span><\/bdi><\/span><\/span>\n<\/a><a href=\"\/en\/wp-json\/wp\/v2\/pages\/21591?add-to-cart=21090\" aria-describedby=\"woocommerce_loop_add_to_cart_link_describedby_21090\" data-quantity=\"1\" class=\"button product_type_simple add_to_cart_button ajax_add_to_cart\" data-product_id=\"21090\" data-product_sku=\"\" aria-label=\"Add to cart: &ldquo;Philip Loersch - Renteninformation 2022&rdquo;\" rel=\"nofollow\" data-success_message=\"&ldquo;Philip Loersch -&lt;br&gt; Renteninformation 2022&rdquo; has been added to your cart\" role=\"button\">Add to cart<\/a>\t<span id=\"woocommerce_loop_add_to_cart_link_describedby_21090\" class=\"screen-reader-text\">\n\t\t\t<\/span>\n<\/li>\n<li class=\"product type-product post-21506 status-publish instock product_cat-all-books product_cat-drawing product_cat-new-arrivals product_cat-sculpture product_cat-works-on-paper-en product_tag-philip-loersch-en product_tag-portraitist-of-writing-en product_tag-pow-en has-post-thumbnail taxable shipping-taxable purchasable product-type-simple\">\n\t<a href=\"https:\/\/dcv-books.com\/en\/produkt\/philip-loersch-pow-portraitist-of-writing\/\" class=\"woocommerce-LoopProduct-link woocommerce-loop-product__link\"><div class=\"image-wrapper\"><img decoding=\"async\" width=\"1852\" height=\"2500\" src=\"https:\/\/dcv-books.com\/wp-content\/uploads\/2023\/12\/POW_Titel_web.jpg\" class=\"attachment-woocommerce_thumbnail size-woocommerce_thumbnail\" alt=\"Philip Loersch -&lt;br&gt; POW - PORTRAITIST OF WRITING\" \/><\/div><h2 class=\"woocommerce-loop-product__title\">Philip Loersch <br> POW &#8211; PORTRAITIST OF WRITING<\/h2>  <div class=\"woocommerce-loop-product__description\" itemprop=\"description\">\n    <p>Philip Loersch (b. Aachen, 1980; lives and works near Munich) combines painstaking imitations of printed writing with hyperrealist colored-pencil drawings; for instance, he transfers pages from encyclopedias not only onto paper, but also onto three-dimensional objects such as soapstone. His works reveal the fragility of truth and authenticity while commenting with subversive irony on the postmodern disintegration of the idea of originality. His art has been exhibited at renowned institutions like Kunsthaus Z\u00fcrich, Museum Kunstpalast D\u00fcsseldorf, and Hamburger Kunsthalle. He has won numerous fellowships and awards, including the Kunstpreis Berlin f\u00fcr Bildende Kunst. This monograph gathers his works created between 2016 and today.<\/p>\n<p><a href=\"https:\/\/dcv-books.com\/en\/philip-loersch-2\/\">Limited art edition available<\/a><\/p>\n  <\/div>\n\n\t<span class=\"price\"><span class=\"woocommerce-Price-amount amount\"><bdi>34<span class=\"woocommerce-Price-currencySymbol\">&euro;<\/span><\/bdi><\/span><\/span>\n<\/a><a href=\"\/en\/wp-json\/wp\/v2\/pages\/21591?add-to-cart=21506\" aria-describedby=\"woocommerce_loop_add_to_cart_link_describedby_21506\" data-quantity=\"1\" class=\"button product_type_simple add_to_cart_button ajax_add_to_cart\" data-product_id=\"21506\" data-product_sku=\"\" aria-label=\"Add to cart: &ldquo;Philip Loersch - POW - PORTRAITIST OF WRITING&rdquo;\" rel=\"nofollow\" data-success_message=\"&ldquo;Philip Loersch -&lt;br&gt; POW - PORTRAITIST OF WRITING&rdquo; has been added to your cart\" role=\"button\">Add to cart<\/a>\t<span id=\"woocommerce_loop_add_to_cart_link_describedby_21506\" class=\"screen-reader-text\">\n\t\t\t<\/span>\n<\/li>\n<\/ul>\n<\/div>  <\/article>\n<\/section>","protected":false},"excerpt":{"rendered":"","protected":false},"author":3,"featured_media":0,"parent":0,"menu_order":0,"comment_status":"closed","ping_status":"closed","template":"page-dark.php","meta":{"_acf_changed":false,"footnotes":""},"class_list":["post-21591","page","type-page","status-publish","hentry"],"acf":[],"yoast_head":"<!-- This site is optimized with the Yoast SEO plugin v27.1.1 - https:\/\/yoast.com\/product\/yoast-seo-wordpress\/ -->\n<title>Philip Loersch - DCV<\/title>\n<meta name=\"robots\" content=\"index, follow, max-snippet:-1, max-image-preview:large, max-video-preview:-1\" \/>\n<link rel=\"canonical\" href=\"https:\/\/dcv-books.com\/en\/philip-loersch-2\/\" \/>\n<meta property=\"og:locale\" content=\"en_US\" \/>\n<meta property=\"og:type\" content=\"article\" \/>\n<meta property=\"og:title\" content=\"Philip Loersch - DCV\" \/>\n<meta property=\"og:url\" content=\"https:\/\/dcv-books.com\/en\/philip-loersch-2\/\" \/>\n<meta property=\"og:site_name\" content=\"DCV\" \/>\n<meta property=\"article:modified_time\" content=\"2026-03-19T15:09:41+00:00\" \/>\n<meta property=\"og:image\" content=\"https:\/\/dcv-books.com\/wp-content\/uploads\/2024\/06\/DCV_Loersch_Edition3.jpg\" \/>\n\t<meta property=\"og:image:width\" content=\"858\" \/>\n\t<meta property=\"og:image:height\" content=\"1024\" \/>\n\t<meta property=\"og:image:type\" content=\"image\/jpeg\" \/>\n<meta name=\"twitter:card\" content=\"summary_large_image\" \/>\n<meta name=\"twitter:label1\" content=\"Est. reading time\" \/>\n\t<meta name=\"twitter:data1\" content=\"2 minutes\" \/>\n<script type=\"application\/ld+json\" class=\"yoast-schema-graph\">{\"@context\":\"https:\/\/schema.org\",\"@graph\":[{\"@type\":\"WebPage\",\"@id\":\"https:\/\/dcv-books.com\/en\/philip-loersch-2\/\",\"url\":\"https:\/\/dcv-books.com\/en\/philip-loersch-2\/\",\"name\":\"Philip Loersch - DCV\",\"isPartOf\":{\"@id\":\"https:\/\/dcv-books.com\/#website\"},\"primaryImageOfPage\":{\"@id\":\"https:\/\/dcv-books.com\/en\/philip-loersch-2\/#primaryimage\"},\"image\":{\"@id\":\"https:\/\/dcv-books.com\/en\/philip-loersch-2\/#primaryimage\"},\"thumbnailUrl\":\"https:\/\/dcv-books.com\/wp-content\/uploads\/2024\/06\/DCV_Loersch_Edition3.jpg\",\"datePublished\":\"2024-01-05T16:48:11+00:00\",\"dateModified\":\"2026-03-19T15:09:41+00:00\",\"breadcrumb\":{\"@id\":\"https:\/\/dcv-books.com\/en\/philip-loersch-2\/#breadcrumb\"},\"inLanguage\":\"en-US\",\"potentialAction\":[{\"@type\":\"ReadAction\",\"target\":[\"https:\/\/dcv-books.com\/en\/philip-loersch-2\/\"]}]},{\"@type\":\"ImageObject\",\"inLanguage\":\"en-US\",\"@id\":\"https:\/\/dcv-books.com\/en\/philip-loersch-2\/#primaryimage\",\"url\":\"https:\/\/dcv-books.com\/wp-content\/uploads\/2024\/06\/DCV_Loersch_Edition3.jpg\",\"contentUrl\":\"https:\/\/dcv-books.com\/wp-content\/uploads\/2024\/06\/DCV_Loersch_Edition3.jpg\"},{\"@type\":\"BreadcrumbList\",\"@id\":\"https:\/\/dcv-books.com\/en\/philip-loersch-2\/#breadcrumb\",\"itemListElement\":[{\"@type\":\"ListItem\",\"position\":1,\"name\":\"Startseite\",\"item\":\"https:\/\/dcv-books.com\/en\/\"},{\"@type\":\"ListItem\",\"position\":2,\"name\":\"Philip Loersch\"}]},{\"@type\":\"WebSite\",\"@id\":\"https:\/\/dcv-books.com\/#website\",\"url\":\"https:\/\/dcv-books.com\/\",\"name\":\"DCV\",\"description\":\"Dr. Cantz&#039;sche Verlagsgesellschaft mbH &amp; Co. KG\",\"potentialAction\":[{\"@type\":\"SearchAction\",\"target\":{\"@type\":\"EntryPoint\",\"urlTemplate\":\"https:\/\/dcv-books.com\/?s={search_term_string}\"},\"query-input\":{\"@type\":\"PropertyValueSpecification\",\"valueRequired\":true,\"valueName\":\"search_term_string\"}}],\"inLanguage\":\"en-US\"}]}<\/script>\n<!-- \/ Yoast SEO plugin. -->","yoast_head_json":{"title":"Philip Loersch - DCV","robots":{"index":"index","follow":"follow","max-snippet":"max-snippet:-1","max-image-preview":"max-image-preview:large","max-video-preview":"max-video-preview:-1"},"canonical":"https:\/\/dcv-books.com\/en\/philip-loersch-2\/","og_locale":"en_US","og_type":"article","og_title":"Philip Loersch - DCV","og_url":"https:\/\/dcv-books.com\/en\/philip-loersch-2\/","og_site_name":"DCV","article_modified_time":"2026-03-19T15:09:41+00:00","og_image":[{"url":"https:\/\/dcv-books.com\/wp-content\/uploads\/2024\/06\/DCV_Loersch_Edition3.jpg","width":858,"height":1024,"type":"image\/jpeg"}],"twitter_card":"summary_large_image","twitter_misc":{"Est. reading time":"2 minutes"},"schema":{"@context":"https:\/\/schema.org","@graph":[{"@type":"WebPage","@id":"https:\/\/dcv-books.com\/en\/philip-loersch-2\/","url":"https:\/\/dcv-books.com\/en\/philip-loersch-2\/","name":"Philip Loersch - DCV","isPartOf":{"@id":"https:\/\/dcv-books.com\/#website"},"primaryImageOfPage":{"@id":"https:\/\/dcv-books.com\/en\/philip-loersch-2\/#primaryimage"},"image":{"@id":"https:\/\/dcv-books.com\/en\/philip-loersch-2\/#primaryimage"},"thumbnailUrl":"https:\/\/dcv-books.com\/wp-content\/uploads\/2024\/06\/DCV_Loersch_Edition3.jpg","datePublished":"2024-01-05T16:48:11+00:00","dateModified":"2026-03-19T15:09:41+00:00","breadcrumb":{"@id":"https:\/\/dcv-books.com\/en\/philip-loersch-2\/#breadcrumb"},"inLanguage":"en-US","potentialAction":[{"@type":"ReadAction","target":["https:\/\/dcv-books.com\/en\/philip-loersch-2\/"]}]},{"@type":"ImageObject","inLanguage":"en-US","@id":"https:\/\/dcv-books.com\/en\/philip-loersch-2\/#primaryimage","url":"https:\/\/dcv-books.com\/wp-content\/uploads\/2024\/06\/DCV_Loersch_Edition3.jpg","contentUrl":"https:\/\/dcv-books.com\/wp-content\/uploads\/2024\/06\/DCV_Loersch_Edition3.jpg"},{"@type":"BreadcrumbList","@id":"https:\/\/dcv-books.com\/en\/philip-loersch-2\/#breadcrumb","itemListElement":[{"@type":"ListItem","position":1,"name":"Startseite","item":"https:\/\/dcv-books.com\/en\/"},{"@type":"ListItem","position":2,"name":"Philip Loersch"}]},{"@type":"WebSite","@id":"https:\/\/dcv-books.com\/#website","url":"https:\/\/dcv-books.com\/","name":"DCV","description":"Dr. Cantz&#039;sche Verlagsgesellschaft mbH &amp; Co. KG","potentialAction":[{"@type":"SearchAction","target":{"@type":"EntryPoint","urlTemplate":"https:\/\/dcv-books.com\/?s={search_term_string}"},"query-input":{"@type":"PropertyValueSpecification","valueRequired":true,"valueName":"search_term_string"}}],"inLanguage":"en-US"}]}},"_links":{"self":[{"href":"https:\/\/dcv-books.com\/en\/wp-json\/wp\/v2\/pages\/21591","targetHints":{"allow":["GET"]}}],"collection":[{"href":"https:\/\/dcv-books.com\/en\/wp-json\/wp\/v2\/pages"}],"about":[{"href":"https:\/\/dcv-books.com\/en\/wp-json\/wp\/v2\/types\/page"}],"author":[{"embeddable":true,"href":"https:\/\/dcv-books.com\/en\/wp-json\/wp\/v2\/users\/3"}],"replies":[{"embeddable":true,"href":"https:\/\/dcv-books.com\/en\/wp-json\/wp\/v2\/comments?post=21591"}],"version-history":[{"count":18,"href":"https:\/\/dcv-books.com\/en\/wp-json\/wp\/v2\/pages\/21591\/revisions"}],"predecessor-version":[{"id":26644,"href":"https:\/\/dcv-books.com\/en\/wp-json\/wp\/v2\/pages\/21591\/revisions\/26644"}],"wp:attachment":[{"href":"https:\/\/dcv-books.com\/en\/wp-json\/wp\/v2\/media?parent=21591"}],"curies":[{"name":"wp","href":"https:\/\/api.w.org\/{rel}","templated":true}]}}