{"id":1973,"date":"2019-12-16T10:28:08","date_gmt":"2019-12-16T09:28:08","guid":{"rendered":"https:\/\/dcv-books.com\/john-bock\/"},"modified":"2023-01-19T16:53:20","modified_gmt":"2023-01-19T15:53:20","slug":"john-bock","status":"publish","type":"page","link":"https:\/\/dcv-books.com\/en\/john-bock\/","title":{"rendered":"John Bock"},"content":{"rendered":"\n<figure class=\"wp-block-gallery has-nested-images columns-default is-cropped is-style-complete-img-caption-top wp-block-gallery-1 is-layout-flex wp-block-gallery-is-layout-flex\">\n<figure class=\"wp-block-image size-large\"><img decoding=\"async\" width=\"726\" height=\"1024\" data-id=\"1949\" src=\"https:\/\/dcv-books.com\/wp-content\/uploads\/2019\/12\/EC_Edition_JohnBock_3-726x1024.jpg\" alt=\"John Bock\" class=\"wp-image-1949\"\/><figcaption class=\"wp-element-caption\">OHNE TITEL (KUNSTWOHLFAHRT, MEECHFIEBER \u2026) \u2013 SOLD<\/figcaption><\/figure>\n\n\n\n<figure class=\"wp-block-image size-large\"><img decoding=\"async\" width=\"722\" height=\"1024\" data-id=\"1947\" src=\"https:\/\/dcv-books.com\/wp-content\/uploads\/2019\/12\/EC_Edition_JohnBock_2-722x1024.jpg\" alt=\"\" class=\"wp-image-1947\"\/><figcaption class=\"wp-element-caption\">OHNE TITEL<\/figcaption><\/figure>\n\n\n\n<figure class=\"wp-block-image size-large\"><img decoding=\"async\" width=\"731\" height=\"1024\" data-id=\"1943\" src=\"https:\/\/dcv-books.com\/wp-content\/uploads\/2019\/12\/EC_Edition_JohnBock_1-731x1024.jpg\" alt=\"\" class=\"wp-image-1943\"\/><figcaption class=\"wp-element-caption\">OHNE TITEL (EKTOPLASMA QUALM-GEBIRGE \u2026)<\/figcaption><\/figure>\n<\/figure>\n\n\n<div id=\"edition-detail-block_b38d0984c110a3a41040fc5cf491283b\" class=\"section-main section-main--edition\">\n      <a href=\"&#x6d;&#97;i&#x6c;&#116;o&#x3a;&#x75;&#46;&#x67;&#x72;&#111;s&#x65;&#110;i&#x63;&#x6b;&#64;&#x64;&#x63;&#118;-&#x62;&#111;o&#x6b;&#x73;&#46;&#x63;&#x6f;&#109;\" class=\"btn--cta sticky-btn\">Place order<\/a>\n    <div class=\"section-main__heading\">\n    <h2 class=\"heading-1\">John Bock <\/h2>\n    <h3><\/h3>\n  <\/div>\n  <article class=\"section-main__content\">\n    <div>\n      <div>\n        <table class=\"section-main__table\">\n          <tbody>\n                        <tr>\n              <th class=\"heading-4\">Contact<\/th>\n              <td class=\"small\"><a href=\"mai&#108;&#116;&#111;&#x3a;&#x75;&#x2e;&#x67;&#x72;&#x6f;sen&#105;&#99;&#107;&#64;&#x64;&#x63;&#x76;&#x2d;&#x62;&#x6f;oks&#46;&#99;&#111;&#x6d;\">Uta Grosenick<\/a><\/td>\n            <\/tr>\n                                    <tr>\n              <th class=\"heading-4\">Year<\/th>\n              <td class=\"small\">2019<\/td>\n            <\/tr>\n                                    <tr>\n              <th class=\"heading-4\">Edition<\/th>\n              <td class=\"small\">3 unique works<\/td>\n            <\/tr>\n                                    <tr>\n              <th class=\"heading-4\">Technique<\/th>\n              <td class=\"small\">pencil on paper<\/td>\n            <\/tr>\n                                                <tr>\n              <th class=\"heading-4\">Image Size<\/th>\n              <td class=\"small\">29,7 x 21 cm<\/td>\n            <\/tr>\n                                    <tr>\n              <th class=\"heading-4\">Price<\/th>\n              <td class=\"small\">each \u20ac 1.700 (incl. 19% VAT)<\/td>\n            <\/tr>\n                                    <tr>\n              <th class=\"heading-4\">Details<\/th>\n              <td class=\"small\">signed<\/td>\n            <\/tr>\n                      <\/tbody>\n        <\/table>\n      <\/div>\n      <div>\n        <p>John Bock (b. 1965, Gribbohm; lives and works in Berlin) studied at the Hochschule f\u00fcr bildende K\u00fcnste in Hamburg and since 2004 has taught at the Staatliche Akademie der Bildenden K\u00fcnste Karlsruhe as Professor of Sculpture. He has participated in the 55th Biennale di Venezia, and his works have been featured in exhibitions worldwide.<\/p>\n      <\/div>\n    <\/div>\n  <\/article>\n<\/div>\n\n<section id=\"products-block_881393e190565265505315fd0209eec6\" class=\"products\">\n  <h2 class=\"heading-2 divider\">Books on John Bock<\/h2>  <article class=\"reel-grid scrollable\">\n    <div class=\"woocommerce columns-4 \"><ul class=\"products columns-4\">\n<li class=\"product type-product post-1804 status-publish first instock product_cat-all-books product_cat-film-and-video product_cat-installation-art product_cat-performance-art product_tag-john-bock-en has-post-thumbnail taxable shipping-taxable purchasable product-type-simple\">\n\t<a href=\"https:\/\/dcv-books.com\/en\/produkt\/john-bock-auraaroma-%cf%89-beule\/\" class=\"woocommerce-LoopProduct-link woocommerce-loop-product__link\"><div class=\"image-wrapper\"><img decoding=\"async\" width=\"1024\" height=\"1327\" src=\"https:\/\/dcv-books.com\/wp-content\/uploads\/2019\/11\/Bock_coverNEU_frame-e1589724723521-1024x1327.jpg\" class=\"attachment-woocommerce_thumbnail size-woocommerce_thumbnail\" alt=\"John Bock\" \/><\/div><h2 class=\"woocommerce-loop-product__title\">JOHN BOCK <br>AURAAROMA-\u03a9-BEULE<\/h2>  <div class=\"woocommerce-loop-product__description\" itemprop=\"description\">\n    <p class=\"introzeile-buecher\">The Augmented Reality Book for John Bock<\/p>\n<p>John Bock (b. 1965 in Gribbohm, lives in Berlin) is one of the most important contemporary performance and video artists. In his works characterized by humor and absurdity, the artist places language, human bodies, everyday objects, and spaces in peculiar relationships to each other. He attained international recognition with the installation <em>LiquidityAuraAromaPortfolio<\/em> at the first Berlin Biennale in 1998. Together with his work <em>Voll die Beule<\/em> from 2013, it is now included in the collection of the Kunsthalle Mannheim. The present augmented reality book not only contextualizes his work, but also immerses the viewer\/reader directly in his performances, in which the artist\u2019s head emerges and a filled rubber glove leaks out. A completely new approach to the works of John Bock, packaged in a pair of socks designed by the artist.<\/p>\n<p>John Bock studied at the Hamburg University of Fine Arts and since 2004 has taught at the State Academy of Fine Arts Karlsruhe as Professor of Sculpture. He has participated in the 55th Biennale di Venezia, and his works have been featured worldwide in solo exhibitions at, among others, the Berlinische Galerie, the Contemporary Austin, Texas, the Barbican Centre, London, and the St\u00e4del Museum, Frankfurt.<\/p>\n<p><span style=\"color: #ff0000;\"><a style=\"color: #ff0000;\" href=\"https:\/\/dcv-books.com\/john-bock\/?lang=en\">Artist&#8217;s Edition available<\/a><\/span><\/p>\n  <\/div>\n\n\t<span class=\"price\"><span class=\"woocommerce-Price-amount amount\"><bdi>42<span class=\"woocommerce-Price-currencySymbol\">&euro;<\/span><\/bdi><\/span><\/span>\n<\/a><a href=\"\/en\/wp-json\/wp\/v2\/pages\/1973?add-to-cart=1804\" aria-describedby=\"woocommerce_loop_add_to_cart_link_describedby_1804\" data-quantity=\"1\" class=\"button product_type_simple add_to_cart_button ajax_add_to_cart\" data-product_id=\"1804\" data-product_sku=\"\" aria-label=\"Add to cart: &ldquo;JOHN BOCK AURAAROMA-\u03a9-BEULE&rdquo;\" rel=\"nofollow\" data-success_message=\"&ldquo;JOHN BOCK &lt;br&gt;AURAAROMA-\u03a9-BEULE&rdquo; has been added to your cart\" role=\"button\">Add to cart<\/a>\t<span id=\"woocommerce_loop_add_to_cart_link_describedby_1804\" class=\"screen-reader-text\">\n\t\t\t<\/span>\n<\/li>\n<\/ul>\n<\/div>  <\/article>\n<\/section>","protected":false},"excerpt":{"rendered":"","protected":false},"author":3,"featured_media":1947,"parent":0,"menu_order":0,"comment_status":"closed","ping_status":"closed","template":"page-dark.php","meta":{"_acf_changed":false,"footnotes":""},"class_list":["post-1973","page","type-page","status-publish","has-post-thumbnail","hentry"],"acf":[],"yoast_head":"<!-- This site is optimized with the Yoast SEO plugin v27.1.1 - https:\/\/yoast.com\/product\/yoast-seo-wordpress\/ -->\n<title>John Bock - DCV<\/title>\n<meta name=\"description\" content=\"John Bock participated in the 55th Biennale di Venezia. His works have been shown in exhibitions worldwide. Get your exclusive edition now.\" \/>\n<meta name=\"robots\" content=\"index, follow, max-snippet:-1, max-image-preview:large, max-video-preview:-1\" \/>\n<link rel=\"canonical\" href=\"https:\/\/dcv-books.com\/en\/john-bock\/\" \/>\n<meta property=\"og:locale\" content=\"en_US\" \/>\n<meta property=\"og:type\" content=\"article\" \/>\n<meta property=\"og:title\" content=\"John Bock - DCV\" \/>\n<meta property=\"og:description\" content=\"John Bock participated in the 55th Biennale di Venezia. His works have been shown in exhibitions worldwide. Get your exclusive edition now.\" \/>\n<meta property=\"og:url\" content=\"https:\/\/dcv-books.com\/en\/john-bock\/\" \/>\n<meta property=\"og:site_name\" content=\"DCV\" \/>\n<meta property=\"article:modified_time\" content=\"2023-01-19T15:53:20+00:00\" \/>\n<meta property=\"og:image\" content=\"https:\/\/dcv-books.com\/wp-content\/uploads\/2019\/12\/EC_Edition_JohnBock_2-scaled.jpg\" \/>\n\t<meta property=\"og:image:width\" content=\"1805\" \/>\n\t<meta property=\"og:image:height\" content=\"2560\" \/>\n\t<meta property=\"og:image:type\" content=\"image\/jpeg\" \/>\n<meta name=\"twitter:card\" content=\"summary_large_image\" \/>\n<meta name=\"twitter:label1\" content=\"Est. reading time\" \/>\n\t<meta name=\"twitter:data1\" content=\"1 minute\" \/>\n<script type=\"application\/ld+json\" class=\"yoast-schema-graph\">{\"@context\":\"https:\/\/schema.org\",\"@graph\":[{\"@type\":\"WebPage\",\"@id\":\"https:\/\/dcv-books.com\/en\/john-bock\/\",\"url\":\"https:\/\/dcv-books.com\/en\/john-bock\/\",\"name\":\"John Bock - DCV\",\"isPartOf\":{\"@id\":\"https:\/\/dcv-books.com\/#website\"},\"primaryImageOfPage\":{\"@id\":\"https:\/\/dcv-books.com\/en\/john-bock\/#primaryimage\"},\"image\":{\"@id\":\"https:\/\/dcv-books.com\/en\/john-bock\/#primaryimage\"},\"thumbnailUrl\":\"https:\/\/dcv-books.com\/wp-content\/uploads\/2019\/12\/EC_Edition_JohnBock_2-scaled.jpg\",\"datePublished\":\"2019-12-16T09:28:08+00:00\",\"dateModified\":\"2023-01-19T15:53:20+00:00\",\"description\":\"John Bock participated in the 55th Biennale di Venezia. His works have been shown in exhibitions worldwide. Get your exclusive edition now.\",\"breadcrumb\":{\"@id\":\"https:\/\/dcv-books.com\/en\/john-bock\/#breadcrumb\"},\"inLanguage\":\"en-US\",\"potentialAction\":[{\"@type\":\"ReadAction\",\"target\":[\"https:\/\/dcv-books.com\/en\/john-bock\/\"]}]},{\"@type\":\"ImageObject\",\"inLanguage\":\"en-US\",\"@id\":\"https:\/\/dcv-books.com\/en\/john-bock\/#primaryimage\",\"url\":\"https:\/\/dcv-books.com\/wp-content\/uploads\/2019\/12\/EC_Edition_JohnBock_2-scaled.jpg\",\"contentUrl\":\"https:\/\/dcv-books.com\/wp-content\/uploads\/2019\/12\/EC_Edition_JohnBock_2-scaled.jpg\",\"width\":1805,\"height\":2560,\"caption\":\"John Bock\"},{\"@type\":\"BreadcrumbList\",\"@id\":\"https:\/\/dcv-books.com\/en\/john-bock\/#breadcrumb\",\"itemListElement\":[{\"@type\":\"ListItem\",\"position\":1,\"name\":\"Startseite\",\"item\":\"https:\/\/dcv-books.com\/en\/\"},{\"@type\":\"ListItem\",\"position\":2,\"name\":\"John Bock\"}]},{\"@type\":\"WebSite\",\"@id\":\"https:\/\/dcv-books.com\/#website\",\"url\":\"https:\/\/dcv-books.com\/\",\"name\":\"DCV\",\"description\":\"Dr. Cantz&#039;sche Verlagsgesellschaft mbH &amp; Co. KG\",\"potentialAction\":[{\"@type\":\"SearchAction\",\"target\":{\"@type\":\"EntryPoint\",\"urlTemplate\":\"https:\/\/dcv-books.com\/?s={search_term_string}\"},\"query-input\":{\"@type\":\"PropertyValueSpecification\",\"valueRequired\":true,\"valueName\":\"search_term_string\"}}],\"inLanguage\":\"en-US\"}]}<\/script>\n<!-- \/ Yoast SEO plugin. -->","yoast_head_json":{"title":"John Bock - DCV","description":"John Bock participated in the 55th Biennale di Venezia. His works have been shown in exhibitions worldwide. Get your exclusive edition now.","robots":{"index":"index","follow":"follow","max-snippet":"max-snippet:-1","max-image-preview":"max-image-preview:large","max-video-preview":"max-video-preview:-1"},"canonical":"https:\/\/dcv-books.com\/en\/john-bock\/","og_locale":"en_US","og_type":"article","og_title":"John Bock - DCV","og_description":"John Bock participated in the 55th Biennale di Venezia. His works have been shown in exhibitions worldwide. Get your exclusive edition now.","og_url":"https:\/\/dcv-books.com\/en\/john-bock\/","og_site_name":"DCV","article_modified_time":"2023-01-19T15:53:20+00:00","og_image":[{"width":1805,"height":2560,"url":"https:\/\/dcv-books.com\/wp-content\/uploads\/2019\/12\/EC_Edition_JohnBock_2-scaled.jpg","type":"image\/jpeg"}],"twitter_card":"summary_large_image","twitter_misc":{"Est. reading time":"1 minute"},"schema":{"@context":"https:\/\/schema.org","@graph":[{"@type":"WebPage","@id":"https:\/\/dcv-books.com\/en\/john-bock\/","url":"https:\/\/dcv-books.com\/en\/john-bock\/","name":"John Bock - DCV","isPartOf":{"@id":"https:\/\/dcv-books.com\/#website"},"primaryImageOfPage":{"@id":"https:\/\/dcv-books.com\/en\/john-bock\/#primaryimage"},"image":{"@id":"https:\/\/dcv-books.com\/en\/john-bock\/#primaryimage"},"thumbnailUrl":"https:\/\/dcv-books.com\/wp-content\/uploads\/2019\/12\/EC_Edition_JohnBock_2-scaled.jpg","datePublished":"2019-12-16T09:28:08+00:00","dateModified":"2023-01-19T15:53:20+00:00","description":"John Bock participated in the 55th Biennale di Venezia. His works have been shown in exhibitions worldwide. Get your exclusive edition now.","breadcrumb":{"@id":"https:\/\/dcv-books.com\/en\/john-bock\/#breadcrumb"},"inLanguage":"en-US","potentialAction":[{"@type":"ReadAction","target":["https:\/\/dcv-books.com\/en\/john-bock\/"]}]},{"@type":"ImageObject","inLanguage":"en-US","@id":"https:\/\/dcv-books.com\/en\/john-bock\/#primaryimage","url":"https:\/\/dcv-books.com\/wp-content\/uploads\/2019\/12\/EC_Edition_JohnBock_2-scaled.jpg","contentUrl":"https:\/\/dcv-books.com\/wp-content\/uploads\/2019\/12\/EC_Edition_JohnBock_2-scaled.jpg","width":1805,"height":2560,"caption":"John Bock"},{"@type":"BreadcrumbList","@id":"https:\/\/dcv-books.com\/en\/john-bock\/#breadcrumb","itemListElement":[{"@type":"ListItem","position":1,"name":"Startseite","item":"https:\/\/dcv-books.com\/en\/"},{"@type":"ListItem","position":2,"name":"John Bock"}]},{"@type":"WebSite","@id":"https:\/\/dcv-books.com\/#website","url":"https:\/\/dcv-books.com\/","name":"DCV","description":"Dr. Cantz&#039;sche Verlagsgesellschaft mbH &amp; Co. KG","potentialAction":[{"@type":"SearchAction","target":{"@type":"EntryPoint","urlTemplate":"https:\/\/dcv-books.com\/?s={search_term_string}"},"query-input":{"@type":"PropertyValueSpecification","valueRequired":true,"valueName":"search_term_string"}}],"inLanguage":"en-US"}]}},"_links":{"self":[{"href":"https:\/\/dcv-books.com\/en\/wp-json\/wp\/v2\/pages\/1973","targetHints":{"allow":["GET"]}}],"collection":[{"href":"https:\/\/dcv-books.com\/en\/wp-json\/wp\/v2\/pages"}],"about":[{"href":"https:\/\/dcv-books.com\/en\/wp-json\/wp\/v2\/types\/page"}],"author":[{"embeddable":true,"href":"https:\/\/dcv-books.com\/en\/wp-json\/wp\/v2\/users\/3"}],"replies":[{"embeddable":true,"href":"https:\/\/dcv-books.com\/en\/wp-json\/wp\/v2\/comments?post=1973"}],"version-history":[{"count":10,"href":"https:\/\/dcv-books.com\/en\/wp-json\/wp\/v2\/pages\/1973\/revisions"}],"predecessor-version":[{"id":19092,"href":"https:\/\/dcv-books.com\/en\/wp-json\/wp\/v2\/pages\/1973\/revisions\/19092"}],"wp:featuredmedia":[{"embeddable":true,"href":"https:\/\/dcv-books.com\/en\/wp-json\/wp\/v2\/media\/1947"}],"wp:attachment":[{"href":"https:\/\/dcv-books.com\/en\/wp-json\/wp\/v2\/media?parent=1973"}],"curies":[{"name":"wp","href":"https:\/\/api.w.org\/{rel}","templated":true}]}}