{"id":16835,"date":"2022-01-11T15:06:35","date_gmt":"2022-01-11T14:06:35","guid":{"rendered":"https:\/\/dcv-books.com\/?page_id=16835"},"modified":"2024-03-18T13:08:13","modified_gmt":"2024-03-18T12:08:13","slug":"jan-zoller","status":"publish","type":"page","link":"https:\/\/dcv-books.com\/en\/jan-zoller\/","title":{"rendered":"Jan Z\u00f6ller"},"content":{"rendered":"\n<figure class=\"wp-block-gallery has-nested-images columns-default is-cropped is-style-complete-img-caption-top wp-block-gallery-1 is-layout-flex wp-block-gallery-is-layout-flex\">\n<figure class=\"wp-block-image size-large\"><img decoding=\"async\" width=\"1840\" height=\"2400\" data-id=\"16812\" src=\"https:\/\/dcv-books.com\/wp-content\/uploads\/2022\/01\/The-Fire-Spirits_1-2.jpg\" alt=\"\" class=\"wp-image-16812\"\/><figcaption class=\"wp-element-caption\">The Fire Spirits (1)  \u2013 SOLD<\/figcaption><\/figure>\n\n\n\n<figure class=\"wp-block-image size-large\"><img decoding=\"async\" width=\"1856\" height=\"2400\" data-id=\"16814\" src=\"https:\/\/dcv-books.com\/wp-content\/uploads\/2022\/01\/The-Fire-Spirits_2-2.jpg\" alt=\"\" class=\"wp-image-16814\"\/><figcaption class=\"wp-element-caption\">The Fire Spirits (2)  \u2013 SOLD<\/figcaption><\/figure>\n\n\n\n<figure class=\"wp-block-image size-large\"><img decoding=\"async\" width=\"1840\" height=\"2400\" data-id=\"16816\" src=\"https:\/\/dcv-books.com\/wp-content\/uploads\/2022\/01\/The-Fire-Spirits_3-2.jpg\" alt=\"\" class=\"wp-image-16816\"\/><figcaption class=\"wp-element-caption\">The Fire Spirits (3) \u2013&nbsp;SOLD<\/figcaption><\/figure>\n\n\n\n<figure class=\"wp-block-image size-large\"><img decoding=\"async\" width=\"1920\" height=\"2500\" data-id=\"16818\" src=\"https:\/\/dcv-books.com\/wp-content\/uploads\/2022\/01\/The-Fire-Spirits_4-2.jpg\" alt=\"\" class=\"wp-image-16818\"\/><figcaption class=\"wp-element-caption\">The Fire Spirits (4) \u2013&nbsp;SOLD<\/figcaption><\/figure>\n\n\n\n<figure class=\"wp-block-image size-large\"><img decoding=\"async\" width=\"1840\" height=\"2400\" data-id=\"16820\" src=\"https:\/\/dcv-books.com\/wp-content\/uploads\/2022\/01\/The-Fire-Spirits_5-1.jpg\" alt=\"\" class=\"wp-image-16820\"\/><figcaption class=\"wp-element-caption\">The Fire Spirits (5) \u2013 SOLD<\/figcaption><\/figure>\n<\/figure>\n\n\n<div id=\"edition-detail-block_2cff6266744665bf039a19aded683fcb\" class=\"section-main section-main--edition\">\n    <div class=\"section-main__heading margin-top\">\n    <h2 class=\"heading-1\">Jan Z\u00f6ller<\/h2>\n    <h3><\/h3>\n  <\/div>\n  <article class=\"section-main__content\">\n    <div>\n      <div>\n        <table class=\"section-main__table\">\n          <tbody>\n                                    <tr>\n              <th class=\"heading-4\">Year<\/th>\n              <td class=\"small\">2021<\/td>\n            <\/tr>\n                                    <tr>\n              <th class=\"heading-4\">Edition<\/th>\n              <td class=\"small\">5 unique works<\/td>\n            <\/tr>\n                                    <tr>\n              <th class=\"heading-4\">Technique<\/th>\n              <td class=\"small\">watercolor, ink and graphite on Hahnem\u00fchle paper<\/td>\n            <\/tr>\n                                                <tr>\n              <th class=\"heading-4\">Image Size<\/th>\n              <td class=\"small\">65 x 50,5 cm<\/td>\n            <\/tr>\n                                                <tr>\n              <th class=\"heading-4\">Details<\/th>\n              <td class=\"small\">signed<\/td>\n            <\/tr>\n                      <\/tbody>\n        <\/table>\n      <\/div>\n      <div>\n        <p>Jan Z\u00f6ller\u2019s (b. Haslach im Kinzigtal, 1992; lives and works in Karlsruhe) art brims with personal references<br \/>\nthat he translates into a distinctive visual idiom. His own experiences as a young artist serve as an inspiration for works including video art, installation, as well as large-format painting.<\/p>\n<p>The book <i>Dissonance\u2014Platform Germany<\/i> showcases the art of the eighty-one most important painters working in Germany in the past two decades. Some of them have graciously agreed to allow DCV to release limited editions of their works.<\/p>\n      <\/div>\n    <\/div>\n  <\/article>\n<\/div>\n\n<section id=\"products-block_311dc7f6f12285be86acc5dccf2e7923\" class=\"products\">\n  <h2 class=\"heading-2 divider\">Books on Jan Z\u00f6ller<\/h2>  <article class=\"reel-grid scrollable\">\n    <div class=\"woocommerce columns-4 \"><ul class=\"products columns-4\">\n<li class=\"product type-product post-19764 status-publish first instock product_cat-all-books product_cat-drawing product_cat-installation-art product_cat-painting product_cat-sculpture product_cat-works-on-paper-en product_tag-jan-zoeller-en has-post-thumbnail taxable shipping-taxable purchasable product-type-simple\">\n\t<a href=\"https:\/\/dcv-books.com\/en\/produkt\/jan-zoller-ritual-believer\/\" class=\"woocommerce-LoopProduct-link woocommerce-loop-product__link\"><div class=\"image-wrapper\"><img decoding=\"async\" width=\"848\" height=\"1280\" src=\"https:\/\/dcv-books.com\/wp-content\/uploads\/2023\/06\/JZ_Preview_Cover.jpeg\" class=\"attachment-woocommerce_thumbnail size-woocommerce_thumbnail\" alt=\"Jan Z\u00f6ller -&lt;br&gt; Ritual Believer\" \/><\/div><h2 class=\"woocommerce-loop-product__title\">Jan Z\u00f6ller <br> Ritual Believer<\/h2>  <div class=\"woocommerce-loop-product__description\" itemprop=\"description\">\n    <p>Jan Z\u00f6ller\u2019s (b. Haslach, 1992; lives and works in Karlsruhe) paintings, sculptures, and installations probe the discrepancy between economic production and the spiritual and magical dimension of art. The artist\u2019s book <em>Ritual Believer<\/em> surveys the so-called <em>charcoal paintings <\/em>series, created between 2019 and 2023. For these works, the artist paints directly in charcoal on the unprimed canvas, making it impossible to correct \u201cblunders.\u201d Another distinguishing feature is the virtual absence of color; the austerity of the compositions contrasts with Z\u00f6ller\u2019s other, often intensely colorful paintings. The motifs that are the hallmark of his oeuvre\u2014birds, running legs\u2014are complemented by writing and text. Another aspect of this shift is that the works\u2019 titles play a central part and almost figure as a creative element in their own right. For the text in the book, the artist sent the titles of the works shown to his brother, who wove them into a story. An appendix presents scanned archival materials. Notebooks and zines Z\u00f6ller produced between 2015 and 2017 provide interesting insight into how he finds his motifs and his compositional process.<\/p>\n<p>Jan Z\u00f6ller studied with Marijke van Warmerdam and Leni Hoffmann at the Akademie der Bildenden K\u00fcnste Karlsruhe from 2012 until 2017 and with Jean-Marc Bustamante and G\u00f6tz Arndt at the \u00c9cole Nationale Sup\u00e9rieure des Beaux-Arts de Paris in 2016.<\/p>\n<p><a href=\"https:\/\/dcv-books.com\/en\/jan-zoller-2\/\">Limited art edition available<\/a><\/p>\n  <\/div>\n\n\t<span class=\"price\"><span class=\"woocommerce-Price-amount amount\"><bdi>40<span class=\"woocommerce-Price-currencySymbol\">&euro;<\/span><\/bdi><\/span><\/span>\n<\/a><a href=\"\/en\/wp-json\/wp\/v2\/pages\/16835?add-to-cart=19764\" aria-describedby=\"woocommerce_loop_add_to_cart_link_describedby_19764\" data-quantity=\"1\" class=\"button product_type_simple add_to_cart_button ajax_add_to_cart\" data-product_id=\"19764\" data-product_sku=\"\" aria-label=\"Add to cart: &ldquo;Jan Z\u00f6ller - Ritual Believer&rdquo;\" rel=\"nofollow\" data-success_message=\"&ldquo;Jan Z\u00f6ller -&lt;br&gt; Ritual Believer&rdquo; has been added to your cart\" role=\"button\">Add to cart<\/a>\t<span id=\"woocommerce_loop_add_to_cart_link_describedby_19764\" class=\"screen-reader-text\">\n\t\t\t<\/span>\n<\/li>\n<li class=\"product type-product post-19415 status-publish instock product_cat-all-books product_cat-painting product_tag-jan-zoeller-en product_tag-robert-grunenberg-en has-post-thumbnail taxable shipping-taxable purchasable product-type-simple\">\n\t<a href=\"https:\/\/dcv-books.com\/en\/produkt\/jan-zoeller\/\" class=\"woocommerce-LoopProduct-link woocommerce-loop-product__link\"><div class=\"image-wrapper\"><img decoding=\"async\" width=\"1748\" height=\"2480\" src=\"https:\/\/dcv-books.com\/wp-content\/uploads\/2023\/04\/Grunenberg_2023_Jan_Zoeller_Cover.jpg\" class=\"attachment-woocommerce_thumbnail size-woocommerce_thumbnail\" alt=\"Jan Z\u00f6ller\" \/><\/div><h2 class=\"woocommerce-loop-product__title\">Jan Z\u00f6ller<\/h2>  <div class=\"woocommerce-loop-product__description\" itemprop=\"description\">\n    <p>Jan Z\u00f6ller\u2019s (b. Haslach, 1992; lives and works in Karlsruhe) art has the aura of a jerry-rigged, cosmic, comedic theater. Flames gutter, pant legs and elbows dance, run, and go up in fire. Wells, basins, and tubs are central motifs, symbolizing communal settings, but also the circulation of vital energies, of human and economic interconnections. Z\u00f6ller\u2019s paintings take fractured or antiquated systems, today\u2019s art world among them, and reforge them into something new. In painting, he reflects on what being an artist means to him, driven by an interest less in a dialogue with art history or other contemporary painters than in the psychosocial relationships and conditions that inform his work. His paintings, sculptures, and installations probe the discrepancy between economic production and the spiritual and magical dimension of art.<\/p>\n  <\/div>\n\n\t<span class=\"price\"><span class=\"woocommerce-Price-amount amount\"><bdi>10<span class=\"woocommerce-Price-currencySymbol\">&euro;<\/span><\/bdi><\/span><\/span>\n<\/a><a href=\"\/en\/wp-json\/wp\/v2\/pages\/16835?add-to-cart=19415\" aria-describedby=\"woocommerce_loop_add_to_cart_link_describedby_19415\" data-quantity=\"1\" class=\"button product_type_simple add_to_cart_button ajax_add_to_cart\" data-product_id=\"19415\" data-product_sku=\"\" aria-label=\"Add to cart: &ldquo;Jan Z\u00f6ller&rdquo;\" rel=\"nofollow\" data-success_message=\"&ldquo;Jan Z\u00f6ller&rdquo; has been added to your cart\" role=\"button\">Add to cart<\/a>\t<span id=\"woocommerce_loop_add_to_cart_link_describedby_19415\" class=\"screen-reader-text\">\n\t\t\t<\/span>\n<\/li>\n<li class=\"product type-product post-17648 status-publish instock product_cat-all-books product_cat-installation-art product_cat-painting product_tag-jan-zoeller-en product_tag-keine-zeit-zum-baden-en has-post-thumbnail taxable shipping-taxable purchasable product-type-simple\">\n\t<a href=\"https:\/\/dcv-books.com\/en\/produkt\/jan-zoeller-keine-zeit-zum-baden\/\" class=\"woocommerce-LoopProduct-link woocommerce-loop-product__link\"><div class=\"image-wrapper\"><img decoding=\"async\" width=\"2048\" height=\"2761\" src=\"https:\/\/dcv-books.com\/wp-content\/uploads\/2021\/02\/Zoeller_Cover_neu_2-2048x2761.jpeg\" class=\"attachment-woocommerce_thumbnail size-woocommerce_thumbnail\" alt=\"jan z\u00f6ller\" \/><\/div><h2 class=\"woocommerce-loop-product__title\">Jan Z\u00f6ller <br> Keine Zeit zum Baden<\/h2>  <div class=\"woocommerce-loop-product__description\" itemprop=\"description\">\n    <div>\n<p><span lang=\"EN-US\">Jan Z\u00f6ller\u2019s (b. Haslach im Kinzigtal, 1992; lives and works in Karlsruhe) art brims with personal references and experiences that he translates into his distinctive personal visual idiom. His paintings are theatrical arrangements for which he draws on a multifarious repertoire of motifs. Z\u00f6ller\u2019s first monograph <i>Keine Zeit zum Baden<\/i> presents new works engaging with the exhibition space such as a floating installation with blue tiles from the exhibition of the same title at St\u00e4dtische Galerie Ostfildern and videos and large-format paintings from the cycle <i>Badebrunnen<\/i> that were created between 2019 and 2022. The bathtubs in the pictures hint at private moments of relaxation; the fountains, at the \u201ceternal cycle\u201d of nature. The title <i>Keine Zeit zum Baden<\/i> (<i>No Time for Bathing<\/i>), then, gestures toward the subjects of the works, but also suggest the dilemma of striking a healthy balance between life, work, and one\u2019s vocation.<\/span><\/p>\n<\/div>\n<div>\n<p><span lang=\"EN-US\">Jan Z\u00f6ller studied with Marijke van Warmerdam und Leni Hoffmann at the State Academy of Fine Arts Karlsruhe from 2012 until 2017 and with Jean-Marc Bustamante at the \u00c9cole Nationale Sup\u00e9rieure des Beaux-Arts de Paris in 2016. He won the Federal Prize for Art Students of the Bundeskunsthalle, Bonn, in 2018, followed by Stiftung Kunstfonds\u2019s working fellowship in 2021.<\/span><\/p>\n<\/div>\n<p><a href=\"https:\/\/dcv-books.com\/en\/jan-zoller\/\">Limited art edition available<\/a><\/p>\n  <\/div>\n\n\t<span class=\"price\"><span class=\"woocommerce-Price-amount amount\"><bdi>38<span class=\"woocommerce-Price-currencySymbol\">&euro;<\/span><\/bdi><\/span><\/span>\n<\/a><a href=\"\/en\/wp-json\/wp\/v2\/pages\/16835?add-to-cart=17648\" aria-describedby=\"woocommerce_loop_add_to_cart_link_describedby_17648\" data-quantity=\"1\" class=\"button product_type_simple add_to_cart_button ajax_add_to_cart\" data-product_id=\"17648\" data-product_sku=\"\" aria-label=\"Add to cart: &ldquo;Jan Z\u00f6ller - Keine Zeit zum Baden&rdquo;\" rel=\"nofollow\" data-success_message=\"&ldquo;Jan Z\u00f6ller -&lt;br&gt; Keine Zeit zum Baden&rdquo; has been added to your cart\" role=\"button\">Add to cart<\/a>\t<span id=\"woocommerce_loop_add_to_cart_link_describedby_17648\" class=\"screen-reader-text\">\n\t\t\t<\/span>\n<\/li>\n<li class=\"product type-product post-16496 status-publish last instock product_cat-all-books product_cat-installation-art product_cat-on-art product_cat-painting product_cat-photography product_tag-annedore-dietze-en product_tag-claudia-chaseling-en-2 product_tag-emmanuel-bornstein-en product_tag-fritz-bornstueck-en product_tag-jan-zoeller-en product_tag-justine-otto-en product_tag-oska-gutheil-en product_tag-philip-groezinger-en product_tag-philipp-fuerhofer-en product_tag-slawomir-elsner-en has-post-thumbnail taxable shipping-taxable product-type-simple\">\n\t<a href=\"https:\/\/dcv-books.com\/en\/produkt\/dissonance-platform-germany\/\" class=\"woocommerce-LoopProduct-link woocommerce-loop-product__link\"><div class=\"image-wrapper\"><img decoding=\"async\" width=\"1625\" height=\"2362\" src=\"https:\/\/dcv-books.com\/wp-content\/uploads\/2022\/01\/cover-katalog.jpg\" class=\"attachment-woocommerce_thumbnail size-woocommerce_thumbnail\" alt=\"Dissonance Platform Germany\" \/><\/div><h2 class=\"woocommerce-loop-product__title\">Dissonance <br> Platform Germany<\/h2>  <div class=\"woocommerce-loop-product__description\" itemprop=\"description\">\n    <p><strong>A Changed Vision\u2014New Painting from Germany<\/strong><\/p>\n<p>Post-reunification Germany has emerged as an important forum for international painting. The generation of artists born in the 1970s and 1980s eschew alignment with collective tendencies and resist clearly definable influences. Meanwhile, their art has registered the cultural and sociological dislocations and divergences since the fall of the Iron Curtain with seismographic precision.<\/p>\n<p>The editors of <i>Dissonance \u2013 Platform Germany<\/i> present eighty-one of the most significant painters living and working in Germany in the past two decades. They have the courage of strong opinions, turn the spotlight on unsuspected treasures, and tease out the unexpected value in aesthetically thrilling achievements of programmatic pluralism. A vital survey of one of the most exciting chapters in the more recent history of art in Germany.<\/p>\n<p>Some of the presented artists have graciously agreed to allow DCV to release limited editions of their works, <a href=\"https:\/\/dcv-books.com\/en\/editions\/\">which you can find here<\/a>.<\/p>\n  <\/div>\n\n<\/a><a href=\"https:\/\/dcv-books.com\/en\/produkt\/dissonance-platform-germany\/\" aria-describedby=\"woocommerce_loop_add_to_cart_link_describedby_16496\" data-quantity=\"1\" class=\"button product_type_simple\" data-product_id=\"16496\" data-product_sku=\"\" aria-label=\"Read more about &ldquo;Dissonance - Platform Germany&rdquo;\" rel=\"nofollow\" data-success_message=\"\">Read more<\/a>\t<span id=\"woocommerce_loop_add_to_cart_link_describedby_16496\" class=\"screen-reader-text\">\n\t\t\t<\/span>\n<\/li>\n<\/ul>\n<\/div>  <\/article>\n<\/section>\n\n\n<p><\/p>\n","protected":false},"excerpt":{"rendered":"","protected":false},"author":3,"featured_media":16811,"parent":0,"menu_order":0,"comment_status":"closed","ping_status":"closed","template":"page-dark.php","meta":{"_acf_changed":false,"footnotes":""},"class_list":["post-16835","page","type-page","status-publish","has-post-thumbnail","hentry"],"acf":[],"yoast_head":"<!-- This site is optimized with the Yoast SEO plugin v27.1.1 - https:\/\/yoast.com\/product\/yoast-seo-wordpress\/ -->\n<title>Jan Z\u00f6ller - DCV<\/title>\n<meta name=\"description\" content=\"Jan Z\u00f6ller \u2019s art brims with personal references that he translates into a distinctive visual idiom. Get your exclusive edition now.\" \/>\n<meta name=\"robots\" content=\"index, follow, max-snippet:-1, max-image-preview:large, max-video-preview:-1\" \/>\n<link rel=\"canonical\" href=\"https:\/\/dcv-books.com\/en\/jan-zoller\/\" \/>\n<meta property=\"og:locale\" content=\"en_US\" \/>\n<meta property=\"og:type\" content=\"article\" \/>\n<meta property=\"og:title\" content=\"Jan Z\u00f6ller - DCV\" \/>\n<meta property=\"og:description\" content=\"Jan Z\u00f6ller \u2019s art brims with personal references that he translates into a distinctive visual idiom. Get your exclusive edition now.\" \/>\n<meta property=\"og:url\" content=\"https:\/\/dcv-books.com\/en\/jan-zoller\/\" \/>\n<meta property=\"og:site_name\" content=\"DCV\" \/>\n<meta property=\"article:modified_time\" content=\"2024-03-18T12:08:13+00:00\" \/>\n<meta property=\"og:image\" content=\"https:\/\/dcv-books.com\/wp-content\/uploads\/2022\/01\/The-Fire-Spirits_1-2.jpg\" \/>\n\t<meta property=\"og:image:width\" content=\"1840\" \/>\n\t<meta property=\"og:image:height\" content=\"2400\" \/>\n\t<meta property=\"og:image:type\" content=\"image\/jpeg\" \/>\n<meta name=\"twitter:card\" content=\"summary_large_image\" \/>\n<meta name=\"twitter:label1\" content=\"Est. reading time\" \/>\n\t<meta name=\"twitter:data1\" content=\"2 minutes\" \/>\n<script type=\"application\/ld+json\" class=\"yoast-schema-graph\">{\"@context\":\"https:\/\/schema.org\",\"@graph\":[{\"@type\":\"WebPage\",\"@id\":\"https:\/\/dcv-books.com\/en\/jan-zoller\/\",\"url\":\"https:\/\/dcv-books.com\/en\/jan-zoller\/\",\"name\":\"Jan Z\u00f6ller - DCV\",\"isPartOf\":{\"@id\":\"https:\/\/dcv-books.com\/#website\"},\"primaryImageOfPage\":{\"@id\":\"https:\/\/dcv-books.com\/en\/jan-zoller\/#primaryimage\"},\"image\":{\"@id\":\"https:\/\/dcv-books.com\/en\/jan-zoller\/#primaryimage\"},\"thumbnailUrl\":\"https:\/\/dcv-books.com\/wp-content\/uploads\/2022\/01\/The-Fire-Spirits_1-2.jpg\",\"datePublished\":\"2022-01-11T14:06:35+00:00\",\"dateModified\":\"2024-03-18T12:08:13+00:00\",\"description\":\"Jan Z\u00f6ller \u2019s art brims with personal references that he translates into a distinctive visual idiom. Get your exclusive edition now.\",\"breadcrumb\":{\"@id\":\"https:\/\/dcv-books.com\/en\/jan-zoller\/#breadcrumb\"},\"inLanguage\":\"en-US\",\"potentialAction\":[{\"@type\":\"ReadAction\",\"target\":[\"https:\/\/dcv-books.com\/en\/jan-zoller\/\"]}]},{\"@type\":\"ImageObject\",\"inLanguage\":\"en-US\",\"@id\":\"https:\/\/dcv-books.com\/en\/jan-zoller\/#primaryimage\",\"url\":\"https:\/\/dcv-books.com\/wp-content\/uploads\/2022\/01\/The-Fire-Spirits_1-2.jpg\",\"contentUrl\":\"https:\/\/dcv-books.com\/wp-content\/uploads\/2022\/01\/The-Fire-Spirits_1-2.jpg\",\"width\":1840,\"height\":2400},{\"@type\":\"BreadcrumbList\",\"@id\":\"https:\/\/dcv-books.com\/en\/jan-zoller\/#breadcrumb\",\"itemListElement\":[{\"@type\":\"ListItem\",\"position\":1,\"name\":\"Startseite\",\"item\":\"https:\/\/dcv-books.com\/en\/\"},{\"@type\":\"ListItem\",\"position\":2,\"name\":\"Jan Z\u00f6ller\"}]},{\"@type\":\"WebSite\",\"@id\":\"https:\/\/dcv-books.com\/#website\",\"url\":\"https:\/\/dcv-books.com\/\",\"name\":\"DCV\",\"description\":\"Dr. Cantz&#039;sche Verlagsgesellschaft mbH &amp; Co. KG\",\"potentialAction\":[{\"@type\":\"SearchAction\",\"target\":{\"@type\":\"EntryPoint\",\"urlTemplate\":\"https:\/\/dcv-books.com\/?s={search_term_string}\"},\"query-input\":{\"@type\":\"PropertyValueSpecification\",\"valueRequired\":true,\"valueName\":\"search_term_string\"}}],\"inLanguage\":\"en-US\"}]}<\/script>\n<!-- \/ Yoast SEO plugin. -->","yoast_head_json":{"title":"Jan Z\u00f6ller - DCV","description":"Jan Z\u00f6ller \u2019s art brims with personal references that he translates into a distinctive visual idiom. Get your exclusive edition now.","robots":{"index":"index","follow":"follow","max-snippet":"max-snippet:-1","max-image-preview":"max-image-preview:large","max-video-preview":"max-video-preview:-1"},"canonical":"https:\/\/dcv-books.com\/en\/jan-zoller\/","og_locale":"en_US","og_type":"article","og_title":"Jan Z\u00f6ller - DCV","og_description":"Jan Z\u00f6ller \u2019s art brims with personal references that he translates into a distinctive visual idiom. Get your exclusive edition now.","og_url":"https:\/\/dcv-books.com\/en\/jan-zoller\/","og_site_name":"DCV","article_modified_time":"2024-03-18T12:08:13+00:00","og_image":[{"width":1840,"height":2400,"url":"https:\/\/dcv-books.com\/wp-content\/uploads\/2022\/01\/The-Fire-Spirits_1-2.jpg","type":"image\/jpeg"}],"twitter_card":"summary_large_image","twitter_misc":{"Est. reading time":"2 minutes"},"schema":{"@context":"https:\/\/schema.org","@graph":[{"@type":"WebPage","@id":"https:\/\/dcv-books.com\/en\/jan-zoller\/","url":"https:\/\/dcv-books.com\/en\/jan-zoller\/","name":"Jan Z\u00f6ller - DCV","isPartOf":{"@id":"https:\/\/dcv-books.com\/#website"},"primaryImageOfPage":{"@id":"https:\/\/dcv-books.com\/en\/jan-zoller\/#primaryimage"},"image":{"@id":"https:\/\/dcv-books.com\/en\/jan-zoller\/#primaryimage"},"thumbnailUrl":"https:\/\/dcv-books.com\/wp-content\/uploads\/2022\/01\/The-Fire-Spirits_1-2.jpg","datePublished":"2022-01-11T14:06:35+00:00","dateModified":"2024-03-18T12:08:13+00:00","description":"Jan Z\u00f6ller \u2019s art brims with personal references that he translates into a distinctive visual idiom. Get your exclusive edition now.","breadcrumb":{"@id":"https:\/\/dcv-books.com\/en\/jan-zoller\/#breadcrumb"},"inLanguage":"en-US","potentialAction":[{"@type":"ReadAction","target":["https:\/\/dcv-books.com\/en\/jan-zoller\/"]}]},{"@type":"ImageObject","inLanguage":"en-US","@id":"https:\/\/dcv-books.com\/en\/jan-zoller\/#primaryimage","url":"https:\/\/dcv-books.com\/wp-content\/uploads\/2022\/01\/The-Fire-Spirits_1-2.jpg","contentUrl":"https:\/\/dcv-books.com\/wp-content\/uploads\/2022\/01\/The-Fire-Spirits_1-2.jpg","width":1840,"height":2400},{"@type":"BreadcrumbList","@id":"https:\/\/dcv-books.com\/en\/jan-zoller\/#breadcrumb","itemListElement":[{"@type":"ListItem","position":1,"name":"Startseite","item":"https:\/\/dcv-books.com\/en\/"},{"@type":"ListItem","position":2,"name":"Jan Z\u00f6ller"}]},{"@type":"WebSite","@id":"https:\/\/dcv-books.com\/#website","url":"https:\/\/dcv-books.com\/","name":"DCV","description":"Dr. Cantz&#039;sche Verlagsgesellschaft mbH &amp; Co. KG","potentialAction":[{"@type":"SearchAction","target":{"@type":"EntryPoint","urlTemplate":"https:\/\/dcv-books.com\/?s={search_term_string}"},"query-input":{"@type":"PropertyValueSpecification","valueRequired":true,"valueName":"search_term_string"}}],"inLanguage":"en-US"}]}},"_links":{"self":[{"href":"https:\/\/dcv-books.com\/en\/wp-json\/wp\/v2\/pages\/16835","targetHints":{"allow":["GET"]}}],"collection":[{"href":"https:\/\/dcv-books.com\/en\/wp-json\/wp\/v2\/pages"}],"about":[{"href":"https:\/\/dcv-books.com\/en\/wp-json\/wp\/v2\/types\/page"}],"author":[{"embeddable":true,"href":"https:\/\/dcv-books.com\/en\/wp-json\/wp\/v2\/users\/3"}],"replies":[{"embeddable":true,"href":"https:\/\/dcv-books.com\/en\/wp-json\/wp\/v2\/comments?post=16835"}],"version-history":[{"count":16,"href":"https:\/\/dcv-books.com\/en\/wp-json\/wp\/v2\/pages\/16835\/revisions"}],"predecessor-version":[{"id":21976,"href":"https:\/\/dcv-books.com\/en\/wp-json\/wp\/v2\/pages\/16835\/revisions\/21976"}],"wp:featuredmedia":[{"embeddable":true,"href":"https:\/\/dcv-books.com\/en\/wp-json\/wp\/v2\/media\/16811"}],"wp:attachment":[{"href":"https:\/\/dcv-books.com\/en\/wp-json\/wp\/v2\/media?parent=16835"}],"curies":[{"name":"wp","href":"https:\/\/api.w.org\/{rel}","templated":true}]}}