{"id":16441,"date":"2021-12-16T16:08:05","date_gmt":"2021-12-16T15:08:05","guid":{"rendered":"https:\/\/dcv-books.com\/?page_id=16441"},"modified":"2024-06-20T12:00:54","modified_gmt":"2024-06-20T10:00:54","slug":"slawomir-elsner","status":"publish","type":"page","link":"https:\/\/dcv-books.com\/en\/slawomir-elsner\/","title":{"rendered":"Slawomir Elsner"},"content":{"rendered":"\n<figure class=\"wp-block-gallery has-nested-images columns-default is-style-complete-img-caption-top wp-block-gallery-1 is-layout-flex wp-block-gallery-is-layout-flex\">\n<figure class=\"wp-block-image size-large\"><img decoding=\"async\" width=\"1653\" height=\"2339\" data-id=\"16473\" src=\"https:\/\/dcv-books.com\/wp-content\/uploads\/2021\/12\/Edition_05_VvG_1V_passepartout-1.jpg\" alt=\" made a name for himself with colored-pencil drawings and \" class=\"wp-image-16473\"\/><figcaption class=\"wp-element-caption\">SELBSTBILDNIS MIT STROHHUT, 2021 (AFTER VAN GOGH, 1887, METROPOLITAN MUSEUM OF ART, NEW YORK)<\/figcaption><\/figure>\n<\/figure>\n\n\n<div id=\"edition-detail-block_4bdd345e31e4bd76c49e87ad6e53bbb0\" class=\"section-main section-main--edition\">\n      <a href=\"&#x6d;&#97;i&#x6c;&#x74;&#111;:&#x75;&#46;g&#x72;&#x6f;&#115;e&#x6e;&#105;c&#x6b;&#x40;&#100;c&#x76;&#x2d;&#98;&#x6f;&#x6f;&#107;s&#x2e;&#x63;&#111;m\" class=\"btn--cta sticky-btn\">Place order<\/a>\n    <div class=\"section-main__heading\">\n    <h2 class=\"heading-1\">Slawomir Elsner<\/h2>\n    <h3><\/h3>\n  <\/div>\n  <article class=\"section-main__content\">\n    <div>\n      <div>\n        <table class=\"section-main__table\">\n          <tbody>\n                        <tr>\n              <th class=\"heading-4\">Contact<\/th>\n              <td class=\"small\"><a href=\"ma&#105;&#108;&#116;&#111;&#x3a;&#x75;&#x2e;&#x67;&#x72;os&#101;&#110;&#105;&#99;&#x6b;&#x40;&#x64;&#x63;&#x76;-b&#111;&#111;&#107;&#115;&#x2e;&#x63;&#x6f;&#x6d;\">Uta Grosenick<\/a><\/td>\n            <\/tr>\n                                    <tr>\n              <th class=\"heading-4\">Year<\/th>\n              <td class=\"small\">2021<\/td>\n            <\/tr>\n                                    <tr>\n              <th class=\"heading-4\">Edition<\/th>\n              <td class=\"small\">40<\/td>\n            <\/tr>\n                                    <tr>\n              <th class=\"heading-4\">Technique<\/th>\n              <td class=\"small\">iPad drawing printed on Hahnem\u00fchle fine art paper <\/td>\n            <\/tr>\n                                                <tr>\n              <th class=\"heading-4\">Image Size<\/th>\n              <td class=\"small\">sheet 29,7 x 21 cm \/ image 24 x 19 cm<\/td>\n            <\/tr>\n                                    <tr>\n              <th class=\"heading-4\">Price<\/th>\n              <td class=\"small\">\u20ac 580 (incl. 19% VAT)<\/td>\n            <\/tr>\n                                    <tr>\n              <th class=\"heading-4\">Details<\/th>\n              <td class=\"small\">signed and numbered<\/td>\n            <\/tr>\n                      <\/tbody>\n        <\/table>\n      <\/div>\n      <div>\n        <p>Slawomir Elsner (b. Wodzis\u0142aw \u015al\u0105ski, Poland, 1976; lives and works in Berlin) made a name for himself with naturalistic paintings, but it was his colored-pencil drawings and watercolors that made him famous. He has been celebrated, in particular, for his\u00a0crayon adaptations of legendary portraits and paintings from the history of art. Executed with virtuoso skill, the colorful works on paper seem blurry but are actually drawn in crisply accurate lines.<\/p>\n<p>The book <i>Dissonance\u2014Platform Germany<\/i> showcases the art of the eighty-one most important painters working in Germany in the past two decades. Some of them have graciously agreed to allow DCV to release limited editions of their works.<\/p>\n      <\/div>\n    <\/div>\n  <\/article>\n<\/div>\n\n<section id=\"products-block_73bd77d4f399b0876d32e8b5531825b4\" class=\"products\">\n  <h2 class=\"heading-2 divider\">Books on Slawomir Elsner<\/h2>  <article class=\"reel-grid scrollable\">\n    <div class=\"woocommerce columns-4 \"><ul class=\"products columns-4\">\n<li class=\"product type-product post-25194 status-publish first instock product_cat-architecture product_cat-drawing product_cat-new-arrivals product_cat-on-art product_cat-painting product_cat-photography product_cat-works-on-paper-en product_tag-cindy-sherman-en product_tag-daniele-buetti-en product_tag-helena-parada-kim-en product_tag-membrane-en product_tag-neue-galerie-gladbeck-en product_tag-nicola-samori-en product_tag-shirin-neshat-en product_tag-slawomir-elsner-en product_tag-thomas-ruff-en has-post-thumbnail taxable shipping-taxable purchasable product-type-simple\">\n\t<a href=\"https:\/\/dcv-books.com\/en\/produkt\/membrane\/\" class=\"woocommerce-LoopProduct-link woocommerce-loop-product__link\"><div class=\"image-wrapper\"><img decoding=\"async\" width=\"1854\" height=\"2500\" src=\"https:\/\/dcv-books.com\/wp-content\/uploads\/2025\/06\/Membrane_Katalog_Cover_web.jpg\" class=\"attachment-woocommerce_thumbnail size-woocommerce_thumbnail\" alt=\"Membrane -&lt;br&gt;\" \/><\/div><div class=\"book-label book-label--new\"><\/div><h2 class=\"woocommerce-loop-product__title\">Membrane <br><\/h2>  <div class=\"woocommerce-loop-product__description\" itemprop=\"description\">\n    <p><i><span style=\"font-weight: 400;\">Membrane<\/span><\/i><span style=\"font-weight: 400;\"> documents an eponymous exhibition at the Neue Galerie Gladeck as well as the gallery\u2019s architectural extension. The works of the 7 invited artists are engaged to explore skin in a broader sense\u2014membrane also encompasses clothing, veiling, and masking from various cultural perspectives. Well-known portraits by Thomas Ruff, Shirin Neshat, and Cindy Sherman <\/span><span style=\"font-weight: 400;\">appear in a new light alongside Helena Parade Kim&#8217;s exploration of iconographic and ceremonial fashion codes, Daniel Buetti&#8217;s critique of the commercialized body, and Nicola Samor\u00ec&#8217;s exploration of skin in historical masterpieces. The membrane concept also inspired the exterior and interior surfaces of the new gallery building, and an interesting text by the architect reveals his approach.<\/span><\/p>\n<p><span style=\"font-weight: 400;\">Artists: Daniele Buetti, S\u0142awomir Elsner, Shirin Neshat, Helena Parada Kim, Thomas Ruff, Nicola Samor\u00ec &amp; Cindy Sherman<\/span><\/p>\n  <\/div>\n\n\t<span class=\"price\"><span class=\"woocommerce-Price-amount amount\"><bdi>38<span class=\"woocommerce-Price-currencySymbol\">&euro;<\/span><\/bdi><\/span><\/span>\n<\/a><a href=\"\/en\/wp-json\/wp\/v2\/pages\/16441?add-to-cart=25194\" aria-describedby=\"woocommerce_loop_add_to_cart_link_describedby_25194\" data-quantity=\"1\" class=\"button product_type_simple add_to_cart_button ajax_add_to_cart\" data-product_id=\"25194\" data-product_sku=\"\" aria-label=\"Add to cart: &ldquo;Membrane -&rdquo;\" rel=\"nofollow\" data-success_message=\"&ldquo;Membrane -&lt;br&gt;&rdquo; has been added to your cart\" role=\"button\">Add to cart<\/a>\t<span id=\"woocommerce_loop_add_to_cart_link_describedby_25194\" class=\"screen-reader-text\">\n\t\t\t<\/span>\n<\/li>\n<li class=\"product type-product post-16496 status-publish instock product_cat-all-books product_cat-installation-art product_cat-on-art product_cat-painting product_cat-photography product_tag-annedore-dietze-en product_tag-claudia-chaseling-en-2 product_tag-emmanuel-bornstein-en product_tag-fritz-bornstueck-en product_tag-jan-zoeller-en product_tag-justine-otto-en product_tag-oska-gutheil-en product_tag-philip-groezinger-en product_tag-philipp-fuerhofer-en product_tag-slawomir-elsner-en has-post-thumbnail taxable shipping-taxable product-type-simple\">\n\t<a href=\"https:\/\/dcv-books.com\/en\/produkt\/dissonance-platform-germany\/\" class=\"woocommerce-LoopProduct-link woocommerce-loop-product__link\"><div class=\"image-wrapper\"><img decoding=\"async\" width=\"1625\" height=\"2362\" src=\"https:\/\/dcv-books.com\/wp-content\/uploads\/2022\/01\/cover-katalog.jpg\" class=\"attachment-woocommerce_thumbnail size-woocommerce_thumbnail\" alt=\"Dissonance Platform Germany\" \/><\/div><h2 class=\"woocommerce-loop-product__title\">Dissonance <br> Platform Germany<\/h2>  <div class=\"woocommerce-loop-product__description\" itemprop=\"description\">\n    <p><strong>A Changed Vision\u2014New Painting from Germany<\/strong><\/p>\n<p>Post-reunification Germany has emerged as an important forum for international painting. The generation of artists born in the 1970s and 1980s eschew alignment with collective tendencies and resist clearly definable influences. Meanwhile, their art has registered the cultural and sociological dislocations and divergences since the fall of the Iron Curtain with seismographic precision.<\/p>\n<p>The editors of <i>Dissonance \u2013 Platform Germany<\/i> present eighty-one of the most significant painters living and working in Germany in the past two decades. They have the courage of strong opinions, turn the spotlight on unsuspected treasures, and tease out the unexpected value in aesthetically thrilling achievements of programmatic pluralism. A vital survey of one of the most exciting chapters in the more recent history of art in Germany.<\/p>\n<p>Some of the presented artists have graciously agreed to allow DCV to release limited editions of their works, <a href=\"https:\/\/dcv-books.com\/en\/editions\/\">which you can find here<\/a>.<\/p>\n  <\/div>\n\n<\/a><a href=\"https:\/\/dcv-books.com\/en\/produkt\/dissonance-platform-germany\/\" aria-describedby=\"woocommerce_loop_add_to_cart_link_describedby_16496\" data-quantity=\"1\" class=\"button product_type_simple\" data-product_id=\"16496\" data-product_sku=\"\" aria-label=\"Read more about &ldquo;Dissonance - Platform Germany&rdquo;\" rel=\"nofollow\" data-success_message=\"\">Read more<\/a>\t<span id=\"woocommerce_loop_add_to_cart_link_describedby_16496\" class=\"screen-reader-text\">\n\t\t\t<\/span>\n<\/li>\n<li class=\"product type-product post-15888 status-publish instock product_cat-all-books product_cat-installation-art product_cat-painting product_tag-slawomir-elsner-en has-post-thumbnail taxable shipping-taxable purchasable product-type-simple\">\n\t<a href=\"https:\/\/dcv-books.com\/en\/produkt\/slawomir-elsner-praezision-und-unschaerfe\/\" class=\"woocommerce-LoopProduct-link woocommerce-loop-product__link\"><div class=\"image-wrapper\"><img decoding=\"async\" width=\"1835\" height=\"2284\" src=\"https:\/\/dcv-books.com\/wp-content\/uploads\/2021\/11\/Cover-07-vorschau.jpg\" class=\"attachment-woocommerce_thumbnail size-woocommerce_thumbnail\" alt=\"Slawomir Elsner -&lt;br&gt; Precision and Chance\" \/><\/div><h2 class=\"woocommerce-loop-product__title\">Slawomir Elsner <br> Precision and Chance<\/h2>  <div class=\"woocommerce-loop-product__description\" itemprop=\"description\">\n    <p><strong>Complex Processes of Abstraction<\/strong><\/p>\n<p>International audiences know S\u0142awomir Elsner (b. Wodzis\u0142aw \u015al\u0105ski, Poland, 1976; lives and works in Berlin) for his naturalistic paintings and abstract watercolors, but it was his brilliantly executed colorful drawings that made him famous. The technique of his work in crayons is as formidable as it is singular and underlies his many adaptations of legendary works from the history of painting that seem blurry but are actually drawn in accurate lines.<\/p>\n<p>More generally, Elsner\u2019s art probes the effect of different media and the stories they tell. He interrogates the images they transport and challenges the consumers to subject their own visual experiences to a similar critical review. Do pictures represent reality or distort it? That is the question that guides his inquiries.<\/p>\n<p>Elsner works almost exclusively in series. What makes this book special is that it includes an index in which eleven of these bodies of work are reproduced in their entirety. The Old Masters series alone comprises 143 works made in the years after 2014. It is complemented by the series <i>Windows on the World<\/i> (2008\u20132010), <i>Feuerwerk- und Luftabwehr<\/i> (2004), <i>Unsere Sonnen<\/i> (2004\u20132005), the watercolors of <i>Tagst\u00fccke<\/i> and <i>Nachtst\u00fccke<\/i> (2014\u20132021), and others.<\/p>\n<p>Many of the works frame accidents, disasters, wars, nuclear tests, or other horrible events. By harnessing the means of art to detach their depiction from a documentary setting, S\u0142awomir Elsner achieves an unrivaled degree of aestheticization; his works are fascinating at first glance, only to fill the beholder with a creeping dread.<\/p>\n<p><a href=\"https:\/\/dcv-books.com\/en\/slawomir-elsner\/\">Limited art edition available<\/a><\/p>\n  <\/div>\n\n\t<span class=\"price\"><span class=\"woocommerce-Price-amount amount\"><bdi>38<span class=\"woocommerce-Price-currencySymbol\">&euro;<\/span><\/bdi><\/span><\/span>\n<\/a><a href=\"\/en\/wp-json\/wp\/v2\/pages\/16441?add-to-cart=15888\" aria-describedby=\"woocommerce_loop_add_to_cart_link_describedby_15888\" data-quantity=\"1\" class=\"button product_type_simple add_to_cart_button ajax_add_to_cart\" data-product_id=\"15888\" data-product_sku=\"\" aria-label=\"Add to cart: &ldquo;Slawomir Elsner - Precision and Chance&rdquo;\" rel=\"nofollow\" data-success_message=\"&ldquo;Slawomir Elsner -&lt;br&gt; Precision and Chance&rdquo; has been added to your cart\" role=\"button\">Add to cart<\/a>\t<span id=\"woocommerce_loop_add_to_cart_link_describedby_15888\" class=\"screen-reader-text\">\n\t\t\t<\/span>\n<\/li>\n<\/ul>\n<\/div>  <\/article>\n<\/section>","protected":false},"excerpt":{"rendered":"","protected":false},"author":3,"featured_media":16430,"parent":0,"menu_order":0,"comment_status":"closed","ping_status":"closed","template":"page-dark.php","meta":{"_acf_changed":false,"footnotes":""},"class_list":["post-16441","page","type-page","status-publish","has-post-thumbnail","hentry"],"acf":[],"yoast_head":"<!-- This site is optimized with the Yoast SEO plugin v27.1.1 - https:\/\/yoast.com\/product\/yoast-seo-wordpress\/ -->\n<title>Slawomir Elsner - DCV<\/title>\n<meta name=\"description\" content=\"Slawomir Elsner made a name for himself with colored-pencil drawings and watercolors. Get your exclusive edition now.\" \/>\n<meta name=\"robots\" content=\"index, follow, max-snippet:-1, max-image-preview:large, max-video-preview:-1\" \/>\n<link rel=\"canonical\" href=\"https:\/\/dcv-books.com\/en\/slawomir-elsner\/\" \/>\n<meta property=\"og:locale\" content=\"en_US\" \/>\n<meta property=\"og:type\" content=\"article\" \/>\n<meta property=\"og:title\" content=\"Slawomir Elsner - DCV\" \/>\n<meta property=\"og:description\" content=\"Slawomir Elsner made a name for himself with colored-pencil drawings and watercolors. Get your exclusive edition now.\" \/>\n<meta property=\"og:url\" content=\"https:\/\/dcv-books.com\/en\/slawomir-elsner\/\" \/>\n<meta property=\"og:site_name\" content=\"DCV\" \/>\n<meta property=\"article:modified_time\" content=\"2024-06-20T10:00:54+00:00\" \/>\n<meta property=\"og:image\" content=\"https:\/\/dcv-books.com\/wp-content\/uploads\/2021\/12\/DCV_Elsner_Edition_VanGogh.jpg\" \/>\n\t<meta property=\"og:image:width\" content=\"1653\" \/>\n\t<meta property=\"og:image:height\" content=\"2339\" \/>\n\t<meta property=\"og:image:type\" content=\"image\/jpeg\" \/>\n<meta name=\"twitter:card\" content=\"summary_large_image\" \/>\n<meta name=\"twitter:label1\" content=\"Est. reading time\" \/>\n\t<meta name=\"twitter:data1\" content=\"1 minute\" \/>\n<script type=\"application\/ld+json\" class=\"yoast-schema-graph\">{\"@context\":\"https:\/\/schema.org\",\"@graph\":[{\"@type\":\"WebPage\",\"@id\":\"https:\/\/dcv-books.com\/en\/slawomir-elsner\/\",\"url\":\"https:\/\/dcv-books.com\/en\/slawomir-elsner\/\",\"name\":\"Slawomir Elsner - DCV\",\"isPartOf\":{\"@id\":\"https:\/\/dcv-books.com\/#website\"},\"primaryImageOfPage\":{\"@id\":\"https:\/\/dcv-books.com\/en\/slawomir-elsner\/#primaryimage\"},\"image\":{\"@id\":\"https:\/\/dcv-books.com\/en\/slawomir-elsner\/#primaryimage\"},\"thumbnailUrl\":\"https:\/\/dcv-books.com\/wp-content\/uploads\/2021\/12\/DCV_Elsner_Edition_VanGogh.jpg\",\"datePublished\":\"2021-12-16T15:08:05+00:00\",\"dateModified\":\"2024-06-20T10:00:54+00:00\",\"description\":\"Slawomir Elsner made a name for himself with colored-pencil drawings and watercolors. Get your exclusive edition now.\",\"breadcrumb\":{\"@id\":\"https:\/\/dcv-books.com\/en\/slawomir-elsner\/#breadcrumb\"},\"inLanguage\":\"en-US\",\"potentialAction\":[{\"@type\":\"ReadAction\",\"target\":[\"https:\/\/dcv-books.com\/en\/slawomir-elsner\/\"]}]},{\"@type\":\"ImageObject\",\"inLanguage\":\"en-US\",\"@id\":\"https:\/\/dcv-books.com\/en\/slawomir-elsner\/#primaryimage\",\"url\":\"https:\/\/dcv-books.com\/wp-content\/uploads\/2021\/12\/DCV_Elsner_Edition_VanGogh.jpg\",\"contentUrl\":\"https:\/\/dcv-books.com\/wp-content\/uploads\/2021\/12\/DCV_Elsner_Edition_VanGogh.jpg\",\"width\":1653,\"height\":2339},{\"@type\":\"BreadcrumbList\",\"@id\":\"https:\/\/dcv-books.com\/en\/slawomir-elsner\/#breadcrumb\",\"itemListElement\":[{\"@type\":\"ListItem\",\"position\":1,\"name\":\"Startseite\",\"item\":\"https:\/\/dcv-books.com\/en\/\"},{\"@type\":\"ListItem\",\"position\":2,\"name\":\"Slawomir Elsner\"}]},{\"@type\":\"WebSite\",\"@id\":\"https:\/\/dcv-books.com\/#website\",\"url\":\"https:\/\/dcv-books.com\/\",\"name\":\"DCV\",\"description\":\"Dr. Cantz&#039;sche Verlagsgesellschaft mbH &amp; Co. KG\",\"potentialAction\":[{\"@type\":\"SearchAction\",\"target\":{\"@type\":\"EntryPoint\",\"urlTemplate\":\"https:\/\/dcv-books.com\/?s={search_term_string}\"},\"query-input\":{\"@type\":\"PropertyValueSpecification\",\"valueRequired\":true,\"valueName\":\"search_term_string\"}}],\"inLanguage\":\"en-US\"}]}<\/script>\n<!-- \/ Yoast SEO plugin. -->","yoast_head_json":{"title":"Slawomir Elsner - DCV","description":"Slawomir Elsner made a name for himself with colored-pencil drawings and watercolors. Get your exclusive edition now.","robots":{"index":"index","follow":"follow","max-snippet":"max-snippet:-1","max-image-preview":"max-image-preview:large","max-video-preview":"max-video-preview:-1"},"canonical":"https:\/\/dcv-books.com\/en\/slawomir-elsner\/","og_locale":"en_US","og_type":"article","og_title":"Slawomir Elsner - DCV","og_description":"Slawomir Elsner made a name for himself with colored-pencil drawings and watercolors. Get your exclusive edition now.","og_url":"https:\/\/dcv-books.com\/en\/slawomir-elsner\/","og_site_name":"DCV","article_modified_time":"2024-06-20T10:00:54+00:00","og_image":[{"width":1653,"height":2339,"url":"https:\/\/dcv-books.com\/wp-content\/uploads\/2021\/12\/DCV_Elsner_Edition_VanGogh.jpg","type":"image\/jpeg"}],"twitter_card":"summary_large_image","twitter_misc":{"Est. reading time":"1 minute"},"schema":{"@context":"https:\/\/schema.org","@graph":[{"@type":"WebPage","@id":"https:\/\/dcv-books.com\/en\/slawomir-elsner\/","url":"https:\/\/dcv-books.com\/en\/slawomir-elsner\/","name":"Slawomir Elsner - DCV","isPartOf":{"@id":"https:\/\/dcv-books.com\/#website"},"primaryImageOfPage":{"@id":"https:\/\/dcv-books.com\/en\/slawomir-elsner\/#primaryimage"},"image":{"@id":"https:\/\/dcv-books.com\/en\/slawomir-elsner\/#primaryimage"},"thumbnailUrl":"https:\/\/dcv-books.com\/wp-content\/uploads\/2021\/12\/DCV_Elsner_Edition_VanGogh.jpg","datePublished":"2021-12-16T15:08:05+00:00","dateModified":"2024-06-20T10:00:54+00:00","description":"Slawomir Elsner made a name for himself with colored-pencil drawings and watercolors. Get your exclusive edition now.","breadcrumb":{"@id":"https:\/\/dcv-books.com\/en\/slawomir-elsner\/#breadcrumb"},"inLanguage":"en-US","potentialAction":[{"@type":"ReadAction","target":["https:\/\/dcv-books.com\/en\/slawomir-elsner\/"]}]},{"@type":"ImageObject","inLanguage":"en-US","@id":"https:\/\/dcv-books.com\/en\/slawomir-elsner\/#primaryimage","url":"https:\/\/dcv-books.com\/wp-content\/uploads\/2021\/12\/DCV_Elsner_Edition_VanGogh.jpg","contentUrl":"https:\/\/dcv-books.com\/wp-content\/uploads\/2021\/12\/DCV_Elsner_Edition_VanGogh.jpg","width":1653,"height":2339},{"@type":"BreadcrumbList","@id":"https:\/\/dcv-books.com\/en\/slawomir-elsner\/#breadcrumb","itemListElement":[{"@type":"ListItem","position":1,"name":"Startseite","item":"https:\/\/dcv-books.com\/en\/"},{"@type":"ListItem","position":2,"name":"Slawomir Elsner"}]},{"@type":"WebSite","@id":"https:\/\/dcv-books.com\/#website","url":"https:\/\/dcv-books.com\/","name":"DCV","description":"Dr. Cantz&#039;sche Verlagsgesellschaft mbH &amp; Co. KG","potentialAction":[{"@type":"SearchAction","target":{"@type":"EntryPoint","urlTemplate":"https:\/\/dcv-books.com\/?s={search_term_string}"},"query-input":{"@type":"PropertyValueSpecification","valueRequired":true,"valueName":"search_term_string"}}],"inLanguage":"en-US"}]}},"_links":{"self":[{"href":"https:\/\/dcv-books.com\/en\/wp-json\/wp\/v2\/pages\/16441","targetHints":{"allow":["GET"]}}],"collection":[{"href":"https:\/\/dcv-books.com\/en\/wp-json\/wp\/v2\/pages"}],"about":[{"href":"https:\/\/dcv-books.com\/en\/wp-json\/wp\/v2\/types\/page"}],"author":[{"embeddable":true,"href":"https:\/\/dcv-books.com\/en\/wp-json\/wp\/v2\/users\/3"}],"replies":[{"embeddable":true,"href":"https:\/\/dcv-books.com\/en\/wp-json\/wp\/v2\/comments?post=16441"}],"version-history":[{"count":24,"href":"https:\/\/dcv-books.com\/en\/wp-json\/wp\/v2\/pages\/16441\/revisions"}],"predecessor-version":[{"id":22807,"href":"https:\/\/dcv-books.com\/en\/wp-json\/wp\/v2\/pages\/16441\/revisions\/22807"}],"wp:featuredmedia":[{"embeddable":true,"href":"https:\/\/dcv-books.com\/en\/wp-json\/wp\/v2\/media\/16430"}],"wp:attachment":[{"href":"https:\/\/dcv-books.com\/en\/wp-json\/wp\/v2\/media?parent=16441"}],"curies":[{"name":"wp","href":"https:\/\/api.w.org\/{rel}","templated":true}]}}