{"id":16297,"date":"2021-11-29T12:19:13","date_gmt":"2021-11-29T11:19:13","guid":{"rendered":"https:\/\/dcv-books.com\/fritz-bornstueck\/"},"modified":"2024-03-18T13:20:50","modified_gmt":"2024-03-18T12:20:50","slug":"fritz-bornstueck","status":"publish","type":"page","link":"https:\/\/dcv-books.com\/en\/fritz-bornstueck\/","title":{"rendered":"Fritz Bornst\u00fcck"},"content":{"rendered":"\n<figure class=\"wp-block-gallery columns-3 is-cropped is-style-complete-img-caption-top wp-block-gallery-1 is-layout-flex wp-block-gallery-is-layout-flex\"><ul class=\"blocks-gallery-grid\"><li class=\"blocks-gallery-item\"><figure><img decoding=\"async\" width=\"2560\" height=\"1762\" src=\"https:\/\/dcv-books.com\/wp-content\/uploads\/2021\/12\/1-1-scaled.jpg\" alt=\"\" data-id=\"16397\" data-full-url=\"https:\/\/dcv-books.com\/wp-content\/uploads\/2021\/12\/1-1-scaled.jpg\" data-link=\"https:\/\/dcv-books.com\/fritz-bornstueck\/1-1\/\" class=\"wp-image-16398\"\/><figcaption class=\"blocks-gallery-item__caption\">T\u00eate-\u00e0-T\u00eate 1<\/figcaption><\/figure><\/li><li class=\"blocks-gallery-item\"><figure><img decoding=\"async\" width=\"2560\" height=\"1762\" src=\"https:\/\/dcv-books.com\/wp-content\/uploads\/2021\/12\/2-1-scaled.jpg\" alt=\"\" data-id=\"16399\" data-full-url=\"https:\/\/dcv-books.com\/wp-content\/uploads\/2021\/12\/2-1-scaled.jpg\" data-link=\"https:\/\/dcv-books.com\/fritz-bornstueck\/2-1\/\" class=\"wp-image-16400\"\/><figcaption class=\"blocks-gallery-item__caption\">T\u00eate-\u00e0-T\u00eate 2<\/figcaption><\/figure><\/li><li class=\"blocks-gallery-item\"><figure><img decoding=\"async\" width=\"2560\" height=\"1762\" src=\"https:\/\/dcv-books.com\/wp-content\/uploads\/2021\/12\/3-1-scaled.jpg\" alt=\"\" data-id=\"16401\" data-full-url=\"https:\/\/dcv-books.com\/wp-content\/uploads\/2021\/12\/3-1-scaled.jpg\" data-link=\"https:\/\/dcv-books.com\/fritz-bornstueck\/3-1\/\" class=\"wp-image-16402\"\/><figcaption class=\"blocks-gallery-item__caption\">T\u00eate-\u00e0-T\u00eate 3<\/figcaption><\/figure><\/li><li class=\"blocks-gallery-item\"><figure><img decoding=\"async\" width=\"2560\" height=\"1762\" src=\"https:\/\/dcv-books.com\/wp-content\/uploads\/2021\/12\/4-1-scaled.jpg\" alt=\"\" data-id=\"16403\" data-full-url=\"https:\/\/dcv-books.com\/wp-content\/uploads\/2021\/12\/4-1-scaled.jpg\" data-link=\"https:\/\/dcv-books.com\/fritz-bornstueck\/4-1\/\" class=\"wp-image-16404\"\/><figcaption class=\"blocks-gallery-item__caption\">T\u00eate-\u00e0-T\u00eate 4<\/figcaption><\/figure><\/li><li class=\"blocks-gallery-item\"><figure><img decoding=\"async\" width=\"2560\" height=\"1762\" src=\"https:\/\/dcv-books.com\/wp-content\/uploads\/2021\/12\/5-2-scaled.jpg\" alt=\"\" data-id=\"16405\" data-full-url=\"https:\/\/dcv-books.com\/wp-content\/uploads\/2021\/12\/5-2-scaled.jpg\" data-link=\"https:\/\/dcv-books.com\/fritz-bornstueck\/5-2-2\/\" class=\"wp-image-16406\"\/><figcaption class=\"blocks-gallery-item__caption\"> T\u00eate-\u00e0-T\u00eate 5<\/figcaption><\/figure><\/li><\/ul><\/figure>\n\n\n<div id=\"edition-detail-block_c462b1dfa0aca586081f0b5fe7d7f02f\" class=\"section-main section-main--edition\">\n      <a href=\"&#109;&#x61;i&#108;&#x74;o&#x3a;&#x61;&#46;&#x6b;o&#119;&#x61;l&#101;&#x77;&#115;&#x6b;y&#64;&#x64;c&#118;&#x2d;&#98;&#x6f;&#x6f;&#107;&#x73;&#46;&#99;&#x6f;m\" class=\"btn--cta sticky-btn\">Place order<\/a>\n    <div class=\"section-main__heading\">\n    <h2 class=\"heading-1\">Fritz Bornst\u00fcck<\/h2>\n    <h3><\/h3>\n  <\/div>\n  <article class=\"section-main__content\">\n    <div>\n      <div>\n        <table class=\"section-main__table\">\n          <tbody>\n                        <tr>\n              <th class=\"heading-4\">Contact<\/th>\n              <td class=\"small\"><a href=\"m&#97;&#x69;&#x6c;t&#111;&#58;&#x61;&#x2e;k&#111;&#x77;&#x61;l&#101;&#119;&#x73;&#x6b;y&#64;&#x64;&#x63;v&#45;&#98;&#x6f;&#x6f;k&#115;&#x2e;&#x63;o&#109;\">Aylin Kowalewsky<\/a><\/td>\n            <\/tr>\n                                    <tr>\n              <th class=\"heading-4\">Year<\/th>\n              <td class=\"small\">2021<\/td>\n            <\/tr>\n                                    <tr>\n              <th class=\"heading-4\">Edition<\/th>\n              <td class=\"small\">5 <\/td>\n            <\/tr>\n                                    <tr>\n              <th class=\"heading-4\">Technique<\/th>\n              <td class=\"small\">glazed pottery in matchbox<\/td>\n            <\/tr>\n                                                <tr>\n              <th class=\"heading-4\">Image Size<\/th>\n              <td class=\"small\">5 x 3,5 x 1,5 cm<\/td>\n            <\/tr>\n                                    <tr>\n              <th class=\"heading-4\">Price<\/th>\n              <td class=\"small\">\u20ac 330 (incl. 19% VAT)<\/td>\n            <\/tr>\n                                    <tr>\n              <th class=\"heading-4\">Details<\/th>\n              <td class=\"small\">signed and numbered on the box<\/td>\n            <\/tr>\n                      <\/tbody>\n        <\/table>\n      <\/div>\n      <div>\n        <p>Fritz Bornst\u00fcck\u2019s (b. Weilburg an der Lahn, 1982; lives and works in Berlin and Neuhardenberg) paintings and sculptures dwell on the forgotten and discarded detritus of human civilization. Cigarette butts, needless to say, are part of it. These miniature pieces are roughly full-size ceramic replicas, arranged in a matchbox.<\/p>\n<p>The book <i>Dissonance\u2014Platform Germany<\/i> showcases the art of the eighty-one most important painters working in Germany in the past two decades. Some of them have graciously agreed to allow DCV to release limited editions of their works.<\/p>\n      <\/div>\n    <\/div>\n  <\/article>\n<\/div>\n\n<section id=\"products-block_b06c8483d39342d211808c7a9dbde302\" class=\"products\">\n  <h2 class=\"heading-2 divider\">Books on Fritz Bornst\u00fcck<\/h2>  <article class=\"reel-grid scrollable\">\n    <div class=\"woocommerce columns-4 \"><ul class=\"products columns-4\">\n<li class=\"product type-product post-16496 status-publish first instock product_cat-all-books product_cat-installation-art product_cat-on-art product_cat-painting product_cat-photography product_tag-annedore-dietze-en product_tag-claudia-chaseling-en-2 product_tag-emmanuel-bornstein-en product_tag-fritz-bornstueck-en product_tag-jan-zoeller-en product_tag-justine-otto-en product_tag-oska-gutheil-en product_tag-philip-groezinger-en product_tag-philipp-fuerhofer-en product_tag-slawomir-elsner-en has-post-thumbnail taxable shipping-taxable product-type-simple\">\n\t<a href=\"https:\/\/dcv-books.com\/en\/produkt\/dissonance-platform-germany\/\" class=\"woocommerce-LoopProduct-link woocommerce-loop-product__link\"><div class=\"image-wrapper\"><img decoding=\"async\" width=\"1625\" height=\"2362\" src=\"https:\/\/dcv-books.com\/wp-content\/uploads\/2022\/01\/cover-katalog.jpg\" class=\"attachment-woocommerce_thumbnail size-woocommerce_thumbnail\" alt=\"Dissonance Platform Germany\" \/><\/div><h2 class=\"woocommerce-loop-product__title\">Dissonance <br> Platform Germany<\/h2>  <div class=\"woocommerce-loop-product__description\" itemprop=\"description\">\n    <p><strong>A Changed Vision\u2014New Painting from Germany<\/strong><\/p>\n<p>Post-reunification Germany has emerged as an important forum for international painting. The generation of artists born in the 1970s and 1980s eschew alignment with collective tendencies and resist clearly definable influences. Meanwhile, their art has registered the cultural and sociological dislocations and divergences since the fall of the Iron Curtain with seismographic precision.<\/p>\n<p>The editors of <i>Dissonance \u2013 Platform Germany<\/i> present eighty-one of the most significant painters living and working in Germany in the past two decades. They have the courage of strong opinions, turn the spotlight on unsuspected treasures, and tease out the unexpected value in aesthetically thrilling achievements of programmatic pluralism. A vital survey of one of the most exciting chapters in the more recent history of art in Germany.<\/p>\n<p>Some of the presented artists have graciously agreed to allow DCV to release limited editions of their works, <a href=\"https:\/\/dcv-books.com\/en\/editions\/\">which you can find here<\/a>.<\/p>\n  <\/div>\n\n<\/a><a href=\"https:\/\/dcv-books.com\/en\/produkt\/dissonance-platform-germany\/\" aria-describedby=\"woocommerce_loop_add_to_cart_link_describedby_16496\" data-quantity=\"1\" class=\"button product_type_simple\" data-product_id=\"16496\" data-product_sku=\"\" aria-label=\"Read more about &ldquo;Dissonance - Platform Germany&rdquo;\" rel=\"nofollow\" data-success_message=\"\">Read more<\/a>\t<span id=\"woocommerce_loop_add_to_cart_link_describedby_16496\" class=\"screen-reader-text\">\n\t\t\t<\/span>\n<\/li>\n<\/ul>\n<\/div>  <\/article>\n<\/section>","protected":false},"excerpt":{"rendered":"","protected":false},"author":3,"featured_media":18029,"parent":0,"menu_order":0,"comment_status":"closed","ping_status":"closed","template":"page-dark.php","meta":{"_acf_changed":false,"footnotes":""},"class_list":["post-16297","page","type-page","status-publish","has-post-thumbnail","hentry"],"acf":[],"yoast_head":"<!-- This site is optimized with the Yoast SEO plugin v27.1.1 - https:\/\/yoast.com\/product\/yoast-seo-wordpress\/ -->\n<title>Fritz Bornst\u00fcck - DCV<\/title>\n<meta name=\"description\" content=\"Fritz Bornst\u00fcck \u2019s paintings and sculptures dwell on the discarded detritus of human civilization. Get your exclusive edition now.\" \/>\n<meta name=\"robots\" content=\"index, follow, max-snippet:-1, max-image-preview:large, max-video-preview:-1\" \/>\n<link rel=\"canonical\" href=\"https:\/\/dcv-books.com\/en\/fritz-bornstueck\/\" \/>\n<meta property=\"og:locale\" content=\"en_US\" \/>\n<meta property=\"og:type\" content=\"article\" \/>\n<meta property=\"og:title\" content=\"Fritz Bornst\u00fcck - DCV\" \/>\n<meta property=\"og:description\" content=\"Fritz Bornst\u00fcck \u2019s paintings and sculptures dwell on the discarded detritus of human civilization. Get your exclusive edition now.\" \/>\n<meta property=\"og:url\" content=\"https:\/\/dcv-books.com\/en\/fritz-bornstueck\/\" \/>\n<meta property=\"og:site_name\" content=\"DCV\" \/>\n<meta property=\"article:modified_time\" content=\"2024-03-18T12:20:50+00:00\" \/>\n<meta property=\"og:image\" content=\"https:\/\/dcv-books.com\/wp-content\/uploads\/2022\/08\/3-scaled.jpg\" \/>\n\t<meta property=\"og:image:width\" content=\"2560\" \/>\n\t<meta property=\"og:image:height\" content=\"1762\" \/>\n\t<meta property=\"og:image:type\" content=\"image\/jpeg\" \/>\n<meta name=\"twitter:card\" content=\"summary_large_image\" \/>\n<meta name=\"twitter:label1\" content=\"Est. reading time\" \/>\n\t<meta name=\"twitter:data1\" content=\"2 minutes\" \/>\n<script type=\"application\/ld+json\" class=\"yoast-schema-graph\">{\"@context\":\"https:\/\/schema.org\",\"@graph\":[{\"@type\":\"WebPage\",\"@id\":\"https:\/\/dcv-books.com\/en\/fritz-bornstueck\/\",\"url\":\"https:\/\/dcv-books.com\/en\/fritz-bornstueck\/\",\"name\":\"Fritz Bornst\u00fcck - DCV\",\"isPartOf\":{\"@id\":\"https:\/\/dcv-books.com\/#website\"},\"primaryImageOfPage\":{\"@id\":\"https:\/\/dcv-books.com\/en\/fritz-bornstueck\/#primaryimage\"},\"image\":{\"@id\":\"https:\/\/dcv-books.com\/en\/fritz-bornstueck\/#primaryimage\"},\"thumbnailUrl\":\"https:\/\/dcv-books.com\/wp-content\/uploads\/2022\/08\/3-scaled.jpg\",\"datePublished\":\"2021-11-29T11:19:13+00:00\",\"dateModified\":\"2024-03-18T12:20:50+00:00\",\"description\":\"Fritz Bornst\u00fcck \u2019s paintings and sculptures dwell on the discarded detritus of human civilization. Get your exclusive edition now.\",\"breadcrumb\":{\"@id\":\"https:\/\/dcv-books.com\/en\/fritz-bornstueck\/#breadcrumb\"},\"inLanguage\":\"en-US\",\"potentialAction\":[{\"@type\":\"ReadAction\",\"target\":[\"https:\/\/dcv-books.com\/en\/fritz-bornstueck\/\"]}]},{\"@type\":\"ImageObject\",\"inLanguage\":\"en-US\",\"@id\":\"https:\/\/dcv-books.com\/en\/fritz-bornstueck\/#primaryimage\",\"url\":\"https:\/\/dcv-books.com\/wp-content\/uploads\/2022\/08\/3-scaled.jpg\",\"contentUrl\":\"https:\/\/dcv-books.com\/wp-content\/uploads\/2022\/08\/3-scaled.jpg\",\"width\":2560,\"height\":1762},{\"@type\":\"BreadcrumbList\",\"@id\":\"https:\/\/dcv-books.com\/en\/fritz-bornstueck\/#breadcrumb\",\"itemListElement\":[{\"@type\":\"ListItem\",\"position\":1,\"name\":\"Startseite\",\"item\":\"https:\/\/dcv-books.com\/en\/\"},{\"@type\":\"ListItem\",\"position\":2,\"name\":\"Fritz Bornst\u00fcck\"}]},{\"@type\":\"WebSite\",\"@id\":\"https:\/\/dcv-books.com\/#website\",\"url\":\"https:\/\/dcv-books.com\/\",\"name\":\"DCV\",\"description\":\"Dr. Cantz&#039;sche Verlagsgesellschaft mbH &amp; Co. KG\",\"potentialAction\":[{\"@type\":\"SearchAction\",\"target\":{\"@type\":\"EntryPoint\",\"urlTemplate\":\"https:\/\/dcv-books.com\/?s={search_term_string}\"},\"query-input\":{\"@type\":\"PropertyValueSpecification\",\"valueRequired\":true,\"valueName\":\"search_term_string\"}}],\"inLanguage\":\"en-US\"}]}<\/script>\n<!-- \/ Yoast SEO plugin. -->","yoast_head_json":{"title":"Fritz Bornst\u00fcck - DCV","description":"Fritz Bornst\u00fcck \u2019s paintings and sculptures dwell on the discarded detritus of human civilization. Get your exclusive edition now.","robots":{"index":"index","follow":"follow","max-snippet":"max-snippet:-1","max-image-preview":"max-image-preview:large","max-video-preview":"max-video-preview:-1"},"canonical":"https:\/\/dcv-books.com\/en\/fritz-bornstueck\/","og_locale":"en_US","og_type":"article","og_title":"Fritz Bornst\u00fcck - DCV","og_description":"Fritz Bornst\u00fcck \u2019s paintings and sculptures dwell on the discarded detritus of human civilization. Get your exclusive edition now.","og_url":"https:\/\/dcv-books.com\/en\/fritz-bornstueck\/","og_site_name":"DCV","article_modified_time":"2024-03-18T12:20:50+00:00","og_image":[{"width":2560,"height":1762,"url":"https:\/\/dcv-books.com\/wp-content\/uploads\/2022\/08\/3-scaled.jpg","type":"image\/jpeg"}],"twitter_card":"summary_large_image","twitter_misc":{"Est. reading time":"2 minutes"},"schema":{"@context":"https:\/\/schema.org","@graph":[{"@type":"WebPage","@id":"https:\/\/dcv-books.com\/en\/fritz-bornstueck\/","url":"https:\/\/dcv-books.com\/en\/fritz-bornstueck\/","name":"Fritz Bornst\u00fcck - DCV","isPartOf":{"@id":"https:\/\/dcv-books.com\/#website"},"primaryImageOfPage":{"@id":"https:\/\/dcv-books.com\/en\/fritz-bornstueck\/#primaryimage"},"image":{"@id":"https:\/\/dcv-books.com\/en\/fritz-bornstueck\/#primaryimage"},"thumbnailUrl":"https:\/\/dcv-books.com\/wp-content\/uploads\/2022\/08\/3-scaled.jpg","datePublished":"2021-11-29T11:19:13+00:00","dateModified":"2024-03-18T12:20:50+00:00","description":"Fritz Bornst\u00fcck \u2019s paintings and sculptures dwell on the discarded detritus of human civilization. Get your exclusive edition now.","breadcrumb":{"@id":"https:\/\/dcv-books.com\/en\/fritz-bornstueck\/#breadcrumb"},"inLanguage":"en-US","potentialAction":[{"@type":"ReadAction","target":["https:\/\/dcv-books.com\/en\/fritz-bornstueck\/"]}]},{"@type":"ImageObject","inLanguage":"en-US","@id":"https:\/\/dcv-books.com\/en\/fritz-bornstueck\/#primaryimage","url":"https:\/\/dcv-books.com\/wp-content\/uploads\/2022\/08\/3-scaled.jpg","contentUrl":"https:\/\/dcv-books.com\/wp-content\/uploads\/2022\/08\/3-scaled.jpg","width":2560,"height":1762},{"@type":"BreadcrumbList","@id":"https:\/\/dcv-books.com\/en\/fritz-bornstueck\/#breadcrumb","itemListElement":[{"@type":"ListItem","position":1,"name":"Startseite","item":"https:\/\/dcv-books.com\/en\/"},{"@type":"ListItem","position":2,"name":"Fritz Bornst\u00fcck"}]},{"@type":"WebSite","@id":"https:\/\/dcv-books.com\/#website","url":"https:\/\/dcv-books.com\/","name":"DCV","description":"Dr. Cantz&#039;sche Verlagsgesellschaft mbH &amp; Co. KG","potentialAction":[{"@type":"SearchAction","target":{"@type":"EntryPoint","urlTemplate":"https:\/\/dcv-books.com\/?s={search_term_string}"},"query-input":{"@type":"PropertyValueSpecification","valueRequired":true,"valueName":"search_term_string"}}],"inLanguage":"en-US"}]}},"_links":{"self":[{"href":"https:\/\/dcv-books.com\/en\/wp-json\/wp\/v2\/pages\/16297","targetHints":{"allow":["GET"]}}],"collection":[{"href":"https:\/\/dcv-books.com\/en\/wp-json\/wp\/v2\/pages"}],"about":[{"href":"https:\/\/dcv-books.com\/en\/wp-json\/wp\/v2\/types\/page"}],"author":[{"embeddable":true,"href":"https:\/\/dcv-books.com\/en\/wp-json\/wp\/v2\/users\/3"}],"replies":[{"embeddable":true,"href":"https:\/\/dcv-books.com\/en\/wp-json\/wp\/v2\/comments?post=16297"}],"version-history":[{"count":10,"href":"https:\/\/dcv-books.com\/en\/wp-json\/wp\/v2\/pages\/16297\/revisions"}],"predecessor-version":[{"id":21984,"href":"https:\/\/dcv-books.com\/en\/wp-json\/wp\/v2\/pages\/16297\/revisions\/21984"}],"wp:featuredmedia":[{"embeddable":true,"href":"https:\/\/dcv-books.com\/en\/wp-json\/wp\/v2\/media\/18029"}],"wp:attachment":[{"href":"https:\/\/dcv-books.com\/en\/wp-json\/wp\/v2\/media?parent=16297"}],"curies":[{"name":"wp","href":"https:\/\/api.w.org\/{rel}","templated":true}]}}