{"id":13169,"date":"2020-06-23T13:51:38","date_gmt":"2020-06-23T11:51:38","guid":{"rendered":"https:\/\/dcv-books.com\/?page_id=13169"},"modified":"2020-06-23T13:51:39","modified_gmt":"2020-06-23T11:51:39","slug":"fashion","status":"publish","type":"page","link":"https:\/\/dcv-books.com\/en\/fashion\/","title":{"rendered":"Fashion"},"content":{"rendered":"<section id=\"products-block_5ec27efd08178\" class=\"products\">\n    <article class=\"reel-grid\">\n    <div class=\"woocommerce columns-4 \"><ul class=\"products columns-4\">\n<li class=\"product type-product post-25664 status-publish first instock product_cat-all-books product_cat-fashion product_cat-music product_cat-new-arrivals product_cat-photography product_tag-elaste-en product_tag-michael-reinboth-en product_tag-thomas-elsner-en has-post-thumbnail taxable shipping-taxable purchasable product-type-simple\">\n\t<a href=\"https:\/\/dcv-books.com\/en\/produkt\/elaste-1980-1986\/\" class=\"woocommerce-LoopProduct-link woocommerce-loop-product__link\"><div class=\"image-wrapper\"><img decoding=\"async\" width=\"1864\" height=\"2500\" src=\"https:\/\/dcv-books.com\/wp-content\/uploads\/2025\/09\/ELASTE_COVER_w_Sticker_web.jpg\" class=\"attachment-woocommerce_thumbnail size-woocommerce_thumbnail\" alt=\"ELASTE -&lt;br&gt; 1980 \u2013 1986\" \/><\/div><div class=\"book-label book-label--new\"><\/div><h2 class=\"woocommerce-loop-product__title\">ELASTE <br> 1980 \u2013 1986<\/h2>  <div class=\"woocommerce-loop-product__description\" itemprop=\"description\">\n    <p>The story of <em>ELASTE<\/em> is the story of a movement \u2013 that of the New Wave generation in West Germany. Founded in 1980 in Hanover, the magazine was a beacon of cultural revolt and the first glossy indie magazine of the Federal Republic: self-published, a statement somewhere between pop avant-garde, subversion, and a sharp sense of style. Among those who shaped the look and spirit of the magazine were Jon Savage, Ellen von Unwerth, and Diedrich Diederichsen. No other magazine operated at the intersection of music, fashion, and society quite like ELASTE \u2014 with headliners such as Warhol, The Rolling Stones, and Kraftwerk. This book by the magazine\u2019s editors Thomas Elsner and Michael Reinboth, looks back \u2014 at the pioneering spirit, the minds, and the stories behind the magazine.<\/p>\n<p>Incl. download code card for 14 tracks from ELASTE RECORDS<\/p>\n  <\/div>\n\n\t<span class=\"price\"><span class=\"woocommerce-Price-amount amount\"><bdi>49<span class=\"woocommerce-Price-currencySymbol\">&euro;<\/span><\/bdi><\/span><\/span>\n<\/a><a href=\"\/en\/wp-json\/wp\/v2\/pages\/13169?add-to-cart=25664\" aria-describedby=\"woocommerce_loop_add_to_cart_link_describedby_25664\" data-quantity=\"1\" class=\"button product_type_simple add_to_cart_button ajax_add_to_cart\" data-product_id=\"25664\" data-product_sku=\"\" aria-label=\"Add to cart: &ldquo;ELASTE - 1980 \u2013 1986&rdquo;\" rel=\"nofollow\" data-success_message=\"&ldquo;ELASTE -&lt;br&gt; 1980 \u2013 1986&rdquo; has been added to your cart\" role=\"button\">Add to cart<\/a>\t<span id=\"woocommerce_loop_add_to_cart_link_describedby_25664\" class=\"screen-reader-text\">\n\t\t\t<\/span>\n<\/li>\n<li class=\"product type-product post-22643 status-publish instock product_cat-all-books product_cat-digital-art-en product_cat-fashion product_cat-new-arrivals product_cat-photography product_tag-collaborative-pictures-by-merrick-darcy-irvine-x-julia-bajanova-en product_tag-julia-bajanova-en product_tag-merrick-darcy-irvine-en product_tag-mirror-en has-post-thumbnail taxable shipping-taxable purchasable product-type-simple\">\n\t<a href=\"https:\/\/dcv-books.com\/en\/produkt\/mirror-collaborative-pictures-by-merrick-darcy-irvine-x-julia-bajanova\/\" class=\"woocommerce-LoopProduct-link woocommerce-loop-product__link\"><div class=\"image-wrapper\"><img decoding=\"async\" width=\"2048\" height=\"2565\" src=\"https:\/\/dcv-books.com\/wp-content\/uploads\/2023\/12\/MERRICKxBAJANOVA_Cover_NEU_RGB_02_web-2048x2565.jpg\" class=\"attachment-woocommerce_thumbnail size-woocommerce_thumbnail\" alt=\"Mirror -&lt;br&gt; Collaborative Pictures by Merrick d&#039;Arcy\u2013Irvine x Julia Bajanova\" \/><\/div><h2 class=\"woocommerce-loop-product__title\">Mirror <br> Collaborative Pictures by Merrick d&#8217;Arcy\u2013Irvine x Julia Bajanova<\/h2>  <div class=\"woocommerce-loop-product__description\" itemprop=\"description\">\n    <p>We humans are social creatures. Without others to reflect our behavior back to us, we lose what defines us\u2014language, culture, the capacity for creative expression. That is why photographer Merrick d\u2019Arcy-Irvine and fashion designer Julia Bajanova are invested in intense encounters: not only with the people who appear in their pictures, but also with each other, as artists and as humans, and between their media and the materials out of which they are made. The materiality and sensual experience of these media in the physical world are the focus of the pictures gathered in this volume, which is why d\u2019Arcy-Irvine and Bajanova eschewed all digital technologies. Sensuality forges an emotional bond between their creative universes, whose boundaries become permeable, as do the dividing lines between genres. Colors and forms are fused in a shared language of visual art and fashion in which d\u2019Arcy-Irvine and Bajanova write their messages in light on photographic paper. They speak to what makes us human: creative energies untrammelled by the necessities of everyday life. The pictures in <em>Mirror<\/em>, then, are reflections of our existence and portals of self-knowledge.<\/p>\n  <\/div>\n\n\t<span class=\"price\"><span class=\"woocommerce-Price-amount amount\"><bdi>40<span class=\"woocommerce-Price-currencySymbol\">&euro;<\/span><\/bdi><\/span><\/span>\n<\/a><a href=\"\/en\/wp-json\/wp\/v2\/pages\/13169?add-to-cart=22643\" aria-describedby=\"woocommerce_loop_add_to_cart_link_describedby_22643\" data-quantity=\"1\" class=\"button product_type_simple add_to_cart_button ajax_add_to_cart\" data-product_id=\"22643\" data-product_sku=\"\" aria-label=\"Add to cart: &ldquo;Mirror - Collaborative Pictures by Merrick d&#039;Arcy\u2013Irvine x Julia Bajanova&rdquo;\" rel=\"nofollow\" data-success_message=\"&ldquo;Mirror -&lt;br&gt; Collaborative Pictures by Merrick d&#039;Arcy\u2013Irvine x Julia Bajanova&rdquo; has been added to your cart\" role=\"button\">Add to cart<\/a>\t<span id=\"woocommerce_loop_add_to_cart_link_describedby_22643\" class=\"screen-reader-text\">\n\t\t\t<\/span>\n<\/li>\n<li class=\"product type-product post-13799 status-publish instock product_cat-all-books product_cat-fashion product_cat-film-and-video product_cat-installation-art product_cat-on-art product_cat-painting product_cat-photography product_cat-sculpture has-post-thumbnail taxable shipping-taxable purchasable product-type-simple\">\n\t<a href=\"https:\/\/dcv-books.com\/en\/produkt\/6-u-l-en\/\" class=\"woocommerce-LoopProduct-link woocommerce-loop-product__link\"><div class=\"image-wrapper\"><img decoding=\"async\" width=\"1024\" height=\"1450\" src=\"https:\/\/dcv-books.com\/wp-content\/uploads\/2020\/10\/6UL-Cover-1024x1450.jpg\" class=\"attachment-woocommerce_thumbnail size-woocommerce_thumbnail\" alt=\"6 u l \" \/><\/div><h2 class=\"woocommerce-loop-product__title\">6 U L <br> Lust and Desire in Art and Design<\/h2>  <div class=\"woocommerce-loop-product__description\" itemprop=\"description\">\n    <p><strong>\u201cWhose Jizz is this?\u201d<\/strong> <em>Sechs<\/em>-u-ell: to make sense of the publication title, trust your college German and your phonetic ear. \u201cSexual,\u201d here, comprises the entire broad spectrum of what we associate with carnal pleasure. Lust, desire, ecstasy, repression, obsession\u2014the world of art, fashion, and design abounds with specimens of eroticism and sexuality in their infinite variety, shopworn stereotypes be damned. Looking back on the thorough revision of society\u2019s ideas about sexuality in the past three decades, the book inquires into how the works of visual artists, fashion creatives, and designers reflect today\u2019s public debates over biological and social gender roles, power structures, and sexual violence or the fading of taboos over sexual practices. With works and designs by Walter Van Beirendonck, Monica Bonvicini, Tracey Emin, Hans-Peter Feldmann, J\u00fcrgen Klauke, Peaches, Cindy Sherman, Kara Walker, Vivienne Westwood, and many more. This book documents a grand exhibition scheduled for the past summer at the GRASSI Museum of Applied Arts, Leipzig, which had to be canceled due to the Covid-19 pandemic.<\/p>\n  <\/div>\n\n\t<span class=\"price\"><span class=\"woocommerce-Price-amount amount\"><bdi>28<span class=\"woocommerce-Price-currencySymbol\">&euro;<\/span><\/bdi><\/span><\/span>\n<\/a><a href=\"\/en\/wp-json\/wp\/v2\/pages\/13169?add-to-cart=13799\" aria-describedby=\"woocommerce_loop_add_to_cart_link_describedby_13799\" data-quantity=\"1\" class=\"button product_type_simple add_to_cart_button ajax_add_to_cart\" data-product_id=\"13799\" data-product_sku=\"\" aria-label=\"Add to cart: &ldquo;6 U L - Lust and Desire in Art and Design&rdquo;\" rel=\"nofollow\" data-success_message=\"&ldquo;6 U L -&lt;br&gt; Lust and Desire in Art and Design&rdquo; has been added to your cart\" role=\"button\">Add to cart<\/a>\t<span id=\"woocommerce_loop_add_to_cart_link_describedby_13799\" class=\"screen-reader-text\">\n\t\t\t<\/span>\n<\/li>\n<li class=\"product type-product post-13913 status-publish last instock product_cat-all-books product_cat-fashion product_cat-on-art product_cat-painting product_cat-photography has-post-thumbnail taxable shipping-taxable purchasable product-type-simple\">\n\t<a href=\"https:\/\/dcv-books.com\/en\/produkt\/mon-tresor\/\" class=\"woocommerce-LoopProduct-link woocommerce-loop-product__link\"><div class=\"image-wrapper\"><img decoding=\"async\" width=\"1020\" height=\"1196\" src=\"https:\/\/dcv-books.com\/wp-content\/uploads\/2020\/11\/Mon-Tresor.jpg\" class=\"attachment-woocommerce_thumbnail size-woocommerce_thumbnail\" alt=\"Mon Tr\u00e9sor\" \/><\/div><h2 class=\"woocommerce-loop-product__title\">Mon Tr\u00e9sor<\/h2>  <div class=\"woocommerce-loop-product__description\" itemprop=\"description\">\n    <p><strong>Europe\u2019s Treasure Chamber<\/strong><\/p>\n<p>What do the torque of the princess of Reinheim, the tableware from the Orient Express, and the radio station Europe 1\u2019s studio building have in common? They are among the treasures of the Saar region. The book presents outstanding archaeological objects and achievements of technology and art dating from the age of the Celts to the present. Drawn from the Saarland and neighboring Alsace-Lorraine, Luxembourg, and Rhineland-Palatinate, the unexpected riches illustrate the cultural and social dimensions of this multinational region in the heart of Europe. The title <em>Mon Tr\u00e9sor<\/em> describes many of them quite literally: the note a seven-year-old dashed off to his father before his family was evacuated in the first days of World War II; the Roman-era ring that is also a relic, witnessing to flight and danger. All treasures are personal first and foremost, though others may later cherish them as cultural assets.<\/p>\n  <\/div>\n\n\t<span class=\"price\"><span class=\"woocommerce-Price-amount amount\"><bdi>34<span class=\"woocommerce-Price-currencySymbol\">&euro;<\/span><\/bdi><\/span><\/span>\n<\/a><a href=\"\/en\/wp-json\/wp\/v2\/pages\/13169?add-to-cart=13913\" aria-describedby=\"woocommerce_loop_add_to_cart_link_describedby_13913\" data-quantity=\"1\" class=\"button product_type_simple add_to_cart_button ajax_add_to_cart\" data-product_id=\"13913\" data-product_sku=\"\" aria-label=\"Add to cart: &ldquo;Mon Tr\u00e9sor&rdquo;\" rel=\"nofollow\" data-success_message=\"&ldquo;Mon Tr\u00e9sor&rdquo; has been added to your cart\" role=\"button\">Add to cart<\/a>\t<span id=\"woocommerce_loop_add_to_cart_link_describedby_13913\" class=\"screen-reader-text\">\n\t\t\t<\/span>\n<\/li>\n<li class=\"product type-product post-13481 status-publish first instock product_cat-all-books product_cat-fashion product_cat-film-and-video product_cat-installation-art product_cat-on-art product_cat-painting product_cat-performance-art product_cat-photography product_cat-sculpture has-post-thumbnail taxable shipping-taxable purchasable product-type-simple\">\n\t<a href=\"https:\/\/dcv-books.com\/en\/produkt\/me-family-portrait-of-a-young-planet\/\" class=\"woocommerce-LoopProduct-link woocommerce-loop-product__link\"><div class=\"image-wrapper\"><img decoding=\"async\" width=\"1000\" height=\"767\" src=\"https:\/\/dcv-books.com\/wp-content\/uploads\/2020\/07\/Me_Family_Cover_small.jpg\" class=\"attachment-woocommerce_thumbnail size-woocommerce_thumbnail\" alt=\"Portrait of a Young Planet\" \/><\/div><h2 class=\"woocommerce-loop-product__title\">Me, Family <br> Portrait of a Young Planet<\/h2>  <div class=\"woocommerce-loop-product__description\" itemprop=\"description\">\n    <p><strong>A Journey Through Many Worlds<\/strong><\/p>\n<p>In these times of great uncertainty, the themes that surface in the works of the thirty-six international artists gathered in <em>Me, Family<\/em> are more relevant than ever. Compiled by Francesco Bonami with a nod to Edward Steichen\u2019s historic exhibition <em>The Family of Man<\/em>, the volume paints a multifaceted portrait of humanity in the early decades of the twenty-first century. The original installation of photographs and excerpts from writers opened at the Museum of Modern Art in New York in 1955 and then went on a seven-year tour of one hundred and fifty museums all over the world. Matching the radicalism of Steichen\u2019s conception, <em>Me, Family<\/em> presents works by contemporary artists who harness a wide range of media and genres to explore the ways in which humans today engage with their manifold coexistent histories and the diverse challenges they confront. Including reproductions of contemporary art as well as representations of social networks, fashions, information technologies, advertising, sound, music, and performances, the book captures a reality that is beautiful, dramatic, and intoxicating by turns. With writings by Roland Barthes, Francesco Bonami, Edward Steichen, and others.<\/p>\n<p>With works by Lawrence Abu Hamdan, Doug Aitken, Sophia Al Maria, Yuri Ancarani, Darren Bader, Lara Baladi, Cao Fei, Cheng Ran, Cl\u00e9ment Cogitore, Istv\u00e1n Cs\u00e1k\u00e1ny, Christian Falsnaes, Harun Farocki, Simon Fujiwara, Rainer Ganahl, Theaster Gates, Jack Goldstein, Andreas Gursky, Thomas Hirschhorn, Hassan Khan, Ga Ram Kim, Olia Lialina, Li Ming, Cristina Lucas, Karolina Markiewicz &amp; Pascal Piron, Eva &amp; Franco Mattes, Shirin Neshat, Philippe Parreno, Mario Pfeifer, Jon Rafman, Cindy Sherman, Marianna Simnett, Rudolf Stingel, Thomas Struth, Wolfgang Tillmans, Jordan Wolfson, Wong Ping, and Akram Zaatari.<\/p>\n  <\/div>\n\n\t<span class=\"price\"><span class=\"woocommerce-Price-amount amount\"><bdi>40<span class=\"woocommerce-Price-currencySymbol\">&euro;<\/span><\/bdi><\/span><\/span>\n<\/a><a href=\"\/en\/wp-json\/wp\/v2\/pages\/13169?add-to-cart=13481\" aria-describedby=\"woocommerce_loop_add_to_cart_link_describedby_13481\" data-quantity=\"1\" class=\"button product_type_simple add_to_cart_button ajax_add_to_cart\" data-product_id=\"13481\" data-product_sku=\"\" aria-label=\"Add to cart: &ldquo;Me, Family - Portrait of a Young Planet&rdquo;\" rel=\"nofollow\" data-success_message=\"&ldquo;Me, Family -&lt;br&gt; Portrait of a Young Planet&rdquo; has been added to your cart\" role=\"button\">Add to cart<\/a>\t<span id=\"woocommerce_loop_add_to_cart_link_describedby_13481\" class=\"screen-reader-text\">\n\t\t\t<\/span>\n<\/li>\n<li class=\"product type-product post-936 status-publish instock product_cat-all-books product_cat-fashion product_cat-on-art has-post-thumbnail taxable shipping-taxable purchasable product-type-simple\">\n\t<a href=\"https:\/\/dcv-books.com\/en\/produkt\/pharaonengold\/\" class=\"woocommerce-LoopProduct-link woocommerce-loop-product__link\"><div class=\"image-wrapper\"><img decoding=\"async\" width=\"600\" height=\"716\" src=\"https:\/\/dcv-books.com\/wp-content\/uploads\/2019\/05\/Pharaonengold-e1589726538612-600x716.jpg\" class=\"attachment-woocommerce_thumbnail size-woocommerce_thumbnail\" alt=\"Pharaonengold -&lt;br&gt; 3.000 Jahre alt\u00e4gyptische Hochkultur\" \/><\/div><h2 class=\"woocommerce-loop-product__title\">Pharaonengold <br> 3.000 Jahre alt\u00e4gyptische Hochkultur<\/h2>  <div class=\"woocommerce-loop-product__description\" itemprop=\"description\">\n    <p class=\"introzeile-buecher\">The Mysterious World of the Pharaohs and their Magical Relationship to Gold<\/p>\n<p>Hardly any other culture fascinates as much as the high culture of ancient Egypt. At its center were the pharaohs, those legendary kings who, according to the beliefs of the ancient Egyptians, descended directly from the gods. Gold was ascribed a special symbolic and religious power; it stood for eternity and indestructibility and, as the \u201cflesh of the gods,\u201d was a sacred metal. The book brings together 150 exhibits from pharaonic tombs from the Old Kingdom of the Third Dynasty (circa 2680 B.C.E.) and the oldest gold statue of an Egyptian pharaoh to Tutankhamun and Horemheb (circa 1330\u20131310 B.C.E.).<\/p>\n  <\/div>\n\n\t<span class=\"price\"><span class=\"woocommerce-Price-amount amount\"><bdi>27,50<span class=\"woocommerce-Price-currencySymbol\">&euro;<\/span><\/bdi><\/span><\/span>\n<\/a><a href=\"\/en\/wp-json\/wp\/v2\/pages\/13169?add-to-cart=936\" aria-describedby=\"woocommerce_loop_add_to_cart_link_describedby_936\" data-quantity=\"1\" class=\"button product_type_simple add_to_cart_button ajax_add_to_cart\" data-product_id=\"936\" data-product_sku=\"\" aria-label=\"Add to cart: &ldquo;Pharaonengold - 3.000 Jahre alt\u00e4gyptische Hochkultur&rdquo;\" rel=\"nofollow\" data-success_message=\"&ldquo;Pharaonengold -&lt;br&gt; 3.000 Jahre alt\u00e4gyptische Hochkultur&rdquo; has been added to your cart\" role=\"button\">Add to cart<\/a>\t<span id=\"woocommerce_loop_add_to_cart_link_describedby_936\" class=\"screen-reader-text\">\n\t\t\t<\/span>\n<\/li>\n<li class=\"product type-product post-971 status-publish outofstock product_cat-all-books product_cat-fashion product_cat-on-art has-post-thumbnail taxable shipping-taxable purchasable product-type-simple\">\n\t<a href=\"https:\/\/dcv-books.com\/en\/produkt\/luxus\/\" class=\"woocommerce-LoopProduct-link woocommerce-loop-product__link\"><div class=\"image-wrapper\"><img decoding=\"async\" width=\"550\" height=\"800\" src=\"https:\/\/dcv-books.com\/wp-content\/uploads\/2019\/02\/luxus-titel-e1589727183259.jpg\" class=\"attachment-woocommerce_thumbnail size-woocommerce_thumbnail\" alt=\"Luxus?!\" \/><\/div><h2 class=\"woocommerce-loop-product__title\">Luxus?!<\/h2>  <div class=\"woocommerce-loop-product__description\" itemprop=\"description\">\n    <p class=\"introzeile-buecher\">What is luxury today? How do designers perform the magic of transforming a utilitarian object into a must-have? Where does consumerism shade into obsession? When does more-is-more give way to less-is-more?<\/p>\n<p>Luxury means breaking with convention, and this book showcases\u2014and spawns\u2014a cornucopia of ideas, products, and positions around luxury, featuring influential thinkers from the worlds of design, science, art, and society. The cultural theorists Wolfgang Ullrich and Lambert Wiesing exchange letters on the concept of luxury; Montblanc\u2019s creative director Zaim Kamal lays out future strategies; the artist Jonathan Meese pens a gold manifesto; and Bazon Brock inquires into the asceticism of luxury. We live in a world full of things that resemble one another so closely that the only difference is how they are marketed. What might the precious objects of the future look like? The book presents examples from aspiring designers such as the fashion student Victoria Reize, whose collection counters luxury with arch defiance. Design, we learn, is not just about creating supreme values. Luxury is limitation and longevity, scarcity and refinement, yearning and sensuality.<\/p>\n<p>With works by Assemble, Jake and Dinos Chapman, Daniel Chodowiecki, Kai L\u00f6ffelbein, Jonathan Meese, Olaf Nicolai, Marcel Odenbach, Tobias Rehberger and Anna Skladmann.<\/p>\n  <\/div>\n\n\t<span class=\"price\"><span class=\"woocommerce-Price-amount amount\"><bdi>34<span class=\"woocommerce-Price-currencySymbol\">&euro;<\/span><\/bdi><\/span><\/span>\n<\/a><a href=\"https:\/\/dcv-books.com\/en\/produkt\/luxus\/\" aria-describedby=\"woocommerce_loop_add_to_cart_link_describedby_971\" data-quantity=\"1\" class=\"button product_type_simple\" data-product_id=\"971\" data-product_sku=\"\" aria-label=\"Read more about &ldquo;Luxus?!&rdquo;\" rel=\"nofollow\" data-success_message=\"\">Read more<\/a>\t<span id=\"woocommerce_loop_add_to_cart_link_describedby_971\" class=\"screen-reader-text\">\n\t\t\t<\/span>\n<\/li>\n<\/ul>\n<\/div>  <\/article>\n<\/section>","protected":false},"excerpt":{"rendered":"","protected":false},"author":3,"featured_media":0,"parent":0,"menu_order":0,"comment_status":"closed","ping_status":"closed","template":"","meta":{"_acf_changed":false,"footnotes":""},"class_list":["post-13169","page","type-page","status-publish","hentry"],"acf":[],"yoast_head":"<!-- This site is optimized with the Yoast SEO plugin v27.1.1 - https:\/\/yoast.com\/product\/yoast-seo-wordpress\/ -->\n<title>Fashion - DCV<\/title>\n<meta name=\"robots\" content=\"index, follow, max-snippet:-1, max-image-preview:large, max-video-preview:-1\" \/>\n<link rel=\"canonical\" href=\"https:\/\/dcv-books.com\/en\/fashion\/\" \/>\n<meta property=\"og:locale\" content=\"en_US\" \/>\n<meta property=\"og:type\" content=\"article\" \/>\n<meta property=\"og:title\" content=\"Fashion - DCV\" \/>\n<meta property=\"og:url\" content=\"https:\/\/dcv-books.com\/en\/fashion\/\" \/>\n<meta property=\"og:site_name\" content=\"DCV\" \/>\n<meta property=\"article:modified_time\" content=\"2020-06-23T11:51:39+00:00\" \/>\n<meta name=\"twitter:card\" content=\"summary_large_image\" \/>\n<script type=\"application\/ld+json\" class=\"yoast-schema-graph\">{\"@context\":\"https:\/\/schema.org\",\"@graph\":[{\"@type\":\"WebPage\",\"@id\":\"https:\/\/dcv-books.com\/en\/fashion\/\",\"url\":\"https:\/\/dcv-books.com\/en\/fashion\/\",\"name\":\"Fashion - DCV\",\"isPartOf\":{\"@id\":\"https:\/\/dcv-books.com\/#website\"},\"datePublished\":\"2020-06-23T11:51:38+00:00\",\"dateModified\":\"2020-06-23T11:51:39+00:00\",\"breadcrumb\":{\"@id\":\"https:\/\/dcv-books.com\/en\/fashion\/#breadcrumb\"},\"inLanguage\":\"en-US\",\"potentialAction\":[{\"@type\":\"ReadAction\",\"target\":[\"https:\/\/dcv-books.com\/en\/fashion\/\"]}]},{\"@type\":\"BreadcrumbList\",\"@id\":\"https:\/\/dcv-books.com\/en\/fashion\/#breadcrumb\",\"itemListElement\":[{\"@type\":\"ListItem\",\"position\":1,\"name\":\"Startseite\",\"item\":\"https:\/\/dcv-books.com\/en\/\"},{\"@type\":\"ListItem\",\"position\":2,\"name\":\"Fashion\"}]},{\"@type\":\"WebSite\",\"@id\":\"https:\/\/dcv-books.com\/#website\",\"url\":\"https:\/\/dcv-books.com\/\",\"name\":\"DCV\",\"description\":\"Dr. Cantz&#039;sche Verlagsgesellschaft mbH &amp; Co. KG\",\"potentialAction\":[{\"@type\":\"SearchAction\",\"target\":{\"@type\":\"EntryPoint\",\"urlTemplate\":\"https:\/\/dcv-books.com\/?s={search_term_string}\"},\"query-input\":{\"@type\":\"PropertyValueSpecification\",\"valueRequired\":true,\"valueName\":\"search_term_string\"}}],\"inLanguage\":\"en-US\"}]}<\/script>\n<!-- \/ Yoast SEO plugin. -->","yoast_head_json":{"title":"Fashion - DCV","robots":{"index":"index","follow":"follow","max-snippet":"max-snippet:-1","max-image-preview":"max-image-preview:large","max-video-preview":"max-video-preview:-1"},"canonical":"https:\/\/dcv-books.com\/en\/fashion\/","og_locale":"en_US","og_type":"article","og_title":"Fashion - DCV","og_url":"https:\/\/dcv-books.com\/en\/fashion\/","og_site_name":"DCV","article_modified_time":"2020-06-23T11:51:39+00:00","twitter_card":"summary_large_image","schema":{"@context":"https:\/\/schema.org","@graph":[{"@type":"WebPage","@id":"https:\/\/dcv-books.com\/en\/fashion\/","url":"https:\/\/dcv-books.com\/en\/fashion\/","name":"Fashion - DCV","isPartOf":{"@id":"https:\/\/dcv-books.com\/#website"},"datePublished":"2020-06-23T11:51:38+00:00","dateModified":"2020-06-23T11:51:39+00:00","breadcrumb":{"@id":"https:\/\/dcv-books.com\/en\/fashion\/#breadcrumb"},"inLanguage":"en-US","potentialAction":[{"@type":"ReadAction","target":["https:\/\/dcv-books.com\/en\/fashion\/"]}]},{"@type":"BreadcrumbList","@id":"https:\/\/dcv-books.com\/en\/fashion\/#breadcrumb","itemListElement":[{"@type":"ListItem","position":1,"name":"Startseite","item":"https:\/\/dcv-books.com\/en\/"},{"@type":"ListItem","position":2,"name":"Fashion"}]},{"@type":"WebSite","@id":"https:\/\/dcv-books.com\/#website","url":"https:\/\/dcv-books.com\/","name":"DCV","description":"Dr. Cantz&#039;sche Verlagsgesellschaft mbH &amp; Co. KG","potentialAction":[{"@type":"SearchAction","target":{"@type":"EntryPoint","urlTemplate":"https:\/\/dcv-books.com\/?s={search_term_string}"},"query-input":{"@type":"PropertyValueSpecification","valueRequired":true,"valueName":"search_term_string"}}],"inLanguage":"en-US"}]}},"_links":{"self":[{"href":"https:\/\/dcv-books.com\/en\/wp-json\/wp\/v2\/pages\/13169","targetHints":{"allow":["GET"]}}],"collection":[{"href":"https:\/\/dcv-books.com\/en\/wp-json\/wp\/v2\/pages"}],"about":[{"href":"https:\/\/dcv-books.com\/en\/wp-json\/wp\/v2\/types\/page"}],"author":[{"embeddable":true,"href":"https:\/\/dcv-books.com\/en\/wp-json\/wp\/v2\/users\/3"}],"replies":[{"embeddable":true,"href":"https:\/\/dcv-books.com\/en\/wp-json\/wp\/v2\/comments?post=13169"}],"version-history":[{"count":2,"href":"https:\/\/dcv-books.com\/en\/wp-json\/wp\/v2\/pages\/13169\/revisions"}],"predecessor-version":[{"id":13171,"href":"https:\/\/dcv-books.com\/en\/wp-json\/wp\/v2\/pages\/13169\/revisions\/13171"}],"wp:attachment":[{"href":"https:\/\/dcv-books.com\/en\/wp-json\/wp\/v2\/media?parent=13169"}],"curies":[{"name":"wp","href":"https:\/\/api.w.org\/{rel}","templated":true}]}}