{"id":12503,"date":"2020-05-19T12:46:38","date_gmt":"2020-05-19T10:46:38","guid":{"rendered":"https:\/\/dcv-books.com\/?page_id=12503"},"modified":"2025-03-13T15:07:29","modified_gmt":"2025-03-13T14:07:29","slug":"candida-hofer-ii","status":"publish","type":"page","link":"https:\/\/dcv-books.com\/en\/candida-hofer-ii\/","title":{"rendered":"Candida H\u00f6fer II"},"content":{"rendered":"\n<figure class=\"wp-block-gallery has-nested-images columns-default is-cropped columns-1 is-style-complete-img-caption-top wp-block-gallery-1 is-layout-flex wp-block-gallery-is-layout-flex\">\n<figure class=\"wp-block-image size-large\"><img decoding=\"async\" width=\"1181\" height=\"787\" data-id=\"12363\" src=\"https:\/\/dcv-books.com\/wp-content\/uploads\/2020\/05\/EditionHoefer2.jpg\" alt=\"candida h\u00f6fer\" class=\"wp-image-12363\"\/><figcaption class=\"wp-element-caption\">Candida H\u00f6fer \u2013&nbsp;KUNSTHISTORISCHES INSTITUT BONN I 2020<\/figcaption><\/figure>\n<\/figure>\n\n\n<div id=\"edition-detail-block_3a593bd95e82651986edc82112c34957\" class=\"section-main section-main--edition\">\n      <a href=\"mail&#116;&#111;&#58;&#97;&#46;&#x6b;&#x6f;&#x77;&#x61;&#x6c;&#x65;&#x77;sky&#64;&#100;&#99;&#118;&#45;&#98;&#x6f;&#x6f;&#x6b;&#x73;&#x2e;&#x63;&#x6f;&#x6d;\" class=\"btn--cta sticky-btn\">Place order<\/a>\n    <div class=\"section-main__heading\">\n    <h2 class=\"heading-1\">Candida H\u00f6fer II<\/h2>\n    <h3><\/h3>\n  <\/div>\n  <article class=\"section-main__content\">\n    <div>\n      <div>\n        <table class=\"section-main__table\">\n          <tbody>\n                        <tr>\n              <th class=\"heading-4\">Contact<\/th>\n              <td class=\"small\"><a href=\"&#109;&#x61;&#105;&#x6c;&#116;&#x6f;&#58;&#x61;&#46;&#x6b;o&#x77;a&#x6c;e&#119;&#x73;&#107;&#x79;&#64;&#x64;&#99;&#x76;&#45;&#x62;o&#x6f;k&#x73;&#46;&#x63;o&#109;\">Aylin Kowalewsky<\/a><\/td>\n            <\/tr>\n                                                <tr>\n              <th class=\"heading-4\">Edition<\/th>\n              <td class=\"small\">50<\/td>\n            <\/tr>\n                                    <tr>\n              <th class=\"heading-4\">Technique<\/th>\n              <td class=\"small\">Pigment-print in a passe-partout<\/td>\n            <\/tr>\n                                    <tr>\n              <th class=\"heading-4\">Passepartout<\/th>\n              <td class=\"small\">46 \u00d7 60 cm<\/td>\n            <\/tr>\n                                    <tr>\n              <th class=\"heading-4\">Image Size<\/th>\n              <td class=\"small\">30 x 45 cm<\/td>\n            <\/tr>\n                                    <tr>\n              <th class=\"heading-4\">Price<\/th>\n              <td class=\"small\">\u20ac 1.200 (incl. 7% VAT)<\/td>\n            <\/tr>\n                                    <tr>\n              <th class=\"heading-4\">Details<\/th>\n              <td class=\"small\">signed and numbered, packed together with book &#8216;Candida H\u00f6fer \u2013\u00a0Kunsthistorisches Institut Bonn&#8217; in bespoke box<\/td>\n            <\/tr>\n                      <\/tbody>\n        <\/table>\n      <\/div>\n      <div>\n        <p>Candida H\u00f6fer (b. 1944, Eberswalde; lives and works in Cologne) studied in the first photography class of Bernd Becher at the Kunstakademie D\u00fcsseldorf, together with Andreas Gursky, Axel H\u00fctte, Thomas Ruff and Thomas Struth. Her works have been exhibited 2002 at documenta 11 and in 2003 she represented Germany at the 50th Biennale di Venezia alongside Martin Kippenberger.<\/p>\n      <\/div>\n    <\/div>\n  <\/article>\n<\/div>\n\n<section id=\"products-block_de458cf58cd076f1d6ee6abcf8bc4733\" class=\"products\">\n  <h2 class=\"heading-2 divider\">Books on Candida H\u00f6fer<\/h2>  <article class=\"reel-grid scrollable\">\n    <div class=\"woocommerce columns-4 \"><ul class=\"products columns-4\">\n<li class=\"product type-product post-12666 status-publish first instock product_cat-all-books product_cat-architecture product_cat-photography product_tag-candida-hoefer-en has-post-thumbnail taxable shipping-taxable purchasable product-type-simple\">\n\t<a href=\"https:\/\/dcv-books.com\/en\/produkt\/candida-hoefer-kunsthistorisches-institut-bonn\/\" class=\"woocommerce-LoopProduct-link woocommerce-loop-product__link\"><div class=\"image-wrapper\"><img decoding=\"async\" width=\"700\" height=\"890\" src=\"https:\/\/dcv-books.com\/wp-content\/uploads\/2020\/05\/Candida_Hoefer_Bonn_Cover.jpg\" class=\"attachment-woocommerce_thumbnail size-woocommerce_thumbnail\" alt=\"Candida H\u00f6fer\" \/><\/div><h2 class=\"woocommerce-loop-product__title\">Candida H\u00f6fer <br> Kunsthistorisches Institut Bonn<\/h2>  <div class=\"woocommerce-loop-product__description\" itemprop=\"description\">\n    <p class=\"introzeile-buecher\">The Kunsthistorisches Institut Bonn, Yesterday and Today<\/p>\n<p>The imposing presence of architecture captured in the absence of humans: that is the defining characteristic of the photographs with which Candida H\u00f6fer (b. 1944, Eberswalde; lives and works in Cologne) has risen to international renown. In 1992, she captured the Kunsthistorisches Institut der Rheinischen Friedrich- Wilhelms-Universit\u00e4t Bonn in ten analogue black-and-white pictures that have not been on public display. In 2020, H\u00f6fer returned to the institute to take more pictures using a digital camera. The two series now make their public d\u00e9but in the institute\u2019s halls and are gathered in this book. Undertaking a historically and aesthetically captivating comparison, H\u00f6fer probes the ways in which university life has changed over almost three decades.<\/p>\n<p>Candida H\u00f6fer was a member of Bernd Becher\u2019s inaugural photography class at the Kunstakademie D\u00fcsseldorf. Her works were shown at documenta 11 in 2002, and in 2003, she and Martin Kippenberger represented Germany at the 50th Biennale di Venezia.<\/p>\n  <\/div>\n\n\t<span class=\"price\"><span class=\"woocommerce-Price-amount amount\"><bdi>35<span class=\"woocommerce-Price-currencySymbol\">&euro;<\/span><\/bdi><\/span><\/span>\n<\/a><a href=\"\/en\/wp-json\/wp\/v2\/pages\/12503?add-to-cart=12666\" aria-describedby=\"woocommerce_loop_add_to_cart_link_describedby_12666\" data-quantity=\"1\" class=\"button product_type_simple add_to_cart_button ajax_add_to_cart\" data-product_id=\"12666\" data-product_sku=\"\" aria-label=\"Add to cart: &ldquo;Candida H\u00f6fer - Kunsthistorisches Institut Bonn&rdquo;\" rel=\"nofollow\" data-success_message=\"&ldquo;Candida H\u00f6fer -&lt;br&gt; Kunsthistorisches Institut Bonn&rdquo; has been added to your cart\" role=\"button\">Add to cart<\/a>\t<span id=\"woocommerce_loop_add_to_cart_link_describedby_12666\" class=\"screen-reader-text\">\n\t\t\t<\/span>\n<\/li>\n<li class=\"product type-product post-11297 status-publish instock product_cat-all-books product_cat-architecture product_cat-photography product_tag-candida-hoefer-en has-post-thumbnail featured taxable shipping-taxable purchasable product-type-simple\">\n\t<a href=\"https:\/\/dcv-books.com\/en\/produkt\/candida-hoefer-editions-1987-2020\/\" class=\"woocommerce-LoopProduct-link woocommerce-loop-product__link\"><div class=\"image-wrapper\"><img decoding=\"async\" width=\"1024\" height=\"1286\" src=\"https:\/\/dcv-books.com\/wp-content\/uploads\/2020\/04\/H\u00f6ferEditionen_Cover-scaled-1024x1286.jpg\" class=\"attachment-woocommerce_thumbnail size-woocommerce_thumbnail\" alt=\"Candida H\u00f6fer Editionen\" \/><\/div><h2 class=\"woocommerce-loop-product__title\">Candida H\u00f6fer <br> Editions 1987\u20132020<\/h2>  <div class=\"woocommerce-loop-product__description\" itemprop=\"description\">\n    <p class=\"introzeile-buecher\">All of Candida H\u00f6fer\u2019s Editions in One Book<\/p>\n<p>Candida H\u00f6fer\u2019s (b. Eberswalde, 1944) shots of deserted libraries, opera houses, concert halls, churches, and museums have made her a member of the international photographic avant-garde. One strand in her acclaimed oeuvre are editions\u2014photographic prints in small formats issued in larger numbers\u2014that H\u00f6fer produces to support institutions and art publishers. Gathered for the first time in this book, with an introductory essay by Anne Gantef\u00fchrer-Trier, the around one hundred such editions she created between 1987 and 2020 offer a representative cross-section of Candida H\u00f6fer\u2019s art.<\/p>\n<p>Candida H\u00f6fer studied in the first photography class of Bernd Becher at the Kunstakademie D\u00fcsseldorf. Her works have been exhibited at documenta 11 and in 2003 she represented Germany at the 50th Biennale di Venezia alongside Martin Kippenberger.<\/p>\n<p><a href=\"https:\/\/dcv-books.com\/candida-hoefer\/?lang=en\" target=\"_blank\" rel=\"noopener noreferrer\">Limited Artist Edition available<\/a><\/p>\n  <\/div>\n\n\t<span class=\"price\"><span class=\"woocommerce-Price-amount amount\"><bdi>44<span class=\"woocommerce-Price-currencySymbol\">&euro;<\/span><\/bdi><\/span><\/span>\n<\/a><a href=\"\/en\/wp-json\/wp\/v2\/pages\/12503?add-to-cart=11297\" aria-describedby=\"woocommerce_loop_add_to_cart_link_describedby_11297\" data-quantity=\"1\" class=\"button product_type_simple add_to_cart_button ajax_add_to_cart\" data-product_id=\"11297\" data-product_sku=\"\" aria-label=\"Add to cart: &ldquo;Candida H\u00f6fer - Editions 1987\u20132020&rdquo;\" rel=\"nofollow\" data-success_message=\"&ldquo;Candida H\u00f6fer -&lt;br&gt; Editions 1987\u20132020&rdquo; has been added to your cart\" role=\"button\">Add to cart<\/a>\t<span id=\"woocommerce_loop_add_to_cart_link_describedby_11297\" class=\"screen-reader-text\">\n\t\t\t<\/span>\n<\/li>\n<\/ul>\n<\/div>  <\/article>\n<\/section>","protected":false},"excerpt":{"rendered":"","protected":false},"author":3,"featured_media":12363,"parent":0,"menu_order":0,"comment_status":"closed","ping_status":"closed","template":"page-dark.php","meta":{"_acf_changed":false,"footnotes":""},"class_list":["post-12503","page","type-page","status-publish","has-post-thumbnail","hentry"],"acf":[],"yoast_head":"<!-- This site is optimized with the Yoast SEO plugin v27.1.1 - https:\/\/yoast.com\/product\/yoast-seo-wordpress\/ -->\n<title>Candida H\u00f6fer II - DCV<\/title>\n<meta name=\"description\" content=\"Candida H\u00f6fer represented Germany at the 50th Biennale di Venezia alongside Martin Kippenberger. Get your exclusive edition now.\" \/>\n<meta name=\"robots\" content=\"index, follow, max-snippet:-1, max-image-preview:large, max-video-preview:-1\" \/>\n<link rel=\"canonical\" href=\"https:\/\/dcv-books.com\/en\/candida-hofer-ii\/\" \/>\n<meta property=\"og:locale\" content=\"en_US\" \/>\n<meta property=\"og:type\" content=\"article\" \/>\n<meta property=\"og:title\" content=\"Candida H\u00f6fer II - DCV\" \/>\n<meta property=\"og:description\" content=\"Candida H\u00f6fer represented Germany at the 50th Biennale di Venezia alongside Martin Kippenberger. Get your exclusive edition now.\" \/>\n<meta property=\"og:url\" content=\"https:\/\/dcv-books.com\/en\/candida-hofer-ii\/\" \/>\n<meta property=\"og:site_name\" content=\"DCV\" \/>\n<meta property=\"article:modified_time\" content=\"2025-03-13T14:07:29+00:00\" \/>\n<meta property=\"og:image\" content=\"https:\/\/dcv-books.com\/wp-content\/uploads\/2020\/05\/EditionHoefer2.jpg\" \/>\n\t<meta property=\"og:image:width\" content=\"1181\" \/>\n\t<meta property=\"og:image:height\" content=\"787\" \/>\n\t<meta property=\"og:image:type\" content=\"image\/jpeg\" \/>\n<meta name=\"twitter:card\" content=\"summary_large_image\" \/>\n<meta name=\"twitter:label1\" content=\"Est. reading time\" \/>\n\t<meta name=\"twitter:data1\" content=\"1 minute\" \/>\n<script type=\"application\/ld+json\" class=\"yoast-schema-graph\">{\"@context\":\"https:\/\/schema.org\",\"@graph\":[{\"@type\":\"WebPage\",\"@id\":\"https:\/\/dcv-books.com\/en\/candida-hofer-ii\/\",\"url\":\"https:\/\/dcv-books.com\/en\/candida-hofer-ii\/\",\"name\":\"Candida H\u00f6fer II - DCV\",\"isPartOf\":{\"@id\":\"https:\/\/dcv-books.com\/#website\"},\"primaryImageOfPage\":{\"@id\":\"https:\/\/dcv-books.com\/en\/candida-hofer-ii\/#primaryimage\"},\"image\":{\"@id\":\"https:\/\/dcv-books.com\/en\/candida-hofer-ii\/#primaryimage\"},\"thumbnailUrl\":\"https:\/\/dcv-books.com\/wp-content\/uploads\/2020\/05\/EditionHoefer2.jpg\",\"datePublished\":\"2020-05-19T10:46:38+00:00\",\"dateModified\":\"2025-03-13T14:07:29+00:00\",\"description\":\"Candida H\u00f6fer represented Germany at the 50th Biennale di Venezia alongside Martin Kippenberger. Get your exclusive edition now.\",\"breadcrumb\":{\"@id\":\"https:\/\/dcv-books.com\/en\/candida-hofer-ii\/#breadcrumb\"},\"inLanguage\":\"en-US\",\"potentialAction\":[{\"@type\":\"ReadAction\",\"target\":[\"https:\/\/dcv-books.com\/en\/candida-hofer-ii\/\"]}]},{\"@type\":\"ImageObject\",\"inLanguage\":\"en-US\",\"@id\":\"https:\/\/dcv-books.com\/en\/candida-hofer-ii\/#primaryimage\",\"url\":\"https:\/\/dcv-books.com\/wp-content\/uploads\/2020\/05\/EditionHoefer2.jpg\",\"contentUrl\":\"https:\/\/dcv-books.com\/wp-content\/uploads\/2020\/05\/EditionHoefer2.jpg\",\"width\":1181,\"height\":787,\"caption\":\"Candida H\u00f6fer \u2013\u00a0KUNSTHISTORISCHES INSTITUT BONN I 2020\"},{\"@type\":\"BreadcrumbList\",\"@id\":\"https:\/\/dcv-books.com\/en\/candida-hofer-ii\/#breadcrumb\",\"itemListElement\":[{\"@type\":\"ListItem\",\"position\":1,\"name\":\"Startseite\",\"item\":\"https:\/\/dcv-books.com\/en\/\"},{\"@type\":\"ListItem\",\"position\":2,\"name\":\"Candida H\u00f6fer II\"}]},{\"@type\":\"WebSite\",\"@id\":\"https:\/\/dcv-books.com\/#website\",\"url\":\"https:\/\/dcv-books.com\/\",\"name\":\"DCV\",\"description\":\"Dr. Cantz&#039;sche Verlagsgesellschaft mbH &amp; Co. KG\",\"potentialAction\":[{\"@type\":\"SearchAction\",\"target\":{\"@type\":\"EntryPoint\",\"urlTemplate\":\"https:\/\/dcv-books.com\/?s={search_term_string}\"},\"query-input\":{\"@type\":\"PropertyValueSpecification\",\"valueRequired\":true,\"valueName\":\"search_term_string\"}}],\"inLanguage\":\"en-US\"}]}<\/script>\n<!-- \/ Yoast SEO plugin. -->","yoast_head_json":{"title":"Candida H\u00f6fer II - DCV","description":"Candida H\u00f6fer represented Germany at the 50th Biennale di Venezia alongside Martin Kippenberger. Get your exclusive edition now.","robots":{"index":"index","follow":"follow","max-snippet":"max-snippet:-1","max-image-preview":"max-image-preview:large","max-video-preview":"max-video-preview:-1"},"canonical":"https:\/\/dcv-books.com\/en\/candida-hofer-ii\/","og_locale":"en_US","og_type":"article","og_title":"Candida H\u00f6fer II - DCV","og_description":"Candida H\u00f6fer represented Germany at the 50th Biennale di Venezia alongside Martin Kippenberger. Get your exclusive edition now.","og_url":"https:\/\/dcv-books.com\/en\/candida-hofer-ii\/","og_site_name":"DCV","article_modified_time":"2025-03-13T14:07:29+00:00","og_image":[{"width":1181,"height":787,"url":"https:\/\/dcv-books.com\/wp-content\/uploads\/2020\/05\/EditionHoefer2.jpg","type":"image\/jpeg"}],"twitter_card":"summary_large_image","twitter_misc":{"Est. reading time":"1 minute"},"schema":{"@context":"https:\/\/schema.org","@graph":[{"@type":"WebPage","@id":"https:\/\/dcv-books.com\/en\/candida-hofer-ii\/","url":"https:\/\/dcv-books.com\/en\/candida-hofer-ii\/","name":"Candida H\u00f6fer II - DCV","isPartOf":{"@id":"https:\/\/dcv-books.com\/#website"},"primaryImageOfPage":{"@id":"https:\/\/dcv-books.com\/en\/candida-hofer-ii\/#primaryimage"},"image":{"@id":"https:\/\/dcv-books.com\/en\/candida-hofer-ii\/#primaryimage"},"thumbnailUrl":"https:\/\/dcv-books.com\/wp-content\/uploads\/2020\/05\/EditionHoefer2.jpg","datePublished":"2020-05-19T10:46:38+00:00","dateModified":"2025-03-13T14:07:29+00:00","description":"Candida H\u00f6fer represented Germany at the 50th Biennale di Venezia alongside Martin Kippenberger. Get your exclusive edition now.","breadcrumb":{"@id":"https:\/\/dcv-books.com\/en\/candida-hofer-ii\/#breadcrumb"},"inLanguage":"en-US","potentialAction":[{"@type":"ReadAction","target":["https:\/\/dcv-books.com\/en\/candida-hofer-ii\/"]}]},{"@type":"ImageObject","inLanguage":"en-US","@id":"https:\/\/dcv-books.com\/en\/candida-hofer-ii\/#primaryimage","url":"https:\/\/dcv-books.com\/wp-content\/uploads\/2020\/05\/EditionHoefer2.jpg","contentUrl":"https:\/\/dcv-books.com\/wp-content\/uploads\/2020\/05\/EditionHoefer2.jpg","width":1181,"height":787,"caption":"Candida H\u00f6fer \u2013\u00a0KUNSTHISTORISCHES INSTITUT BONN I 2020"},{"@type":"BreadcrumbList","@id":"https:\/\/dcv-books.com\/en\/candida-hofer-ii\/#breadcrumb","itemListElement":[{"@type":"ListItem","position":1,"name":"Startseite","item":"https:\/\/dcv-books.com\/en\/"},{"@type":"ListItem","position":2,"name":"Candida H\u00f6fer II"}]},{"@type":"WebSite","@id":"https:\/\/dcv-books.com\/#website","url":"https:\/\/dcv-books.com\/","name":"DCV","description":"Dr. Cantz&#039;sche Verlagsgesellschaft mbH &amp; Co. KG","potentialAction":[{"@type":"SearchAction","target":{"@type":"EntryPoint","urlTemplate":"https:\/\/dcv-books.com\/?s={search_term_string}"},"query-input":{"@type":"PropertyValueSpecification","valueRequired":true,"valueName":"search_term_string"}}],"inLanguage":"en-US"}]}},"_links":{"self":[{"href":"https:\/\/dcv-books.com\/en\/wp-json\/wp\/v2\/pages\/12503","targetHints":{"allow":["GET"]}}],"collection":[{"href":"https:\/\/dcv-books.com\/en\/wp-json\/wp\/v2\/pages"}],"about":[{"href":"https:\/\/dcv-books.com\/en\/wp-json\/wp\/v2\/types\/page"}],"author":[{"embeddable":true,"href":"https:\/\/dcv-books.com\/en\/wp-json\/wp\/v2\/users\/3"}],"replies":[{"embeddable":true,"href":"https:\/\/dcv-books.com\/en\/wp-json\/wp\/v2\/comments?post=12503"}],"version-history":[{"count":27,"href":"https:\/\/dcv-books.com\/en\/wp-json\/wp\/v2\/pages\/12503\/revisions"}],"predecessor-version":[{"id":24701,"href":"https:\/\/dcv-books.com\/en\/wp-json\/wp\/v2\/pages\/12503\/revisions\/24701"}],"wp:featuredmedia":[{"embeddable":true,"href":"https:\/\/dcv-books.com\/en\/wp-json\/wp\/v2\/media\/12363"}],"wp:attachment":[{"href":"https:\/\/dcv-books.com\/en\/wp-json\/wp\/v2\/media?parent=12503"}],"curies":[{"name":"wp","href":"https:\/\/api.w.org\/{rel}","templated":true}]}}