{"id":12473,"date":"2020-05-18T22:32:35","date_gmt":"2020-05-18T20:32:35","guid":{"rendered":"https:\/\/dcv-books.com\/?page_id=12473"},"modified":"2023-01-19T17:39:52","modified_gmt":"2023-01-19T16:39:52","slug":"agb","status":"publish","type":"page","link":"https:\/\/dcv-books.com\/en\/agb\/","title":{"rendered":"Terms of service"},"content":{"rendered":"\n<div class=\"wp-block-group\"><div class=\"wp-block-group__inner-container is-layout-flow wp-block-group-is-layout-flow\">\n<p>The general terms and conditions of Dr. Cantz&#8217;sche Verlagsgesellschaft mbH &amp; Co. KG (DCV) as of May 2020:<\/p>\n\n\n\n<p><\/p>\n\n\n\n<p>\u00a7 1 Scope and contractual partners<br>Contracts are concluded exclusively on the basis of these general terms and conditions in the version available on the Internet at the time of the order at www.dcv-books.com. They come about between the customer (hereinafter: customer) and Dr. Cantz&#8217;sche Verlagsgesellschaft DCV (hereinafter: contractor).<\/p>\n\n\n\n<p>\u00a7 2 Registration<br>Orders require the client&#8217;s electronic registration. This must be done using the registration form on the contractor&#8217;s website. The customer must provide the data required for registration completely and truthfully.<\/p>\n\n\n\n<p>Only persons with unlimited legal capacity are entitled to place orders. The contractor can request the client to present a copy of the identity.<\/p>\n\n\n\n<p>\u00a7 3 Conclusion of contract<br>The depiction or description of goods and services on the contractor&#8217;s website does not yet constitute a binding offer or obligation. A binding offer (\u00a7 145 BGB) is only the ordering of the goods or services by the customer, which is triggered by DCV. The acceptance of the contract and the associated conclusion of the contract is carried out by the contractor&#8217;s written order confirmation. The confirmation of receipt of the order, which is automatically sent by email, does not constitute acceptance of the contract.<\/p>\n\n\n\n<p>\u00a7 4 Delivery; shipping<br>Unless otherwise agreed, the contractor delivers to the delivery address specified by the client.<\/p>\n\n\n\n<p>\u00a7 5 Prices; shipping costs<br>Orders are executed at the price valid on the day the order is received. All prices are in euros and include statutory sales taxes. The cost of shipping is not included; the client bears these. Any shipping costs incurred are listed in the description of the goods or services and are shown on the invoice by the contractor. Customs duties for shipping to countries outside the EU have to be borne by the client.<\/p>\n\n\n\n<p>The following applies to editions: You will receive an advance invoice that includes courier costs:<br>Domestic: 30 euros<br>Europe: 60 euros<br>ROW: costs are determined and calculated individually, delivery DAP according to INCOTERMS 2020, costs of customs clearance and import as well as bank fees are borne by the buyer.<\/p>\n\n\n\n<p>We ship after payment against an advance invoice has been made, and the edition has been published.<\/p>\n\n\n\n<p>\u00a7 6 Retention of title<br>The delivered goods remain the property of the contractor until full payment.<\/p>\n\n\n\n<p>\u00a7 7 Terms of payment<br>The purchase price \/ remuneration is due for payment upon conclusion of the contract (GTC \u00a7 3). Payment is made at the customer&#8217;s option using one of the payment methods displayed during the ordering process. Prepayment: If you order in advance, you will receive an advance invoice with our bank details and the purpose of use, which you must specify on your transfer.<\/p>\n\n\n\n<p>\u00a7 8 Right of withdrawal<br>The client, who is a consumer, has a right of withdrawal without giving a reason. In the event of revocation, the customer must bear the costs of the return if the goods delivered correspond to the ordered ones and have no defects. Otherwise the return is free of charge for the client. The revocation is made informally within a period of 14 days from the delivery date by letter or e-mail to DCV, or by returning the goods. After receipt and inspection of the returned goods, DCV reimburses the payments received from the client.<\/p>\n\n\n\n<p>Books are to be returned to our warehouse:<\/p>\n\n\n\n<p>LKG Leipziger Kommissions- und Gro\u00dfbuchhandlungesellschaft mbH<br>Returns DCV<br>An der S\u00fcdspitze 1-12<br>DE-04571 R\u00f6tha<\/p>\n\n\n\n<p>The following applies separately to editions: the return must be sent by courier at the expense of the customer if the delivered goods correspond to those ordered and have no defects. The contractor must inquire about the return address before returning the goods.<\/p>\n\n\n\n<p>More detailed information on the right of cancellation can be found in the cancellation policy at the end of the&nbsp;Terms and Conditions.<\/p>\n\n\n\n<p>\u00a7 9 Offsetting; retention<br>The client may only offset legally established or undisputed claims. He is only entitled to exercise a right of retention if his counterclaim is based on the same contractual relationship.<\/p>\n\n\n\n<p>\u00a7 10 Complaints \/ warranties<br>If the service or the delivered goods are defective, subject to \u00a7 11, the statutory warranty provisions apply.<\/p>\n\n\n\n<p>Obvious defects must be reported in writing within 14 days of receipt of the goods. Otherwise the assertion of warranty claims is excluded.<\/p>\n\n\n\n<p>Deliveries (including data carriers, transferred data) by the client or by a third party engaged by him are not subject to the contractor&#8217;s obligation to check. This does not apply to data that is obviously not processable or unreadable. In the case of data transmissions, the client must use the latest protection programs for computer viruses before sending them. The backup is the sole responsibility of the client. The contractor is entitled to make a copy.<\/p>\n\n\n\n<p>\u00a7 11 Liability<br>The contractor is liable for culpable injury to life, limb or health and for other damage caused intentionally or through gross negligence, even if the breach of duty is based on the culpable behavior of a legal representative or a vicarious agent. The contractor is also liable for slightly negligent breach of essential contractual obligations, including by his legal representatives or vicarious agents. Significant contractual obligations are those whose fulfillment makes the proper execution of the contract possible in the first place, the violation of which jeopardizes the achievement of the purpose of the contract and the compliance of which the customer can trust. Liability in this respect is limited to the foreseeable, contract-typical damage depending on the type of product. The contractor is ultimately liable for fraudulently concealed defects and a guarantee given for the quality of the goods and for claims arising from the Product Liability Act. Otherwise the liability of the contractor is excluded. This also applies to liability for the constant and uninterrupted availability of the online sales system; Data communication via the Internet cannot be guaranteed to be error-free and \/ or available at all times, even according to the current state of the art.<\/p>\n\n\n\n<p>\u00a7 12 Limitation<br>Claims of the customer under warranty become statute-barred subject to \u00a7\u00a7 444, 639 BGB in two years, starting with the delivery of the goods. Claims for damages due to defects are limited to one year, starting with the delivery of the goods, unless they give rise to liability in accordance with section 11 subsections 1 to 3. Section 11 subsections 1 to 3 are subject to statutory limitation. Other claims for damages expire after two years. The start of the limitation period is based on the statutory provisions.<\/p>\n\n\n\n<p>\u00a7 13 Data release; archiving<br>Data, data carriers and similar materials transmitted to the contractor for the execution of the order will not be returned, but will be destroyed after fulfillment of the contract, unless the client agrees with the contractor to archive them in accordance with Paragraph 2 or expressly expresses the wish to return the goods. In this case, the cost of the return shipment is borne by the customer.<br>The transmitted data, data carriers and similar materials will only be archived by the contractor after express agreement and against special remuneration beyond the time of delivery of the end product to the client or his vicarious agents. If the aforementioned materials are to be insured, the client must do this himself if there is no agreement.<\/p>\n\n\n\n<p>\u00a7 14 Industrial property rights \/ copyrights<br>The client is solely liable if the execution of his order violates the rights of third parties, in particular copyright, trademark or patent rights and the like. In such cases, the client must release the contractor from all claims by third parties due to such violations.<\/p>\n\n\n\n<p>\u00a7 15 Data protection<br>All personal data provided by the client (title, name, address, date of birth, email address, telephone number, bank details, credit card number) are collected, processed and stored by the contractor exclusively in accordance with the provisions of German data protection law.<br>The customer&#8217;s personal data, which are necessary for the establishment, content or modification of the contractual relationship, are collected and used &#8211; for example for the delivery of goods to the address specified by the customer &#8211; exclusively for the execution of the contracts concluded with the contractor and may be used for further purposes within the customer relationship, unless the client objects. In addition, such personal data of the client are collected and used, which are necessary in order to enable and bill for the use of the offers of the contractor. The latter include in particular the features for identification as a user, information about the start and end as well as the scope of the respective use and information about the telemedia used by the client.<\/p>\n\n\n\n<p>\u00a7 16 Applicable Law; place of jurisdiction; final determination<br>The law of the Federal Republic of Germany applies, excluding the UN sales law. Mandatory provisions of the state in which the client is habitually resident remain unaffected.<br>If the client is a merchant, a legal entity under public law or a special fund under public law, the place of jurisdiction for all disputes is the contractor&#8217;s registered office in Esslingen. The court at the contractor&#8217;s registered office is also responsible if the client is a consumer and relocates his domicile or usual place of residence abroad after the conclusion of the contract or if the domicile or usual place of residence is unknown at the time the action is brought. In addition, the statutory provisions apply.<br>Should individual provisions of these general terms and conditions be ineffective, this does not change the effectiveness of the contract.<\/p>\n\n\n\n<p>Right of withdrawal<\/p>\n\n\n\n<p>Customer information and cancellation policy<br>If you order goods on our website, we would like to draw your attention to the following:<br>The essential features of the goods we offer and the period of validity of limited offers can be found in the individual product descriptions on our website.<br>The presentation of our goods does not constitute a binding offer. Only the order of a product by you is a binding offer according to \u00a7 145 BGB. The receipt of your order is automatically confirmed by email. If your offer is accepted, we will send you a written order confirmation. This concludes the contract between you and us.<br>You can recognize any input errors when placing your order in the final confirmation before the checkout and correct it at any time using the delete and change function before sending the order.<br>The prices given by us are final prices including taxes. Not included are the shipping costs to be borne by you, which are listed in the description of the goods or services. Section 5 of the General Terms and Conditions contains detailed information.<br>The purchase price \/ remuneration is due upon conclusion of the contract. The payment of the goods takes place at your choice by PayPal, direct transfer or invoice.<br>In the event that you are a consumer, you have a right of withdrawal:<\/p>\n\n\n\n<p>Right of cancellation<\/p>\n\n\n\n<p>You can cancel your contract declaration within 14 days without giving reasons in text form (e.g. letter, fax, e-mail) or &#8211; if the matter is left to you before the deadline &#8211; by returning the item. The period begins after receipt of this instruction in text form, however not before receipt of the goods by the recipient (in the case of the recurring delivery of similar goods not before receipt of the first partial delivery) and also not before fulfillment of our information obligations in accordance with Article 246 \u00a7 2 in conjunction with \u00a7 1 para 1 and 2 EGBGB as well as our obligations according to \u00a7 312e Paragraph 1 Clause 1 BGB in conjunction with Article 246 \u00a7 3 EGBGB. To meet the cancellation deadline, it is sufficient to send the cancellation or the item in good time. The revocation must be sent to:<\/p>\n\n\n\n<p>Dr. Cantz&#8217;sche Verlagsgesellschaft mbH &amp; Co. KG<br>Sales<br>Prinz-Eugen-Stra\u00dfe 17A<br>13347 Berlin <br>sa&#108;&#101;&#115;&#x40;&#x64;&#x63;&#x76;&#x2d;bo&#111;&#107;&#46;&#x63;&#x6f;&#x6d;<\/p>\n\n\n\n<p>The right of withdrawal does not exist if the contractor has to deliver goods that have been made according to the specification of the client or are tailored to his personal needs or goods that are unsuitable for the return due to their nature, can spoil quickly or their expiry date has passed would.<\/p>\n<\/div><\/div>\n\n\n\n<p>Consequences of withdrawal<br>In the event of an effective cancellation, the services received on both sides must be returned and any benefits drawn (e.g. interest) surrendered. If you cannot return the received performance to us in whole or in part or only in a deteriorated condition, you may have to compensate us in this respect. This does not apply to the surrender of goods if the deterioration of the goods can only be attributed to their inspection &#8211; as you would have been able to do in a shop. For the rest, you can avoid the obligation to compensate for any deterioration caused by the intended use of the item by not using the item as your property and refraining from doing anything that could impair its value. Transportable items are to be returned at our risk. You have to bear the costs of the return if the delivered goods correspond to the ordered ones. Otherwise, the return is free of charge. Editions are to be returned by courier at your own expense if the delivered goods correspond to the ordered ones and show no defects. Obligations to reimburse payments must be fulfilled within 30 days. The period begins for you when you send your cancellation or the goods, for us with their receipt.<br><\/p>\n\n\n\n<p>End of revocation<br><\/p>\n\n\n\n<p>The data required for the execution of the contract between you and us is stored by us and is accessible to you at any time. In this regard, we refer to the regulation of data protection in our Terms and Conditions.<br><\/p>\n\n\n\n<p>For the rest, we refer to our general Terms and Conditions.<\/p>\n","protected":false},"excerpt":{"rendered":"<p>The general terms and conditions of Dr. Cantz&#8217;sche Verlagsgesellschaft mbH &amp; Co. KG (DCV) as of May 2020: \u00a7 1 Scope and contractual partnersContracts are concluded exclusively on the basis of these general terms and conditions in the version available on the Internet at the time of the order at www.dcv-books.com. They come about between <a href=\"https:\/\/dcv-books.com\/en\/agb\/\" class=\"more-link\">&#8230;<\/a><\/p>\n","protected":false},"author":3,"featured_media":0,"parent":0,"menu_order":0,"comment_status":"closed","ping_status":"closed","template":"","meta":{"_acf_changed":false,"footnotes":""},"class_list":["post-12473","page","type-page","status-publish","hentry"],"acf":[],"yoast_head":"<!-- This site is optimized with the Yoast SEO plugin v27.5 - https:\/\/yoast.com\/product\/yoast-seo-wordpress\/ -->\n<title>Terms of service - DCV<\/title>\n<meta name=\"robots\" content=\"index, follow, max-snippet:-1, max-image-preview:large, max-video-preview:-1\" \/>\n<link rel=\"canonical\" href=\"https:\/\/dcv-books.com\/en\/agb\/\" \/>\n<meta property=\"og:locale\" content=\"en_US\" \/>\n<meta property=\"og:type\" content=\"article\" \/>\n<meta property=\"og:title\" content=\"Terms of service - DCV\" \/>\n<meta property=\"og:description\" content=\"The general terms and conditions of Dr. Cantz&#8217;sche Verlagsgesellschaft mbH &amp; Co. KG (DCV) as of May 2020: \u00a7 1 Scope and contractual partnersContracts are concluded exclusively on the basis of these general terms and conditions in the version available on the Internet at the time of the order at www.dcv-books.com. They come about between ...\" \/>\n<meta property=\"og:url\" content=\"https:\/\/dcv-books.com\/en\/agb\/\" \/>\n<meta property=\"og:site_name\" content=\"DCV\" \/>\n<meta property=\"article:modified_time\" content=\"2023-01-19T16:39:52+00:00\" \/>\n<meta name=\"twitter:card\" content=\"summary_large_image\" \/>\n<meta name=\"twitter:label1\" content=\"Est. reading time\" \/>\n\t<meta name=\"twitter:data1\" content=\"13 minutes\" \/>\n<script type=\"application\/ld+json\" class=\"yoast-schema-graph\">{\"@context\":\"https:\\\/\\\/schema.org\",\"@graph\":[{\"@type\":\"WebPage\",\"@id\":\"https:\\\/\\\/dcv-books.com\\\/en\\\/agb\\\/\",\"url\":\"https:\\\/\\\/dcv-books.com\\\/en\\\/agb\\\/\",\"name\":\"Terms of service - DCV\",\"isPartOf\":{\"@id\":\"https:\\\/\\\/dcv-books.com\\\/#website\"},\"datePublished\":\"2020-05-18T20:32:35+00:00\",\"dateModified\":\"2023-01-19T16:39:52+00:00\",\"breadcrumb\":{\"@id\":\"https:\\\/\\\/dcv-books.com\\\/en\\\/agb\\\/#breadcrumb\"},\"inLanguage\":\"en-US\",\"potentialAction\":[{\"@type\":\"ReadAction\",\"target\":[\"https:\\\/\\\/dcv-books.com\\\/en\\\/agb\\\/\"]}]},{\"@type\":\"BreadcrumbList\",\"@id\":\"https:\\\/\\\/dcv-books.com\\\/en\\\/agb\\\/#breadcrumb\",\"itemListElement\":[{\"@type\":\"ListItem\",\"position\":1,\"name\":\"Startseite\",\"item\":\"https:\\\/\\\/dcv-books.com\\\/en\\\/\"},{\"@type\":\"ListItem\",\"position\":2,\"name\":\"Terms of service\"}]},{\"@type\":\"WebSite\",\"@id\":\"https:\\\/\\\/dcv-books.com\\\/#website\",\"url\":\"https:\\\/\\\/dcv-books.com\\\/\",\"name\":\"DCV\",\"description\":\"Dr. Cantz&#039;sche Verlagsgesellschaft mbH &amp; Co. KG\",\"potentialAction\":[{\"@type\":\"SearchAction\",\"target\":{\"@type\":\"EntryPoint\",\"urlTemplate\":\"https:\\\/\\\/dcv-books.com\\\/?s={search_term_string}\"},\"query-input\":{\"@type\":\"PropertyValueSpecification\",\"valueRequired\":true,\"valueName\":\"search_term_string\"}}],\"inLanguage\":\"en-US\"}]}<\/script>\n<!-- \/ Yoast SEO plugin. -->","yoast_head_json":{"title":"Terms of service - DCV","robots":{"index":"index","follow":"follow","max-snippet":"max-snippet:-1","max-image-preview":"max-image-preview:large","max-video-preview":"max-video-preview:-1"},"canonical":"https:\/\/dcv-books.com\/en\/agb\/","og_locale":"en_US","og_type":"article","og_title":"Terms of service - DCV","og_description":"The general terms and conditions of Dr. Cantz&#8217;sche Verlagsgesellschaft mbH &amp; Co. KG (DCV) as of May 2020: \u00a7 1 Scope and contractual partnersContracts are concluded exclusively on the basis of these general terms and conditions in the version available on the Internet at the time of the order at www.dcv-books.com. They come about between ...","og_url":"https:\/\/dcv-books.com\/en\/agb\/","og_site_name":"DCV","article_modified_time":"2023-01-19T16:39:52+00:00","twitter_card":"summary_large_image","twitter_misc":{"Est. reading time":"13 minutes"},"schema":{"@context":"https:\/\/schema.org","@graph":[{"@type":"WebPage","@id":"https:\/\/dcv-books.com\/en\/agb\/","url":"https:\/\/dcv-books.com\/en\/agb\/","name":"Terms of service - DCV","isPartOf":{"@id":"https:\/\/dcv-books.com\/#website"},"datePublished":"2020-05-18T20:32:35+00:00","dateModified":"2023-01-19T16:39:52+00:00","breadcrumb":{"@id":"https:\/\/dcv-books.com\/en\/agb\/#breadcrumb"},"inLanguage":"en-US","potentialAction":[{"@type":"ReadAction","target":["https:\/\/dcv-books.com\/en\/agb\/"]}]},{"@type":"BreadcrumbList","@id":"https:\/\/dcv-books.com\/en\/agb\/#breadcrumb","itemListElement":[{"@type":"ListItem","position":1,"name":"Startseite","item":"https:\/\/dcv-books.com\/en\/"},{"@type":"ListItem","position":2,"name":"Terms of service"}]},{"@type":"WebSite","@id":"https:\/\/dcv-books.com\/#website","url":"https:\/\/dcv-books.com\/","name":"DCV","description":"Dr. Cantz&#039;sche Verlagsgesellschaft mbH &amp; Co. KG","potentialAction":[{"@type":"SearchAction","target":{"@type":"EntryPoint","urlTemplate":"https:\/\/dcv-books.com\/?s={search_term_string}"},"query-input":{"@type":"PropertyValueSpecification","valueRequired":true,"valueName":"search_term_string"}}],"inLanguage":"en-US"}]}},"_links":{"self":[{"href":"https:\/\/dcv-books.com\/en\/wp-json\/wp\/v2\/pages\/12473","targetHints":{"allow":["GET"]}}],"collection":[{"href":"https:\/\/dcv-books.com\/en\/wp-json\/wp\/v2\/pages"}],"about":[{"href":"https:\/\/dcv-books.com\/en\/wp-json\/wp\/v2\/types\/page"}],"author":[{"embeddable":true,"href":"https:\/\/dcv-books.com\/en\/wp-json\/wp\/v2\/users\/3"}],"replies":[{"embeddable":true,"href":"https:\/\/dcv-books.com\/en\/wp-json\/wp\/v2\/comments?post=12473"}],"version-history":[{"count":3,"href":"https:\/\/dcv-books.com\/en\/wp-json\/wp\/v2\/pages\/12473\/revisions"}],"predecessor-version":[{"id":19102,"href":"https:\/\/dcv-books.com\/en\/wp-json\/wp\/v2\/pages\/12473\/revisions\/19102"}],"wp:attachment":[{"href":"https:\/\/dcv-books.com\/en\/wp-json\/wp\/v2\/media?parent=12473"}],"curies":[{"name":"wp","href":"https:\/\/api.w.org\/{rel}","templated":true}]}}