{"id":12468,"date":"2020-05-18T22:11:13","date_gmt":"2020-05-18T20:11:13","guid":{"rendered":"https:\/\/dcv-books.com\/?page_id=12468"},"modified":"2022-10-12T17:20:22","modified_gmt":"2022-10-12T15:20:22","slug":"impressum-2","status":"publish","type":"page","link":"https:\/\/dcv-books.com\/en\/impressum-2\/","title":{"rendered":"Impressum"},"content":{"rendered":"\n<p><\/p>\n\n\n\n<div class=\"wp-block-columns is-layout-flex wp-container-core-columns-is-layout-9d6595d7 wp-block-columns-is-layout-flex\">\n<div class=\"wp-block-column is-layout-flow wp-block-column-is-layout-flow\">\n<p>Dr. Cantz&#8217;sche Verlagsgesellschaft<br>mbH &amp; Co. KG<\/p>\n\n\n\n<p>Prinz-Eugen-Stra\u00dfe 17A<br>13347 Berlin | Germany<\/p>\n\n\n\n<p><a href=\"mailto&#58;&#105;&#110;&#102;&#111;&#64;&#100;&#x63;&#x76;&#x2d;&#x62;&#x6f;&#x6f;&#x6b;&#x73;&#x2e;&#x63;&#x6f;&#x6d;\">i&#110;&#x66;&#x6f;&#64;&#100;&#99;&#x76;&#x2d;b&#111;&#111;&#x6b;&#x73;&#46;&#99;&#x6f;&#x6d;<\/a><br><a href=\"http:\/\/www.dcv-books.com\">www.dcv-books.com<\/a><\/p>\n<\/div>\n\n\n\n<div class=\"wp-block-column is-layout-flow wp-block-column-is-layout-flow\">\n<div class=\"wp-block-group\"><div class=\"wp-block-group__inner-container is-layout-flow wp-block-group-is-layout-flow\">\n<p>Verantwortlich i.s.d. \u00a7 5 TMG: Uta Grosenick, Martin Holz<br>Verkehrsnummer 14723<br>UST-ID DE 326219648<br>Steuernummer 1130\/14650068<br>Amtsgericht Charlottenburg HRA 59042 B<br>Gesch\u00e4ftsf\u00fchrer: Uta Grosenick, Martin Holz<\/p>\n\n\n\n<p>Alternative Streitbeteiligung gem\u00e4\u00df Art. 14 Abs. 1 ODR-VO und \u00a736 VSBG:<br>Die Europ\u00e4ische Kommission stellt eine Plattform zur Online-Streitbeilegung (OS) bereit, die Sie unter https:\/\/ec.europa.eu\/consumers\/odr finden. Zur Teilnahme an einem Streitbeilegungsverfahren vor einer Verbraucherschlichtungsstelle sind wir nicht verpflichtet und nicht bereit.<\/p>\n\n\n\n<p><\/p>\n\n\n\n<p>Design: Heimann + Schwantes<br><a href=\"http:\/\/www.heimannundschwantes.de\">www.heimannundschwantes.de<\/a><\/p>\n<\/div><\/div>\n<\/div>\n<\/div>\n","protected":false},"excerpt":{"rendered":"<p>Dr. Cantz&#8217;sche VerlagsgesellschaftmbH &amp; Co. KG Prinz-Eugen-Stra\u00dfe 17A13347 Berlin | Germany info&#64;dcv-boo&#107;&#115;&#46;&#99;&#111;&#109;www.dcv-books.com Verantwortlich i.s.d. \u00a7 5 TMG: Uta Grosenick, Martin HolzVerkehrsnummer 14723UST-ID DE 326219648Steuernummer 1130\/14650068Amtsgericht Charlottenburg HRA 59042 BGesch\u00e4ftsf\u00fchrer: Uta Grosenick, Martin Holz Alternative Streitbeteiligung gem\u00e4\u00df Art. 14 Abs. 1 ODR-VO und \u00a736 VSBG:Die Europ\u00e4ische Kommission stellt eine Plattform zur Online-Streitbeilegung (OS) bereit, die Sie <a href=\"https:\/\/dcv-books.com\/en\/impressum-2\/\" class=\"more-link\">&#8230;<\/a><\/p>\n","protected":false},"author":3,"featured_media":0,"parent":0,"menu_order":0,"comment_status":"closed","ping_status":"closed","template":"","meta":{"_acf_changed":false,"footnotes":""},"class_list":["post-12468","page","type-page","status-publish","hentry"],"acf":[],"yoast_head":"<!-- This site is optimized with the Yoast SEO plugin v27.1.1 - https:\/\/yoast.com\/product\/yoast-seo-wordpress\/ -->\n<title>Impressum - DCV<\/title>\n<meta name=\"robots\" content=\"index, follow, max-snippet:-1, max-image-preview:large, max-video-preview:-1\" \/>\n<link rel=\"canonical\" href=\"https:\/\/dcv-books.com\/en\/impressum-2\/\" \/>\n<meta property=\"og:locale\" content=\"en_US\" \/>\n<meta property=\"og:type\" content=\"article\" \/>\n<meta property=\"og:title\" content=\"Impressum - DCV\" \/>\n<meta property=\"og:description\" content=\"Dr. Cantz&#8217;sche VerlagsgesellschaftmbH &amp; Co. KG Prinz-Eugen-Stra\u00dfe 17A13347 Berlin | Germany &#x69;&#x6e;&#x66;&#x6f;&#x40;&#x64;&#x63;&#x76;&#x2d;&#x62;&#x6f;&#x6f;&#x6b;&#x73;&#x2e;&#x63;&#x6f;&#x6d;www.dcv-books.com Verantwortlich i.s.d. \u00a7 5 TMG: Uta Grosenick, Martin HolzVerkehrsnummer 14723UST-ID DE 326219648Steuernummer 1130\/14650068Amtsgericht Charlottenburg HRA 59042 BGesch\u00e4ftsf\u00fchrer: Uta Grosenick, Martin Holz Alternative Streitbeteiligung gem\u00e4\u00df Art. 14 Abs. 1 ODR-VO und \u00a736 VSBG:Die Europ\u00e4ische Kommission stellt eine Plattform zur Online-Streitbeilegung (OS) bereit, die Sie ...\" \/>\n<meta property=\"og:url\" content=\"https:\/\/dcv-books.com\/en\/impressum-2\/\" \/>\n<meta property=\"og:site_name\" content=\"DCV\" \/>\n<meta property=\"article:modified_time\" content=\"2022-10-12T15:20:22+00:00\" \/>\n<meta name=\"twitter:card\" content=\"summary_large_image\" \/>\n<meta name=\"twitter:label1\" content=\"Est. reading time\" \/>\n\t<meta name=\"twitter:data1\" content=\"1 minute\" \/>\n<script type=\"application\/ld+json\" class=\"yoast-schema-graph\">{\"@context\":\"https:\/\/schema.org\",\"@graph\":[{\"@type\":\"WebPage\",\"@id\":\"https:\/\/dcv-books.com\/en\/impressum-2\/\",\"url\":\"https:\/\/dcv-books.com\/en\/impressum-2\/\",\"name\":\"Impressum - DCV\",\"isPartOf\":{\"@id\":\"https:\/\/dcv-books.com\/#website\"},\"datePublished\":\"2020-05-18T20:11:13+00:00\",\"dateModified\":\"2022-10-12T15:20:22+00:00\",\"breadcrumb\":{\"@id\":\"https:\/\/dcv-books.com\/en\/impressum-2\/#breadcrumb\"},\"inLanguage\":\"en-US\",\"potentialAction\":[{\"@type\":\"ReadAction\",\"target\":[\"https:\/\/dcv-books.com\/en\/impressum-2\/\"]}]},{\"@type\":\"BreadcrumbList\",\"@id\":\"https:\/\/dcv-books.com\/en\/impressum-2\/#breadcrumb\",\"itemListElement\":[{\"@type\":\"ListItem\",\"position\":1,\"name\":\"Startseite\",\"item\":\"https:\/\/dcv-books.com\/en\/\"},{\"@type\":\"ListItem\",\"position\":2,\"name\":\"Impressum\"}]},{\"@type\":\"WebSite\",\"@id\":\"https:\/\/dcv-books.com\/#website\",\"url\":\"https:\/\/dcv-books.com\/\",\"name\":\"DCV\",\"description\":\"Dr. Cantz&#039;sche Verlagsgesellschaft mbH &amp; Co. KG\",\"potentialAction\":[{\"@type\":\"SearchAction\",\"target\":{\"@type\":\"EntryPoint\",\"urlTemplate\":\"https:\/\/dcv-books.com\/?s={search_term_string}\"},\"query-input\":{\"@type\":\"PropertyValueSpecification\",\"valueRequired\":true,\"valueName\":\"search_term_string\"}}],\"inLanguage\":\"en-US\"}]}<\/script>\n<!-- \/ Yoast SEO plugin. -->","yoast_head_json":{"title":"Impressum - DCV","robots":{"index":"index","follow":"follow","max-snippet":"max-snippet:-1","max-image-preview":"max-image-preview:large","max-video-preview":"max-video-preview:-1"},"canonical":"https:\/\/dcv-books.com\/en\/impressum-2\/","og_locale":"en_US","og_type":"article","og_title":"Impressum - DCV","og_description":"Dr. Cantz&#8217;sche VerlagsgesellschaftmbH &amp; Co. KG Prinz-Eugen-Stra\u00dfe 17A13347 Berlin | Germany &#x69;&#x6e;&#x66;&#x6f;&#x40;&#x64;&#x63;&#x76;&#x2d;&#x62;&#x6f;&#x6f;&#x6b;&#x73;&#x2e;&#x63;&#x6f;&#x6d;www.dcv-books.com Verantwortlich i.s.d. \u00a7 5 TMG: Uta Grosenick, Martin HolzVerkehrsnummer 14723UST-ID DE 326219648Steuernummer 1130\/14650068Amtsgericht Charlottenburg HRA 59042 BGesch\u00e4ftsf\u00fchrer: Uta Grosenick, Martin Holz Alternative Streitbeteiligung gem\u00e4\u00df Art. 14 Abs. 1 ODR-VO und \u00a736 VSBG:Die Europ\u00e4ische Kommission stellt eine Plattform zur Online-Streitbeilegung (OS) bereit, die Sie ...","og_url":"https:\/\/dcv-books.com\/en\/impressum-2\/","og_site_name":"DCV","article_modified_time":"2022-10-12T15:20:22+00:00","twitter_card":"summary_large_image","twitter_misc":{"Est. reading time":"1 minute"},"schema":{"@context":"https:\/\/schema.org","@graph":[{"@type":"WebPage","@id":"https:\/\/dcv-books.com\/en\/impressum-2\/","url":"https:\/\/dcv-books.com\/en\/impressum-2\/","name":"Impressum - DCV","isPartOf":{"@id":"https:\/\/dcv-books.com\/#website"},"datePublished":"2020-05-18T20:11:13+00:00","dateModified":"2022-10-12T15:20:22+00:00","breadcrumb":{"@id":"https:\/\/dcv-books.com\/en\/impressum-2\/#breadcrumb"},"inLanguage":"en-US","potentialAction":[{"@type":"ReadAction","target":["https:\/\/dcv-books.com\/en\/impressum-2\/"]}]},{"@type":"BreadcrumbList","@id":"https:\/\/dcv-books.com\/en\/impressum-2\/#breadcrumb","itemListElement":[{"@type":"ListItem","position":1,"name":"Startseite","item":"https:\/\/dcv-books.com\/en\/"},{"@type":"ListItem","position":2,"name":"Impressum"}]},{"@type":"WebSite","@id":"https:\/\/dcv-books.com\/#website","url":"https:\/\/dcv-books.com\/","name":"DCV","description":"Dr. Cantz&#039;sche Verlagsgesellschaft mbH &amp; Co. KG","potentialAction":[{"@type":"SearchAction","target":{"@type":"EntryPoint","urlTemplate":"https:\/\/dcv-books.com\/?s={search_term_string}"},"query-input":{"@type":"PropertyValueSpecification","valueRequired":true,"valueName":"search_term_string"}}],"inLanguage":"en-US"}]}},"_links":{"self":[{"href":"https:\/\/dcv-books.com\/en\/wp-json\/wp\/v2\/pages\/12468","targetHints":{"allow":["GET"]}}],"collection":[{"href":"https:\/\/dcv-books.com\/en\/wp-json\/wp\/v2\/pages"}],"about":[{"href":"https:\/\/dcv-books.com\/en\/wp-json\/wp\/v2\/types\/page"}],"author":[{"embeddable":true,"href":"https:\/\/dcv-books.com\/en\/wp-json\/wp\/v2\/users\/3"}],"replies":[{"embeddable":true,"href":"https:\/\/dcv-books.com\/en\/wp-json\/wp\/v2\/comments?post=12468"}],"version-history":[{"count":5,"href":"https:\/\/dcv-books.com\/en\/wp-json\/wp\/v2\/pages\/12468\/revisions"}],"predecessor-version":[{"id":18553,"href":"https:\/\/dcv-books.com\/en\/wp-json\/wp\/v2\/pages\/12468\/revisions\/18553"}],"wp:attachment":[{"href":"https:\/\/dcv-books.com\/en\/wp-json\/wp\/v2\/media?parent=12468"}],"curies":[{"name":"wp","href":"https:\/\/api.w.org\/{rel}","templated":true}]}}